{"id":10112,"date":"2024-10-24T20:45:21","date_gmt":"2024-10-24T20:45:21","guid":{"rendered":"https:\/\/llproducts1.wpenginepowered.com\/cs-cz\/?page_id=10112"},"modified":"2026-04-16T17:33:31","modified_gmt":"2026-04-16T17:33:31","slug":"ll-bond","status":"publish","type":"page","link":"https:\/\/www.llproducts.com\/cs-cz\/produkty-a-reseni\/ll-products-solutions-offerings\/ll-bond\/","title":{"rendered":"L&amp;L Bond"},"content":{"rendered":"<div class=\"et_pb_section_0 et_pb_section et_section_regular et_block_section\"><div class=\"et_pb_row_0 et_pb_row et_pb_gutters1 et_block_row inner-title-row\"><div class=\"et_pb_column_0 et_pb_column et_pb_column_2_3 et_block_column et_pb_css_mix_blend_mode_passthrough\"><div class=\"et_pb_image_0 et_pb_image et_pb_module et_block_module\"><span class=\"et_pb_image_wrap\"><img decoding=\"async\" data-src=\"https:\/\/www.llproducts.com\/cs-cz\/wp-content\/uploads\/sites\/17\/2025\/05\/LL-Bond-Header-Photo.png\" width=\"1920\" height=\"1080\" data-srcset=\"https:\/\/www.llproducts.com\/cs-cz\/wp-content\/uploads\/sites\/17\/2025\/05\/LL-Bond-Header-Photo.png 1920w, https:\/\/www.llproducts.com\/cs-cz\/wp-content\/uploads\/sites\/17\/2025\/05\/LL-Bond-Header-Photo-1280x720.png 1280w, https:\/\/www.llproducts.com\/cs-cz\/wp-content\/uploads\/sites\/17\/2025\/05\/LL-Bond-Header-Photo-980x551.png 980w, https:\/\/www.llproducts.com\/cs-cz\/wp-content\/uploads\/sites\/17\/2025\/05\/LL-Bond-Header-Photo-480x270.png 480w\" data-sizes=\"auto\" class=\"wp-image-12953 lazyload\" title=\"LL Bond Header Photo\" src=\"data:image\/svg+xml;base64,PHN2ZyB3aWR0aD0iMSIgaGVpZ2h0PSIxIiB4bWxucz0iaHR0cDovL3d3dy53My5vcmcvMjAwMC9zdmciPjwvc3ZnPg==\" style=\"--smush-placeholder-width: 1920px; --smush-placeholder-aspect-ratio: 1920\/1080;\" data-original-sizes=\"(min-width: 0px) and (max-width: 480px) 480px, (min-width: 481px) and (max-width: 980px) 980px, (min-width: 981px) and (max-width: 1280px) 1280px, (min-width: 1281px) 1920px, 100vw\" \/><\/span><\/div><\/div><div class=\"et_pb_column_1 et_pb_column et_pb_column_1_3 et-last-child et_block_column et_pb_css_mix_blend_mode_passthrough et_animated inner-title-col alt-title-col\"><div class=\"et_pb_text_0 et_pb_text et_pb_bg_layout_dark et_pb_module et_block_module\"><div class=\"et_pb_text_inner\"><p>L&amp;L BOND<\/p>\n<\/div><\/div><div class=\"et_pb_text_1 et_pb_text et_pb_bg_layout_dark et_pb_module et_block_module inner-title-2\"><div class=\"et_pb_text_inner\"><h1>Siln\u011bj\u0161\u00ed vazba,<br \/>\nosv\u011bd\u010den\u00e1 \u0159e\u0161en\u00ed<\/h1>\n<\/div><\/div><div class=\"et_pb_text_2 et_pb_text et_pb_bg_layout_dark et_pb_module et_block_module\"><div class=\"et_pb_text_inner\"><p>Spole\u010dnost L&amp;L Products vyv\u00edj\u00ed \u0161irokou \u0161k\u00e1lu lepic\u00edch technologi\u00ed, kter\u00e9 jsou navr\u017eeny tak, aby vytv\u00e1\u0159ely vysokopevnostn\u00ed spoje a zlep\u0161ovaly celkov\u00fd v\u00fdkon a z\u00e1rove\u0148 pom\u00e1haly p\u0159edch\u00e1zet galvanick\u00e9 korozi, zlep\u0161ovaly \u017eivotnost a zvy\u0161ovaly bezpe\u010dnost a efektivitu pracovn\u00edk\u016f.<\/p>\n<\/div><\/div><\/div><\/div><div class=\"et_pb_row_1 et_pb_row et_block_row\"><div class=\"et_pb_column_2 et_pb_column et_pb_column_4_4 et-last-child et_block_column et_pb_css_mix_blend_mode_passthrough\"><div class=\"et_pb_sidebar_0 et_pb_widget_area clearfix et_pb_widget_area_left et_pb_bg_layout_light et_pb_sidebar_no_border et_pb_module et_block_module breadcrumbs\"><div id=\"block-10\" class=\"et_pb_widget widget_block\"><div class=\"yoast-breadcrumbs\"><span><span><a href=\"https:\/\/www.llproducts.com\/cs-cz\/\">Home<\/a><\/span> <span aria-hidden=\"true\" data-icon=\"\ue93c\" class=\"icomoon icon-chevron-right\"><\/span> <span><a href=\"https:\/\/www.llproducts.com\/cs-cz\/produkty-a-reseni\/\">Produkty a \u0159e\u0161en\u00ed<\/a><\/span> <span aria-hidden=\"true\" data-icon=\"\ue93c\" class=\"icomoon icon-chevron-right\"><\/span> <span><a href=\"https:\/\/www.llproducts.com\/cs-cz\/produkty-a-reseni\/ll-products-solutions-offerings\/\">L&#038;L Products Solutions<\/a><\/span> <span aria-hidden=\"true\" data-icon=\"\ue93c\" class=\"icomoon icon-chevron-right\"><\/span> <span class=\"breadcrumb_last\" aria-current=\"page\">L&amp;L Bond<\/span><\/span><\/div><\/div><\/div><\/div><\/div><div class=\"et_pb_row_2 et_pb_row et_pb_equal_columns et_pb_gutters2 et_block_row\"><div class=\"et_pb_column_3 et_pb_column et_pb_column_1_2 et_block_column et_pb_css_mix_blend_mode_passthrough\"><div class=\"et_pb_text_3 et_pb_text et_pb_bg_layout_light et_pb_module et_block_module\"><div class=\"et_pb_text_inner\"><h1>L&amp;L Bond<\/h1>\n<h3><span>Inovativn\u00ed lepidla, d\u00edky nim\u017e jsou konstrukce leh\u010d\u00ed a pevn\u011bj\u0161\u00ed.<\/span><\/h3>\n<\/div><\/div><div class=\"et_pb_text_4 et_pb_text et_pb_bg_layout_light et_pb_module et_block_module\"><div class=\"et_pb_text_inner\"><p>Od 90. let minul\u00e9ho stolet\u00ed dod\u00e1v\u00e1 spole\u010dnost L&amp;L tepeln\u011b aktivovan\u00e1 lepidla, kter\u00e1 nahrazuj\u00ed a roz\u0161i\u0159uj\u00ed metody sva\u0159ov\u00e1n\u00ed, p\u00e1jen\u00ed a mechanick\u00e9ho spojov\u00e1n\u00ed v automobilov\u00e9m pr\u016fmyslu. Od t\u00e9 doby vyu\u017e\u00edv\u00e1me sv\u00e9 odborn\u00e9 znalosti v oblasti adhezn\u00ed technologie a roz\u0161i\u0159ujeme nab\u00eddku \u0159e\u0161en\u00ed o lepidla vytvrzovan\u00e1 v prost\u0159ed\u00ed a pokro\u010dil\u00e1 kompozitn\u00ed lepidla, kter\u00e1 slou\u017e\u00ed i jin\u00fdm odv\u011btv\u00edm ne\u017e jen automobilov\u00e9mu pr\u016fmyslu.<\/p>\n<\/div><\/div><\/div><div class=\"et_pb_column_4 et_pb_column et_pb_column_1_2 et-last-child et_block_column et_pb_css_mix_blend_mode_passthrough et_animated\"><div class=\"et_pb_code_0 et_pb_code et_pb_text_align_center et_pb_module\"><div class=\"et_pb_code_inner\"><span style=\"font-size: 36px; color: #ffffff;\" aria-hidden=\"true\" data-icon=\"\ue7d7\" class=\"iconmoon icon-bubbles\"><\/span><\/div><\/div><div class=\"et_pb_text_5 et_pb_text et_pb_bg_layout_dark et_pb_module et_block_module et_pb_text_align_center\"><div class=\"et_pb_text_inner\"><h2 class=\"no-dot\">Kontaktujte n\u00e1s!<\/h2>\n<\/div><\/div><div class=\"et_pb_text_6 et_pb_text et_pb_bg_layout_dark et_pb_module et_block_module et_pb_text_align_center\"><div class=\"et_pb_text_inner\"><p>Zaj\u00edmaj\u00ed v\u00e1s na\u0161e t\u011bsnic\u00ed \u0159e\u0161en\u00ed? T\u011b\u0161\u00edme se na rozhovor!<\/p>\n<\/div><\/div><div class=\"et_pb_module et_pb_button_module_wrapper et_pb_button_0_wrapper\"><a class=\"et_pb_button_0 et_pb_button et_pb_bg_layout_light et_pb_module et_block_module wht-btn popmake-9878\" href=\"#\">Kontakt<\/a><\/div><\/div><\/div><\/div><div class=\"et_pb_section_1 et_pb_section et_section_regular et_block_section\"><div class=\"et_pb_row_3 et_pb_row et_block_row\"><div class=\"et_pb_column_5 et_pb_column et_pb_column_4_4 et-last-child et_block_column et_pb_css_mix_blend_mode_passthrough reveal-text\"><div class=\"et_pb_blurb_0 et_pb_blurb et_pb_bg_layout_dark et_pb_blurb_position_left et_pb_module et_block_module\"><div class=\"et_pb_blurb_content\"><div class=\"et_pb_main_blurb_image\"><span class=\"et_pb_image_wrap\"><span class=\"et-pb-icon\">=<\/span><\/span><\/div><div class=\"et_pb_blurb_container\"><h3 class=\"et_pb_module_header\">Pokro\u010dil\u00e1 kompozitn\u00ed lepidla L&L Bond<\/h3><div class=\"et_pb_blurb_description\"><p>Pokro\u010dil\u00e1 kompozitn\u00ed lepidla L&amp;L Bond p\u0159edstavuj\u00ed \u0159adu lehk\u00fdch lepidel vyhovuj\u00edc\u00edch FST, kter\u00e1 umo\u017e\u0148uj\u00ed lepen\u00ed a vyztu\u017eov\u00e1n\u00ed vo\u0161tinov\u00fdch jader na strategick\u00fdch m\u00edstech.<\/p>\n<p><a href=\"https:\/\/www.llproducts.com\/cs-cz\/produkty-a-reseni\/ll-products-solutions-offerings\/pokrocila-kompozitni-lepidla\" class=\"et_pb_button et_pb_button_0 et_pb_bg_layout_light\" target=\"_blank\" rel=\"noopener\">Zjist\u011bte v\u00edce<\/a><\/p>\n<\/div><\/div><\/div><\/div><\/div><\/div><div class=\"et_pb_row_4 et_pb_row et_block_row\"><div class=\"et_pb_column_6 et_pb_column et_pb_column_4_4 et-last-child et_block_column et_pb_css_mix_blend_mode_passthrough reveal-text\"><div class=\"et_pb_blurb_1 et_pb_blurb et_pb_bg_layout_dark et_pb_blurb_position_left et_pb_module et_block_module\"><div class=\"et_pb_blurb_content\"><div class=\"et_pb_main_blurb_image\"><span class=\"et_pb_image_wrap\"><span class=\"et-pb-icon\">=<\/span><\/span><\/div><div class=\"et_pb_blurb_container\"><h3 class=\"et_pb_module_header\">L&L PHASTER\u00ae<\/h3><div class=\"et_pb_blurb_description\"><p>P\u011bnov\u00e1 a nep\u011bnov\u00e1 lepidla PHASTER<sup>\u00ae<\/sup> jsou schopna vypl\u0148ovat mezery a vytv\u00e1\u0159et struktur\u00e1ln\u00ed nebo polostruktur\u00e1ln\u00ed spoje.<\/p>\n<p><a href=\"https:\/\/phaster.llproducts.com\/cs-cz\/lepidla-phaster\/\" class=\"et_pb_button et_pb_button_0 et_pb_bg_layout_light\" target=\"_blank\" rel=\"noopener\">Zjist\u011bte v\u00edce<\/a><\/p>\n<\/div><\/div><\/div><\/div><\/div><\/div><div class=\"et_pb_row_5 et_pb_row et_block_row\"><div class=\"et_pb_column_7 et_pb_column et_pb_column_4_4 et-last-child et_block_column et_pb_css_mix_blend_mode_passthrough reveal-text\"><div class=\"et_pb_blurb_2 et_pb_blurb et_pb_bg_layout_dark et_pb_blurb_position_left et_pb_module et_block_module\"><div class=\"et_pb_blurb_content\"><div class=\"et_pb_main_blurb_image\"><span class=\"et_pb_image_wrap\"><span class=\"et-pb-icon\">=<\/span><\/span><\/div><div class=\"et_pb_blurb_container\"><h3 class=\"et_pb_module_header\">L&L T-Link\u00ae<\/h3><div class=\"et_pb_blurb_description\"><p>T-Link\u00ae, na\u0161e pokro\u010dil\u00e9 konstruk\u010dn\u00ed termoplastick\u00e9 lepidlo, kombinuje vynikaj\u00edc\u00ed p\u0159ilnavost se zpracovatelsk\u00fdmi vlastnostmi termoplastu.<\/p>\n<p><a class=\"et_pb_button et_pb_button_0 et_pb_bg_layout_light\" href=\"https:\/\/tlink.llproducts.com\/cs-cz\/\" target=\"_blank\" rel=\"noopener\">Zjist\u011bte v\u00edce<\/a><\/p>\n<\/div><\/div><\/div><\/div><\/div><\/div><div class=\"et_pb_row_6 et_pb_row et_block_row\"><div class=\"et_pb_column_8 et_pb_column et_pb_column_4_4 et-last-child et_block_column et_pb_css_mix_blend_mode_passthrough reveal-text\"><div class=\"et_pb_blurb_3 et_pb_blurb et_pb_bg_layout_dark et_pb_blurb_position_left et_pb_module et_block_module\"><div class=\"et_pb_blurb_content\"><div class=\"et_pb_main_blurb_image\"><span class=\"et_pb_image_wrap\"><span class=\"et-pb-icon\">=<\/span><\/span><\/div><div class=\"et_pb_blurb_container\"><h3 class=\"et_pb_module_header\">Tepeln\u011b aktivovan\u00e1 konstruk\u010dn\u00ed lepidla L&L<\/h3><div class=\"et_pb_blurb_description\"><p>Konstruk\u010dn\u00ed lepic\u00ed p\u00e1sky L&amp;L Bond jsou vysoce v\u00fdkonn\u00e1 tepeln\u011b aktivovan\u00e1 konstruk\u010dn\u00ed lepidla, kter\u00e1 se aplikuj\u00ed p\u0159ed procesem vypalov\u00e1n\u00ed E-coat a vytvrzuj\u00ed v peci E-coat, aby zajistila konstruk\u010dn\u00ed lepen\u00ed.<\/p>\n<p><a href=\"https:\/\/www.llproducts.com\/cs-cz\/produkty-a-reseni\/ll-products-solutions-offerings\/tepelne-aktivovana-konstrukcni-lepidla\" class=\"et_pb_button et_pb_button_0 et_pb_bg_layout_light\" target=\"_blank\" rel=\"noopener\">Zjist\u011bte v\u00edce<\/a><\/p>\n<\/div><\/div><\/div><\/div><\/div><\/div><\/div><div class=\"et_pb_section_2 et_pb_section et_section_regular et_block_section\"><div class=\"et_pb_row_7 et_pb_row et_block_row\"><div class=\"et_pb_column_9 et_pb_column et_pb_column_4_4 et-last-child et_block_column et_pb_css_mix_blend_mode_passthrough\"><div class=\"et_pb_text_7 et_pb_text et_pb_bg_layout_light et_pb_module et_block_module\"><div class=\"et_pb_text_inner\"><h1>Aktu\u00e1ln\u00ed t\u00e9mata<\/h1>\n<\/div><\/div><\/div><\/div><div class=\"et_pb_row_8 et_pb_row et_block_row\"><div class=\"et_pb_column_10 et_pb_column et_pb_column_4_4 et-last-child et_block_column et_pb_css_mix_blend_mode_passthrough\"><div class=\"et_pb_code_1 et_pb_code et_pb_module\"><div class=\"et_pb_code_inner\"><script src=\"https:\/\/static.elfsight.com\/platform\/platform.js\" async><\/script>\n<div class=\"elfsight-app-72e28d3a-cb29-47b9-b42c-d9b80ca2705a\" data-elfsight-app-lazy><\/div><\/div><\/div><\/div><\/div><\/div>","protected":false},"excerpt":{"rendered":"","protected":false},"author":4,"featured_media":10114,"parent":118,"menu_order":0,"comment_status":"closed","ping_status":"closed","template":"","meta":{"_acf_changed":false,"inline_featured_image":false,"footnotes":""},"class_list":["post-10112","page","type-page","status-publish","has-post-thumbnail","hentry"],"acf":[],"dsm_author":{"name":"lafata","avatar_url":"https:\/\/secure.gravatar.com\/avatar\/66f6e75e3378137d9b1a20f7ad6c54aa6acecd8466704fadf5641de9af89b844?s=96&d=mm&r=g","archive_link":"https:\/\/www.llproducts.com\/cs-cz\/news-events\/author\/lafata\/","biodata":""},"dsm_categories":[],"dsm_attachment_categories":[],"dsm_featured_image":{"thumbnail":"https:\/\/www.llproducts.com\/cs-cz\/wp-content\/uploads\/sites\/17\/2024\/10\/csm_llp_solutions_header_bond_6ab3c2aa1f-150x150.jpg","medium":"https:\/\/www.llproducts.com\/cs-cz\/wp-content\/uploads\/sites\/17\/2024\/10\/csm_llp_solutions_header_bond_6ab3c2aa1f-300x95.jpg","medium_large":"https:\/\/www.llproducts.com\/cs-cz\/wp-content\/uploads\/sites\/17\/2024\/10\/csm_llp_solutions_header_bond_6ab3c2aa1f-768x242.jpg","large":"https:\/\/www.llproducts.com\/cs-cz\/wp-content\/uploads\/sites\/17\/2024\/10\/csm_llp_solutions_header_bond_6ab3c2aa1f-1024x323.jpg","1536x1536":"https:\/\/www.llproducts.com\/cs-cz\/wp-content\/uploads\/sites\/17\/2024\/10\/csm_llp_solutions_header_bond_6ab3c2aa1f-1536x484.jpg","2048x2048":"https:\/\/www.llproducts.com\/cs-cz\/wp-content\/uploads\/sites\/17\/2024\/10\/csm_llp_solutions_header_bond_6ab3c2aa1f.jpg","et-pb-post-main-image":"https:\/\/www.llproducts.com\/cs-cz\/wp-content\/uploads\/sites\/17\/2024\/10\/csm_llp_solutions_header_bond_6ab3c2aa1f-400x250.jpg","et-pb-post-main-image-fullwidth":"https:\/\/www.llproducts.com\/cs-cz\/wp-content\/uploads\/sites\/17\/2024\/10\/csm_llp_solutions_header_bond_6ab3c2aa1f-1080x567.jpg","et-pb-portfolio-image":"https:\/\/www.llproducts.com\/cs-cz\/wp-content\/uploads\/sites\/17\/2024\/10\/csm_llp_solutions_header_bond_6ab3c2aa1f-400x284.jpg","et-pb-portfolio-module-image":"https:\/\/www.llproducts.com\/cs-cz\/wp-content\/uploads\/sites\/17\/2024\/10\/csm_llp_solutions_header_bond_6ab3c2aa1f-510x382.jpg","et-pb-portfolio-image-single":"https:\/\/www.llproducts.com\/cs-cz\/wp-content\/uploads\/sites\/17\/2024\/10\/csm_llp_solutions_header_bond_6ab3c2aa1f-1080x340.jpg","et-pb-gallery-module-image-portrait":"https:\/\/www.llproducts.com\/cs-cz\/wp-content\/uploads\/sites\/17\/2024\/10\/csm_llp_solutions_header_bond_6ab3c2aa1f-400x516.jpg","et-pb-post-main-image-fullwidth-large":"https:\/\/www.llproducts.com\/cs-cz\/wp-content\/uploads\/sites\/17\/2024\/10\/csm_llp_solutions_header_bond_6ab3c2aa1f.jpg","et-pb-image--responsive--desktop":"https:\/\/www.llproducts.com\/cs-cz\/wp-content\/uploads\/sites\/17\/2024\/10\/csm_llp_solutions_header_bond_6ab3c2aa1f-1280x403.jpg","et-pb-image--responsive--tablet":"https:\/\/www.llproducts.com\/cs-cz\/wp-content\/uploads\/sites\/17\/2024\/10\/csm_llp_solutions_header_bond_6ab3c2aa1f-980x309.jpg","et-pb-image--responsive--phone":"https:\/\/www.llproducts.com\/cs-cz\/wp-content\/uploads\/sites\/17\/2024\/10\/csm_llp_solutions_header_bond_6ab3c2aa1f-480x151.jpg","gform-image-choice-sm":"https:\/\/www.llproducts.com\/cs-cz\/wp-content\/uploads\/sites\/17\/2024\/10\/csm_llp_solutions_header_bond_6ab3c2aa1f.jpg","gform-image-choice-md":"https:\/\/www.llproducts.com\/cs-cz\/wp-content\/uploads\/sites\/17\/2024\/10\/csm_llp_solutions_header_bond_6ab3c2aa1f.jpg","gform-image-choice-lg":"https:\/\/www.llproducts.com\/cs-cz\/wp-content\/uploads\/sites\/17\/2024\/10\/csm_llp_solutions_header_bond_6ab3c2aa1f.jpg","full":"https:\/\/www.llproducts.com\/cs-cz\/wp-content\/uploads\/sites\/17\/2024\/10\/csm_llp_solutions_header_bond_6ab3c2aa1f.jpg"},"yoast_head":"<!-- This site is optimized with the Yoast SEO Premium plugin v27.3 (Yoast SEO v27.4) - https:\/\/yoast.com\/product\/yoast-seo-premium-wordpress\/ -->\n<title>L&amp;L Bond - L&amp;L Products - aplikovan\u00e9 in\u017een\u00fdrstv\u00ed a v\u011bda o materi\u00e1lech<\/title>\n<meta name=\"robots\" content=\"index, follow, max-snippet:-1, max-image-preview:large, max-video-preview:-1\" \/>\n<link rel=\"canonical\" href=\"https:\/\/www.llproducts.com\/cs-cz\/produkty-a-reseni\/ll-products-solutions-offerings\/ll-bond\/\" \/>\n<meta property=\"og:locale\" content=\"cs_CZ\" \/>\n<meta property=\"og:type\" content=\"article\" \/>\n<meta property=\"og:title\" content=\"L&amp;L Bond\" \/>\n<meta property=\"og:url\" content=\"https:\/\/www.llproducts.com\/cs-cz\/produkty-a-reseni\/ll-products-solutions-offerings\/ll-bond\/\" \/>\n<meta property=\"og:site_name\" content=\"L&amp;L Products - aplikovan\u00e9 in\u017een\u00fdrstv\u00ed a v\u011bda o materi\u00e1lech\" \/>\n<meta property=\"article:modified_time\" content=\"2026-04-16T17:33:31+00:00\" \/>\n<meta property=\"og:image\" content=\"https:\/\/www.llproducts.com\/cs-cz\/wp-content\/uploads\/sites\/17\/2024\/10\/csm_llp_solutions_header_bond_6ab3c2aa1f.jpg\" \/>\n\t<meta property=\"og:image:width\" content=\"1800\" \/>\n\t<meta property=\"og:image:height\" content=\"567\" \/>\n\t<meta property=\"og:image:type\" content=\"image\/jpeg\" \/>\n<meta name=\"twitter:card\" content=\"summary_large_image\" \/>\n<meta name=\"twitter:label1\" content=\"Est. reading time\" \/>\n\t<meta name=\"twitter:data1\" content=\"10 minut\" \/>\n<script type=\"application\/ld+json\" class=\"yoast-schema-graph\">{\"@context\":\"https:\\\/\\\/schema.org\",\"@graph\":[{\"@type\":\"WebPage\",\"@id\":\"https:\\\/\\\/www.llproducts.com\\\/cs-cz\\\/produkty-a-reseni\\\/ll-products-solutions-offerings\\\/ll-bond\\\/\",\"url\":\"https:\\\/\\\/www.llproducts.com\\\/cs-cz\\\/produkty-a-reseni\\\/ll-products-solutions-offerings\\\/ll-bond\\\/\",\"name\":\"L&amp;L Bond - L&amp;L Products - aplikovan\u00e9 in\u017een\u00fdrstv\u00ed a v\u011bda o materi\u00e1lech\",\"isPartOf\":{\"@id\":\"https:\\\/\\\/www.llproducts.com\\\/cs-cz\\\/#website\"},\"primaryImageOfPage\":{\"@id\":\"https:\\\/\\\/www.llproducts.com\\\/cs-cz\\\/produkty-a-reseni\\\/ll-products-solutions-offerings\\\/ll-bond\\\/#primaryimage\"},\"image\":{\"@id\":\"https:\\\/\\\/www.llproducts.com\\\/cs-cz\\\/produkty-a-reseni\\\/ll-products-solutions-offerings\\\/ll-bond\\\/#primaryimage\"},\"thumbnailUrl\":\"https:\\\/\\\/www.llproducts.com\\\/cs-cz\\\/wp-content\\\/uploads\\\/sites\\\/17\\\/2024\\\/10\\\/csm_llp_solutions_header_bond_6ab3c2aa1f.jpg\",\"datePublished\":\"2024-10-24T20:45:21+00:00\",\"dateModified\":\"2026-04-16T17:33:31+00:00\",\"breadcrumb\":{\"@id\":\"https:\\\/\\\/www.llproducts.com\\\/cs-cz\\\/produkty-a-reseni\\\/ll-products-solutions-offerings\\\/ll-bond\\\/#breadcrumb\"},\"inLanguage\":\"cs\",\"potentialAction\":[{\"@type\":\"ReadAction\",\"target\":[\"https:\\\/\\\/www.llproducts.com\\\/cs-cz\\\/produkty-a-reseni\\\/ll-products-solutions-offerings\\\/ll-bond\\\/\"]}]},{\"@type\":\"ImageObject\",\"inLanguage\":\"cs\",\"@id\":\"https:\\\/\\\/www.llproducts.com\\\/cs-cz\\\/produkty-a-reseni\\\/ll-products-solutions-offerings\\\/ll-bond\\\/#primaryimage\",\"url\":\"https:\\\/\\\/www.llproducts.com\\\/cs-cz\\\/wp-content\\\/uploads\\\/sites\\\/17\\\/2024\\\/10\\\/csm_llp_solutions_header_bond_6ab3c2aa1f.jpg\",\"contentUrl\":\"https:\\\/\\\/www.llproducts.com\\\/cs-cz\\\/wp-content\\\/uploads\\\/sites\\\/17\\\/2024\\\/10\\\/csm_llp_solutions_header_bond_6ab3c2aa1f.jpg\",\"width\":1800,\"height\":567,\"caption\":\"L&L Bond\"},{\"@type\":\"BreadcrumbList\",\"@id\":\"https:\\\/\\\/www.llproducts.com\\\/cs-cz\\\/produkty-a-reseni\\\/ll-products-solutions-offerings\\\/ll-bond\\\/#breadcrumb\",\"itemListElement\":[{\"@type\":\"ListItem\",\"position\":1,\"name\":\"Home\",\"item\":\"https:\\\/\\\/www.llproducts.com\\\/cs-cz\\\/\"},{\"@type\":\"ListItem\",\"position\":2,\"name\":\"Produkty a \u0159e\u0161en\u00ed\",\"item\":\"https:\\\/\\\/www.llproducts.com\\\/cs-cz\\\/produkty-a-reseni\\\/\"},{\"@type\":\"ListItem\",\"position\":3,\"name\":\"L&#038;L Products Solutions\",\"item\":\"https:\\\/\\\/www.llproducts.com\\\/cs-cz\\\/produkty-a-reseni\\\/ll-products-solutions-offerings\\\/\"},{\"@type\":\"ListItem\",\"position\":4,\"name\":\"L&amp;L Bond\"}]},{\"@type\":\"WebSite\",\"@id\":\"https:\\\/\\\/www.llproducts.com\\\/cs-cz\\\/#website\",\"url\":\"https:\\\/\\\/www.llproducts.com\\\/cs-cz\\\/\",\"name\":\"L&amp;L Products - aplikovan\u00e9 in\u017een\u00fdrstv\u00ed a v\u011bda o materi\u00e1lech\",\"description\":\"\",\"potentialAction\":[{\"@type\":\"SearchAction\",\"target\":{\"@type\":\"EntryPoint\",\"urlTemplate\":\"https:\\\/\\\/www.llproducts.com\\\/cs-cz\\\/?s={search_term_string}\"},\"query-input\":{\"@type\":\"PropertyValueSpecification\",\"valueRequired\":true,\"valueName\":\"search_term_string\"}}],\"inLanguage\":\"cs\"}]}<\/script>\n<!-- \/ Yoast SEO Premium plugin. -->","yoast_head_json":{"title":"L&amp;L Bond - L&amp;L Products - aplikovan\u00e9 in\u017een\u00fdrstv\u00ed a v\u011bda o materi\u00e1lech","robots":{"index":"index","follow":"follow","max-snippet":"max-snippet:-1","max-image-preview":"max-image-preview:large","max-video-preview":"max-video-preview:-1"},"canonical":"https:\/\/www.llproducts.com\/cs-cz\/produkty-a-reseni\/ll-products-solutions-offerings\/ll-bond\/","og_locale":"cs_CZ","og_type":"article","og_title":"L&amp;L Bond","og_url":"https:\/\/www.llproducts.com\/cs-cz\/produkty-a-reseni\/ll-products-solutions-offerings\/ll-bond\/","og_site_name":"L&amp;L Products - aplikovan\u00e9 in\u017een\u00fdrstv\u00ed a v\u011bda o materi\u00e1lech","article_modified_time":"2026-04-16T17:33:31+00:00","og_image":[{"width":1800,"height":567,"url":"https:\/\/www.llproducts.com\/cs-cz\/wp-content\/uploads\/sites\/17\/2024\/10\/csm_llp_solutions_header_bond_6ab3c2aa1f.jpg","type":"image\/jpeg"}],"twitter_card":"summary_large_image","twitter_misc":{"Est. reading time":"10 minut"},"schema":{"@context":"https:\/\/schema.org","@graph":[{"@type":"WebPage","@id":"https:\/\/www.llproducts.com\/cs-cz\/produkty-a-reseni\/ll-products-solutions-offerings\/ll-bond\/","url":"https:\/\/www.llproducts.com\/cs-cz\/produkty-a-reseni\/ll-products-solutions-offerings\/ll-bond\/","name":"L&amp;L Bond - L&amp;L Products - aplikovan\u00e9 in\u017een\u00fdrstv\u00ed a v\u011bda o materi\u00e1lech","isPartOf":{"@id":"https:\/\/www.llproducts.com\/cs-cz\/#website"},"primaryImageOfPage":{"@id":"https:\/\/www.llproducts.com\/cs-cz\/produkty-a-reseni\/ll-products-solutions-offerings\/ll-bond\/#primaryimage"},"image":{"@id":"https:\/\/www.llproducts.com\/cs-cz\/produkty-a-reseni\/ll-products-solutions-offerings\/ll-bond\/#primaryimage"},"thumbnailUrl":"https:\/\/www.llproducts.com\/cs-cz\/wp-content\/uploads\/sites\/17\/2024\/10\/csm_llp_solutions_header_bond_6ab3c2aa1f.jpg","datePublished":"2024-10-24T20:45:21+00:00","dateModified":"2026-04-16T17:33:31+00:00","breadcrumb":{"@id":"https:\/\/www.llproducts.com\/cs-cz\/produkty-a-reseni\/ll-products-solutions-offerings\/ll-bond\/#breadcrumb"},"inLanguage":"cs","potentialAction":[{"@type":"ReadAction","target":["https:\/\/www.llproducts.com\/cs-cz\/produkty-a-reseni\/ll-products-solutions-offerings\/ll-bond\/"]}]},{"@type":"ImageObject","inLanguage":"cs","@id":"https:\/\/www.llproducts.com\/cs-cz\/produkty-a-reseni\/ll-products-solutions-offerings\/ll-bond\/#primaryimage","url":"https:\/\/www.llproducts.com\/cs-cz\/wp-content\/uploads\/sites\/17\/2024\/10\/csm_llp_solutions_header_bond_6ab3c2aa1f.jpg","contentUrl":"https:\/\/www.llproducts.com\/cs-cz\/wp-content\/uploads\/sites\/17\/2024\/10\/csm_llp_solutions_header_bond_6ab3c2aa1f.jpg","width":1800,"height":567,"caption":"L&L Bond"},{"@type":"BreadcrumbList","@id":"https:\/\/www.llproducts.com\/cs-cz\/produkty-a-reseni\/ll-products-solutions-offerings\/ll-bond\/#breadcrumb","itemListElement":[{"@type":"ListItem","position":1,"name":"Home","item":"https:\/\/www.llproducts.com\/cs-cz\/"},{"@type":"ListItem","position":2,"name":"Produkty a \u0159e\u0161en\u00ed","item":"https:\/\/www.llproducts.com\/cs-cz\/produkty-a-reseni\/"},{"@type":"ListItem","position":3,"name":"L&#038;L Products Solutions","item":"https:\/\/www.llproducts.com\/cs-cz\/produkty-a-reseni\/ll-products-solutions-offerings\/"},{"@type":"ListItem","position":4,"name":"L&amp;L Bond"}]},{"@type":"WebSite","@id":"https:\/\/www.llproducts.com\/cs-cz\/#website","url":"https:\/\/www.llproducts.com\/cs-cz\/","name":"L&amp;L Products - aplikovan\u00e9 in\u017een\u00fdrstv\u00ed a v\u011bda o materi\u00e1lech","description":"","potentialAction":[{"@type":"SearchAction","target":{"@type":"EntryPoint","urlTemplate":"https:\/\/www.llproducts.com\/cs-cz\/?s={search_term_string}"},"query-input":{"@type":"PropertyValueSpecification","valueRequired":true,"valueName":"search_term_string"}}],"inLanguage":"cs"}]}},"_links":{"self":[{"href":"https:\/\/www.llproducts.com\/cs-cz\/wp-json\/wp\/v2\/pages\/10112","targetHints":{"allow":["GET"]}}],"collection":[{"href":"https:\/\/www.llproducts.com\/cs-cz\/wp-json\/wp\/v2\/pages"}],"about":[{"href":"https:\/\/www.llproducts.com\/cs-cz\/wp-json\/wp\/v2\/types\/page"}],"author":[{"embeddable":true,"href":"https:\/\/www.llproducts.com\/cs-cz\/wp-json\/wp\/v2\/users\/4"}],"replies":[{"embeddable":true,"href":"https:\/\/www.llproducts.com\/cs-cz\/wp-json\/wp\/v2\/comments?post=10112"}],"version-history":[{"count":0,"href":"https:\/\/www.llproducts.com\/cs-cz\/wp-json\/wp\/v2\/pages\/10112\/revisions"}],"up":[{"embeddable":true,"href":"https:\/\/www.llproducts.com\/cs-cz\/wp-json\/wp\/v2\/pages\/118"}],"wp:featuredmedia":[{"embeddable":true,"href":"https:\/\/www.llproducts.com\/cs-cz\/wp-json\/wp\/v2\/media\/10114"}],"wp:attachment":[{"href":"https:\/\/www.llproducts.com\/cs-cz\/wp-json\/wp\/v2\/media?parent=10112"}],"curies":[{"name":"wp","href":"https:\/\/api.w.org\/{rel}","templated":true}]}}