{"id":257,"date":"2024-10-09T19:09:43","date_gmt":"2024-10-09T19:09:43","guid":{"rendered":"https:\/\/llproducts1.wpenginepowered.com\/cs-cz\/?page_id=257"},"modified":"2024-10-09T19:09:43","modified_gmt":"2024-10-09T19:09:43","slug":"masterbrands","status":"publish","type":"page","link":"https:\/\/www.llproducts.com\/cs-cz\/masterbrands\/","title":{"rendered":"Masterbrands"},"content":{"rendered":"","protected":false},"excerpt":{"rendered":"","protected":false},"author":4,"featured_media":0,"parent":0,"menu_order":0,"comment_status":"closed","ping_status":"closed","template":"","meta":{"_acf_changed":false,"_et_pb_use_builder":"","_et_pb_old_content":"","_et_gb_content_width":"","inline_featured_image":false,"footnotes":""},"class_list":["post-257","page","type-page","status-publish","hentry"],"acf":[],"yoast_head":"<!-- This site is optimized with the Yoast SEO Premium plugin v27.3 (Yoast SEO v27.3) - https:\/\/yoast.com\/product\/yoast-seo-premium-wordpress\/ -->\n<title>Masterbrands - L&amp;L Products - aplikovan\u00e9 in\u017een\u00fdrstv\u00ed a v\u011bda o materi\u00e1lech<\/title>\n<meta name=\"robots\" content=\"index, follow, max-snippet:-1, max-image-preview:large, max-video-preview:-1\" \/>\n<link rel=\"canonical\" href=\"https:\/\/www.llproducts.com\/cs-cz\/masterbrands\/\" \/>\n<meta property=\"og:locale\" content=\"cs_CZ\" \/>\n<meta property=\"og:type\" content=\"article\" \/>\n<meta property=\"og:title\" content=\"Masterbrands\" \/>\n<meta property=\"og:url\" content=\"https:\/\/www.llproducts.com\/cs-cz\/masterbrands\/\" \/>\n<meta property=\"og:site_name\" content=\"L&amp;L Products - aplikovan\u00e9 in\u017een\u00fdrstv\u00ed a v\u011bda o materi\u00e1lech\" \/>\n<meta name=\"twitter:card\" content=\"summary_large_image\" \/>\n<script type=\"application\/ld+json\" class=\"yoast-schema-graph\">{\"@context\":\"https:\\\/\\\/schema.org\",\"@graph\":[{\"@type\":\"WebPage\",\"@id\":\"https:\\\/\\\/www.llproducts.com\\\/cs-cz\\\/masterbrands\\\/\",\"url\":\"https:\\\/\\\/www.llproducts.com\\\/cs-cz\\\/masterbrands\\\/\",\"name\":\"Masterbrands - L&amp;L Products - aplikovan\u00e9 in\u017een\u00fdrstv\u00ed a v\u011bda o materi\u00e1lech\",\"isPartOf\":{\"@id\":\"https:\\\/\\\/www.llproducts.com\\\/cs-cz\\\/#website\"},\"datePublished\":\"2024-10-09T19:09:43+00:00\",\"breadcrumb\":{\"@id\":\"https:\\\/\\\/www.llproducts.com\\\/cs-cz\\\/masterbrands\\\/#breadcrumb\"},\"inLanguage\":\"cs\",\"potentialAction\":[{\"@type\":\"ReadAction\",\"target\":[\"https:\\\/\\\/www.llproducts.com\\\/cs-cz\\\/masterbrands\\\/\"]}]},{\"@type\":\"BreadcrumbList\",\"@id\":\"https:\\\/\\\/www.llproducts.com\\\/cs-cz\\\/masterbrands\\\/#breadcrumb\",\"itemListElement\":[{\"@type\":\"ListItem\",\"position\":1,\"name\":\"Home\",\"item\":\"https:\\\/\\\/www.llproducts.com\\\/cs-cz\\\/\"},{\"@type\":\"ListItem\",\"position\":2,\"name\":\"Masterbrands\"}]},{\"@type\":\"WebSite\",\"@id\":\"https:\\\/\\\/www.llproducts.com\\\/cs-cz\\\/#website\",\"url\":\"https:\\\/\\\/www.llproducts.com\\\/cs-cz\\\/\",\"name\":\"L&amp;L Products - aplikovan\u00e9 in\u017een\u00fdrstv\u00ed a v\u011bda o materi\u00e1lech\",\"description\":\"\",\"potentialAction\":[{\"@type\":\"SearchAction\",\"target\":{\"@type\":\"EntryPoint\",\"urlTemplate\":\"https:\\\/\\\/www.llproducts.com\\\/cs-cz\\\/?s={search_term_string}\"},\"query-input\":{\"@type\":\"PropertyValueSpecification\",\"valueRequired\":true,\"valueName\":\"search_term_string\"}}],\"inLanguage\":\"cs\"}]}<\/script>\n<!-- \/ Yoast SEO Premium plugin. -->","yoast_head_json":{"title":"Masterbrands - L&amp;L Products - aplikovan\u00e9 in\u017een\u00fdrstv\u00ed a v\u011bda o materi\u00e1lech","robots":{"index":"index","follow":"follow","max-snippet":"max-snippet:-1","max-image-preview":"max-image-preview:large","max-video-preview":"max-video-preview:-1"},"canonical":"https:\/\/www.llproducts.com\/cs-cz\/masterbrands\/","og_locale":"cs_CZ","og_type":"article","og_title":"Masterbrands","og_url":"https:\/\/www.llproducts.com\/cs-cz\/masterbrands\/","og_site_name":"L&amp;L Products - aplikovan\u00e9 in\u017een\u00fdrstv\u00ed a v\u011bda o materi\u00e1lech","twitter_card":"summary_large_image","schema":{"@context":"https:\/\/schema.org","@graph":[{"@type":"WebPage","@id":"https:\/\/www.llproducts.com\/cs-cz\/masterbrands\/","url":"https:\/\/www.llproducts.com\/cs-cz\/masterbrands\/","name":"Masterbrands - L&amp;L Products - aplikovan\u00e9 in\u017een\u00fdrstv\u00ed a v\u011bda o materi\u00e1lech","isPartOf":{"@id":"https:\/\/www.llproducts.com\/cs-cz\/#website"},"datePublished":"2024-10-09T19:09:43+00:00","breadcrumb":{"@id":"https:\/\/www.llproducts.com\/cs-cz\/masterbrands\/#breadcrumb"},"inLanguage":"cs","potentialAction":[{"@type":"ReadAction","target":["https:\/\/www.llproducts.com\/cs-cz\/masterbrands\/"]}]},{"@type":"BreadcrumbList","@id":"https:\/\/www.llproducts.com\/cs-cz\/masterbrands\/#breadcrumb","itemListElement":[{"@type":"ListItem","position":1,"name":"Home","item":"https:\/\/www.llproducts.com\/cs-cz\/"},{"@type":"ListItem","position":2,"name":"Masterbrands"}]},{"@type":"WebSite","@id":"https:\/\/www.llproducts.com\/cs-cz\/#website","url":"https:\/\/www.llproducts.com\/cs-cz\/","name":"L&amp;L Products - aplikovan\u00e9 in\u017een\u00fdrstv\u00ed a v\u011bda o materi\u00e1lech","description":"","potentialAction":[{"@type":"SearchAction","target":{"@type":"EntryPoint","urlTemplate":"https:\/\/www.llproducts.com\/cs-cz\/?s={search_term_string}"},"query-input":{"@type":"PropertyValueSpecification","valueRequired":true,"valueName":"search_term_string"}}],"inLanguage":"cs"}]}},"_links":{"self":[{"href":"https:\/\/www.llproducts.com\/cs-cz\/wp-json\/wp\/v2\/pages\/257","targetHints":{"allow":["GET"]}}],"collection":[{"href":"https:\/\/www.llproducts.com\/cs-cz\/wp-json\/wp\/v2\/pages"}],"about":[{"href":"https:\/\/www.llproducts.com\/cs-cz\/wp-json\/wp\/v2\/types\/page"}],"author":[{"embeddable":true,"href":"https:\/\/www.llproducts.com\/cs-cz\/wp-json\/wp\/v2\/users\/4"}],"replies":[{"embeddable":true,"href":"https:\/\/www.llproducts.com\/cs-cz\/wp-json\/wp\/v2\/comments?post=257"}],"version-history":[{"count":0,"href":"https:\/\/www.llproducts.com\/cs-cz\/wp-json\/wp\/v2\/pages\/257\/revisions"}],"wp:attachment":[{"href":"https:\/\/www.llproducts.com\/cs-cz\/wp-json\/wp\/v2\/media?parent=257"}],"curies":[{"name":"wp","href":"https:\/\/api.w.org\/{rel}","templated":true}]}}