{"id":451,"date":"2024-09-06T18:27:20","date_gmt":"2024-09-06T18:27:20","guid":{"rendered":"https:\/\/llproducts1.wpenginepowered.com\/cs-cz\/?page_id=451"},"modified":"2026-04-16T17:34:12","modified_gmt":"2026-04-16T17:34:12","slug":"spolecnost","status":"publish","type":"page","link":"https:\/\/www.llproducts.com\/cs-cz\/spolecnost\/","title":{"rendered":"Spole\u010dnost"},"content":{"rendered":"\n<div class=\"et_pb_section_0 et_pb_section et_section_regular et_block_section\"><div class=\"et_pb_row_0 et_pb_row et_pb_gutters1 et_block_row inner-title-row\"><div class=\"et_pb_column_0 et_pb_column et_pb_column_2_3 et_block_column et_pb_css_mix_blend_mode_passthrough\"><div class=\"et_pb_image_0 et_pb_image et_pb_module et_block_module\"><span class=\"et_pb_image_wrap\"><img loading=\"lazy\" decoding=\"async\" src=\"https:\/\/www.llproducts.com\/cs-cz\/wp-content\/uploads\/sites\/17\/2024\/09\/llp_company_overview_header_img.jpg\" alt=\"A man using a VR headset\" title=\"A man using a VR headset\" width=\"1480\" height=\"645\" srcset=\"https:\/\/www.llproducts.com\/cs-cz\/wp-content\/uploads\/sites\/17\/2024\/09\/llp_company_overview_header_img.jpg 1480w, https:\/\/www.llproducts.com\/cs-cz\/wp-content\/uploads\/sites\/17\/2024\/09\/llp_company_overview_header_img-1280x558.jpg 1280w, https:\/\/www.llproducts.com\/cs-cz\/wp-content\/uploads\/sites\/17\/2024\/09\/llp_company_overview_header_img-980x427.jpg 980w, https:\/\/www.llproducts.com\/cs-cz\/wp-content\/uploads\/sites\/17\/2024\/09\/llp_company_overview_header_img-480x209.jpg 480w\" sizes=\"(min-width: 0px) and (max-width: 480px) 480px, (min-width: 481px) and (max-width: 980px) 980px, (min-width: 981px) and (max-width: 1280px) 1280px, (min-width: 1281px) 1480px, 100vw\" class=\"wp-image-454\" \/><\/span><\/div><\/div><div class=\"et_pb_column_1 et_pb_column et_pb_column_1_3 et-last-child et_block_column et_pb_css_mix_blend_mode_passthrough et_animated inner-title-col\"><div class=\"et_pb_text_0 et_pb_text et_pb_bg_layout_dark et_pb_module et_block_module inner-title-2\"><div class=\"et_pb_text_inner\"><h1>Driven by Technology<\/h1>\n<\/div><\/div><\/div><\/div><div class=\"et_pb_row_1 et_pb_row et_block_row\"><div class=\"et_pb_column_2 et_pb_column et_pb_column_4_4 et-last-child et_block_column et_pb_css_mix_blend_mode_passthrough\"><div class=\"et_pb_sidebar_0 et_pb_widget_area clearfix et_pb_widget_area_left et_pb_bg_layout_light et_pb_sidebar_no_border et_pb_module et_block_module breadcrumbs\"><div id=\"block-10\" class=\"et_pb_widget widget_block\"><div class=\"yoast-breadcrumbs\"><span><span><a href=\"https:\/\/www.llproducts.com\/cs-cz\/\">Home<\/a><\/span> <span aria-hidden=\"true\" data-icon=\"\ue93c\" class=\"icomoon icon-chevron-right\"><\/span> <span class=\"breadcrumb_last\" aria-current=\"page\">Spole\u010dnost<\/span><\/span><\/div><\/div><\/div><\/div><\/div><\/div><div class=\"et_pb_section_1 et_pb_section et_section_specialty et_pb_gutters3 et_block_section\" id=\"page-content\"><div class=\"et_pb_row et_pb_row-1-4_3-4 et_block_row\"><div class=\"et_pb_column_3 et_pb_column et_pb_column_single et_pb_column_1_4 et_block_column et_pb_css_mix_blend_mode_passthrough\"><div class=\"et_pb_sidebar_1 et_pb_widget_area clearfix et_pb_widget_area_left et_pb_bg_layout_light et_pb_sidebar_no_border et_pb_module et_block_module\"><div id=\"nav_menu-10\" class=\"et_pb_widget widget_nav_menu\"><div class=\"menu-company-menu-container\"><ul id=\"menu-company-menu\" class=\"menu\"><li id=\"menu-item-841\" class=\"menu-item menu-item-type-post_type menu-item-object-page menu-item-841\"><a href=\"https:\/\/www.llproducts.com\/cs-cz\/spolecnost\/\">Spole\u010dnost<\/a><\/li>\n<li id=\"menu-item-839\" class=\"menu-item menu-item-type-post_type menu-item-object-page menu-item-839\"><a href=\"https:\/\/www.llproducts.com\/cs-cz\/spolecnost\/inovace\/\">Inovace<\/a><\/li>\n<li id=\"menu-item-840\" class=\"menu-item menu-item-type-post_type menu-item-object-page menu-item-840\"><a href=\"https:\/\/www.llproducts.com\/cs-cz\/spolecnost\/hodnoty-a-kultura\/\">Hodnoty a kultura<\/a><\/li>\n<li id=\"menu-item-908\" class=\"menu-item menu-item-type-post_type menu-item-object-page menu-item-908\"><a href=\"https:\/\/www.llproducts.com\/cs-cz\/spolecnost\/historie\/\">Historie<\/a><\/li>\n<li id=\"menu-item-1071\" class=\"menu-item menu-item-type-post_type menu-item-object-page menu-item-1071\"><a href=\"https:\/\/www.llproducts.com\/cs-cz\/spolecnost\/nabidky-prace\/\">Nab\u00eddky pr\u00e1ce<\/a><\/li>\n<li id=\"menu-item-10779\" class=\"menu-item menu-item-type-post_type menu-item-object-page menu-item-10779\"><a href=\"https:\/\/www.llproducts.com\/cs-cz\/spolecnost\/pobocky\/\">Pobo\u010dky<\/a><\/li>\n<li id=\"menu-item-1070\" class=\"menu-item menu-item-type-post_type menu-item-object-page menu-item-1070\"><a href=\"https:\/\/www.llproducts.com\/cs-cz\/spolecnost\/nadace\/\">Nadace<\/a><\/li>\n<li id=\"menu-item-1069\" class=\"menu-item menu-item-type-post_type menu-item-object-page menu-item-1069\"><a href=\"https:\/\/www.llproducts.com\/cs-cz\/spolecnost\/spolecenska-odpovednost-firem\/\">Spole\u010densk\u00e1 odpov\u011bdnost firem<\/a><\/li>\n<li id=\"menu-item-10780\" class=\"menu-item menu-item-type-post_type menu-item-object-page menu-item-10780\"><a href=\"https:\/\/www.llproducts.com\/cs-cz\/spolecnost\/centrum-zdroju\/\">Centrum zdroj\u016f<\/a><\/li>\n<\/ul><\/div><\/div><\/div><\/div><div class=\"et_pb_column_4 et_pb_column et_pb_specialty_column et_pb_column_3_4 et-last-child et_block_column et_pb_css_mix_blend_mode_passthrough\"><div class=\"et_pb_row_inner_0 et_pb_row_inner et_block_row\"><div class=\"et_pb_column_inner_0 et_pb_column_inner et_pb_column et_pb_column_4_4 et-last-child et_block_column et_pb_css_mix_blend_mode_passthrough\"><div class=\"et_pb_text_1 et_pb_text et_pb_bg_layout_light et_animated et_pb_module et_block_module inner-title\"><div class=\"et_pb_text_inner\"><h1>Kdo jsme<\/h1>\n<\/div><\/div><div class=\"et_pb_text_2 et_pb_text et_pb_bg_layout_light et_animated et_pb_module et_block_module\"><div class=\"et_pb_text_inner\"><p class=\"in-view\">Technologick\u00e1 spole\u010dnost rodinn\u00fdch vlastn\u00edk\u016f L&amp;L Products p\u0159edkl\u00e1d\u00e1 podnikatel\u016fm nejr\u016fzn\u011bj\u0161\u00ed aplikace poskytuj\u00edc\u00ed \u0159e\u0161en\u00ed v oblasti t\u011bsn\u011bn\u00ed, akustiky, redukce vibrac\u00ed, konstruk\u010dn\u00edch v\u00fdztu\u017e\u00ed a kompozitn\u00edch materi\u00e1l\u016f. Spole\u010dnost L&amp;L Products pro\u0161la od za\u010d\u00e1tk\u016f sv\u00fdch zakladatel\u016f Boba Ligona a Gena Laneho, vyr\u00e1b\u011bj\u00edc\u00edch prvn\u00ed v\u00fdrobky ve vlastn\u00ed kuchy\u0148sk\u00e9 troub\u011b v roce 1958, dlouhou cestu a\u017e k nyn\u011bj\u0161\u00edm v\u00fdrobn\u00edm z\u00e1vod\u016fm na cel\u00e9m sv\u011bt\u011b.\u00a0\u00a0<\/p>\n<p class=\"in-view\">Z\u00edskali jsme unik\u00e1tn\u00ed zku\u0161enosti v hled\u00e1n\u00ed \u0159e\u0161en\u00ed na m\u00edru a poskytov\u00e1n\u00ed hodnotn\u00fdch \u0159e\u0161en\u00ed pro automobilov\u00fd a leteck\u00fd pr\u016fmysl, u\u017eitkov\u00e1 vozidla a \u017eelezni\u010dn\u00ed pr\u016fmysl, stejn\u011b jako pro dal\u0161\u00ed pr\u016fmyslov\u00e9 aplikace. Star\u00e1me se o na\u0161e zam\u011bstnance, nebo\u0165 jsou to oni, kdo n\u00e1m umo\u017e\u0148uj\u00ed soust\u0159edit se na to, co je d\u016fle\u017eit\u00e9 p\u0159i pln\u011bn\u00ed pot\u0159eb z\u00e1kazn\u00edk\u016f: spole\u010dn\u00e9 hodnoty, v\u011bda o materi\u00e1lech, kvalitn\u00ed in\u017een\u00fdrstv\u00ed, z\u00e1kaznick\u00e9 slu\u017eby a v\u00fdrobn\u00ed odbornost.\u00a0<\/p>\n<p class=\"in-view\">D\u00edky v\u00fdrobn\u00edm z\u00e1vod\u016fm v USA, Evrop\u011b, \u010c\u00edn\u011b, Indii, Turecku a Braz\u00edlii v\u010detn\u011b strategicky situovan\u00fdch provozn\u00edch dce\u0159in\u00fdch spole\u010dnost\u00ed dok\u00e1\u017eeme na\u0161\u00ed celosv\u011btov\u00e9 z\u00e1kaznick\u00e9 z\u00e1kladn\u011b poskytnout m\u00edstn\u00ed podporu. V sou\u010dasnosti dod\u00e1v\u00e1me v\u00fdrobky do v\u00edce ne\u017e 30 zem\u00ed a m\u00e1me v\u00edce ne\u017e 1200 zam\u011bstnanc\u016f na cel\u00e9m sv\u011bt\u011b.\u00a0<\/p>\n<\/div><\/div><\/div><\/div><div class=\"et_pb_row_inner_1 et_pb_row_inner et_pb_gutters1 et_block_row\"><div class=\"et_pb_column_inner_1 et_pb_column_inner et_pb_column et_pb_column_3_8 et_block_column et_pb_css_mix_blend_mode_passthrough\"><div class=\"et_pb_code_0 et_pb_code et_pb_module\"><\/div><\/div><div class=\"et_pb_column_inner_2 et_pb_column_inner et_pb_column et_pb_column_3_8 et-last-child et_block_column et_pb_css_mix_blend_mode_passthrough\"><div class=\"et_pb_text_3 et_pb_text et_pb_bg_layout_dark et_pb_module et_block_module\"><div class=\"et_pb_text_inner\"><p>L&amp;L Products \u2013 Chceme vytvo\u0159it lep\u0161\u00ed prost\u0159ed\u00ed pro ka\u017ed\u00e9ho z n\u00e1s<\/p>\n<\/div><\/div><\/div><\/div><div class=\"et_pb_row_inner_2 et_pb_row_inner et_block_row\"><div class=\"et_pb_column_inner_3 et_pb_column_inner et_pb_column et_pb_column_4_4 et-last-child et_block_column et_pb_css_mix_blend_mode_passthrough\"><div class=\"et_pb_text_4 et_pb_text et_pb_bg_layout_light et_animated et_pb_module et_block_module\"><div class=\"et_pb_text_inner\"><h2 class=\"in-view\">\u010c\u00edm se zab\u00fdv\u00e1me<\/h2>\n<\/div><\/div><div class=\"et_pb_text_5 et_pb_text et_pb_bg_layout_light et_animated et_pb_module et_block_module\"><div class=\"et_pb_text_inner\"><p class=\"in-view\">Neupsali jsme se z\u00e1konu \u201ejedna velikost sta\u010d\u00ed v\u0161em\u201c, nebo\u0165 jsme p\u0159esv\u011bd\u010deni, \u017ee ka\u017ed\u00fd projekt vy\u017eaduje individu\u00e1ln\u00ed \u0159e\u0161en\u00ed \u201e\u0161it\u00e9 na m\u00edru\u201c.\u00a0\u00a0<\/p>\n<p class=\"in-view\">Za\u010d\u00edn\u00e1me v\u017edy pochopen\u00edm specifick\u00fdch pot\u0159eb a po\u017eadavk\u016f z\u00e1kazn\u00edka, a pot\u00e9 uplat\u0148ujeme svoje odborn\u00e9 znalosti a nad\u0161en\u00ed na vy\u0159e\u0161en\u00ed probl\u00e9mu, abychom vyvinuli nejvhodn\u011bj\u0161\u00ed \u0159e\u0161en\u00ed.\u00a0<\/p>\n<p class=\"in-view\">Nep\u0159etr\u017eit\u011b investujeme do \u00fasil\u00ed v oblasti v\u00fdzkumu a v\u00fdvoje, spojuj\u00edc poznatky v\u011bdy o materi\u00e1lech, po\u010d\u00edta\u010dov\u00fd design, kone\u010dnou anal\u00fdzu sou\u010d\u00e1stek, tvorbu prototyp\u016f, testuj\u00edc\u00ed a v\u00fdrobn\u00ed technologii, abychom na\u0161im z\u00e1kazn\u00edk\u016fm dok\u00e1zali nab\u00eddnout jak specifick\u00e9, tak standardn\u00ed v\u00fdrobky.\u00a0<\/p>\n<\/div><\/div><\/div><\/div><\/div><\/div><\/div><div class=\"et_pb_section_2 et_pb_section et_section_regular et_block_section\"><div class=\"et_pb_row_2 et_pb_row et_block_row\"><div class=\"et_pb_column_5 et_pb_column et_pb_column_4_4 et-last-child et_block_column et_pb_css_mix_blend_mode_passthrough\"><div class=\"et_pb_text_6 et_pb_text et_pb_bg_layout_light et_animated et_pb_module et_block_module inner-title-sm gry-line-divider\"><div class=\"et_pb_text_inner\"><h2>V\u00edce o L&amp;L<\/h2>\n<\/div><\/div><\/div><\/div><div class=\"et_pb_row_3 et_pb_row et_block_row\"><div class=\"et_pb_column_6 et_pb_column et_pb_column_1_2 et_block_column et_pb_css_mix_blend_mode_passthrough et_animated\"><div class=\"et_pb_text_7 et_pb_text et_pb_bg_layout_light et_pb_module et_block_module\"><div class=\"et_pb_text_inner\"><h3>Hodnoty a kultura<\/h3>\n<\/div><\/div><div class=\"et_pb_text_8 et_pb_text et_pb_bg_layout_light et_pb_module et_block_module\"><div class=\"et_pb_text_inner\"><p>S c\u00edlem zachovat p\u0159\u00edjemn\u00e9 prost\u0159ed\u00ed pro v\u0161echny, koho se to t\u00fdk\u00e1, jsme stanovili vysok\u00e9 hodnoty mor\u00e1ln\u00ed a mezilidsk\u00e9 bez\u00fahonnosti. Cel\u00e1 \u0159ada pravidel n\u00e1m napom\u00e1h\u00e1 v dodr\u017eov\u00e1n\u00ed t\u011bchto standard\u016f.<\/p>\n<\/div><\/div><div class=\"et_pb_module et_pb_button_module_wrapper et_pb_button_1_wrapper\"><a class=\"et_pb_button_1 et_pb_button et_pb_bg_layout_light et_pb_module et_block_module secondary\" href=\"\/company\/values\">V\u00edce informac\u00ed <\/a><\/div><\/div><div class=\"et_pb_column_7 et_pb_column et_pb_column_1_2 et-last-child et_block_column et_pb_css_mix_blend_mode_passthrough et_animated\"><div class=\"et_pb_text_9 et_pb_text et_pb_bg_layout_light et_pb_module et_block_module\"><div class=\"et_pb_text_inner\"><h3>Historie<\/h3>\n<\/div><\/div><div class=\"et_pb_text_10 et_pb_text et_pb_bg_layout_light et_pb_module et_block_module\"><div class=\"et_pb_text_inner\"><p>Pohl\u00ed\u017e\u00edme na v\u00edce ne\u017e 60 let in\u017een\u00fdrsk\u00fdch a inova\u010dn\u00edch \u00fasp\u011bch\u016f - a pokra\u010dujeme v psan\u00ed vlastn\u00ed historie.<\/p>\n<\/div><\/div><div class=\"et_pb_module et_pb_button_module_wrapper et_pb_button_2_wrapper\"><a class=\"et_pb_button_2 et_pb_button et_pb_bg_layout_light et_pb_module et_block_module secondary\" href=\"\/company\/history\">V\u00edce zde <\/a><\/div><\/div><\/div><div class=\"et_pb_row_4 et_pb_row et_block_row\"><div class=\"et_pb_column_8 et_pb_column et_pb_column_1_2 et_block_column et_pb_css_mix_blend_mode_passthrough et_animated\"><div class=\"et_pb_text_11 et_pb_text et_pb_bg_layout_light et_pb_module et_block_module\"><div class=\"et_pb_text_inner\"><h3>Pobo\u010dky<\/h3>\n<\/div><\/div><div class=\"et_pb_text_12 et_pb_text et_pb_bg_layout_light et_pb_module et_block_module\"><div class=\"et_pb_text_inner\"><p>Na\u0161im z\u00e1kazn\u00edk\u016fm nab\u00edz\u00edme specifick\u00fd servis a prvot\u0159\u00eddn\u00ed v\u00fdrobu po cel\u00e9m sv\u011bt\u011b.<\/p>\n<\/div><\/div><div class=\"et_pb_module et_pb_button_module_wrapper et_pb_button_3_wrapper\"><a class=\"et_pb_button_3 et_pb_button et_pb_bg_layout_light et_pb_module et_block_module secondary\" href=\"\/company\/locations\">Kde n\u00e1s najdete <\/a><\/div><\/div><div class=\"et_pb_column_9 et_pb_column et_pb_column_1_2 et-last-child et_block_column et_pb_css_mix_blend_mode_passthrough et_animated\"><div class=\"et_pb_text_13 et_pb_text et_pb_bg_layout_light et_pb_module et_block_module\"><div class=\"et_pb_text_inner\"><h3>Spole\u010densk\u00e1 odpov\u011bdnost firem<\/h3>\n<\/div><\/div><div class=\"et_pb_text_14 et_pb_text et_pb_bg_layout_light et_pb_module et_block_module\"><div class=\"et_pb_text_inner\"><p>Spole\u010dnost L&amp;L\u2122 se sna\u017e\u00ed b\u00fdt sv\u011bdomitou spole\u010dnost\u00ed, kde jsou udr\u017eitelnost, bezpe\u010dnost a podpora komunity ned\u00edlnou sou\u010d\u00e1st\u00ed na\u0161\u00ed ka\u017edodenn\u00ed \u010dinnosti.<\/p>\n<\/div><\/div><div class=\"et_pb_module et_pb_button_module_wrapper et_pb_button_4_wrapper\"><a class=\"et_pb_button_4 et_pb_button et_pb_bg_layout_light et_pb_module et_block_module secondary\" href=\"\/company\/corporate-social-responsibility\">Jak o to usilujeme <\/a><\/div><\/div><\/div><\/div>\n","protected":false},"excerpt":{"rendered":"","protected":false},"author":4,"featured_media":454,"parent":0,"menu_order":0,"comment_status":"closed","ping_status":"closed","template":"","meta":{"_acf_changed":false,"inline_featured_image":false,"footnotes":""},"class_list":["post-451","page","type-page","status-publish","has-post-thumbnail","hentry"],"acf":[],"dsm_author":{"name":"lafata","avatar_url":"https:\/\/secure.gravatar.com\/avatar\/66f6e75e3378137d9b1a20f7ad6c54aa6acecd8466704fadf5641de9af89b844?s=96&d=mm&r=g","archive_link":"https:\/\/www.llproducts.com\/cs-cz\/news-events\/author\/lafata\/","biodata":""},"dsm_categories":[],"dsm_attachment_categories":[],"dsm_featured_image":{"thumbnail":"https:\/\/www.llproducts.com\/cs-cz\/wp-content\/uploads\/sites\/17\/2024\/09\/llp_company_overview_header_img-150x150.jpg","medium":"https:\/\/www.llproducts.com\/cs-cz\/wp-content\/uploads\/sites\/17\/2024\/09\/llp_company_overview_header_img-300x131.jpg","medium_large":"https:\/\/www.llproducts.com\/cs-cz\/wp-content\/uploads\/sites\/17\/2024\/09\/llp_company_overview_header_img-768x335.jpg","large":"https:\/\/www.llproducts.com\/cs-cz\/wp-content\/uploads\/sites\/17\/2024\/09\/llp_company_overview_header_img-1024x446.jpg","1536x1536":"https:\/\/www.llproducts.com\/cs-cz\/wp-content\/uploads\/sites\/17\/2024\/09\/llp_company_overview_header_img.jpg","2048x2048":"https:\/\/www.llproducts.com\/cs-cz\/wp-content\/uploads\/sites\/17\/2024\/09\/llp_company_overview_header_img.jpg","et-pb-post-main-image":"https:\/\/www.llproducts.com\/cs-cz\/wp-content\/uploads\/sites\/17\/2024\/09\/llp_company_overview_header_img-400x250.jpg","et-pb-post-main-image-fullwidth":"https:\/\/www.llproducts.com\/cs-cz\/wp-content\/uploads\/sites\/17\/2024\/09\/llp_company_overview_header_img-1080x645.jpg","et-pb-portfolio-image":"https:\/\/www.llproducts.com\/cs-cz\/wp-content\/uploads\/sites\/17\/2024\/09\/llp_company_overview_header_img-400x284.jpg","et-pb-portfolio-module-image":"https:\/\/www.llproducts.com\/cs-cz\/wp-content\/uploads\/sites\/17\/2024\/09\/llp_company_overview_header_img-510x382.jpg","et-pb-portfolio-image-single":"https:\/\/www.llproducts.com\/cs-cz\/wp-content\/uploads\/sites\/17\/2024\/09\/llp_company_overview_header_img-1080x471.jpg","et-pb-gallery-module-image-portrait":"https:\/\/www.llproducts.com\/cs-cz\/wp-content\/uploads\/sites\/17\/2024\/09\/llp_company_overview_header_img-400x516.jpg","et-pb-post-main-image-fullwidth-large":"https:\/\/www.llproducts.com\/cs-cz\/wp-content\/uploads\/sites\/17\/2024\/09\/llp_company_overview_header_img.jpg","et-pb-image--responsive--desktop":"https:\/\/www.llproducts.com\/cs-cz\/wp-content\/uploads\/sites\/17\/2024\/09\/llp_company_overview_header_img-1280x558.jpg","et-pb-image--responsive--tablet":"https:\/\/www.llproducts.com\/cs-cz\/wp-content\/uploads\/sites\/17\/2024\/09\/llp_company_overview_header_img-980x427.jpg","et-pb-image--responsive--phone":"https:\/\/www.llproducts.com\/cs-cz\/wp-content\/uploads\/sites\/17\/2024\/09\/llp_company_overview_header_img-480x209.jpg","gform-image-choice-sm":"https:\/\/www.llproducts.com\/cs-cz\/wp-content\/uploads\/sites\/17\/2024\/09\/llp_company_overview_header_img.jpg","gform-image-choice-md":"https:\/\/www.llproducts.com\/cs-cz\/wp-content\/uploads\/sites\/17\/2024\/09\/llp_company_overview_header_img.jpg","gform-image-choice-lg":"https:\/\/www.llproducts.com\/cs-cz\/wp-content\/uploads\/sites\/17\/2024\/09\/llp_company_overview_header_img.jpg","full":"https:\/\/www.llproducts.com\/cs-cz\/wp-content\/uploads\/sites\/17\/2024\/09\/llp_company_overview_header_img.jpg"},"yoast_head":"<!-- This site is optimized with the Yoast SEO Premium plugin v27.5 (Yoast SEO v27.6) - https:\/\/yoast.com\/product\/yoast-seo-premium-wordpress\/ -->\n<title>Spole\u010dnost - L&amp;L Products - aplikovan\u00e9 in\u017een\u00fdrstv\u00ed a v\u011bda o materi\u00e1lech<\/title>\n<meta name=\"robots\" content=\"index, follow, max-snippet:-1, max-image-preview:large, max-video-preview:-1\" \/>\n<link rel=\"canonical\" href=\"https:\/\/www.llproducts.com\/cs-cz\/spolecnost\/\" \/>\n<meta property=\"og:locale\" content=\"cs_CZ\" \/>\n<meta property=\"og:type\" content=\"article\" \/>\n<meta property=\"og:title\" content=\"Spole\u010dnost\" \/>\n<meta property=\"og:url\" content=\"https:\/\/www.llproducts.com\/cs-cz\/spolecnost\/\" \/>\n<meta property=\"og:site_name\" content=\"L&amp;L Products - aplikovan\u00e9 in\u017een\u00fdrstv\u00ed a v\u011bda o materi\u00e1lech\" \/>\n<meta property=\"article:modified_time\" content=\"2026-04-16T17:34:12+00:00\" \/>\n<meta property=\"og:image\" content=\"https:\/\/www.llproducts.com\/cs-cz\/wp-content\/uploads\/sites\/17\/2024\/09\/llp_company_overview_header_img.jpg\" \/>\n\t<meta property=\"og:image:width\" content=\"1480\" \/>\n\t<meta property=\"og:image:height\" content=\"645\" \/>\n\t<meta property=\"og:image:type\" content=\"image\/jpeg\" \/>\n<meta name=\"twitter:card\" content=\"summary_large_image\" \/>\n<meta name=\"twitter:label1\" content=\"Est. reading time\" \/>\n\t<meta name=\"twitter:data1\" content=\"3 minuty\" \/>\n<script type=\"application\/ld+json\" class=\"yoast-schema-graph\">{\"@context\":\"https:\\\/\\\/schema.org\",\"@graph\":[{\"@type\":\"WebPage\",\"@id\":\"https:\\\/\\\/www.llproducts.com\\\/cs-cz\\\/spolecnost\\\/\",\"url\":\"https:\\\/\\\/www.llproducts.com\\\/cs-cz\\\/spolecnost\\\/\",\"name\":\"Spole\u010dnost - L&amp;L Products - aplikovan\u00e9 in\u017een\u00fdrstv\u00ed a v\u011bda o materi\u00e1lech\",\"isPartOf\":{\"@id\":\"https:\\\/\\\/www.llproducts.com\\\/cs-cz\\\/#website\"},\"primaryImageOfPage\":{\"@id\":\"https:\\\/\\\/www.llproducts.com\\\/cs-cz\\\/spolecnost\\\/#primaryimage\"},\"image\":{\"@id\":\"https:\\\/\\\/www.llproducts.com\\\/cs-cz\\\/spolecnost\\\/#primaryimage\"},\"thumbnailUrl\":\"https:\\\/\\\/www.llproducts.com\\\/cs-cz\\\/wp-content\\\/uploads\\\/sites\\\/17\\\/2024\\\/09\\\/llp_company_overview_header_img.jpg\",\"datePublished\":\"2024-09-06T18:27:20+00:00\",\"dateModified\":\"2026-04-16T17:34:12+00:00\",\"breadcrumb\":{\"@id\":\"https:\\\/\\\/www.llproducts.com\\\/cs-cz\\\/spolecnost\\\/#breadcrumb\"},\"inLanguage\":\"cs\",\"potentialAction\":[{\"@type\":\"ReadAction\",\"target\":[\"https:\\\/\\\/www.llproducts.com\\\/cs-cz\\\/spolecnost\\\/\"]}]},{\"@type\":\"ImageObject\",\"inLanguage\":\"cs\",\"@id\":\"https:\\\/\\\/www.llproducts.com\\\/cs-cz\\\/spolecnost\\\/#primaryimage\",\"url\":\"https:\\\/\\\/www.llproducts.com\\\/cs-cz\\\/wp-content\\\/uploads\\\/sites\\\/17\\\/2024\\\/09\\\/llp_company_overview_header_img.jpg\",\"contentUrl\":\"https:\\\/\\\/www.llproducts.com\\\/cs-cz\\\/wp-content\\\/uploads\\\/sites\\\/17\\\/2024\\\/09\\\/llp_company_overview_header_img.jpg\",\"width\":1480,\"height\":645,\"caption\":\"A man using a VR headset\"},{\"@type\":\"BreadcrumbList\",\"@id\":\"https:\\\/\\\/www.llproducts.com\\\/cs-cz\\\/spolecnost\\\/#breadcrumb\",\"itemListElement\":[{\"@type\":\"ListItem\",\"position\":1,\"name\":\"Home\",\"item\":\"https:\\\/\\\/www.llproducts.com\\\/cs-cz\\\/\"},{\"@type\":\"ListItem\",\"position\":2,\"name\":\"Spole\u010dnost\"}]},{\"@type\":\"WebSite\",\"@id\":\"https:\\\/\\\/www.llproducts.com\\\/cs-cz\\\/#website\",\"url\":\"https:\\\/\\\/www.llproducts.com\\\/cs-cz\\\/\",\"name\":\"L&amp;L Products - aplikovan\u00e9 in\u017een\u00fdrstv\u00ed a v\u011bda o materi\u00e1lech\",\"description\":\"\",\"potentialAction\":[{\"@type\":\"SearchAction\",\"target\":{\"@type\":\"EntryPoint\",\"urlTemplate\":\"https:\\\/\\\/www.llproducts.com\\\/cs-cz\\\/?s={search_term_string}\"},\"query-input\":{\"@type\":\"PropertyValueSpecification\",\"valueRequired\":true,\"valueName\":\"search_term_string\"}}],\"inLanguage\":\"cs\"}]}<\/script>\n<!-- \/ Yoast SEO Premium plugin. -->","yoast_head_json":{"title":"Spole\u010dnost - L&amp;L Products - aplikovan\u00e9 in\u017een\u00fdrstv\u00ed a v\u011bda o materi\u00e1lech","robots":{"index":"index","follow":"follow","max-snippet":"max-snippet:-1","max-image-preview":"max-image-preview:large","max-video-preview":"max-video-preview:-1"},"canonical":"https:\/\/www.llproducts.com\/cs-cz\/spolecnost\/","og_locale":"cs_CZ","og_type":"article","og_title":"Spole\u010dnost","og_url":"https:\/\/www.llproducts.com\/cs-cz\/spolecnost\/","og_site_name":"L&amp;L Products - aplikovan\u00e9 in\u017een\u00fdrstv\u00ed a v\u011bda o materi\u00e1lech","article_modified_time":"2026-04-16T17:34:12+00:00","og_image":[{"width":1480,"height":645,"url":"https:\/\/www.llproducts.com\/cs-cz\/wp-content\/uploads\/sites\/17\/2024\/09\/llp_company_overview_header_img.jpg","type":"image\/jpeg"}],"twitter_card":"summary_large_image","twitter_misc":{"Est. reading time":"3 minuty"},"schema":{"@context":"https:\/\/schema.org","@graph":[{"@type":"WebPage","@id":"https:\/\/www.llproducts.com\/cs-cz\/spolecnost\/","url":"https:\/\/www.llproducts.com\/cs-cz\/spolecnost\/","name":"Spole\u010dnost - L&amp;L Products - aplikovan\u00e9 in\u017een\u00fdrstv\u00ed a v\u011bda o materi\u00e1lech","isPartOf":{"@id":"https:\/\/www.llproducts.com\/cs-cz\/#website"},"primaryImageOfPage":{"@id":"https:\/\/www.llproducts.com\/cs-cz\/spolecnost\/#primaryimage"},"image":{"@id":"https:\/\/www.llproducts.com\/cs-cz\/spolecnost\/#primaryimage"},"thumbnailUrl":"https:\/\/www.llproducts.com\/cs-cz\/wp-content\/uploads\/sites\/17\/2024\/09\/llp_company_overview_header_img.jpg","datePublished":"2024-09-06T18:27:20+00:00","dateModified":"2026-04-16T17:34:12+00:00","breadcrumb":{"@id":"https:\/\/www.llproducts.com\/cs-cz\/spolecnost\/#breadcrumb"},"inLanguage":"cs","potentialAction":[{"@type":"ReadAction","target":["https:\/\/www.llproducts.com\/cs-cz\/spolecnost\/"]}]},{"@type":"ImageObject","inLanguage":"cs","@id":"https:\/\/www.llproducts.com\/cs-cz\/spolecnost\/#primaryimage","url":"https:\/\/www.llproducts.com\/cs-cz\/wp-content\/uploads\/sites\/17\/2024\/09\/llp_company_overview_header_img.jpg","contentUrl":"https:\/\/www.llproducts.com\/cs-cz\/wp-content\/uploads\/sites\/17\/2024\/09\/llp_company_overview_header_img.jpg","width":1480,"height":645,"caption":"A man using a VR headset"},{"@type":"BreadcrumbList","@id":"https:\/\/www.llproducts.com\/cs-cz\/spolecnost\/#breadcrumb","itemListElement":[{"@type":"ListItem","position":1,"name":"Home","item":"https:\/\/www.llproducts.com\/cs-cz\/"},{"@type":"ListItem","position":2,"name":"Spole\u010dnost"}]},{"@type":"WebSite","@id":"https:\/\/www.llproducts.com\/cs-cz\/#website","url":"https:\/\/www.llproducts.com\/cs-cz\/","name":"L&amp;L Products - aplikovan\u00e9 in\u017een\u00fdrstv\u00ed a v\u011bda o materi\u00e1lech","description":"","potentialAction":[{"@type":"SearchAction","target":{"@type":"EntryPoint","urlTemplate":"https:\/\/www.llproducts.com\/cs-cz\/?s={search_term_string}"},"query-input":{"@type":"PropertyValueSpecification","valueRequired":true,"valueName":"search_term_string"}}],"inLanguage":"cs"}]}},"_links":{"self":[{"href":"https:\/\/www.llproducts.com\/cs-cz\/wp-json\/wp\/v2\/pages\/451","targetHints":{"allow":["GET"]}}],"collection":[{"href":"https:\/\/www.llproducts.com\/cs-cz\/wp-json\/wp\/v2\/pages"}],"about":[{"href":"https:\/\/www.llproducts.com\/cs-cz\/wp-json\/wp\/v2\/types\/page"}],"author":[{"embeddable":true,"href":"https:\/\/www.llproducts.com\/cs-cz\/wp-json\/wp\/v2\/users\/4"}],"replies":[{"embeddable":true,"href":"https:\/\/www.llproducts.com\/cs-cz\/wp-json\/wp\/v2\/comments?post=451"}],"version-history":[{"count":0,"href":"https:\/\/www.llproducts.com\/cs-cz\/wp-json\/wp\/v2\/pages\/451\/revisions"}],"wp:featuredmedia":[{"embeddable":true,"href":"https:\/\/www.llproducts.com\/cs-cz\/wp-json\/wp\/v2\/media\/454"}],"wp:attachment":[{"href":"https:\/\/www.llproducts.com\/cs-cz\/wp-json\/wp\/v2\/media?parent=451"}],"curies":[{"name":"wp","href":"https:\/\/api.w.org\/{rel}","templated":true}]}}