{"id":9882,"date":"2024-10-21T14:46:39","date_gmt":"2024-10-21T14:46:39","guid":{"rendered":"https:\/\/llproducts1.wpenginepowered.com\/cs-cz\/?page_id=9882"},"modified":"2026-04-16T17:33:35","modified_gmt":"2026-04-16T17:33:35","slug":"pravni-upozorneni","status":"publish","type":"page","link":"https:\/\/www.llproducts.com\/cs-cz\/pravni-upozorneni\/","title":{"rendered":"Pr\u00e1vn\u00ed upozorn\u011bn\u00ed"},"content":{"rendered":"\n<div class=\"et_pb_section_0 et_pb_section et_section_regular et_block_section\"><div class=\"et_pb_row_0 et_pb_row et_block_row\"><div class=\"et_pb_column_0 et_pb_column et_pb_column_4_4 et-last-child et_block_column et_pb_css_mix_blend_mode_passthrough\"><div class=\"et_pb_sidebar_0 et_pb_widget_area clearfix et_pb_widget_area_left et_pb_bg_layout_light et_pb_sidebar_no_border et_pb_module et_block_module breadcrumbs\"><div id=\"block-10\" class=\"et_pb_widget widget_block\"><div class=\"yoast-breadcrumbs\"><span><span><a href=\"https:\/\/www.llproducts.com\/cs-cz\/\">Home<\/a><\/span> <span aria-hidden=\"true\" data-icon=\"\ue93c\" class=\"icomoon icon-chevron-right\"><\/span> <span class=\"breadcrumb_last\" aria-current=\"page\">Pr\u00e1vn\u00ed upozorn\u011bn\u00ed<\/span><\/span><\/div><\/div><\/div><\/div><\/div><\/div><div class=\"et_pb_section_1 et_pb_section et_section_regular et_block_section\"><div class=\"et_pb_row_1 et_pb_row et_block_row\"><div class=\"et_pb_column_1 et_pb_column et_pb_column_4_4 et-last-child et_block_column et_pb_css_mix_blend_mode_passthrough\"><div class=\"et_pb_text_0 et_pb_text et_pb_bg_layout_light et_animated et_pb_module et_block_module inner-title\"><div class=\"et_pb_text_inner\"><h1>Pr\u00e1vn\u00ed upozorn\u011bn\u00ed<\/h1>\n<\/div><\/div><div class=\"et_pb_text_1 et_pb_text et_pb_bg_layout_light et_animated et_pb_module et_block_module\"><div class=\"et_pb_text_inner\"><div class=\"content-container content-container--indented\">\n<div class=\"ce default ce-text\" id=\"c5621\">\n<p class=\"in-view\"><strong>Editor:<\/strong><br \/>L&amp;L Products, Inc.<br \/>160 McLean Drive<br \/>Romeo, MI 48065<br \/>Spojen\u00e9\u00a0st\u00e1ty\u00a0americk\u00e9<\/p>\n<p class=\"in-view\"><strong>Telefon:<\/strong>\u00a0Tel.: +1 586 336 1700<br \/><strong>Fax:<\/strong>\u00a0+1 586 336 1699<br \/><a href=\"webmaster@llproducts.com\">webmaster@llproducts.com<\/a><br \/><strong>P\u0159edseda:<\/strong> John Babi<\/p>\n<p class=\"in-view\">Zapsan\u00e1\u00a0v\u00a0Michiganu\u00a0pod\u00a0identifika\u010dn\u00edm\u00a0\u010d\u00edslem: 800123505<br \/><strong>\u0158editel\u00a0publikace:\u00a0<\/strong>Andrea Smith, Global Market Communication Manager<\/p>\n<p class=\"in-view\"><strong>Webhosting:<\/strong> Tato webov\u00e1 str\u00e1nka je hostitelem Basso Marketing Agency<\/p>\n<p class=\"in-view\"><strong>Podm\u00ednky\u00a0pou\u017eit\u00ed:\u00a0<\/strong><\/p>\n<p class=\"in-view\">V\u0161echny\u00a0informace\u00a0obsa\u017een\u00e9\u00a0na\u00a0t\u00e9to\u00a0webov\u00e9\u00a0str\u00e1nce\u00a0jsou\u00a0pova\u017eov\u00e1ny\u00a0za\u00a0p\u0159esn\u00e9\u00a0a\u00a0aktu\u00e1ln\u00ed\u00a0v den\u00a0nahr\u00e1n\u00ed\u00a0obsahu\u00a0na\u00a0webov\u00e9\u00a0str\u00e1nky.<\/p>\n<p class=\"in-view\">Obsah\u00a0m\u016f\u017ee\u00a0b\u00fdt\u00a0kdykoli\u00a0zm\u011bn\u011bn\u00a0bez\u00a0p\u0159edchoz\u00edho\u00a0upozorn\u011bn\u00ed.\u00a0Informace\u00a0dostupn\u00e9\u00a0na\u00a0t\u011bchto\u00a0webov\u00fdch\u00a0str\u00e1nk\u00e1ch\u00a0jsou\u00a0poskytov\u00e1ny\u00a0\"tak,\u00a0jak\u00a0jsou\" a v\u00a0rozsahu\u00a0povolen\u00e9m\u00a0z\u00e1konem\u00a0jsou\u00a0poskytov\u00e1ny\u00a0bez\u00a0jak\u00e9koli\u00a0z\u00e1ruky, v\u00fdslovn\u00e9\u00a0nebo\u00a0p\u0159edpokl\u00e1dan\u00e9,\u00a0v\u010detn\u011b,\u00a0ale\u00a0bez\u00a0omezen\u00ed\u00a0na\u00a0jak\u00e9koli\u00a0p\u0159edpokl\u00e1dan\u00e9\u00a0z\u00e1ruky\u00a0obchodovatelnosti,\u00a0vhodnosti\u00a0pro\u00a0ur\u010dit\u00fd\u00a0\u00fa\u010del\u00a0nebo\u00a0neporu\u0161en\u00ed du\u0161evn\u00edho\u00a0vlastnictv\u00ed.\u00a0Doporu\u010dujeme\u00a0nez\u00e1visle\u00a0testovat\u00a0a\u00a0vyhodnocovat\u00a0produkty\u00a0a\u00a0\u0159e\u0161en\u00ed\u00a0pro\u00a0jejich\u00a0zam\u00fd\u0161len\u00e9\u00a0pou\u017eit\u00ed. Obsah\u00a0na\u0161ich\u00a0webov\u00fdch\u00a0str\u00e1nek\u00a0byl\u00a0vytvo\u0159en\u00a0s\u00a0maxim\u00e1ln\u00ed\u00a0p\u00e9\u010d\u00ed.\u00a0Nem\u016f\u017eeme\u00a0v\u0161ak\u00a0zaru\u010dit\u00a0jeho\u00a0p\u0159esnost,\u00a0\u00faplnost\u00a0nebo\u00a0aktu\u00e1lnost.<\/p>\n<p class=\"in-view\">Ve\u0161ker\u00fd\u00a0obsah\u00a0t\u00e9to\u00a0webov\u00e9\u00a0str\u00e1nky\u00a0je\u00a0chr\u00e1n\u011bn\u00a0autorsk\u00fdmi\u00a0pr\u00e1vy.\u00a0Ka\u017ed\u00e1\u00a0forma\u00a0pou\u017eit\u00ed,\u00a0reprodukce\u00a0a\/nebo\u00a0\u00fapravy\u00a0jak\u00e9hokoli\u00a0obsahu\u00a0na\u0161ich\u00a0webov\u00fdch\u00a0str\u00e1nek\u00a0vy\u017eaduje n\u00e1\u0161\u00a0p\u0159edchoz\u00ed\u00a0souhlas.\u00a0M\u016f\u017eete\u00a0v\u0161ak\u00a0nahr\u00e1t\u00a0nebo\u00a0vytisknout\u00a0webov\u00e9\u00a0str\u00e1nky\u00a0t\u011bchto\u00a0webov\u00fdch\u00a0str\u00e1nek\u00a0pro\u00a0va\u0161e\u00a0osobn\u00ed\u00a0pou\u017eit\u00ed.<\/p>\n<p class=\"in-view\">V\u0161echny n\u00e1zvy produkt\u016f jsou ochrann\u00fdmi zn\u00e1mkami spole\u010dnosti L&amp;amp;L\u00a0Products nebo jej\u00edch p\u0159idru\u017een\u00fdch spole\u010dnost\u00ed. Nen\u00ed-li povoleno jinak, m\u016f\u017ee pou\u017eit\u00ed nebo zneu\u017eit\u00ed t\u011bchto ochrann\u00fdch zn\u00e1mek nebo jak\u00e9hokoli jin\u00e9ho obsahu t\u011bchto webov\u00fdch str\u00e1nek poru\u0161ovat na\u0161e pr\u00e1va du\u0161evn\u00edho vlastnictv\u00ed.<\/p>\n<p class=\"in-view\">Tato webov\u00e1 str\u00e1nka m\u016f\u017ee obsahovat extern\u00ed odkazy na webov\u00e9 str\u00e1nky t\u0159et\u00edch stran. Tyto webov\u00e9 str\u00e1nky nejsou pod kontrolou spole\u010dnosti L&amp;amp;L\u00a0Products, Inc. a vzd\u00e1v\u00e1me se ve\u0161ker\u00e9 odpov\u011bdnosti, pokud jde o jejich obsah. Odkazy na extern\u00ed webov\u00e9 str\u00e1nky neznamenaj\u00ed, \u017ee spole\u010dnost L&amp;L\u00a0Products, Inc. tyto webov\u00e9 str\u00e1nky schyt\u00e1. T\u0159et\u00ed strany nejsou opr\u00e1vn\u011bny vytv\u00e1\u0159et \u017e\u00e1dn\u00fd odkaz na na\u0161e webov\u00e9 str\u00e1nky, pokud nez\u00edskaly n\u00e1\u0161 p\u0159edchoz\u00ed p\u00edsemn\u00fd souhlas.<\/p>\n<p class=\"in-view\">Tato webov\u00e1 str\u00e1nka podl\u00e9h\u00e1 michigansk\u00fdm z\u00e1kon\u016fm USA. Ve\u0161ker\u00e9 soudn\u00ed spory t\u00fdkaj\u00edc\u00ed se n\u011bj nebo jeho obsahu budou p\u0159edlo\u017eeny soud\u016fm okresu Macomb, Michigan, USA.<\/p>\n<p class=\"in-view\">\n<p class=\"in-view\"><strong>Ozn\u00e1men\u00ed o ochrann\u00e9 zn\u00e1mce<\/strong><\/p>\n<p class=\"in-view\">N\u00e1sleduj\u00edc\u00ed ochrann\u00e9 zn\u00e1mky jsou majetkem spole\u010dnosti L&amp;L Products: Assert\u2122, Composite Body Solutions\u00ae, CBS\u2122, Continuous Composite Solutions\u00ae, CCS\u2122, L&amp;L CCS\u00ae, CCubed\u00ae, DECI-TEX\u00ae, Engineered Fiber Solutions\u2122, EFS\u2122, InsituCore\u00ae, L&amp;L Products\u00ae, PHASTER\u00ae, T-Link\u00ae, TRI-Seal\u00ae, eXtrude-In-Place\u2122, XIP\u00ae. V\u0161echna pr\u00e1va vyhrazena. V\u0161echny ostatn\u00ed zna\u010dky jsou majetkem p\u0159\u00edslu\u0161n\u00fdch vlastn\u00edk\u016f.<\/p>\n<\/div>\n<\/div>\n<\/div><\/div><div class=\"et_pb_text_2 et_pb_text et_pb_bg_layout_light et_animated et_pb_module et_block_module\"><div class=\"et_pb_text_inner\"><div class=\"content-container content-container--indented\">\n<div class=\"ce default ce-text\" id=\"c5621\">\n<p class=\"in-view\"><strong>Concept, Design &amp; Development <\/strong><br \/><a href=\"https:\/\/www.bassomarketingagency.com\/\" target=\"_blank\" rel=\"noopener\">Basso Marketing Agency<\/a><\/p>\n<p>251 Diversion Street<\/p>\n<p>Suite 202<\/p>\n<p>Rochester, MI 48307<\/p>\n<\/div>\n<\/div>\n<\/div><\/div><\/div><\/div><\/div>\n","protected":false},"excerpt":{"rendered":"","protected":false},"author":1,"featured_media":0,"parent":0,"menu_order":0,"comment_status":"closed","ping_status":"closed","template":"","meta":{"_acf_changed":false,"inline_featured_image":false,"footnotes":""},"class_list":["post-9882","page","type-page","status-publish","hentry"],"acf":[],"dsm_author":{"name":"llproducts1","avatar_url":"https:\/\/secure.gravatar.com\/avatar\/ff57a35214af8006652516432de5c162bed67b3636aa17b621bef09a36f1268d?s=96&d=mm&r=g","archive_link":"https:\/\/www.llproducts.com\/cs-cz\/news-events\/author\/llproducts1\/","biodata":""},"dsm_categories":[],"dsm_attachment_categories":[],"dsm_featured_image":null,"yoast_head":"<!-- This site is optimized with the Yoast SEO Premium plugin v27.5 (Yoast SEO v27.6) - https:\/\/yoast.com\/product\/yoast-seo-premium-wordpress\/ -->\n<title>Pr\u00e1vn\u00ed upozorn\u011bn\u00ed - L&amp;L Products - aplikovan\u00e9 in\u017een\u00fdrstv\u00ed a v\u011bda o materi\u00e1lech<\/title>\n<meta name=\"robots\" content=\"index, follow, max-snippet:-1, max-image-preview:large, max-video-preview:-1\" \/>\n<link rel=\"canonical\" href=\"https:\/\/www.llproducts.com\/cs-cz\/pravni-upozorneni\/\" \/>\n<meta property=\"og:locale\" content=\"cs_CZ\" \/>\n<meta property=\"og:type\" content=\"article\" \/>\n<meta property=\"og:title\" content=\"Pr\u00e1vn\u00ed upozorn\u011bn\u00ed\" \/>\n<meta property=\"og:url\" content=\"https:\/\/www.llproducts.com\/cs-cz\/pravni-upozorneni\/\" \/>\n<meta property=\"og:site_name\" content=\"L&amp;L Products - aplikovan\u00e9 in\u017een\u00fdrstv\u00ed a v\u011bda o materi\u00e1lech\" \/>\n<meta property=\"article:modified_time\" content=\"2026-04-16T17:33:35+00:00\" \/>\n<meta name=\"twitter:card\" content=\"summary_large_image\" \/>\n<meta name=\"twitter:label1\" content=\"Est. reading time\" \/>\n\t<meta name=\"twitter:data1\" content=\"2 minuty\" \/>\n<script type=\"application\/ld+json\" class=\"yoast-schema-graph\">{\"@context\":\"https:\\\/\\\/schema.org\",\"@graph\":[{\"@type\":\"WebPage\",\"@id\":\"https:\\\/\\\/www.llproducts.com\\\/cs-cz\\\/pravni-upozorneni\\\/\",\"url\":\"https:\\\/\\\/www.llproducts.com\\\/cs-cz\\\/pravni-upozorneni\\\/\",\"name\":\"Pr\u00e1vn\u00ed upozorn\u011bn\u00ed - L&amp;L Products - aplikovan\u00e9 in\u017een\u00fdrstv\u00ed a v\u011bda o materi\u00e1lech\",\"isPartOf\":{\"@id\":\"https:\\\/\\\/www.llproducts.com\\\/cs-cz\\\/#website\"},\"datePublished\":\"2024-10-21T14:46:39+00:00\",\"dateModified\":\"2026-04-16T17:33:35+00:00\",\"breadcrumb\":{\"@id\":\"https:\\\/\\\/www.llproducts.com\\\/cs-cz\\\/pravni-upozorneni\\\/#breadcrumb\"},\"inLanguage\":\"cs\",\"potentialAction\":[{\"@type\":\"ReadAction\",\"target\":[\"https:\\\/\\\/www.llproducts.com\\\/cs-cz\\\/pravni-upozorneni\\\/\"]}]},{\"@type\":\"BreadcrumbList\",\"@id\":\"https:\\\/\\\/www.llproducts.com\\\/cs-cz\\\/pravni-upozorneni\\\/#breadcrumb\",\"itemListElement\":[{\"@type\":\"ListItem\",\"position\":1,\"name\":\"Home\",\"item\":\"https:\\\/\\\/www.llproducts.com\\\/cs-cz\\\/\"},{\"@type\":\"ListItem\",\"position\":2,\"name\":\"Pr\u00e1vn\u00ed upozorn\u011bn\u00ed\"}]},{\"@type\":\"WebSite\",\"@id\":\"https:\\\/\\\/www.llproducts.com\\\/cs-cz\\\/#website\",\"url\":\"https:\\\/\\\/www.llproducts.com\\\/cs-cz\\\/\",\"name\":\"L&amp;L Products - aplikovan\u00e9 in\u017een\u00fdrstv\u00ed a v\u011bda o materi\u00e1lech\",\"description\":\"\",\"potentialAction\":[{\"@type\":\"SearchAction\",\"target\":{\"@type\":\"EntryPoint\",\"urlTemplate\":\"https:\\\/\\\/www.llproducts.com\\\/cs-cz\\\/?s={search_term_string}\"},\"query-input\":{\"@type\":\"PropertyValueSpecification\",\"valueRequired\":true,\"valueName\":\"search_term_string\"}}],\"inLanguage\":\"cs\"}]}<\/script>\n<!-- \/ Yoast SEO Premium plugin. -->","yoast_head_json":{"title":"Pr\u00e1vn\u00ed upozorn\u011bn\u00ed - L&amp;L Products - aplikovan\u00e9 in\u017een\u00fdrstv\u00ed a v\u011bda o materi\u00e1lech","robots":{"index":"index","follow":"follow","max-snippet":"max-snippet:-1","max-image-preview":"max-image-preview:large","max-video-preview":"max-video-preview:-1"},"canonical":"https:\/\/www.llproducts.com\/cs-cz\/pravni-upozorneni\/","og_locale":"cs_CZ","og_type":"article","og_title":"Pr\u00e1vn\u00ed upozorn\u011bn\u00ed","og_url":"https:\/\/www.llproducts.com\/cs-cz\/pravni-upozorneni\/","og_site_name":"L&amp;L Products - aplikovan\u00e9 in\u017een\u00fdrstv\u00ed a v\u011bda o materi\u00e1lech","article_modified_time":"2026-04-16T17:33:35+00:00","twitter_card":"summary_large_image","twitter_misc":{"Est. reading time":"2 minuty"},"schema":{"@context":"https:\/\/schema.org","@graph":[{"@type":"WebPage","@id":"https:\/\/www.llproducts.com\/cs-cz\/pravni-upozorneni\/","url":"https:\/\/www.llproducts.com\/cs-cz\/pravni-upozorneni\/","name":"Pr\u00e1vn\u00ed upozorn\u011bn\u00ed - L&amp;L Products - aplikovan\u00e9 in\u017een\u00fdrstv\u00ed a v\u011bda o materi\u00e1lech","isPartOf":{"@id":"https:\/\/www.llproducts.com\/cs-cz\/#website"},"datePublished":"2024-10-21T14:46:39+00:00","dateModified":"2026-04-16T17:33:35+00:00","breadcrumb":{"@id":"https:\/\/www.llproducts.com\/cs-cz\/pravni-upozorneni\/#breadcrumb"},"inLanguage":"cs","potentialAction":[{"@type":"ReadAction","target":["https:\/\/www.llproducts.com\/cs-cz\/pravni-upozorneni\/"]}]},{"@type":"BreadcrumbList","@id":"https:\/\/www.llproducts.com\/cs-cz\/pravni-upozorneni\/#breadcrumb","itemListElement":[{"@type":"ListItem","position":1,"name":"Home","item":"https:\/\/www.llproducts.com\/cs-cz\/"},{"@type":"ListItem","position":2,"name":"Pr\u00e1vn\u00ed upozorn\u011bn\u00ed"}]},{"@type":"WebSite","@id":"https:\/\/www.llproducts.com\/cs-cz\/#website","url":"https:\/\/www.llproducts.com\/cs-cz\/","name":"L&amp;L Products - aplikovan\u00e9 in\u017een\u00fdrstv\u00ed a v\u011bda o materi\u00e1lech","description":"","potentialAction":[{"@type":"SearchAction","target":{"@type":"EntryPoint","urlTemplate":"https:\/\/www.llproducts.com\/cs-cz\/?s={search_term_string}"},"query-input":{"@type":"PropertyValueSpecification","valueRequired":true,"valueName":"search_term_string"}}],"inLanguage":"cs"}]}},"_links":{"self":[{"href":"https:\/\/www.llproducts.com\/cs-cz\/wp-json\/wp\/v2\/pages\/9882","targetHints":{"allow":["GET"]}}],"collection":[{"href":"https:\/\/www.llproducts.com\/cs-cz\/wp-json\/wp\/v2\/pages"}],"about":[{"href":"https:\/\/www.llproducts.com\/cs-cz\/wp-json\/wp\/v2\/types\/page"}],"author":[{"embeddable":true,"href":"https:\/\/www.llproducts.com\/cs-cz\/wp-json\/wp\/v2\/users\/1"}],"replies":[{"embeddable":true,"href":"https:\/\/www.llproducts.com\/cs-cz\/wp-json\/wp\/v2\/comments?post=9882"}],"version-history":[{"count":0,"href":"https:\/\/www.llproducts.com\/cs-cz\/wp-json\/wp\/v2\/pages\/9882\/revisions"}],"wp:attachment":[{"href":"https:\/\/www.llproducts.com\/cs-cz\/wp-json\/wp\/v2\/media?parent=9882"}],"curies":[{"name":"wp","href":"https:\/\/api.w.org\/{rel}","templated":true}]}}