{"id":9883,"date":"2024-10-21T14:52:23","date_gmt":"2024-10-21T14:52:23","guid":{"rendered":"https:\/\/llproducts1.wpenginepowered.com\/cs-cz\/?page_id=9883"},"modified":"2026-04-16T17:33:33","modified_gmt":"2026-04-16T17:33:33","slug":"certifikaty","status":"publish","type":"page","link":"https:\/\/www.llproducts.com\/cs-cz\/certifikaty\/","title":{"rendered":"Certifik\u00e1ty"},"content":{"rendered":"\n<div class=\"et_pb_section_0 et_pb_section et_section_regular et_block_section\"><div class=\"et_pb_row_0 et_pb_row et_block_row\"><div class=\"et_pb_column_0 et_pb_column et_pb_column_4_4 et-last-child et_block_column et_pb_css_mix_blend_mode_passthrough\"><div class=\"et_pb_sidebar_0 et_pb_widget_area clearfix et_pb_widget_area_left et_pb_bg_layout_light et_pb_sidebar_no_border et_pb_module et_block_module breadcrumbs\"><div id=\"block-10\" class=\"et_pb_widget widget_block\"><div class=\"yoast-breadcrumbs\"><span><span><a href=\"https:\/\/www.llproducts.com\/cs-cz\/\">Home<\/a><\/span> <span aria-hidden=\"true\" data-icon=\"\ue93c\" class=\"icomoon icon-chevron-right\"><\/span> <span class=\"breadcrumb_last\" aria-current=\"page\">Certifik\u00e1ty<\/span><\/span><\/div><\/div><\/div><\/div><\/div><\/div><div class=\"et_pb_section_1 et_pb_section et_section_regular et_block_section\"><div class=\"et_pb_row_1 et_pb_row et_block_row\"><div class=\"et_pb_column_1 et_pb_column et_pb_column_4_4 et-last-child et_block_column et_pb_css_mix_blend_mode_passthrough\"><div class=\"et_pb_text_0 et_pb_text et_pb_bg_layout_light et_animated et_pb_module et_block_module inner-title\"><div class=\"et_pb_text_inner\"><h1>Certifik\u00e1ty<\/h1>\n<\/div><\/div><div class=\"et_pb_text_1 et_pb_text et_pb_bg_layout_light et_animated et_pb_module et_block_module\"><div class=\"et_pb_text_inner\"><div class=\"content-container content-container--indented\"><\/div>\n<div class=\"content-container content-container--indented\">\n<div id=\"c5621\" class=\"ce default ce-text\">\n<h3 class=\"h4 in-view\">Glob\u00e1ln\u00ed<\/h3>\n<ul>\n<li style=\"list-style-type: none;\">\n<ul>\n<li><a href=\"\/wp-content\/uploads\/sites\/17\/2024\/10\/information_security_policy_v3_2024.pdf\" target=\"_blank\" rel=\"noopener\">Politika zabezpe\u010den\u00ed informac\u00ed<\/a><\/li>\n<\/ul>\n<\/li>\n<\/ul>\n<h3 class=\"h4 in-view\">Amerika<\/h3>\n<p class=\"in-view\"><strong>Certifik\u00e1ty ve Spojen\u00fdch st\u00e1tech americk\u00fdch: z\u00e1vod v m\u011bst\u011b Romeo<\/strong><\/p>\n<ul>\n<li style=\"list-style-type: none;\">\n<ul class=\"in-view\">\n<li><a href=\"https:\/\/www.llproducts.com\/wp-content\/uploads\/2025\/04\/ISO-9001-2015-March-2027.pdf\">ISO 9001: 2015 - March 2027<\/a><\/li>\n<li><a href=\"\/wp-content\/uploads\/sites\/17\/2024\/10\/llp_romeo_iatf16949_march_2027.pdf\" target=\"_blank\" rel=\"noopener\">IATF 16949 \u2013\u00a0March 2027<\/a><\/li>\n<li><a href=\"\/wp-content\/uploads\/sites\/17\/2024\/10\/iso_14001_2015_march_2027.pdf\" target=\"_blank\" rel=\"noopener\">ISO 14001 \u2013 B\u0159ezen 2027<\/a><\/li>\n<li><a href=\"\/wp-content\/uploads\/sites\/17\/2024\/10\/romeo_iso_45001_cert_exp_2026.pdf\" target=\"_blank\" rel=\"noopener\">ISO 45001 \u2013 Listopad 2026<\/a><\/li>\n<li><a href=\"\/wp-content\/uploads\/2024\/12\/tisax_r__assessment_scope_s49k8w.pdf\" target=\"_blank\" rel=\"noopener\">TISAX\u00ae Assessment Scope S49K8W<\/a><\/li>\n<\/ul>\n<\/li>\n<\/ul>\n<p class=\"in-view\"><strong>Certifik\u00e1ty ve Spojen\u00fdch st\u00e1tech americk\u00fdch: z\u00e1vod v m\u011bst\u011b Columbia<\/strong><\/p>\n<ul>\n<li style=\"list-style-type: none;\">\n<ul class=\"in-view\">\n<li><a href=\"\/wp-content\/uploads\/sites\/17\/2024\/10\/iatf_16949_llp_south_carolina_april_2027.pdf\" target=\"_blank\" rel=\"noopener\">IATF 16949 \u2013 Duben 2027<\/a><\/li>\n<li><a href=\"\/wp-content\/uploads\/sites\/17\/2024\/11\/iso_45001_certification_llproducts_inc.pdf\" target=\"_blank\" rel=\"noopener\">ISO 45001 - Prosinec 2027<\/a><\/li>\n<\/ul>\n<\/li>\n<\/ul>\n<p class=\"in-view\"><strong>Certifik\u00e1ty v Braz\u00edlii: z\u00e1vod v S\u00e3o Paulo<\/strong><\/p>\n<ul>\n<li style=\"list-style-type: none;\">\n<ul class=\"in-view\">\n<li><a href=\"\/wp-content\/uploads\/2024\/12\/iatf16949_august_2027_v2.pdf\" target=\"_blank\" rel=\"noopener\">IATF 16949 \u2013 srpen 2027<\/a><\/li>\n<li><a href=\"\/wp-content\/uploads\/2024\/12\/iso9001_august_2027_v2.pdf\" target=\"_blank\" rel=\"noopener\">ISO 9001 \u2013 srpen 2027<\/a><\/li>\n<li><a href=\"\/wp-content\/uploads\/2024\/12\/iso_14001_may_2027_v2.pdf\" target=\"_blank\" rel=\"noopener\">ISO 14001:2015 - Smet 2027<\/a><\/li>\n<li><a href=\"https:\/\/www.llproducts.com\/wp-content\/uploads\/2025\/04\/TISAX\u00ae-Assessment-Scope-S3FYRZ.pdf\">TISAX\u00ae Assessment Scope S3FYRZ<\/a><\/li>\n<\/ul>\n<\/li>\n<\/ul>\n<h3 class=\"h4 in-view\">APAC<\/h3>\n<p class=\"in-view\"><strong>Certifik\u00e1ty v \u010c\u00edn\u011b: z\u00e1vod v \u0160anghaji<\/strong><\/p>\n<ul>\n<li style=\"list-style-type: none;\">\n<ul class=\"in-view\">\n<li><a href=\"\/wp-content\/uploads\/sites\/17\/2024\/10\/china_iatf_16949_june_2027.pdf\" target=\"_blank\" rel=\"noopener\">IATF 16949 \u2013 Cerven 2027<\/a><\/li>\n<li><a href=\"\/wp-content\/uploads\/sites\/17\/2024\/10\/china_iso14001_may_2027.pdf\" target=\"_blank\" rel=\"noopener\">ISO 14001 \u2013 Kv\u011bten 2027<\/a><\/li>\n<li><a href=\"https:\/\/www.llproducts.com\/wp-content\/uploads\/2026\/01\/China-ISO-45001-Certificate_May-2028.pdf\" target=\"_blank\" rel=\"noopener\">ISO 45001 - Kv\u011bten 2028<\/a><\/li>\n<li><a href=\"\/wp-content\/uploads\/sites\/17\/2024\/10\/china_as9100_may_2027.pdf\" target=\"_blank\" rel=\"noopener\">ISO 9001 - EN\/AS9100 \u00a0- May 2027<\/a><\/li>\n<li>\n<p class=\"p1\"><a href=\"https:\/\/www.llproducts.com\/wp-content\/uploads\/2025\/04\/TISAX\u00ae-Assessment-Scope-China.pdf\">TISAX\u00ae Assessment Scope SWF45W<\/a><\/p>\n<\/li>\n<\/ul>\n<\/li>\n<\/ul>\n<h3 class=\"h4 in-view\">IMEA<\/h3>\n<p class=\"in-view\"><strong>Certificates India: Pune Plant<\/strong><\/p>\n<ul>\n<li style=\"list-style-type: none;\">\n<ul class=\"in-view\">\n<li><a href=\"\/wp-content\/uploads\/sites\/17\/2024\/10\/india_iso_45001_may_2027.pdf\" target=\"_blank\" rel=\"noopener\">ISO 45001: 2018 - Kv\u011bten 2027<\/a><\/li>\n<li><a href=\"\/wp-content\/uploads\/sites\/17\/2024\/10\/llp_india_iatf_16949_nov_2026.pdf\" target=\"_blank\" rel=\"noopener\">IATF 16949 - November 2026<\/a><\/li>\n<li><a href=\"\/wp-content\/uploads\/sites\/17\/2024\/10\/india_iso_14001_may_2027.pdf\" target=\"_blank\" rel=\"noopener\">ISO 14001 - Kv\u011bten 2027<\/a><\/li>\n<li><a href=\"\/wp-content\/uploads\/sites\/17\/2024\/10\/intertek_certificate_january_2025.pdf\" target=\"_blank\" rel=\"noopener\">Intertek Certificate<\/a><\/li>\n<li><a title=\"Social Commitment Policy\" href=\"\/wp-content\/uploads\/sites\/17\/2024\/10\/social_commitment_policy__l_l_india_private_limited.pdf\">Politika soci\u00e1ln\u00edch z\u00e1vazk\u016f<\/a><\/li>\n<li><a href=\"\/wp-content\/uploads\/sites\/17\/2024\/10\/2022_india_annual_return.pdf\" target=\"_blank\" rel=\"noopener\">Ro\u010dn\u00ed v\u00fdnos Indie<\/a><\/li>\n<li><a href=\"\/wp-content\/uploads\/sites\/17\/2024\/10\/annual_return_2021-22.pdf\" target=\"_blank\" rel=\"noopener\">Ro\u010dn\u00ed n\u00e1vratnost Indie 2021\u201322<\/a><\/li>\n<li><a href=\"\/wp-content\/uploads\/sites\/17\/2024\/10\/annual_return_india_2022-23.pdf\" target=\"_blank\" rel=\"noopener\">Ro\u010dn\u00ed n\u00e1vratnost Indie 2022-23<\/a><\/li>\n<li><a href=\"https:\/\/www.llproducts.com\/wp-content\/uploads\/2025\/01\/Annual-Return-India_2023-24.pdf\">Ro\u010dn\u00ed n\u00e1vratnost Indie 2023-24<\/a><\/li>\n<li><a href=\"https:\/\/www.llproducts.com\/wp-content\/uploads\/2026\/02\/Annual-Return-India_2024-25.pdf\">Ro\u010dn\u00ed n\u00e1vratnost Indie 2023-24<\/a><\/li>\n<\/ul>\n<\/li>\n<\/ul>\n<h3 class=\"h4 in-view\">Europe<\/h3>\n<ul>\n<li style=\"list-style-type: none;\">\n<ul class=\"in-view\">\n<li><a href=\"\/wp-content\/uploads\/sites\/17\/2024\/10\/europe_quality_of_products_policy_2024_en.pdf\" target=\"_blank\" rel=\"noopener\">Evropsk\u00e1 politika jakosti a bezpe\u010dnosti v\u00fdrobk\u016f<\/a><\/li>\n<\/ul>\n<\/li>\n<\/ul>\n<p class=\"in-view\"><strong>Certificates France: Altorf Plant<\/strong><\/p>\n<ul>\n<li style=\"list-style-type: none;\">\n<ul class=\"in-view\">\n<li><a href=\"\/wp-content\/uploads\/sites\/17\/2024\/10\/eu_iso9001_august_2027.pdf\" target=\"_blank\" rel=\"noopener\">ISO 9001 \u2013 Srpen 2027<\/a><\/li>\n<li><a href=\"\/wp-content\/uploads\/sites\/17\/2024\/10\/eu_iatf_16949_august_2027.pdf\" target=\"_blank\" rel=\"noopener\">IATF 16949 \u2013 Srpen 2027<\/a><\/li>\n<li><a href=\"\/wp-content\/uploads\/sites\/17\/2024\/10\/iso_14001_2015_llp_france_decemeber_2026.pdf\" target=\"_blank\" rel=\"noopener\">ISO 14001 \u2013 Prosinec 2026<\/a><\/li>\n<li><a href=\"\/wp-content\/uploads\/sites\/17\/2024\/10\/llp_france_as9100d_expires_feb_2027.pdf\" target=\"_blank\" rel=\"noopener\">AS\/EN 9100 \u2013 February 2027<\/a><\/li>\n<li><a href=\"\/wp-content\/uploads\/sites\/17\/2024\/10\/iso_45001_2018_llp_france_december_2026.pdf\" target=\"_blank\" rel=\"noopener\">ISO 45001:2018 - December 2026<\/a><\/li>\n<li><a href=\"https:\/\/www.excellence.alsace\/\" target=\"_blank\" rel=\"noopener noreferrer\">Ocen\u011bn\u00ed Alsace Excellence Award<\/a><\/li>\n<li>\n<p class=\"p1\"><a href=\"https:\/\/www.llproducts.com\/wp-content\/uploads\/2025\/04\/TISAX-Certificate-LL-Products-Europe-SAS-20270503.pdf\">TISAX\u00ae Assessment Scope SYN0FT<\/a><\/p>\n<\/li>\n<\/ul>\n<\/li>\n<\/ul>\n<p class=\"in-view\"><strong>Certifik\u00e1ty v N\u011bmecku: oblast prodeje v Mnichov\u011b<\/strong><\/p>\n<ul>\n<li style=\"list-style-type: none;\">\n<ul class=\"in-view\">\n<li><a href=\"\/wp-content\/uploads\/sites\/17\/2024\/10\/eu_iso9001_august_2027-1.pdf\" target=\"_blank\" rel=\"noopener\">ISO 9001 \u2013 Srpen 2027<\/a><\/li>\n<li><a href=\"\/wp-content\/uploads\/sites\/17\/2024\/10\/eu_iatf_16949_august_2027.pdf\/policies_certificates\/eu_iatf_16949_august_2027.pdf\" target=\"_blank\" rel=\"noopener\">IATF 16949 \u2013 Srpen 2027<\/a><\/li>\n<li>\n<p class=\"p1\"><a href=\"https:\/\/www.llproducts.com\/wp-content\/uploads\/2025\/04\/TISAX-Certificate-LL-Products-Europe-GmbH-20270503.pdf\">TISAX\u00ae Assessment Scope SYN0FT<\/a><\/p>\n<\/li>\n<\/ul>\n<\/li>\n<\/ul>\n<p class=\"in-view\"><strong>Certifik\u00e1ty v \u010cesk\u00e9 republice. z\u00e1vod v Rudn\u00e9<\/strong><\/p>\n<ul>\n<li style=\"list-style-type: none;\">\n<ul class=\"in-view\">\n<li><a href=\"\/wp-content\/uploads\/sites\/17\/2024\/10\/llp_czech_iatf16949_jan_2027.pdf\" target=\"_blank\" rel=\"noopener\">IATF 16949 \u2013 January 2027<\/a><\/li>\n<li><a href=\"\/wp-content\/uploads\/sites\/17\/2024\/10\/llp_czech_is0_9001_jan_2027.pdf\" target=\"_blank\" rel=\"noopener\">ISO 9001 - January 2027<\/a><\/li>\n<li><a href=\"\/wp-content\/uploads\/sites\/17\/2024\/10\/czech_iso_45001_october_2027.pdf\" target=\"_blank\" rel=\"noopener\">ISO 45001 - \u0158\u00edjen 2027<\/a><\/li>\n<li><a href=\"https:\/\/www.llproducts.com\/wp-content\/uploads\/2025\/09\/OEKO-TEX-Standard-100_Czech-Republic_August-2026.pdf\" target=\"_blank\" rel=\"noopener\">OEKO-TEX<span>\u00ae<\/span> Standard 100 - Srpen 2026<\/a><\/li>\n<\/ul>\n<\/li>\n<\/ul>\n<p class=\"in-view\"><strong>Certifik\u00e1ty v Turecku: z\u00e1vod v m\u011bst\u011b Bursa<\/strong><\/p>\n<ul>\n<li style=\"list-style-type: none;\">\n<ul class=\"in-view\">\n<li><a href=\"https:\/\/www.llproducts.com\/wp-content\/uploads\/2024\/10\/ll_tuerkiye_iatf_16949_april_2027.pdf\">IATF 16949 \u2013 April 2027<\/a><\/li>\n<li><a href=\"https:\/\/www.llproducts.com\/wp-content\/uploads\/2026\/01\/LL-TURKIYE-ISO-45001_January-2029.pdf\">ISO 45001 - leden 2029<\/a><\/li>\n<li><a href=\"https:\/\/www.llproducts.com\/wp-content\/uploads\/2026\/01\/LL-TURKIYE-ISO-14001_January-2029.pdf\" target=\"_blank\" rel=\"noopener\">ISO 14001 - leden 2029<\/a><\/li>\n<li><a href=\"\/wp-content\/uploads\/sites\/17\/2024\/10\/ll_tuerkiye_iso_9001_april_2027.pdf\" target=\"_blank\" rel=\"noopener\">ISO 9001 \u2013 April 2027<\/a><\/li>\n<li><a href=\"\/wp-content\/uploads\/sites\/17\/2024\/10\/quality_policy_turkish.pdf\" target=\"_blank\" rel=\"noopener\">Politika kvality<\/a><\/li>\n<li><a href=\"https:\/\/llproducts1.wpenginepowered.com\/wp-content\/uploads\/2025\/01\/hse_policy_turkish_2024.pdf\" target=\"_blank\" rel=\"noopener\">Politika HSE<\/a><\/li>\n<li><a href=\"\/wp-content\/uploads\/sites\/17\/2024\/10\/green_energy_certificate_l_l_products_otomotiv.pdf\" target=\"_blank\" rel=\"noopener\">Certifik\u00e1t zelen\u00e9 energie<\/a><\/li>\n<li><a href=\"https:\/\/www.llproducts.com\/wp-content\/uploads\/2025\/07\/LLP-Sustainable-Purchasing-Policy_2025_TR_Kurumsal-Surdurulebilir-Satin-Alma-Politikasi.pdf\">Sustainable Purchasing Policy<\/a><\/li>\n<\/ul>\n<\/li>\n<\/ul>\n<\/div>\n<\/div>\n<\/div><\/div><\/div><\/div><\/div>\n","protected":false},"excerpt":{"rendered":"","protected":false},"author":1,"featured_media":0,"parent":0,"menu_order":0,"comment_status":"closed","ping_status":"closed","template":"","meta":{"_acf_changed":false,"inline_featured_image":false,"footnotes":""},"class_list":["post-9883","page","type-page","status-publish","hentry"],"acf":[],"dsm_author":{"name":"llproducts1","avatar_url":"https:\/\/secure.gravatar.com\/avatar\/ff57a35214af8006652516432de5c162bed67b3636aa17b621bef09a36f1268d?s=96&d=mm&r=g","archive_link":"https:\/\/www.llproducts.com\/cs-cz\/news-events\/author\/llproducts1\/","biodata":""},"dsm_categories":[],"dsm_attachment_categories":[],"dsm_featured_image":null,"yoast_head":"<!-- This site is optimized with the Yoast SEO Premium plugin v27.3 (Yoast SEO v27.4) - https:\/\/yoast.com\/product\/yoast-seo-premium-wordpress\/ -->\n<title>Certifik\u00e1ty - L&amp;L Products - aplikovan\u00e9 in\u017een\u00fdrstv\u00ed a v\u011bda o materi\u00e1lech<\/title>\n<meta name=\"robots\" content=\"index, follow, max-snippet:-1, max-image-preview:large, max-video-preview:-1\" \/>\n<link rel=\"canonical\" href=\"https:\/\/www.llproducts.com\/cs-cz\/certifikaty\/\" \/>\n<meta property=\"og:locale\" content=\"cs_CZ\" \/>\n<meta property=\"og:type\" content=\"article\" \/>\n<meta property=\"og:title\" content=\"Certifik\u00e1ty\" \/>\n<meta property=\"og:url\" content=\"https:\/\/www.llproducts.com\/cs-cz\/certifikaty\/\" \/>\n<meta property=\"og:site_name\" content=\"L&amp;L Products - aplikovan\u00e9 in\u017een\u00fdrstv\u00ed a v\u011bda o materi\u00e1lech\" \/>\n<meta property=\"article:modified_time\" content=\"2026-04-16T17:33:33+00:00\" \/>\n<meta name=\"twitter:card\" content=\"summary_large_image\" \/>\n<meta name=\"twitter:label1\" content=\"Est. reading time\" \/>\n\t<meta name=\"twitter:data1\" content=\"2 minuty\" \/>\n<script type=\"application\/ld+json\" class=\"yoast-schema-graph\">{\"@context\":\"https:\\\/\\\/schema.org\",\"@graph\":[{\"@type\":\"WebPage\",\"@id\":\"https:\\\/\\\/www.llproducts.com\\\/cs-cz\\\/certifikaty\\\/\",\"url\":\"https:\\\/\\\/www.llproducts.com\\\/cs-cz\\\/certifikaty\\\/\",\"name\":\"Certifik\u00e1ty - L&amp;L Products - aplikovan\u00e9 in\u017een\u00fdrstv\u00ed a v\u011bda o materi\u00e1lech\",\"isPartOf\":{\"@id\":\"https:\\\/\\\/www.llproducts.com\\\/cs-cz\\\/#website\"},\"datePublished\":\"2024-10-21T14:52:23+00:00\",\"dateModified\":\"2026-04-16T17:33:33+00:00\",\"breadcrumb\":{\"@id\":\"https:\\\/\\\/www.llproducts.com\\\/cs-cz\\\/certifikaty\\\/#breadcrumb\"},\"inLanguage\":\"cs\",\"potentialAction\":[{\"@type\":\"ReadAction\",\"target\":[\"https:\\\/\\\/www.llproducts.com\\\/cs-cz\\\/certifikaty\\\/\"]}]},{\"@type\":\"BreadcrumbList\",\"@id\":\"https:\\\/\\\/www.llproducts.com\\\/cs-cz\\\/certifikaty\\\/#breadcrumb\",\"itemListElement\":[{\"@type\":\"ListItem\",\"position\":1,\"name\":\"Home\",\"item\":\"https:\\\/\\\/www.llproducts.com\\\/cs-cz\\\/\"},{\"@type\":\"ListItem\",\"position\":2,\"name\":\"Certifik\u00e1ty\"}]},{\"@type\":\"WebSite\",\"@id\":\"https:\\\/\\\/www.llproducts.com\\\/cs-cz\\\/#website\",\"url\":\"https:\\\/\\\/www.llproducts.com\\\/cs-cz\\\/\",\"name\":\"L&amp;L Products - aplikovan\u00e9 in\u017een\u00fdrstv\u00ed a v\u011bda o materi\u00e1lech\",\"description\":\"\",\"potentialAction\":[{\"@type\":\"SearchAction\",\"target\":{\"@type\":\"EntryPoint\",\"urlTemplate\":\"https:\\\/\\\/www.llproducts.com\\\/cs-cz\\\/?s={search_term_string}\"},\"query-input\":{\"@type\":\"PropertyValueSpecification\",\"valueRequired\":true,\"valueName\":\"search_term_string\"}}],\"inLanguage\":\"cs\"}]}<\/script>\n<!-- \/ Yoast SEO Premium plugin. -->","yoast_head_json":{"title":"Certifik\u00e1ty - L&amp;L Products - aplikovan\u00e9 in\u017een\u00fdrstv\u00ed a v\u011bda o materi\u00e1lech","robots":{"index":"index","follow":"follow","max-snippet":"max-snippet:-1","max-image-preview":"max-image-preview:large","max-video-preview":"max-video-preview:-1"},"canonical":"https:\/\/www.llproducts.com\/cs-cz\/certifikaty\/","og_locale":"cs_CZ","og_type":"article","og_title":"Certifik\u00e1ty","og_url":"https:\/\/www.llproducts.com\/cs-cz\/certifikaty\/","og_site_name":"L&amp;L Products - aplikovan\u00e9 in\u017een\u00fdrstv\u00ed a v\u011bda o materi\u00e1lech","article_modified_time":"2026-04-16T17:33:33+00:00","twitter_card":"summary_large_image","twitter_misc":{"Est. reading time":"2 minuty"},"schema":{"@context":"https:\/\/schema.org","@graph":[{"@type":"WebPage","@id":"https:\/\/www.llproducts.com\/cs-cz\/certifikaty\/","url":"https:\/\/www.llproducts.com\/cs-cz\/certifikaty\/","name":"Certifik\u00e1ty - L&amp;L Products - aplikovan\u00e9 in\u017een\u00fdrstv\u00ed a v\u011bda o materi\u00e1lech","isPartOf":{"@id":"https:\/\/www.llproducts.com\/cs-cz\/#website"},"datePublished":"2024-10-21T14:52:23+00:00","dateModified":"2026-04-16T17:33:33+00:00","breadcrumb":{"@id":"https:\/\/www.llproducts.com\/cs-cz\/certifikaty\/#breadcrumb"},"inLanguage":"cs","potentialAction":[{"@type":"ReadAction","target":["https:\/\/www.llproducts.com\/cs-cz\/certifikaty\/"]}]},{"@type":"BreadcrumbList","@id":"https:\/\/www.llproducts.com\/cs-cz\/certifikaty\/#breadcrumb","itemListElement":[{"@type":"ListItem","position":1,"name":"Home","item":"https:\/\/www.llproducts.com\/cs-cz\/"},{"@type":"ListItem","position":2,"name":"Certifik\u00e1ty"}]},{"@type":"WebSite","@id":"https:\/\/www.llproducts.com\/cs-cz\/#website","url":"https:\/\/www.llproducts.com\/cs-cz\/","name":"L&amp;L Products - aplikovan\u00e9 in\u017een\u00fdrstv\u00ed a v\u011bda o materi\u00e1lech","description":"","potentialAction":[{"@type":"SearchAction","target":{"@type":"EntryPoint","urlTemplate":"https:\/\/www.llproducts.com\/cs-cz\/?s={search_term_string}"},"query-input":{"@type":"PropertyValueSpecification","valueRequired":true,"valueName":"search_term_string"}}],"inLanguage":"cs"}]}},"_links":{"self":[{"href":"https:\/\/www.llproducts.com\/cs-cz\/wp-json\/wp\/v2\/pages\/9883","targetHints":{"allow":["GET"]}}],"collection":[{"href":"https:\/\/www.llproducts.com\/cs-cz\/wp-json\/wp\/v2\/pages"}],"about":[{"href":"https:\/\/www.llproducts.com\/cs-cz\/wp-json\/wp\/v2\/types\/page"}],"author":[{"embeddable":true,"href":"https:\/\/www.llproducts.com\/cs-cz\/wp-json\/wp\/v2\/users\/1"}],"replies":[{"embeddable":true,"href":"https:\/\/www.llproducts.com\/cs-cz\/wp-json\/wp\/v2\/comments?post=9883"}],"version-history":[{"count":0,"href":"https:\/\/www.llproducts.com\/cs-cz\/wp-json\/wp\/v2\/pages\/9883\/revisions"}],"wp:attachment":[{"href":"https:\/\/www.llproducts.com\/cs-cz\/wp-json\/wp\/v2\/media?parent=9883"}],"curies":[{"name":"wp","href":"https:\/\/api.w.org\/{rel}","templated":true}]}}