{"id":119,"date":"2024-08-05T14:35:42","date_gmt":"2024-08-05T14:35:42","guid":{"rendered":"https:\/\/llproducts1.wpenginepowered.com\/de-de\/?page_id=119"},"modified":"2026-04-20T16:36:42","modified_gmt":"2026-04-20T16:36:42","slug":"ll-seal","status":"publish","type":"page","link":"https:\/\/www.llproducts.com\/de-de\/produkte-und-loesungen\/ll-products-solutions-offerings\/ll-seal\/","title":{"rendered":"L&#038;L Seal"},"content":{"rendered":"<div class=\"et_pb_section_0 et_pb_section et_section_regular et_block_section\">\n<div class=\"et_pb_row_0 et_pb_row et_pb_gutters1 et_block_row inner-title-row\">\n<div class=\"et_pb_column_0 et_pb_column et_pb_column_2_3 et_block_column et_pb_css_mix_blend_mode_passthrough\">\n<div class=\"et_pb_image_0 et_pb_image et_pb_module et_block_module\"><span class=\"et_pb_image_wrap\"><img decoding=\"async\" data-src=\"https:\/\/www.llproducts.com\/de-de\/wp-content\/uploads\/sites\/15\/2025\/04\/LL-Seal-Header.png\" width=\"1920\" height=\"1080\" data-srcset=\"https:\/\/www.llproducts.com\/de-de\/wp-content\/uploads\/sites\/15\/2025\/04\/LL-Seal-Header.png 1920w, https:\/\/www.llproducts.com\/de-de\/wp-content\/uploads\/sites\/15\/2025\/04\/LL-Seal-Header-1280x720.png 1280w, https:\/\/www.llproducts.com\/de-de\/wp-content\/uploads\/sites\/15\/2025\/04\/LL-Seal-Header-980x551.png 980w, https:\/\/www.llproducts.com\/de-de\/wp-content\/uploads\/sites\/15\/2025\/04\/LL-Seal-Header-480x270.png 480w\" data-sizes=\"auto\" class=\"wp-image-12871 lazyload\" title=\"LL Seal Header\" src=\"data:image\/svg+xml;base64,PHN2ZyB3aWR0aD0iMSIgaGVpZ2h0PSIxIiB4bWxucz0iaHR0cDovL3d3dy53My5vcmcvMjAwMC9zdmciPjwvc3ZnPg==\" style=\"--smush-placeholder-width: 1920px; --smush-placeholder-aspect-ratio: 1920\/1080;\" data-original-sizes=\"(min-width: 0px) and (max-width: 480px) 480px, (min-width: 481px) and (max-width: 980px) 980px, (min-width: 981px) and (max-width: 1280px) 1280px, (min-width: 1281px) 1920px, 100vw\" \/><\/span><\/div>\n<\/div>\n\n<div class=\"et_pb_column_1 et_pb_column et_pb_column_1_3 et-last-child et_block_column et_pb_css_mix_blend_mode_passthrough et_animated inner-title-col alt-title-col\">\n<div class=\"et_pb_text_0 et_pb_text et_pb_bg_layout_dark et_pb_module et_block_module\"><div class=\"et_pb_text_inner\"><p>L&amp;L SEAL<\/p>\n<\/div><\/div>\n\n<div class=\"et_pb_text_1 et_pb_text et_pb_bg_layout_dark et_pb_module et_block_module inner-title-2\"><div class=\"et_pb_text_inner\"><h1>Abdichten ohne Kompromisse<\/h1>\n<\/div><\/div>\n\n<div class=\"et_pb_text_2 et_pb_text et_pb_bg_layout_dark et_pb_module et_block_module\"><div class=\"et_pb_text_inner\"><p><span>L&amp;L Products entwickelt Dichtungsmaterialien, die das Eindringen von Staub, Schadstoffen und Ger\u00fcchen verhindern und die Haltbarkeit eines Bauteils verbessern, indem auch das Eindringen von Wasser verhindert wird.<\/span><\/p>\n<\/div><\/div>\n<\/div>\n<\/div>\n\n<div class=\"et_pb_row_1 et_pb_row et_block_row\">\n<div class=\"et_pb_column_2 et_pb_column et_pb_column_4_4 et-last-child et_block_column et_pb_css_mix_blend_mode_passthrough\">\n<div class=\"et_pb_sidebar_0 et_pb_widget_area clearfix et_pb_widget_area_left et_pb_bg_layout_light et_pb_sidebar_no_border et_pb_module et_block_module breadcrumbs\"><div id=\"block-10\" class=\"et_pb_widget widget_block\"><div class=\"yoast-breadcrumbs\"><span><span><a href=\"https:\/\/www.llproducts.com\/de-de\/\">Home<\/a><\/span> <span aria-hidden=\"true\" data-icon=\"\ue93c\" class=\"icomoon icon-chevron-right\"><\/span> <span><a href=\"https:\/\/www.llproducts.com\/de-de\/produkte-und-loesungen\/\">Produkte und L\u00f6sungen<\/a><\/span> <span aria-hidden=\"true\" data-icon=\"\ue93c\" class=\"icomoon icon-chevron-right\"><\/span> <span><a href=\"https:\/\/www.llproducts.com\/de-de\/produkte-und-loesungen\/ll-products-solutions-offerings\/\">L&#038;L Products L\u00f6sungen<\/a><\/span> <span aria-hidden=\"true\" data-icon=\"\ue93c\" class=\"icomoon icon-chevron-right\"><\/span> <span class=\"breadcrumb_last\" aria-current=\"page\">L&#038;L Seal<\/span><\/span><\/div><\/div><\/div>\n<\/div>\n<\/div>\n\n<div class=\"et_pb_row_2 et_pb_row et_pb_equal_columns et_pb_gutters2 et_block_row\">\n<div class=\"et_pb_column_3 et_pb_column et_pb_column_1_2 et_block_column et_pb_css_mix_blend_mode_passthrough\">\n<div class=\"et_pb_text_3 et_pb_text et_pb_bg_layout_light et_pb_module et_block_module\"><div class=\"et_pb_text_inner\"><h1>L&amp;L Seal<\/h1>\n<h3>Robuste Dichtungsl\u00f6sungen<br \/>\nseit \u00fcber 50 Jahren<\/h3>\n<\/div><\/div>\n\n<div class=\"et_pb_text_4 et_pb_text et_pb_bg_layout_light et_pb_module et_block_module\"><div class=\"et_pb_text_inner\"><p>In den 1970er Jahren haben wir w\u00e4rmeaktivierbare polymere Dichtungsmaterialien entwickelt. Seitdem arbeiten wir kontinuierlich an der Optimierung unserer Dichtungstechnologie, indem wir unser Know-how in Polymerwissenschaft und Dichtungstechnologie anwenden. Heute umfasst unser vielf\u00e4ltiges Dichtungsmittelportfolio auch neuartige, bei Raumtemperatur aush\u00e4rtende Materialien, Niederigtemperaturl\u00f6sungen und automatisierte Anwendungsprozesse.<\/p>\n<\/div><\/div>\n<\/div>\n\n<div class=\"et_pb_column_4 et_pb_column et_pb_column_1_2 et-last-child et_block_column et_pb_css_mix_blend_mode_passthrough et_animated\">\n<div class=\"et_pb_code_0 et_pb_code et_pb_text_align_center et_pb_module\"><div class=\"et_pb_code_inner\"><span style=\"font-size: 36px; color: #ffffff;\" aria-hidden=\"true\" data-icon=\"\ue7d7\" class=\"iconmoon icon-bubbles\"><\/span><\/div><\/div>\n\n<div class=\"et_pb_text_5 et_pb_text et_pb_bg_layout_dark et_pb_module et_block_module et_pb_text_align_center\"><div class=\"et_pb_text_inner\"><h2 class=\"no-dot\">Kontakt zu unseren Experten!<\/h2>\n<\/div><\/div>\n\n<div class=\"et_pb_text_6 et_pb_text et_pb_bg_layout_dark et_pb_module et_block_module et_pb_text_align_center\"><div class=\"et_pb_text_inner\"><p>Interessieren Sie sich f\u00fcr unsere L\u00f6sungen? Unser Expertenteam freut sich darauf, Ihnen behilflich zu sein.<\/p>\n<\/div><\/div>\n\n<div class=\"et_pb_module et_pb_button_module_wrapper et_pb_button_0_wrapper\"><a class=\"et_pb_button_0 et_pb_button et_pb_bg_layout_light et_pb_module et_block_module wht-btn popmake-9878\" href=\"#\">Kontakt<\/a><\/div>\n<\/div>\n<\/div>\n<\/div>\n\n<div class=\"et_pb_section_1 et_pb_section et_section_regular et_block_section\">\n<div class=\"et_pb_row_3 et_pb_row et_block_row\">\n<div class=\"et_pb_column_5 et_pb_column et_pb_column_4_4 et-last-child et_block_column et_pb_css_mix_blend_mode_passthrough reveal-text\">\n<div class=\"et_pb_blurb_0 et_pb_blurb et_pb_bg_layout_dark et_pb_blurb_position_left et_pb_module et_block_module\"><div class=\"et_pb_blurb_content\"><div class=\"et_pb_main_blurb_image\"><span class=\"et_pb_image_wrap\"><span class=\"et-pb-icon\">=<\/span><\/span><\/div><div class=\"et_pb_blurb_container\"><h3 class=\"et_pb_module_header\">Thermisch aktivierte Dichtungen von L&L<\/h3><div class=\"et_pb_blurb_description\"><p>Die im KTL-Ofen hitzeaktivierten Dichtstoffe von L&amp;L Seal werden zur F\u00fcllung und Abdichtung komplexer Hohlr\u00e4ume verwendet, um das Eindringen von Wasser, Luft, Staub und D\u00e4mpfen zu verhindern. Sie tragen dazu bei, die mit Wasserlecks verbundene Korrosion der Metallkarosserie zu verhindern und das NVH-Verhalten (Noise, Vibration and Harshness) zu verbessern.<\/p>\n<p><a href=\"https:\/\/www.llproducts.com\/de-de\/produkte-und-loesungen\/ll-products-solutions-offerings\/ll-seal\/thermisch-aktivierte-abdichtungen\/\" class=\"et_pb_button et_pb_button_0 et_pb_bg_layout_light\" target=\"_blank\" rel=\"noopener\">Erfahren Sie mehr<\/a><\/p>\n<\/div><\/div><\/div><\/div>\n<\/div>\n<\/div>\n\n<div class=\"et_pb_row_4 et_pb_row et_block_row\">\n<div class=\"et_pb_column_6 et_pb_column et_pb_column_4_4 et-last-child et_block_column et_pb_css_mix_blend_mode_passthrough reveal-text\">\n<div class=\"et_pb_blurb_1 et_pb_blurb et_pb_bg_layout_dark et_pb_blurb_position_left et_pb_module et_block_module\"><div class=\"et_pb_blurb_content\"><div class=\"et_pb_main_blurb_image\"><span class=\"et_pb_image_wrap\"><span class=\"et-pb-icon\">=<\/span><\/span><\/div><div class=\"et_pb_blurb_container\"><h3 class=\"et_pb_module_header\">Umgebungstemperaturaush\u00e4rtende Dichtstoffe<\/h3><div class=\"et_pb_blurb_description\"><p>L&amp;L-Dichtstoffe welche bei Umgebungstemperaturen aush\u00e4rten bieten dauerhafte, flexible Dichtverbindungen, meistens ohne Grundierung oder Vorbehandlung.<\/p>\n<p><a href=\"https:\/\/www.llproducts.com\/de-de\/produkte-und-loesungen\/ll-products-solutions-offerings\/elastomere-kleb-und-dichtstoffe-mit-raumtemperaturhaertung\" class=\"et_pb_button et_pb_button_0 et_pb_bg_layout_light\" target=\"_blank\" rel=\"noopener\">Erfahren Sie mehr<\/a><\/p>\n<\/div><\/div><\/div><\/div>\n<\/div>\n<\/div>\n\n<div class=\"et_pb_row_5 et_pb_row et_block_row\">\n<div class=\"et_pb_column_7 et_pb_column et_pb_column_4_4 et-last-child et_block_column et_pb_css_mix_blend_mode_passthrough reveal-text\">\n<div class=\"et_pb_blurb_2 et_pb_blurb et_pb_bg_layout_dark et_pb_blurb_position_left et_pb_module et_block_module\"><div class=\"et_pb_blurb_content\"><div class=\"et_pb_main_blurb_image\"><span class=\"et_pb_image_wrap\"><span class=\"et-pb-icon\">=<\/span><\/span><\/div><div class=\"et_pb_blurb_container\"><h3 class=\"et_pb_module_header\">L&L XiP\u00ae (eXtrude-in-Place\u2122)-Technologie<\/h3><div class=\"et_pb_blurb_description\"><p>Die L&amp;L XiP\u00ae (eXtrude-in-Place\u2122)-Technologie kombiniert ma\u00dfgeschneiderte chemische Verbindungen mit der M\u00f6glichkeit eines vollautomatischen Auftragsprozesses, bei dem das Dichtungsmaterial mittels Roboter- oder CNC-System direkt auf ein Bauteil extrudiert wird.<\/p>\n<p><a class=\"et_pb_button et_pb_button_0 et_pb_bg_layout_light\" href=\"https:\/\/www.llproducts.com\/de-de\/produkte-und-loesungen\/ll-products-solutions-offerings\/xip-extrude-in-place\" target=\"_blank\" rel=\"noopener\">Erfahren Sie mehr<\/a><\/p>\n<\/div><\/div><\/div><\/div>\n<\/div>\n<\/div>\n\n<div class=\"et_pb_row_6 et_pb_row et_block_row\">\n<div class=\"et_pb_column_8 et_pb_column et_pb_column_4_4 et-last-child et_block_column et_pb_css_mix_blend_mode_passthrough reveal-text\">\n<div class=\"et_pb_blurb_3 et_pb_blurb et_pb_bg_layout_dark et_pb_blurb_position_left et_pb_module et_block_module\"><div class=\"et_pb_blurb_content\"><div class=\"et_pb_main_blurb_image\"><span class=\"et_pb_image_wrap\"><span class=\"et-pb-icon\">=<\/span><\/span><\/div><div class=\"et_pb_blurb_container\"><h3 class=\"et_pb_module_header\">L&L TRI-Seal\u00ae (Drehmomentsicherungs-Isolationsdichtungsl\u00f6sungen)<\/h3><div class=\"et_pb_blurb_description\"><p>TRI-Seal\u00ae ist in selbstklebender oder trocker w\u00e4rmeaktivierter Form erh\u00e4ltlich und wurde entwickelt, um durch die Verarbeitung starrer Aluminiumoxidkugeln eingebettet in dem Dichtungsmaterial eine Drehmomenterhaltung und Isolierung an Schnittstellen zu gew\u00e4hrleisten, bei denen Lasterhaltung und\/oder Trennung ungleicher Materialien wichtig ist.<\/p>\n<p><a href=\"https:\/\/triseal.llproducts.com\/de-de\/\" class=\"et_pb_button et_pb_button_0 et_pb_bg_layout_light\" target=\"_blank\" rel=\"noopener\">Erfahren Sie mehr<\/a><\/p>\n<\/div><\/div><\/div><\/div>\n<\/div>\n<\/div>\n\n<div class=\"et_pb_row_7 et_pb_row et_block_row\">\n<div class=\"et_pb_column_9 et_pb_column et_pb_column_4_4 et-last-child et_block_column et_pb_css_mix_blend_mode_passthrough reveal-text\">\n<div class=\"et_pb_blurb_4 et_pb_blurb et_pb_bg_layout_dark et_pb_blurb_position_left et_pb_module et_block_module\"><div class=\"et_pb_blurb_content\"><div class=\"et_pb_main_blurb_image\"><span class=\"et_pb_image_wrap\"><span class=\"et-pb-icon\">=<\/span><\/span><\/div><div class=\"et_pb_blurb_container\"><h3 class=\"et_pb_module_header\">PHASTER\u00ae Dichtungsl\u00f6sung<\/h3><div class=\"et_pb_blurb_description\"><p><span>Aufsch\u00e4umende und nicht aufsch\u00e4umende Dichtstoffe, die eine hervorragende Haftleistung und einfache Verarbeitung bieten, ohne viele der mit herk\u00f6mmlichen Epoxid- und Polyurethansystemen verbundenen Gefahren aufzuweisen.<\/span><\/p>\n<p><a href=\"https:\/\/phaster.llproducts.com\/de-de\/phaster-dichtungsloesung\/\" class=\"et_pb_button et_pb_button_0 et_pb_bg_layout_light\" target=\"_blank\" rel=\"noopener\">Erfahren Sie mehr<\/a><\/p>\n<\/div><\/div><\/div><\/div>\n<\/div>\n<\/div>\n<\/div>\n\n<div class=\"et_pb_section_2 et_pb_section et_section_regular et_block_section\">\n<div class=\"et_pb_row_8 et_pb_row et_block_row\">\n<div class=\"et_pb_column_10 et_pb_column et_pb_column_4_4 et-last-child et_block_column et_pb_css_mix_blend_mode_passthrough\">\n<div class=\"et_pb_text_7 et_pb_text et_pb_bg_layout_light et_pb_module et_block_module\"><div class=\"et_pb_text_inner\"><h1>Aktuelle Themen<\/h1>\n<\/div><\/div>\n<\/div>\n<\/div>\n\n<div class=\"et_pb_row_9 et_pb_row et_block_row\">\n<div class=\"et_pb_column_11 et_pb_column et_pb_column_4_4 et-last-child et_block_column et_pb_css_mix_blend_mode_passthrough\">\n<div class=\"et_pb_code_1 et_pb_code et_pb_module\"><div class=\"et_pb_code_inner\"><!-- Elfsight Social Feed | Homepage Social Feed -->\n<script src=\"https:\/\/elfsightcdn.com\/platform.js\" async><\/script>\n<div class=\"elfsight-app-72e28d3a-cb29-47b9-b42c-d9b80ca2705a\" data-elfsight-app-lazy><\/div><\/div><\/div>\n<\/div>\n<\/div>\n<\/div>","protected":false},"excerpt":{"rendered":"","protected":false},"author":8,"featured_media":10094,"parent":118,"menu_order":0,"comment_status":"closed","ping_status":"closed","template":"","meta":{"_acf_changed":false,"inline_featured_image":false,"footnotes":""},"class_list":["post-119","page","type-page","status-publish","has-post-thumbnail","hentry"],"acf":[],"dsm_author":{"name":"andrea","avatar_url":"https:\/\/secure.gravatar.com\/avatar\/e377c5d686a09608cda29ca74c532b4b8819eeede430b849164dc4500665dbd6?s=96&d=mm&r=g","archive_link":"https:\/\/www.llproducts.com\/de-de\/news-events\/author\/andrea\/","biodata":""},"dsm_categories":[],"dsm_attachment_categories":[],"dsm_featured_image":{"thumbnail":"https:\/\/www.llproducts.com\/de-de\/wp-content\/uploads\/sites\/15\/2024\/10\/csm_ll_seal_header_e8722f1566-150x150.jpg","medium":"https:\/\/www.llproducts.com\/de-de\/wp-content\/uploads\/sites\/15\/2024\/10\/csm_ll_seal_header_e8722f1566-300x121.jpg","medium_large":"https:\/\/www.llproducts.com\/de-de\/wp-content\/uploads\/sites\/15\/2024\/10\/csm_ll_seal_header_e8722f1566-768x311.jpg","large":"https:\/\/www.llproducts.com\/de-de\/wp-content\/uploads\/sites\/15\/2024\/10\/csm_ll_seal_header_e8722f1566-1024x414.jpg","1536x1536":"https:\/\/www.llproducts.com\/de-de\/wp-content\/uploads\/sites\/15\/2024\/10\/csm_ll_seal_header_e8722f1566-1536x621.jpg","2048x2048":"https:\/\/www.llproducts.com\/de-de\/wp-content\/uploads\/sites\/15\/2024\/10\/csm_ll_seal_header_e8722f1566.jpg","et-pb-post-main-image":"https:\/\/www.llproducts.com\/de-de\/wp-content\/uploads\/sites\/15\/2024\/10\/csm_ll_seal_header_e8722f1566-400x250.jpg","et-pb-post-main-image-fullwidth":"https:\/\/www.llproducts.com\/de-de\/wp-content\/uploads\/sites\/15\/2024\/10\/csm_ll_seal_header_e8722f1566-1080x675.jpg","et-pb-portfolio-image":"https:\/\/www.llproducts.com\/de-de\/wp-content\/uploads\/sites\/15\/2024\/10\/csm_ll_seal_header_e8722f1566-400x284.jpg","et-pb-portfolio-module-image":"https:\/\/www.llproducts.com\/de-de\/wp-content\/uploads\/sites\/15\/2024\/10\/csm_ll_seal_header_e8722f1566-510x382.jpg","et-pb-portfolio-image-single":"https:\/\/www.llproducts.com\/de-de\/wp-content\/uploads\/sites\/15\/2024\/10\/csm_ll_seal_header_e8722f1566-1080x437.jpg","et-pb-gallery-module-image-portrait":"https:\/\/www.llproducts.com\/de-de\/wp-content\/uploads\/sites\/15\/2024\/10\/csm_ll_seal_header_e8722f1566-400x516.jpg","et-pb-post-main-image-fullwidth-large":"https:\/\/www.llproducts.com\/de-de\/wp-content\/uploads\/sites\/15\/2024\/10\/csm_ll_seal_header_e8722f1566.jpg","et-pb-image--responsive--desktop":"https:\/\/www.llproducts.com\/de-de\/wp-content\/uploads\/sites\/15\/2024\/10\/csm_ll_seal_header_e8722f1566-1280x518.jpg","et-pb-image--responsive--tablet":"https:\/\/www.llproducts.com\/de-de\/wp-content\/uploads\/sites\/15\/2024\/10\/csm_ll_seal_header_e8722f1566-980x396.jpg","et-pb-image--responsive--phone":"https:\/\/www.llproducts.com\/de-de\/wp-content\/uploads\/sites\/15\/2024\/10\/csm_ll_seal_header_e8722f1566-480x194.jpg","gform-image-choice-sm":"https:\/\/www.llproducts.com\/de-de\/wp-content\/uploads\/sites\/15\/2024\/10\/csm_ll_seal_header_e8722f1566.jpg","gform-image-choice-md":"https:\/\/www.llproducts.com\/de-de\/wp-content\/uploads\/sites\/15\/2024\/10\/csm_ll_seal_header_e8722f1566.jpg","gform-image-choice-lg":"https:\/\/www.llproducts.com\/de-de\/wp-content\/uploads\/sites\/15\/2024\/10\/csm_ll_seal_header_e8722f1566.jpg","full":"https:\/\/www.llproducts.com\/de-de\/wp-content\/uploads\/sites\/15\/2024\/10\/csm_ll_seal_header_e8722f1566.jpg"},"yoast_head":"<!-- This site is optimized with the Yoast SEO Premium plugin v27.5 (Yoast SEO v27.5) - https:\/\/yoast.com\/product\/yoast-seo-premium-wordpress\/ -->\n<title>L&amp;L Seal - L&amp;L Products - Anwendungstechnik &amp; Materialwissenschaft<\/title>\n<meta name=\"robots\" content=\"index, follow, max-snippet:-1, max-image-preview:large, max-video-preview:-1\" \/>\n<link rel=\"canonical\" href=\"https:\/\/www.llproducts.com\/de-de\/produkte-und-loesungen\/ll-products-solutions-offerings\/ll-seal\/\" \/>\n<meta property=\"og:locale\" content=\"de_DE\" \/>\n<meta property=\"og:type\" content=\"article\" \/>\n<meta property=\"og:title\" content=\"L&amp;L Seal\" \/>\n<meta property=\"og:url\" content=\"https:\/\/www.llproducts.com\/de-de\/produkte-und-loesungen\/ll-products-solutions-offerings\/ll-seal\/\" \/>\n<meta property=\"og:site_name\" content=\"L&amp;L Products - Anwendungstechnik &amp; Materialwissenschaft\" \/>\n<meta property=\"article:modified_time\" content=\"2026-04-20T16:36:42+00:00\" \/>\n<meta property=\"og:image\" content=\"https:\/\/www.llproducts.com\/de-de\/wp-content\/uploads\/sites\/15\/2024\/10\/csm_ll_seal_header_e8722f1566.jpg\" \/>\n\t<meta property=\"og:image:width\" content=\"1800\" \/>\n\t<meta property=\"og:image:height\" content=\"728\" \/>\n\t<meta property=\"og:image:type\" content=\"image\/jpeg\" \/>\n<meta name=\"twitter:card\" content=\"summary_large_image\" \/>\n<meta name=\"twitter:label1\" content=\"Est. reading time\" \/>\n\t<meta name=\"twitter:data1\" content=\"6\u00a0Minuten\" \/>\n<script type=\"application\/ld+json\" class=\"yoast-schema-graph\">{\"@context\":\"https:\\\/\\\/schema.org\",\"@graph\":[{\"@type\":\"WebPage\",\"@id\":\"https:\\\/\\\/www.llproducts.com\\\/de-de\\\/produkte-und-loesungen\\\/ll-products-solutions-offerings\\\/ll-seal\\\/\",\"url\":\"https:\\\/\\\/www.llproducts.com\\\/de-de\\\/produkte-und-loesungen\\\/ll-products-solutions-offerings\\\/ll-seal\\\/\",\"name\":\"L&L Seal - L&amp;L Products - Anwendungstechnik &amp; Materialwissenschaft\",\"isPartOf\":{\"@id\":\"https:\\\/\\\/www.llproducts.com\\\/de-de\\\/#website\"},\"primaryImageOfPage\":{\"@id\":\"https:\\\/\\\/www.llproducts.com\\\/de-de\\\/produkte-und-loesungen\\\/ll-products-solutions-offerings\\\/ll-seal\\\/#primaryimage\"},\"image\":{\"@id\":\"https:\\\/\\\/www.llproducts.com\\\/de-de\\\/produkte-und-loesungen\\\/ll-products-solutions-offerings\\\/ll-seal\\\/#primaryimage\"},\"thumbnailUrl\":\"https:\\\/\\\/www.llproducts.com\\\/de-de\\\/wp-content\\\/uploads\\\/sites\\\/15\\\/2024\\\/10\\\/csm_ll_seal_header_e8722f1566.jpg\",\"datePublished\":\"2024-08-05T14:35:42+00:00\",\"dateModified\":\"2026-04-20T16:36:42+00:00\",\"breadcrumb\":{\"@id\":\"https:\\\/\\\/www.llproducts.com\\\/de-de\\\/produkte-und-loesungen\\\/ll-products-solutions-offerings\\\/ll-seal\\\/#breadcrumb\"},\"inLanguage\":\"de\",\"potentialAction\":[{\"@type\":\"ReadAction\",\"target\":[\"https:\\\/\\\/www.llproducts.com\\\/de-de\\\/produkte-und-loesungen\\\/ll-products-solutions-offerings\\\/ll-seal\\\/\"]}]},{\"@type\":\"ImageObject\",\"inLanguage\":\"de\",\"@id\":\"https:\\\/\\\/www.llproducts.com\\\/de-de\\\/produkte-und-loesungen\\\/ll-products-solutions-offerings\\\/ll-seal\\\/#primaryimage\",\"url\":\"https:\\\/\\\/www.llproducts.com\\\/de-de\\\/wp-content\\\/uploads\\\/sites\\\/15\\\/2024\\\/10\\\/csm_ll_seal_header_e8722f1566.jpg\",\"contentUrl\":\"https:\\\/\\\/www.llproducts.com\\\/de-de\\\/wp-content\\\/uploads\\\/sites\\\/15\\\/2024\\\/10\\\/csm_ll_seal_header_e8722f1566.jpg\",\"width\":1800,\"height\":728,\"caption\":\"A woman smiling using her phone\"},{\"@type\":\"BreadcrumbList\",\"@id\":\"https:\\\/\\\/www.llproducts.com\\\/de-de\\\/produkte-und-loesungen\\\/ll-products-solutions-offerings\\\/ll-seal\\\/#breadcrumb\",\"itemListElement\":[{\"@type\":\"ListItem\",\"position\":1,\"name\":\"Home\",\"item\":\"https:\\\/\\\/www.llproducts.com\\\/de-de\\\/\"},{\"@type\":\"ListItem\",\"position\":2,\"name\":\"Produkte und L\u00f6sungen\",\"item\":\"https:\\\/\\\/www.llproducts.com\\\/de-de\\\/produkte-und-loesungen\\\/\"},{\"@type\":\"ListItem\",\"position\":3,\"name\":\"L&#038;L Products L\u00f6sungen\",\"item\":\"https:\\\/\\\/www.llproducts.com\\\/de-de\\\/produkte-und-loesungen\\\/ll-products-solutions-offerings\\\/\"},{\"@type\":\"ListItem\",\"position\":4,\"name\":\"L&#038;L Seal\"}]},{\"@type\":\"WebSite\",\"@id\":\"https:\\\/\\\/www.llproducts.com\\\/de-de\\\/#website\",\"url\":\"https:\\\/\\\/www.llproducts.com\\\/de-de\\\/\",\"name\":\"L&amp;L Products - Anwendungstechnik &amp; Materialwissenschaft\",\"description\":\"\",\"potentialAction\":[{\"@type\":\"SearchAction\",\"target\":{\"@type\":\"EntryPoint\",\"urlTemplate\":\"https:\\\/\\\/www.llproducts.com\\\/de-de\\\/?s={search_term_string}\"},\"query-input\":{\"@type\":\"PropertyValueSpecification\",\"valueRequired\":true,\"valueName\":\"search_term_string\"}}],\"inLanguage\":\"de\"}]}<\/script>\n<!-- \/ Yoast SEO Premium plugin. -->","yoast_head_json":{"title":"L&L Seal - L&amp;L Products - Anwendungstechnik &amp; Materialwissenschaft","robots":{"index":"index","follow":"follow","max-snippet":"max-snippet:-1","max-image-preview":"max-image-preview:large","max-video-preview":"max-video-preview:-1"},"canonical":"https:\/\/www.llproducts.com\/de-de\/produkte-und-loesungen\/ll-products-solutions-offerings\/ll-seal\/","og_locale":"de_DE","og_type":"article","og_title":"L&L Seal","og_url":"https:\/\/www.llproducts.com\/de-de\/produkte-und-loesungen\/ll-products-solutions-offerings\/ll-seal\/","og_site_name":"L&amp;L Products - Anwendungstechnik &amp; Materialwissenschaft","article_modified_time":"2026-04-20T16:36:42+00:00","og_image":[{"width":1800,"height":728,"url":"https:\/\/www.llproducts.com\/de-de\/wp-content\/uploads\/sites\/15\/2024\/10\/csm_ll_seal_header_e8722f1566.jpg","type":"image\/jpeg"}],"twitter_card":"summary_large_image","twitter_misc":{"Est. reading time":"6\u00a0Minuten"},"schema":{"@context":"https:\/\/schema.org","@graph":[{"@type":"WebPage","@id":"https:\/\/www.llproducts.com\/de-de\/produkte-und-loesungen\/ll-products-solutions-offerings\/ll-seal\/","url":"https:\/\/www.llproducts.com\/de-de\/produkte-und-loesungen\/ll-products-solutions-offerings\/ll-seal\/","name":"L&L Seal - L&amp;L Products - Anwendungstechnik &amp; Materialwissenschaft","isPartOf":{"@id":"https:\/\/www.llproducts.com\/de-de\/#website"},"primaryImageOfPage":{"@id":"https:\/\/www.llproducts.com\/de-de\/produkte-und-loesungen\/ll-products-solutions-offerings\/ll-seal\/#primaryimage"},"image":{"@id":"https:\/\/www.llproducts.com\/de-de\/produkte-und-loesungen\/ll-products-solutions-offerings\/ll-seal\/#primaryimage"},"thumbnailUrl":"https:\/\/www.llproducts.com\/de-de\/wp-content\/uploads\/sites\/15\/2024\/10\/csm_ll_seal_header_e8722f1566.jpg","datePublished":"2024-08-05T14:35:42+00:00","dateModified":"2026-04-20T16:36:42+00:00","breadcrumb":{"@id":"https:\/\/www.llproducts.com\/de-de\/produkte-und-loesungen\/ll-products-solutions-offerings\/ll-seal\/#breadcrumb"},"inLanguage":"de","potentialAction":[{"@type":"ReadAction","target":["https:\/\/www.llproducts.com\/de-de\/produkte-und-loesungen\/ll-products-solutions-offerings\/ll-seal\/"]}]},{"@type":"ImageObject","inLanguage":"de","@id":"https:\/\/www.llproducts.com\/de-de\/produkte-und-loesungen\/ll-products-solutions-offerings\/ll-seal\/#primaryimage","url":"https:\/\/www.llproducts.com\/de-de\/wp-content\/uploads\/sites\/15\/2024\/10\/csm_ll_seal_header_e8722f1566.jpg","contentUrl":"https:\/\/www.llproducts.com\/de-de\/wp-content\/uploads\/sites\/15\/2024\/10\/csm_ll_seal_header_e8722f1566.jpg","width":1800,"height":728,"caption":"A woman smiling using her phone"},{"@type":"BreadcrumbList","@id":"https:\/\/www.llproducts.com\/de-de\/produkte-und-loesungen\/ll-products-solutions-offerings\/ll-seal\/#breadcrumb","itemListElement":[{"@type":"ListItem","position":1,"name":"Home","item":"https:\/\/www.llproducts.com\/de-de\/"},{"@type":"ListItem","position":2,"name":"Produkte und L\u00f6sungen","item":"https:\/\/www.llproducts.com\/de-de\/produkte-und-loesungen\/"},{"@type":"ListItem","position":3,"name":"L&#038;L Products L\u00f6sungen","item":"https:\/\/www.llproducts.com\/de-de\/produkte-und-loesungen\/ll-products-solutions-offerings\/"},{"@type":"ListItem","position":4,"name":"L&#038;L Seal"}]},{"@type":"WebSite","@id":"https:\/\/www.llproducts.com\/de-de\/#website","url":"https:\/\/www.llproducts.com\/de-de\/","name":"L&amp;L Products - Anwendungstechnik &amp; Materialwissenschaft","description":"","potentialAction":[{"@type":"SearchAction","target":{"@type":"EntryPoint","urlTemplate":"https:\/\/www.llproducts.com\/de-de\/?s={search_term_string}"},"query-input":{"@type":"PropertyValueSpecification","valueRequired":true,"valueName":"search_term_string"}}],"inLanguage":"de"}]}},"_links":{"self":[{"href":"https:\/\/www.llproducts.com\/de-de\/wp-json\/wp\/v2\/pages\/119","targetHints":{"allow":["GET"]}}],"collection":[{"href":"https:\/\/www.llproducts.com\/de-de\/wp-json\/wp\/v2\/pages"}],"about":[{"href":"https:\/\/www.llproducts.com\/de-de\/wp-json\/wp\/v2\/types\/page"}],"author":[{"embeddable":true,"href":"https:\/\/www.llproducts.com\/de-de\/wp-json\/wp\/v2\/users\/8"}],"replies":[{"embeddable":true,"href":"https:\/\/www.llproducts.com\/de-de\/wp-json\/wp\/v2\/comments?post=119"}],"version-history":[{"count":0,"href":"https:\/\/www.llproducts.com\/de-de\/wp-json\/wp\/v2\/pages\/119\/revisions"}],"up":[{"embeddable":true,"href":"https:\/\/www.llproducts.com\/de-de\/wp-json\/wp\/v2\/pages\/118"}],"wp:featuredmedia":[{"embeddable":true,"href":"https:\/\/www.llproducts.com\/de-de\/wp-json\/wp\/v2\/media\/10094"}],"wp:attachment":[{"href":"https:\/\/www.llproducts.com\/de-de\/wp-json\/wp\/v2\/media?parent=119"}],"curies":[{"name":"wp","href":"https:\/\/api.w.org\/{rel}","templated":true}]}}