{"id":12955,"date":"2025-05-14T18:34:57","date_gmt":"2025-05-14T18:34:57","guid":{"rendered":"https:\/\/www.llproducts.com\/de-de\/?page_id=12955"},"modified":"2026-04-16T16:01:20","modified_gmt":"2026-04-16T16:01:20","slug":"hochleistungs-klebstoffe-fuer-verbundwerkstoffe","status":"publish","type":"page","link":"https:\/\/www.llproducts.com\/de-de\/hochleistungs-klebstoffe-fuer-verbundwerkstoffe\/","title":{"rendered":"Hochleistungs-Klebstoffe f\u00fcr Verbundwerkstoffe"},"content":{"rendered":"\n<div class=\"et_pb_section_0 et_pb_section et_section_regular et_block_section\"><div class=\"et_pb_row_0 et_pb_row et_pb_gutters1 et_block_row inner-title-row\"><div class=\"et_pb_column_0 et_pb_column et_pb_column_2_3 et_block_column et_pb_css_mix_blend_mode_passthrough\"><div class=\"et_pb_image_0 et_pb_image et_pb_module et_block_module\"><span class=\"et_pb_image_wrap\"><img decoding=\"async\" data-src=\"https:\/\/www.llproducts.com\/de-de\/wp-content\/uploads\/sites\/15\/2025\/05\/LL-Bond-Advanced-Composite-Adhesives.png\" width=\"1920\" height=\"1080\" data-srcset=\"https:\/\/www.llproducts.com\/de-de\/wp-content\/uploads\/sites\/15\/2025\/05\/LL-Bond-Advanced-Composite-Adhesives.png 1920w, https:\/\/www.llproducts.com\/de-de\/wp-content\/uploads\/sites\/15\/2025\/05\/LL-Bond-Advanced-Composite-Adhesives-1280x720.png 1280w, https:\/\/www.llproducts.com\/de-de\/wp-content\/uploads\/sites\/15\/2025\/05\/LL-Bond-Advanced-Composite-Adhesives-980x551.png 980w, https:\/\/www.llproducts.com\/de-de\/wp-content\/uploads\/sites\/15\/2025\/05\/LL-Bond-Advanced-Composite-Adhesives-480x270.png 480w\" data-sizes=\"auto\" class=\"wp-image-12957 lazyload\" title=\"LL Bond Advanced Composite Adhesives\" src=\"data:image\/svg+xml;base64,PHN2ZyB3aWR0aD0iMSIgaGVpZ2h0PSIxIiB4bWxucz0iaHR0cDovL3d3dy53My5vcmcvMjAwMC9zdmciPjwvc3ZnPg==\" style=\"--smush-placeholder-width: 1920px; --smush-placeholder-aspect-ratio: 1920\/1080;\" data-original-sizes=\"(min-width: 0px) and (max-width: 480px) 480px, (min-width: 481px) and (max-width: 980px) 980px, (min-width: 981px) and (max-width: 1280px) 1280px, (min-width: 1281px) 1920px, 100vw\" \/><\/span><\/div><\/div><div class=\"et_pb_column_1 et_pb_column et_pb_column_1_3 et-last-child et_block_column et_pb_css_mix_blend_mode_passthrough et_animated inner-title-col alt-title-col\"><div class=\"et_pb_text_0 et_pb_text et_pb_bg_layout_light et_pb_module et_block_module\"><div class=\"et_pb_text_inner\"><p>L&amp;L BOND<\/p>\n<\/div><\/div><div class=\"et_pb_text_1 et_pb_text et_pb_bg_layout_dark et_pb_module et_block_module inner-title-2\"><div class=\"et_pb_text_inner\"><p>Hochleistungs-Klebstoffe f\u00fcr Verbundwerkstoffe<\/p>\n<\/div><\/div><\/div><\/div><div class=\"et_pb_row_1 et_pb_row et_block_row\"><div class=\"et_pb_column_2 et_pb_column et_pb_column_4_4 et-last-child et_block_column et_pb_css_mix_blend_mode_passthrough\"><div class=\"et_pb_sidebar_0 et_pb_widget_area clearfix et_pb_widget_area_left et_pb_bg_layout_light et_pb_sidebar_no_border et_pb_module et_block_module breadcrumbs\"><div id=\"block-10\" class=\"et_pb_widget widget_block\"><div class=\"yoast-breadcrumbs\"><span><span><a href=\"https:\/\/www.llproducts.com\/de-de\/\">Home<\/a><\/span> <span aria-hidden=\"true\" data-icon=\"\ue93c\" class=\"icomoon icon-chevron-right\"><\/span> <span class=\"breadcrumb_last\" aria-current=\"page\">Hochleistungs-Klebstoffe f\u00fcr Verbundwerkstoffe<\/span><\/span><\/div><\/div><\/div><\/div><\/div><\/div><div class=\"et_pb_section_1 et_pb_section et_section_regular et_block_section\"><div class=\"et_pb_row_2 et_pb_row et_block_row\"><div class=\"et_pb_column_3 et_pb_column et_pb_column_4_4 et-last-child et_block_column et_pb_css_mix_blend_mode_passthrough\"><div class=\"et_pb_text_2 et_pb_text et_pb_bg_layout_light et_pb_module et_block_module\"><div class=\"et_pb_text_inner\"><h2>L&amp;L Bond<\/h2>\n<\/div><\/div><div class=\"et_pb_heading_0 et_pb_heading et_pb_module et_block_module\"><div class=\"et_pb_heading_container\"><h3 class=\"et_pb_module_header\">FST-Klebstoffe f\u00fcr leichtgewichtige Baugruppen.<\/h3><\/div><\/div><div class=\"et_pb_text_3 et_pb_text et_pb_bg_layout_light et_pb_module et_block_module\"><div class=\"et_pb_text_inner\"><p>Die L&amp;L Bond Hochleistungs-Klebstoffserie bietet FST-konforme Leichtbauklebstoffe, mit denen Wabenkernstrukturen gezielt verklebt und verst\u00e4rkt werden k\u00f6nnen. Sie eignen sich ideal f\u00fcr Anwendungen im Innenraum von Luftfahrt- und Schienenfahrzeugen. Die Klebstoffe erm\u00f6glichen das Verbinden unterschiedlicher Materialien, darunter Metall, Thermoplaste und Verbundwerkstoffe.<\/p>\n<p>Die Materialien sind f\u00fcr hohe Produktionseffizienz optimiert und tragen zur Kostenreduzierung und Verk\u00fcrzung von Zykluszeiten bei. Die von L&amp;L \u201e Advanced Composite Adhesives\u201c erf\u00fcllen die neuesten FAA- und EASA-Brandschutzvorgaben hinsichtlich vertikaler Brennbarkeitspr\u00fcfung, Rauchdichte und Toxizit\u00e4t.<\/p>\n<\/div><\/div><\/div><\/div><\/div><div class=\"et_pb_section_2 et_pb_section et_section_regular et_block_section\"><div class=\"et_pb_row_3 et_pb_row et_block_row\"><div class=\"et_pb_column_4 et_pb_column et_pb_column_4_4 et-last-child et_block_column et_pb_css_mix_blend_mode_passthrough\"><div class=\"et_pb_code_0 et_pb_code et_pb_module\"><div class=\"et_pb_code_inner\"><iframe width=\u201c560\u201d height=\u201c315\u201d \n  data-src=\"https:\/\/www.youtube.com\/embed\/uN7fq4uzRSU?si=nh_kmMbP9w6MSyxq&autoplay=1&mute=1&loop=1&playlist=uN7fq4uzRSU\" title=\"Advanced Composite Solutions\" frameborder=\"0\" allow=\"accelerometer; autoplay; clipboard-write; encrypted-media; gyroscope; picture-in-picture; web-share\" allowfullscreen src=\"data:image\/svg+xml;base64,PHN2ZyB3aWR0aD0iMSIgaGVpZ2h0PSIxIiB4bWxucz0iaHR0cDovL3d3dy53My5vcmcvMjAwMC9zdmciPjwvc3ZnPg==\" class=\"lazyload\" data-load-mode=\"1\"><\/iframe><\/div><\/div><\/div><\/div><\/div><div class=\"et_pb_section_3 et_pb_section et_section_regular et_block_section\"><div class=\"et_pb_row_4 et_pb_row et_block_row\"><div class=\"et_pb_column_5 et_pb_column et_pb_column_4_4 et-last-child et_block_column et_pb_css_mix_blend_mode_passthrough\"><div class=\"et_pb_text_4 et_pb_text et_pb_bg_layout_light et_pb_module et_block_module\"><div class=\"et_pb_text_inner\"><p style=\"text-align: center;\">Warum Hochleistungs-Klebstoffe<br \/>f\u00fcr Verbundwerkstoffe?<\/p>\n<\/div><\/div><\/div><\/div><div class=\"et_pb_row_5 et_pb_row et_block_row\"><div class=\"et_pb_column_6 et_pb_column et_pb_column_1_3 et_block_column et_pb_css_mix_blend_mode_passthrough\"><div class=\"et_pb_image_1 et_pb_image et_pb_module et_block_module\"><span class=\"et_pb_image_wrap\"><img decoding=\"async\" data-src=\"https:\/\/www.llproducts.com\/de-de\/wp-content\/uploads\/sites\/15\/2025\/03\/Advanced-Composite-Adhesives-High-Strength.png\" width=\"1000\" height=\"1000\" data-srcset=\"https:\/\/www.llproducts.com\/de-de\/wp-content\/uploads\/sites\/15\/2025\/03\/Advanced-Composite-Adhesives-High-Strength.png 1000w, https:\/\/www.llproducts.com\/de-de\/wp-content\/uploads\/sites\/15\/2025\/03\/Advanced-Composite-Adhesives-High-Strength-980x980.png 980w, https:\/\/www.llproducts.com\/de-de\/wp-content\/uploads\/sites\/15\/2025\/03\/Advanced-Composite-Adhesives-High-Strength-480x480.png 480w\" data-sizes=\"auto\" class=\"wp-image-12746 lazyload\" title=\"Advanced Composite Adhesives High Strength\" src=\"data:image\/svg+xml;base64,PHN2ZyB3aWR0aD0iMSIgaGVpZ2h0PSIxIiB4bWxucz0iaHR0cDovL3d3dy53My5vcmcvMjAwMC9zdmciPjwvc3ZnPg==\" style=\"--smush-placeholder-width: 1000px; --smush-placeholder-aspect-ratio: 1000\/1000;\" data-original-sizes=\"(min-width: 0px) and (max-width: 480px) 480px, (min-width: 481px) and (max-width: 980px) 980px, (min-width: 981px) 1000px, 100vw\" \/><\/span><\/div><div class=\"et_pb_text_5 et_pb_text et_pb_bg_layout_light et_pb_module et_block_module\"><div class=\"et_pb_text_inner\"><p><strong>HOHE FESTIGKEIT<\/strong><\/p>\n<\/div><\/div><div class=\"et_pb_text_6 et_pb_text et_pb_bg_layout_light et_pb_module et_block_module\"><div class=\"et_pb_text_inner\"><p>L&amp;L Bond Hochleistungs-Klebstoffe bieten mechanisch hochfeste Verbindungen, auch bei unterschiedlichen Materialien an und verleihen Leichtbaustrukturen zus\u00e4tzliche Stabilit\u00e4t.<\/p>\n<\/div><\/div><\/div><div class=\"et_pb_column_7 et_pb_column et_pb_column_1_3 et_block_column et_pb_css_mix_blend_mode_passthrough\"><div class=\"et_pb_image_2 et_pb_image et_pb_module et_block_module\"><span class=\"et_pb_image_wrap\"><img decoding=\"async\" data-src=\"https:\/\/www.llproducts.com\/de-de\/wp-content\/uploads\/sites\/15\/2025\/03\/Advanced-Composite-Adhesives-Safe-Handling-1.png\" width=\"1000\" height=\"1000\" data-srcset=\"https:\/\/www.llproducts.com\/de-de\/wp-content\/uploads\/sites\/15\/2025\/03\/Advanced-Composite-Adhesives-Safe-Handling-1.png 1000w, https:\/\/www.llproducts.com\/de-de\/wp-content\/uploads\/sites\/15\/2025\/03\/Advanced-Composite-Adhesives-Safe-Handling-1-980x980.png 980w, https:\/\/www.llproducts.com\/de-de\/wp-content\/uploads\/sites\/15\/2025\/03\/Advanced-Composite-Adhesives-Safe-Handling-1-480x480.png 480w\" data-sizes=\"auto\" class=\"wp-image-12748 lazyload\" title=\"Advanced Composite Adhesives Safe Handling\" src=\"data:image\/svg+xml;base64,PHN2ZyB3aWR0aD0iMSIgaGVpZ2h0PSIxIiB4bWxucz0iaHR0cDovL3d3dy53My5vcmcvMjAwMC9zdmciPjwvc3ZnPg==\" style=\"--smush-placeholder-width: 1000px; --smush-placeholder-aspect-ratio: 1000\/1000;\" data-original-sizes=\"(min-width: 0px) and (max-width: 480px) 480px, (min-width: 481px) and (max-width: 980px) 980px, (min-width: 981px) 1000px, 100vw\" \/><\/span><\/div><div class=\"et_pb_text_7 et_pb_text et_pb_bg_layout_light et_pb_module et_block_module\"><div class=\"et_pb_text_inner\"><p>SICHERE ANWENDUNG<\/p>\n<\/div><\/div><div class=\"et_pb_text_8 et_pb_text et_pb_bg_layout_light et_pb_module et_block_module\"><div class=\"et_pb_text_inner\"><p>FST- und REACH-konform: Die Klebstoffe von L&amp;L erm\u00f6glichen eine saubere, sichere und umweltfreundliche Verarbeitung bei der Verklebung von Verbundwerkstoffen.<\/p>\n<p>&nbsp;<\/p>\n<\/div><\/div><\/div><div class=\"et_pb_column_8 et_pb_column et_pb_column_1_3 et-last-child et_block_column et_pb_css_mix_blend_mode_passthrough\"><div class=\"et_pb_image_3 et_pb_image et_pb_module et_block_module\"><span class=\"et_pb_image_wrap\"><img decoding=\"async\" data-src=\"https:\/\/www.llproducts.com\/de-de\/wp-content\/uploads\/sites\/15\/2025\/03\/Advanced-Composite-Adhesives-Process.png\" width=\"1000\" height=\"1000\" data-srcset=\"https:\/\/www.llproducts.com\/de-de\/wp-content\/uploads\/sites\/15\/2025\/03\/Advanced-Composite-Adhesives-Process.png 1000w, https:\/\/www.llproducts.com\/de-de\/wp-content\/uploads\/sites\/15\/2025\/03\/Advanced-Composite-Adhesives-Process-980x980.png 980w, https:\/\/www.llproducts.com\/de-de\/wp-content\/uploads\/sites\/15\/2025\/03\/Advanced-Composite-Adhesives-Process-480x480.png 480w\" data-sizes=\"auto\" class=\"wp-image-12749 lazyload\" title=\"Advanced Composite Adhesives Process\" src=\"data:image\/svg+xml;base64,PHN2ZyB3aWR0aD0iMSIgaGVpZ2h0PSIxIiB4bWxucz0iaHR0cDovL3d3dy53My5vcmcvMjAwMC9zdmciPjwvc3ZnPg==\" style=\"--smush-placeholder-width: 1000px; --smush-placeholder-aspect-ratio: 1000\/1000;\" data-original-sizes=\"(min-width: 0px) and (max-width: 480px) 480px, (min-width: 481px) and (max-width: 980px) 980px, (min-width: 981px) 1000px, 100vw\" \/><\/span><\/div><div class=\"et_pb_text_9 et_pb_text et_pb_bg_layout_light et_pb_module et_block_module\"><div class=\"et_pb_text_inner\"><p><strong>PROZESS<\/strong><\/p>\n<\/div><\/div><div class=\"et_pb_text_10 et_pb_text et_pb_bg_layout_light et_pb_module et_block_module\"><div class=\"et_pb_text_inner\"><p>Die Klebstoffe h\u00e4rten bei Raumtemperatur aus und ben\u00f6tigen weniger Nachbearbeitung, das steigert die Prozesseffizienz und senkt die Gesamtkosten.<\/p>\n<p>&nbsp;<\/p>\n<p>&nbsp;<\/p>\n<\/div><\/div><\/div><\/div><\/div><div class=\"et_pb_section_4 et_pb_section et_section_regular et_block_section\"><div class=\"et_pb_row_6 et_pb_row et_block_row\"><div class=\"et_pb_column_9 et_pb_column et_pb_column_4_4 et-last-child et_block_column et_pb_css_mix_blend_mode_passthrough\"><div class=\"et_pb_heading_1 et_pb_heading et_pb_module et_block_module\"><div class=\"et_pb_heading_container\"><h1 class=\"et_pb_module_header\">Produkteigenschaften<\/h1><\/div><\/div><div class=\"et_pb_divider_0 et_pb_divider et_pb_space et_pb_divider_position_top et_pb_module\"><div class=\"et_pb_divider_internal\"><\/div><\/div><div class=\"et_pb_text_11 et_pb_text et_pb_bg_layout_light et_pb_module et_block_module\"><div class=\"et_pb_text_inner\"><ul>\n<li><strong>Entspricht FST-Vorgaben f\u00fcr eine vereinfachte Bauteilzulassung (FAR 25.853, ABD0031)<\/strong><\/li>\n<li><strong>Einsatzf\u00e4hig in einem breiten Temperaturspektrum, keine klimatisierten Bedingungen erforderlich<\/strong><\/li>\n<li><strong>Frei von krebserzeugenden, erbgutver\u00e4ndernden oder fortpflanzungsgef\u00e4hrdenden (CMR) Stoffen<\/strong><\/li>\n<li><strong>Beschleunigte Aush\u00e4rtung durch W\u00e4rmeeinwirkung m\u00f6glich<\/strong><\/li>\n<li><strong>Glatte, hochwertige Oberfl\u00e4chen nach der Aush\u00e4rtung<\/strong><\/li>\n<\/ul>\n<\/div><\/div><\/div><\/div><\/div><div class=\"et_pb_section_5 et_pb_section et_section_regular et_block_section\"><div class=\"et_pb_row_7 et_pb_row et_block_row\"><div class=\"et_pb_column_10 et_pb_column et_pb_column_4_4 et-last-child et_block_column et_pb_css_mix_blend_mode_passthrough\"><div class=\"et_pb_heading_2 et_pb_heading et_pb_module et_block_module\"><div class=\"et_pb_heading_container\"><h1 class=\"et_pb_module_header\">Anwendungsbereiche<\/h1><\/div><\/div><\/div><\/div><\/div><div class=\"et_pb_section_6 et_pb_section et_section_regular et_block_section\"><div class=\"et_pb_row_8 et_pb_row et_block_row\"><div class=\"et_pb_column_11 et_pb_column et_pb_column_4_4 et-last-child et_block_column et_pb_css_mix_blend_mode_passthrough\"><div class=\"et_pb_heading_3 et_pb_heading et_pb_module et_block_module\"><div class=\"et_pb_heading_container\"><h3 class=\"et_pb_module_header\">APPLICATIONS IN VARIOUS MARKETS<\/h3><\/div><\/div><div class=\"et_pb_divider_1 et_pb_divider et_pb_space et_pb_divider_position_top et_pb_module\"><div class=\"et_pb_divider_internal\"><\/div><\/div><\/div><\/div><div class=\"et_pb_row_9 et_pb_row et_block_row\"><div class=\"et_pb_column_12 et_pb_column et_pb_column_1_2 et_block_column et_pb_css_mix_blend_mode_passthrough\"><div class=\"et_pb_text_12 et_pb_text et_pb_bg_layout_light et_pb_module et_block_module\"><div class=\"et_pb_text_inner\"><ul>\n<li><strong>Einsatzverklebungen<\/strong><\/li>\n<li><strong>Luftfahrt\u00a0<\/strong><\/li>\n<li><strong>Halterungsverklebung<\/strong><\/li>\n<li><strong>Spezialfahrzeuge<\/strong><\/li>\n<li><strong>Paneelmontage<\/strong><\/li>\n<\/ul>\n<\/div><\/div><\/div><div class=\"et_pb_column_13 et_pb_column et_pb_column_1_2 et-last-child et_block_column et_pb_css_mix_blend_mode_passthrough\"><div class=\"et_pb_text_13 et_pb_text et_pb_bg_layout_light et_pb_module et_block_module\"><div class=\"et_pb_text_inner\"><ul>\n<li><strong>Sportartikel<\/strong><\/li>\n<li><strong>Schneid- und Faltprozesse<\/strong><\/li>\n<li><strong>Schienenfahrzeuge<\/strong><\/li>\n<li><strong>Zapfenverbindungen<\/strong><\/li>\n<li><strong>Schiffbau<\/strong><\/li>\n<\/ul>\n<\/div><\/div><\/div><\/div><\/div><div class=\"et_pb_section_7 et_pb_section et_section_regular et_block_section\"><div class=\"et_pb_row_10 et_pb_row et_block_row\"><div class=\"et_pb_column_14 et_pb_column et_pb_column_4_4 et-last-child et_block_column et_pb_css_mix_blend_mode_passthrough\"><div class=\"et_pb_text_14 et_pb_text et_pb_bg_layout_dark et_animated et_pb_module et_block_module\"><div class=\"et_pb_text_inner\"><h2>Ressourcen<\/h2>\n<\/div><\/div><div class=\"et_pb_text_15 et_pb_text et_pb_bg_layout_dark et_pb_module et_block_module\"><div class=\"et_pb_text_inner\"><p>Erfahren Sie mehr dar\u00fcber, wie sich L&amp;L Bond Hochleistungsklebstoffe auf Ihre Anforderungen zuschneiden lassen, damit eine optimale Leistung und sicheres Handling bei Verbundwerkstoffanwendungen erreicht wird.<\/p>\n<\/div><\/div><div class=\"et_pb_module et_pb_button_module_wrapper et_pb_button_0_wrapper\"><a class=\"et_pb_button_0 et_pb_button et_pb_bg_layout_light et_pb_module et_block_module list\" href=\"https:\/\/www.llproducts.com\/wp-content\/uploads\/2024\/10\/Advanced-Composite-Adhesives-Line-Card.pdf\" target=\"_blank\">Produkt\u00fcbersicht herunterladen <\/a><\/div><\/div><\/div><\/div><div class=\"et_pb_section_8 et_pb_section et_section_regular et_block_section\"><div class=\"et_pb_row_11 et_pb_row et_block_row\"><div class=\"et_pb_column_15 et_pb_column et_pb_column_4_4 et-last-child et_block_column et_pb_css_mix_blend_mode_passthrough\"><div class=\"et_pb_heading_4 et_pb_heading et_pb_module et_block_module\"><div class=\"et_pb_heading_container\"><h1 class=\"et_pb_module_header\">Aktuelle Themen<\/h1><\/div><\/div><div class=\"et_pb_code_1 et_pb_code et_pb_module\"><div class=\"et_pb_code_inner\"><script src=\"https:\/\/static.elfsight.com\/platform\/platform.js\" async><\/script>\n<div class=\"elfsight-app-72e28d3a-cb29-47b9-b42c-d9b80ca2705a\" data-elfsight-app-lazy><\/div><\/div><\/div><\/div><\/div><div class=\"et_pb_row_12 et_pb_row et-vb-row--no-module et_block_row\"><div class=\"et_pb_column_16 et_pb_column et_pb_column_4_4 et-last-child et_block_column et_pb_column_empty et_pb_css_mix_blend_mode_passthrough\"><\/div><\/div><\/div>\n","protected":false},"excerpt":{"rendered":"","protected":false},"author":7,"featured_media":0,"parent":0,"menu_order":0,"comment_status":"closed","ping_status":"closed","template":"","meta":{"_acf_changed":false,"inline_featured_image":false,"footnotes":""},"class_list":["post-12955","page","type-page","status-publish","hentry"],"acf":[],"dsm_author":{"name":"danielle","avatar_url":"https:\/\/secure.gravatar.com\/avatar\/ba184bb224889acaa39b2d73bca0df0defad92281ec2cb6293123f7e5edb00d6?s=96&d=mm&r=g","archive_link":"https:\/\/www.llproducts.com\/de-de\/news-events\/author\/danielle\/","biodata":""},"dsm_categories":[],"dsm_attachment_categories":[],"dsm_featured_image":null,"yoast_head":"<!-- This site is optimized with the Yoast SEO Premium plugin v27.3 (Yoast SEO v27.4) - https:\/\/yoast.com\/product\/yoast-seo-premium-wordpress\/ -->\n<title>Hochleistungs-Klebstoffe f\u00fcr Verbundwerkstoffe - L&amp;L Products - Anwendungstechnik &amp; Materialwissenschaft<\/title>\n<meta name=\"robots\" content=\"index, follow, max-snippet:-1, max-image-preview:large, max-video-preview:-1\" \/>\n<link rel=\"canonical\" href=\"https:\/\/www.llproducts.com\/de-de\/hochleistungs-klebstoffe-fuer-verbundwerkstoffe\/\" \/>\n<meta property=\"og:locale\" content=\"de_DE\" \/>\n<meta property=\"og:type\" content=\"article\" \/>\n<meta property=\"og:title\" content=\"Hochleistungs-Klebstoffe f\u00fcr Verbundwerkstoffe\" \/>\n<meta property=\"og:url\" content=\"https:\/\/www.llproducts.com\/de-de\/hochleistungs-klebstoffe-fuer-verbundwerkstoffe\/\" \/>\n<meta property=\"og:site_name\" content=\"L&amp;L Products - Anwendungstechnik &amp; Materialwissenschaft\" \/>\n<meta property=\"article:modified_time\" content=\"2026-04-16T16:01:20+00:00\" \/>\n<meta name=\"twitter:card\" content=\"summary_large_image\" \/>\n<meta name=\"twitter:label1\" content=\"Est. reading time\" \/>\n\t<meta name=\"twitter:data1\" content=\"3\u00a0Minuten\" \/>\n<script type=\"application\/ld+json\" class=\"yoast-schema-graph\">{\"@context\":\"https:\\\/\\\/schema.org\",\"@graph\":[{\"@type\":\"WebPage\",\"@id\":\"https:\\\/\\\/www.llproducts.com\\\/de-de\\\/hochleistungs-klebstoffe-fuer-verbundwerkstoffe\\\/\",\"url\":\"https:\\\/\\\/www.llproducts.com\\\/de-de\\\/hochleistungs-klebstoffe-fuer-verbundwerkstoffe\\\/\",\"name\":\"Hochleistungs-Klebstoffe f\u00fcr Verbundwerkstoffe - L&amp;L Products - Anwendungstechnik &amp; Materialwissenschaft\",\"isPartOf\":{\"@id\":\"https:\\\/\\\/www.llproducts.com\\\/de-de\\\/#website\"},\"datePublished\":\"2025-05-14T18:34:57+00:00\",\"dateModified\":\"2026-04-16T16:01:20+00:00\",\"breadcrumb\":{\"@id\":\"https:\\\/\\\/www.llproducts.com\\\/de-de\\\/hochleistungs-klebstoffe-fuer-verbundwerkstoffe\\\/#breadcrumb\"},\"inLanguage\":\"de\",\"potentialAction\":[{\"@type\":\"ReadAction\",\"target\":[\"https:\\\/\\\/www.llproducts.com\\\/de-de\\\/hochleistungs-klebstoffe-fuer-verbundwerkstoffe\\\/\"]}]},{\"@type\":\"BreadcrumbList\",\"@id\":\"https:\\\/\\\/www.llproducts.com\\\/de-de\\\/hochleistungs-klebstoffe-fuer-verbundwerkstoffe\\\/#breadcrumb\",\"itemListElement\":[{\"@type\":\"ListItem\",\"position\":1,\"name\":\"Home\",\"item\":\"https:\\\/\\\/www.llproducts.com\\\/de-de\\\/\"},{\"@type\":\"ListItem\",\"position\":2,\"name\":\"Hochleistungs-Klebstoffe f\u00fcr Verbundwerkstoffe\"}]},{\"@type\":\"WebSite\",\"@id\":\"https:\\\/\\\/www.llproducts.com\\\/de-de\\\/#website\",\"url\":\"https:\\\/\\\/www.llproducts.com\\\/de-de\\\/\",\"name\":\"L&amp;L Products - Anwendungstechnik &amp; Materialwissenschaft\",\"description\":\"\",\"potentialAction\":[{\"@type\":\"SearchAction\",\"target\":{\"@type\":\"EntryPoint\",\"urlTemplate\":\"https:\\\/\\\/www.llproducts.com\\\/de-de\\\/?s={search_term_string}\"},\"query-input\":{\"@type\":\"PropertyValueSpecification\",\"valueRequired\":true,\"valueName\":\"search_term_string\"}}],\"inLanguage\":\"de\"}]}<\/script>\n<!-- \/ Yoast SEO Premium plugin. -->","yoast_head_json":{"title":"Hochleistungs-Klebstoffe f\u00fcr Verbundwerkstoffe - L&amp;L Products - Anwendungstechnik &amp; Materialwissenschaft","robots":{"index":"index","follow":"follow","max-snippet":"max-snippet:-1","max-image-preview":"max-image-preview:large","max-video-preview":"max-video-preview:-1"},"canonical":"https:\/\/www.llproducts.com\/de-de\/hochleistungs-klebstoffe-fuer-verbundwerkstoffe\/","og_locale":"de_DE","og_type":"article","og_title":"Hochleistungs-Klebstoffe f\u00fcr Verbundwerkstoffe","og_url":"https:\/\/www.llproducts.com\/de-de\/hochleistungs-klebstoffe-fuer-verbundwerkstoffe\/","og_site_name":"L&amp;L Products - Anwendungstechnik &amp; Materialwissenschaft","article_modified_time":"2026-04-16T16:01:20+00:00","twitter_card":"summary_large_image","twitter_misc":{"Est. reading time":"3\u00a0Minuten"},"schema":{"@context":"https:\/\/schema.org","@graph":[{"@type":"WebPage","@id":"https:\/\/www.llproducts.com\/de-de\/hochleistungs-klebstoffe-fuer-verbundwerkstoffe\/","url":"https:\/\/www.llproducts.com\/de-de\/hochleistungs-klebstoffe-fuer-verbundwerkstoffe\/","name":"Hochleistungs-Klebstoffe f\u00fcr Verbundwerkstoffe - L&amp;L Products - Anwendungstechnik &amp; Materialwissenschaft","isPartOf":{"@id":"https:\/\/www.llproducts.com\/de-de\/#website"},"datePublished":"2025-05-14T18:34:57+00:00","dateModified":"2026-04-16T16:01:20+00:00","breadcrumb":{"@id":"https:\/\/www.llproducts.com\/de-de\/hochleistungs-klebstoffe-fuer-verbundwerkstoffe\/#breadcrumb"},"inLanguage":"de","potentialAction":[{"@type":"ReadAction","target":["https:\/\/www.llproducts.com\/de-de\/hochleistungs-klebstoffe-fuer-verbundwerkstoffe\/"]}]},{"@type":"BreadcrumbList","@id":"https:\/\/www.llproducts.com\/de-de\/hochleistungs-klebstoffe-fuer-verbundwerkstoffe\/#breadcrumb","itemListElement":[{"@type":"ListItem","position":1,"name":"Home","item":"https:\/\/www.llproducts.com\/de-de\/"},{"@type":"ListItem","position":2,"name":"Hochleistungs-Klebstoffe f\u00fcr Verbundwerkstoffe"}]},{"@type":"WebSite","@id":"https:\/\/www.llproducts.com\/de-de\/#website","url":"https:\/\/www.llproducts.com\/de-de\/","name":"L&amp;L Products - Anwendungstechnik &amp; Materialwissenschaft","description":"","potentialAction":[{"@type":"SearchAction","target":{"@type":"EntryPoint","urlTemplate":"https:\/\/www.llproducts.com\/de-de\/?s={search_term_string}"},"query-input":{"@type":"PropertyValueSpecification","valueRequired":true,"valueName":"search_term_string"}}],"inLanguage":"de"}]}},"_links":{"self":[{"href":"https:\/\/www.llproducts.com\/de-de\/wp-json\/wp\/v2\/pages\/12955","targetHints":{"allow":["GET"]}}],"collection":[{"href":"https:\/\/www.llproducts.com\/de-de\/wp-json\/wp\/v2\/pages"}],"about":[{"href":"https:\/\/www.llproducts.com\/de-de\/wp-json\/wp\/v2\/types\/page"}],"author":[{"embeddable":true,"href":"https:\/\/www.llproducts.com\/de-de\/wp-json\/wp\/v2\/users\/7"}],"replies":[{"embeddable":true,"href":"https:\/\/www.llproducts.com\/de-de\/wp-json\/wp\/v2\/comments?post=12955"}],"version-history":[{"count":0,"href":"https:\/\/www.llproducts.com\/de-de\/wp-json\/wp\/v2\/pages\/12955\/revisions"}],"wp:attachment":[{"href":"https:\/\/www.llproducts.com\/de-de\/wp-json\/wp\/v2\/media?parent=12955"}],"curies":[{"name":"wp","href":"https:\/\/api.w.org\/{rel}","templated":true}]}}