{"id":846,"date":"2024-09-26T20:18:54","date_gmt":"2024-09-26T20:18:54","guid":{"rendered":"https:\/\/llproducts1.wpenginepowered.com\/de-de\/?page_id=846"},"modified":"2026-04-16T16:02:13","modified_gmt":"2026-04-16T16:02:13","slug":"stiftungen","status":"publish","type":"page","link":"https:\/\/www.llproducts.com\/de-de\/unternehmen\/stiftungen\/","title":{"rendered":"Stiftungen"},"content":{"rendered":"\n<div class=\"et_pb_section_0 et_pb_section et_section_regular et_block_section\"><div class=\"et_pb_row_0 et_pb_row et_pb_gutters1 et_block_row inner-title-row\"><div class=\"et_pb_column_0 et_pb_column et_pb_column_2_3 et_block_column et_pb_css_mix_blend_mode_passthrough\"><div class=\"et_pb_image_0 et_pb_image et_pb_module et_block_module\"><span class=\"et_pb_image_wrap\"><img decoding=\"async\" data-src=\"https:\/\/www.llproducts.com\/wp-content\/uploads\/2025\/12\/Foundations.png\" src=\"data:image\/svg+xml;base64,PHN2ZyB3aWR0aD0iMSIgaGVpZ2h0PSIxIiB4bWxucz0iaHR0cDovL3d3dy53My5vcmcvMjAwMC9zdmciPjwvc3ZnPg==\" class=\"lazyload\" \/><\/span><\/div><\/div><div class=\"et_pb_column_1 et_pb_column et_pb_column_1_3 et-last-child et_block_column et_pb_css_mix_blend_mode_passthrough et_animated inner-title-col alt-title-col\"><div class=\"et_pb_text_0 et_pb_text et_pb_bg_layout_dark et_pb_module et_block_module inner-title-2\"><div class=\"et_pb_text_inner\"><h1>Zur\u00fcckgeben<\/h1>\n<\/div><\/div><div class=\"et_pb_text_1 et_pb_text et_pb_bg_layout_dark et_pb_module et_block_module\"><div class=\"et_pb_text_inner\"><p>Als stolzer Unterst\u00fctzer der Gemeinden, in denen wir ans\u00e4ssig sind, leisten die L&amp;L-Stiftungen seit vielen Jahren finanzielle Unterst\u00fctzung f\u00fcr die Bildung in Form von Stipendien und Zusch\u00fcssen.<\/p>\n<\/div><\/div><div class=\"et_pb_module et_pb_button_module_wrapper et_pb_button_0_wrapper\"><a class=\"et_pb_button_0 et_pb_button et_pb_bg_layout_light et_pb_module et_block_module wht-btn\" href=\"#apply\">Jetzt bewerben<\/a><\/div><\/div><\/div><div class=\"et_pb_row_1 et_pb_row et_block_row\"><div class=\"et_pb_column_2 et_pb_column et_pb_column_4_4 et-last-child et_block_column et_pb_css_mix_blend_mode_passthrough\"><div class=\"et_pb_sidebar_0 et_pb_widget_area clearfix et_pb_widget_area_left et_pb_bg_layout_light et_pb_sidebar_no_border et_pb_module et_block_module breadcrumbs\"><div id=\"block-10\" class=\"et_pb_widget widget_block\"><div class=\"yoast-breadcrumbs\"><span><span><a href=\"https:\/\/www.llproducts.com\/de-de\/\">Home<\/a><\/span> <span aria-hidden=\"true\" data-icon=\"\ue93c\" class=\"icomoon icon-chevron-right\"><\/span> <span><a href=\"https:\/\/www.llproducts.com\/de-de\/unternehmen\/\">Unternehmen<\/a><\/span> <span aria-hidden=\"true\" data-icon=\"\ue93c\" class=\"icomoon icon-chevron-right\"><\/span> <span class=\"breadcrumb_last\" aria-current=\"page\">Stiftungen<\/span><\/span><\/div><\/div><\/div><\/div><\/div><\/div><div class=\"et_pb_section_1 et_pb_section et_section_specialty et_pb_gutters3 et_block_section\" id=\"page-content\"><div class=\"et_pb_row et_pb_row-1-4_3-4 et_block_row\"><div class=\"et_pb_column_3 et_pb_column et_pb_column_single et_pb_column_1_4 et_block_column et_pb_css_mix_blend_mode_passthrough\"><div class=\"et_pb_sidebar_1 et_pb_widget_area clearfix et_pb_widget_area_left et_pb_bg_layout_light et_pb_sidebar_no_border et_pb_module et_block_module\"><div id=\"nav_menu-10\" class=\"et_pb_widget widget_nav_menu\"><div class=\"menu-company-menu-container\"><ul id=\"menu-company-menu\" class=\"menu\"><li id=\"menu-item-841\" class=\"menu-item menu-item-type-post_type menu-item-object-page menu-item-841\"><a href=\"https:\/\/www.llproducts.com\/de-de\/unternehmen\/\">Unternehmen<\/a><\/li>\n<li id=\"menu-item-839\" class=\"menu-item menu-item-type-post_type menu-item-object-page menu-item-839\"><a href=\"https:\/\/www.llproducts.com\/de-de\/unternehmen\/innovation\/\">Innovation<\/a><\/li>\n<li id=\"menu-item-840\" class=\"menu-item menu-item-type-post_type menu-item-object-page menu-item-840\"><a href=\"https:\/\/www.llproducts.com\/de-de\/unternehmen\/werte-unternehmenskultur\/\">Werte &#038; Unternehmenskultur<\/a><\/li>\n<li id=\"menu-item-908\" class=\"menu-item menu-item-type-post_type menu-item-object-page menu-item-908\"><a href=\"https:\/\/www.llproducts.com\/de-de\/unternehmen\/geschichte\/\">Geschichte<\/a><\/li>\n<li id=\"menu-item-1071\" class=\"menu-item menu-item-type-post_type menu-item-object-page menu-item-1071\"><a href=\"https:\/\/www.llproducts.com\/de-de\/unternehmen\/karriere\/\">Karriere<\/a><\/li>\n<li id=\"menu-item-10779\" class=\"menu-item menu-item-type-post_type menu-item-object-page menu-item-10779\"><a href=\"https:\/\/www.llproducts.com\/de-de\/unternehmen\/standorte\/\">Standorte<\/a><\/li>\n<li id=\"menu-item-1070\" class=\"menu-item menu-item-type-post_type menu-item-object-page menu-item-1070\"><a href=\"https:\/\/www.llproducts.com\/de-de\/unternehmen\/stiftungen\/\">Stiftungen<\/a><\/li>\n<li id=\"menu-item-1069\" class=\"menu-item menu-item-type-post_type menu-item-object-page menu-item-1069\"><a href=\"https:\/\/www.llproducts.com\/de-de\/unternehmen\/soziale-verantwortung-der-unternehmen\/\">Soziale Verantwortung der Unternehmen<\/a><\/li>\n<li id=\"menu-item-10780\" class=\"menu-item menu-item-type-post_type menu-item-object-page menu-item-10780\"><a href=\"https:\/\/www.llproducts.com\/de-de\/unternehmen\/ressourcenzentrum\/\">Ressourcenzentrum<\/a><\/li>\n<\/ul><\/div><\/div><\/div><\/div><div class=\"et_pb_column_4 et_pb_column et_pb_specialty_column et_pb_column_3_4 et-last-child et_block_column et_pb_css_mix_blend_mode_passthrough\"><div class=\"et_pb_row_inner_0 et_pb_row_inner et_block_row\"><div class=\"et_pb_column_inner_0 et_pb_column_inner et_pb_column et_pb_column_4_4 et-last-child et_block_column et_pb_css_mix_blend_mode_passthrough\"><div class=\"et_pb_text_2 et_pb_text et_pb_bg_layout_light et_animated et_pb_module et_block_module inner-title\"><div class=\"et_pb_text_inner\"><h1>Unser Beitrag f\u00fcr<br \/>die Gesellschaft<\/h1>\n<\/div><\/div><\/div><\/div><div class=\"et_pb_row_inner_1 et_pb_row_inner et_block_row\"><div class=\"et_pb_column_inner_1 et_pb_column_inner et_pb_column et_pb_column_3_8 et_block_column et_pb_css_mix_blend_mode_passthrough\"><div class=\"et_pb_text_3 et_pb_text et_pb_bg_layout_light et_pb_module et_block_module\"><div class=\"et_pb_text_inner\"><p>Wir unterst\u00fctzen gerne die St\u00e4dte und Gemeinden, in denen wir ans\u00e4ssig sind, und f\u00f6rdern mit den L&amp;L-Stiftungen seit vielen Jahren \u00f6rtliche Bildungseinrichtungen in Form von Zusch\u00fcssen und Stipendien.<\/p>\n<p>Alles begann im Jahr 1987 mit der L&amp;L Educational Foundation. Robert M. Ligon und W. Eugene Lane, die Gr\u00fcnder von L&amp;L Products, riefen eine gemeinn\u00fctzige Stiftung ins Leben, um Angeh\u00f6rigen der L&amp;L-Familie bei den Ausgaben f\u00fcr die Erwachsenenfortbildung zu helfen.<\/p>\n<p>Im Jahr 2018 wurde die L&amp;L Products Foundation von den Kindern und Enkelkindern der beiden Firmengr\u00fcnder initiiert, um Angeh\u00f6rige der L&amp;L-Familie au\u00dferhalb der USA zu unterst\u00fctzen<\/p>\n<\/div><\/div><\/div><div class=\"et_pb_column_inner_2 et_pb_column_inner et_pb_column et_pb_column_3_8 et-last-child et_block_column et_pb_css_mix_blend_mode_passthrough\"><div class=\"et_pb_image_1 et_pb_image et_pb_module et_block_module\"><span class=\"et_pb_image_wrap\"><img decoding=\"async\" src=\"https:\/\/llproducts1.wpenginepowered.com\/de-de\/wp-content\/uploads\/sites\/15\/2024\/09\/picture__5.jpg\" title=\"A young girl smiling\" alt=\"A collage of images with kids smiling\" \/><\/span><\/div><\/div><\/div><div class=\"et_pb_row_inner_2 et_pb_row_inner et_block_row\" id=\"apply\"><div class=\"et_pb_column_inner_3 et_pb_column_inner et_pb_column et_pb_column_4_4 et-last-child et_block_column et_pb_css_mix_blend_mode_passthrough\"><div class=\"et_pb_text_4 et_pb_text et_pb_bg_layout_dark et_animated et_pb_module et_block_module et_pb_text_align_center\"><div class=\"et_pb_text_inner\"><h2 class=\"no-dot\">Wo befinden Sie sich?<\/h2>\n<\/div><\/div><div class=\"et_pb_module et_pb_button_module_wrapper et_pb_button_1_wrapper\"><a class=\"et_pb_button_1 et_pb_button et_pb_bg_layout_light et_pb_module et_block_module wht-btn\" href=\"\/de-de\/unternehmen\/stiftungen\/ll-bildungsstiftung\/\">North America<\/a><\/div><div class=\"et_pb_module et_pb_button_module_wrapper et_pb_button_2_wrapper\"><a class=\"et_pb_button_2 et_pb_button et_pb_bg_layout_light et_pb_module et_block_module wht-btn\" href=\"https:\/\/www.llproducts.com\/de-de\/unternehmen\/stiftungen\/ll-products-stiftung\/\">International<\/a><\/div><\/div><\/div><div class=\"et_pb_row_inner_3 et_pb_row_inner et_block_row\"><div class=\"et_pb_column_inner_4 et_pb_column_inner et_pb_column et_pb_column_3_8 et_block_column et_pb_css_mix_blend_mode_passthrough\"><div class=\"et_pb_image_2 et_pb_image et_pb_module et_block_module\"><span class=\"et_pb_image_wrap\"><img decoding=\"async\" src=\"https:\/\/llproducts1.wpenginepowered.com\/de-de\/wp-content\/uploads\/sites\/15\/2024\/09\/picture__2.jpg\" title=\"A young girl smiling\" alt=\"A young girl smiling\" \/><\/span><\/div><\/div><div class=\"et_pb_column_inner_5 et_pb_column_inner et_pb_column et_pb_column_3_8 et-last-child et_block_column et_pb_css_mix_blend_mode_passthrough\"><div class=\"et_pb_text_5 et_pb_text et_pb_bg_layout_light et_pb_module et_block_module\"><div class=\"et_pb_text_inner\"><div>\n<div class=\"illustration-item__text in-view\">\n<p>Das Stiftungsziel besteht darin, jedes Jahr so vielen f\u00f6rderungsw\u00fcrdigen Bewerbern wie m\u00f6glich Bildungsstipendien zu gew\u00e4hren. Mit diesem Programm werden die Kosten f\u00fcr den Besuch eines Colleges, einer Universit\u00e4t, einer Wirtschaftsschule, einer Fachhochschule, einer Berufsschule oder einer \u00e4hnlichen Bildungseinrichtung zur Vorbereitung oder F\u00f6rderung der beruflichen Laufbahn unterst\u00fctzt.<\/p>\n<p>Wo immer m\u00f6glich, bem\u00fchen sich die Stiftungen auch darum, MINT-Programme (Mathematik, Informatik, Naturwissenschaften, Technik) und andere Bildungsinstrumente in \u00f6rtlichen Schulen durch Zusch\u00fcsse zu f\u00f6rdern<\/p>\n<p><a href=\"https:\/\/thecountypress.mihomepaper.com\/articles\/imlay-city-middle-school-receives-grant-for-makerspace\/\" target=\"_blank\" rel=\"noopener noreferrer\">Lesen Sie mehr<\/a>\u00a0\u00fcber einen Stipendiaten der L&amp;L Products Educational Foundation und dar\u00fcber, wie die Bem\u00fchungen den Sch\u00fclern vor Ort helfen, kritische Denkf\u00e4higkeiten zu entwickeln, Kreativit\u00e4t auszudr\u00fccken und Engagement zu f\u00f6rdern.<\/p>\n<\/div>\n<\/div>\n<\/div><\/div><\/div><\/div><\/div><\/div><\/div>\n","protected":false},"excerpt":{"rendered":"","protected":false},"author":4,"featured_media":11605,"parent":451,"menu_order":0,"comment_status":"closed","ping_status":"closed","template":"","meta":{"_acf_changed":false,"inline_featured_image":false,"footnotes":""},"class_list":["post-846","page","type-page","status-publish","has-post-thumbnail","hentry"],"acf":[],"dsm_author":{"name":"lafata","avatar_url":"https:\/\/secure.gravatar.com\/avatar\/66f6e75e3378137d9b1a20f7ad6c54aa6acecd8466704fadf5641de9af89b844?s=96&d=mm&r=g","archive_link":"https:\/\/www.llproducts.com\/de-de\/news-events\/author\/lafata\/","biodata":""},"dsm_categories":[],"dsm_attachment_categories":[],"dsm_featured_image":{"thumbnail":"https:\/\/www.llproducts.com\/de-de\/wp-content\/uploads\/sites\/15\/2024\/11\/Foundations-Header-Image-3-150x150.jpg","medium":"https:\/\/www.llproducts.com\/de-de\/wp-content\/uploads\/sites\/15\/2024\/11\/Foundations-Header-Image-3-300x169.jpg","medium_large":"https:\/\/www.llproducts.com\/de-de\/wp-content\/uploads\/sites\/15\/2024\/11\/Foundations-Header-Image-3-768x432.jpg","large":"https:\/\/www.llproducts.com\/de-de\/wp-content\/uploads\/sites\/15\/2024\/11\/Foundations-Header-Image-3-1024x576.jpg","1536x1536":"https:\/\/www.llproducts.com\/de-de\/wp-content\/uploads\/sites\/15\/2024\/11\/Foundations-Header-Image-3-1536x864.jpg","2048x2048":"https:\/\/www.llproducts.com\/de-de\/wp-content\/uploads\/sites\/15\/2024\/11\/Foundations-Header-Image-3.jpg","et-pb-post-main-image":"https:\/\/www.llproducts.com\/de-de\/wp-content\/uploads\/sites\/15\/2024\/11\/Foundations-Header-Image-3-400x250.jpg","et-pb-post-main-image-fullwidth":"https:\/\/www.llproducts.com\/de-de\/wp-content\/uploads\/sites\/15\/2024\/11\/Foundations-Header-Image-3-1080x675.jpg","et-pb-portfolio-image":"https:\/\/www.llproducts.com\/de-de\/wp-content\/uploads\/sites\/15\/2024\/11\/Foundations-Header-Image-3-400x284.jpg","et-pb-portfolio-module-image":"https:\/\/www.llproducts.com\/de-de\/wp-content\/uploads\/sites\/15\/2024\/11\/Foundations-Header-Image-3-510x382.jpg","et-pb-portfolio-image-single":"https:\/\/www.llproducts.com\/de-de\/wp-content\/uploads\/sites\/15\/2024\/11\/Foundations-Header-Image-3-1080x608.jpg","et-pb-gallery-module-image-portrait":"https:\/\/www.llproducts.com\/de-de\/wp-content\/uploads\/sites\/15\/2024\/11\/Foundations-Header-Image-3-400x516.jpg","et-pb-post-main-image-fullwidth-large":"https:\/\/www.llproducts.com\/de-de\/wp-content\/uploads\/sites\/15\/2024\/11\/Foundations-Header-Image-3.jpg","et-pb-image--responsive--desktop":"https:\/\/www.llproducts.com\/de-de\/wp-content\/uploads\/sites\/15\/2024\/11\/Foundations-Header-Image-3-1280x720.jpg","et-pb-image--responsive--tablet":"https:\/\/www.llproducts.com\/de-de\/wp-content\/uploads\/sites\/15\/2024\/11\/Foundations-Header-Image-3-980x551.jpg","et-pb-image--responsive--phone":"https:\/\/www.llproducts.com\/de-de\/wp-content\/uploads\/sites\/15\/2024\/11\/Foundations-Header-Image-3-480x270.jpg","gform-image-choice-sm":"https:\/\/www.llproducts.com\/de-de\/wp-content\/uploads\/sites\/15\/2024\/11\/Foundations-Header-Image-3.jpg","gform-image-choice-md":"https:\/\/www.llproducts.com\/de-de\/wp-content\/uploads\/sites\/15\/2024\/11\/Foundations-Header-Image-3.jpg","gform-image-choice-lg":"https:\/\/www.llproducts.com\/de-de\/wp-content\/uploads\/sites\/15\/2024\/11\/Foundations-Header-Image-3.jpg","full":"https:\/\/www.llproducts.com\/de-de\/wp-content\/uploads\/sites\/15\/2024\/11\/Foundations-Header-Image-3.jpg"},"yoast_head":"<!-- This site is optimized with the Yoast SEO Premium plugin v27.3 (Yoast SEO v27.4) - https:\/\/yoast.com\/product\/yoast-seo-premium-wordpress\/ -->\n<title>Stiftungen - L&amp;L Products - Anwendungstechnik &amp; Materialwissenschaft<\/title>\n<meta name=\"robots\" content=\"index, follow, max-snippet:-1, max-image-preview:large, max-video-preview:-1\" \/>\n<link rel=\"canonical\" href=\"https:\/\/www.llproducts.com\/de-de\/unternehmen\/stiftungen\/\" \/>\n<meta property=\"og:locale\" content=\"de_DE\" \/>\n<meta property=\"og:type\" content=\"article\" \/>\n<meta property=\"og:title\" content=\"Stiftungen\" \/>\n<meta property=\"og:url\" content=\"https:\/\/www.llproducts.com\/de-de\/unternehmen\/stiftungen\/\" \/>\n<meta property=\"og:site_name\" content=\"L&amp;L Products - Anwendungstechnik &amp; Materialwissenschaft\" \/>\n<meta property=\"article:modified_time\" content=\"2026-04-16T16:02:13+00:00\" \/>\n<meta property=\"og:image\" content=\"https:\/\/www.llproducts.com\/de-de\/wp-content\/uploads\/sites\/15\/2024\/11\/Foundations-Header-Image-3.jpg\" \/>\n\t<meta property=\"og:image:width\" content=\"1920\" \/>\n\t<meta property=\"og:image:height\" content=\"1080\" \/>\n\t<meta property=\"og:image:type\" content=\"image\/jpeg\" \/>\n<meta name=\"twitter:card\" content=\"summary_large_image\" \/>\n<meta name=\"twitter:label1\" content=\"Est. reading time\" \/>\n\t<meta name=\"twitter:data1\" content=\"3\u00a0Minuten\" \/>\n<script type=\"application\/ld+json\" class=\"yoast-schema-graph\">{\"@context\":\"https:\\\/\\\/schema.org\",\"@graph\":[{\"@type\":\"WebPage\",\"@id\":\"https:\\\/\\\/www.llproducts.com\\\/de-de\\\/unternehmen\\\/stiftungen\\\/\",\"url\":\"https:\\\/\\\/www.llproducts.com\\\/de-de\\\/unternehmen\\\/stiftungen\\\/\",\"name\":\"Stiftungen - L&amp;L Products - Anwendungstechnik &amp; Materialwissenschaft\",\"isPartOf\":{\"@id\":\"https:\\\/\\\/www.llproducts.com\\\/de-de\\\/#website\"},\"primaryImageOfPage\":{\"@id\":\"https:\\\/\\\/www.llproducts.com\\\/de-de\\\/unternehmen\\\/stiftungen\\\/#primaryimage\"},\"image\":{\"@id\":\"https:\\\/\\\/www.llproducts.com\\\/de-de\\\/unternehmen\\\/stiftungen\\\/#primaryimage\"},\"thumbnailUrl\":\"https:\\\/\\\/www.llproducts.com\\\/de-de\\\/wp-content\\\/uploads\\\/sites\\\/15\\\/2024\\\/11\\\/Foundations-Header-Image-3.jpg\",\"datePublished\":\"2024-09-26T20:18:54+00:00\",\"dateModified\":\"2026-04-16T16:02:13+00:00\",\"breadcrumb\":{\"@id\":\"https:\\\/\\\/www.llproducts.com\\\/de-de\\\/unternehmen\\\/stiftungen\\\/#breadcrumb\"},\"inLanguage\":\"de\",\"potentialAction\":[{\"@type\":\"ReadAction\",\"target\":[\"https:\\\/\\\/www.llproducts.com\\\/de-de\\\/unternehmen\\\/stiftungen\\\/\"]}]},{\"@type\":\"ImageObject\",\"inLanguage\":\"de\",\"@id\":\"https:\\\/\\\/www.llproducts.com\\\/de-de\\\/unternehmen\\\/stiftungen\\\/#primaryimage\",\"url\":\"https:\\\/\\\/www.llproducts.com\\\/de-de\\\/wp-content\\\/uploads\\\/sites\\\/15\\\/2024\\\/11\\\/Foundations-Header-Image-3.jpg\",\"contentUrl\":\"https:\\\/\\\/www.llproducts.com\\\/de-de\\\/wp-content\\\/uploads\\\/sites\\\/15\\\/2024\\\/11\\\/Foundations-Header-Image-3.jpg\",\"width\":1920,\"height\":1080,\"caption\":\"A woman holding a microphone is speaking to a group of people\"},{\"@type\":\"BreadcrumbList\",\"@id\":\"https:\\\/\\\/www.llproducts.com\\\/de-de\\\/unternehmen\\\/stiftungen\\\/#breadcrumb\",\"itemListElement\":[{\"@type\":\"ListItem\",\"position\":1,\"name\":\"Home\",\"item\":\"https:\\\/\\\/www.llproducts.com\\\/de-de\\\/\"},{\"@type\":\"ListItem\",\"position\":2,\"name\":\"Unternehmen\",\"item\":\"https:\\\/\\\/www.llproducts.com\\\/de-de\\\/unternehmen\\\/\"},{\"@type\":\"ListItem\",\"position\":3,\"name\":\"Stiftungen\"}]},{\"@type\":\"WebSite\",\"@id\":\"https:\\\/\\\/www.llproducts.com\\\/de-de\\\/#website\",\"url\":\"https:\\\/\\\/www.llproducts.com\\\/de-de\\\/\",\"name\":\"L&amp;L Products - Anwendungstechnik &amp; Materialwissenschaft\",\"description\":\"\",\"potentialAction\":[{\"@type\":\"SearchAction\",\"target\":{\"@type\":\"EntryPoint\",\"urlTemplate\":\"https:\\\/\\\/www.llproducts.com\\\/de-de\\\/?s={search_term_string}\"},\"query-input\":{\"@type\":\"PropertyValueSpecification\",\"valueRequired\":true,\"valueName\":\"search_term_string\"}}],\"inLanguage\":\"de\"}]}<\/script>\n<!-- \/ Yoast SEO Premium plugin. -->","yoast_head_json":{"title":"Stiftungen - L&amp;L Products - Anwendungstechnik &amp; Materialwissenschaft","robots":{"index":"index","follow":"follow","max-snippet":"max-snippet:-1","max-image-preview":"max-image-preview:large","max-video-preview":"max-video-preview:-1"},"canonical":"https:\/\/www.llproducts.com\/de-de\/unternehmen\/stiftungen\/","og_locale":"de_DE","og_type":"article","og_title":"Stiftungen","og_url":"https:\/\/www.llproducts.com\/de-de\/unternehmen\/stiftungen\/","og_site_name":"L&amp;L Products - Anwendungstechnik &amp; Materialwissenschaft","article_modified_time":"2026-04-16T16:02:13+00:00","og_image":[{"width":1920,"height":1080,"url":"https:\/\/www.llproducts.com\/de-de\/wp-content\/uploads\/sites\/15\/2024\/11\/Foundations-Header-Image-3.jpg","type":"image\/jpeg"}],"twitter_card":"summary_large_image","twitter_misc":{"Est. reading time":"3\u00a0Minuten"},"schema":{"@context":"https:\/\/schema.org","@graph":[{"@type":"WebPage","@id":"https:\/\/www.llproducts.com\/de-de\/unternehmen\/stiftungen\/","url":"https:\/\/www.llproducts.com\/de-de\/unternehmen\/stiftungen\/","name":"Stiftungen - L&amp;L Products - Anwendungstechnik &amp; Materialwissenschaft","isPartOf":{"@id":"https:\/\/www.llproducts.com\/de-de\/#website"},"primaryImageOfPage":{"@id":"https:\/\/www.llproducts.com\/de-de\/unternehmen\/stiftungen\/#primaryimage"},"image":{"@id":"https:\/\/www.llproducts.com\/de-de\/unternehmen\/stiftungen\/#primaryimage"},"thumbnailUrl":"https:\/\/www.llproducts.com\/de-de\/wp-content\/uploads\/sites\/15\/2024\/11\/Foundations-Header-Image-3.jpg","datePublished":"2024-09-26T20:18:54+00:00","dateModified":"2026-04-16T16:02:13+00:00","breadcrumb":{"@id":"https:\/\/www.llproducts.com\/de-de\/unternehmen\/stiftungen\/#breadcrumb"},"inLanguage":"de","potentialAction":[{"@type":"ReadAction","target":["https:\/\/www.llproducts.com\/de-de\/unternehmen\/stiftungen\/"]}]},{"@type":"ImageObject","inLanguage":"de","@id":"https:\/\/www.llproducts.com\/de-de\/unternehmen\/stiftungen\/#primaryimage","url":"https:\/\/www.llproducts.com\/de-de\/wp-content\/uploads\/sites\/15\/2024\/11\/Foundations-Header-Image-3.jpg","contentUrl":"https:\/\/www.llproducts.com\/de-de\/wp-content\/uploads\/sites\/15\/2024\/11\/Foundations-Header-Image-3.jpg","width":1920,"height":1080,"caption":"A woman holding a microphone is speaking to a group of people"},{"@type":"BreadcrumbList","@id":"https:\/\/www.llproducts.com\/de-de\/unternehmen\/stiftungen\/#breadcrumb","itemListElement":[{"@type":"ListItem","position":1,"name":"Home","item":"https:\/\/www.llproducts.com\/de-de\/"},{"@type":"ListItem","position":2,"name":"Unternehmen","item":"https:\/\/www.llproducts.com\/de-de\/unternehmen\/"},{"@type":"ListItem","position":3,"name":"Stiftungen"}]},{"@type":"WebSite","@id":"https:\/\/www.llproducts.com\/de-de\/#website","url":"https:\/\/www.llproducts.com\/de-de\/","name":"L&amp;L Products - Anwendungstechnik &amp; Materialwissenschaft","description":"","potentialAction":[{"@type":"SearchAction","target":{"@type":"EntryPoint","urlTemplate":"https:\/\/www.llproducts.com\/de-de\/?s={search_term_string}"},"query-input":{"@type":"PropertyValueSpecification","valueRequired":true,"valueName":"search_term_string"}}],"inLanguage":"de"}]}},"_links":{"self":[{"href":"https:\/\/www.llproducts.com\/de-de\/wp-json\/wp\/v2\/pages\/846","targetHints":{"allow":["GET"]}}],"collection":[{"href":"https:\/\/www.llproducts.com\/de-de\/wp-json\/wp\/v2\/pages"}],"about":[{"href":"https:\/\/www.llproducts.com\/de-de\/wp-json\/wp\/v2\/types\/page"}],"author":[{"embeddable":true,"href":"https:\/\/www.llproducts.com\/de-de\/wp-json\/wp\/v2\/users\/4"}],"replies":[{"embeddable":true,"href":"https:\/\/www.llproducts.com\/de-de\/wp-json\/wp\/v2\/comments?post=846"}],"version-history":[{"count":0,"href":"https:\/\/www.llproducts.com\/de-de\/wp-json\/wp\/v2\/pages\/846\/revisions"}],"up":[{"embeddable":true,"href":"https:\/\/www.llproducts.com\/de-de\/wp-json\/wp\/v2\/pages\/451"}],"wp:featuredmedia":[{"embeddable":true,"href":"https:\/\/www.llproducts.com\/de-de\/wp-json\/wp\/v2\/media\/11605"}],"wp:attachment":[{"href":"https:\/\/www.llproducts.com\/de-de\/wp-json\/wp\/v2\/media?parent=846"}],"curies":[{"name":"wp","href":"https:\/\/api.w.org\/{rel}","templated":true}]}}