{"id":911,"date":"2024-09-24T13:40:03","date_gmt":"2024-09-24T13:40:03","guid":{"rendered":"https:\/\/llproducts1.wpenginepowered.com\/de-de\/?page_id=911"},"modified":"2026-04-16T16:02:16","modified_gmt":"2026-04-16T16:02:16","slug":"karriere","status":"publish","type":"page","link":"https:\/\/www.llproducts.com\/de-de\/unternehmen\/karriere\/","title":{"rendered":"Karriere"},"content":{"rendered":"\n<div class=\"et_pb_section_0 et_pb_section et_section_regular et_block_section\"><div class=\"et_pb_row_0 et_pb_row et_pb_gutters1 et_block_row inner-title-row\"><div class=\"et_pb_column_0 et_pb_column et_pb_column_2_3 et_block_column et_pb_css_mix_blend_mode_passthrough\"><div class=\"et_pb_image_0 et_pb_image et_pb_module et_block_module\"><span class=\"et_pb_image_wrap\"><img decoding=\"async\" src=\"https:\/\/www.llproducts.com\/de-de\/wp-content\/uploads\/sites\/15\/2024\/09\/9i1a1284_edit.jpg\" alt=\"An L&amp;L Products employee wearing a lab coat and smiling\" title=\"An L&#038;L Products employee wearing a lab coat and smiling\" width=\"1800\" height=\"820\" srcset=\"https:\/\/www.llproducts.com\/de-de\/wp-content\/uploads\/sites\/15\/2024\/09\/9i1a1284_edit.jpg 1800w, https:\/\/www.llproducts.com\/de-de\/wp-content\/uploads\/sites\/15\/2024\/09\/9i1a1284_edit-1280x583.jpg 1280w, https:\/\/www.llproducts.com\/de-de\/wp-content\/uploads\/sites\/15\/2024\/09\/9i1a1284_edit-980x446.jpg 980w, https:\/\/www.llproducts.com\/de-de\/wp-content\/uploads\/sites\/15\/2024\/09\/9i1a1284_edit-480x219.jpg 480w\" sizes=\"(min-width: 0px) and (max-width: 480px) 480px, (min-width: 481px) and (max-width: 980px) 980px, (min-width: 981px) and (max-width: 1280px) 1280px, (min-width: 1281px) 1800px, 100vw\" class=\"wp-image-913\" \/><\/span><\/div><\/div><div class=\"et_pb_column_1 et_pb_column et_pb_column_1_3 et-last-child et_block_column et_pb_css_mix_blend_mode_passthrough et_animated inner-title-col alt-title-col\"><div class=\"et_pb_image_1 et_pb_image et_pb_module et_block_module\"><span class=\"et_pb_image_wrap\"><img decoding=\"async\" data-src=\"https:\/\/llproducts1.wpenginepowered.com\/de-de\/wp-content\/uploads\/sites\/15\/2023\/11\/regional_awards_-_multi_year__2_.png\" title=\"regional_awards_-_multi_year__2_\" alt=\"Detroit Free Press Names L&amp;L Products a Winner of the Michigan Top Workplaces 2023 Award\" src=\"data:image\/svg+xml;base64,PHN2ZyB3aWR0aD0iMSIgaGVpZ2h0PSIxIiB4bWxucz0iaHR0cDovL3d3dy53My5vcmcvMjAwMC9zdmciPjwvc3ZnPg==\" class=\"lazyload\" \/><\/span><\/div><div class=\"et_pb_text_0 et_pb_text et_pb_bg_layout_dark et_pb_module et_block_module inner-title-2\"><div class=\"et_pb_text_inner\"><h1>Ein guter Ort f\u00fcr alle zu sein, die ihn ber\u00fchren<\/h1>\n<\/div><\/div><div class=\"et_pb_text_1 et_pb_text et_pb_bg_layout_dark et_pb_module et_block_module\"><div class=\"et_pb_text_inner\"><p>L&amp;L wei\u00df, wie wichtig unsere Mitarbeiter, Werte und Partnerschaften sind. Finden Sie heraus, ob L&amp;L das Richtige f\u00fcr Sie ist.<\/p>\n<\/div><\/div><div class=\"et_pb_module et_pb_button_module_wrapper et_pb_button_0_wrapper\"><a class=\"et_pb_button_0 et_pb_button et_pb_bg_layout_light et_pb_module et_block_module wht-btn\" href=\"https:\/\/fa-eosa-saasfaprod1.fa.ocs.oraclecloud.com\/hcmUI\/CandidateExperience\/en\/sites\/CX_1013\/requisitions\" target=\"_blank\">OFFENE POSITIONEN<\/a><\/div><\/div><\/div><div class=\"et_pb_row_1 et_pb_row et_block_row\"><div class=\"et_pb_column_2 et_pb_column et_pb_column_4_4 et-last-child et_block_column et_pb_css_mix_blend_mode_passthrough\"><div class=\"et_pb_sidebar_0 et_pb_widget_area clearfix et_pb_widget_area_left et_pb_bg_layout_light et_pb_sidebar_no_border et_pb_module et_block_module breadcrumbs\"><div id=\"block-10\" class=\"et_pb_widget widget_block\"><div class=\"yoast-breadcrumbs\"><span><span><a href=\"https:\/\/www.llproducts.com\/de-de\/\">Home<\/a><\/span> <span aria-hidden=\"true\" data-icon=\"\ue93c\" class=\"icomoon icon-chevron-right\"><\/span> <span><a href=\"https:\/\/www.llproducts.com\/de-de\/unternehmen\/\">Unternehmen<\/a><\/span> <span aria-hidden=\"true\" data-icon=\"\ue93c\" class=\"icomoon icon-chevron-right\"><\/span> <span class=\"breadcrumb_last\" aria-current=\"page\">Karriere<\/span><\/span><\/div><\/div><\/div><\/div><\/div><\/div><div class=\"et_pb_section_1 et_pb_section et_section_specialty et_pb_gutters3 et_block_section\" id=\"page-content\"><div class=\"et_pb_row et_pb_row-1-4_3-4 et_block_row\"><div class=\"et_pb_column_3 et_pb_column et_pb_column_single et_pb_column_1_4 et_block_column et_pb_css_mix_blend_mode_passthrough\"><div class=\"et_pb_sidebar_1 et_pb_widget_area clearfix et_pb_widget_area_left et_pb_bg_layout_light et_pb_sidebar_no_border et_pb_module et_block_module\"><div id=\"nav_menu-10\" class=\"et_pb_widget widget_nav_menu\"><div class=\"menu-company-menu-container\"><ul id=\"menu-company-menu\" class=\"menu\"><li id=\"menu-item-841\" class=\"menu-item menu-item-type-post_type menu-item-object-page menu-item-841\"><a href=\"https:\/\/www.llproducts.com\/de-de\/unternehmen\/\">Unternehmen<\/a><\/li>\n<li id=\"menu-item-839\" class=\"menu-item menu-item-type-post_type menu-item-object-page menu-item-839\"><a href=\"https:\/\/www.llproducts.com\/de-de\/unternehmen\/innovation\/\">Innovation<\/a><\/li>\n<li id=\"menu-item-840\" class=\"menu-item menu-item-type-post_type menu-item-object-page menu-item-840\"><a href=\"https:\/\/www.llproducts.com\/de-de\/unternehmen\/werte-unternehmenskultur\/\">Werte &#038; Unternehmenskultur<\/a><\/li>\n<li id=\"menu-item-908\" class=\"menu-item menu-item-type-post_type menu-item-object-page menu-item-908\"><a href=\"https:\/\/www.llproducts.com\/de-de\/unternehmen\/geschichte\/\">Geschichte<\/a><\/li>\n<li id=\"menu-item-1071\" class=\"menu-item menu-item-type-post_type menu-item-object-page menu-item-1071\"><a href=\"https:\/\/www.llproducts.com\/de-de\/unternehmen\/karriere\/\">Karriere<\/a><\/li>\n<li id=\"menu-item-10779\" class=\"menu-item menu-item-type-post_type menu-item-object-page menu-item-10779\"><a href=\"https:\/\/www.llproducts.com\/de-de\/unternehmen\/standorte\/\">Standorte<\/a><\/li>\n<li id=\"menu-item-1070\" class=\"menu-item menu-item-type-post_type menu-item-object-page menu-item-1070\"><a href=\"https:\/\/www.llproducts.com\/de-de\/unternehmen\/stiftungen\/\">Stiftungen<\/a><\/li>\n<li id=\"menu-item-1069\" class=\"menu-item menu-item-type-post_type menu-item-object-page menu-item-1069\"><a href=\"https:\/\/www.llproducts.com\/de-de\/unternehmen\/soziale-verantwortung-der-unternehmen\/\">Soziale Verantwortung der Unternehmen<\/a><\/li>\n<li id=\"menu-item-10780\" class=\"menu-item menu-item-type-post_type menu-item-object-page menu-item-10780\"><a href=\"https:\/\/www.llproducts.com\/de-de\/unternehmen\/ressourcenzentrum\/\">Ressourcenzentrum<\/a><\/li>\n<\/ul><\/div><\/div><\/div><\/div><div class=\"et_pb_column_4 et_pb_column et_pb_specialty_column et_pb_column_3_4 et-last-child et_block_column et_pb_css_mix_blend_mode_passthrough\"><div class=\"et_pb_row_inner_0 et_pb_row_inner et_block_row\"><div class=\"et_pb_column_inner_0 et_pb_column_inner et_pb_column et_pb_column_3_8 et_block_column et_pb_css_mix_blend_mode_passthrough\"><div class=\"et_pb_text_2 et_pb_text et_pb_bg_layout_light et_animated et_pb_module et_block_module inner-title\"><div class=\"et_pb_text_inner\"><h1>Unsere Werte<br \/>bei der Arbeit<\/h1>\n<\/div><\/div><div class=\"et_pb_text_3 et_pb_text et_pb_bg_layout_light et_animated et_pb_module et_block_module\"><div class=\"et_pb_text_inner\"><p>Wir glauben, dass unsere Mitarbeiter unser gr\u00f6\u00dftes Kapital sind. Leidenschaftliche, enthusiastische und kompetente Mitarbeiter machen die L&amp;L Products-Familie zu einem Erfolg und zu einem gro\u00dfartigen Arbeitsplatz. Wir laden Sie ein, sich \u00fcber offene Stellen zu informieren und sich zu bewerben.<\/p>\n<\/div><\/div><div class=\"et_pb_module et_pb_button_module_wrapper et_pb_button_1_wrapper\"><a class=\"et_pb_button_1 et_pb_button et_pb_bg_layout_light et_pb_module et_block_module secondary\" href=\"https:\/\/fa-eosa-saasfaprod1.fa.ocs.oraclecloud.com\/hcmUI\/CandidateExperience\/en\/sites\/CX_1013\/requisitions\" target=\"_blank\">Hier bewerben<\/a><\/div><\/div><div class=\"et_pb_column_inner_1 et_pb_column_inner et_pb_column et_pb_column_3_8 et-last-child et_block_column et_pb_css_mix_blend_mode_passthrough\"><div class=\"et_pb_image_2 et_pb_image et_pb_module et_block_module\"><span class=\"et_pb_image_wrap\"><img decoding=\"async\" src=\"https:\/\/llproducts1.wpenginepowered.com\/de-de\/wp-content\/uploads\/sites\/15\/2024\/10\/engineered-innovation.jpg\" title=\"engineered innovation\" alt=\"Engineered Innovation\" \/><\/span><\/div><\/div><\/div><div class=\"et_pb_row_inner_1 et_pb_row_inner et_block_row focus-dot\"><div class=\"et_pb_column_inner_2 et_pb_column_inner et_pb_column et_pb_column_4_4 et-last-child et_block_column et_pb_css_mix_blend_mode_passthrough\"><div class=\"et_pb_text_4 et_pb_text et_pb_bg_layout_light et_animated et_pb_module et_block_module\"><div class=\"et_pb_text_inner\"><p>L&amp;L hilft mir, meine F\u00e4higkeiten auszubauen, und steht im Einklang mit meinen Werten.<\/p>\n<\/div><\/div><div class=\"et_pb_code_0 et_pb_code et_pb_module\"><div class=\"et_pb_code_inner\"><span style=\"font-size: 16px; color: #717271;\">Han-Na Choi<\/span><\/div><\/div><\/div><\/div><div class=\"et_pb_row_inner_2 et_pb_row_inner et_pb_gutters2 et_block_row\"><div class=\"et_pb_column_inner_3 et_pb_column_inner et_pb_column et_pb_column_3_8 et_block_column et_pb_css_mix_blend_mode_passthrough\"><div class=\"et_pb_image_3 et_pb_image et_pb_module et_block_module\"><span class=\"et_pb_image_wrap\"><img decoding=\"async\" src=\"https:\/\/llproducts1.wpenginepowered.com\/de-de\/wp-content\/uploads\/sites\/15\/2024\/09\/bpt_3415_small.jpg\" title=\"bpt_3415_small\" \/><\/span><\/div><\/div><div class=\"et_pb_column_inner_4 et_pb_column_inner et_pb_column et_pb_column_3_8 et-last-child et_block_column et_pb_css_mix_blend_mode_passthrough\"><div class=\"et_pb_text_5 et_pb_text et_pb_bg_layout_light et_animated et_pb_module et_block_module\"><div class=\"et_pb_text_inner\"><div class=\"in-view\">\n<p>Wir bei L&amp;L glauben fest daran, dass die Mitarbeiter\/-innen unser wichtigstes Kapital sind. Um voranzukommen, ist es unerl\u00e4sslich, dass wir unsere Mitarbeiter nicht nur bef\u00e4higen, sondern auch eine angemessene Ausbildung f\u00fcr ihre pers\u00f6nliche Entwicklung und einen guten Karriereweg anbieten.<\/p>\n<p>Unser Erfolg ist Ihr Erfolg, und die Ergebnisse werden von allen geteilt. Durch eine gute Belohnungs- und Anerkennungspolitik halten wir ein hohes Ma\u00df an Motivation und Engagement aufrecht, so dass sich unsere Mitarbeiter sowohl individuell als auch als Team weiterentwickeln k\u00f6nnen.<\/p>\n<\/div>\n<\/div><\/div><\/div><\/div><\/div><\/div><\/div>\n","protected":false},"excerpt":{"rendered":"","protected":false},"author":4,"featured_media":913,"parent":451,"menu_order":0,"comment_status":"closed","ping_status":"closed","template":"","meta":{"_acf_changed":false,"inline_featured_image":false,"footnotes":""},"class_list":["post-911","page","type-page","status-publish","has-post-thumbnail","hentry"],"acf":[],"dsm_author":{"name":"lafata","avatar_url":"https:\/\/secure.gravatar.com\/avatar\/66f6e75e3378137d9b1a20f7ad6c54aa6acecd8466704fadf5641de9af89b844?s=96&d=mm&r=g","archive_link":"https:\/\/www.llproducts.com\/de-de\/news-events\/author\/lafata\/","biodata":""},"dsm_categories":[],"dsm_attachment_categories":[],"dsm_featured_image":{"thumbnail":"https:\/\/www.llproducts.com\/de-de\/wp-content\/uploads\/sites\/15\/2024\/09\/9i1a1284_edit-150x150.jpg","medium":"https:\/\/www.llproducts.com\/de-de\/wp-content\/uploads\/sites\/15\/2024\/09\/9i1a1284_edit-300x137.jpg","medium_large":"https:\/\/www.llproducts.com\/de-de\/wp-content\/uploads\/sites\/15\/2024\/09\/9i1a1284_edit-768x350.jpg","large":"https:\/\/www.llproducts.com\/de-de\/wp-content\/uploads\/sites\/15\/2024\/09\/9i1a1284_edit-1024x466.jpg","1536x1536":"https:\/\/www.llproducts.com\/de-de\/wp-content\/uploads\/sites\/15\/2024\/09\/9i1a1284_edit-1536x700.jpg","2048x2048":"https:\/\/www.llproducts.com\/de-de\/wp-content\/uploads\/sites\/15\/2024\/09\/9i1a1284_edit.jpg","et-pb-post-main-image":"https:\/\/www.llproducts.com\/de-de\/wp-content\/uploads\/sites\/15\/2024\/09\/9i1a1284_edit-400x250.jpg","et-pb-post-main-image-fullwidth":"https:\/\/www.llproducts.com\/de-de\/wp-content\/uploads\/sites\/15\/2024\/09\/9i1a1284_edit-1080x675.jpg","et-pb-portfolio-image":"https:\/\/www.llproducts.com\/de-de\/wp-content\/uploads\/sites\/15\/2024\/09\/9i1a1284_edit-400x284.jpg","et-pb-portfolio-module-image":"https:\/\/www.llproducts.com\/de-de\/wp-content\/uploads\/sites\/15\/2024\/09\/9i1a1284_edit-510x382.jpg","et-pb-portfolio-image-single":"https:\/\/www.llproducts.com\/de-de\/wp-content\/uploads\/sites\/15\/2024\/09\/9i1a1284_edit-1080x492.jpg","et-pb-gallery-module-image-portrait":"https:\/\/www.llproducts.com\/de-de\/wp-content\/uploads\/sites\/15\/2024\/09\/9i1a1284_edit-400x516.jpg","et-pb-post-main-image-fullwidth-large":"https:\/\/www.llproducts.com\/de-de\/wp-content\/uploads\/sites\/15\/2024\/09\/9i1a1284_edit.jpg","et-pb-image--responsive--desktop":"https:\/\/www.llproducts.com\/de-de\/wp-content\/uploads\/sites\/15\/2024\/09\/9i1a1284_edit-1280x583.jpg","et-pb-image--responsive--tablet":"https:\/\/www.llproducts.com\/de-de\/wp-content\/uploads\/sites\/15\/2024\/09\/9i1a1284_edit-980x446.jpg","et-pb-image--responsive--phone":"https:\/\/www.llproducts.com\/de-de\/wp-content\/uploads\/sites\/15\/2024\/09\/9i1a1284_edit-480x219.jpg","gform-image-choice-sm":"https:\/\/www.llproducts.com\/de-de\/wp-content\/uploads\/sites\/15\/2024\/09\/9i1a1284_edit.jpg","gform-image-choice-md":"https:\/\/www.llproducts.com\/de-de\/wp-content\/uploads\/sites\/15\/2024\/09\/9i1a1284_edit.jpg","gform-image-choice-lg":"https:\/\/www.llproducts.com\/de-de\/wp-content\/uploads\/sites\/15\/2024\/09\/9i1a1284_edit.jpg","full":"https:\/\/www.llproducts.com\/de-de\/wp-content\/uploads\/sites\/15\/2024\/09\/9i1a1284_edit.jpg"},"yoast_head":"<!-- This site is optimized with the Yoast SEO Premium plugin v27.3 (Yoast SEO v27.4) - https:\/\/yoast.com\/product\/yoast-seo-premium-wordpress\/ -->\n<title>Karriere - L&amp;L Products - Anwendungstechnik &amp; Materialwissenschaft<\/title>\n<meta name=\"robots\" content=\"index, follow, max-snippet:-1, max-image-preview:large, max-video-preview:-1\" \/>\n<link rel=\"canonical\" href=\"https:\/\/www.llproducts.com\/de-de\/unternehmen\/karriere\/\" \/>\n<meta property=\"og:locale\" content=\"de_DE\" \/>\n<meta property=\"og:type\" content=\"article\" \/>\n<meta property=\"og:title\" content=\"Karriere\" \/>\n<meta property=\"og:url\" content=\"https:\/\/www.llproducts.com\/de-de\/unternehmen\/karriere\/\" \/>\n<meta property=\"og:site_name\" content=\"L&amp;L Products - Anwendungstechnik &amp; Materialwissenschaft\" \/>\n<meta property=\"article:modified_time\" content=\"2026-04-16T16:02:16+00:00\" \/>\n<meta property=\"og:image\" content=\"https:\/\/www.llproducts.com\/de-de\/wp-content\/uploads\/sites\/15\/2024\/09\/9i1a1284_edit.jpg\" \/>\n\t<meta property=\"og:image:width\" content=\"1800\" \/>\n\t<meta property=\"og:image:height\" content=\"820\" \/>\n\t<meta property=\"og:image:type\" content=\"image\/jpeg\" \/>\n<meta name=\"twitter:card\" content=\"summary_large_image\" \/>\n<meta name=\"twitter:label1\" content=\"Est. reading time\" \/>\n\t<meta name=\"twitter:data1\" content=\"2\u00a0Minuten\" \/>\n<script type=\"application\/ld+json\" class=\"yoast-schema-graph\">{\"@context\":\"https:\\\/\\\/schema.org\",\"@graph\":[{\"@type\":\"WebPage\",\"@id\":\"https:\\\/\\\/www.llproducts.com\\\/de-de\\\/unternehmen\\\/karriere\\\/\",\"url\":\"https:\\\/\\\/www.llproducts.com\\\/de-de\\\/unternehmen\\\/karriere\\\/\",\"name\":\"Karriere - L&amp;L Products - Anwendungstechnik &amp; Materialwissenschaft\",\"isPartOf\":{\"@id\":\"https:\\\/\\\/www.llproducts.com\\\/de-de\\\/#website\"},\"primaryImageOfPage\":{\"@id\":\"https:\\\/\\\/www.llproducts.com\\\/de-de\\\/unternehmen\\\/karriere\\\/#primaryimage\"},\"image\":{\"@id\":\"https:\\\/\\\/www.llproducts.com\\\/de-de\\\/unternehmen\\\/karriere\\\/#primaryimage\"},\"thumbnailUrl\":\"https:\\\/\\\/www.llproducts.com\\\/de-de\\\/wp-content\\\/uploads\\\/sites\\\/15\\\/2024\\\/09\\\/9i1a1284_edit.jpg\",\"datePublished\":\"2024-09-24T13:40:03+00:00\",\"dateModified\":\"2026-04-16T16:02:16+00:00\",\"breadcrumb\":{\"@id\":\"https:\\\/\\\/www.llproducts.com\\\/de-de\\\/unternehmen\\\/karriere\\\/#breadcrumb\"},\"inLanguage\":\"de\",\"potentialAction\":[{\"@type\":\"ReadAction\",\"target\":[\"https:\\\/\\\/www.llproducts.com\\\/de-de\\\/unternehmen\\\/karriere\\\/\"]}]},{\"@type\":\"ImageObject\",\"inLanguage\":\"de\",\"@id\":\"https:\\\/\\\/www.llproducts.com\\\/de-de\\\/unternehmen\\\/karriere\\\/#primaryimage\",\"url\":\"https:\\\/\\\/www.llproducts.com\\\/de-de\\\/wp-content\\\/uploads\\\/sites\\\/15\\\/2024\\\/09\\\/9i1a1284_edit.jpg\",\"contentUrl\":\"https:\\\/\\\/www.llproducts.com\\\/de-de\\\/wp-content\\\/uploads\\\/sites\\\/15\\\/2024\\\/09\\\/9i1a1284_edit.jpg\",\"width\":1800,\"height\":820,\"caption\":\"An L&L Products employee wearing a lab coat and smiling\"},{\"@type\":\"BreadcrumbList\",\"@id\":\"https:\\\/\\\/www.llproducts.com\\\/de-de\\\/unternehmen\\\/karriere\\\/#breadcrumb\",\"itemListElement\":[{\"@type\":\"ListItem\",\"position\":1,\"name\":\"Home\",\"item\":\"https:\\\/\\\/www.llproducts.com\\\/de-de\\\/\"},{\"@type\":\"ListItem\",\"position\":2,\"name\":\"Unternehmen\",\"item\":\"https:\\\/\\\/www.llproducts.com\\\/de-de\\\/unternehmen\\\/\"},{\"@type\":\"ListItem\",\"position\":3,\"name\":\"Karriere\"}]},{\"@type\":\"WebSite\",\"@id\":\"https:\\\/\\\/www.llproducts.com\\\/de-de\\\/#website\",\"url\":\"https:\\\/\\\/www.llproducts.com\\\/de-de\\\/\",\"name\":\"L&amp;L Products - Anwendungstechnik &amp; Materialwissenschaft\",\"description\":\"\",\"potentialAction\":[{\"@type\":\"SearchAction\",\"target\":{\"@type\":\"EntryPoint\",\"urlTemplate\":\"https:\\\/\\\/www.llproducts.com\\\/de-de\\\/?s={search_term_string}\"},\"query-input\":{\"@type\":\"PropertyValueSpecification\",\"valueRequired\":true,\"valueName\":\"search_term_string\"}}],\"inLanguage\":\"de\"}]}<\/script>\n<!-- \/ Yoast SEO Premium plugin. -->","yoast_head_json":{"title":"Karriere - L&amp;L Products - Anwendungstechnik &amp; Materialwissenschaft","robots":{"index":"index","follow":"follow","max-snippet":"max-snippet:-1","max-image-preview":"max-image-preview:large","max-video-preview":"max-video-preview:-1"},"canonical":"https:\/\/www.llproducts.com\/de-de\/unternehmen\/karriere\/","og_locale":"de_DE","og_type":"article","og_title":"Karriere","og_url":"https:\/\/www.llproducts.com\/de-de\/unternehmen\/karriere\/","og_site_name":"L&amp;L Products - Anwendungstechnik &amp; Materialwissenschaft","article_modified_time":"2026-04-16T16:02:16+00:00","og_image":[{"width":1800,"height":820,"url":"https:\/\/www.llproducts.com\/de-de\/wp-content\/uploads\/sites\/15\/2024\/09\/9i1a1284_edit.jpg","type":"image\/jpeg"}],"twitter_card":"summary_large_image","twitter_misc":{"Est. reading time":"2\u00a0Minuten"},"schema":{"@context":"https:\/\/schema.org","@graph":[{"@type":"WebPage","@id":"https:\/\/www.llproducts.com\/de-de\/unternehmen\/karriere\/","url":"https:\/\/www.llproducts.com\/de-de\/unternehmen\/karriere\/","name":"Karriere - L&amp;L Products - Anwendungstechnik &amp; Materialwissenschaft","isPartOf":{"@id":"https:\/\/www.llproducts.com\/de-de\/#website"},"primaryImageOfPage":{"@id":"https:\/\/www.llproducts.com\/de-de\/unternehmen\/karriere\/#primaryimage"},"image":{"@id":"https:\/\/www.llproducts.com\/de-de\/unternehmen\/karriere\/#primaryimage"},"thumbnailUrl":"https:\/\/www.llproducts.com\/de-de\/wp-content\/uploads\/sites\/15\/2024\/09\/9i1a1284_edit.jpg","datePublished":"2024-09-24T13:40:03+00:00","dateModified":"2026-04-16T16:02:16+00:00","breadcrumb":{"@id":"https:\/\/www.llproducts.com\/de-de\/unternehmen\/karriere\/#breadcrumb"},"inLanguage":"de","potentialAction":[{"@type":"ReadAction","target":["https:\/\/www.llproducts.com\/de-de\/unternehmen\/karriere\/"]}]},{"@type":"ImageObject","inLanguage":"de","@id":"https:\/\/www.llproducts.com\/de-de\/unternehmen\/karriere\/#primaryimage","url":"https:\/\/www.llproducts.com\/de-de\/wp-content\/uploads\/sites\/15\/2024\/09\/9i1a1284_edit.jpg","contentUrl":"https:\/\/www.llproducts.com\/de-de\/wp-content\/uploads\/sites\/15\/2024\/09\/9i1a1284_edit.jpg","width":1800,"height":820,"caption":"An L&L Products employee wearing a lab coat and smiling"},{"@type":"BreadcrumbList","@id":"https:\/\/www.llproducts.com\/de-de\/unternehmen\/karriere\/#breadcrumb","itemListElement":[{"@type":"ListItem","position":1,"name":"Home","item":"https:\/\/www.llproducts.com\/de-de\/"},{"@type":"ListItem","position":2,"name":"Unternehmen","item":"https:\/\/www.llproducts.com\/de-de\/unternehmen\/"},{"@type":"ListItem","position":3,"name":"Karriere"}]},{"@type":"WebSite","@id":"https:\/\/www.llproducts.com\/de-de\/#website","url":"https:\/\/www.llproducts.com\/de-de\/","name":"L&amp;L Products - Anwendungstechnik &amp; Materialwissenschaft","description":"","potentialAction":[{"@type":"SearchAction","target":{"@type":"EntryPoint","urlTemplate":"https:\/\/www.llproducts.com\/de-de\/?s={search_term_string}"},"query-input":{"@type":"PropertyValueSpecification","valueRequired":true,"valueName":"search_term_string"}}],"inLanguage":"de"}]}},"_links":{"self":[{"href":"https:\/\/www.llproducts.com\/de-de\/wp-json\/wp\/v2\/pages\/911","targetHints":{"allow":["GET"]}}],"collection":[{"href":"https:\/\/www.llproducts.com\/de-de\/wp-json\/wp\/v2\/pages"}],"about":[{"href":"https:\/\/www.llproducts.com\/de-de\/wp-json\/wp\/v2\/types\/page"}],"author":[{"embeddable":true,"href":"https:\/\/www.llproducts.com\/de-de\/wp-json\/wp\/v2\/users\/4"}],"replies":[{"embeddable":true,"href":"https:\/\/www.llproducts.com\/de-de\/wp-json\/wp\/v2\/comments?post=911"}],"version-history":[{"count":0,"href":"https:\/\/www.llproducts.com\/de-de\/wp-json\/wp\/v2\/pages\/911\/revisions"}],"up":[{"embeddable":true,"href":"https:\/\/www.llproducts.com\/de-de\/wp-json\/wp\/v2\/pages\/451"}],"wp:featuredmedia":[{"embeddable":true,"href":"https:\/\/www.llproducts.com\/de-de\/wp-json\/wp\/v2\/media\/913"}],"wp:attachment":[{"href":"https:\/\/www.llproducts.com\/de-de\/wp-json\/wp\/v2\/media?parent=911"}],"curies":[{"name":"wp","href":"https:\/\/api.w.org\/{rel}","templated":true}]}}