{"id":9882,"date":"2024-10-21T14:46:39","date_gmt":"2024-10-21T14:46:39","guid":{"rendered":"https:\/\/llproducts1.wpenginepowered.com\/de-de\/?page_id=9882"},"modified":"2025-09-30T17:37:24","modified_gmt":"2025-09-30T17:37:24","slug":"impressum","status":"publish","type":"page","link":"https:\/\/www.llproducts.com\/de-de\/impressum\/","title":{"rendered":"Impressum"},"content":{"rendered":"<p>[et_pb_section fb_built=&#8220;1&#8243; _builder_version=&#8220;4.27.0&#8243; _module_preset=&#8220;default&#8220; custom_padding=&#8220;0px||0px||false|false&#8220; global_colors_info=&#8220;{}&#8220;][et_pb_row _builder_version=&#8220;4.27.0&#8243; _module_preset=&#8220;default&#8220; width=&#8220;90%&#8220; global_colors_info=&#8220;{}&#8220;][et_pb_column type=&#8220;4_4&#8243; _builder_version=&#8220;4.27.0&#8243; _module_preset=&#8220;default&#8220; global_colors_info=&#8220;{}&#8220;][et_pb_sidebar area=&#8220;et_pb_widget_area_2&#8243; show_border=&#8220;off&#8220; module_class=&#8220;breadcrumbs&#8220; _builder_version=&#8220;4.27.0&#8243; _module_preset=&#8220;default&#8220; global_colors_info=&#8220;{}&#8220;][\/et_pb_sidebar][\/et_pb_column][\/et_pb_row][\/et_pb_section][et_pb_section fb_built=&#8220;1&#8243; _builder_version=&#8220;4.27.2&#8243; _module_preset=&#8220;default&#8220; custom_padding=&#8220;0px||||false|false&#8220; global_colors_info=&#8220;{}&#8220;][et_pb_row _builder_version=&#8220;4.27.2&#8243; _module_preset=&#8220;default&#8220; width=&#8220;90%&#8220; global_colors_info=&#8220;{}&#8220;][et_pb_column type=&#8220;4_4&#8243; _builder_version=&#8220;4.27.0&#8243; _module_preset=&#8220;default&#8220; global_colors_info=&#8220;{}&#8220;][et_pb_text module_class=&#8220;inner-title&#8220; _builder_version=&#8220;4.27.3&#8243; _module_preset=&#8220;default&#8220; text_font=&#8220;|700|||||||&#8220; text_text_color=&#8220;#005DAA&#8220; header_2_font_size=&#8220;36px&#8220; header_2_line_height=&#8220;1.2em&#8220; background_color=&#8220;#FFFFFF&#8220; custom_margin=&#8220;||6em||false|false&#8220; animation_style=&#8220;slide&#8220; animation_direction=&#8220;right&#8220; animation_intensity_slide=&#8220;5%&#8220; global_colors_info=&#8220;{}&#8220;]<\/p>\n<h1>Impressum<\/h1>\n<p>[\/et_pb_text][et_pb_text _builder_version=&#8220;4.27.3&#8243; _module_preset=&#8220;default&#8220; header_3_text_color=&#8220;#000000&#8243; custom_padding_tablet=&#8220;|0em||0em|false|false&#8220; custom_padding_phone=&#8220;|0em||0em|false|false&#8220; custom_padding_last_edited=&#8220;off|desktop&#8220; animation_style=&#8220;fade&#8220; global_colors_info=&#8220;{}&#8220;]<\/p>\n<div class=\"content-container content-container--indented\">\n<div class=\"ce default ce-text\" id=\"c5621\">\n<p class=\"in-view\"><strong>Herausgeber:<\/strong><br \/>L&amp;L Products, Inc.<br \/>160 McLean Drive<br \/>Romeo, MI 48065<br \/>USA<\/p>\n<p class=\"in-view\"><strong>Telefon:<\/strong>\u00a0Tel.: +1 586 336 1700 Fax: +1 586 336 1699<br \/><a href=\"webmaster@llproducts.com\">webmaster@llproducts.com<\/a><br \/><strong>Pr\u00e4sident:<\/strong> John Babi<\/p>\n<p class=\"in-view\">Eingetragen in Michigan unter der Identifikationsnummer: 800123505<br \/><strong>Direktorin f\u00fcr Publikation:<\/strong>\u00a0Andrea Smith, Managerin f\u00fcr globale Marktkommunikation<\/p>\n<p class=\"in-view\"><strong>Webhosting:<\/strong> Diese Website wird von Basso Marketing Agency.<\/p>\n<p class=\"in-view\"><strong>Nutzungsbedingungen:\u00a0<\/strong><\/p>\n<p class=\"in-view\">Wir gehen davon aus, dass alle auf dieser Website enthaltenen Informationen zum Zeitpunkt des Hochladens des Inhalts auf die Website korrekt und auf dem neuesten Stand sind. Der Inhalt kann jederzeit und ohne Vorank\u00fcndigung ge\u00e4ndert werden. Die auf dieser Website verf\u00fcgbaren Informationen werden ohne M\u00e4ngelgew\u00e4hr zur Verf\u00fcgung gestellt und, soweit gesetzlich zul\u00e4ssig, ohne jegliche ausdr\u00fcckliche oder stillschweigende Gew\u00e4hrleistung, einschlie\u00dflich, aber nicht beschr\u00e4nkt auf stillschweigende Gew\u00e4hrleistungen der Marktg\u00e4ngigkeit, der Eignung f\u00fcr einen bestimmten Zweck oder der Nichtverletzung geistigen Eigentums, zur Verf\u00fcgung gestellt. Es wird empfohlen, Produkte und L\u00f6sungen unabh\u00e4ngig zu testen und f\u00fcr die beabsichtigte Verwendung zu evaluieren.<\/p>\n<p class=\"in-view\">Der Inhalt unserer Webseiten wurde mit gr\u00f6\u00dftm\u00f6glicher Sorgfalt erstellt. Wir k\u00f6nnen jedoch keine Gew\u00e4hr f\u00fcr deren Richtigkeit, Vollst\u00e4ndigkeit oder Aktualit\u00e4t \u00fcbernehmen. Der gesamte Inhalt dieser Website ist urheberrechtlich gesch\u00fctzt. Jede Form der Nutzung, Reproduktion und\/oder Modifikation von Inhalten unserer Website bedarf unserer vorherigen Zustimmung. Sie d\u00fcrfen jedoch alle Seiten dieser Website f\u00fcr Ihren pers\u00f6nlichen Gebrauch hochladen oder ausdrucken.<\/p>\n<p class=\"in-view\">Alle Produktnamen sind Warenzeichen von L&amp;L Products oder deren Tochtergesellschaften. Sofern nicht anderweitig autorisiert, kann die Verwendung oder der Missbrauch dieser Marken oder anderer Inhalte dieser Website unsere geistigen Eigentumsrechte verletzen.<\/p>\n<p class=\"in-view\">Diese Website kann externe Links zu Webseiten Dritter enthalten. Diese Websites stehen nicht unter der Kontrolle von L&amp;L Products, Inc. und wir lehnen jegliche Haftung in Bezug auf deren Inhalt ab. Links zu externen Websites bedeuten nicht, dass L&amp;L Products, Inc. diese Websites bef\u00fcrwortet. Dritten ist es nicht gestattet, Links zu unserer Website zu erstellen, es sei denn, sie haben unsere vorherige schriftliche Genehmigung eingeholt.<\/p>\n<p class=\"in-view\">Diese Website unterliegt dem Recht von Michigan, USA. Jeglicher Rechtsstreit, der sich auf sie oder ihren Inhalt bezieht, wird vor die Gerichte von\u00a0Macomb\u00a0County, Michigan, USA, gebracht.<\/p>\n<p class=\"in-view\"><strong>Hinweis zum Markenzeichen<\/strong><\/p>\n<p class=\"in-view\"><span>Die folgenden Marken sind das Eigentum von L&amp;L Products: Assert\u2122, Composite Body Solutions\u00ae, CBS\u2122, Continuous Composite Solutions\u00ae, CCS\u2122, L&amp;L CCS\u00ae, CCubed\u00ae, DECI-TEX\u00ae, Engineered Fiber Solutions\u2122, EFS\u2122, InsituCore\u00ae, L&amp;L Products\u00ae, PHASTER\u00ae, T-Link\u00ae, TRI-Seal\u00ae, eXtrude-In-Place\u2122, XIP\u00ae. Alle Rechte vorbehalten. Alle anderen Marken sind das Eigentum ihrer jeweiligen Inhaber.<\/span><\/p>\n<p>&nbsp;<\/p>\n<\/div>\n<\/div>\n<p>[\/et_pb_text][et_pb_text _builder_version=&#8220;4.27.3&#8243; _module_preset=&#8220;default&#8220; header_3_text_color=&#8220;#000000&#8243; custom_padding_tablet=&#8220;|0em||0em|false|false&#8220; custom_padding_phone=&#8220;|0em||0em|false|false&#8220; custom_padding_last_edited=&#8220;off|desktop&#8220; animation_style=&#8220;fade&#8220; global_colors_info=&#8220;{}&#8220;]<\/p>\n<div class=\"content-container content-container--indented\">\n<div class=\"ce default ce-text\" id=\"c5621\">\n<p class=\"in-view\"><strong>Concept, Design &amp; Development <\/strong><\/p>\n<p>Basso Marketing Agency<\/p>\n<p>251 Diversion Street<\/p>\n<p>Suite 202<\/p>\n<p>Rochester, MI 48307<\/p>\n<\/div>\n<\/div>\n<p>[\/et_pb_text][\/et_pb_column][\/et_pb_row][\/et_pb_section]<\/p>\n","protected":false},"excerpt":{"rendered":"<p>Impressum Herausgeber:L&amp;L Products, Inc.160 McLean DriveRomeo, MI 48065USA Telefon:\u00a0Tel.: +1 586 336 1700 Fax: +1 586 336 1699webmaster@llproducts.comPr\u00e4sident: John Babi Eingetragen in Michigan unter der Identifikationsnummer: 800123505Direktorin f\u00fcr Publikation:\u00a0Andrea Smith, Managerin f\u00fcr globale Marktkommunikation Webhosting: Diese Website wird von Basso Marketing Agency. Nutzungsbedingungen:\u00a0 Wir gehen davon aus, dass alle auf dieser Website enthaltenen Informationen zum Zeitpunkt des Hochladens des Inhalts auf die Website korrekt und auf dem neuesten Stand sind. Der Inhalt kann jederzeit und ohne Vorank\u00fcndigung ge\u00e4ndert werden. Die auf dieser Website verf\u00fcgbaren Informationen werden ohne M\u00e4ngelgew\u00e4hr zur Verf\u00fcgung gestellt und, soweit gesetzlich zul\u00e4ssig, ohne jegliche ausdr\u00fcckliche oder stillschweigende Gew\u00e4hrleistung, einschlie\u00dflich, aber nicht beschr\u00e4nkt auf stillschweigende Gew\u00e4hrleistungen der Marktg\u00e4ngigkeit, der Eignung f\u00fcr einen bestimmten Zweck oder der Nichtverletzung geistigen Eigentums, zur Verf\u00fcgung gestellt. Es wird empfohlen, Produkte und L\u00f6sungen unabh\u00e4ngig zu testen und f\u00fcr die beabsichtigte Verwendung zu evaluieren. Der Inhalt unserer Webseiten wurde mit gr\u00f6\u00dftm\u00f6glicher Sorgfalt erstellt. Wir k\u00f6nnen jedoch keine Gew\u00e4hr f\u00fcr deren Richtigkeit, Vollst\u00e4ndigkeit oder Aktualit\u00e4t \u00fcbernehmen. Der gesamte Inhalt dieser Website ist urheberrechtlich gesch\u00fctzt. Jede Form der Nutzung, Reproduktion und\/oder Modifikation von Inhalten unserer Website bedarf unserer vorherigen Zustimmung. Sie d\u00fcrfen jedoch alle Seiten dieser Website f\u00fcr Ihren pers\u00f6nlichen Gebrauch hochladen oder ausdrucken. Alle Produktnamen [&hellip;]<\/p>\n","protected":false},"author":1,"featured_media":0,"parent":0,"menu_order":0,"comment_status":"closed","ping_status":"closed","template":"","meta":{"_acf_changed":false,"_et_pb_use_builder":"on","_et_pb_old_content":"","_et_gb_content_width":"","inline_featured_image":false,"footnotes":""},"class_list":["post-9882","page","type-page","status-publish","hentry"],"acf":[],"yoast_head":"<!-- This site is optimized with the Yoast SEO Premium plugin v27.2 (Yoast SEO v27.3) - https:\/\/yoast.com\/product\/yoast-seo-premium-wordpress\/ -->\n<title>Impressum - L&amp;L Products - Anwendungstechnik &amp; Materialwissenschaft<\/title>\n<meta name=\"robots\" content=\"index, follow, max-snippet:-1, max-image-preview:large, max-video-preview:-1\" \/>\n<link rel=\"canonical\" href=\"https:\/\/www.llproducts.com\/de-de\/impressum\/\" \/>\n<meta property=\"og:locale\" content=\"de_DE\" \/>\n<meta property=\"og:type\" content=\"article\" \/>\n<meta property=\"og:title\" content=\"Impressum\" \/>\n<meta property=\"og:description\" content=\"Impressum Herausgeber:L&amp;L Products, Inc.160 McLean DriveRomeo, MI 48065USA Telefon:\u00a0Tel.: +1 586 336 1700 Fax: +1 586 336 1699webmaster@llproducts.comPr\u00e4sident: John Babi Eingetragen in Michigan unter der Identifikationsnummer: 800123505Direktorin f\u00fcr Publikation:\u00a0Andrea Smith, Managerin f\u00fcr globale Marktkommunikation Webhosting: Diese Website wird von Basso Marketing Agency. Nutzungsbedingungen:\u00a0 Wir gehen davon aus, dass alle auf dieser Website enthaltenen Informationen zum Zeitpunkt des Hochladens des Inhalts auf die Website korrekt und auf dem neuesten Stand sind. Der Inhalt kann jederzeit und ohne Vorank\u00fcndigung ge\u00e4ndert werden. Die auf dieser Website verf\u00fcgbaren Informationen werden ohne M\u00e4ngelgew\u00e4hr zur Verf\u00fcgung gestellt und, soweit gesetzlich zul\u00e4ssig, ohne jegliche ausdr\u00fcckliche oder stillschweigende Gew\u00e4hrleistung, einschlie\u00dflich, aber nicht beschr\u00e4nkt auf stillschweigende Gew\u00e4hrleistungen der Marktg\u00e4ngigkeit, der Eignung f\u00fcr einen bestimmten Zweck oder der Nichtverletzung geistigen Eigentums, zur Verf\u00fcgung gestellt. Es wird empfohlen, Produkte und L\u00f6sungen unabh\u00e4ngig zu testen und f\u00fcr die beabsichtigte Verwendung zu evaluieren. Der Inhalt unserer Webseiten wurde mit gr\u00f6\u00dftm\u00f6glicher Sorgfalt erstellt. Wir k\u00f6nnen jedoch keine Gew\u00e4hr f\u00fcr deren Richtigkeit, Vollst\u00e4ndigkeit oder Aktualit\u00e4t \u00fcbernehmen. Der gesamte Inhalt dieser Website ist urheberrechtlich gesch\u00fctzt. Jede Form der Nutzung, Reproduktion und\/oder Modifikation von Inhalten unserer Website bedarf unserer vorherigen Zustimmung. Sie d\u00fcrfen jedoch alle Seiten dieser Website f\u00fcr Ihren pers\u00f6nlichen Gebrauch hochladen oder ausdrucken. Alle Produktnamen [&hellip;]\" \/>\n<meta property=\"og:url\" content=\"https:\/\/www.llproducts.com\/de-de\/impressum\/\" \/>\n<meta property=\"og:site_name\" content=\"L&amp;L Products - Anwendungstechnik &amp; Materialwissenschaft\" \/>\n<meta property=\"article:modified_time\" content=\"2025-09-30T17:37:24+00:00\" \/>\n<meta name=\"twitter:card\" content=\"summary_large_image\" \/>\n<meta name=\"twitter:label1\" content=\"Est. reading time\" \/>\n\t<meta name=\"twitter:data1\" content=\"2\u00a0Minuten\" \/>\n<script type=\"application\/ld+json\" class=\"yoast-schema-graph\">{\"@context\":\"https:\\\/\\\/schema.org\",\"@graph\":[{\"@type\":\"WebPage\",\"@id\":\"https:\\\/\\\/www.llproducts.com\\\/de-de\\\/impressum\\\/\",\"url\":\"https:\\\/\\\/www.llproducts.com\\\/de-de\\\/impressum\\\/\",\"name\":\"Impressum - L&amp;L Products - Anwendungstechnik &amp; Materialwissenschaft\",\"isPartOf\":{\"@id\":\"https:\\\/\\\/www.llproducts.com\\\/de-de\\\/#website\"},\"datePublished\":\"2024-10-21T14:46:39+00:00\",\"dateModified\":\"2025-09-30T17:37:24+00:00\",\"breadcrumb\":{\"@id\":\"https:\\\/\\\/www.llproducts.com\\\/de-de\\\/impressum\\\/#breadcrumb\"},\"inLanguage\":\"de\",\"potentialAction\":[{\"@type\":\"ReadAction\",\"target\":[\"https:\\\/\\\/www.llproducts.com\\\/de-de\\\/impressum\\\/\"]}]},{\"@type\":\"BreadcrumbList\",\"@id\":\"https:\\\/\\\/www.llproducts.com\\\/de-de\\\/impressum\\\/#breadcrumb\",\"itemListElement\":[{\"@type\":\"ListItem\",\"position\":1,\"name\":\"Home\",\"item\":\"https:\\\/\\\/www.llproducts.com\\\/de-de\\\/\"},{\"@type\":\"ListItem\",\"position\":2,\"name\":\"Impressum\"}]},{\"@type\":\"WebSite\",\"@id\":\"https:\\\/\\\/www.llproducts.com\\\/de-de\\\/#website\",\"url\":\"https:\\\/\\\/www.llproducts.com\\\/de-de\\\/\",\"name\":\"L&amp;L Products - Anwendungstechnik &amp; Materialwissenschaft\",\"description\":\"\",\"potentialAction\":[{\"@type\":\"SearchAction\",\"target\":{\"@type\":\"EntryPoint\",\"urlTemplate\":\"https:\\\/\\\/www.llproducts.com\\\/de-de\\\/?s={search_term_string}\"},\"query-input\":{\"@type\":\"PropertyValueSpecification\",\"valueRequired\":true,\"valueName\":\"search_term_string\"}}],\"inLanguage\":\"de\"}]}<\/script>\n<!-- \/ Yoast SEO Premium plugin. -->","yoast_head_json":{"title":"Impressum - L&amp;L Products - Anwendungstechnik &amp; Materialwissenschaft","robots":{"index":"index","follow":"follow","max-snippet":"max-snippet:-1","max-image-preview":"max-image-preview:large","max-video-preview":"max-video-preview:-1"},"canonical":"https:\/\/www.llproducts.com\/de-de\/impressum\/","og_locale":"de_DE","og_type":"article","og_title":"Impressum","og_description":"Impressum Herausgeber:L&amp;L Products, Inc.160 McLean DriveRomeo, MI 48065USA Telefon:\u00a0Tel.: +1 586 336 1700 Fax: +1 586 336 1699webmaster@llproducts.comPr\u00e4sident: John Babi Eingetragen in Michigan unter der Identifikationsnummer: 800123505Direktorin f\u00fcr Publikation:\u00a0Andrea Smith, Managerin f\u00fcr globale Marktkommunikation Webhosting: Diese Website wird von Basso Marketing Agency. Nutzungsbedingungen:\u00a0 Wir gehen davon aus, dass alle auf dieser Website enthaltenen Informationen zum Zeitpunkt des Hochladens des Inhalts auf die Website korrekt und auf dem neuesten Stand sind. Der Inhalt kann jederzeit und ohne Vorank\u00fcndigung ge\u00e4ndert werden. Die auf dieser Website verf\u00fcgbaren Informationen werden ohne M\u00e4ngelgew\u00e4hr zur Verf\u00fcgung gestellt und, soweit gesetzlich zul\u00e4ssig, ohne jegliche ausdr\u00fcckliche oder stillschweigende Gew\u00e4hrleistung, einschlie\u00dflich, aber nicht beschr\u00e4nkt auf stillschweigende Gew\u00e4hrleistungen der Marktg\u00e4ngigkeit, der Eignung f\u00fcr einen bestimmten Zweck oder der Nichtverletzung geistigen Eigentums, zur Verf\u00fcgung gestellt. Es wird empfohlen, Produkte und L\u00f6sungen unabh\u00e4ngig zu testen und f\u00fcr die beabsichtigte Verwendung zu evaluieren. Der Inhalt unserer Webseiten wurde mit gr\u00f6\u00dftm\u00f6glicher Sorgfalt erstellt. Wir k\u00f6nnen jedoch keine Gew\u00e4hr f\u00fcr deren Richtigkeit, Vollst\u00e4ndigkeit oder Aktualit\u00e4t \u00fcbernehmen. Der gesamte Inhalt dieser Website ist urheberrechtlich gesch\u00fctzt. Jede Form der Nutzung, Reproduktion und\/oder Modifikation von Inhalten unserer Website bedarf unserer vorherigen Zustimmung. Sie d\u00fcrfen jedoch alle Seiten dieser Website f\u00fcr Ihren pers\u00f6nlichen Gebrauch hochladen oder ausdrucken. Alle Produktnamen [&hellip;]","og_url":"https:\/\/www.llproducts.com\/de-de\/impressum\/","og_site_name":"L&amp;L Products - Anwendungstechnik &amp; Materialwissenschaft","article_modified_time":"2025-09-30T17:37:24+00:00","twitter_card":"summary_large_image","twitter_misc":{"Est. reading time":"2\u00a0Minuten"},"schema":{"@context":"https:\/\/schema.org","@graph":[{"@type":"WebPage","@id":"https:\/\/www.llproducts.com\/de-de\/impressum\/","url":"https:\/\/www.llproducts.com\/de-de\/impressum\/","name":"Impressum - L&amp;L Products - Anwendungstechnik &amp; Materialwissenschaft","isPartOf":{"@id":"https:\/\/www.llproducts.com\/de-de\/#website"},"datePublished":"2024-10-21T14:46:39+00:00","dateModified":"2025-09-30T17:37:24+00:00","breadcrumb":{"@id":"https:\/\/www.llproducts.com\/de-de\/impressum\/#breadcrumb"},"inLanguage":"de","potentialAction":[{"@type":"ReadAction","target":["https:\/\/www.llproducts.com\/de-de\/impressum\/"]}]},{"@type":"BreadcrumbList","@id":"https:\/\/www.llproducts.com\/de-de\/impressum\/#breadcrumb","itemListElement":[{"@type":"ListItem","position":1,"name":"Home","item":"https:\/\/www.llproducts.com\/de-de\/"},{"@type":"ListItem","position":2,"name":"Impressum"}]},{"@type":"WebSite","@id":"https:\/\/www.llproducts.com\/de-de\/#website","url":"https:\/\/www.llproducts.com\/de-de\/","name":"L&amp;L Products - Anwendungstechnik &amp; Materialwissenschaft","description":"","potentialAction":[{"@type":"SearchAction","target":{"@type":"EntryPoint","urlTemplate":"https:\/\/www.llproducts.com\/de-de\/?s={search_term_string}"},"query-input":{"@type":"PropertyValueSpecification","valueRequired":true,"valueName":"search_term_string"}}],"inLanguage":"de"}]}},"_links":{"self":[{"href":"https:\/\/www.llproducts.com\/de-de\/wp-json\/wp\/v2\/pages\/9882","targetHints":{"allow":["GET"]}}],"collection":[{"href":"https:\/\/www.llproducts.com\/de-de\/wp-json\/wp\/v2\/pages"}],"about":[{"href":"https:\/\/www.llproducts.com\/de-de\/wp-json\/wp\/v2\/types\/page"}],"author":[{"embeddable":true,"href":"https:\/\/www.llproducts.com\/de-de\/wp-json\/wp\/v2\/users\/1"}],"replies":[{"embeddable":true,"href":"https:\/\/www.llproducts.com\/de-de\/wp-json\/wp\/v2\/comments?post=9882"}],"version-history":[{"count":0,"href":"https:\/\/www.llproducts.com\/de-de\/wp-json\/wp\/v2\/pages\/9882\/revisions"}],"wp:attachment":[{"href":"https:\/\/www.llproducts.com\/de-de\/wp-json\/wp\/v2\/media?parent=9882"}],"curies":[{"name":"wp","href":"https:\/\/api.w.org\/{rel}","templated":true}]}}