{"id":9883,"date":"2024-10-21T14:52:23","date_gmt":"2024-10-21T14:52:23","guid":{"rendered":"https:\/\/llproducts1.wpenginepowered.com\/de-de\/?page_id=9883"},"modified":"2026-02-17T18:57:29","modified_gmt":"2026-02-17T18:57:29","slug":"zertifikate","status":"publish","type":"page","link":"https:\/\/www.llproducts.com\/de-de\/zertifikate\/","title":{"rendered":"Zertifikate"},"content":{"rendered":"<p>[et_pb_section fb_built=&#8220;1&#8243; _builder_version=&#8220;4.27.0&#8243; _module_preset=&#8220;default&#8220; custom_padding=&#8220;0px||0px||false|false&#8220; global_colors_info=&#8220;{}&#8220;][et_pb_row _builder_version=&#8220;4.27.0&#8243; _module_preset=&#8220;default&#8220; width=&#8220;90%&#8220; global_colors_info=&#8220;{}&#8220;][et_pb_column type=&#8220;4_4&#8243; _builder_version=&#8220;4.27.0&#8243; _module_preset=&#8220;default&#8220; global_colors_info=&#8220;{}&#8220;][et_pb_sidebar area=&#8220;et_pb_widget_area_2&#8243; show_border=&#8220;off&#8220; module_class=&#8220;breadcrumbs&#8220; _builder_version=&#8220;4.27.0&#8243; _module_preset=&#8220;default&#8220; global_colors_info=&#8220;{}&#8220;][\/et_pb_sidebar][\/et_pb_column][\/et_pb_row][\/et_pb_section][et_pb_section fb_built=&#8220;1&#8243; _builder_version=&#8220;4.27.0&#8243; _module_preset=&#8220;default&#8220; global_colors_info=&#8220;{}&#8220;][et_pb_row _builder_version=&#8220;4.27.0&#8243; _module_preset=&#8220;default&#8220; global_colors_info=&#8220;{}&#8220;][et_pb_column type=&#8220;4_4&#8243; _builder_version=&#8220;4.27.0&#8243; _module_preset=&#8220;default&#8220; global_colors_info=&#8220;{}&#8220;][et_pb_text module_class=&#8220;inner-title&#8220; _builder_version=&#8220;4.27.3&#8243; _module_preset=&#8220;default&#8220; text_font=&#8220;|700|||||||&#8220; text_text_color=&#8220;#005DAA&#8220; header_2_font_size=&#8220;36px&#8220; header_2_line_height=&#8220;1.2em&#8220; background_color=&#8220;#FFFFFF&#8220; custom_margin=&#8220;||6em||false|false&#8220; animation_style=&#8220;slide&#8220; animation_direction=&#8220;right&#8220; animation_intensity_slide=&#8220;5%&#8220; global_colors_info=&#8220;{}&#8220;]<\/p>\n<h1>Zertifikate<\/h1>\n<p>[\/et_pb_text][et_pb_text _builder_version=&#8220;4.27.3&#8243; _module_preset=&#8220;default&#8220; header_3_text_color=&#8220;#000000&#8243; custom_padding=&#8220;|2em||2em|false|false&#8220; custom_padding_tablet=&#8220;|0em||0em|false|false&#8220; custom_padding_phone=&#8220;|0em||0em|false|false&#8220; custom_padding_last_edited=&#8220;on|tablet&#8220; animation_style=&#8220;fade&#8220; global_colors_info=&#8220;{}&#8220;]<\/p>\n<div class=\"content-container content-container--indented\">\n<div id=\"c5621\" class=\"ce default ce-text\">\n<h3 class=\"h4 in-view\">Global<\/h3>\n<ul>\n<li style=\"list-style-type: none;\">\n<ul>\n<li><a href=\"\/wp-content\/uploads\/sites\/15\/2024\/10\/information_security_policy_v3_2024.pdf\" target=\"_blank\" rel=\"noopener\">Politik der Informationssicherheit<\/a><\/li>\n<\/ul>\n<\/li>\n<\/ul>\n<h3 class=\"h4 in-view\">Nord-, Mittel- und S\u00fcdamerika<\/h3>\n<p class=\"in-view\"><strong>Zertifizierungen in den Vereinigten Staaten:\u00a0Werk\u00a0Romeo\u00a0<\/strong><\/p>\n<ul>\n<li style=\"list-style-type: none;\">\n<ul class=\"in-view\">\n<li><a href=\"https:\/\/www.llproducts.com\/wp-content\/uploads\/2025\/04\/ISO-9001-2015-March-2027.pdf\">ISO 9001: 2015 &#8211; March 2027<\/a><\/li>\n<li><a href=\"\/wp-content\/uploads\/sites\/15\/2024\/10\/llp_romeo_iatf16949_march_2027.pdf\" target=\"_blank\" rel=\"noopener\">IATF 16949 \u2013 M\u00e4rz 2027<\/a><\/li>\n<li><a href=\"\/wp-content\/uploads\/sites\/15\/2024\/10\/iso_14001_2015_march_2027.pdf\" target=\"_blank\" rel=\"noopener\">ISO 14001 \u2013 M\u00e4rz 2027<\/a><\/li>\n<li><a href=\"\/wp-content\/uploads\/sites\/15\/2024\/10\/romeo_iso_45001_cert_exp_2026.pdf\" target=\"_blank\" rel=\"noopener\">ISO 45001 \u2013 November 2026<\/a><\/li>\n<li><a href=\"\/wp-content\/uploads\/2024\/12\/tisax_r__assessment_scope_s49k8w.pdf\" target=\"_blank\" rel=\"noopener\">TISAX\u00ae Assessment Scope S49K8W<\/a><\/li>\n<\/ul>\n<\/li>\n<\/ul>\n<p class=\"in-view\"><strong>Zertifizierungen in den Vereinigten Staaten:\u00a0\u00a0Werk\u00a0Columbia\u00a0<\/strong><\/p>\n<ul>\n<li style=\"list-style-type: none;\">\n<ul class=\"in-view\">\n<li><a href=\"\/wp-content\/uploads\/sites\/15\/2024\/10\/iatf_16949_llp_south_carolina_april_2027.pdf\" target=\"_blank\" rel=\"noopener\">IATF 16949 \u2013 April\u00a02027<\/a><\/li>\n<li><a href=\"\/wp-content\/uploads\/sites\/15\/2024\/11\/iso_45001_certification_llproducts_inc.pdf\" target=\"_blank\" rel=\"noopener\">ISO 45001 &#8211; Dezember 2027<\/a><\/li>\n<\/ul>\n<\/li>\n<\/ul>\n<p class=\"in-view\"><strong>Zertifizierungen in Brasilien:\u00a0Werk\u00a0S\u00e3o Paulo\u00a0<\/strong><\/p>\n<ul>\n<li style=\"list-style-type: none;\">\n<ul class=\"in-view\">\n<li><a href=\"\/wp-content\/uploads\/2024\/12\/iatf16949_august_2027_v2.pdf\" target=\"_blank\" rel=\"noopener\">IATF 16949 \u2013 August 2027<\/a><\/li>\n<li><a href=\"\/wp-content\/uploads\/2024\/12\/iso9001_august_2027_v2.pdf\" target=\"_blank\" rel=\"noopener\">ISO 9001 \u2013 August 2027<\/a><\/li>\n<li><a href=\"\/wp-content\/uploads\/2024\/12\/iso_14001_may_2027_v2.pdf\" target=\"_blank\" rel=\"noopener\">ISO 14001:2015 &#8211; Mai 2027<\/a><\/li>\n<li><a href=\"https:\/\/www.llproducts.com\/wp-content\/uploads\/2025\/04\/TISAX\u00ae-Assessment-Scope-S3FYRZ.pdf\">TISAX\u00ae Assessment Scope S3FYRZ<\/a><\/li>\n<\/ul>\n<\/li>\n<\/ul>\n<h3 class=\"h4 in-view\">Asien-Pazifik<\/h3>\n<p class=\"in-view\"><strong>Zertifizierungen in\u00a0China:\u00a0Werk\u00a0Shanghai\u00a0<\/strong><\/p>\n<ul>\n<li style=\"list-style-type: none;\">\n<ul class=\"in-view\">\n<li><a href=\"\/wp-content\/uploads\/sites\/15\/2024\/10\/china_iatf_16949_june_2027.pdf\" target=\"_blank\" rel=\"noopener\">IATF 16949 \u2013 Juni 2027<\/a><\/li>\n<li><a href=\"\/wp-content\/uploads\/sites\/15\/2024\/10\/china_iso14001_may_2027.pdf\" target=\"_blank\" rel=\"noopener\">ISO 14001 \u2013 Mai 2027<\/a><\/li>\n<li><a href=\"https:\/\/www.llproducts.com\/wp-content\/uploads\/2026\/01\/China-ISO-45001-Certificate_May-2028.pdf\" target=\"_blank\" rel=\"noopener\">ISO 45001 &#8211; Mai 2028<\/a><\/li>\n<li><a href=\"\/wp-content\/uploads\/sites\/15\/2024\/10\/china_as9100_may_2027.pdf\" target=\"_blank\" rel=\"noopener\">ISO 9001 &#8211; EN\/AS9100 \u00a0&#8211; Mai 2027<\/a><\/li>\n<li>\n<p class=\"p1\"><a href=\"https:\/\/www.llproducts.com\/wp-content\/uploads\/2025\/04\/TISAX\u00ae-Assessment-Scope-China.pdf\">TISAX\u00ae Assessment Scope SWF45W<\/a><\/p>\n<\/li>\n<\/ul>\n<\/li>\n<\/ul>\n<h3 class=\"h4 in-view\">IMEA<\/h3>\n<p class=\"in-view\"><strong>Zertifizierungen in Indien:\u00a0Werk\u00a0Pune\u00a0<\/strong><\/p>\n<ul>\n<li style=\"list-style-type: none;\">\n<ul class=\"in-view\">\n<li><a href=\"\/wp-content\/uploads\/sites\/15\/2024\/10\/india_iso_45001_may_2027.pdf\" target=\"_blank\" rel=\"noopener\">ISO 45001: 2018 &#8211; Mai 2027<\/a><\/li>\n<li><a href=\"\/wp-content\/uploads\/sites\/15\/2024\/10\/llp_india_iatf_16949_nov_2026.pdf\" target=\"_blank\" rel=\"noopener\">IATF 16949 &#8211; November 2026<\/a><\/li>\n<li><a href=\"\/wp-content\/uploads\/sites\/15\/2024\/10\/india_iso_14001_may_2027.pdf\" target=\"_blank\" rel=\"noopener\">ISO 14001 &#8211; Mai 2027<\/a><\/li>\n<li><a href=\"\/wp-content\/uploads\/sites\/15\/2024\/10\/intertek_certificate_january_2025.pdf\" target=\"_blank\" rel=\"noopener\">Intertek Certificate<\/a><\/li>\n<li><a title=\"Politik des sozialen Engagements\" href=\"\/wp-content\/uploads\/sites\/15\/2024\/10\/social_commitment_policy__l_l_india_private_limited.pdf\">Politik des sozialen Engagements<\/a><\/li>\n<li><a href=\"\/wp-content\/uploads\/sites\/15\/2024\/10\/2022_india_annual_return.pdf\" target=\"_blank\" rel=\"noopener\">J\u00e4hrliche Rendite Indien<\/a><\/li>\n<li><a href=\"\/wp-content\/uploads\/sites\/15\/2024\/10\/annual_return_2021-22.pdf\" target=\"_blank\" rel=\"noopener\">J\u00e4hrliche R\u00fcckkehr Indien 2021-22<\/a><\/li>\n<li><a href=\"\/wp-content\/uploads\/sites\/15\/2024\/10\/annual_return_india_2022-23.pdf\" target=\"_blank\" rel=\"noopener\">J\u00e4hrliche Rendite Indien 2022-2023<\/a><\/li>\n<li><a href=\"https:\/\/www.llproducts.com\/wp-content\/uploads\/2025\/01\/Annual-Return-India_2023-24.pdf\">J\u00e4hrliche Rendite Indien 2023-2024<\/a><\/li>\n<li><a href=\"https:\/\/www.llproducts.com\/wp-content\/uploads\/2026\/02\/Annual-Return-India_2024-25.pdf\">J\u00e4hrliche Rendite Indien 2024-2025<\/a><\/li>\n<\/ul>\n<\/li>\n<\/ul>\n<h3 class=\"h4 in-view\">Europa<\/h3>\n<ul>\n<li style=\"list-style-type: none;\">\n<ul class=\"in-view\">\n<li><a href=\"\/wp-content\/uploads\/sites\/15\/2024\/10\/europe_quality_of_products_policy_2024_en.pdf\" target=\"_blank\" rel=\"noopener\">Europ\u00e4ische Qualit\u00e4ts- und Produktsicherheitsrichtlinie<\/a><\/li>\n<\/ul>\n<\/li>\n<\/ul>\n<p class=\"in-view\"><strong>Zertifizierungen in Frankreich:\u00a0Werk\u00a0Altorf\u00a0<\/strong><\/p>\n<ul>\n<li style=\"list-style-type: none;\">\n<ul class=\"in-view\">\n<li><a href=\"\/wp-content\/uploads\/sites\/15\/2024\/10\/eu_iso9001_august_2027.pdf\" target=\"_blank\" rel=\"noopener\">ISO 9001 \u2013 August 2027<\/a><\/li>\n<li><a href=\"\/wp-content\/uploads\/sites\/15\/2024\/10\/eu_iatf_16949_august_2027.pdf\" target=\"_blank\" rel=\"noopener\">IATF 16949 \u2013 August\u00a02027<\/a><\/li>\n<li><a href=\"\/wp-content\/uploads\/sites\/15\/2024\/10\/iso_14001_2015_llp_france_decemeber_2026.pdf\" target=\"_blank\" rel=\"noopener\">ISO 14001 \u2013 Dezember 2026<\/a><\/li>\n<li><a href=\"\/wp-content\/uploads\/sites\/15\/2024\/10\/llp_france_as9100d_expires_feb_2027.pdf\" target=\"_blank\" rel=\"noopener\">AS\/EN 9100 \u2013 Februar 2027<\/a><\/li>\n<li><a href=\"\/wp-content\/uploads\/sites\/15\/2024\/10\/iso_45001_2018_llp_france_december_2026.pdf\" target=\"_blank\" rel=\"noopener\">ISO 45001:2018 &#8211; Dezember 2026<\/a><\/li>\n<li><a href=\"https:\/\/www.excellence.alsace\/\" target=\"_blank\" rel=\"noopener noreferrer\">Exzellenzpreis Elsass<\/a><\/li>\n<li>\n<p class=\"p1\"><a href=\"https:\/\/www.llproducts.com\/wp-content\/uploads\/2025\/04\/TISAX-Certificate-LL-Products-Europe-SAS-20270503.pdf\">TISAX\u00ae Assessment Scope SYN0FT<\/a><\/p>\n<\/li>\n<\/ul>\n<\/li>\n<\/ul>\n<p class=\"in-view\"><strong>Zertifizierungen in Deutschland:\u00a0Vertriebsniederlassung M\u00fcnchen\u00a0<\/strong><\/p>\n<ul>\n<li style=\"list-style-type: none;\">\n<ul class=\"in-view\">\n<li><a href=\"\/wp-content\/uploads\/sites\/15\/2024\/10\/eu_iso9001_august_2027-1.pdf\" target=\"_blank\" rel=\"noopener\">ISO 9001 \u2013\u00a0August 2027<\/a><\/li>\n<li><a href=\"\/wp-content\/uploads\/sites\/15\/2024\/10\/eu_iatf_16949_august_2027.pdf\/policies_certificates\/eu_iatf_16949_august_2027.pdf\" target=\"_blank\" rel=\"noopener\">IATF 16949 \u2013\u00a0August 2027<\/a><\/li>\n<li>\n<p class=\"p1\"><a href=\"https:\/\/www.llproducts.com\/wp-content\/uploads\/2025\/04\/TISAX-Certificate-LL-Products-Europe-GmbH-20270503.pdf\">TISAX\u00ae Assessment Scope SYN0FT<\/a><\/p>\n<\/li>\n<\/ul>\n<\/li>\n<\/ul>\n<p class=\"in-view\"><strong>Zertifizierungen in der Tschechischen Republik:\u00a0Werk\u00a0Rudna\u00a0<\/strong><\/p>\n<ul>\n<li style=\"list-style-type: none;\">\n<ul class=\"in-view\">\n<li><a href=\"\/wp-content\/uploads\/sites\/15\/2024\/10\/llp_czech_iatf16949_jan_2027.pdf\" target=\"_blank\" rel=\"noopener\">IATF 16949 \u2013 Januar 2027<\/a><\/li>\n<li><a href=\"\/wp-content\/uploads\/sites\/15\/2024\/10\/czech_iso_14001_october_2027.pdf\" target=\"_blank\" rel=\"noopener\">ISO 14001 \u2013 Oktober 2027<\/a><\/li>\n<li><a href=\"\/wp-content\/uploads\/sites\/15\/2024\/10\/llp_czech_is0_9001_jan_2027.pdf\" target=\"_blank\" rel=\"noopener\">ISO 9001 &#8211; Januar 2027<\/a><\/li>\n<li><a href=\"\/wp-content\/uploads\/sites\/15\/2024\/10\/czech_iso_45001_october_2027.pdf\" target=\"_blank\" rel=\"noopener\">ISO 45001 &#8211; Oktober 2027<\/a><\/li>\n<li><a href=\"https:\/\/www.llproducts.com\/wp-content\/uploads\/2025\/09\/OEKO-TEX-Standard-100_Czech-Republic_August-2026.pdf\" target=\"_blank\" rel=\"noopener\">OEKO-TEX<span>\u00ae<\/span> Standard 100 &#8211; August 2026<\/a><\/li>\n<\/ul>\n<\/li>\n<\/ul>\n<p class=\"in-view\"><strong>Zertifizierungen in der T\u00fcrkei:\u00a0Werk\u00a0Bursa\u00a0<\/strong><\/p>\n<ul>\n<li style=\"list-style-type: none;\">\n<ul class=\"in-view\">\n<li><a href=\"https:\/\/www.llproducts.com\/wp-content\/uploads\/2024\/10\/ll_tuerkiye_iatf_16949_april_2027.pdf\" target=\"_blank\" rel=\"noopener\">IATF 16949 \u2013 April 2027<\/a><\/li>\n<li><a href=\"https:\/\/www.llproducts.com\/wp-content\/uploads\/2026\/01\/LL-TURKIYE-ISO-45001_January-2029.pdf\">ISO 45001 &#8211; Januar 2029<\/a><\/li>\n<li><a href=\"https:\/\/www.llproducts.com\/wp-content\/uploads\/2026\/01\/LL-TURKIYE-ISO-14001_January-2029.pdf\" target=\"_blank\" rel=\"noopener\">ISO 14001 &#8211; Januar 2029<\/a><\/li>\n<li><a href=\"\/wp-content\/uploads\/sites\/15\/2024\/10\/ll_tuerkiye_iso_9001_april_2027.pdf\" target=\"_blank\" rel=\"noopener\">ISO 9001 \u2013 April 2027<\/a><\/li>\n<li><a href=\"\/wp-content\/uploads\/sites\/15\/2024\/10\/quality_policy_turkish.pdf\" target=\"_blank\" rel=\"noopener\">Qualit\u00e4tspolitik<\/a><\/li>\n<li><a href=\"https:\/\/llproducts1.wpenginepowered.com\/wp-content\/uploads\/2025\/01\/hse_policy_turkish_2024.pdf\" target=\"_blank\" rel=\"noopener\">HSE-Politik<\/a><\/li>\n<li><a href=\"\/wp-content\/uploads\/sites\/15\/2024\/10\/green_energy_certificate_l_l_products_otomotiv.pdf\" target=\"_blank\" rel=\"noopener\">Gr\u00fcner Energieausweis<\/a><\/li>\n<li><a href=\"https:\/\/www.llproducts.com\/wp-content\/uploads\/2025\/07\/LLP-Sustainable-Purchasing-Policy_2025_TR_Kurumsal-Surdurulebilir-Satin-Alma-Politikasi.pdf\">Sustainable Purchasing Policy<\/a><\/li>\n<\/ul>\n<\/li>\n<\/ul>\n<\/div>\n<\/div>\n<p>[\/et_pb_text][\/et_pb_column][\/et_pb_row][\/et_pb_section]<\/p>\n","protected":false},"excerpt":{"rendered":"<p>Zertifikate Global Politik der Informationssicherheit Nord-, Mittel- und S\u00fcdamerika Zertifizierungen in den Vereinigten Staaten:\u00a0Werk\u00a0Romeo\u00a0 ISO 9001: 2015 &#8211; March 2027 IATF 16949 \u2013 M\u00e4rz 2027 ISO 14001 \u2013 M\u00e4rz 2027 ISO 45001 \u2013 November 2026 TISAX\u00ae Assessment Scope S49K8W Zertifizierungen in den Vereinigten Staaten:\u00a0\u00a0Werk\u00a0Columbia\u00a0 IATF 16949 \u2013 April\u00a02027 ISO 45001 &#8211; Dezember 2027 Zertifizierungen in Brasilien:\u00a0Werk\u00a0S\u00e3o Paulo\u00a0 IATF 16949 \u2013 August 2027 ISO 9001 \u2013 August 2027 ISO 14001:2015 &#8211; Mai 2027 TISAX\u00ae Assessment Scope S3FYRZ Asien-Pazifik Zertifizierungen in\u00a0China:\u00a0Werk\u00a0Shanghai\u00a0 IATF 16949 \u2013 Juni 2027 ISO 14001 \u2013 Mai 2027 ISO 45001 &#8211; Mai 2028 ISO 9001 &#8211; EN\/AS9100 \u00a0&#8211; Mai 2027 TISAX\u00ae Assessment Scope SWF45W IMEA Zertifizierungen in Indien:\u00a0Werk\u00a0Pune\u00a0 ISO 45001: 2018 &#8211; Mai 2027 IATF 16949 &#8211; November 2026 ISO 14001 &#8211; Mai 2027 Intertek Certificate Politik des sozialen Engagements J\u00e4hrliche Rendite Indien J\u00e4hrliche R\u00fcckkehr Indien 2021-22 J\u00e4hrliche Rendite Indien 2022-2023 J\u00e4hrliche Rendite Indien 2023-2024 J\u00e4hrliche Rendite Indien 2024-2025 Europa Europ\u00e4ische Qualit\u00e4ts- und Produktsicherheitsrichtlinie Zertifizierungen in Frankreich:\u00a0Werk\u00a0Altorf\u00a0 ISO 9001 \u2013 August 2027 IATF 16949 \u2013 August\u00a02027 ISO 14001 \u2013 Dezember 2026 AS\/EN 9100 \u2013 Februar 2027 ISO 45001:2018 &#8211; Dezember 2026 Exzellenzpreis Elsass TISAX\u00ae Assessment Scope SYN0FT Zertifizierungen in Deutschland:\u00a0Vertriebsniederlassung M\u00fcnchen\u00a0 ISO 9001 \u2013\u00a0August 2027 IATF 16949 \u2013\u00a0August 2027 [&hellip;]<\/p>\n","protected":false},"author":1,"featured_media":0,"parent":0,"menu_order":0,"comment_status":"closed","ping_status":"closed","template":"","meta":{"_acf_changed":false,"_et_pb_use_builder":"on","_et_pb_old_content":"","_et_gb_content_width":"","inline_featured_image":false,"footnotes":""},"class_list":["post-9883","page","type-page","status-publish","hentry"],"acf":[],"yoast_head":"<!-- This site is optimized with the Yoast SEO Premium plugin v27.3 (Yoast SEO v27.3) - https:\/\/yoast.com\/product\/yoast-seo-premium-wordpress\/ -->\n<title>Zertifikate - L&amp;L Products - Anwendungstechnik &amp; Materialwissenschaft<\/title>\n<meta name=\"robots\" content=\"index, follow, max-snippet:-1, max-image-preview:large, max-video-preview:-1\" \/>\n<link rel=\"canonical\" href=\"https:\/\/www.llproducts.com\/de-de\/zertifikate\/\" \/>\n<meta property=\"og:locale\" content=\"de_DE\" \/>\n<meta property=\"og:type\" content=\"article\" \/>\n<meta property=\"og:title\" content=\"Zertifikate\" \/>\n<meta property=\"og:description\" content=\"Zertifikate Global Politik der Informationssicherheit Nord-, Mittel- und S\u00fcdamerika Zertifizierungen in den Vereinigten Staaten:\u00a0Werk\u00a0Romeo\u00a0 ISO 9001: 2015 - March 2027 IATF 16949 \u2013 M\u00e4rz 2027 ISO 14001 \u2013 M\u00e4rz 2027 ISO 45001 \u2013 November 2026 TISAX\u00ae Assessment Scope S49K8W Zertifizierungen in den Vereinigten Staaten:\u00a0\u00a0Werk\u00a0Columbia\u00a0 IATF 16949 \u2013 April\u00a02027 ISO 45001 - Dezember 2027 Zertifizierungen in Brasilien:\u00a0Werk\u00a0S\u00e3o Paulo\u00a0 IATF 16949 \u2013 August 2027 ISO 9001 \u2013 August 2027 ISO 14001:2015 - Mai 2027 TISAX\u00ae Assessment Scope S3FYRZ Asien-Pazifik Zertifizierungen in\u00a0China:\u00a0Werk\u00a0Shanghai\u00a0 IATF 16949 \u2013 Juni 2027 ISO 14001 \u2013 Mai 2027 ISO 45001 - Mai 2028 ISO 9001 - EN\/AS9100 \u00a0- Mai 2027 TISAX\u00ae Assessment Scope SWF45W IMEA Zertifizierungen in Indien:\u00a0Werk\u00a0Pune\u00a0 ISO 45001: 2018 - Mai 2027 IATF 16949 - November 2026 ISO 14001 - Mai 2027 Intertek Certificate Politik des sozialen Engagements J\u00e4hrliche Rendite Indien J\u00e4hrliche R\u00fcckkehr Indien 2021-22 J\u00e4hrliche Rendite Indien 2022-2023 J\u00e4hrliche Rendite Indien 2023-2024 J\u00e4hrliche Rendite Indien 2024-2025 Europa Europ\u00e4ische Qualit\u00e4ts- und Produktsicherheitsrichtlinie Zertifizierungen in Frankreich:\u00a0Werk\u00a0Altorf\u00a0 ISO 9001 \u2013 August 2027 IATF 16949 \u2013 August\u00a02027 ISO 14001 \u2013 Dezember 2026 AS\/EN 9100 \u2013 Februar 2027 ISO 45001:2018 - Dezember 2026 Exzellenzpreis Elsass TISAX\u00ae Assessment Scope SYN0FT Zertifizierungen in Deutschland:\u00a0Vertriebsniederlassung M\u00fcnchen\u00a0 ISO 9001 \u2013\u00a0August 2027 IATF 16949 \u2013\u00a0August 2027 [&hellip;]\" \/>\n<meta property=\"og:url\" content=\"https:\/\/www.llproducts.com\/de-de\/zertifikate\/\" \/>\n<meta property=\"og:site_name\" content=\"L&amp;L Products - Anwendungstechnik &amp; Materialwissenschaft\" \/>\n<meta property=\"article:modified_time\" content=\"2026-02-17T18:57:29+00:00\" \/>\n<meta name=\"twitter:card\" content=\"summary_large_image\" \/>\n<meta name=\"twitter:label1\" content=\"Est. reading time\" \/>\n\t<meta name=\"twitter:data1\" content=\"2\u00a0Minuten\" \/>\n<script type=\"application\/ld+json\" class=\"yoast-schema-graph\">{\"@context\":\"https:\\\/\\\/schema.org\",\"@graph\":[{\"@type\":\"WebPage\",\"@id\":\"https:\\\/\\\/www.llproducts.com\\\/de-de\\\/zertifikate\\\/\",\"url\":\"https:\\\/\\\/www.llproducts.com\\\/de-de\\\/zertifikate\\\/\",\"name\":\"Zertifikate - L&amp;L Products - Anwendungstechnik &amp; Materialwissenschaft\",\"isPartOf\":{\"@id\":\"https:\\\/\\\/www.llproducts.com\\\/de-de\\\/#website\"},\"datePublished\":\"2024-10-21T14:52:23+00:00\",\"dateModified\":\"2026-02-17T18:57:29+00:00\",\"breadcrumb\":{\"@id\":\"https:\\\/\\\/www.llproducts.com\\\/de-de\\\/zertifikate\\\/#breadcrumb\"},\"inLanguage\":\"de\",\"potentialAction\":[{\"@type\":\"ReadAction\",\"target\":[\"https:\\\/\\\/www.llproducts.com\\\/de-de\\\/zertifikate\\\/\"]}]},{\"@type\":\"BreadcrumbList\",\"@id\":\"https:\\\/\\\/www.llproducts.com\\\/de-de\\\/zertifikate\\\/#breadcrumb\",\"itemListElement\":[{\"@type\":\"ListItem\",\"position\":1,\"name\":\"Home\",\"item\":\"https:\\\/\\\/www.llproducts.com\\\/de-de\\\/\"},{\"@type\":\"ListItem\",\"position\":2,\"name\":\"Zertifikate\"}]},{\"@type\":\"WebSite\",\"@id\":\"https:\\\/\\\/www.llproducts.com\\\/de-de\\\/#website\",\"url\":\"https:\\\/\\\/www.llproducts.com\\\/de-de\\\/\",\"name\":\"L&amp;L Products - Anwendungstechnik &amp; Materialwissenschaft\",\"description\":\"\",\"potentialAction\":[{\"@type\":\"SearchAction\",\"target\":{\"@type\":\"EntryPoint\",\"urlTemplate\":\"https:\\\/\\\/www.llproducts.com\\\/de-de\\\/?s={search_term_string}\"},\"query-input\":{\"@type\":\"PropertyValueSpecification\",\"valueRequired\":true,\"valueName\":\"search_term_string\"}}],\"inLanguage\":\"de\"}]}<\/script>\n<!-- \/ Yoast SEO Premium plugin. -->","yoast_head_json":{"title":"Zertifikate - L&amp;L Products - Anwendungstechnik &amp; Materialwissenschaft","robots":{"index":"index","follow":"follow","max-snippet":"max-snippet:-1","max-image-preview":"max-image-preview:large","max-video-preview":"max-video-preview:-1"},"canonical":"https:\/\/www.llproducts.com\/de-de\/zertifikate\/","og_locale":"de_DE","og_type":"article","og_title":"Zertifikate","og_description":"Zertifikate Global Politik der Informationssicherheit Nord-, Mittel- und S\u00fcdamerika Zertifizierungen in den Vereinigten Staaten:\u00a0Werk\u00a0Romeo\u00a0 ISO 9001: 2015 - March 2027 IATF 16949 \u2013 M\u00e4rz 2027 ISO 14001 \u2013 M\u00e4rz 2027 ISO 45001 \u2013 November 2026 TISAX\u00ae Assessment Scope S49K8W Zertifizierungen in den Vereinigten Staaten:\u00a0\u00a0Werk\u00a0Columbia\u00a0 IATF 16949 \u2013 April\u00a02027 ISO 45001 - Dezember 2027 Zertifizierungen in Brasilien:\u00a0Werk\u00a0S\u00e3o Paulo\u00a0 IATF 16949 \u2013 August 2027 ISO 9001 \u2013 August 2027 ISO 14001:2015 - Mai 2027 TISAX\u00ae Assessment Scope S3FYRZ Asien-Pazifik Zertifizierungen in\u00a0China:\u00a0Werk\u00a0Shanghai\u00a0 IATF 16949 \u2013 Juni 2027 ISO 14001 \u2013 Mai 2027 ISO 45001 - Mai 2028 ISO 9001 - EN\/AS9100 \u00a0- Mai 2027 TISAX\u00ae Assessment Scope SWF45W IMEA Zertifizierungen in Indien:\u00a0Werk\u00a0Pune\u00a0 ISO 45001: 2018 - Mai 2027 IATF 16949 - November 2026 ISO 14001 - Mai 2027 Intertek Certificate Politik des sozialen Engagements J\u00e4hrliche Rendite Indien J\u00e4hrliche R\u00fcckkehr Indien 2021-22 J\u00e4hrliche Rendite Indien 2022-2023 J\u00e4hrliche Rendite Indien 2023-2024 J\u00e4hrliche Rendite Indien 2024-2025 Europa Europ\u00e4ische Qualit\u00e4ts- und Produktsicherheitsrichtlinie Zertifizierungen in Frankreich:\u00a0Werk\u00a0Altorf\u00a0 ISO 9001 \u2013 August 2027 IATF 16949 \u2013 August\u00a02027 ISO 14001 \u2013 Dezember 2026 AS\/EN 9100 \u2013 Februar 2027 ISO 45001:2018 - Dezember 2026 Exzellenzpreis Elsass TISAX\u00ae Assessment Scope SYN0FT Zertifizierungen in Deutschland:\u00a0Vertriebsniederlassung M\u00fcnchen\u00a0 ISO 9001 \u2013\u00a0August 2027 IATF 16949 \u2013\u00a0August 2027 [&hellip;]","og_url":"https:\/\/www.llproducts.com\/de-de\/zertifikate\/","og_site_name":"L&amp;L Products - Anwendungstechnik &amp; Materialwissenschaft","article_modified_time":"2026-02-17T18:57:29+00:00","twitter_card":"summary_large_image","twitter_misc":{"Est. reading time":"2\u00a0Minuten"},"schema":{"@context":"https:\/\/schema.org","@graph":[{"@type":"WebPage","@id":"https:\/\/www.llproducts.com\/de-de\/zertifikate\/","url":"https:\/\/www.llproducts.com\/de-de\/zertifikate\/","name":"Zertifikate - L&amp;L Products - Anwendungstechnik &amp; Materialwissenschaft","isPartOf":{"@id":"https:\/\/www.llproducts.com\/de-de\/#website"},"datePublished":"2024-10-21T14:52:23+00:00","dateModified":"2026-02-17T18:57:29+00:00","breadcrumb":{"@id":"https:\/\/www.llproducts.com\/de-de\/zertifikate\/#breadcrumb"},"inLanguage":"de","potentialAction":[{"@type":"ReadAction","target":["https:\/\/www.llproducts.com\/de-de\/zertifikate\/"]}]},{"@type":"BreadcrumbList","@id":"https:\/\/www.llproducts.com\/de-de\/zertifikate\/#breadcrumb","itemListElement":[{"@type":"ListItem","position":1,"name":"Home","item":"https:\/\/www.llproducts.com\/de-de\/"},{"@type":"ListItem","position":2,"name":"Zertifikate"}]},{"@type":"WebSite","@id":"https:\/\/www.llproducts.com\/de-de\/#website","url":"https:\/\/www.llproducts.com\/de-de\/","name":"L&amp;L Products - Anwendungstechnik &amp; Materialwissenschaft","description":"","potentialAction":[{"@type":"SearchAction","target":{"@type":"EntryPoint","urlTemplate":"https:\/\/www.llproducts.com\/de-de\/?s={search_term_string}"},"query-input":{"@type":"PropertyValueSpecification","valueRequired":true,"valueName":"search_term_string"}}],"inLanguage":"de"}]}},"_links":{"self":[{"href":"https:\/\/www.llproducts.com\/de-de\/wp-json\/wp\/v2\/pages\/9883","targetHints":{"allow":["GET"]}}],"collection":[{"href":"https:\/\/www.llproducts.com\/de-de\/wp-json\/wp\/v2\/pages"}],"about":[{"href":"https:\/\/www.llproducts.com\/de-de\/wp-json\/wp\/v2\/types\/page"}],"author":[{"embeddable":true,"href":"https:\/\/www.llproducts.com\/de-de\/wp-json\/wp\/v2\/users\/1"}],"replies":[{"embeddable":true,"href":"https:\/\/www.llproducts.com\/de-de\/wp-json\/wp\/v2\/comments?post=9883"}],"version-history":[{"count":0,"href":"https:\/\/www.llproducts.com\/de-de\/wp-json\/wp\/v2\/pages\/9883\/revisions"}],"wp:attachment":[{"href":"https:\/\/www.llproducts.com\/de-de\/wp-json\/wp\/v2\/media?parent=9883"}],"curies":[{"name":"wp","href":"https:\/\/api.w.org\/{rel}","templated":true}]}}