{"id":10112,"date":"2024-10-24T20:45:21","date_gmt":"2024-10-24T20:45:21","guid":{"rendered":"https:\/\/llproducts1.wpenginepowered.com\/fr-fr\/?page_id=10112"},"modified":"2026-04-16T17:10:56","modified_gmt":"2026-04-16T17:10:56","slug":"ll-bond","status":"publish","type":"page","link":"https:\/\/www.llproducts.com\/fr-fr\/produits-et-solutions\/ll-products-solutions-offerings\/ll-bond\/","title":{"rendered":"L&amp;L Bond"},"content":{"rendered":"<div class=\"et_pb_section_0 et_pb_section et_section_regular et_block_section\"><div class=\"et_pb_row_0 et_pb_row et_pb_gutters1 et_block_row inner-title-row\"><div class=\"et_pb_column_0 et_pb_column et_pb_column_2_3 et_block_column et_pb_css_mix_blend_mode_passthrough\"><div class=\"et_pb_image_0 et_pb_image et_pb_module et_block_module\"><span class=\"et_pb_image_wrap\"><img decoding=\"async\" data-src=\"https:\/\/www.llproducts.com\/fr-fr\/wp-content\/uploads\/sites\/16\/2025\/05\/LL-Bond-Header-Photo.png\" width=\"1920\" height=\"1080\" data-srcset=\"https:\/\/www.llproducts.com\/fr-fr\/wp-content\/uploads\/sites\/16\/2025\/05\/LL-Bond-Header-Photo.png 1920w, https:\/\/www.llproducts.com\/fr-fr\/wp-content\/uploads\/sites\/16\/2025\/05\/LL-Bond-Header-Photo-1280x720.png 1280w, https:\/\/www.llproducts.com\/fr-fr\/wp-content\/uploads\/sites\/16\/2025\/05\/LL-Bond-Header-Photo-980x551.png 980w, https:\/\/www.llproducts.com\/fr-fr\/wp-content\/uploads\/sites\/16\/2025\/05\/LL-Bond-Header-Photo-480x270.png 480w\" data-sizes=\"auto\" class=\"wp-image-12973 lazyload\" title=\"LL Bond Header Photo\" src=\"data:image\/svg+xml;base64,PHN2ZyB3aWR0aD0iMSIgaGVpZ2h0PSIxIiB4bWxucz0iaHR0cDovL3d3dy53My5vcmcvMjAwMC9zdmciPjwvc3ZnPg==\" style=\"--smush-placeholder-width: 1920px; --smush-placeholder-aspect-ratio: 1920\/1080;\" data-original-sizes=\"(min-width: 0px) and (max-width: 480px) 480px, (min-width: 481px) and (max-width: 980px) 980px, (min-width: 981px) and (max-width: 1280px) 1280px, (min-width: 1281px) 1920px, 100vw\" \/><\/span><\/div><\/div><div class=\"et_pb_column_1 et_pb_column et_pb_column_1_3 et-last-child et_block_column et_pb_css_mix_blend_mode_passthrough et_animated inner-title-col alt-title-col\"><div class=\"et_pb_text_0 et_pb_text et_pb_bg_layout_dark et_pb_module et_block_module\"><div class=\"et_pb_text_inner\"><p>L&amp;L BOND<\/p>\n<\/div><\/div><div class=\"et_pb_text_1 et_pb_text et_pb_bg_layout_dark et_pb_module et_block_module inner-title-2\"><div class=\"et_pb_text_inner\"><h1>Des solutions plus<br \/>forts<\/h1>\n<\/div><\/div><div class=\"et_pb_text_2 et_pb_text et_pb_bg_layout_dark et_pb_module et_block_module\"><div class=\"et_pb_text_inner\"><p>L&amp;L Products d\u00e9veloppe une large gamme de technologies adh\u00e9sives con\u00e7ues pour coller durablement. Nos solutions permettent d'allier performances globales\u00a0 et s\u00e9curit\u00e9 et l'efficacit\u00e9 des op\u00e9rateurs.<\/p>\n<\/div><\/div><\/div><\/div><div class=\"et_pb_row_1 et_pb_row et_block_row\"><div class=\"et_pb_column_2 et_pb_column et_pb_column_4_4 et-last-child et_block_column et_pb_css_mix_blend_mode_passthrough\"><div class=\"et_pb_sidebar_0 et_pb_widget_area clearfix et_pb_widget_area_left et_pb_bg_layout_light et_pb_sidebar_no_border et_pb_module et_block_module breadcrumbs\"><div id=\"block-10\" class=\"et_pb_widget widget_block\"><div class=\"yoast-breadcrumbs\"><span><span><a href=\"https:\/\/www.llproducts.com\/fr-fr\/\">Home<\/a><\/span> <span aria-hidden=\"true\" data-icon=\"\ue93c\" class=\"icomoon icon-chevron-right\"><\/span> <span><a href=\"https:\/\/www.llproducts.com\/fr-fr\/produits-et-solutions\/\">Produits et solutions<\/a><\/span> <span aria-hidden=\"true\" data-icon=\"\ue93c\" class=\"icomoon icon-chevron-right\"><\/span> <span><a href=\"https:\/\/www.llproducts.com\/fr-fr\/produits-et-solutions\/ll-products-solutions-offerings\/\">L&#038;L Products Solutions<\/a><\/span> <span aria-hidden=\"true\" data-icon=\"\ue93c\" class=\"icomoon icon-chevron-right\"><\/span> <span class=\"breadcrumb_last\" aria-current=\"page\">L&amp;L Bond<\/span><\/span><\/div><\/div><\/div><\/div><\/div><div class=\"et_pb_row_2 et_pb_row et_pb_equal_columns et_pb_gutters2 et_block_row\"><div class=\"et_pb_column_3 et_pb_column et_pb_column_1_2 et_block_column et_pb_css_mix_blend_mode_passthrough\"><div class=\"et_pb_text_3 et_pb_text et_pb_bg_layout_light et_pb_module et_block_module\"><div class=\"et_pb_text_inner\"><h1>L&amp;L Bond<\/h1>\n<h3><span>Adh\u00e9sifs innovants permettant d'all\u00e9ger et de renforcer les structures<\/span><\/h3>\n<\/div><\/div><div class=\"et_pb_text_4 et_pb_text et_pb_bg_layout_light et_pb_module et_block_module\"><div class=\"et_pb_text_inner\"><p>Depuis les ann\u00e9es 90, L&amp;L fournit des adh\u00e9sifs activ\u00e9s par la chaleur pour remplacer et am\u00e9liorer les m\u00e9thodes de soudage, de brasage et d'assemblage m\u00e9canique dans l'industrie automobile. Depuis, nous avons mis \u00e0 profit notre expertise en mati\u00e8re de technologie d'adh\u00e9sion pour \u00e9largir notre gamme de solutions afin d'inclure des adh\u00e9sifs \u00e0 temp\u00e9rature ambiante et des adh\u00e9sifs composites avanc\u00e9s pour servir les industries au-del\u00e0 de l'automobile.<\/p>\n<\/div><\/div><\/div><div class=\"et_pb_column_4 et_pb_column et_pb_column_1_2 et-last-child et_block_column et_pb_css_mix_blend_mode_passthrough et_animated\"><div class=\"et_pb_code_0 et_pb_code et_pb_text_align_center et_pb_module\"><div class=\"et_pb_code_inner\"><span style=\"font-size: 36px; color: #ffffff;\" aria-hidden=\"true\" data-icon=\"\ue7d7\" class=\"iconmoon icon-bubbles\"><\/span><\/div><\/div><div class=\"et_pb_text_5 et_pb_text et_pb_bg_layout_dark et_pb_module et_block_module et_pb_text_align_center\"><div class=\"et_pb_text_inner\"><h2 class=\"no-dot\">Discutons de votre projet<\/h2>\n<\/div><\/div><div class=\"et_pb_text_6 et_pb_text et_pb_bg_layout_dark et_pb_module et_block_module et_pb_text_align_center\"><div class=\"et_pb_text_inner\"><p><span>\u00cates-vous int\u00e9ress\u00e9 par nos scellants ? Nous nous tenons \u00e0 votre disposition.<\/span><\/p>\n<\/div><\/div><div class=\"et_pb_module et_pb_button_module_wrapper et_pb_button_0_wrapper\"><a class=\"et_pb_button_0 et_pb_button et_pb_bg_layout_light et_pb_module et_block_module wht-btn popmake-9878\" href=\"#\">Nous contacter<\/a><\/div><\/div><\/div><\/div><div class=\"et_pb_section_1 et_pb_section et_section_regular et_block_section\"><div class=\"et_pb_row_3 et_pb_row et_block_row\"><div class=\"et_pb_column_5 et_pb_column et_pb_column_4_4 et-last-child et_block_column et_pb_css_mix_blend_mode_passthrough reveal-text\"><div class=\"et_pb_blurb_0 et_pb_blurb et_pb_bg_layout_dark et_pb_blurb_position_left et_pb_module et_block_module\"><div class=\"et_pb_blurb_content\"><div class=\"et_pb_main_blurb_image\"><span class=\"et_pb_image_wrap\"><span class=\"et-pb-icon\">=<\/span><\/span><\/div><div class=\"et_pb_blurb_container\"><h3 class=\"et_pb_module_header\">Adh\u00e9sifs composites avanc\u00e9s L&L Bond<\/h3><div class=\"et_pb_blurb_description\"><p><span>Les adh\u00e9sifs composites avanc\u00e9s L&amp;L Bond pr\u00e9sentent une s\u00e9rie d'adh\u00e9sifs l\u00e9gers conformes aux normes FST qui permettent de coller et de renforcer les noyaux en nid d'abeille dans des zones strat\u00e9giques.<\/span><\/p>\n<p><a href=\"https:\/\/www.llproducts.com\/fr-fr\/produits-et-solutions\/ll-products-solutions-offerings\/adhesifs-pour-les-composites\" class=\"et_pb_button et_pb_button_0 et_pb_bg_layout_light\" target=\"_blank\" rel=\"noopener\">En savoir plus<\/a><\/p>\n<\/div><\/div><\/div><\/div><\/div><\/div><div class=\"et_pb_row_4 et_pb_row et_block_row\"><div class=\"et_pb_column_6 et_pb_column et_pb_column_4_4 et-last-child et_block_column et_pb_css_mix_blend_mode_passthrough reveal-text\"><div class=\"et_pb_blurb_1 et_pb_blurb et_pb_bg_layout_dark et_pb_blurb_position_left et_pb_module et_block_module\"><div class=\"et_pb_blurb_content\"><div class=\"et_pb_main_blurb_image\"><span class=\"et_pb_image_wrap\"><span class=\"et-pb-icon\">=<\/span><\/span><\/div><div class=\"et_pb_blurb_container\"><h3 class=\"et_pb_module_header\">L&L PHASTER\u00ae<\/h3><div class=\"et_pb_blurb_description\"><p><span>Les adh\u00e9sifs moussants et non moussants PHASTER<sup>\u00ae<\/sup> sont capables de combler les lacunes et de g\u00e9n\u00e9rer des liaisons structurelles ou semi-structurelles.<\/span><\/p>\n<p><a href=\"https:\/\/phaster.llproducts.com\/fr-fr\/phaster-solution-adhesfs\/\" class=\"et_pb_button et_pb_button_0 et_pb_bg_layout_light\" target=\"_blank\" rel=\"noopener\">En savoir plus<\/a><\/p>\n<\/div><\/div><\/div><\/div><\/div><\/div><div class=\"et_pb_row_5 et_pb_row et_block_row\"><div class=\"et_pb_column_7 et_pb_column et_pb_column_4_4 et-last-child et_block_column et_pb_css_mix_blend_mode_passthrough reveal-text\"><div class=\"et_pb_blurb_2 et_pb_blurb et_pb_bg_layout_dark et_pb_blurb_position_left et_pb_module et_block_module\"><div class=\"et_pb_blurb_content\"><div class=\"et_pb_main_blurb_image\"><span class=\"et_pb_image_wrap\"><span class=\"et-pb-icon\">=<\/span><\/span><\/div><div class=\"et_pb_blurb_container\"><h3 class=\"et_pb_module_header\">L&L T-Link\u00ae<\/h3><div class=\"et_pb_blurb_description\"><p><span>T-Link\u00ae, notre adh\u00e9sif thermoplastique technique avanc\u00e9, allie une adh\u00e9rence sup\u00e9rieure aux caract\u00e9ristiques de traitement d'un thermoplastique.<\/span><\/p>\n<p><a class=\"et_pb_button et_pb_button_0 et_pb_bg_layout_light\" href=\"https:\/\/tlink.llproducts.com\/fr-fr\/\" target=\"_blank\" rel=\"noopener\">En savoir plus<\/a><\/p>\n<\/div><\/div><\/div><\/div><\/div><\/div><div class=\"et_pb_row_6 et_pb_row et_block_row\"><div class=\"et_pb_column_8 et_pb_column et_pb_column_4_4 et-last-child et_block_column et_pb_css_mix_blend_mode_passthrough reveal-text\"><div class=\"et_pb_blurb_3 et_pb_blurb et_pb_bg_layout_dark et_pb_blurb_position_left et_pb_module et_block_module\"><div class=\"et_pb_blurb_content\"><div class=\"et_pb_main_blurb_image\"><span class=\"et_pb_image_wrap\"><span class=\"et-pb-icon\">=<\/span><\/span><\/div><div class=\"et_pb_blurb_container\"><h3 class=\"et_pb_module_header\">Adh\u00e9sifs structuraux activ\u00e9s par la chaleur L&L<\/h3><div class=\"et_pb_blurb_description\"><p><span>Les rubans adh\u00e9sifs structuraux L&amp;L Bond sont des adh\u00e9sifs structuraux activ\u00e9s par la chaleur \u00e0 haute performance qui sont appliqu\u00e9s avant le processus de cuisson de l'E-coat et qui durcissent dans le four de l'E-coat pour assurer le collage structurel.<\/span><\/p>\n<p><a href=\"https:\/\/www.llproducts.com\/fr-fr\/produits-et-solutions\/ll-products-solutions-offerings\/adhesifs-structuraux-thermo-actives-ll\" class=\"et_pb_button et_pb_button_0 et_pb_bg_layout_light\" target=\"_blank\" rel=\"noopener\">En savoir plus<\/a><\/p>\n<\/div><\/div><\/div><\/div><\/div><\/div><\/div><div class=\"et_pb_section_2 et_pb_section et_section_regular et_block_section\"><div class=\"et_pb_row_7 et_pb_row et_block_row\"><div class=\"et_pb_column_9 et_pb_column et_pb_column_4_4 et-last-child et_block_column et_pb_css_mix_blend_mode_passthrough\"><div class=\"et_pb_text_7 et_pb_text et_pb_bg_layout_light et_pb_module et_block_module\"><div class=\"et_pb_text_inner\"><h1>Nos actualit\u00e9s<\/h1>\n<\/div><\/div><\/div><\/div><div class=\"et_pb_row_8 et_pb_row et_block_row\"><div class=\"et_pb_column_10 et_pb_column et_pb_column_4_4 et-last-child et_block_column et_pb_css_mix_blend_mode_passthrough\"><div class=\"et_pb_code_1 et_pb_code et_pb_module\"><div class=\"et_pb_code_inner\"><script src=\"https:\/\/static.elfsight.com\/platform\/platform.js\" async><\/script>\n<div class=\"elfsight-app-72e28d3a-cb29-47b9-b42c-d9b80ca2705a\" data-elfsight-app-lazy><\/div><\/div><\/div><\/div><\/div><\/div>","protected":false},"excerpt":{"rendered":"","protected":false},"author":4,"featured_media":10114,"parent":118,"menu_order":0,"comment_status":"closed","ping_status":"closed","template":"","meta":{"_acf_changed":false,"inline_featured_image":false,"footnotes":""},"class_list":["post-10112","page","type-page","status-publish","has-post-thumbnail","hentry"],"acf":[],"dsm_author":{"name":"lafata","avatar_url":"https:\/\/secure.gravatar.com\/avatar\/66f6e75e3378137d9b1a20f7ad6c54aa6acecd8466704fadf5641de9af89b844?s=96&d=mm&r=g","archive_link":"https:\/\/www.llproducts.com\/fr-fr\/news-events\/author\/lafata\/","biodata":""},"dsm_categories":[],"dsm_attachment_categories":[],"dsm_featured_image":{"thumbnail":"https:\/\/www.llproducts.com\/fr-fr\/wp-content\/uploads\/sites\/16\/2024\/10\/csm_llp_solutions_header_bond_6ab3c2aa1f-150x150.jpg","medium":"https:\/\/www.llproducts.com\/fr-fr\/wp-content\/uploads\/sites\/16\/2024\/10\/csm_llp_solutions_header_bond_6ab3c2aa1f-300x95.jpg","medium_large":"https:\/\/www.llproducts.com\/fr-fr\/wp-content\/uploads\/sites\/16\/2024\/10\/csm_llp_solutions_header_bond_6ab3c2aa1f-768x242.jpg","large":"https:\/\/www.llproducts.com\/fr-fr\/wp-content\/uploads\/sites\/16\/2024\/10\/csm_llp_solutions_header_bond_6ab3c2aa1f-1024x323.jpg","1536x1536":"https:\/\/www.llproducts.com\/fr-fr\/wp-content\/uploads\/sites\/16\/2024\/10\/csm_llp_solutions_header_bond_6ab3c2aa1f-1536x484.jpg","2048x2048":"https:\/\/www.llproducts.com\/fr-fr\/wp-content\/uploads\/sites\/16\/2024\/10\/csm_llp_solutions_header_bond_6ab3c2aa1f.jpg","et-pb-post-main-image":"https:\/\/www.llproducts.com\/fr-fr\/wp-content\/uploads\/sites\/16\/2024\/10\/csm_llp_solutions_header_bond_6ab3c2aa1f-400x250.jpg","et-pb-post-main-image-fullwidth":"https:\/\/www.llproducts.com\/fr-fr\/wp-content\/uploads\/sites\/16\/2024\/10\/csm_llp_solutions_header_bond_6ab3c2aa1f-1080x567.jpg","et-pb-portfolio-image":"https:\/\/www.llproducts.com\/fr-fr\/wp-content\/uploads\/sites\/16\/2024\/10\/csm_llp_solutions_header_bond_6ab3c2aa1f-400x284.jpg","et-pb-portfolio-module-image":"https:\/\/www.llproducts.com\/fr-fr\/wp-content\/uploads\/sites\/16\/2024\/10\/csm_llp_solutions_header_bond_6ab3c2aa1f-510x382.jpg","et-pb-portfolio-image-single":"https:\/\/www.llproducts.com\/fr-fr\/wp-content\/uploads\/sites\/16\/2024\/10\/csm_llp_solutions_header_bond_6ab3c2aa1f-1080x340.jpg","et-pb-gallery-module-image-portrait":"https:\/\/www.llproducts.com\/fr-fr\/wp-content\/uploads\/sites\/16\/2024\/10\/csm_llp_solutions_header_bond_6ab3c2aa1f-400x516.jpg","et-pb-post-main-image-fullwidth-large":"https:\/\/www.llproducts.com\/fr-fr\/wp-content\/uploads\/sites\/16\/2024\/10\/csm_llp_solutions_header_bond_6ab3c2aa1f.jpg","et-pb-image--responsive--desktop":"https:\/\/www.llproducts.com\/fr-fr\/wp-content\/uploads\/sites\/16\/2024\/10\/csm_llp_solutions_header_bond_6ab3c2aa1f-1280x403.jpg","et-pb-image--responsive--tablet":"https:\/\/www.llproducts.com\/fr-fr\/wp-content\/uploads\/sites\/16\/2024\/10\/csm_llp_solutions_header_bond_6ab3c2aa1f-980x309.jpg","et-pb-image--responsive--phone":"https:\/\/www.llproducts.com\/fr-fr\/wp-content\/uploads\/sites\/16\/2024\/10\/csm_llp_solutions_header_bond_6ab3c2aa1f-480x151.jpg","gform-image-choice-sm":"https:\/\/www.llproducts.com\/fr-fr\/wp-content\/uploads\/sites\/16\/2024\/10\/csm_llp_solutions_header_bond_6ab3c2aa1f.jpg","gform-image-choice-md":"https:\/\/www.llproducts.com\/fr-fr\/wp-content\/uploads\/sites\/16\/2024\/10\/csm_llp_solutions_header_bond_6ab3c2aa1f.jpg","gform-image-choice-lg":"https:\/\/www.llproducts.com\/fr-fr\/wp-content\/uploads\/sites\/16\/2024\/10\/csm_llp_solutions_header_bond_6ab3c2aa1f.jpg","full":"https:\/\/www.llproducts.com\/fr-fr\/wp-content\/uploads\/sites\/16\/2024\/10\/csm_llp_solutions_header_bond_6ab3c2aa1f.jpg"},"yoast_head":"<!-- This site is optimized with the Yoast SEO Premium plugin v27.3 (Yoast SEO v27.5) - https:\/\/yoast.com\/product\/yoast-seo-premium-wordpress\/ -->\n<title>L&amp;L Bond - L&amp;L Products - Ing\u00e9nierie appliqu\u00e9e &amp; Science des mat\u00e9riaux<\/title>\n<meta name=\"robots\" content=\"index, follow, max-snippet:-1, max-image-preview:large, max-video-preview:-1\" \/>\n<link rel=\"canonical\" href=\"https:\/\/www.llproducts.com\/fr-fr\/produits-et-solutions\/ll-products-solutions-offerings\/ll-bond\/\" \/>\n<meta property=\"og:locale\" content=\"fr_FR\" \/>\n<meta property=\"og:type\" content=\"article\" \/>\n<meta property=\"og:title\" content=\"L&amp;L Bond\" \/>\n<meta property=\"og:url\" content=\"https:\/\/www.llproducts.com\/fr-fr\/produits-et-solutions\/ll-products-solutions-offerings\/ll-bond\/\" \/>\n<meta property=\"og:site_name\" content=\"L&amp;L Products - Ing\u00e9nierie appliqu\u00e9e &amp; Science des mat\u00e9riaux\" \/>\n<meta property=\"article:modified_time\" content=\"2026-04-16T17:10:56+00:00\" \/>\n<meta property=\"og:image\" content=\"https:\/\/www.llproducts.com\/fr-fr\/wp-content\/uploads\/sites\/16\/2024\/10\/csm_llp_solutions_header_bond_6ab3c2aa1f.jpg\" \/>\n\t<meta property=\"og:image:width\" content=\"1800\" \/>\n\t<meta property=\"og:image:height\" content=\"567\" \/>\n\t<meta property=\"og:image:type\" content=\"image\/jpeg\" \/>\n<meta name=\"twitter:card\" content=\"summary_large_image\" \/>\n<meta name=\"twitter:label1\" content=\"Est. reading time\" \/>\n\t<meta name=\"twitter:data1\" content=\"10 minutes\" \/>\n<script type=\"application\/ld+json\" class=\"yoast-schema-graph\">{\"@context\":\"https:\\\/\\\/schema.org\",\"@graph\":[{\"@type\":\"WebPage\",\"@id\":\"https:\\\/\\\/www.llproducts.com\\\/fr-fr\\\/produits-et-solutions\\\/ll-products-solutions-offerings\\\/ll-bond\\\/\",\"url\":\"https:\\\/\\\/www.llproducts.com\\\/fr-fr\\\/produits-et-solutions\\\/ll-products-solutions-offerings\\\/ll-bond\\\/\",\"name\":\"L&amp;L Bond - L&amp;L Products - Ing\u00e9nierie appliqu\u00e9e &amp; Science des mat\u00e9riaux\",\"isPartOf\":{\"@id\":\"https:\\\/\\\/www.llproducts.com\\\/fr-fr\\\/#website\"},\"primaryImageOfPage\":{\"@id\":\"https:\\\/\\\/www.llproducts.com\\\/fr-fr\\\/produits-et-solutions\\\/ll-products-solutions-offerings\\\/ll-bond\\\/#primaryimage\"},\"image\":{\"@id\":\"https:\\\/\\\/www.llproducts.com\\\/fr-fr\\\/produits-et-solutions\\\/ll-products-solutions-offerings\\\/ll-bond\\\/#primaryimage\"},\"thumbnailUrl\":\"https:\\\/\\\/www.llproducts.com\\\/fr-fr\\\/wp-content\\\/uploads\\\/sites\\\/16\\\/2024\\\/10\\\/csm_llp_solutions_header_bond_6ab3c2aa1f.jpg\",\"datePublished\":\"2024-10-24T20:45:21+00:00\",\"dateModified\":\"2026-04-16T17:10:56+00:00\",\"breadcrumb\":{\"@id\":\"https:\\\/\\\/www.llproducts.com\\\/fr-fr\\\/produits-et-solutions\\\/ll-products-solutions-offerings\\\/ll-bond\\\/#breadcrumb\"},\"inLanguage\":\"fr-FR\",\"potentialAction\":[{\"@type\":\"ReadAction\",\"target\":[\"https:\\\/\\\/www.llproducts.com\\\/fr-fr\\\/produits-et-solutions\\\/ll-products-solutions-offerings\\\/ll-bond\\\/\"]}]},{\"@type\":\"ImageObject\",\"inLanguage\":\"fr-FR\",\"@id\":\"https:\\\/\\\/www.llproducts.com\\\/fr-fr\\\/produits-et-solutions\\\/ll-products-solutions-offerings\\\/ll-bond\\\/#primaryimage\",\"url\":\"https:\\\/\\\/www.llproducts.com\\\/fr-fr\\\/wp-content\\\/uploads\\\/sites\\\/16\\\/2024\\\/10\\\/csm_llp_solutions_header_bond_6ab3c2aa1f.jpg\",\"contentUrl\":\"https:\\\/\\\/www.llproducts.com\\\/fr-fr\\\/wp-content\\\/uploads\\\/sites\\\/16\\\/2024\\\/10\\\/csm_llp_solutions_header_bond_6ab3c2aa1f.jpg\",\"width\":1800,\"height\":567,\"caption\":\"L&L Bond\"},{\"@type\":\"BreadcrumbList\",\"@id\":\"https:\\\/\\\/www.llproducts.com\\\/fr-fr\\\/produits-et-solutions\\\/ll-products-solutions-offerings\\\/ll-bond\\\/#breadcrumb\",\"itemListElement\":[{\"@type\":\"ListItem\",\"position\":1,\"name\":\"Home\",\"item\":\"https:\\\/\\\/www.llproducts.com\\\/fr-fr\\\/\"},{\"@type\":\"ListItem\",\"position\":2,\"name\":\"Produits et solutions\",\"item\":\"https:\\\/\\\/www.llproducts.com\\\/fr-fr\\\/produits-et-solutions\\\/\"},{\"@type\":\"ListItem\",\"position\":3,\"name\":\"L&#038;L Products Solutions\",\"item\":\"https:\\\/\\\/www.llproducts.com\\\/fr-fr\\\/produits-et-solutions\\\/ll-products-solutions-offerings\\\/\"},{\"@type\":\"ListItem\",\"position\":4,\"name\":\"L&amp;L Bond\"}]},{\"@type\":\"WebSite\",\"@id\":\"https:\\\/\\\/www.llproducts.com\\\/fr-fr\\\/#website\",\"url\":\"https:\\\/\\\/www.llproducts.com\\\/fr-fr\\\/\",\"name\":\"L&amp;L Products - Ing\u00e9nierie appliqu\u00e9e &amp; Science des mat\u00e9riaux\",\"description\":\"\",\"potentialAction\":[{\"@type\":\"SearchAction\",\"target\":{\"@type\":\"EntryPoint\",\"urlTemplate\":\"https:\\\/\\\/www.llproducts.com\\\/fr-fr\\\/?s={search_term_string}\"},\"query-input\":{\"@type\":\"PropertyValueSpecification\",\"valueRequired\":true,\"valueName\":\"search_term_string\"}}],\"inLanguage\":\"fr-FR\"}]}<\/script>\n<!-- \/ Yoast SEO Premium plugin. -->","yoast_head_json":{"title":"L&amp;L Bond - L&amp;L Products - Ing\u00e9nierie appliqu\u00e9e &amp; Science des mat\u00e9riaux","robots":{"index":"index","follow":"follow","max-snippet":"max-snippet:-1","max-image-preview":"max-image-preview:large","max-video-preview":"max-video-preview:-1"},"canonical":"https:\/\/www.llproducts.com\/fr-fr\/produits-et-solutions\/ll-products-solutions-offerings\/ll-bond\/","og_locale":"fr_FR","og_type":"article","og_title":"L&amp;L Bond","og_url":"https:\/\/www.llproducts.com\/fr-fr\/produits-et-solutions\/ll-products-solutions-offerings\/ll-bond\/","og_site_name":"L&amp;L Products - Ing\u00e9nierie appliqu\u00e9e &amp; Science des mat\u00e9riaux","article_modified_time":"2026-04-16T17:10:56+00:00","og_image":[{"width":1800,"height":567,"url":"https:\/\/www.llproducts.com\/fr-fr\/wp-content\/uploads\/sites\/16\/2024\/10\/csm_llp_solutions_header_bond_6ab3c2aa1f.jpg","type":"image\/jpeg"}],"twitter_card":"summary_large_image","twitter_misc":{"Est. reading time":"10 minutes"},"schema":{"@context":"https:\/\/schema.org","@graph":[{"@type":"WebPage","@id":"https:\/\/www.llproducts.com\/fr-fr\/produits-et-solutions\/ll-products-solutions-offerings\/ll-bond\/","url":"https:\/\/www.llproducts.com\/fr-fr\/produits-et-solutions\/ll-products-solutions-offerings\/ll-bond\/","name":"L&amp;L Bond - L&amp;L Products - Ing\u00e9nierie appliqu\u00e9e &amp; Science des mat\u00e9riaux","isPartOf":{"@id":"https:\/\/www.llproducts.com\/fr-fr\/#website"},"primaryImageOfPage":{"@id":"https:\/\/www.llproducts.com\/fr-fr\/produits-et-solutions\/ll-products-solutions-offerings\/ll-bond\/#primaryimage"},"image":{"@id":"https:\/\/www.llproducts.com\/fr-fr\/produits-et-solutions\/ll-products-solutions-offerings\/ll-bond\/#primaryimage"},"thumbnailUrl":"https:\/\/www.llproducts.com\/fr-fr\/wp-content\/uploads\/sites\/16\/2024\/10\/csm_llp_solutions_header_bond_6ab3c2aa1f.jpg","datePublished":"2024-10-24T20:45:21+00:00","dateModified":"2026-04-16T17:10:56+00:00","breadcrumb":{"@id":"https:\/\/www.llproducts.com\/fr-fr\/produits-et-solutions\/ll-products-solutions-offerings\/ll-bond\/#breadcrumb"},"inLanguage":"fr-FR","potentialAction":[{"@type":"ReadAction","target":["https:\/\/www.llproducts.com\/fr-fr\/produits-et-solutions\/ll-products-solutions-offerings\/ll-bond\/"]}]},{"@type":"ImageObject","inLanguage":"fr-FR","@id":"https:\/\/www.llproducts.com\/fr-fr\/produits-et-solutions\/ll-products-solutions-offerings\/ll-bond\/#primaryimage","url":"https:\/\/www.llproducts.com\/fr-fr\/wp-content\/uploads\/sites\/16\/2024\/10\/csm_llp_solutions_header_bond_6ab3c2aa1f.jpg","contentUrl":"https:\/\/www.llproducts.com\/fr-fr\/wp-content\/uploads\/sites\/16\/2024\/10\/csm_llp_solutions_header_bond_6ab3c2aa1f.jpg","width":1800,"height":567,"caption":"L&L Bond"},{"@type":"BreadcrumbList","@id":"https:\/\/www.llproducts.com\/fr-fr\/produits-et-solutions\/ll-products-solutions-offerings\/ll-bond\/#breadcrumb","itemListElement":[{"@type":"ListItem","position":1,"name":"Home","item":"https:\/\/www.llproducts.com\/fr-fr\/"},{"@type":"ListItem","position":2,"name":"Produits et solutions","item":"https:\/\/www.llproducts.com\/fr-fr\/produits-et-solutions\/"},{"@type":"ListItem","position":3,"name":"L&#038;L Products Solutions","item":"https:\/\/www.llproducts.com\/fr-fr\/produits-et-solutions\/ll-products-solutions-offerings\/"},{"@type":"ListItem","position":4,"name":"L&amp;L Bond"}]},{"@type":"WebSite","@id":"https:\/\/www.llproducts.com\/fr-fr\/#website","url":"https:\/\/www.llproducts.com\/fr-fr\/","name":"L&amp;L Products - Ing\u00e9nierie appliqu\u00e9e &amp; Science des mat\u00e9riaux","description":"","potentialAction":[{"@type":"SearchAction","target":{"@type":"EntryPoint","urlTemplate":"https:\/\/www.llproducts.com\/fr-fr\/?s={search_term_string}"},"query-input":{"@type":"PropertyValueSpecification","valueRequired":true,"valueName":"search_term_string"}}],"inLanguage":"fr-FR"}]}},"_links":{"self":[{"href":"https:\/\/www.llproducts.com\/fr-fr\/wp-json\/wp\/v2\/pages\/10112","targetHints":{"allow":["GET"]}}],"collection":[{"href":"https:\/\/www.llproducts.com\/fr-fr\/wp-json\/wp\/v2\/pages"}],"about":[{"href":"https:\/\/www.llproducts.com\/fr-fr\/wp-json\/wp\/v2\/types\/page"}],"author":[{"embeddable":true,"href":"https:\/\/www.llproducts.com\/fr-fr\/wp-json\/wp\/v2\/users\/4"}],"replies":[{"embeddable":true,"href":"https:\/\/www.llproducts.com\/fr-fr\/wp-json\/wp\/v2\/comments?post=10112"}],"version-history":[{"count":0,"href":"https:\/\/www.llproducts.com\/fr-fr\/wp-json\/wp\/v2\/pages\/10112\/revisions"}],"up":[{"embeddable":true,"href":"https:\/\/www.llproducts.com\/fr-fr\/wp-json\/wp\/v2\/pages\/118"}],"wp:featuredmedia":[{"embeddable":true,"href":"https:\/\/www.llproducts.com\/fr-fr\/wp-json\/wp\/v2\/media\/10114"}],"wp:attachment":[{"href":"https:\/\/www.llproducts.com\/fr-fr\/wp-json\/wp\/v2\/media?parent=10112"}],"curies":[{"name":"wp","href":"https:\/\/api.w.org\/{rel}","templated":true}]}}