{"id":10196,"date":"2024-10-25T20:29:57","date_gmt":"2024-10-25T20:29:57","guid":{"rendered":"https:\/\/llproducts1.wpenginepowered.com\/fr-fr\/?page_id=10196"},"modified":"2026-04-16T17:10:50","modified_gmt":"2026-04-16T17:10:50","slug":"ll-thermal","status":"publish","type":"page","link":"https:\/\/www.llproducts.com\/fr-fr\/produits-et-solutions\/ll-products-solutions-offerings\/ll-thermal\/","title":{"rendered":"L&#038;L Thermal"},"content":{"rendered":"<div class=\"et_pb_section_0 et_pb_section et_section_regular et_block_section\"><div class=\"et_pb_row_0 et_pb_row et_pb_gutters1 et_block_row inner-title-row\"><div class=\"et_pb_column_0 et_pb_column et_pb_column_2_3 et_block_column et_pb_css_mix_blend_mode_passthrough\"><div class=\"et_pb_image_0 et_pb_image et_pb_module et_block_module\"><span class=\"et_pb_image_wrap\"><img decoding=\"async\" data-src=\"https:\/\/www.llproducts.com\/fr-fr\/wp-content\/uploads\/sites\/16\/2025\/05\/LL-Thermal-Header.png\" width=\"1920\" height=\"1080\" data-srcset=\"https:\/\/www.llproducts.com\/fr-fr\/wp-content\/uploads\/sites\/16\/2025\/05\/LL-Thermal-Header.png 1920w, https:\/\/www.llproducts.com\/fr-fr\/wp-content\/uploads\/sites\/16\/2025\/05\/LL-Thermal-Header-1280x720.png 1280w, https:\/\/www.llproducts.com\/fr-fr\/wp-content\/uploads\/sites\/16\/2025\/05\/LL-Thermal-Header-980x551.png 980w, https:\/\/www.llproducts.com\/fr-fr\/wp-content\/uploads\/sites\/16\/2025\/05\/LL-Thermal-Header-480x270.png 480w\" data-sizes=\"auto\" class=\"wp-image-12992 lazyload\" title=\"LL Thermal Header\" src=\"data:image\/svg+xml;base64,PHN2ZyB3aWR0aD0iMSIgaGVpZ2h0PSIxIiB4bWxucz0iaHR0cDovL3d3dy53My5vcmcvMjAwMC9zdmciPjwvc3ZnPg==\" style=\"--smush-placeholder-width: 1920px; --smush-placeholder-aspect-ratio: 1920\/1080;\" data-original-sizes=\"(min-width: 0px) and (max-width: 480px) 480px, (min-width: 481px) and (max-width: 980px) 980px, (min-width: 981px) and (max-width: 1280px) 1280px, (min-width: 1281px) 1920px, 100vw\" \/><\/span><\/div><\/div><div class=\"et_pb_column_1 et_pb_column et_pb_column_1_3 et-last-child et_block_column et_pb_css_mix_blend_mode_passthrough et_animated inner-title-col alt-title-col\"><div class=\"et_pb_text_0 et_pb_text et_pb_bg_layout_dark et_pb_module et_block_module\"><div class=\"et_pb_text_inner\"><p>L&amp;L THERMAL<\/p>\n<\/div><\/div><div class=\"et_pb_text_1 et_pb_text et_pb_bg_layout_dark et_pb_module et_block_module inner-title-2\"><div class=\"et_pb_text_inner\"><h1>Fait pour la chaleur<\/h1>\n<\/div><\/div><div class=\"et_pb_text_2 et_pb_text et_pb_bg_layout_dark et_pb_module et_block_module\"><div class=\"et_pb_text_inner\"><p>Les solutions de gestion thermique de L&amp;L sont con\u00e7ues pour r\u00e9guler la temp\u00e9rature en dissipant, en isolant ou en redirigeant la chaleur afin de garantir des performances optimales et la long\u00e9vit\u00e9 des composants.<\/p>\n<\/div><\/div><\/div><\/div><div class=\"et_pb_row_1 et_pb_row et_block_row\"><div class=\"et_pb_column_2 et_pb_column et_pb_column_4_4 et-last-child et_block_column et_pb_css_mix_blend_mode_passthrough\"><div class=\"et_pb_sidebar_0 et_pb_widget_area clearfix et_pb_widget_area_left et_pb_bg_layout_light et_pb_sidebar_no_border et_pb_module et_block_module breadcrumbs\"><div id=\"block-10\" class=\"et_pb_widget widget_block\"><div class=\"yoast-breadcrumbs\"><span><span><a href=\"https:\/\/www.llproducts.com\/fr-fr\/\">Home<\/a><\/span> <span aria-hidden=\"true\" data-icon=\"\ue93c\" class=\"icomoon icon-chevron-right\"><\/span> <span><a href=\"https:\/\/www.llproducts.com\/fr-fr\/produits-et-solutions\/\">Produits et solutions<\/a><\/span> <span aria-hidden=\"true\" data-icon=\"\ue93c\" class=\"icomoon icon-chevron-right\"><\/span> <span><a href=\"https:\/\/www.llproducts.com\/fr-fr\/produits-et-solutions\/ll-products-solutions-offerings\/\">L&#038;L Products Solutions<\/a><\/span> <span aria-hidden=\"true\" data-icon=\"\ue93c\" class=\"icomoon icon-chevron-right\"><\/span> <span class=\"breadcrumb_last\" aria-current=\"page\">L&#038;L Thermal<\/span><\/span><\/div><\/div><\/div><\/div><\/div><div class=\"et_pb_row_2 et_pb_row et_pb_equal_columns et_pb_gutters2 et_block_row\"><div class=\"et_pb_column_3 et_pb_column et_pb_column_1_2 et_block_column et_pb_css_mix_blend_mode_passthrough\"><div class=\"et_pb_text_3 et_pb_text et_pb_bg_layout_light et_pb_module et_block_module\"><div class=\"et_pb_text_inner\"><h1>L&amp;L Thermal<\/h1>\n<h3><span>Isolation thermique optimis\u00e9e avec des produits sur mesure<\/span><\/h3>\n<\/div><\/div><div class=\"et_pb_text_4 et_pb_text et_pb_bg_layout_light et_pb_module et_block_module\"><div class=\"et_pb_text_inner\"><div class=\"ewa-rteLine\">\n<p><span>Les solutions thermiques de L&amp;L prot\u00e8gent les mat\u00e9riaux sensibles contre les temp\u00e9ratures extr\u00eames, prot\u00e8gent les composants contre la d\u00e9gradation thermique et maintiennent l'efficacit\u00e9 et le confort en \u00e9quilibrant le transfert de chaleur.<\/span><\/p>\n<p><span>Les r\u00e9glementations et directives gouvernementales strictes imposent des solutions de gestion thermique qui limitent l'impact sur l'environnement et la protection contre les \u00e9v\u00e9nements thermiques.<\/span><\/p>\n<p>Les solutions thermiques de L&amp;L peuvent aider \u00e0 r\u00e9pondre \u00e0 ces r\u00e9glementations pour les applications dans l'industrie du transport, tant pour les moteurs \u00e0 combustion interne que pour les v\u00e9hicules \u00e9lectriques \u00e0 batterie. En outre, dans les applications o\u00f9 des zones \u00e0 haute temp\u00e9rature doivent \u00eatre r\u00e9gul\u00e9es, les solutions thermiques de L&amp;L peuvent garantir que les syst\u00e8mes fonctionnent dans leur plage de temp\u00e9rature optimale.<\/p><\/div>\n<\/div><\/div><\/div><div class=\"et_pb_column_4 et_pb_column et_pb_column_1_2 et-last-child et_block_column et_pb_css_mix_blend_mode_passthrough et_animated\"><div class=\"et_pb_code_0 et_pb_code et_pb_text_align_center et_pb_module\"><div class=\"et_pb_code_inner\"><span style=\"font-size: 36px; color: #ffffff;\" aria-hidden=\"true\" data-icon=\"\ue7d7\" class=\"iconmoon icon-bubbles\"><\/span><\/div><\/div><div class=\"et_pb_text_5 et_pb_text et_pb_bg_layout_dark et_pb_module et_block_module et_pb_text_align_center\"><div class=\"et_pb_text_inner\"><h2 class=\"no-dot\">Discutons de votre projet<\/h2>\n<\/div><\/div><div class=\"et_pb_text_6 et_pb_text et_pb_bg_layout_dark et_pb_module et_block_module et_pb_text_align_center\"><div class=\"et_pb_text_inner\"><p><span>\u00cates-vous int\u00e9ress\u00e9 par nos solutions acoustiques ? Nous nous tennos \u00e0 votre disposition.<\/span><\/p>\n<\/div><\/div><div class=\"et_pb_module et_pb_button_module_wrapper et_pb_button_0_wrapper\"><a class=\"et_pb_button_0 et_pb_button et_pb_bg_layout_light et_pb_module et_block_module wht-btn popmake-9878\" href=\"#\">Nous contacter<\/a><\/div><\/div><\/div><\/div><div class=\"et_pb_section_1 et_pb_section et_section_regular et_block_section\"><div class=\"et_pb_row_3 et_pb_row et_block_row\"><div class=\"et_pb_column_5 et_pb_column et_pb_column_4_4 et-last-child et_block_column et_pb_css_mix_blend_mode_passthrough reveal-text\"><div class=\"et_pb_blurb_0 et_pb_blurb et_pb_bg_layout_dark et_pb_blurb_position_left et_pb_module et_block_module\"><div class=\"et_pb_blurb_content\"><div class=\"et_pb_main_blurb_image\"><span class=\"et_pb_image_wrap\"><span class=\"et-pb-icon\">=<\/span><\/span><\/div><div class=\"et_pb_blurb_container\"><h3 class=\"et_pb_module_header\">L&L EFS\u2122 Thermal<\/h3><div class=\"et_pb_blurb_description\"><p><span>Les solutions EFS\u2122 Thermal sont des plateformes thermiques ou thermo-acoustiques \u00e0 base de fibres techniques qui sont finies selon les exigences du client pour une performance thermique optimale.<\/span><\/p>\n<p><a class=\"et_pb_button et_pb_button_0 et_pb_bg_layout_light\" href=\"https:\/\/efs.llproducts.com\/fr-fr\/\" target=\"_blank\" rel=\"noopener\">En savoir plus<\/a><\/p>\n<\/div><\/div><\/div><\/div><\/div><\/div><div class=\"et_pb_row_4 et_pb_row et_block_row\"><div class=\"et_pb_column_6 et_pb_column et_pb_column_4_4 et-last-child et_block_column et_pb_css_mix_blend_mode_passthrough reveal-text\"><div class=\"et_pb_blurb_1 et_pb_blurb et_pb_bg_layout_dark et_pb_blurb_position_left et_pb_module et_block_module\"><div class=\"et_pb_blurb_content\"><div class=\"et_pb_main_blurb_image\"><span class=\"et_pb_image_wrap\"><span class=\"et-pb-icon\">=<\/span><\/span><\/div><div class=\"et_pb_blurb_container\"><h3 class=\"et_pb_module_header\">L&L DECI-TEX\u00ae<\/h3><div class=\"et_pb_blurb_description\"><p><span>La plateforme DECI-TEX\u00ae est une technologie thermique et thermo-acoustique \u00e0 base de fibres qui permet d'obtenir une large gamme de produits. Disponible en rouleaux et en feuilles, ce mat\u00e9riau est con\u00e7u pour offrir une isolation thermique et une absorption acoustique de qualit\u00e9 sup\u00e9rieure \u00e0 des poids et des \u00e9paisseurs moindres.<\/span><\/p>\n<p><a class=\"et_pb_button et_pb_button_0 et_pb_bg_layout_light\" href=\"https:\/\/decitex.llproducts.com\/fr-fr\/\" target=\"_blank\" rel=\"noopener\">En savoir plus<\/a><\/p>\n<\/div><\/div><\/div><\/div><\/div><\/div><div class=\"et_pb_row_5 et_pb_row et_block_row\"><div class=\"et_pb_column_7 et_pb_column et_pb_column_4_4 et-last-child et_block_column et_pb_css_mix_blend_mode_passthrough reveal-text\"><div class=\"et_pb_blurb_2 et_pb_blurb et_pb_bg_layout_dark et_pb_blurb_position_left et_pb_module et_block_module\"><div class=\"et_pb_blurb_content\"><div class=\"et_pb_main_blurb_image\"><span class=\"et_pb_image_wrap\"><span class=\"et-pb-icon\">=<\/span><\/span><\/div><div class=\"et_pb_blurb_container\"><h3 class=\"et_pb_module_header\">L&L InsituCore\u00ae<\/h3><div class=\"et_pb_blurb_description\"><p><span>La technologie de noyau moussant L&L InsituCore\u00ae est une famille de mat\u00e9riaux moussants monocomposants activ\u00e9s par la chaleur qui peuvent \u00eatre utilis\u00e9s pour cr\u00e9er des composites avec un noyau en mousse. L&L InsituCore\u00ae permet de cr\u00e9er des syst\u00e8mes qui offrent des solutions l\u00e9g\u00e8res de gestion thermique et des boucliers thermiques.<\/span><\/p>\n<p><a class=\"et_pb_button et_pb_button_0 et_pb_bg_layout_light\" href=\"https:\/\/insitucore.llproducts.com\/fr-fr\/\" target=\"_blank\" rel=\"noopener\">En savoir plus<\/a><\/p>\n<\/div><\/div><\/div><\/div><\/div><\/div><div class=\"et_pb_row_6 et_pb_row et_block_row\"><div class=\"et_pb_column_8 et_pb_column et_pb_column_4_4 et-last-child et_block_column et_pb_css_mix_blend_mode_passthrough reveal-text\"><div class=\"et_pb_blurb_3 et_pb_blurb et_pb_bg_layout_dark et_pb_blurb_position_left et_pb_module et_block_module\"><div class=\"et_pb_blurb_content\"><div class=\"et_pb_main_blurb_image\"><span class=\"et_pb_image_wrap\"><span class=\"et-pb-icon\">=<\/span><\/span><\/div><div class=\"et_pb_blurb_container\"><h3 class=\"et_pb_module_header\">CCubed\u00ae<\/h3><div class=\"et_pb_blurb_description\"><p><span>L&amp;L CCubed\u00ae, le mat\u00e9riau performant qui change la donne, est con\u00e7u pour optimiser le confort du porteur gr\u00e2ce \u00e0 une gestion de la transpiration in\u00e9dite et de premier ordre. Sa structure 3D respirante offre un amorti, permet \u00e0 la chaleur de s'\u00e9chapper, \u00e9vacue la sueur de la peau et cr\u00e9e un effet de refroidissement par \u00e9vaporation.<\/span><\/p>\n<p><a href=\"https:\/\/ccubed.llproducts.com\/fr-fr\/\" class=\"et_pb_button et_pb_button_0 et_pb_bg_layout_light\" target=\"_blank\" rel=\"noopener\">En savoir plus<\/a><\/p>\n<\/div><\/div><\/div><\/div><\/div><\/div><\/div><div class=\"et_pb_section_2 et_pb_section et_section_regular et_block_section\"><div class=\"et_pb_row_7 et_pb_row et_block_row\"><div class=\"et_pb_column_9 et_pb_column et_pb_column_4_4 et-last-child et_block_column et_pb_css_mix_blend_mode_passthrough\"><div class=\"et_pb_text_7 et_pb_text et_pb_bg_layout_light et_pb_module et_block_module\"><div class=\"et_pb_text_inner\"><h1>Nos actualit\u00e9s<\/h1>\n<\/div><\/div><\/div><\/div><div class=\"et_pb_row_8 et_pb_row et_block_row\"><div class=\"et_pb_column_10 et_pb_column et_pb_column_4_4 et-last-child et_block_column et_pb_css_mix_blend_mode_passthrough\"><div class=\"et_pb_code_1 et_pb_code et_pb_module\"><div class=\"et_pb_code_inner\"><script src=\"https:\/\/static.elfsight.com\/platform\/platform.js\" async><\/script>\n<div class=\"elfsight-app-72e28d3a-cb29-47b9-b42c-d9b80ca2705a\" data-elfsight-app-lazy><\/div><\/div><\/div><\/div><\/div><\/div>","protected":false},"excerpt":{"rendered":"","protected":false},"author":4,"featured_media":10198,"parent":118,"menu_order":0,"comment_status":"closed","ping_status":"closed","template":"","meta":{"_acf_changed":false,"inline_featured_image":false,"footnotes":""},"class_list":["post-10196","page","type-page","status-publish","has-post-thumbnail","hentry"],"acf":[],"dsm_author":{"name":"lafata","avatar_url":"https:\/\/secure.gravatar.com\/avatar\/66f6e75e3378137d9b1a20f7ad6c54aa6acecd8466704fadf5641de9af89b844?s=96&d=mm&r=g","archive_link":"https:\/\/www.llproducts.com\/fr-fr\/news-events\/author\/lafata\/","biodata":""},"dsm_categories":[],"dsm_attachment_categories":[],"dsm_featured_image":{"thumbnail":"https:\/\/www.llproducts.com\/fr-fr\/wp-content\/uploads\/sites\/16\/2024\/10\/thermal_shutterstock_1455249980_small-150x150.jpg","medium":"https:\/\/www.llproducts.com\/fr-fr\/wp-content\/uploads\/sites\/16\/2024\/10\/thermal_shutterstock_1455249980_small-300x169.jpg","medium_large":"https:\/\/www.llproducts.com\/fr-fr\/wp-content\/uploads\/sites\/16\/2024\/10\/thermal_shutterstock_1455249980_small-768x432.jpg","large":"https:\/\/www.llproducts.com\/fr-fr\/wp-content\/uploads\/sites\/16\/2024\/10\/thermal_shutterstock_1455249980_small-1024x576.jpg","1536x1536":"https:\/\/www.llproducts.com\/fr-fr\/wp-content\/uploads\/sites\/16\/2024\/10\/thermal_shutterstock_1455249980_small-1536x864.jpg","2048x2048":"https:\/\/www.llproducts.com\/fr-fr\/wp-content\/uploads\/sites\/16\/2024\/10\/thermal_shutterstock_1455249980_small.jpg","et-pb-post-main-image":"https:\/\/www.llproducts.com\/fr-fr\/wp-content\/uploads\/sites\/16\/2024\/10\/thermal_shutterstock_1455249980_small-400x250.jpg","et-pb-post-main-image-fullwidth":"https:\/\/www.llproducts.com\/fr-fr\/wp-content\/uploads\/sites\/16\/2024\/10\/thermal_shutterstock_1455249980_small-1080x675.jpg","et-pb-portfolio-image":"https:\/\/www.llproducts.com\/fr-fr\/wp-content\/uploads\/sites\/16\/2024\/10\/thermal_shutterstock_1455249980_small-400x284.jpg","et-pb-portfolio-module-image":"https:\/\/www.llproducts.com\/fr-fr\/wp-content\/uploads\/sites\/16\/2024\/10\/thermal_shutterstock_1455249980_small-510x382.jpg","et-pb-portfolio-image-single":"https:\/\/www.llproducts.com\/fr-fr\/wp-content\/uploads\/sites\/16\/2024\/10\/thermal_shutterstock_1455249980_small-1080x608.jpg","et-pb-gallery-module-image-portrait":"https:\/\/www.llproducts.com\/fr-fr\/wp-content\/uploads\/sites\/16\/2024\/10\/thermal_shutterstock_1455249980_small-400x516.jpg","et-pb-post-main-image-fullwidth-large":"https:\/\/www.llproducts.com\/fr-fr\/wp-content\/uploads\/sites\/16\/2024\/10\/thermal_shutterstock_1455249980_small.jpg","et-pb-image--responsive--desktop":"https:\/\/www.llproducts.com\/fr-fr\/wp-content\/uploads\/sites\/16\/2024\/10\/thermal_shutterstock_1455249980_small-1280x720.jpg","et-pb-image--responsive--tablet":"https:\/\/www.llproducts.com\/fr-fr\/wp-content\/uploads\/sites\/16\/2024\/10\/thermal_shutterstock_1455249980_small-980x552.jpg","et-pb-image--responsive--phone":"https:\/\/www.llproducts.com\/fr-fr\/wp-content\/uploads\/sites\/16\/2024\/10\/thermal_shutterstock_1455249980_small-480x270.jpg","gform-image-choice-sm":"https:\/\/www.llproducts.com\/fr-fr\/wp-content\/uploads\/sites\/16\/2024\/10\/thermal_shutterstock_1455249980_small.jpg","gform-image-choice-md":"https:\/\/www.llproducts.com\/fr-fr\/wp-content\/uploads\/sites\/16\/2024\/10\/thermal_shutterstock_1455249980_small.jpg","gform-image-choice-lg":"https:\/\/www.llproducts.com\/fr-fr\/wp-content\/uploads\/sites\/16\/2024\/10\/thermal_shutterstock_1455249980_small.jpg","full":"https:\/\/www.llproducts.com\/fr-fr\/wp-content\/uploads\/sites\/16\/2024\/10\/thermal_shutterstock_1455249980_small.jpg"},"yoast_head":"<!-- This site is optimized with the Yoast SEO Premium plugin v27.3 (Yoast SEO v27.4) - https:\/\/yoast.com\/product\/yoast-seo-premium-wordpress\/ -->\n<title>L&amp;L Thermal - L&amp;L Products - Ing\u00e9nierie appliqu\u00e9e &amp; Science des mat\u00e9riaux<\/title>\n<meta name=\"robots\" content=\"index, follow, max-snippet:-1, max-image-preview:large, max-video-preview:-1\" \/>\n<link rel=\"canonical\" href=\"https:\/\/www.llproducts.com\/fr-fr\/produits-et-solutions\/ll-products-solutions-offerings\/ll-thermal\/\" \/>\n<meta property=\"og:locale\" content=\"fr_FR\" \/>\n<meta property=\"og:type\" content=\"article\" \/>\n<meta property=\"og:title\" content=\"L&amp;L Thermal\" \/>\n<meta property=\"og:url\" content=\"https:\/\/www.llproducts.com\/fr-fr\/produits-et-solutions\/ll-products-solutions-offerings\/ll-thermal\/\" \/>\n<meta property=\"og:site_name\" content=\"L&amp;L Products - Ing\u00e9nierie appliqu\u00e9e &amp; Science des mat\u00e9riaux\" \/>\n<meta property=\"article:modified_time\" content=\"2026-04-16T17:10:50+00:00\" \/>\n<meta property=\"og:image\" content=\"https:\/\/www.llproducts.com\/fr-fr\/wp-content\/uploads\/sites\/16\/2024\/10\/thermal_shutterstock_1455249980_small.jpg\" \/>\n\t<meta property=\"og:image:width\" content=\"1800\" \/>\n\t<meta property=\"og:image:height\" content=\"1013\" \/>\n\t<meta property=\"og:image:type\" content=\"image\/jpeg\" \/>\n<meta name=\"twitter:card\" content=\"summary_large_image\" \/>\n<meta name=\"twitter:label1\" content=\"Est. reading time\" \/>\n\t<meta name=\"twitter:data1\" content=\"9 minutes\" \/>\n<script type=\"application\/ld+json\" class=\"yoast-schema-graph\">{\"@context\":\"https:\\\/\\\/schema.org\",\"@graph\":[{\"@type\":\"WebPage\",\"@id\":\"https:\\\/\\\/www.llproducts.com\\\/fr-fr\\\/produits-et-solutions\\\/ll-products-solutions-offerings\\\/ll-thermal\\\/\",\"url\":\"https:\\\/\\\/www.llproducts.com\\\/fr-fr\\\/produits-et-solutions\\\/ll-products-solutions-offerings\\\/ll-thermal\\\/\",\"name\":\"L&L Thermal - L&amp;L Products - Ing\u00e9nierie appliqu\u00e9e &amp; Science des mat\u00e9riaux\",\"isPartOf\":{\"@id\":\"https:\\\/\\\/www.llproducts.com\\\/fr-fr\\\/#website\"},\"primaryImageOfPage\":{\"@id\":\"https:\\\/\\\/www.llproducts.com\\\/fr-fr\\\/produits-et-solutions\\\/ll-products-solutions-offerings\\\/ll-thermal\\\/#primaryimage\"},\"image\":{\"@id\":\"https:\\\/\\\/www.llproducts.com\\\/fr-fr\\\/produits-et-solutions\\\/ll-products-solutions-offerings\\\/ll-thermal\\\/#primaryimage\"},\"thumbnailUrl\":\"https:\\\/\\\/www.llproducts.com\\\/fr-fr\\\/wp-content\\\/uploads\\\/sites\\\/16\\\/2024\\\/10\\\/thermal_shutterstock_1455249980_small.jpg\",\"datePublished\":\"2024-10-25T20:29:57+00:00\",\"dateModified\":\"2026-04-16T17:10:50+00:00\",\"breadcrumb\":{\"@id\":\"https:\\\/\\\/www.llproducts.com\\\/fr-fr\\\/produits-et-solutions\\\/ll-products-solutions-offerings\\\/ll-thermal\\\/#breadcrumb\"},\"inLanguage\":\"fr-FR\",\"potentialAction\":[{\"@type\":\"ReadAction\",\"target\":[\"https:\\\/\\\/www.llproducts.com\\\/fr-fr\\\/produits-et-solutions\\\/ll-products-solutions-offerings\\\/ll-thermal\\\/\"]}]},{\"@type\":\"ImageObject\",\"inLanguage\":\"fr-FR\",\"@id\":\"https:\\\/\\\/www.llproducts.com\\\/fr-fr\\\/produits-et-solutions\\\/ll-products-solutions-offerings\\\/ll-thermal\\\/#primaryimage\",\"url\":\"https:\\\/\\\/www.llproducts.com\\\/fr-fr\\\/wp-content\\\/uploads\\\/sites\\\/16\\\/2024\\\/10\\\/thermal_shutterstock_1455249980_small.jpg\",\"contentUrl\":\"https:\\\/\\\/www.llproducts.com\\\/fr-fr\\\/wp-content\\\/uploads\\\/sites\\\/16\\\/2024\\\/10\\\/thermal_shutterstock_1455249980_small.jpg\",\"width\":1800,\"height\":1013,\"caption\":\"Two men taking measurements of a car frame\"},{\"@type\":\"BreadcrumbList\",\"@id\":\"https:\\\/\\\/www.llproducts.com\\\/fr-fr\\\/produits-et-solutions\\\/ll-products-solutions-offerings\\\/ll-thermal\\\/#breadcrumb\",\"itemListElement\":[{\"@type\":\"ListItem\",\"position\":1,\"name\":\"Home\",\"item\":\"https:\\\/\\\/www.llproducts.com\\\/fr-fr\\\/\"},{\"@type\":\"ListItem\",\"position\":2,\"name\":\"Produits et solutions\",\"item\":\"https:\\\/\\\/www.llproducts.com\\\/fr-fr\\\/produits-et-solutions\\\/\"},{\"@type\":\"ListItem\",\"position\":3,\"name\":\"L&#038;L Products Solutions\",\"item\":\"https:\\\/\\\/www.llproducts.com\\\/fr-fr\\\/produits-et-solutions\\\/ll-products-solutions-offerings\\\/\"},{\"@type\":\"ListItem\",\"position\":4,\"name\":\"L&#038;L Thermal\"}]},{\"@type\":\"WebSite\",\"@id\":\"https:\\\/\\\/www.llproducts.com\\\/fr-fr\\\/#website\",\"url\":\"https:\\\/\\\/www.llproducts.com\\\/fr-fr\\\/\",\"name\":\"L&amp;L Products - Ing\u00e9nierie appliqu\u00e9e &amp; Science des mat\u00e9riaux\",\"description\":\"\",\"potentialAction\":[{\"@type\":\"SearchAction\",\"target\":{\"@type\":\"EntryPoint\",\"urlTemplate\":\"https:\\\/\\\/www.llproducts.com\\\/fr-fr\\\/?s={search_term_string}\"},\"query-input\":{\"@type\":\"PropertyValueSpecification\",\"valueRequired\":true,\"valueName\":\"search_term_string\"}}],\"inLanguage\":\"fr-FR\"}]}<\/script>\n<!-- \/ Yoast SEO Premium plugin. -->","yoast_head_json":{"title":"L&L Thermal - L&amp;L Products - Ing\u00e9nierie appliqu\u00e9e &amp; Science des mat\u00e9riaux","robots":{"index":"index","follow":"follow","max-snippet":"max-snippet:-1","max-image-preview":"max-image-preview:large","max-video-preview":"max-video-preview:-1"},"canonical":"https:\/\/www.llproducts.com\/fr-fr\/produits-et-solutions\/ll-products-solutions-offerings\/ll-thermal\/","og_locale":"fr_FR","og_type":"article","og_title":"L&L Thermal","og_url":"https:\/\/www.llproducts.com\/fr-fr\/produits-et-solutions\/ll-products-solutions-offerings\/ll-thermal\/","og_site_name":"L&amp;L Products - Ing\u00e9nierie appliqu\u00e9e &amp; Science des mat\u00e9riaux","article_modified_time":"2026-04-16T17:10:50+00:00","og_image":[{"width":1800,"height":1013,"url":"https:\/\/www.llproducts.com\/fr-fr\/wp-content\/uploads\/sites\/16\/2024\/10\/thermal_shutterstock_1455249980_small.jpg","type":"image\/jpeg"}],"twitter_card":"summary_large_image","twitter_misc":{"Est. reading time":"9 minutes"},"schema":{"@context":"https:\/\/schema.org","@graph":[{"@type":"WebPage","@id":"https:\/\/www.llproducts.com\/fr-fr\/produits-et-solutions\/ll-products-solutions-offerings\/ll-thermal\/","url":"https:\/\/www.llproducts.com\/fr-fr\/produits-et-solutions\/ll-products-solutions-offerings\/ll-thermal\/","name":"L&L Thermal - L&amp;L Products - Ing\u00e9nierie appliqu\u00e9e &amp; Science des mat\u00e9riaux","isPartOf":{"@id":"https:\/\/www.llproducts.com\/fr-fr\/#website"},"primaryImageOfPage":{"@id":"https:\/\/www.llproducts.com\/fr-fr\/produits-et-solutions\/ll-products-solutions-offerings\/ll-thermal\/#primaryimage"},"image":{"@id":"https:\/\/www.llproducts.com\/fr-fr\/produits-et-solutions\/ll-products-solutions-offerings\/ll-thermal\/#primaryimage"},"thumbnailUrl":"https:\/\/www.llproducts.com\/fr-fr\/wp-content\/uploads\/sites\/16\/2024\/10\/thermal_shutterstock_1455249980_small.jpg","datePublished":"2024-10-25T20:29:57+00:00","dateModified":"2026-04-16T17:10:50+00:00","breadcrumb":{"@id":"https:\/\/www.llproducts.com\/fr-fr\/produits-et-solutions\/ll-products-solutions-offerings\/ll-thermal\/#breadcrumb"},"inLanguage":"fr-FR","potentialAction":[{"@type":"ReadAction","target":["https:\/\/www.llproducts.com\/fr-fr\/produits-et-solutions\/ll-products-solutions-offerings\/ll-thermal\/"]}]},{"@type":"ImageObject","inLanguage":"fr-FR","@id":"https:\/\/www.llproducts.com\/fr-fr\/produits-et-solutions\/ll-products-solutions-offerings\/ll-thermal\/#primaryimage","url":"https:\/\/www.llproducts.com\/fr-fr\/wp-content\/uploads\/sites\/16\/2024\/10\/thermal_shutterstock_1455249980_small.jpg","contentUrl":"https:\/\/www.llproducts.com\/fr-fr\/wp-content\/uploads\/sites\/16\/2024\/10\/thermal_shutterstock_1455249980_small.jpg","width":1800,"height":1013,"caption":"Two men taking measurements of a car frame"},{"@type":"BreadcrumbList","@id":"https:\/\/www.llproducts.com\/fr-fr\/produits-et-solutions\/ll-products-solutions-offerings\/ll-thermal\/#breadcrumb","itemListElement":[{"@type":"ListItem","position":1,"name":"Home","item":"https:\/\/www.llproducts.com\/fr-fr\/"},{"@type":"ListItem","position":2,"name":"Produits et solutions","item":"https:\/\/www.llproducts.com\/fr-fr\/produits-et-solutions\/"},{"@type":"ListItem","position":3,"name":"L&#038;L Products Solutions","item":"https:\/\/www.llproducts.com\/fr-fr\/produits-et-solutions\/ll-products-solutions-offerings\/"},{"@type":"ListItem","position":4,"name":"L&#038;L Thermal"}]},{"@type":"WebSite","@id":"https:\/\/www.llproducts.com\/fr-fr\/#website","url":"https:\/\/www.llproducts.com\/fr-fr\/","name":"L&amp;L Products - Ing\u00e9nierie appliqu\u00e9e &amp; Science des mat\u00e9riaux","description":"","potentialAction":[{"@type":"SearchAction","target":{"@type":"EntryPoint","urlTemplate":"https:\/\/www.llproducts.com\/fr-fr\/?s={search_term_string}"},"query-input":{"@type":"PropertyValueSpecification","valueRequired":true,"valueName":"search_term_string"}}],"inLanguage":"fr-FR"}]}},"_links":{"self":[{"href":"https:\/\/www.llproducts.com\/fr-fr\/wp-json\/wp\/v2\/pages\/10196","targetHints":{"allow":["GET"]}}],"collection":[{"href":"https:\/\/www.llproducts.com\/fr-fr\/wp-json\/wp\/v2\/pages"}],"about":[{"href":"https:\/\/www.llproducts.com\/fr-fr\/wp-json\/wp\/v2\/types\/page"}],"author":[{"embeddable":true,"href":"https:\/\/www.llproducts.com\/fr-fr\/wp-json\/wp\/v2\/users\/4"}],"replies":[{"embeddable":true,"href":"https:\/\/www.llproducts.com\/fr-fr\/wp-json\/wp\/v2\/comments?post=10196"}],"version-history":[{"count":0,"href":"https:\/\/www.llproducts.com\/fr-fr\/wp-json\/wp\/v2\/pages\/10196\/revisions"}],"up":[{"embeddable":true,"href":"https:\/\/www.llproducts.com\/fr-fr\/wp-json\/wp\/v2\/pages\/118"}],"wp:featuredmedia":[{"embeddable":true,"href":"https:\/\/www.llproducts.com\/fr-fr\/wp-json\/wp\/v2\/media\/10198"}],"wp:attachment":[{"href":"https:\/\/www.llproducts.com\/fr-fr\/wp-json\/wp\/v2\/media?parent=10196"}],"curies":[{"name":"wp","href":"https:\/\/api.w.org\/{rel}","templated":true}]}}