{"id":451,"date":"2024-09-06T18:27:20","date_gmt":"2024-09-06T18:27:20","guid":{"rendered":"https:\/\/llproducts1.wpenginepowered.com\/fr-fr\/?page_id=451"},"modified":"2026-04-16T17:11:36","modified_gmt":"2026-04-16T17:11:36","slug":"entreprise","status":"publish","type":"page","link":"https:\/\/www.llproducts.com\/fr-fr\/entreprise\/","title":{"rendered":"Entreprise"},"content":{"rendered":"\n<div class=\"et_pb_section_0 et_pb_section et_section_regular et_block_section\"><div class=\"et_pb_row_0 et_pb_row et_pb_gutters1 et_block_row inner-title-row\"><div class=\"et_pb_column_0 et_pb_column et_pb_column_2_3 et_block_column et_pb_css_mix_blend_mode_passthrough\"><div class=\"et_pb_image_0 et_pb_image et_pb_module et_block_module\"><span class=\"et_pb_image_wrap\"><img decoding=\"async\" src=\"https:\/\/www.llproducts.com\/fr-fr\/wp-content\/uploads\/sites\/16\/2024\/09\/llp_company_overview_header_img.jpg\" alt=\"A man using a VR headset\" title=\"A man using a VR headset\" width=\"1480\" height=\"645\" srcset=\"https:\/\/www.llproducts.com\/fr-fr\/wp-content\/uploads\/sites\/16\/2024\/09\/llp_company_overview_header_img.jpg 1480w, https:\/\/www.llproducts.com\/fr-fr\/wp-content\/uploads\/sites\/16\/2024\/09\/llp_company_overview_header_img-1280x558.jpg 1280w, https:\/\/www.llproducts.com\/fr-fr\/wp-content\/uploads\/sites\/16\/2024\/09\/llp_company_overview_header_img-980x427.jpg 980w, https:\/\/www.llproducts.com\/fr-fr\/wp-content\/uploads\/sites\/16\/2024\/09\/llp_company_overview_header_img-480x209.jpg 480w\" sizes=\"(min-width: 0px) and (max-width: 480px) 480px, (min-width: 481px) and (max-width: 980px) 980px, (min-width: 981px) and (max-width: 1280px) 1280px, (min-width: 1281px) 1480px, 100vw\" class=\"wp-image-454\" \/><\/span><\/div><\/div><div class=\"et_pb_column_1 et_pb_column et_pb_column_1_3 et-last-child et_block_column et_pb_css_mix_blend_mode_passthrough et_animated inner-title-col\"><div class=\"et_pb_text_0 et_pb_text et_pb_bg_layout_dark et_pb_module et_block_module inner-title-2\"><div class=\"et_pb_text_inner\"><h1>Pouss\u00e9 par la<br \/>technologie<\/h1>\n<\/div><\/div><\/div><\/div><div class=\"et_pb_row_1 et_pb_row et_block_row\"><div class=\"et_pb_column_2 et_pb_column et_pb_column_4_4 et-last-child et_block_column et_pb_css_mix_blend_mode_passthrough\"><div class=\"et_pb_sidebar_0 et_pb_widget_area clearfix et_pb_widget_area_left et_pb_bg_layout_light et_pb_sidebar_no_border et_pb_module et_block_module breadcrumbs\"><div id=\"block-10\" class=\"et_pb_widget widget_block\"><div class=\"yoast-breadcrumbs\"><span><span><a href=\"https:\/\/www.llproducts.com\/fr-fr\/\">Home<\/a><\/span> <span aria-hidden=\"true\" data-icon=\"\ue93c\" class=\"icomoon icon-chevron-right\"><\/span> <span class=\"breadcrumb_last\" aria-current=\"page\">Entreprise<\/span><\/span><\/div><\/div><\/div><\/div><\/div><\/div><div class=\"et_pb_section_1 et_pb_section et_section_specialty et_pb_gutters3 et_block_section\" id=\"page-content\"><div class=\"et_pb_row et_pb_row-1-4_3-4 et_block_row\"><div class=\"et_pb_column_3 et_pb_column et_pb_column_single et_pb_column_1_4 et_block_column et_pb_css_mix_blend_mode_passthrough\"><div class=\"et_pb_sidebar_1 et_pb_widget_area clearfix et_pb_widget_area_left et_pb_bg_layout_light et_pb_sidebar_no_border et_pb_module et_block_module\"><div id=\"nav_menu-10\" class=\"et_pb_widget widget_nav_menu\"><div class=\"menu-company-menu-container\"><ul id=\"menu-company-menu\" class=\"menu\"><li id=\"menu-item-841\" class=\"menu-item menu-item-type-post_type menu-item-object-page menu-item-841\"><a href=\"https:\/\/www.llproducts.com\/fr-fr\/entreprise\/\">Entreprise<\/a><\/li>\n<li id=\"menu-item-839\" class=\"menu-item menu-item-type-post_type menu-item-object-page menu-item-839\"><a href=\"https:\/\/www.llproducts.com\/fr-fr\/entreprise\/linnovation\/\">L&rsquo;innovation<\/a><\/li>\n<li id=\"menu-item-840\" class=\"menu-item menu-item-type-post_type menu-item-object-page menu-item-840\"><a href=\"https:\/\/www.llproducts.com\/fr-fr\/entreprise\/valeurs-et-culture\/\">Valeurs et Culture<\/a><\/li>\n<li id=\"menu-item-908\" class=\"menu-item menu-item-type-post_type menu-item-object-page menu-item-908\"><a href=\"https:\/\/www.llproducts.com\/fr-fr\/entreprise\/histoire\/\">Histoire<\/a><\/li>\n<li id=\"menu-item-1071\" class=\"menu-item menu-item-type-post_type menu-item-object-page menu-item-1071\"><a href=\"https:\/\/www.llproducts.com\/fr-fr\/entreprise\/carriere\/\">Carri\u00e8re<\/a><\/li>\n<li id=\"menu-item-10779\" class=\"menu-item menu-item-type-post_type menu-item-object-page menu-item-10779\"><a href=\"https:\/\/www.llproducts.com\/fr-fr\/entreprise\/localisations\/\">Localisations<\/a><\/li>\n<li id=\"menu-item-1070\" class=\"menu-item menu-item-type-post_type menu-item-object-page menu-item-1070\"><a href=\"https:\/\/www.llproducts.com\/fr-fr\/entreprise\/fondation\/\">Fondation<\/a><\/li>\n<li id=\"menu-item-1069\" class=\"menu-item menu-item-type-post_type menu-item-object-page menu-item-1069\"><a href=\"https:\/\/www.llproducts.com\/fr-fr\/entreprise\/responsabilite-sociale-des-entreprises\/\">Responsabilit\u00e9 sociale des entreprises<\/a><\/li>\n<li id=\"menu-item-10780\" class=\"menu-item menu-item-type-post_type menu-item-object-page menu-item-10780\"><a href=\"https:\/\/www.llproducts.com\/fr-fr\/entreprise\/centre-de-ressources\/\">Documentation<\/a><\/li>\n<\/ul><\/div><\/div><\/div><\/div><div class=\"et_pb_column_4 et_pb_column et_pb_specialty_column et_pb_column_3_4 et-last-child et_block_column et_pb_css_mix_blend_mode_passthrough\"><div class=\"et_pb_row_inner_0 et_pb_row_inner et_block_row\"><div class=\"et_pb_column_inner_0 et_pb_column_inner et_pb_column et_pb_column_4_4 et-last-child et_block_column et_pb_css_mix_blend_mode_passthrough\"><div class=\"et_pb_text_1 et_pb_text et_pb_bg_layout_light et_animated et_pb_module et_block_module inner-title\"><div class=\"et_pb_text_inner\"><h1>Qui nous sommes<\/h1>\n<\/div><\/div><div class=\"et_pb_text_2 et_pb_text et_pb_bg_layout_light et_animated et_pb_module et_block_module\"><div class=\"et_pb_text_inner\"><p class=\"in-view\">En tant qu\u2019entreprise familiale \u00e0 vocation technologique op\u00e9rant sur le march\u00e9 du B2B, L&amp;L\u00a0Products\u00a0cr\u00e9e des solutions pour diverses applications n\u00e9cessitant une \u00e9tanch\u00e9it\u00e9 statique, une meilleure acoustique, une r\u00e9duction des vibrations, un renforcement structurel et des composants composites. L&amp;L\u00a0Products\u00a0a parcouru un long chemin depuis 1958 et sa cr\u00e9ation par Bob\u00a0Ligon\u00a0et Gene Lane, qui cuisaient leurs premiers produits dans le four de leur maison. Elle est aujourd\u2019hui une entreprise internationale exploitant des sites de production \u00e0 travers le monde.\u00a0\u00a0<\/p>\n<p class=\"in-view\">Nous avons acquis une exp\u00e9rience unique pour cr\u00e9er des solutions sur mesure et apporter une valeur ajout\u00e9e aux secteurs de l\u2019automobile, de l\u2019a\u00e9ronautique, des v\u00e9hicules commerciaux et du rail ainsi qu\u2019aux applications industrielles. Nous tenons beaucoup \u00e0 nos salari\u00e9s car ces derniers nous permettent de nous concentrer sur ce qui est important pour r\u00e9pondre aux besoins de nos clients\u202f: les valeurs d\u2019entreprise, la science des mat\u00e9riaux, une ing\u00e9nierie de pointe, le service client et une expertise de fabrication.\u00a0<\/p>\n<p class=\"in-view\">Avec des sites de production aux \u00c9tats-Unis, en Europe, en Chine, en Inde, en Turquie et au Br\u00e9sil, ainsi que des filiales op\u00e9rationnelles strat\u00e9giquement situ\u00e9es, nous avons une position optimale pour offrir une aide locale \u00e0 notre client\u00e8le mondiale. Actuellement, nous exp\u00e9dions nos produits dans plus de 30 pays, et employons plus de 1200 salari\u00e9s dans le monde entier.\u00a0<\/p>\n<\/div><\/div><\/div><\/div><div class=\"et_pb_row_inner_1 et_pb_row_inner et_pb_gutters1 et_block_row\"><div class=\"et_pb_column_inner_1 et_pb_column_inner et_pb_column et_pb_column_3_8 et_block_column et_pb_css_mix_blend_mode_passthrough\"><div class=\"et_pb_code_0 et_pb_code et_pb_module\"><\/div><\/div><div class=\"et_pb_column_inner_2 et_pb_column_inner et_pb_column et_pb_column_3_8 et-last-child et_block_column et_pb_css_mix_blend_mode_passthrough\"><div class=\"et_pb_text_3 et_pb_text et_pb_bg_layout_dark et_pb_module et_block_module\"><div class=\"et_pb_text_inner\"><p>L&amp;L Products - un endroit agr\u00e9able pour tous<\/p>\n<\/div><\/div><\/div><\/div><div class=\"et_pb_row_inner_2 et_pb_row_inner et_block_row\"><div class=\"et_pb_column_inner_3 et_pb_column_inner et_pb_column et_pb_column_4_4 et-last-child et_block_column et_pb_css_mix_blend_mode_passthrough\"><div class=\"et_pb_text_4 et_pb_text et_pb_bg_layout_light et_animated et_pb_module et_block_module\"><div class=\"et_pb_text_inner\"><h2>Que nous faisons<\/h2>\n<\/div><\/div><div class=\"et_pb_text_5 et_pb_text et_pb_bg_layout_light et_animated et_pb_module et_block_module\"><div class=\"et_pb_text_inner\"><p class=\"in-view\">Nous ne croyons pas\u00a0\u00e0\u00a0l\u2019approche \u00ab\u202ftaille unique\u202f\u00bb, nous sommes convaincus que tout projet m\u00e9rite une solution individuelle et sur mesure.\u00a0\u00a0<\/p>\n<p class=\"in-view\">Nous commen\u00e7ons toujours par comprendre les besoins et les exigences sp\u00e9cifiques de nos clients, afin d\u2019utiliser notre expertise et notre app\u00e9tence de la r\u00e9solution de probl\u00e8mes pour d\u00e9velopper la solution la plus appropri\u00e9e.\u00a0<\/p>\n<p class=\"in-view\">Nous investissons de mani\u00e8re continue dans la Recherche et le D\u00e9veloppement qui couvre la science des mat\u00e9riaux, la conception assist\u00e9e par ordinateur, l\u2019analyse des \u00e9l\u00e9ments finis, le prototypage, les essais et la technologie de production, afin de proposer \u00e0 notre client\u00e8le des produits \u00e0 la fois standardis\u00e9s et personnalis\u00e9s.\u00a0<\/p>\n<\/div><\/div><\/div><\/div><\/div><\/div><\/div><div class=\"et_pb_section_2 et_pb_section et_section_regular et_block_section\"><div class=\"et_pb_row_2 et_pb_row et_block_row\"><div class=\"et_pb_column_5 et_pb_column et_pb_column_4_4 et-last-child et_block_column et_pb_css_mix_blend_mode_passthrough\"><div class=\"et_pb_text_6 et_pb_text et_pb_bg_layout_light et_animated et_pb_module et_block_module inner-title-sm gry-line-divider\"><div class=\"et_pb_text_inner\"><h2>En savoir plus sur L&amp;L<\/h2>\n<\/div><\/div><\/div><\/div><div class=\"et_pb_row_3 et_pb_row et_block_row\"><div class=\"et_pb_column_6 et_pb_column et_pb_column_1_2 et_block_column et_pb_css_mix_blend_mode_passthrough et_animated\"><div class=\"et_pb_text_7 et_pb_text et_pb_bg_layout_light et_pb_module et_block_module\"><div class=\"et_pb_text_inner\"><h3>Valeurs et Culture<\/h3>\n<\/div><\/div><div class=\"et_pb_text_8 et_pb_text et_pb_bg_layout_light et_pb_module et_block_module\"><div class=\"et_pb_text_inner\"><p>Pour rester un endroit o\u00f9 il fait bon vivre pour tous, notre priorit\u00e9 absolue est l\u2019int\u00e9grit\u00e9 morale et interpersonnelle. Une s\u00e9rie de directives nous aide \u00e0 rester fid\u00e8le \u00e0 ces standards.<\/p>\n<\/div><\/div><div class=\"et_pb_module et_pb_button_module_wrapper et_pb_button_1_wrapper\"><a class=\"et_pb_button_1 et_pb_button et_pb_bg_layout_light et_pb_module et_block_module secondary\" href=\"\/fr-fr\/entreprise\/valeurs-et-culture\/\">Lire la suite<\/a><\/div><\/div><div class=\"et_pb_column_7 et_pb_column et_pb_column_1_2 et-last-child et_block_column et_pb_css_mix_blend_mode_passthrough et_animated\"><div class=\"et_pb_text_9 et_pb_text et_pb_bg_layout_light et_pb_module et_block_module\"><div class=\"et_pb_text_inner\"><h3>Histoire<\/h3>\n<\/div><\/div><div class=\"et_pb_text_10 et_pb_text et_pb_bg_layout_light et_pb_module et_block_module\"><div class=\"et_pb_text_inner\"><p>Nous avons plus de 60 ans d\u2019exp\u00e9rience en mati\u00e8re d\u2019ing\u00e9nierie et d\u2019innovation... Notre histoire continue son cours.<\/p>\n<\/div><\/div><div class=\"et_pb_module et_pb_button_module_wrapper et_pb_button_2_wrapper\"><a class=\"et_pb_button_2 et_pb_button et_pb_bg_layout_light et_pb_module et_block_module secondary\" href=\"\/fr-fr\/entreprise\/histoire\/\">Explorez notre histoire ici<\/a><\/div><\/div><\/div><div class=\"et_pb_row_4 et_pb_row et_block_row\"><div class=\"et_pb_column_8 et_pb_column et_pb_column_1_2 et_block_column et_pb_css_mix_blend_mode_passthrough et_animated\"><div class=\"et_pb_text_11 et_pb_text et_pb_bg_layout_light et_pb_module et_block_module\"><div class=\"et_pb_text_inner\"><h3>Localisations<\/h3>\n<\/div><\/div><div class=\"et_pb_text_12 et_pb_text et_pb_bg_layout_light et_pb_module et_block_module\"><div class=\"et_pb_text_inner\"><p>Nous offrons un service sur-mesure et une fabrication de premi\u00e8re classe pour tous nos clients \u00e0 travers le monde.<\/p>\n<\/div><\/div><div class=\"et_pb_module et_pb_button_module_wrapper et_pb_button_3_wrapper\"><a class=\"et_pb_button_3 et_pb_button et_pb_bg_layout_light et_pb_module et_block_module secondary\" href=\"\/fr-fr\/entreprise\/localisations\/\">Vous nous trouverez ici<\/a><\/div><\/div><div class=\"et_pb_column_9 et_pb_column et_pb_column_1_2 et-last-child et_block_column et_pb_css_mix_blend_mode_passthrough et_animated\"><div class=\"et_pb_text_13 et_pb_text et_pb_bg_layout_light et_pb_module et_block_module\"><div class=\"et_pb_text_inner\"><h3>Responsabilit\u00e9 sociale des entreprises<\/h3>\n<\/div><\/div><div class=\"et_pb_text_14 et_pb_text et_pb_bg_layout_light et_pb_module et_block_module\"><div class=\"et_pb_text_inner\"><p>L&amp;L\u2122 s'efforce d'\u00eatre une entreprise consciencieuse o\u00f9 la durabilit\u00e9, la s\u00e9curit\u00e9 et le soutien \u00e0 la communaut\u00e9 font partie int\u00e9grante de nos activit\u00e9s quotidiennes.<\/p>\n<\/div><\/div><div class=\"et_pb_module et_pb_button_module_wrapper et_pb_button_4_wrapper\"><a class=\"et_pb_button_4 et_pb_button et_pb_bg_layout_light et_pb_module et_block_module secondary\" href=\"\/fr-fr\/entreprise\/responsabilite-sociale-des-entreprises\/\">Comment nous poursuivons cela<\/a><\/div><\/div><\/div><\/div>\n","protected":false},"excerpt":{"rendered":"","protected":false},"author":4,"featured_media":454,"parent":0,"menu_order":0,"comment_status":"closed","ping_status":"closed","template":"","meta":{"_acf_changed":false,"inline_featured_image":false,"footnotes":""},"class_list":["post-451","page","type-page","status-publish","has-post-thumbnail","hentry"],"acf":[],"dsm_author":{"name":"lafata","avatar_url":"https:\/\/secure.gravatar.com\/avatar\/66f6e75e3378137d9b1a20f7ad6c54aa6acecd8466704fadf5641de9af89b844?s=96&d=mm&r=g","archive_link":"https:\/\/www.llproducts.com\/fr-fr\/news-events\/author\/lafata\/","biodata":""},"dsm_categories":[],"dsm_attachment_categories":[],"dsm_featured_image":{"thumbnail":"https:\/\/www.llproducts.com\/fr-fr\/wp-content\/uploads\/sites\/16\/2024\/09\/llp_company_overview_header_img-150x150.jpg","medium":"https:\/\/www.llproducts.com\/fr-fr\/wp-content\/uploads\/sites\/16\/2024\/09\/llp_company_overview_header_img-300x131.jpg","medium_large":"https:\/\/www.llproducts.com\/fr-fr\/wp-content\/uploads\/sites\/16\/2024\/09\/llp_company_overview_header_img-768x335.jpg","large":"https:\/\/www.llproducts.com\/fr-fr\/wp-content\/uploads\/sites\/16\/2024\/09\/llp_company_overview_header_img-1024x446.jpg","1536x1536":"https:\/\/www.llproducts.com\/fr-fr\/wp-content\/uploads\/sites\/16\/2024\/09\/llp_company_overview_header_img.jpg","2048x2048":"https:\/\/www.llproducts.com\/fr-fr\/wp-content\/uploads\/sites\/16\/2024\/09\/llp_company_overview_header_img.jpg","et-pb-post-main-image":"https:\/\/www.llproducts.com\/fr-fr\/wp-content\/uploads\/sites\/16\/2024\/09\/llp_company_overview_header_img-400x250.jpg","et-pb-post-main-image-fullwidth":"https:\/\/www.llproducts.com\/fr-fr\/wp-content\/uploads\/sites\/16\/2024\/09\/llp_company_overview_header_img-1080x645.jpg","et-pb-portfolio-image":"https:\/\/www.llproducts.com\/fr-fr\/wp-content\/uploads\/sites\/16\/2024\/09\/llp_company_overview_header_img-400x284.jpg","et-pb-portfolio-module-image":"https:\/\/www.llproducts.com\/fr-fr\/wp-content\/uploads\/sites\/16\/2024\/09\/llp_company_overview_header_img-510x382.jpg","et-pb-portfolio-image-single":"https:\/\/www.llproducts.com\/fr-fr\/wp-content\/uploads\/sites\/16\/2024\/09\/llp_company_overview_header_img-1080x471.jpg","et-pb-gallery-module-image-portrait":"https:\/\/www.llproducts.com\/fr-fr\/wp-content\/uploads\/sites\/16\/2024\/09\/llp_company_overview_header_img-400x516.jpg","et-pb-post-main-image-fullwidth-large":"https:\/\/www.llproducts.com\/fr-fr\/wp-content\/uploads\/sites\/16\/2024\/09\/llp_company_overview_header_img.jpg","et-pb-image--responsive--desktop":"https:\/\/www.llproducts.com\/fr-fr\/wp-content\/uploads\/sites\/16\/2024\/09\/llp_company_overview_header_img-1280x558.jpg","et-pb-image--responsive--tablet":"https:\/\/www.llproducts.com\/fr-fr\/wp-content\/uploads\/sites\/16\/2024\/09\/llp_company_overview_header_img-980x427.jpg","et-pb-image--responsive--phone":"https:\/\/www.llproducts.com\/fr-fr\/wp-content\/uploads\/sites\/16\/2024\/09\/llp_company_overview_header_img-480x209.jpg","gform-image-choice-sm":"https:\/\/www.llproducts.com\/fr-fr\/wp-content\/uploads\/sites\/16\/2024\/09\/llp_company_overview_header_img.jpg","gform-image-choice-md":"https:\/\/www.llproducts.com\/fr-fr\/wp-content\/uploads\/sites\/16\/2024\/09\/llp_company_overview_header_img.jpg","gform-image-choice-lg":"https:\/\/www.llproducts.com\/fr-fr\/wp-content\/uploads\/sites\/16\/2024\/09\/llp_company_overview_header_img.jpg","full":"https:\/\/www.llproducts.com\/fr-fr\/wp-content\/uploads\/sites\/16\/2024\/09\/llp_company_overview_header_img.jpg"},"yoast_head":"<!-- This site is optimized with the Yoast SEO Premium plugin v27.3 (Yoast SEO v27.4) - https:\/\/yoast.com\/product\/yoast-seo-premium-wordpress\/ -->\n<title>Entreprise - L&amp;L Products - Ing\u00e9nierie appliqu\u00e9e &amp; Science des mat\u00e9riaux<\/title>\n<meta name=\"robots\" content=\"index, follow, max-snippet:-1, max-image-preview:large, max-video-preview:-1\" \/>\n<link rel=\"canonical\" href=\"https:\/\/www.llproducts.com\/fr-fr\/entreprise\/\" \/>\n<meta property=\"og:locale\" content=\"fr_FR\" \/>\n<meta property=\"og:type\" content=\"article\" \/>\n<meta property=\"og:title\" content=\"Entreprise\" \/>\n<meta property=\"og:url\" content=\"https:\/\/www.llproducts.com\/fr-fr\/entreprise\/\" \/>\n<meta property=\"og:site_name\" content=\"L&amp;L Products - Ing\u00e9nierie appliqu\u00e9e &amp; Science des mat\u00e9riaux\" \/>\n<meta property=\"article:modified_time\" content=\"2026-04-16T17:11:36+00:00\" \/>\n<meta property=\"og:image\" content=\"https:\/\/www.llproducts.com\/fr-fr\/wp-content\/uploads\/sites\/16\/2024\/09\/llp_company_overview_header_img.jpg\" \/>\n\t<meta property=\"og:image:width\" content=\"1480\" \/>\n\t<meta property=\"og:image:height\" content=\"645\" \/>\n\t<meta property=\"og:image:type\" content=\"image\/jpeg\" \/>\n<meta name=\"twitter:card\" content=\"summary_large_image\" \/>\n<meta name=\"twitter:label1\" content=\"Est. reading time\" \/>\n\t<meta name=\"twitter:data1\" content=\"3 minutes\" \/>\n<script type=\"application\/ld+json\" class=\"yoast-schema-graph\">{\"@context\":\"https:\\\/\\\/schema.org\",\"@graph\":[{\"@type\":\"WebPage\",\"@id\":\"https:\\\/\\\/www.llproducts.com\\\/fr-fr\\\/entreprise\\\/\",\"url\":\"https:\\\/\\\/www.llproducts.com\\\/fr-fr\\\/entreprise\\\/\",\"name\":\"Entreprise - L&amp;L Products - Ing\u00e9nierie appliqu\u00e9e &amp; Science des mat\u00e9riaux\",\"isPartOf\":{\"@id\":\"https:\\\/\\\/www.llproducts.com\\\/fr-fr\\\/#website\"},\"primaryImageOfPage\":{\"@id\":\"https:\\\/\\\/www.llproducts.com\\\/fr-fr\\\/entreprise\\\/#primaryimage\"},\"image\":{\"@id\":\"https:\\\/\\\/www.llproducts.com\\\/fr-fr\\\/entreprise\\\/#primaryimage\"},\"thumbnailUrl\":\"https:\\\/\\\/www.llproducts.com\\\/fr-fr\\\/wp-content\\\/uploads\\\/sites\\\/16\\\/2024\\\/09\\\/llp_company_overview_header_img.jpg\",\"datePublished\":\"2024-09-06T18:27:20+00:00\",\"dateModified\":\"2026-04-16T17:11:36+00:00\",\"breadcrumb\":{\"@id\":\"https:\\\/\\\/www.llproducts.com\\\/fr-fr\\\/entreprise\\\/#breadcrumb\"},\"inLanguage\":\"fr-FR\",\"potentialAction\":[{\"@type\":\"ReadAction\",\"target\":[\"https:\\\/\\\/www.llproducts.com\\\/fr-fr\\\/entreprise\\\/\"]}]},{\"@type\":\"ImageObject\",\"inLanguage\":\"fr-FR\",\"@id\":\"https:\\\/\\\/www.llproducts.com\\\/fr-fr\\\/entreprise\\\/#primaryimage\",\"url\":\"https:\\\/\\\/www.llproducts.com\\\/fr-fr\\\/wp-content\\\/uploads\\\/sites\\\/16\\\/2024\\\/09\\\/llp_company_overview_header_img.jpg\",\"contentUrl\":\"https:\\\/\\\/www.llproducts.com\\\/fr-fr\\\/wp-content\\\/uploads\\\/sites\\\/16\\\/2024\\\/09\\\/llp_company_overview_header_img.jpg\",\"width\":1480,\"height\":645,\"caption\":\"A man using a VR headset\"},{\"@type\":\"BreadcrumbList\",\"@id\":\"https:\\\/\\\/www.llproducts.com\\\/fr-fr\\\/entreprise\\\/#breadcrumb\",\"itemListElement\":[{\"@type\":\"ListItem\",\"position\":1,\"name\":\"Home\",\"item\":\"https:\\\/\\\/www.llproducts.com\\\/fr-fr\\\/\"},{\"@type\":\"ListItem\",\"position\":2,\"name\":\"Entreprise\"}]},{\"@type\":\"WebSite\",\"@id\":\"https:\\\/\\\/www.llproducts.com\\\/fr-fr\\\/#website\",\"url\":\"https:\\\/\\\/www.llproducts.com\\\/fr-fr\\\/\",\"name\":\"L&amp;L Products - Ing\u00e9nierie appliqu\u00e9e &amp; Science des mat\u00e9riaux\",\"description\":\"\",\"potentialAction\":[{\"@type\":\"SearchAction\",\"target\":{\"@type\":\"EntryPoint\",\"urlTemplate\":\"https:\\\/\\\/www.llproducts.com\\\/fr-fr\\\/?s={search_term_string}\"},\"query-input\":{\"@type\":\"PropertyValueSpecification\",\"valueRequired\":true,\"valueName\":\"search_term_string\"}}],\"inLanguage\":\"fr-FR\"}]}<\/script>\n<!-- \/ Yoast SEO Premium plugin. -->","yoast_head_json":{"title":"Entreprise - L&amp;L Products - Ing\u00e9nierie appliqu\u00e9e &amp; Science des mat\u00e9riaux","robots":{"index":"index","follow":"follow","max-snippet":"max-snippet:-1","max-image-preview":"max-image-preview:large","max-video-preview":"max-video-preview:-1"},"canonical":"https:\/\/www.llproducts.com\/fr-fr\/entreprise\/","og_locale":"fr_FR","og_type":"article","og_title":"Entreprise","og_url":"https:\/\/www.llproducts.com\/fr-fr\/entreprise\/","og_site_name":"L&amp;L Products - Ing\u00e9nierie appliqu\u00e9e &amp; Science des mat\u00e9riaux","article_modified_time":"2026-04-16T17:11:36+00:00","og_image":[{"width":1480,"height":645,"url":"https:\/\/www.llproducts.com\/fr-fr\/wp-content\/uploads\/sites\/16\/2024\/09\/llp_company_overview_header_img.jpg","type":"image\/jpeg"}],"twitter_card":"summary_large_image","twitter_misc":{"Est. reading time":"3 minutes"},"schema":{"@context":"https:\/\/schema.org","@graph":[{"@type":"WebPage","@id":"https:\/\/www.llproducts.com\/fr-fr\/entreprise\/","url":"https:\/\/www.llproducts.com\/fr-fr\/entreprise\/","name":"Entreprise - L&amp;L Products - Ing\u00e9nierie appliqu\u00e9e &amp; Science des mat\u00e9riaux","isPartOf":{"@id":"https:\/\/www.llproducts.com\/fr-fr\/#website"},"primaryImageOfPage":{"@id":"https:\/\/www.llproducts.com\/fr-fr\/entreprise\/#primaryimage"},"image":{"@id":"https:\/\/www.llproducts.com\/fr-fr\/entreprise\/#primaryimage"},"thumbnailUrl":"https:\/\/www.llproducts.com\/fr-fr\/wp-content\/uploads\/sites\/16\/2024\/09\/llp_company_overview_header_img.jpg","datePublished":"2024-09-06T18:27:20+00:00","dateModified":"2026-04-16T17:11:36+00:00","breadcrumb":{"@id":"https:\/\/www.llproducts.com\/fr-fr\/entreprise\/#breadcrumb"},"inLanguage":"fr-FR","potentialAction":[{"@type":"ReadAction","target":["https:\/\/www.llproducts.com\/fr-fr\/entreprise\/"]}]},{"@type":"ImageObject","inLanguage":"fr-FR","@id":"https:\/\/www.llproducts.com\/fr-fr\/entreprise\/#primaryimage","url":"https:\/\/www.llproducts.com\/fr-fr\/wp-content\/uploads\/sites\/16\/2024\/09\/llp_company_overview_header_img.jpg","contentUrl":"https:\/\/www.llproducts.com\/fr-fr\/wp-content\/uploads\/sites\/16\/2024\/09\/llp_company_overview_header_img.jpg","width":1480,"height":645,"caption":"A man using a VR headset"},{"@type":"BreadcrumbList","@id":"https:\/\/www.llproducts.com\/fr-fr\/entreprise\/#breadcrumb","itemListElement":[{"@type":"ListItem","position":1,"name":"Home","item":"https:\/\/www.llproducts.com\/fr-fr\/"},{"@type":"ListItem","position":2,"name":"Entreprise"}]},{"@type":"WebSite","@id":"https:\/\/www.llproducts.com\/fr-fr\/#website","url":"https:\/\/www.llproducts.com\/fr-fr\/","name":"L&amp;L Products - Ing\u00e9nierie appliqu\u00e9e &amp; Science des mat\u00e9riaux","description":"","potentialAction":[{"@type":"SearchAction","target":{"@type":"EntryPoint","urlTemplate":"https:\/\/www.llproducts.com\/fr-fr\/?s={search_term_string}"},"query-input":{"@type":"PropertyValueSpecification","valueRequired":true,"valueName":"search_term_string"}}],"inLanguage":"fr-FR"}]}},"_links":{"self":[{"href":"https:\/\/www.llproducts.com\/fr-fr\/wp-json\/wp\/v2\/pages\/451","targetHints":{"allow":["GET"]}}],"collection":[{"href":"https:\/\/www.llproducts.com\/fr-fr\/wp-json\/wp\/v2\/pages"}],"about":[{"href":"https:\/\/www.llproducts.com\/fr-fr\/wp-json\/wp\/v2\/types\/page"}],"author":[{"embeddable":true,"href":"https:\/\/www.llproducts.com\/fr-fr\/wp-json\/wp\/v2\/users\/4"}],"replies":[{"embeddable":true,"href":"https:\/\/www.llproducts.com\/fr-fr\/wp-json\/wp\/v2\/comments?post=451"}],"version-history":[{"count":0,"href":"https:\/\/www.llproducts.com\/fr-fr\/wp-json\/wp\/v2\/pages\/451\/revisions"}],"wp:featuredmedia":[{"embeddable":true,"href":"https:\/\/www.llproducts.com\/fr-fr\/wp-json\/wp\/v2\/media\/454"}],"wp:attachment":[{"href":"https:\/\/www.llproducts.com\/fr-fr\/wp-json\/wp\/v2\/media?parent=451"}],"curies":[{"name":"wp","href":"https:\/\/api.w.org\/{rel}","templated":true}]}}