{"id":846,"date":"2024-09-26T20:18:54","date_gmt":"2024-09-26T20:18:54","guid":{"rendered":"https:\/\/llproducts1.wpenginepowered.com\/fr-fr\/?page_id=846"},"modified":"2026-04-16T17:11:26","modified_gmt":"2026-04-16T17:11:26","slug":"fondation","status":"publish","type":"page","link":"https:\/\/www.llproducts.com\/fr-fr\/entreprise\/fondation\/","title":{"rendered":"Fondation"},"content":{"rendered":"\n<div class=\"et_pb_section_0 et_pb_section et_section_regular et_block_section\"><div class=\"et_pb_row_0 et_pb_row et_pb_gutters1 et_block_row inner-title-row\"><div class=\"et_pb_column_0 et_pb_column et_pb_column_2_3 et_block_column et_pb_css_mix_blend_mode_passthrough\"><div class=\"et_pb_image_0 et_pb_image et_pb_module et_block_module\"><span class=\"et_pb_image_wrap\"><img decoding=\"async\" data-src=\"https:\/\/www.llproducts.com\/wp-content\/uploads\/2025\/12\/Foundations.png\" src=\"data:image\/svg+xml;base64,PHN2ZyB3aWR0aD0iMSIgaGVpZ2h0PSIxIiB4bWxucz0iaHR0cDovL3d3dy53My5vcmcvMjAwMC9zdmciPjwvc3ZnPg==\" class=\"lazyload\" \/><\/span><\/div><\/div><div class=\"et_pb_column_1 et_pb_column et_pb_column_1_3 et-last-child et_block_column et_pb_css_mix_blend_mode_passthrough et_animated inner-title-col alt-title-col\"><div class=\"et_pb_text_0 et_pb_text et_pb_bg_layout_dark et_pb_module et_block_module inner-title-2\"><div class=\"et_pb_text_inner\"><h1>Redonner<\/h1>\n<\/div><\/div><div class=\"et_pb_text_1 et_pb_text et_pb_bg_layout_dark et_pb_module et_block_module\"><div class=\"et_pb_text_inner\"><p>Fi\u00e8res de soutenir les communaut\u00e9s o\u00f9 elles sont implant\u00e9es, les fondations L&amp;L apportent depuis de nombreuses ann\u00e9es un soutien financier \u00e0 l'\u00e9ducation sous forme de bourses et de subventions.<\/p>\n<\/div><\/div><div class=\"et_pb_module et_pb_button_module_wrapper et_pb_button_0_wrapper\"><a class=\"et_pb_button_0 et_pb_button et_pb_bg_layout_light et_pb_module et_block_module wht-btn\" href=\"#apply\">Postulez maintenant<\/a><\/div><\/div><\/div><div class=\"et_pb_row_1 et_pb_row et_block_row\"><div class=\"et_pb_column_2 et_pb_column et_pb_column_4_4 et-last-child et_block_column et_pb_css_mix_blend_mode_passthrough\"><div class=\"et_pb_sidebar_0 et_pb_widget_area clearfix et_pb_widget_area_left et_pb_bg_layout_light et_pb_sidebar_no_border et_pb_module et_block_module breadcrumbs\"><div id=\"block-10\" class=\"et_pb_widget widget_block\"><div class=\"yoast-breadcrumbs\"><span><span><a href=\"https:\/\/www.llproducts.com\/fr-fr\/\">Home<\/a><\/span> <span aria-hidden=\"true\" data-icon=\"\ue93c\" class=\"icomoon icon-chevron-right\"><\/span> <span><a href=\"https:\/\/www.llproducts.com\/fr-fr\/entreprise\/\">Entreprise<\/a><\/span> <span aria-hidden=\"true\" data-icon=\"\ue93c\" class=\"icomoon icon-chevron-right\"><\/span> <span class=\"breadcrumb_last\" aria-current=\"page\">Fondation<\/span><\/span><\/div><\/div><\/div><\/div><\/div><\/div><div class=\"et_pb_section_1 et_pb_section et_section_specialty et_pb_gutters3 et_block_section\" id=\"page-content\"><div class=\"et_pb_row et_pb_row-1-4_3-4 et_block_row\"><div class=\"et_pb_column_3 et_pb_column et_pb_column_single et_pb_column_1_4 et_block_column et_pb_css_mix_blend_mode_passthrough\"><div class=\"et_pb_sidebar_1 et_pb_widget_area clearfix et_pb_widget_area_left et_pb_bg_layout_light et_pb_sidebar_no_border et_pb_module et_block_module\"><div id=\"nav_menu-10\" class=\"et_pb_widget widget_nav_menu\"><div class=\"menu-company-menu-container\"><ul id=\"menu-company-menu\" class=\"menu\"><li id=\"menu-item-841\" class=\"menu-item menu-item-type-post_type menu-item-object-page menu-item-841\"><a href=\"https:\/\/www.llproducts.com\/fr-fr\/entreprise\/\">Entreprise<\/a><\/li>\n<li id=\"menu-item-839\" class=\"menu-item menu-item-type-post_type menu-item-object-page menu-item-839\"><a href=\"https:\/\/www.llproducts.com\/fr-fr\/entreprise\/linnovation\/\">L&rsquo;innovation<\/a><\/li>\n<li id=\"menu-item-840\" class=\"menu-item menu-item-type-post_type menu-item-object-page menu-item-840\"><a href=\"https:\/\/www.llproducts.com\/fr-fr\/entreprise\/valeurs-et-culture\/\">Valeurs et Culture<\/a><\/li>\n<li id=\"menu-item-908\" class=\"menu-item menu-item-type-post_type menu-item-object-page menu-item-908\"><a href=\"https:\/\/www.llproducts.com\/fr-fr\/entreprise\/histoire\/\">Histoire<\/a><\/li>\n<li id=\"menu-item-1071\" class=\"menu-item menu-item-type-post_type menu-item-object-page menu-item-1071\"><a href=\"https:\/\/www.llproducts.com\/fr-fr\/entreprise\/carriere\/\">Carri\u00e8re<\/a><\/li>\n<li id=\"menu-item-10779\" class=\"menu-item menu-item-type-post_type menu-item-object-page menu-item-10779\"><a href=\"https:\/\/www.llproducts.com\/fr-fr\/entreprise\/localisations\/\">Localisations<\/a><\/li>\n<li id=\"menu-item-1070\" class=\"menu-item menu-item-type-post_type menu-item-object-page menu-item-1070\"><a href=\"https:\/\/www.llproducts.com\/fr-fr\/entreprise\/fondation\/\">Fondation<\/a><\/li>\n<li id=\"menu-item-1069\" class=\"menu-item menu-item-type-post_type menu-item-object-page menu-item-1069\"><a href=\"https:\/\/www.llproducts.com\/fr-fr\/entreprise\/responsabilite-sociale-des-entreprises\/\">Responsabilit\u00e9 sociale des entreprises<\/a><\/li>\n<li id=\"menu-item-10780\" class=\"menu-item menu-item-type-post_type menu-item-object-page menu-item-10780\"><a href=\"https:\/\/www.llproducts.com\/fr-fr\/entreprise\/centre-de-ressources\/\">Documentation<\/a><\/li>\n<\/ul><\/div><\/div><\/div><\/div><div class=\"et_pb_column_4 et_pb_column et_pb_specialty_column et_pb_column_3_4 et-last-child et_block_column et_pb_css_mix_blend_mode_passthrough\"><div class=\"et_pb_row_inner_0 et_pb_row_inner et_block_row\"><div class=\"et_pb_column_inner_0 et_pb_column_inner et_pb_column et_pb_column_4_4 et-last-child et_block_column et_pb_css_mix_blend_mode_passthrough\"><div class=\"et_pb_text_2 et_pb_text et_pb_bg_layout_light et_animated et_pb_module et_block_module inner-title\"><div class=\"et_pb_text_inner\"><h1>Soutenir nos<br \/>communaut\u00e9s<\/h1>\n<\/div><\/div><\/div><\/div><div class=\"et_pb_row_inner_1 et_pb_row_inner et_block_row\"><div class=\"et_pb_column_inner_1 et_pb_column_inner et_pb_column et_pb_column_3_8 et_block_column et_pb_css_mix_blend_mode_passthrough\"><div class=\"et_pb_text_3 et_pb_text et_pb_bg_layout_light et_pb_module et_block_module\"><div class=\"et_pb_text_inner\"><p>Fi\u00e8res de soutenir les communaut\u00e9s o\u00f9 le Groupe est pr\u00e9sent, les diff\u00e9rentes fondations L&amp;L offrent depuis des ann\u00e9es un soutien financier sous forme de bourses d\u2019\u00e9tudes.<\/p>\n<p>Tout a commenc\u00e9 en 1987 avec la fondation L&amp;L Educational Foundation. Robert M. Ligon et W. Eugene Lane, -fondateurs de L&amp;L Products, lanc\u00e8rent une fondation caritative pour aider les membres de la famille L&amp;L \u00e0 faire face aux co\u00fbts de la formation pour adultes.<\/p>\n<p>En 2018, la L&amp;L Products Foundation fut cr\u00e9\u00e9e par les enfants et petits-enfants de messieurs Ligon et Lane pour aider les membres de la famille L&amp;L hors des USA.<\/p>\n<\/div><\/div><\/div><div class=\"et_pb_column_inner_2 et_pb_column_inner et_pb_column et_pb_column_3_8 et-last-child et_block_column et_pb_css_mix_blend_mode_passthrough\"><div class=\"et_pb_image_1 et_pb_image et_pb_module et_block_module\"><span class=\"et_pb_image_wrap\"><img decoding=\"async\" src=\"https:\/\/llproducts1.wpenginepowered.com\/fr-fr\/wp-content\/uploads\/sites\/16\/2024\/09\/picture__5.jpg\" title=\"A young girl smiling\" alt=\"A collage of images with kids smiling\" \/><\/span><\/div><\/div><\/div><div class=\"et_pb_row_inner_2 et_pb_row_inner et_block_row\" id=\"apply\"><div class=\"et_pb_column_inner_3 et_pb_column_inner et_pb_column et_pb_column_4_4 et-last-child et_block_column et_pb_css_mix_blend_mode_passthrough\"><div class=\"et_pb_text_4 et_pb_text et_pb_bg_layout_dark et_animated et_pb_module et_block_module et_pb_text_align_center\"><div class=\"et_pb_text_inner\"><h2 class=\"text-center no-dot\">O\u00f9 \u00eates-vous situ\u00e9 ?<\/h2>\n<\/div><\/div><div class=\"et_pb_module et_pb_button_module_wrapper et_pb_button_1_wrapper\"><a class=\"et_pb_button_1 et_pb_button et_pb_bg_layout_light et_pb_module et_block_module wht-btn\" href=\"\/fr-fr\/entreprise\/fondation\/ll-educational-foundation\/\">North America<\/a><\/div><div class=\"et_pb_module et_pb_button_module_wrapper et_pb_button_2_wrapper\"><a class=\"et_pb_button_2 et_pb_button et_pb_bg_layout_light et_pb_module et_block_module wht-btn\" href=\"\/fr-fr\/entreprise\/fondation\/ll-products-foundation\/\">International<\/a><\/div><\/div><\/div><div class=\"et_pb_row_inner_3 et_pb_row_inner et_block_row\"><div class=\"et_pb_column_inner_4 et_pb_column_inner et_pb_column et_pb_column_3_8 et_block_column et_pb_css_mix_blend_mode_passthrough\"><div class=\"et_pb_image_2 et_pb_image et_pb_module et_block_module\"><span class=\"et_pb_image_wrap\"><img decoding=\"async\" src=\"https:\/\/llproducts1.wpenginepowered.com\/fr-fr\/wp-content\/uploads\/sites\/16\/2024\/09\/picture__2.jpg\" title=\"A young girl smiling\" alt=\"A young girl smiling\" \/><\/span><\/div><\/div><div class=\"et_pb_column_inner_5 et_pb_column_inner et_pb_column et_pb_column_3_8 et-last-child et_block_column et_pb_css_mix_blend_mode_passthrough\"><div class=\"et_pb_text_5 et_pb_text et_pb_bg_layout_light et_pb_module et_block_module\"><div class=\"et_pb_text_inner\"><div>\n<div class=\"illustration-item__text in-view\">\n<p>Ces\u202ffondations ont pour but d\u2019attribuer chaque ann\u00e9e -des bourses d\u2019\u00e9tudes pour un maximum de candidats m\u00e9ritants. Le programme aide \u00e0 financer les frais d\u2019inscription d\u2019une universit\u00e9, une \u00e9cole de commerce, un coll\u00e8ge d\u2019enseignement technique, un lyc\u00e9e professionnel ou toute autre institution pouvant pr\u00e9parer ou am\u00e9liorer son parcours professionnel.<\/p>\n<p>Chaque\u202ffois que cela est possible, les\u202ffondations \u0153uvrent en faveur des programmes STEM (Science, Technologie, Ing\u00e9nierie et Math\u00e9matiques) et des autres outils p\u00e9dagogiques dans les \u00e9coles locales \u00e0 travers un programme de bourse<\/p>\n<p><a href=\"https:\/\/thecountypress.mihomepaper.com\/articles\/imlay-city-middle-school-receives-grant-for-makerspace\/\" target=\"_blank\" rel=\"noopener noreferrer\">D\u00e9couvrez les b\u00e9n\u00e9ficiaires<\/a> de la subvention attribu\u00e9e par les Fondations\u00a0L&amp;L Products et comment cel\u00e0 aide les \u00e9tudiants\u00a0 \u00e0 d\u00e9velopper des comp\u00e9tences en pens\u00e9e critique, \u00e0 exprimer leur cr\u00e9ativit\u00e9 et \u00e0 renforcer leur engagement.\u201d<\/p>\n<\/div>\n<\/div>\n<\/div><\/div><\/div><\/div><\/div><\/div><\/div>\n","protected":false},"excerpt":{"rendered":"","protected":false},"author":4,"featured_media":11605,"parent":451,"menu_order":0,"comment_status":"closed","ping_status":"closed","template":"","meta":{"_acf_changed":false,"inline_featured_image":false,"footnotes":""},"class_list":["post-846","page","type-page","status-publish","has-post-thumbnail","hentry"],"acf":[],"dsm_author":{"name":"lafata","avatar_url":"https:\/\/secure.gravatar.com\/avatar\/66f6e75e3378137d9b1a20f7ad6c54aa6acecd8466704fadf5641de9af89b844?s=96&d=mm&r=g","archive_link":"https:\/\/www.llproducts.com\/fr-fr\/news-events\/author\/lafata\/","biodata":""},"dsm_categories":[],"dsm_attachment_categories":[],"dsm_featured_image":{"thumbnail":"https:\/\/www.llproducts.com\/fr-fr\/wp-content\/uploads\/sites\/16\/2024\/11\/Foundations-Header-Image-3-150x150.jpg","medium":"https:\/\/www.llproducts.com\/fr-fr\/wp-content\/uploads\/sites\/16\/2024\/11\/Foundations-Header-Image-3-300x169.jpg","medium_large":"https:\/\/www.llproducts.com\/fr-fr\/wp-content\/uploads\/sites\/16\/2024\/11\/Foundations-Header-Image-3-768x432.jpg","large":"https:\/\/www.llproducts.com\/fr-fr\/wp-content\/uploads\/sites\/16\/2024\/11\/Foundations-Header-Image-3-1024x576.jpg","1536x1536":"https:\/\/www.llproducts.com\/fr-fr\/wp-content\/uploads\/sites\/16\/2024\/11\/Foundations-Header-Image-3-1536x864.jpg","2048x2048":"https:\/\/www.llproducts.com\/fr-fr\/wp-content\/uploads\/sites\/16\/2024\/11\/Foundations-Header-Image-3.jpg","et-pb-post-main-image":"https:\/\/www.llproducts.com\/fr-fr\/wp-content\/uploads\/sites\/16\/2024\/11\/Foundations-Header-Image-3-400x250.jpg","et-pb-post-main-image-fullwidth":"https:\/\/www.llproducts.com\/fr-fr\/wp-content\/uploads\/sites\/16\/2024\/11\/Foundations-Header-Image-3-1080x675.jpg","et-pb-portfolio-image":"https:\/\/www.llproducts.com\/fr-fr\/wp-content\/uploads\/sites\/16\/2024\/11\/Foundations-Header-Image-3-400x284.jpg","et-pb-portfolio-module-image":"https:\/\/www.llproducts.com\/fr-fr\/wp-content\/uploads\/sites\/16\/2024\/11\/Foundations-Header-Image-3-510x382.jpg","et-pb-portfolio-image-single":"https:\/\/www.llproducts.com\/fr-fr\/wp-content\/uploads\/sites\/16\/2024\/11\/Foundations-Header-Image-3-1080x608.jpg","et-pb-gallery-module-image-portrait":"https:\/\/www.llproducts.com\/fr-fr\/wp-content\/uploads\/sites\/16\/2024\/11\/Foundations-Header-Image-3-400x516.jpg","et-pb-post-main-image-fullwidth-large":"https:\/\/www.llproducts.com\/fr-fr\/wp-content\/uploads\/sites\/16\/2024\/11\/Foundations-Header-Image-3.jpg","et-pb-image--responsive--desktop":"https:\/\/www.llproducts.com\/fr-fr\/wp-content\/uploads\/sites\/16\/2024\/11\/Foundations-Header-Image-3-1280x720.jpg","et-pb-image--responsive--tablet":"https:\/\/www.llproducts.com\/fr-fr\/wp-content\/uploads\/sites\/16\/2024\/11\/Foundations-Header-Image-3-980x551.jpg","et-pb-image--responsive--phone":"https:\/\/www.llproducts.com\/fr-fr\/wp-content\/uploads\/sites\/16\/2024\/11\/Foundations-Header-Image-3-480x270.jpg","gform-image-choice-sm":"https:\/\/www.llproducts.com\/fr-fr\/wp-content\/uploads\/sites\/16\/2024\/11\/Foundations-Header-Image-3.jpg","gform-image-choice-md":"https:\/\/www.llproducts.com\/fr-fr\/wp-content\/uploads\/sites\/16\/2024\/11\/Foundations-Header-Image-3.jpg","gform-image-choice-lg":"https:\/\/www.llproducts.com\/fr-fr\/wp-content\/uploads\/sites\/16\/2024\/11\/Foundations-Header-Image-3.jpg","full":"https:\/\/www.llproducts.com\/fr-fr\/wp-content\/uploads\/sites\/16\/2024\/11\/Foundations-Header-Image-3.jpg"},"yoast_head":"<!-- This site is optimized with the Yoast SEO Premium plugin v27.3 (Yoast SEO v27.4) - https:\/\/yoast.com\/product\/yoast-seo-premium-wordpress\/ -->\n<title>Fondation - L&amp;L Products - Ing\u00e9nierie appliqu\u00e9e &amp; Science des mat\u00e9riaux<\/title>\n<meta name=\"robots\" content=\"index, follow, max-snippet:-1, max-image-preview:large, max-video-preview:-1\" \/>\n<link rel=\"canonical\" href=\"https:\/\/www.llproducts.com\/fr-fr\/entreprise\/fondation\/\" \/>\n<meta property=\"og:locale\" content=\"fr_FR\" \/>\n<meta property=\"og:type\" content=\"article\" \/>\n<meta property=\"og:title\" content=\"Fondation\" \/>\n<meta property=\"og:url\" content=\"https:\/\/www.llproducts.com\/fr-fr\/entreprise\/fondation\/\" \/>\n<meta property=\"og:site_name\" content=\"L&amp;L Products - Ing\u00e9nierie appliqu\u00e9e &amp; Science des mat\u00e9riaux\" \/>\n<meta property=\"article:modified_time\" content=\"2026-04-16T17:11:26+00:00\" \/>\n<meta property=\"og:image\" content=\"https:\/\/www.llproducts.com\/fr-fr\/wp-content\/uploads\/sites\/16\/2024\/11\/Foundations-Header-Image-3.jpg\" \/>\n\t<meta property=\"og:image:width\" content=\"1920\" \/>\n\t<meta property=\"og:image:height\" content=\"1080\" \/>\n\t<meta property=\"og:image:type\" content=\"image\/jpeg\" \/>\n<meta name=\"twitter:card\" content=\"summary_large_image\" \/>\n<meta name=\"twitter:label1\" content=\"Est. reading time\" \/>\n\t<meta name=\"twitter:data1\" content=\"2 minutes\" \/>\n<script type=\"application\/ld+json\" class=\"yoast-schema-graph\">{\"@context\":\"https:\\\/\\\/schema.org\",\"@graph\":[{\"@type\":\"WebPage\",\"@id\":\"https:\\\/\\\/www.llproducts.com\\\/fr-fr\\\/entreprise\\\/fondation\\\/\",\"url\":\"https:\\\/\\\/www.llproducts.com\\\/fr-fr\\\/entreprise\\\/fondation\\\/\",\"name\":\"Fondation - L&amp;L Products - Ing\u00e9nierie appliqu\u00e9e &amp; Science des mat\u00e9riaux\",\"isPartOf\":{\"@id\":\"https:\\\/\\\/www.llproducts.com\\\/fr-fr\\\/#website\"},\"primaryImageOfPage\":{\"@id\":\"https:\\\/\\\/www.llproducts.com\\\/fr-fr\\\/entreprise\\\/fondation\\\/#primaryimage\"},\"image\":{\"@id\":\"https:\\\/\\\/www.llproducts.com\\\/fr-fr\\\/entreprise\\\/fondation\\\/#primaryimage\"},\"thumbnailUrl\":\"https:\\\/\\\/www.llproducts.com\\\/fr-fr\\\/wp-content\\\/uploads\\\/sites\\\/16\\\/2024\\\/11\\\/Foundations-Header-Image-3.jpg\",\"datePublished\":\"2024-09-26T20:18:54+00:00\",\"dateModified\":\"2026-04-16T17:11:26+00:00\",\"breadcrumb\":{\"@id\":\"https:\\\/\\\/www.llproducts.com\\\/fr-fr\\\/entreprise\\\/fondation\\\/#breadcrumb\"},\"inLanguage\":\"fr-FR\",\"potentialAction\":[{\"@type\":\"ReadAction\",\"target\":[\"https:\\\/\\\/www.llproducts.com\\\/fr-fr\\\/entreprise\\\/fondation\\\/\"]}]},{\"@type\":\"ImageObject\",\"inLanguage\":\"fr-FR\",\"@id\":\"https:\\\/\\\/www.llproducts.com\\\/fr-fr\\\/entreprise\\\/fondation\\\/#primaryimage\",\"url\":\"https:\\\/\\\/www.llproducts.com\\\/fr-fr\\\/wp-content\\\/uploads\\\/sites\\\/16\\\/2024\\\/11\\\/Foundations-Header-Image-3.jpg\",\"contentUrl\":\"https:\\\/\\\/www.llproducts.com\\\/fr-fr\\\/wp-content\\\/uploads\\\/sites\\\/16\\\/2024\\\/11\\\/Foundations-Header-Image-3.jpg\",\"width\":1920,\"height\":1080,\"caption\":\"A woman holding a microphone is speaking to a group of people\"},{\"@type\":\"BreadcrumbList\",\"@id\":\"https:\\\/\\\/www.llproducts.com\\\/fr-fr\\\/entreprise\\\/fondation\\\/#breadcrumb\",\"itemListElement\":[{\"@type\":\"ListItem\",\"position\":1,\"name\":\"Home\",\"item\":\"https:\\\/\\\/www.llproducts.com\\\/fr-fr\\\/\"},{\"@type\":\"ListItem\",\"position\":2,\"name\":\"Entreprise\",\"item\":\"https:\\\/\\\/www.llproducts.com\\\/fr-fr\\\/entreprise\\\/\"},{\"@type\":\"ListItem\",\"position\":3,\"name\":\"Fondation\"}]},{\"@type\":\"WebSite\",\"@id\":\"https:\\\/\\\/www.llproducts.com\\\/fr-fr\\\/#website\",\"url\":\"https:\\\/\\\/www.llproducts.com\\\/fr-fr\\\/\",\"name\":\"L&amp;L Products - Ing\u00e9nierie appliqu\u00e9e &amp; Science des mat\u00e9riaux\",\"description\":\"\",\"potentialAction\":[{\"@type\":\"SearchAction\",\"target\":{\"@type\":\"EntryPoint\",\"urlTemplate\":\"https:\\\/\\\/www.llproducts.com\\\/fr-fr\\\/?s={search_term_string}\"},\"query-input\":{\"@type\":\"PropertyValueSpecification\",\"valueRequired\":true,\"valueName\":\"search_term_string\"}}],\"inLanguage\":\"fr-FR\"}]}<\/script>\n<!-- \/ Yoast SEO Premium plugin. -->","yoast_head_json":{"title":"Fondation - L&amp;L Products - Ing\u00e9nierie appliqu\u00e9e &amp; Science des mat\u00e9riaux","robots":{"index":"index","follow":"follow","max-snippet":"max-snippet:-1","max-image-preview":"max-image-preview:large","max-video-preview":"max-video-preview:-1"},"canonical":"https:\/\/www.llproducts.com\/fr-fr\/entreprise\/fondation\/","og_locale":"fr_FR","og_type":"article","og_title":"Fondation","og_url":"https:\/\/www.llproducts.com\/fr-fr\/entreprise\/fondation\/","og_site_name":"L&amp;L Products - Ing\u00e9nierie appliqu\u00e9e &amp; Science des mat\u00e9riaux","article_modified_time":"2026-04-16T17:11:26+00:00","og_image":[{"width":1920,"height":1080,"url":"https:\/\/www.llproducts.com\/fr-fr\/wp-content\/uploads\/sites\/16\/2024\/11\/Foundations-Header-Image-3.jpg","type":"image\/jpeg"}],"twitter_card":"summary_large_image","twitter_misc":{"Est. reading time":"2 minutes"},"schema":{"@context":"https:\/\/schema.org","@graph":[{"@type":"WebPage","@id":"https:\/\/www.llproducts.com\/fr-fr\/entreprise\/fondation\/","url":"https:\/\/www.llproducts.com\/fr-fr\/entreprise\/fondation\/","name":"Fondation - L&amp;L Products - Ing\u00e9nierie appliqu\u00e9e &amp; Science des mat\u00e9riaux","isPartOf":{"@id":"https:\/\/www.llproducts.com\/fr-fr\/#website"},"primaryImageOfPage":{"@id":"https:\/\/www.llproducts.com\/fr-fr\/entreprise\/fondation\/#primaryimage"},"image":{"@id":"https:\/\/www.llproducts.com\/fr-fr\/entreprise\/fondation\/#primaryimage"},"thumbnailUrl":"https:\/\/www.llproducts.com\/fr-fr\/wp-content\/uploads\/sites\/16\/2024\/11\/Foundations-Header-Image-3.jpg","datePublished":"2024-09-26T20:18:54+00:00","dateModified":"2026-04-16T17:11:26+00:00","breadcrumb":{"@id":"https:\/\/www.llproducts.com\/fr-fr\/entreprise\/fondation\/#breadcrumb"},"inLanguage":"fr-FR","potentialAction":[{"@type":"ReadAction","target":["https:\/\/www.llproducts.com\/fr-fr\/entreprise\/fondation\/"]}]},{"@type":"ImageObject","inLanguage":"fr-FR","@id":"https:\/\/www.llproducts.com\/fr-fr\/entreprise\/fondation\/#primaryimage","url":"https:\/\/www.llproducts.com\/fr-fr\/wp-content\/uploads\/sites\/16\/2024\/11\/Foundations-Header-Image-3.jpg","contentUrl":"https:\/\/www.llproducts.com\/fr-fr\/wp-content\/uploads\/sites\/16\/2024\/11\/Foundations-Header-Image-3.jpg","width":1920,"height":1080,"caption":"A woman holding a microphone is speaking to a group of people"},{"@type":"BreadcrumbList","@id":"https:\/\/www.llproducts.com\/fr-fr\/entreprise\/fondation\/#breadcrumb","itemListElement":[{"@type":"ListItem","position":1,"name":"Home","item":"https:\/\/www.llproducts.com\/fr-fr\/"},{"@type":"ListItem","position":2,"name":"Entreprise","item":"https:\/\/www.llproducts.com\/fr-fr\/entreprise\/"},{"@type":"ListItem","position":3,"name":"Fondation"}]},{"@type":"WebSite","@id":"https:\/\/www.llproducts.com\/fr-fr\/#website","url":"https:\/\/www.llproducts.com\/fr-fr\/","name":"L&amp;L Products - Ing\u00e9nierie appliqu\u00e9e &amp; Science des mat\u00e9riaux","description":"","potentialAction":[{"@type":"SearchAction","target":{"@type":"EntryPoint","urlTemplate":"https:\/\/www.llproducts.com\/fr-fr\/?s={search_term_string}"},"query-input":{"@type":"PropertyValueSpecification","valueRequired":true,"valueName":"search_term_string"}}],"inLanguage":"fr-FR"}]}},"_links":{"self":[{"href":"https:\/\/www.llproducts.com\/fr-fr\/wp-json\/wp\/v2\/pages\/846","targetHints":{"allow":["GET"]}}],"collection":[{"href":"https:\/\/www.llproducts.com\/fr-fr\/wp-json\/wp\/v2\/pages"}],"about":[{"href":"https:\/\/www.llproducts.com\/fr-fr\/wp-json\/wp\/v2\/types\/page"}],"author":[{"embeddable":true,"href":"https:\/\/www.llproducts.com\/fr-fr\/wp-json\/wp\/v2\/users\/4"}],"replies":[{"embeddable":true,"href":"https:\/\/www.llproducts.com\/fr-fr\/wp-json\/wp\/v2\/comments?post=846"}],"version-history":[{"count":0,"href":"https:\/\/www.llproducts.com\/fr-fr\/wp-json\/wp\/v2\/pages\/846\/revisions"}],"up":[{"embeddable":true,"href":"https:\/\/www.llproducts.com\/fr-fr\/wp-json\/wp\/v2\/pages\/451"}],"wp:featuredmedia":[{"embeddable":true,"href":"https:\/\/www.llproducts.com\/fr-fr\/wp-json\/wp\/v2\/media\/11605"}],"wp:attachment":[{"href":"https:\/\/www.llproducts.com\/fr-fr\/wp-json\/wp\/v2\/media?parent=846"}],"curies":[{"name":"wp","href":"https:\/\/api.w.org\/{rel}","templated":true}]}}