{"id":911,"date":"2024-09-24T13:40:03","date_gmt":"2024-09-24T13:40:03","guid":{"rendered":"https:\/\/llproducts1.wpenginepowered.com\/fr-fr\/?page_id=911"},"modified":"2026-04-16T17:11:28","modified_gmt":"2026-04-16T17:11:28","slug":"carriere","status":"publish","type":"page","link":"https:\/\/www.llproducts.com\/fr-fr\/entreprise\/carriere\/","title":{"rendered":"Carri\u00e8re"},"content":{"rendered":"\n<div class=\"et_pb_section_0 et_pb_section et_section_regular et_block_section\"><div class=\"et_pb_row_0 et_pb_row et_pb_gutters1 et_block_row inner-title-row\"><div class=\"et_pb_column_0 et_pb_column et_pb_column_2_3 et_block_column et_pb_css_mix_blend_mode_passthrough\"><div class=\"et_pb_image_0 et_pb_image et_pb_module et_block_module\"><span class=\"et_pb_image_wrap\"><img decoding=\"async\" src=\"https:\/\/www.llproducts.com\/fr-fr\/wp-content\/uploads\/sites\/16\/2024\/09\/9i1a1284_edit.jpg\" alt=\"An L&amp;L Products employee wearing a lab coat and smiling\" title=\"An L&#038;L Products employee wearing a lab coat and smiling\" width=\"1800\" height=\"820\" srcset=\"https:\/\/www.llproducts.com\/fr-fr\/wp-content\/uploads\/sites\/16\/2024\/09\/9i1a1284_edit.jpg 1800w, https:\/\/www.llproducts.com\/fr-fr\/wp-content\/uploads\/sites\/16\/2024\/09\/9i1a1284_edit-1280x583.jpg 1280w, https:\/\/www.llproducts.com\/fr-fr\/wp-content\/uploads\/sites\/16\/2024\/09\/9i1a1284_edit-980x446.jpg 980w, https:\/\/www.llproducts.com\/fr-fr\/wp-content\/uploads\/sites\/16\/2024\/09\/9i1a1284_edit-480x219.jpg 480w\" sizes=\"(min-width: 0px) and (max-width: 480px) 480px, (min-width: 481px) and (max-width: 980px) 980px, (min-width: 981px) and (max-width: 1280px) 1280px, (min-width: 1281px) 1800px, 100vw\" class=\"wp-image-913\" \/><\/span><\/div><\/div><div class=\"et_pb_column_1 et_pb_column et_pb_column_1_3 et-last-child et_block_column et_pb_css_mix_blend_mode_passthrough et_animated inner-title-col alt-title-col\"><div class=\"et_pb_image_1 et_pb_image et_pb_module et_block_module\"><span class=\"et_pb_image_wrap\"><img decoding=\"async\" data-src=\"https:\/\/llproducts1.wpenginepowered.com\/fr-fr\/wp-content\/uploads\/sites\/16\/2023\/11\/regional_awards_-_multi_year__2_.png\" title=\"regional_awards_-_multi_year__2_\" alt=\"Detroit Free Press Names L&amp;L Products a Winner of the Michigan Top Workplaces 2023 Award\" src=\"data:image\/svg+xml;base64,PHN2ZyB3aWR0aD0iMSIgaGVpZ2h0PSIxIiB4bWxucz0iaHR0cDovL3d3dy53My5vcmcvMjAwMC9zdmciPjwvc3ZnPg==\" class=\"lazyload\" \/><\/span><\/div><div class=\"et_pb_text_0 et_pb_text et_pb_bg_layout_dark et_pb_module et_block_module inner-title-2\"><div class=\"et_pb_text_inner\"><h1>\u00catre un lieu agr\u00e9able pour tous<\/h1>\n<\/div><\/div><div class=\"et_pb_text_1 et_pb_text et_pb_bg_layout_dark et_pb_module et_block_module\"><div class=\"et_pb_text_inner\"><p>L&amp;L attache une grande importance \u00e0 son personnel, ses valeurs et ses partenariats. D\u00e9couvrez si L&amp;L est fait pour vous.<\/p>\n<\/div><\/div><div class=\"et_pb_module et_pb_button_module_wrapper et_pb_button_0_wrapper\"><a class=\"et_pb_button_0 et_pb_button et_pb_bg_layout_light et_pb_module et_block_module wht-btn\" href=\"https:\/\/fa-eosa-saasfaprod1.fa.ocs.oraclecloud.com\/hcmUI\/CandidateExperience\/en\/sites\/CX_1013\/requisitions\" target=\"_blank\">POSTES OUVERTS<\/a><\/div><\/div><\/div><div class=\"et_pb_row_1 et_pb_row et_block_row\"><div class=\"et_pb_column_2 et_pb_column et_pb_column_4_4 et-last-child et_block_column et_pb_css_mix_blend_mode_passthrough\"><div class=\"et_pb_sidebar_0 et_pb_widget_area clearfix et_pb_widget_area_left et_pb_bg_layout_light et_pb_sidebar_no_border et_pb_module et_block_module breadcrumbs\"><div id=\"block-10\" class=\"et_pb_widget widget_block\"><div class=\"yoast-breadcrumbs\"><span><span><a href=\"https:\/\/www.llproducts.com\/fr-fr\/\">Home<\/a><\/span> <span aria-hidden=\"true\" data-icon=\"\ue93c\" class=\"icomoon icon-chevron-right\"><\/span> <span><a href=\"https:\/\/www.llproducts.com\/fr-fr\/entreprise\/\">Entreprise<\/a><\/span> <span aria-hidden=\"true\" data-icon=\"\ue93c\" class=\"icomoon icon-chevron-right\"><\/span> <span class=\"breadcrumb_last\" aria-current=\"page\">Carri\u00e8re<\/span><\/span><\/div><\/div><\/div><\/div><\/div><\/div><div class=\"et_pb_section_1 et_pb_section et_section_specialty et_pb_gutters3 et_block_section\" id=\"page-content\"><div class=\"et_pb_row et_pb_row-1-4_3-4 et_block_row\"><div class=\"et_pb_column_3 et_pb_column et_pb_column_single et_pb_column_1_4 et_block_column et_pb_css_mix_blend_mode_passthrough\"><div class=\"et_pb_sidebar_1 et_pb_widget_area clearfix et_pb_widget_area_left et_pb_bg_layout_light et_pb_sidebar_no_border et_pb_module et_block_module\"><div id=\"nav_menu-10\" class=\"et_pb_widget widget_nav_menu\"><div class=\"menu-company-menu-container\"><ul id=\"menu-company-menu\" class=\"menu\"><li id=\"menu-item-841\" class=\"menu-item menu-item-type-post_type menu-item-object-page menu-item-841\"><a href=\"https:\/\/www.llproducts.com\/fr-fr\/entreprise\/\">Entreprise<\/a><\/li>\n<li id=\"menu-item-839\" class=\"menu-item menu-item-type-post_type menu-item-object-page menu-item-839\"><a href=\"https:\/\/www.llproducts.com\/fr-fr\/entreprise\/linnovation\/\">L&rsquo;innovation<\/a><\/li>\n<li id=\"menu-item-840\" class=\"menu-item menu-item-type-post_type menu-item-object-page menu-item-840\"><a href=\"https:\/\/www.llproducts.com\/fr-fr\/entreprise\/valeurs-et-culture\/\">Valeurs et Culture<\/a><\/li>\n<li id=\"menu-item-908\" class=\"menu-item menu-item-type-post_type menu-item-object-page menu-item-908\"><a href=\"https:\/\/www.llproducts.com\/fr-fr\/entreprise\/histoire\/\">Histoire<\/a><\/li>\n<li id=\"menu-item-1071\" class=\"menu-item menu-item-type-post_type menu-item-object-page menu-item-1071\"><a href=\"https:\/\/www.llproducts.com\/fr-fr\/entreprise\/carriere\/\">Carri\u00e8re<\/a><\/li>\n<li id=\"menu-item-10779\" class=\"menu-item menu-item-type-post_type menu-item-object-page menu-item-10779\"><a href=\"https:\/\/www.llproducts.com\/fr-fr\/entreprise\/localisations\/\">Localisations<\/a><\/li>\n<li id=\"menu-item-1070\" class=\"menu-item menu-item-type-post_type menu-item-object-page menu-item-1070\"><a href=\"https:\/\/www.llproducts.com\/fr-fr\/entreprise\/fondation\/\">Fondation<\/a><\/li>\n<li id=\"menu-item-1069\" class=\"menu-item menu-item-type-post_type menu-item-object-page menu-item-1069\"><a href=\"https:\/\/www.llproducts.com\/fr-fr\/entreprise\/responsabilite-sociale-des-entreprises\/\">Responsabilit\u00e9 sociale des entreprises<\/a><\/li>\n<li id=\"menu-item-10780\" class=\"menu-item menu-item-type-post_type menu-item-object-page menu-item-10780\"><a href=\"https:\/\/www.llproducts.com\/fr-fr\/entreprise\/centre-de-ressources\/\">Documentation<\/a><\/li>\n<\/ul><\/div><\/div><\/div><\/div><div class=\"et_pb_column_4 et_pb_column et_pb_specialty_column et_pb_column_3_4 et-last-child et_block_column et_pb_css_mix_blend_mode_passthrough\"><div class=\"et_pb_row_inner_0 et_pb_row_inner et_block_row\"><div class=\"et_pb_column_inner_0 et_pb_column_inner et_pb_column et_pb_column_3_8 et_block_column et_pb_css_mix_blend_mode_passthrough\"><div class=\"et_pb_text_2 et_pb_text et_pb_bg_layout_light et_animated et_pb_module et_block_module inner-title\"><div class=\"et_pb_text_inner\"><h1>Nos<br \/>valeurs<\/h1>\n<\/div><\/div><div class=\"et_pb_text_3 et_pb_text et_pb_bg_layout_light et_animated et_pb_module et_block_module\"><div class=\"et_pb_text_inner\"><p>Nous sommes convaincus que notre personnel est notre plus grand atout. Des employ\u00e9s passionn\u00e9s, enthousiastes et comp\u00e9tents sont ce qui fait de la famille L&amp;L Products un succ\u00e8s et un endroit o\u00f9 il fait bon travailler. Nous vous invitons \u00e0 d\u00e9couvrir nos postes ouverts et \u00e0 candidater.<\/p>\n<\/div><\/div><div class=\"et_pb_module et_pb_button_module_wrapper et_pb_button_1_wrapper\"><a class=\"et_pb_button_1 et_pb_button et_pb_bg_layout_light et_pb_module et_block_module secondary\" href=\"https:\/\/fa-eosa-saasfaprod1.fa.ocs.oraclecloud.com\/hcmUI\/CandidateExperience\/en\/sites\/CX_1013\/requisitions\" target=\"_blank\">Postulez ici<\/a><\/div><\/div><div class=\"et_pb_column_inner_1 et_pb_column_inner et_pb_column et_pb_column_3_8 et-last-child et_block_column et_pb_css_mix_blend_mode_passthrough\"><div class=\"et_pb_image_2 et_pb_image et_pb_module et_block_module\"><span class=\"et_pb_image_wrap\"><img decoding=\"async\" src=\"https:\/\/llproducts1.wpenginepowered.com\/fr-fr\/wp-content\/uploads\/sites\/16\/2024\/10\/engineered-innovation.jpg\" title=\"engineered innovation\" alt=\"Engineered Innovation\" \/><\/span><\/div><\/div><\/div><div class=\"et_pb_row_inner_1 et_pb_row_inner et_block_row focus-dot\"><div class=\"et_pb_column_inner_2 et_pb_column_inner et_pb_column et_pb_column_4_4 et-last-child et_block_column et_pb_css_mix_blend_mode_passthrough\"><div class=\"et_pb_text_4 et_pb_text et_pb_bg_layout_light et_animated et_pb_module et_block_module\"><div class=\"et_pb_text_inner\"><p>L&amp;L m'aide \u00e0 d\u00e9velopper mes comp\u00e9tences en alignement avec mes valeurs.<\/p>\n<\/div><\/div><div class=\"et_pb_code_0 et_pb_code et_pb_module\"><div class=\"et_pb_code_inner\"><span style=\"font-size: 16px; color: #717271;\">Han-Na Choi<\/span><\/div><\/div><\/div><\/div><div class=\"et_pb_row_inner_2 et_pb_row_inner et_pb_gutters2 et_block_row\"><div class=\"et_pb_column_inner_3 et_pb_column_inner et_pb_column et_pb_column_3_8 et_block_column et_pb_css_mix_blend_mode_passthrough\"><div class=\"et_pb_image_3 et_pb_image et_pb_module et_block_module\"><span class=\"et_pb_image_wrap\"><img decoding=\"async\" src=\"https:\/\/llproducts1.wpenginepowered.com\/fr-fr\/wp-content\/uploads\/sites\/16\/2024\/09\/bpt_3415_small.jpg\" title=\"bpt_3415_small\" \/><\/span><\/div><\/div><div class=\"et_pb_column_inner_4 et_pb_column_inner et_pb_column et_pb_column_3_8 et-last-child et_block_column et_pb_css_mix_blend_mode_passthrough\"><div class=\"et_pb_text_5 et_pb_text et_pb_bg_layout_light et_animated et_pb_module et_block_module\"><div class=\"et_pb_text_inner\"><div class=\"in-view\">\n<p>Chez L&amp;L, nous sommes convaincus que les personnes sont notre atout principal. Pour continuer \u00e0 progresser, il est imp\u00e9ratif de responsabiliser nos collaborateurs et de les former de fa\u00e7on appropri\u00e9e pour leur d\u00e9veloppement personnel et leur carri\u00e8re.<\/p>\n<p>Notre succ\u00e8s est votre succ\u00e8s\u00a0: les r\u00e9sultats sont partag\u00e9s entre tous. En appliquant un programme de r\u00e9compense et de reconnaissance incitative, nous maintenons un niveau \u00e9lev\u00e9 de motivation et d\u2019engagement, de sorte que nos collaborateurs s'\u00e9panouissent individuellement et en \u00e9quipe.<\/p>\n<\/div>\n<\/div><\/div><\/div><\/div><\/div><\/div><\/div>\n","protected":false},"excerpt":{"rendered":"","protected":false},"author":4,"featured_media":913,"parent":451,"menu_order":0,"comment_status":"closed","ping_status":"closed","template":"","meta":{"_acf_changed":false,"inline_featured_image":false,"footnotes":""},"class_list":["post-911","page","type-page","status-publish","has-post-thumbnail","hentry"],"acf":[],"dsm_author":{"name":"lafata","avatar_url":"https:\/\/secure.gravatar.com\/avatar\/66f6e75e3378137d9b1a20f7ad6c54aa6acecd8466704fadf5641de9af89b844?s=96&d=mm&r=g","archive_link":"https:\/\/www.llproducts.com\/fr-fr\/news-events\/author\/lafata\/","biodata":""},"dsm_categories":[],"dsm_attachment_categories":[],"dsm_featured_image":{"thumbnail":"https:\/\/www.llproducts.com\/fr-fr\/wp-content\/uploads\/sites\/16\/2024\/09\/9i1a1284_edit-150x150.jpg","medium":"https:\/\/www.llproducts.com\/fr-fr\/wp-content\/uploads\/sites\/16\/2024\/09\/9i1a1284_edit-300x137.jpg","medium_large":"https:\/\/www.llproducts.com\/fr-fr\/wp-content\/uploads\/sites\/16\/2024\/09\/9i1a1284_edit-768x350.jpg","large":"https:\/\/www.llproducts.com\/fr-fr\/wp-content\/uploads\/sites\/16\/2024\/09\/9i1a1284_edit-1024x466.jpg","1536x1536":"https:\/\/www.llproducts.com\/fr-fr\/wp-content\/uploads\/sites\/16\/2024\/09\/9i1a1284_edit-1536x700.jpg","2048x2048":"https:\/\/www.llproducts.com\/fr-fr\/wp-content\/uploads\/sites\/16\/2024\/09\/9i1a1284_edit.jpg","et-pb-post-main-image":"https:\/\/www.llproducts.com\/fr-fr\/wp-content\/uploads\/sites\/16\/2024\/09\/9i1a1284_edit-400x250.jpg","et-pb-post-main-image-fullwidth":"https:\/\/www.llproducts.com\/fr-fr\/wp-content\/uploads\/sites\/16\/2024\/09\/9i1a1284_edit-1080x675.jpg","et-pb-portfolio-image":"https:\/\/www.llproducts.com\/fr-fr\/wp-content\/uploads\/sites\/16\/2024\/09\/9i1a1284_edit-400x284.jpg","et-pb-portfolio-module-image":"https:\/\/www.llproducts.com\/fr-fr\/wp-content\/uploads\/sites\/16\/2024\/09\/9i1a1284_edit-510x382.jpg","et-pb-portfolio-image-single":"https:\/\/www.llproducts.com\/fr-fr\/wp-content\/uploads\/sites\/16\/2024\/09\/9i1a1284_edit-1080x492.jpg","et-pb-gallery-module-image-portrait":"https:\/\/www.llproducts.com\/fr-fr\/wp-content\/uploads\/sites\/16\/2024\/09\/9i1a1284_edit-400x516.jpg","et-pb-post-main-image-fullwidth-large":"https:\/\/www.llproducts.com\/fr-fr\/wp-content\/uploads\/sites\/16\/2024\/09\/9i1a1284_edit.jpg","et-pb-image--responsive--desktop":"https:\/\/www.llproducts.com\/fr-fr\/wp-content\/uploads\/sites\/16\/2024\/09\/9i1a1284_edit-1280x583.jpg","et-pb-image--responsive--tablet":"https:\/\/www.llproducts.com\/fr-fr\/wp-content\/uploads\/sites\/16\/2024\/09\/9i1a1284_edit-980x446.jpg","et-pb-image--responsive--phone":"https:\/\/www.llproducts.com\/fr-fr\/wp-content\/uploads\/sites\/16\/2024\/09\/9i1a1284_edit-480x219.jpg","gform-image-choice-sm":"https:\/\/www.llproducts.com\/fr-fr\/wp-content\/uploads\/sites\/16\/2024\/09\/9i1a1284_edit.jpg","gform-image-choice-md":"https:\/\/www.llproducts.com\/fr-fr\/wp-content\/uploads\/sites\/16\/2024\/09\/9i1a1284_edit.jpg","gform-image-choice-lg":"https:\/\/www.llproducts.com\/fr-fr\/wp-content\/uploads\/sites\/16\/2024\/09\/9i1a1284_edit.jpg","full":"https:\/\/www.llproducts.com\/fr-fr\/wp-content\/uploads\/sites\/16\/2024\/09\/9i1a1284_edit.jpg"},"yoast_head":"<!-- This site is optimized with the Yoast SEO Premium plugin v27.3 (Yoast SEO v27.4) - https:\/\/yoast.com\/product\/yoast-seo-premium-wordpress\/ -->\n<title>Carri\u00e8re - L&amp;L Products - Ing\u00e9nierie appliqu\u00e9e &amp; Science des mat\u00e9riaux<\/title>\n<meta name=\"robots\" content=\"index, follow, max-snippet:-1, max-image-preview:large, max-video-preview:-1\" \/>\n<link rel=\"canonical\" href=\"https:\/\/www.llproducts.com\/fr-fr\/entreprise\/carriere\/\" \/>\n<meta property=\"og:locale\" content=\"fr_FR\" \/>\n<meta property=\"og:type\" content=\"article\" \/>\n<meta property=\"og:title\" content=\"Carri\u00e8re\" \/>\n<meta property=\"og:url\" content=\"https:\/\/www.llproducts.com\/fr-fr\/entreprise\/carriere\/\" \/>\n<meta property=\"og:site_name\" content=\"L&amp;L Products - Ing\u00e9nierie appliqu\u00e9e &amp; Science des mat\u00e9riaux\" \/>\n<meta property=\"article:modified_time\" content=\"2026-04-16T17:11:28+00:00\" \/>\n<meta property=\"og:image\" content=\"https:\/\/www.llproducts.com\/fr-fr\/wp-content\/uploads\/sites\/16\/2024\/09\/9i1a1284_edit.jpg\" \/>\n\t<meta property=\"og:image:width\" content=\"1800\" \/>\n\t<meta property=\"og:image:height\" content=\"820\" \/>\n\t<meta property=\"og:image:type\" content=\"image\/jpeg\" \/>\n<meta name=\"twitter:card\" content=\"summary_large_image\" \/>\n<meta name=\"twitter:label1\" content=\"Est. reading time\" \/>\n\t<meta name=\"twitter:data1\" content=\"2 minutes\" \/>\n<script type=\"application\/ld+json\" class=\"yoast-schema-graph\">{\"@context\":\"https:\\\/\\\/schema.org\",\"@graph\":[{\"@type\":\"WebPage\",\"@id\":\"https:\\\/\\\/www.llproducts.com\\\/fr-fr\\\/entreprise\\\/carriere\\\/\",\"url\":\"https:\\\/\\\/www.llproducts.com\\\/fr-fr\\\/entreprise\\\/carriere\\\/\",\"name\":\"Carri\u00e8re - L&amp;L Products - Ing\u00e9nierie appliqu\u00e9e &amp; Science des mat\u00e9riaux\",\"isPartOf\":{\"@id\":\"https:\\\/\\\/www.llproducts.com\\\/fr-fr\\\/#website\"},\"primaryImageOfPage\":{\"@id\":\"https:\\\/\\\/www.llproducts.com\\\/fr-fr\\\/entreprise\\\/carriere\\\/#primaryimage\"},\"image\":{\"@id\":\"https:\\\/\\\/www.llproducts.com\\\/fr-fr\\\/entreprise\\\/carriere\\\/#primaryimage\"},\"thumbnailUrl\":\"https:\\\/\\\/www.llproducts.com\\\/fr-fr\\\/wp-content\\\/uploads\\\/sites\\\/16\\\/2024\\\/09\\\/9i1a1284_edit.jpg\",\"datePublished\":\"2024-09-24T13:40:03+00:00\",\"dateModified\":\"2026-04-16T17:11:28+00:00\",\"breadcrumb\":{\"@id\":\"https:\\\/\\\/www.llproducts.com\\\/fr-fr\\\/entreprise\\\/carriere\\\/#breadcrumb\"},\"inLanguage\":\"fr-FR\",\"potentialAction\":[{\"@type\":\"ReadAction\",\"target\":[\"https:\\\/\\\/www.llproducts.com\\\/fr-fr\\\/entreprise\\\/carriere\\\/\"]}]},{\"@type\":\"ImageObject\",\"inLanguage\":\"fr-FR\",\"@id\":\"https:\\\/\\\/www.llproducts.com\\\/fr-fr\\\/entreprise\\\/carriere\\\/#primaryimage\",\"url\":\"https:\\\/\\\/www.llproducts.com\\\/fr-fr\\\/wp-content\\\/uploads\\\/sites\\\/16\\\/2024\\\/09\\\/9i1a1284_edit.jpg\",\"contentUrl\":\"https:\\\/\\\/www.llproducts.com\\\/fr-fr\\\/wp-content\\\/uploads\\\/sites\\\/16\\\/2024\\\/09\\\/9i1a1284_edit.jpg\",\"width\":1800,\"height\":820,\"caption\":\"An L&L Products employee wearing a lab coat and smiling\"},{\"@type\":\"BreadcrumbList\",\"@id\":\"https:\\\/\\\/www.llproducts.com\\\/fr-fr\\\/entreprise\\\/carriere\\\/#breadcrumb\",\"itemListElement\":[{\"@type\":\"ListItem\",\"position\":1,\"name\":\"Home\",\"item\":\"https:\\\/\\\/www.llproducts.com\\\/fr-fr\\\/\"},{\"@type\":\"ListItem\",\"position\":2,\"name\":\"Entreprise\",\"item\":\"https:\\\/\\\/www.llproducts.com\\\/fr-fr\\\/entreprise\\\/\"},{\"@type\":\"ListItem\",\"position\":3,\"name\":\"Carri\u00e8re\"}]},{\"@type\":\"WebSite\",\"@id\":\"https:\\\/\\\/www.llproducts.com\\\/fr-fr\\\/#website\",\"url\":\"https:\\\/\\\/www.llproducts.com\\\/fr-fr\\\/\",\"name\":\"L&amp;L Products - Ing\u00e9nierie appliqu\u00e9e &amp; Science des mat\u00e9riaux\",\"description\":\"\",\"potentialAction\":[{\"@type\":\"SearchAction\",\"target\":{\"@type\":\"EntryPoint\",\"urlTemplate\":\"https:\\\/\\\/www.llproducts.com\\\/fr-fr\\\/?s={search_term_string}\"},\"query-input\":{\"@type\":\"PropertyValueSpecification\",\"valueRequired\":true,\"valueName\":\"search_term_string\"}}],\"inLanguage\":\"fr-FR\"}]}<\/script>\n<!-- \/ Yoast SEO Premium plugin. -->","yoast_head_json":{"title":"Carri\u00e8re - L&amp;L Products - Ing\u00e9nierie appliqu\u00e9e &amp; Science des mat\u00e9riaux","robots":{"index":"index","follow":"follow","max-snippet":"max-snippet:-1","max-image-preview":"max-image-preview:large","max-video-preview":"max-video-preview:-1"},"canonical":"https:\/\/www.llproducts.com\/fr-fr\/entreprise\/carriere\/","og_locale":"fr_FR","og_type":"article","og_title":"Carri\u00e8re","og_url":"https:\/\/www.llproducts.com\/fr-fr\/entreprise\/carriere\/","og_site_name":"L&amp;L Products - Ing\u00e9nierie appliqu\u00e9e &amp; Science des mat\u00e9riaux","article_modified_time":"2026-04-16T17:11:28+00:00","og_image":[{"width":1800,"height":820,"url":"https:\/\/www.llproducts.com\/fr-fr\/wp-content\/uploads\/sites\/16\/2024\/09\/9i1a1284_edit.jpg","type":"image\/jpeg"}],"twitter_card":"summary_large_image","twitter_misc":{"Est. reading time":"2 minutes"},"schema":{"@context":"https:\/\/schema.org","@graph":[{"@type":"WebPage","@id":"https:\/\/www.llproducts.com\/fr-fr\/entreprise\/carriere\/","url":"https:\/\/www.llproducts.com\/fr-fr\/entreprise\/carriere\/","name":"Carri\u00e8re - L&amp;L Products - Ing\u00e9nierie appliqu\u00e9e &amp; Science des mat\u00e9riaux","isPartOf":{"@id":"https:\/\/www.llproducts.com\/fr-fr\/#website"},"primaryImageOfPage":{"@id":"https:\/\/www.llproducts.com\/fr-fr\/entreprise\/carriere\/#primaryimage"},"image":{"@id":"https:\/\/www.llproducts.com\/fr-fr\/entreprise\/carriere\/#primaryimage"},"thumbnailUrl":"https:\/\/www.llproducts.com\/fr-fr\/wp-content\/uploads\/sites\/16\/2024\/09\/9i1a1284_edit.jpg","datePublished":"2024-09-24T13:40:03+00:00","dateModified":"2026-04-16T17:11:28+00:00","breadcrumb":{"@id":"https:\/\/www.llproducts.com\/fr-fr\/entreprise\/carriere\/#breadcrumb"},"inLanguage":"fr-FR","potentialAction":[{"@type":"ReadAction","target":["https:\/\/www.llproducts.com\/fr-fr\/entreprise\/carriere\/"]}]},{"@type":"ImageObject","inLanguage":"fr-FR","@id":"https:\/\/www.llproducts.com\/fr-fr\/entreprise\/carriere\/#primaryimage","url":"https:\/\/www.llproducts.com\/fr-fr\/wp-content\/uploads\/sites\/16\/2024\/09\/9i1a1284_edit.jpg","contentUrl":"https:\/\/www.llproducts.com\/fr-fr\/wp-content\/uploads\/sites\/16\/2024\/09\/9i1a1284_edit.jpg","width":1800,"height":820,"caption":"An L&L Products employee wearing a lab coat and smiling"},{"@type":"BreadcrumbList","@id":"https:\/\/www.llproducts.com\/fr-fr\/entreprise\/carriere\/#breadcrumb","itemListElement":[{"@type":"ListItem","position":1,"name":"Home","item":"https:\/\/www.llproducts.com\/fr-fr\/"},{"@type":"ListItem","position":2,"name":"Entreprise","item":"https:\/\/www.llproducts.com\/fr-fr\/entreprise\/"},{"@type":"ListItem","position":3,"name":"Carri\u00e8re"}]},{"@type":"WebSite","@id":"https:\/\/www.llproducts.com\/fr-fr\/#website","url":"https:\/\/www.llproducts.com\/fr-fr\/","name":"L&amp;L Products - Ing\u00e9nierie appliqu\u00e9e &amp; Science des mat\u00e9riaux","description":"","potentialAction":[{"@type":"SearchAction","target":{"@type":"EntryPoint","urlTemplate":"https:\/\/www.llproducts.com\/fr-fr\/?s={search_term_string}"},"query-input":{"@type":"PropertyValueSpecification","valueRequired":true,"valueName":"search_term_string"}}],"inLanguage":"fr-FR"}]}},"_links":{"self":[{"href":"https:\/\/www.llproducts.com\/fr-fr\/wp-json\/wp\/v2\/pages\/911","targetHints":{"allow":["GET"]}}],"collection":[{"href":"https:\/\/www.llproducts.com\/fr-fr\/wp-json\/wp\/v2\/pages"}],"about":[{"href":"https:\/\/www.llproducts.com\/fr-fr\/wp-json\/wp\/v2\/types\/page"}],"author":[{"embeddable":true,"href":"https:\/\/www.llproducts.com\/fr-fr\/wp-json\/wp\/v2\/users\/4"}],"replies":[{"embeddable":true,"href":"https:\/\/www.llproducts.com\/fr-fr\/wp-json\/wp\/v2\/comments?post=911"}],"version-history":[{"count":0,"href":"https:\/\/www.llproducts.com\/fr-fr\/wp-json\/wp\/v2\/pages\/911\/revisions"}],"up":[{"embeddable":true,"href":"https:\/\/www.llproducts.com\/fr-fr\/wp-json\/wp\/v2\/pages\/451"}],"wp:featuredmedia":[{"embeddable":true,"href":"https:\/\/www.llproducts.com\/fr-fr\/wp-json\/wp\/v2\/media\/913"}],"wp:attachment":[{"href":"https:\/\/www.llproducts.com\/fr-fr\/wp-json\/wp\/v2\/media?parent=911"}],"curies":[{"name":"wp","href":"https:\/\/api.w.org\/{rel}","templated":true}]}}