{"id":9882,"date":"2024-10-21T14:46:39","date_gmt":"2024-10-21T14:46:39","guid":{"rendered":"https:\/\/llproducts1.wpenginepowered.com\/fr-fr\/?page_id=9882"},"modified":"2025-09-30T17:39:33","modified_gmt":"2025-09-30T17:39:33","slug":"avis-juridique","status":"publish","type":"page","link":"https:\/\/www.llproducts.com\/fr-fr\/avis-juridique\/","title":{"rendered":"Avis juridique"},"content":{"rendered":"<p>[et_pb_section fb_built=\u00a0\u00bb1&Prime; _builder_version=\u00a0\u00bb4.27.0&Prime; _module_preset=\u00a0\u00bbdefault\u00a0\u00bb custom_padding=\u00a0\u00bb0px||0px||false|false\u00a0\u00bb global_colors_info=\u00a0\u00bb{}\u00a0\u00bb][et_pb_row _builder_version=\u00a0\u00bb4.27.0&Prime; _module_preset=\u00a0\u00bbdefault\u00a0\u00bb width=\u00a0\u00bb90%\u00a0\u00bb global_colors_info=\u00a0\u00bb{}\u00a0\u00bb][et_pb_column type=\u00a0\u00bb4_4&Prime; _builder_version=\u00a0\u00bb4.27.0&Prime; _module_preset=\u00a0\u00bbdefault\u00a0\u00bb global_colors_info=\u00a0\u00bb{}\u00a0\u00bb][et_pb_sidebar area=\u00a0\u00bbet_pb_widget_area_2&Prime; show_border=\u00a0\u00bboff\u00a0\u00bb module_class=\u00a0\u00bbbreadcrumbs\u00a0\u00bb _builder_version=\u00a0\u00bb4.27.0&Prime; _module_preset=\u00a0\u00bbdefault\u00a0\u00bb global_colors_info=\u00a0\u00bb{}\u00a0\u00bb][\/et_pb_sidebar][\/et_pb_column][\/et_pb_row][\/et_pb_section][et_pb_section fb_built=\u00a0\u00bb1&Prime; _builder_version=\u00a0\u00bb4.27.2&Prime; _module_preset=\u00a0\u00bbdefault\u00a0\u00bb custom_padding=\u00a0\u00bb0px||||false|false\u00a0\u00bb global_colors_info=\u00a0\u00bb{}\u00a0\u00bb][et_pb_row _builder_version=\u00a0\u00bb4.27.2&Prime; _module_preset=\u00a0\u00bbdefault\u00a0\u00bb width=\u00a0\u00bb90%\u00a0\u00bb global_colors_info=\u00a0\u00bb{}\u00a0\u00bb][et_pb_column type=\u00a0\u00bb4_4&Prime; _builder_version=\u00a0\u00bb4.27.0&Prime; _module_preset=\u00a0\u00bbdefault\u00a0\u00bb global_colors_info=\u00a0\u00bb{}\u00a0\u00bb][et_pb_text module_class=\u00a0\u00bbinner-title\u00a0\u00bb _builder_version=\u00a0\u00bb4.27.3&Prime; _module_preset=\u00a0\u00bbdefault\u00a0\u00bb text_font=\u00a0\u00bb|700|||||||\u00a0\u00bb text_text_color=\u00a0\u00bb#005DAA\u00a0\u00bb header_2_font_size=\u00a0\u00bb36px\u00a0\u00bb header_2_line_height=\u00a0\u00bb1.2em\u00a0\u00bb background_color=\u00a0\u00bb#FFFFFF\u00a0\u00bb custom_margin=\u00a0\u00bb||6em||false|false\u00a0\u00bb animation_style=\u00a0\u00bbslide\u00a0\u00bb animation_direction=\u00a0\u00bbright\u00a0\u00bb animation_intensity_slide=\u00a0\u00bb5%\u00a0\u00bb global_colors_info=\u00a0\u00bb{}\u00a0\u00bb]<\/p>\n<h1>Avis juridique<\/h1>\n<p>[\/et_pb_text][et_pb_text _builder_version=\u00a0\u00bb4.27.3&Prime; _module_preset=\u00a0\u00bbdefault\u00a0\u00bb header_3_text_color=\u00a0\u00bb#000000&Prime; custom_padding_tablet=\u00a0\u00bb|0em||0em|false|false\u00a0\u00bb custom_padding_phone=\u00a0\u00bb|0em||0em|false|false\u00a0\u00bb custom_padding_last_edited=\u00a0\u00bboff|desktop\u00a0\u00bb animation_style=\u00a0\u00bbfade\u00a0\u00bb global_colors_info=\u00a0\u00bb{}\u00a0\u00bb]<\/p>\n<div class=\"content-container content-container--indented\">\n<div class=\"ce default ce-text\" id=\"c5621\">\n<div class=\"content-container content-container--indented\">\n<div class=\"ce default ce-text\" id=\"c2176\">\n<p class=\"in-view\"><strong>R\u00e9dacteur en chef : <\/strong><br \/>L&amp;L Products, Inc.<br \/>160 McLean Drive<br \/>Romeo, MI 48065<br \/>\u00c9TATS-UNIS<\/p>\n<p class=\"in-view\"><strong>T\u00e9l\u00e9phone :<\/strong>\u00a0+1 586 336 1700 Fax : +1 586 336 1699<br \/><a href=\"webmaster@llproducts.com\">webmaster@llproducts.com<\/a><br \/><strong>Pr\u00e9sident\u00a0<\/strong><strong>:<\/strong> John Babi<\/p>\n<p class=\"in-view\">Incorpor\u00e9e dans le Michigan sous le num\u00e9ro d&rsquo;identification : 800123505<br \/><strong>Directeur de la publication:<\/strong> Andrea Smith, Responsable de la communication sur le march\u00e9 mondial<\/p>\n<p class=\"in-view\"><strong>H\u00e9bergement de sites web:<\/strong> Ce site web est h\u00e9berg\u00e9 par Basso Marketing Agency<\/p>\n<p class=\"in-view\"><strong>Conditions d&rsquo;utilisation :<\/strong><\/p>\n<p class=\"in-view\">Toutes les informations contenues sur ce site web sont consid\u00e9r\u00e9es comme exactes et \u00e0 jour \u00e0 la date de leur mise en ligne sur le site. Le contenu peut \u00eatre modifi\u00e9 \u00e0 tout moment sans pr\u00e9avis. Les informations disponibles sur ce site web sont fournies \u00ab\u00a0en l&rsquo;\u00e9tat\u00a0\u00bb et, dans la mesure o\u00f9 la loi le permet, sont fournies sans garantie d&rsquo;aucune sorte, expresse ou implicite, y compris, mais sans s&rsquo;y limiter, les garanties implicites de qualit\u00e9 marchande, d&rsquo;ad\u00e9quation \u00e0 un usage particulier ou de non-violation de la propri\u00e9t\u00e9 intellectuelle. Il est recommand\u00e9 de tester et d&rsquo;\u00e9valuer de mani\u00e8re ind\u00e9pendante les produits et solutions pour l&rsquo;usage auquel ils sont destin\u00e9s.<\/p>\n<p class=\"in-view\">Le contenu de nos pages web a \u00e9t\u00e9 cr\u00e9\u00e9 avec le plus grand soin. Toutefois, nous ne pouvons pas garantir son exactitude, son exhaustivit\u00e9 ou son actualit\u00e9. Tout le contenu de ce site web est prot\u00e9g\u00e9 par des droits d&rsquo;auteur. Toute forme d&rsquo;utilisation, de reproduction et\/ou de modification de tout contenu de notre site web n\u00e9cessite notre accord pr\u00e9alable. Toutefois, vous pouvez t\u00e9l\u00e9charger ou imprimer toute page web de ce site pour votre usage personnel.<\/p>\n<p class=\"in-view\">Tous les noms de produits sont des marques commerciales de L&amp;L Products ou de ses filiales. Sauf autorisation contraire, l&rsquo;utilisation ou le mauvais usage de ces marques ou de tout autre contenu de ce site web peut enfreindre nos droits de propri\u00e9t\u00e9 intellectuelle.<\/p>\n<p class=\"in-view\">Ce site web peut contenir des liens externes vers des pages web de tiers. Ces sites web ne sont pas sous le contr\u00f4le de L&amp;L Products, Inc. et nous d\u00e9clinons toute responsabilit\u00e9 quant \u00e0 leur contenu. Les liens vers des sites web externes n&rsquo;impliquent pas l&rsquo;approbation de ces sites par L&amp;L Products, Inc. Les tiers ne sont pas autoris\u00e9s \u00e0 cr\u00e9er un lien avec notre site web sans avoir obtenu notre accord \u00e9crit pr\u00e9alable.<\/p>\n<p class=\"in-view\">Ce site web est soumis \u00e0 la l\u00e9gislation du Michigan, \u00c9tats-Unis. Tout litige relatif \u00e0 ce site ou \u00e0 son contenu sera port\u00e9 devant les tribunaux du comt\u00e9 de Macomb, Michigan, \u00c9tats-Unis.<\/p>\n<p class=\"in-view\"><strong>Avis relatif aux marques commerciales<\/strong><\/p>\n<p class=\"in-view\">Les marques suivantes sont la propri\u00e9t\u00e9 de L&amp;L Products : Assert\u2122, Composite Body Solutions\u00ae, CBS\u2122, Continuous Composite Solutions\u00ae, CCS\u2122, L&amp;L CCS\u00ae, CCubed\u00ae, DECI-TEX\u00ae, Engineered Fiber Solutions\u2122, EFS\u2122, InsituCore\u00ae, L&amp;L Products\u00ae, PHASTER\u00ae, T-Link\u00ae, TRI-Seal\u00ae, eXtrude-In-Place\u2122, XIP\u00ae. Tous droits r\u00e9serv\u00e9s.<br \/>Toutes les autres marques sont la propri\u00e9t\u00e9 de leurs d\u00e9tenteurs respectifs<\/p>\n<p class=\"in-view\">\n<\/div>\n<\/div>\n<\/div>\n<\/div>\n<p>[\/et_pb_text][et_pb_text _builder_version=\u00a0\u00bb4.27.3&Prime; _module_preset=\u00a0\u00bbdefault\u00a0\u00bb header_3_text_color=\u00a0\u00bb#000000&Prime; custom_margin=\u00a0\u00bb||||false|false\u00a0\u00bb custom_padding=\u00a0\u00bb50px||||false|false\u00a0\u00bb custom_padding_tablet=\u00a0\u00bb|0em||0em|false|false\u00a0\u00bb custom_padding_phone=\u00a0\u00bb|0em||0em|false|false\u00a0\u00bb custom_padding_last_edited=\u00a0\u00bboff|desktop\u00a0\u00bb animation_style=\u00a0\u00bbfade\u00a0\u00bb global_colors_info=\u00a0\u00bb{}\u00a0\u00bb]<\/p>\n<div class=\"content-container content-container--indented\">\n<div class=\"ce default ce-text\" id=\"c5621\">\n<div class=\"content-container content-container--indented\">\n<div class=\"ce default ce-text\" id=\"c2176\">\n<p class=\"in-view\"><strong>Concept, Design &amp; Development<\/strong><\/p>\n<p><a href=\"https:\/\/www.bassomarketingagency.com\/\" target=\"_blank\" rel=\"noopener\">Basso Marketing Agency<\/a><\/p>\n<p>251 Diversion Street<\/p>\n<p>Suite 202<\/p>\n<p>Rochester, MI 48307<\/p>\n<\/div>\n<\/div>\n<\/div>\n<\/div>\n<p>[\/et_pb_text][\/et_pb_column][\/et_pb_row][\/et_pb_section]<\/p>\n","protected":false},"excerpt":{"rendered":"<p>Avis juridique R\u00e9dacteur en chef : L&amp;L Products, Inc.160 McLean DriveRomeo, MI 48065\u00c9TATS-UNIS T\u00e9l\u00e9phone :\u00a0+1 586 336 1700 Fax : +1 586 336 1699webmaster@llproducts.comPr\u00e9sident\u00a0: John Babi Incorpor\u00e9e dans le Michigan sous le num\u00e9ro d&rsquo;identification : 800123505Directeur de la publication: Andrea Smith, Responsable de la communication sur le march\u00e9 mondial H\u00e9bergement de sites web: Ce site web est h\u00e9berg\u00e9 par Basso Marketing Agency Conditions d&rsquo;utilisation : Toutes les informations contenues sur ce site web sont consid\u00e9r\u00e9es comme exactes et \u00e0 jour \u00e0 la date de leur mise en ligne sur le site. Le contenu peut \u00eatre modifi\u00e9 \u00e0 tout moment sans pr\u00e9avis. Les informations disponibles sur ce site web sont fournies \u00ab\u00a0en l&rsquo;\u00e9tat\u00a0\u00bb et, dans la mesure o\u00f9 la loi le permet, sont fournies sans garantie d&rsquo;aucune sorte, expresse ou implicite, y compris, mais sans s&rsquo;y limiter, les garanties implicites de qualit\u00e9 marchande, d&rsquo;ad\u00e9quation \u00e0 un usage particulier ou de non-violation de la propri\u00e9t\u00e9 intellectuelle. Il est recommand\u00e9 de tester et d&rsquo;\u00e9valuer de mani\u00e8re ind\u00e9pendante les produits et solutions pour l&rsquo;usage auquel ils sont destin\u00e9s. Le contenu de nos pages web a \u00e9t\u00e9 cr\u00e9\u00e9 avec le plus grand soin. Toutefois, nous ne pouvons pas garantir son exactitude, son exhaustivit\u00e9 ou son [&hellip;]<\/p>\n","protected":false},"author":1,"featured_media":0,"parent":0,"menu_order":0,"comment_status":"closed","ping_status":"closed","template":"","meta":{"_acf_changed":false,"_et_pb_use_builder":"on","_et_pb_old_content":"","_et_gb_content_width":"","inline_featured_image":false,"footnotes":""},"class_list":["post-9882","page","type-page","status-publish","hentry"],"acf":[],"yoast_head":"<!-- This site is optimized with the Yoast SEO Premium plugin v27.2 (Yoast SEO v27.3) - https:\/\/yoast.com\/product\/yoast-seo-premium-wordpress\/ -->\n<title>Avis juridique - L&amp;L Products - Ing\u00e9nierie appliqu\u00e9e &amp; Science des mat\u00e9riaux<\/title>\n<meta name=\"robots\" content=\"index, follow, max-snippet:-1, max-image-preview:large, max-video-preview:-1\" \/>\n<link rel=\"canonical\" href=\"https:\/\/www.llproducts.com\/fr-fr\/avis-juridique\/\" \/>\n<meta property=\"og:locale\" content=\"fr_FR\" \/>\n<meta property=\"og:type\" content=\"article\" \/>\n<meta property=\"og:title\" content=\"Avis juridique\" \/>\n<meta property=\"og:description\" content=\"Avis juridique R\u00e9dacteur en chef : L&amp;L Products, Inc.160 McLean DriveRomeo, MI 48065\u00c9TATS-UNIS T\u00e9l\u00e9phone :\u00a0+1 586 336 1700 Fax : +1 586 336 1699webmaster@llproducts.comPr\u00e9sident\u00a0: John Babi Incorpor\u00e9e dans le Michigan sous le num\u00e9ro d&#039;identification : 800123505Directeur de la publication: Andrea Smith, Responsable de la communication sur le march\u00e9 mondial H\u00e9bergement de sites web: Ce site web est h\u00e9berg\u00e9 par Basso Marketing Agency Conditions d&#039;utilisation : Toutes les informations contenues sur ce site web sont consid\u00e9r\u00e9es comme exactes et \u00e0 jour \u00e0 la date de leur mise en ligne sur le site. Le contenu peut \u00eatre modifi\u00e9 \u00e0 tout moment sans pr\u00e9avis. Les informations disponibles sur ce site web sont fournies &quot;en l&#039;\u00e9tat&quot; et, dans la mesure o\u00f9 la loi le permet, sont fournies sans garantie d&#039;aucune sorte, expresse ou implicite, y compris, mais sans s&#039;y limiter, les garanties implicites de qualit\u00e9 marchande, d&#039;ad\u00e9quation \u00e0 un usage particulier ou de non-violation de la propri\u00e9t\u00e9 intellectuelle. Il est recommand\u00e9 de tester et d&#039;\u00e9valuer de mani\u00e8re ind\u00e9pendante les produits et solutions pour l&#039;usage auquel ils sont destin\u00e9s. Le contenu de nos pages web a \u00e9t\u00e9 cr\u00e9\u00e9 avec le plus grand soin. Toutefois, nous ne pouvons pas garantir son exactitude, son exhaustivit\u00e9 ou son [&hellip;]\" \/>\n<meta property=\"og:url\" content=\"https:\/\/www.llproducts.com\/fr-fr\/avis-juridique\/\" \/>\n<meta property=\"og:site_name\" content=\"L&amp;L Products - Ing\u00e9nierie appliqu\u00e9e &amp; Science des mat\u00e9riaux\" \/>\n<meta property=\"article:modified_time\" content=\"2025-09-30T17:39:33+00:00\" \/>\n<meta name=\"twitter:card\" content=\"summary_large_image\" \/>\n<meta name=\"twitter:label1\" content=\"Est. reading time\" \/>\n\t<meta name=\"twitter:data1\" content=\"2 minutes\" \/>\n<script type=\"application\/ld+json\" class=\"yoast-schema-graph\">{\"@context\":\"https:\\\/\\\/schema.org\",\"@graph\":[{\"@type\":\"WebPage\",\"@id\":\"https:\\\/\\\/www.llproducts.com\\\/fr-fr\\\/avis-juridique\\\/\",\"url\":\"https:\\\/\\\/www.llproducts.com\\\/fr-fr\\\/avis-juridique\\\/\",\"name\":\"Avis juridique - L&amp;L Products - Ing\u00e9nierie appliqu\u00e9e &amp; Science des mat\u00e9riaux\",\"isPartOf\":{\"@id\":\"https:\\\/\\\/www.llproducts.com\\\/fr-fr\\\/#website\"},\"datePublished\":\"2024-10-21T14:46:39+00:00\",\"dateModified\":\"2025-09-30T17:39:33+00:00\",\"breadcrumb\":{\"@id\":\"https:\\\/\\\/www.llproducts.com\\\/fr-fr\\\/avis-juridique\\\/#breadcrumb\"},\"inLanguage\":\"fr-FR\",\"potentialAction\":[{\"@type\":\"ReadAction\",\"target\":[\"https:\\\/\\\/www.llproducts.com\\\/fr-fr\\\/avis-juridique\\\/\"]}]},{\"@type\":\"BreadcrumbList\",\"@id\":\"https:\\\/\\\/www.llproducts.com\\\/fr-fr\\\/avis-juridique\\\/#breadcrumb\",\"itemListElement\":[{\"@type\":\"ListItem\",\"position\":1,\"name\":\"Home\",\"item\":\"https:\\\/\\\/www.llproducts.com\\\/fr-fr\\\/\"},{\"@type\":\"ListItem\",\"position\":2,\"name\":\"Avis juridique\"}]},{\"@type\":\"WebSite\",\"@id\":\"https:\\\/\\\/www.llproducts.com\\\/fr-fr\\\/#website\",\"url\":\"https:\\\/\\\/www.llproducts.com\\\/fr-fr\\\/\",\"name\":\"L&amp;L Products - Ing\u00e9nierie appliqu\u00e9e &amp; Science des mat\u00e9riaux\",\"description\":\"\",\"potentialAction\":[{\"@type\":\"SearchAction\",\"target\":{\"@type\":\"EntryPoint\",\"urlTemplate\":\"https:\\\/\\\/www.llproducts.com\\\/fr-fr\\\/?s={search_term_string}\"},\"query-input\":{\"@type\":\"PropertyValueSpecification\",\"valueRequired\":true,\"valueName\":\"search_term_string\"}}],\"inLanguage\":\"fr-FR\"}]}<\/script>\n<!-- \/ Yoast SEO Premium plugin. -->","yoast_head_json":{"title":"Avis juridique - L&amp;L Products - Ing\u00e9nierie appliqu\u00e9e &amp; Science des mat\u00e9riaux","robots":{"index":"index","follow":"follow","max-snippet":"max-snippet:-1","max-image-preview":"max-image-preview:large","max-video-preview":"max-video-preview:-1"},"canonical":"https:\/\/www.llproducts.com\/fr-fr\/avis-juridique\/","og_locale":"fr_FR","og_type":"article","og_title":"Avis juridique","og_description":"Avis juridique R\u00e9dacteur en chef : L&amp;L Products, Inc.160 McLean DriveRomeo, MI 48065\u00c9TATS-UNIS T\u00e9l\u00e9phone :\u00a0+1 586 336 1700 Fax : +1 586 336 1699webmaster@llproducts.comPr\u00e9sident\u00a0: John Babi Incorpor\u00e9e dans le Michigan sous le num\u00e9ro d'identification : 800123505Directeur de la publication: Andrea Smith, Responsable de la communication sur le march\u00e9 mondial H\u00e9bergement de sites web: Ce site web est h\u00e9berg\u00e9 par Basso Marketing Agency Conditions d'utilisation : Toutes les informations contenues sur ce site web sont consid\u00e9r\u00e9es comme exactes et \u00e0 jour \u00e0 la date de leur mise en ligne sur le site. Le contenu peut \u00eatre modifi\u00e9 \u00e0 tout moment sans pr\u00e9avis. Les informations disponibles sur ce site web sont fournies \"en l'\u00e9tat\" et, dans la mesure o\u00f9 la loi le permet, sont fournies sans garantie d'aucune sorte, expresse ou implicite, y compris, mais sans s'y limiter, les garanties implicites de qualit\u00e9 marchande, d'ad\u00e9quation \u00e0 un usage particulier ou de non-violation de la propri\u00e9t\u00e9 intellectuelle. Il est recommand\u00e9 de tester et d'\u00e9valuer de mani\u00e8re ind\u00e9pendante les produits et solutions pour l'usage auquel ils sont destin\u00e9s. Le contenu de nos pages web a \u00e9t\u00e9 cr\u00e9\u00e9 avec le plus grand soin. Toutefois, nous ne pouvons pas garantir son exactitude, son exhaustivit\u00e9 ou son [&hellip;]","og_url":"https:\/\/www.llproducts.com\/fr-fr\/avis-juridique\/","og_site_name":"L&amp;L Products - Ing\u00e9nierie appliqu\u00e9e &amp; Science des mat\u00e9riaux","article_modified_time":"2025-09-30T17:39:33+00:00","twitter_card":"summary_large_image","twitter_misc":{"Est. reading time":"2 minutes"},"schema":{"@context":"https:\/\/schema.org","@graph":[{"@type":"WebPage","@id":"https:\/\/www.llproducts.com\/fr-fr\/avis-juridique\/","url":"https:\/\/www.llproducts.com\/fr-fr\/avis-juridique\/","name":"Avis juridique - L&amp;L Products - Ing\u00e9nierie appliqu\u00e9e &amp; Science des mat\u00e9riaux","isPartOf":{"@id":"https:\/\/www.llproducts.com\/fr-fr\/#website"},"datePublished":"2024-10-21T14:46:39+00:00","dateModified":"2025-09-30T17:39:33+00:00","breadcrumb":{"@id":"https:\/\/www.llproducts.com\/fr-fr\/avis-juridique\/#breadcrumb"},"inLanguage":"fr-FR","potentialAction":[{"@type":"ReadAction","target":["https:\/\/www.llproducts.com\/fr-fr\/avis-juridique\/"]}]},{"@type":"BreadcrumbList","@id":"https:\/\/www.llproducts.com\/fr-fr\/avis-juridique\/#breadcrumb","itemListElement":[{"@type":"ListItem","position":1,"name":"Home","item":"https:\/\/www.llproducts.com\/fr-fr\/"},{"@type":"ListItem","position":2,"name":"Avis juridique"}]},{"@type":"WebSite","@id":"https:\/\/www.llproducts.com\/fr-fr\/#website","url":"https:\/\/www.llproducts.com\/fr-fr\/","name":"L&amp;L Products - Ing\u00e9nierie appliqu\u00e9e &amp; Science des mat\u00e9riaux","description":"","potentialAction":[{"@type":"SearchAction","target":{"@type":"EntryPoint","urlTemplate":"https:\/\/www.llproducts.com\/fr-fr\/?s={search_term_string}"},"query-input":{"@type":"PropertyValueSpecification","valueRequired":true,"valueName":"search_term_string"}}],"inLanguage":"fr-FR"}]}},"_links":{"self":[{"href":"https:\/\/www.llproducts.com\/fr-fr\/wp-json\/wp\/v2\/pages\/9882","targetHints":{"allow":["GET"]}}],"collection":[{"href":"https:\/\/www.llproducts.com\/fr-fr\/wp-json\/wp\/v2\/pages"}],"about":[{"href":"https:\/\/www.llproducts.com\/fr-fr\/wp-json\/wp\/v2\/types\/page"}],"author":[{"embeddable":true,"href":"https:\/\/www.llproducts.com\/fr-fr\/wp-json\/wp\/v2\/users\/1"}],"replies":[{"embeddable":true,"href":"https:\/\/www.llproducts.com\/fr-fr\/wp-json\/wp\/v2\/comments?post=9882"}],"version-history":[{"count":0,"href":"https:\/\/www.llproducts.com\/fr-fr\/wp-json\/wp\/v2\/pages\/9882\/revisions"}],"wp:attachment":[{"href":"https:\/\/www.llproducts.com\/fr-fr\/wp-json\/wp\/v2\/media?parent=9882"}],"curies":[{"name":"wp","href":"https:\/\/api.w.org\/{rel}","templated":true}]}}