{"id":9883,"date":"2024-10-21T14:52:23","date_gmt":"2024-10-21T14:52:23","guid":{"rendered":"https:\/\/llproducts1.wpenginepowered.com\/fr-fr\/?page_id=9883"},"modified":"2026-02-17T18:58:19","modified_gmt":"2026-02-17T18:58:19","slug":"certifications","status":"publish","type":"page","link":"https:\/\/www.llproducts.com\/fr-fr\/certifications\/","title":{"rendered":"Certifications"},"content":{"rendered":"<p>[et_pb_section fb_built=\u00a0\u00bb1&Prime; _builder_version=\u00a0\u00bb4.27.0&Prime; _module_preset=\u00a0\u00bbdefault\u00a0\u00bb custom_padding=\u00a0\u00bb0px||0px||false|false\u00a0\u00bb global_colors_info=\u00a0\u00bb{}\u00a0\u00bb][et_pb_row _builder_version=\u00a0\u00bb4.27.0&Prime; _module_preset=\u00a0\u00bbdefault\u00a0\u00bb width=\u00a0\u00bb90%\u00a0\u00bb global_colors_info=\u00a0\u00bb{}\u00a0\u00bb][et_pb_column type=\u00a0\u00bb4_4&Prime; _builder_version=\u00a0\u00bb4.27.0&Prime; _module_preset=\u00a0\u00bbdefault\u00a0\u00bb global_colors_info=\u00a0\u00bb{}\u00a0\u00bb][et_pb_sidebar area=\u00a0\u00bbet_pb_widget_area_2&Prime; show_border=\u00a0\u00bboff\u00a0\u00bb module_class=\u00a0\u00bbbreadcrumbs\u00a0\u00bb _builder_version=\u00a0\u00bb4.27.0&Prime; _module_preset=\u00a0\u00bbdefault\u00a0\u00bb global_colors_info=\u00a0\u00bb{}\u00a0\u00bb][\/et_pb_sidebar][\/et_pb_column][\/et_pb_row][\/et_pb_section][et_pb_section fb_built=\u00a0\u00bb1&Prime; _builder_version=\u00a0\u00bb4.27.0&Prime; _module_preset=\u00a0\u00bbdefault\u00a0\u00bb global_colors_info=\u00a0\u00bb{}\u00a0\u00bb][et_pb_row _builder_version=\u00a0\u00bb4.27.0&Prime; _module_preset=\u00a0\u00bbdefault\u00a0\u00bb global_colors_info=\u00a0\u00bb{}\u00a0\u00bb][et_pb_column type=\u00a0\u00bb4_4&Prime; _builder_version=\u00a0\u00bb4.27.0&Prime; _module_preset=\u00a0\u00bbdefault\u00a0\u00bb global_colors_info=\u00a0\u00bb{}\u00a0\u00bb][et_pb_text module_class=\u00a0\u00bbinner-title\u00a0\u00bb _builder_version=\u00a0\u00bb4.27.0&Prime; _module_preset=\u00a0\u00bbdefault\u00a0\u00bb text_font=\u00a0\u00bb|700|||||||\u00a0\u00bb text_text_color=\u00a0\u00bb#005DAA\u00a0\u00bb header_2_font_size=\u00a0\u00bb36px\u00a0\u00bb header_2_line_height=\u00a0\u00bb1.2em\u00a0\u00bb background_color=\u00a0\u00bb#FFFFFF\u00a0\u00bb custom_margin=\u00a0\u00bb||6em||false|false\u00a0\u00bb animation_style=\u00a0\u00bbslide\u00a0\u00bb animation_direction=\u00a0\u00bbright\u00a0\u00bb animation_intensity_slide=\u00a0\u00bb5%\u00a0\u00bb global_colors_info=\u00a0\u00bb{}\u00a0\u00bb]<\/p>\n<h2 style=\"padding: .25em 0px\">Certificates<\/h2>\n<p>[\/et_pb_text][et_pb_text _builder_version=\u00a0\u00bb4.27.3&Prime; _module_preset=\u00a0\u00bbdefault\u00a0\u00bb header_3_text_color=\u00a0\u00bb#000000&Prime; custom_padding=\u00a0\u00bb|2em||2em|false|false\u00a0\u00bb custom_padding_tablet=\u00a0\u00bb|0em||0em|false|false\u00a0\u00bb custom_padding_phone=\u00a0\u00bb|0em||0em|false|false\u00a0\u00bb custom_padding_last_edited=\u00a0\u00bbon|tablet\u00a0\u00bb animation_style=\u00a0\u00bbfade\u00a0\u00bb global_colors_info=\u00a0\u00bb{}\u00a0\u00bb]<\/p>\n<div class=\"content-container content-container--indented\">\n<div id=\"c5621\" class=\"ce default ce-text\">\n<h3 class=\"h4 in-view\">Global<\/h3>\n<ul>\n<li style=\"list-style-type: none;\">\n<ul>\n<li><a href=\"\/wp-content\/uploads\/sites\/16\/2024\/10\/information_security_policy_v3_2024.pdf\" target=\"_blank\" rel=\"noopener\">Politique de s\u00e9curit\u00e9 de l&rsquo;information<\/a><\/li>\n<\/ul>\n<\/li>\n<\/ul>\n<h3 class=\"h4 in-view\">Continents Am\u00e9ricains<\/h3>\n<p class=\"in-view\"><strong>Certificats \u00c9tats-Unis\u202f: Usine de Romeo\u00a0<\/strong><\/p>\n<ul>\n<li style=\"list-style-type: none;\">\n<ul class=\"in-view\">\n<li><a href=\"https:\/\/www.llproducts.com\/wp-content\/uploads\/2025\/04\/ISO-9001-2015-March-2027.pdf\">ISO 9001: 2015 &#8211; March 2027<\/a><\/li>\n<li><a href=\"\/wp-content\/uploads\/sites\/16\/2024\/10\/llp_romeo_iatf16949_march_2027.pdf\" target=\"_blank\" rel=\"noopener\">IATF 16949 \u2013\u00a0March 2027<\/a><\/li>\n<li><a href=\"\/wp-content\/uploads\/sites\/16\/2024\/10\/iso_14001_2015_march_2027.pdf\" target=\"_blank\" rel=\"noopener\">ISO 14001 \u2013 Mars 2027<\/a><\/li>\n<li><a href=\"\/wp-content\/uploads\/sites\/16\/2024\/10\/romeo_iso_45001_cert_exp_2026.pdf\" target=\"_blank\" rel=\"noopener\">ISO 45001 \u2013 Novembre 2026<\/a><\/li>\n<li><a href=\"\/wp-content\/uploads\/2024\/12\/tisax_r__assessment_scope_s49k8w.pdf\" target=\"_blank\" rel=\"noopener\">TISAX\u00ae Assessment Scope S49K8W<\/a><\/li>\n<\/ul>\n<\/li>\n<\/ul>\n<p class=\"in-view\"><strong>Certificats \u00c9tats-Unis\u202f: Usine de Columbia\u00a0<\/strong><\/p>\n<ul>\n<li style=\"list-style-type: none;\">\n<ul class=\"in-view\">\n<li><a href=\"\/wp-content\/uploads\/sites\/16\/2024\/10\/iatf_16949_llp_south_carolina_april_2027.pdf\" target=\"_blank\" rel=\"noopener\">IATF 16949 \u2013 Avril 2027<\/a><\/li>\n<li><a href=\"\/wp-content\/uploads\/sites\/16\/2024\/11\/iso_45001_certification_llproducts_inc.pdf\" target=\"_blank\" rel=\"noopener\">ISO 45001 &#8211; Dezember 2027<\/a><\/li>\n<\/ul>\n<\/li>\n<\/ul>\n<p class=\"in-view\"><strong>Certificates Brazil:\u00a0 Usine de\u00a0S\u00e3o Paulo<\/strong><\/p>\n<ul>\n<li style=\"list-style-type: none;\">\n<ul class=\"in-view\">\n<li><a href=\"\/wp-content\/uploads\/2024\/12\/iatf16949_august_2027_v2.pdf\" target=\"_blank\" rel=\"noopener\">IATF 16949 \u2013 Ao\u00fbt 2027<\/a><\/li>\n<li><a href=\"\/wp-content\/uploads\/2024\/12\/iso9001_august_2027_v2.pdf\" target=\"_blank\" rel=\"noopener\">ISO 9001 \u2013 Ao\u00fbt 2027<\/a><\/li>\n<li><a href=\"\/wp-content\/uploads\/2024\/12\/iso_14001_may_2027_v2.pdf\" target=\"_blank\" rel=\"noopener\">ISO 14001:2015 &#8211; Mai 2027<\/a><\/li>\n<li><a href=\"https:\/\/www.llproducts.com\/wp-content\/uploads\/2025\/04\/TISAX\u00ae-Assessment-Scope-S3FYRZ.pdf\">TISAX\u00ae Assessment Scope S3FYRZ<\/a><\/li>\n<\/ul>\n<\/li>\n<\/ul>\n<h3 class=\"h4 in-view\">APAC<\/h3>\n<p class=\"in-view\"><strong>Certificats China: Usine de\u00a0Shanghai<\/strong><\/p>\n<ul>\n<li style=\"list-style-type: none;\">\n<ul class=\"in-view\">\n<li><a href=\"\/wp-content\/uploads\/sites\/16\/2024\/10\/china_iatf_16949_june_2027.pdf\" target=\"_blank\" rel=\"noopener\">IATF 16949 \u2013 Juin 2027<\/a><\/li>\n<li><a href=\"\/wp-content\/uploads\/sites\/16\/2024\/10\/china_iso14001_may_2027.pdf\" target=\"_blank\" rel=\"noopener\">ISO 14001 \u2013 Mai 2027<\/a><\/li>\n<li><a href=\"https:\/\/www.llproducts.com\/wp-content\/uploads\/2026\/01\/China-ISO-45001-Certificate_May-2028.pdf\" target=\"_blank\" rel=\"noopener\">ISO 45001 &#8211; Mai 2028<\/a><\/li>\n<li><a href=\"\/wp-content\/uploads\/sites\/16\/2024\/10\/china_as9100_may_2027.pdf\" target=\"_blank\" rel=\"noopener\">ISO 9001 &#8211; EN\/AS9100 \u00a0&#8211; May 2027<\/a><\/li>\n<li>\n<p class=\"p1\"><a href=\"https:\/\/www.llproducts.com\/wp-content\/uploads\/2025\/04\/TISAX\u00ae-Assessment-Scope-China.pdf\">TISAX\u00ae Assessment Scope SWF45W<\/a><\/p>\n<\/li>\n<\/ul>\n<\/li>\n<\/ul>\n<h3 class=\"h4 in-view\">IMEA<\/h3>\n<p class=\"in-view\"><strong>Certificats India: Usine de\u00a0Pune<\/strong><\/p>\n<ul>\n<li style=\"list-style-type: none;\">\n<ul class=\"in-view\">\n<li><a href=\"\/wp-content\/uploads\/sites\/16\/2024\/10\/india_iso_45001_may_2027.pdf\" target=\"_blank\" rel=\"noopener\">ISO 45001: 2018 &#8211; Mai 2027<\/a><\/li>\n<li><a href=\"\/wp-content\/uploads\/sites\/16\/2024\/10\/llp_india_iatf_16949_nov_2026.pdf\" target=\"_blank\" rel=\"noopener\">IATF 16949 &#8211; November 2026<\/a><\/li>\n<li><a href=\"\/wp-content\/uploads\/sites\/16\/2024\/10\/india_iso_14001_may_2027.pdf\" target=\"_blank\" rel=\"noopener\">ISO 14001 &#8211; Mai 2027<\/a><\/li>\n<li><a href=\"\/wp-content\/uploads\/sites\/16\/2024\/10\/intertek_certificate_january_2025.pdf\" target=\"_blank\" rel=\"noopener\">Intertek Certificate<\/a><\/li>\n<li><a title=\"Social Commitment Policy\" href=\"\/wp-content\/uploads\/sites\/16\/2024\/10\/social_commitment_policy__l_l_india_private_limited.pdf\">Politique d&rsquo;engagement social<\/a><\/li>\n<li><a href=\"\/wp-content\/uploads\/sites\/16\/2024\/10\/2022_india_annual_return.pdf\" target=\"_blank\" rel=\"noopener\">D\u00e9claration annuelle Inde<\/a><\/li>\n<li><a href=\"\/wp-content\/uploads\/sites\/16\/2024\/10\/annual_return_2021-22.pdf\" target=\"_blank\" rel=\"noopener\">D\u00e9claration annuelle Inde 2021-22<\/a><\/li>\n<li><a href=\"\/wp-content\/uploads\/sites\/16\/2024\/10\/annual_return_india_2022-23.pdf\" target=\"_blank\" rel=\"noopener\">D\u00e9claration annuelle Inde 2022-23<\/a><\/li>\n<li><a href=\"https:\/\/www.llproducts.com\/wp-content\/uploads\/2025\/01\/Annual-Return-India_2023-24.pdf\">D\u00e9claration annuelle Inde 2023-24<\/a><\/li>\n<li><a href=\"https:\/\/www.llproducts.com\/wp-content\/uploads\/2026\/02\/Annual-Return-India_2024-25.pdf\">D\u00e9claration annuelle Inde 2024-25<\/a><\/li>\n<\/ul>\n<\/li>\n<\/ul>\n<h3 class=\"h4 in-view\">Europe<\/h3>\n<ul>\n<li style=\"list-style-type: none;\">\n<ul class=\"in-view\">\n<li><a href=\"\/wp-content\/uploads\/sites\/16\/2024\/10\/europe_quality_of_products_policy_2024_en.pdf\" target=\"_blank\" rel=\"noopener\">Politique Europ\u00e9enne de Qualit\u00e9 et de S\u00e9curit\u00e9 des Produits<\/a><\/li>\n<\/ul>\n<\/li>\n<\/ul>\n<p class=\"in-view\"><strong>Certificats France\u202f: Usine de Altorf <\/strong><\/p>\n<ul>\n<li style=\"list-style-type: none;\">\n<ul class=\"in-view\">\n<li><a href=\"\/wp-content\/uploads\/sites\/16\/2024\/10\/eu_iso9001_august_2027.pdf\" target=\"_blank\" rel=\"noopener\">ISO 9001 \u2013 Ao\u00fbt 2027<\/a><\/li>\n<li><a href=\"\/wp-content\/uploads\/sites\/16\/2024\/10\/eu_iatf_16949_august_2027.pdf\" target=\"_blank\" rel=\"noopener\">IATF 16949 \u2013 Ao\u00fbt 2027<\/a><\/li>\n<li><a href=\"\/wp-content\/uploads\/sites\/16\/2024\/10\/iso_14001_2015_llp_france_decemeber_2026.pdf\" target=\"_blank\" rel=\"noopener\">ISO 14001 \u2013 Dezember 2026<\/a><\/li>\n<li><a href=\"\/wp-content\/uploads\/sites\/16\/2024\/10\/llp_france_as9100d_expires_feb_2027.pdf\" target=\"_blank\" rel=\"noopener\">AS\/EN 9100 \u2013 February 2027<\/a><\/li>\n<li><a href=\"\/wp-content\/uploads\/sites\/16\/2024\/10\/iso_45001_2018_llp_france_december_2026.pdf\" target=\"_blank\" rel=\"noopener\">ISO 45001:2018 &#8211; Dezember 2026<\/a><\/li>\n<li><a href=\"https:\/\/www.excellence.alsace\/\" target=\"_blank\" rel=\"noopener noreferrer\">Prix d&rsquo;excellence de l&rsquo;Alsace<\/a><\/li>\n<li><a href=\"https:\/\/www.llproducts.com\/fileadmin\/user_upload\/synthese_audit_granules_pour_diffusion__2_.pdf\" target=\"_blank\" rel=\"noopener\">Decree n\u00b0 2021-461 audit &#8211; Zero pellet losses<\/a><\/li>\n<li>\n<p class=\"p1\"><a href=\"https:\/\/www.llproducts.com\/wp-content\/uploads\/2025\/04\/TISAX-Certificate-LL-Products-Europe-SAS-20270503.pdf\">TISAX\u00ae Assessment Scope SYN0FT<\/a><\/p>\n<\/li>\n<\/ul>\n<\/li>\n<\/ul>\n<p class=\"in-view\"><strong>Certificats Allemagne\u202f: Bureaux Munich\u00a0<\/strong><\/p>\n<ul>\n<li style=\"list-style-type: none;\">\n<ul class=\"in-view\">\n<li><a href=\"\/wp-content\/uploads\/sites\/16\/2024\/10\/eu_iso9001_august_2027-1.pdf\" target=\"_blank\" rel=\"noopener\">ISO 9001 \u2013\u00a0Ao\u00fbt 2027<\/a><\/li>\n<li><a href=\"\/wp-content\/uploads\/sites\/16\/2024\/10\/eu_iatf_16949_august_2027.pdf\/policies_certificates\/eu_iatf_16949_august_2027.pdf\" target=\"_blank\" rel=\"noopener\">IATF 16949 \u2013\u00a0Ao\u00fbt 2027<\/a><\/li>\n<li>\n<p class=\"p1\"><a href=\"https:\/\/www.llproducts.com\/wp-content\/uploads\/2025\/04\/TISAX-Certificate-LL-Products-Europe-GmbH-20270503.pdf\">TISAX\u00ae Assessment Scope SYN0FT<\/a><\/p>\n<\/li>\n<\/ul>\n<\/li>\n<\/ul>\n<p class=\"in-view\"><strong>Certificats\u00a0R\u00e9publique Tch\u00e8que\u202f: Usine de\u00a0Rudna\u00a0<\/strong><\/p>\n<ul>\n<li style=\"list-style-type: none;\">\n<ul class=\"in-view\">\n<li><a href=\"\/wp-content\/uploads\/sites\/16\/2024\/10\/llp_czech_iatf16949_jan_2027.pdf\" target=\"_blank\" rel=\"noopener\">IATF 16949 \u2013 January 2027<\/a><\/li>\n<li><a href=\"\/wp-content\/uploads\/sites\/16\/2024\/10\/czech_iso_14001_october_2027.pdf\" target=\"_blank\" rel=\"noopener\">ISO 14001 \u2013 Octobre 2027<\/a><\/li>\n<li><a href=\"\/wp-content\/uploads\/sites\/16\/2024\/10\/llp_czech_is0_9001_jan_2027.pdf\" target=\"_blank\" rel=\"noopener\">ISO 9001 &#8211; January 2027<\/a><\/li>\n<li><a href=\"\/wp-content\/uploads\/sites\/16\/2024\/10\/czech_iso_45001_october_2027.pdf\" target=\"_blank\" rel=\"noopener\">ISO 45001 &#8211; Octobre 2027<\/a><\/li>\n<li><a href=\"https:\/\/www.llproducts.com\/wp-content\/uploads\/2025\/09\/OEKO-TEX-Standard-100_Czech-Republic_August-2026.pdf\" target=\"_blank\" rel=\"noopener\">OEKO-TEX<span>\u00ae<\/span> Standard 100 &#8211; Ao\u00fbt 2026<\/a><\/li>\n<\/ul>\n<\/li>\n<\/ul>\n<p class=\"in-view\"><strong>Certificats Turquie\u202f: Usine de Bursa\u00a0<\/strong><\/p>\n<ul>\n<li style=\"list-style-type: none;\">\n<ul class=\"in-view\">\n<li><a href=\"https:\/\/www.llproducts.com\/wp-content\/uploads\/2024\/10\/ll_tuerkiye_iatf_16949_april_2027.pdf\">IATF 16949 \u2013 Avril 2027<\/a><\/li>\n<li><a href=\"https:\/\/www.llproducts.com\/wp-content\/uploads\/2026\/01\/LL-TURKIYE-ISO-45001_January-2029.pdf\">ISO 45001 &#8211; Janvier 2029<\/a><\/li>\n<li><a href=\"https:\/\/www.llproducts.com\/wp-content\/uploads\/2026\/01\/LL-TURKIYE-ISO-14001_January-2029.pdf\" target=\"_blank\" rel=\"noopener\">ISO 14001 &#8211; Janvier 2029<\/a><\/li>\n<li><a href=\"\/wp-content\/uploads\/sites\/16\/2024\/10\/ll_tuerkiye_iso_9001_april_2027.pdf\" target=\"_blank\" rel=\"noopener\">ISO 9001 \u2013 Avril 2027<\/a><\/li>\n<li><a href=\"\/wp-content\/uploads\/sites\/16\/2024\/10\/quality_policy_turkish.pdf\" target=\"_blank\" rel=\"noopener\">Politique de qualit\u00e9<\/a><\/li>\n<li><a href=\"https:\/\/llproducts1.wpenginepowered.com\/wp-content\/uploads\/2025\/01\/hse_policy_turkish_2024.pdf\" target=\"_blank\" rel=\"noopener\">Politique HSE<\/a><\/li>\n<li><a href=\"\/wp-content\/uploads\/sites\/16\/2024\/10\/green_energy_certificate_l_l_products_otomotiv.pdf\" target=\"_blank\" rel=\"noopener\">Certificat d&rsquo;\u00e9nergie verte<\/a><\/li>\n<li><a href=\"https:\/\/www.llproducts.com\/wp-content\/uploads\/2025\/07\/LLP-Sustainable-Purchasing-Policy_2025_TR_Kurumsal-Surdurulebilir-Satin-Alma-Politikasi.pdf\">Sustainable Purchasing Policy<\/a><\/li>\n<\/ul>\n<\/li>\n<\/ul>\n<\/div>\n<\/div>\n<p>[\/et_pb_text][\/et_pb_column][\/et_pb_row][\/et_pb_section]<\/p>\n","protected":false},"excerpt":{"rendered":"<p>Certificates Global Politique de s\u00e9curit\u00e9 de l&rsquo;information Continents Am\u00e9ricains Certificats \u00c9tats-Unis\u202f: Usine de Romeo\u00a0 ISO 9001: 2015 &#8211; March 2027 IATF 16949 \u2013\u00a0March 2027 ISO 14001 \u2013 Mars 2027 ISO 45001 \u2013 Novembre 2026 TISAX\u00ae Assessment Scope S49K8W Certificats \u00c9tats-Unis\u202f: Usine de Columbia\u00a0 IATF 16949 \u2013 Avril 2027 ISO 45001 &#8211; Dezember 2027 Certificates Brazil:\u00a0 Usine de\u00a0S\u00e3o Paulo IATF 16949 \u2013 Ao\u00fbt 2027 ISO 9001 \u2013 Ao\u00fbt 2027 ISO 14001:2015 &#8211; Mai 2027 TISAX\u00ae Assessment Scope S3FYRZ APAC Certificats China: Usine de\u00a0Shanghai IATF 16949 \u2013 Juin 2027 ISO 14001 \u2013 Mai 2027 ISO 45001 &#8211; Mai 2028 ISO 9001 &#8211; EN\/AS9100 \u00a0&#8211; May 2027 TISAX\u00ae Assessment Scope SWF45W IMEA Certificats India: Usine de\u00a0Pune ISO 45001: 2018 &#8211; Mai 2027 IATF 16949 &#8211; November 2026 ISO 14001 &#8211; Mai 2027 Intertek Certificate Politique d&rsquo;engagement social D\u00e9claration annuelle Inde D\u00e9claration annuelle Inde 2021-22 D\u00e9claration annuelle Inde 2022-23 D\u00e9claration annuelle Inde 2023-24 D\u00e9claration annuelle Inde 2024-25 Europe Politique Europ\u00e9enne de Qualit\u00e9 et de S\u00e9curit\u00e9 des Produits Certificats France\u202f: Usine de Altorf ISO 9001 \u2013 Ao\u00fbt 2027 IATF 16949 \u2013 Ao\u00fbt 2027 ISO 14001 \u2013 Dezember 2026 AS\/EN 9100 \u2013 February 2027 ISO 45001:2018 &#8211; Dezember 2026 Prix d&rsquo;excellence de l&rsquo;Alsace Decree n\u00b0 2021-461 [&hellip;]<\/p>\n","protected":false},"author":1,"featured_media":0,"parent":0,"menu_order":0,"comment_status":"closed","ping_status":"closed","template":"","meta":{"_acf_changed":false,"_et_pb_use_builder":"on","_et_pb_old_content":"","_et_gb_content_width":"","inline_featured_image":false,"footnotes":""},"class_list":["post-9883","page","type-page","status-publish","hentry"],"acf":[],"yoast_head":"<!-- This site is optimized with the Yoast SEO Premium plugin v27.2 (Yoast SEO v27.3) - https:\/\/yoast.com\/product\/yoast-seo-premium-wordpress\/ -->\n<title>Certifications - L&amp;L Products - Ing\u00e9nierie appliqu\u00e9e &amp; Science des mat\u00e9riaux<\/title>\n<meta name=\"robots\" content=\"index, follow, max-snippet:-1, max-image-preview:large, max-video-preview:-1\" \/>\n<link rel=\"canonical\" href=\"https:\/\/www.llproducts.com\/fr-fr\/certifications\/\" \/>\n<meta property=\"og:locale\" content=\"fr_FR\" \/>\n<meta property=\"og:type\" content=\"article\" \/>\n<meta property=\"og:title\" content=\"Certifications\" \/>\n<meta property=\"og:description\" content=\"Certificates Global Politique de s\u00e9curit\u00e9 de l&#039;information Continents Am\u00e9ricains Certificats \u00c9tats-Unis\u202f: Usine de Romeo\u00a0 ISO 9001: 2015 - March 2027 IATF 16949 \u2013\u00a0March 2027 ISO 14001 \u2013 Mars 2027 ISO 45001 \u2013 Novembre 2026 TISAX\u00ae Assessment Scope S49K8W Certificats \u00c9tats-Unis\u202f: Usine de Columbia\u00a0 IATF 16949 \u2013 Avril 2027 ISO 45001 - Dezember 2027 Certificates Brazil:\u00a0 Usine de\u00a0S\u00e3o Paulo IATF 16949 \u2013 Ao\u00fbt 2027 ISO 9001 \u2013 Ao\u00fbt 2027 ISO 14001:2015 - Mai 2027 TISAX\u00ae Assessment Scope S3FYRZ APAC Certificats China: Usine de\u00a0Shanghai IATF 16949 \u2013 Juin 2027 ISO 14001 \u2013 Mai 2027 ISO 45001 - Mai 2028 ISO 9001 - EN\/AS9100 \u00a0- May 2027 TISAX\u00ae Assessment Scope SWF45W IMEA Certificats India: Usine de\u00a0Pune ISO 45001: 2018 - Mai 2027 IATF 16949 - November 2026 ISO 14001 - Mai 2027 Intertek Certificate Politique d&#039;engagement social D\u00e9claration annuelle Inde D\u00e9claration annuelle Inde 2021-22 D\u00e9claration annuelle Inde 2022-23 D\u00e9claration annuelle Inde 2023-24 D\u00e9claration annuelle Inde 2024-25 Europe Politique Europ\u00e9enne de Qualit\u00e9 et de S\u00e9curit\u00e9 des Produits Certificats France\u202f: Usine de Altorf ISO 9001 \u2013 Ao\u00fbt 2027 IATF 16949 \u2013 Ao\u00fbt 2027 ISO 14001 \u2013 Dezember 2026 AS\/EN 9100 \u2013 February 2027 ISO 45001:2018 - Dezember 2026 Prix d&#039;excellence de l&#039;Alsace Decree n\u00b0 2021-461 [&hellip;]\" \/>\n<meta property=\"og:url\" content=\"https:\/\/www.llproducts.com\/fr-fr\/certifications\/\" \/>\n<meta property=\"og:site_name\" content=\"L&amp;L Products - Ing\u00e9nierie appliqu\u00e9e &amp; Science des mat\u00e9riaux\" \/>\n<meta property=\"article:modified_time\" content=\"2026-02-17T18:58:19+00:00\" \/>\n<meta name=\"twitter:card\" content=\"summary_large_image\" \/>\n<meta name=\"twitter:label1\" content=\"Est. reading time\" \/>\n\t<meta name=\"twitter:data1\" content=\"2 minutes\" \/>\n<script type=\"application\/ld+json\" class=\"yoast-schema-graph\">{\"@context\":\"https:\\\/\\\/schema.org\",\"@graph\":[{\"@type\":\"WebPage\",\"@id\":\"https:\\\/\\\/www.llproducts.com\\\/fr-fr\\\/certifications\\\/\",\"url\":\"https:\\\/\\\/www.llproducts.com\\\/fr-fr\\\/certifications\\\/\",\"name\":\"Certifications - L&amp;L Products - Ing\u00e9nierie appliqu\u00e9e &amp; Science des mat\u00e9riaux\",\"isPartOf\":{\"@id\":\"https:\\\/\\\/www.llproducts.com\\\/fr-fr\\\/#website\"},\"datePublished\":\"2024-10-21T14:52:23+00:00\",\"dateModified\":\"2026-02-17T18:58:19+00:00\",\"breadcrumb\":{\"@id\":\"https:\\\/\\\/www.llproducts.com\\\/fr-fr\\\/certifications\\\/#breadcrumb\"},\"inLanguage\":\"fr-FR\",\"potentialAction\":[{\"@type\":\"ReadAction\",\"target\":[\"https:\\\/\\\/www.llproducts.com\\\/fr-fr\\\/certifications\\\/\"]}]},{\"@type\":\"BreadcrumbList\",\"@id\":\"https:\\\/\\\/www.llproducts.com\\\/fr-fr\\\/certifications\\\/#breadcrumb\",\"itemListElement\":[{\"@type\":\"ListItem\",\"position\":1,\"name\":\"Home\",\"item\":\"https:\\\/\\\/www.llproducts.com\\\/fr-fr\\\/\"},{\"@type\":\"ListItem\",\"position\":2,\"name\":\"Certifications\"}]},{\"@type\":\"WebSite\",\"@id\":\"https:\\\/\\\/www.llproducts.com\\\/fr-fr\\\/#website\",\"url\":\"https:\\\/\\\/www.llproducts.com\\\/fr-fr\\\/\",\"name\":\"L&amp;L Products - Ing\u00e9nierie appliqu\u00e9e &amp; Science des mat\u00e9riaux\",\"description\":\"\",\"potentialAction\":[{\"@type\":\"SearchAction\",\"target\":{\"@type\":\"EntryPoint\",\"urlTemplate\":\"https:\\\/\\\/www.llproducts.com\\\/fr-fr\\\/?s={search_term_string}\"},\"query-input\":{\"@type\":\"PropertyValueSpecification\",\"valueRequired\":true,\"valueName\":\"search_term_string\"}}],\"inLanguage\":\"fr-FR\"}]}<\/script>\n<!-- \/ Yoast SEO Premium plugin. -->","yoast_head_json":{"title":"Certifications - L&amp;L Products - Ing\u00e9nierie appliqu\u00e9e &amp; Science des mat\u00e9riaux","robots":{"index":"index","follow":"follow","max-snippet":"max-snippet:-1","max-image-preview":"max-image-preview:large","max-video-preview":"max-video-preview:-1"},"canonical":"https:\/\/www.llproducts.com\/fr-fr\/certifications\/","og_locale":"fr_FR","og_type":"article","og_title":"Certifications","og_description":"Certificates Global Politique de s\u00e9curit\u00e9 de l'information Continents Am\u00e9ricains Certificats \u00c9tats-Unis\u202f: Usine de Romeo\u00a0 ISO 9001: 2015 - March 2027 IATF 16949 \u2013\u00a0March 2027 ISO 14001 \u2013 Mars 2027 ISO 45001 \u2013 Novembre 2026 TISAX\u00ae Assessment Scope S49K8W Certificats \u00c9tats-Unis\u202f: Usine de Columbia\u00a0 IATF 16949 \u2013 Avril 2027 ISO 45001 - Dezember 2027 Certificates Brazil:\u00a0 Usine de\u00a0S\u00e3o Paulo IATF 16949 \u2013 Ao\u00fbt 2027 ISO 9001 \u2013 Ao\u00fbt 2027 ISO 14001:2015 - Mai 2027 TISAX\u00ae Assessment Scope S3FYRZ APAC Certificats China: Usine de\u00a0Shanghai IATF 16949 \u2013 Juin 2027 ISO 14001 \u2013 Mai 2027 ISO 45001 - Mai 2028 ISO 9001 - EN\/AS9100 \u00a0- May 2027 TISAX\u00ae Assessment Scope SWF45W IMEA Certificats India: Usine de\u00a0Pune ISO 45001: 2018 - Mai 2027 IATF 16949 - November 2026 ISO 14001 - Mai 2027 Intertek Certificate Politique d'engagement social D\u00e9claration annuelle Inde D\u00e9claration annuelle Inde 2021-22 D\u00e9claration annuelle Inde 2022-23 D\u00e9claration annuelle Inde 2023-24 D\u00e9claration annuelle Inde 2024-25 Europe Politique Europ\u00e9enne de Qualit\u00e9 et de S\u00e9curit\u00e9 des Produits Certificats France\u202f: Usine de Altorf ISO 9001 \u2013 Ao\u00fbt 2027 IATF 16949 \u2013 Ao\u00fbt 2027 ISO 14001 \u2013 Dezember 2026 AS\/EN 9100 \u2013 February 2027 ISO 45001:2018 - Dezember 2026 Prix d'excellence de l'Alsace Decree n\u00b0 2021-461 [&hellip;]","og_url":"https:\/\/www.llproducts.com\/fr-fr\/certifications\/","og_site_name":"L&amp;L Products - Ing\u00e9nierie appliqu\u00e9e &amp; Science des mat\u00e9riaux","article_modified_time":"2026-02-17T18:58:19+00:00","twitter_card":"summary_large_image","twitter_misc":{"Est. reading time":"2 minutes"},"schema":{"@context":"https:\/\/schema.org","@graph":[{"@type":"WebPage","@id":"https:\/\/www.llproducts.com\/fr-fr\/certifications\/","url":"https:\/\/www.llproducts.com\/fr-fr\/certifications\/","name":"Certifications - L&amp;L Products - Ing\u00e9nierie appliqu\u00e9e &amp; Science des mat\u00e9riaux","isPartOf":{"@id":"https:\/\/www.llproducts.com\/fr-fr\/#website"},"datePublished":"2024-10-21T14:52:23+00:00","dateModified":"2026-02-17T18:58:19+00:00","breadcrumb":{"@id":"https:\/\/www.llproducts.com\/fr-fr\/certifications\/#breadcrumb"},"inLanguage":"fr-FR","potentialAction":[{"@type":"ReadAction","target":["https:\/\/www.llproducts.com\/fr-fr\/certifications\/"]}]},{"@type":"BreadcrumbList","@id":"https:\/\/www.llproducts.com\/fr-fr\/certifications\/#breadcrumb","itemListElement":[{"@type":"ListItem","position":1,"name":"Home","item":"https:\/\/www.llproducts.com\/fr-fr\/"},{"@type":"ListItem","position":2,"name":"Certifications"}]},{"@type":"WebSite","@id":"https:\/\/www.llproducts.com\/fr-fr\/#website","url":"https:\/\/www.llproducts.com\/fr-fr\/","name":"L&amp;L Products - Ing\u00e9nierie appliqu\u00e9e &amp; Science des mat\u00e9riaux","description":"","potentialAction":[{"@type":"SearchAction","target":{"@type":"EntryPoint","urlTemplate":"https:\/\/www.llproducts.com\/fr-fr\/?s={search_term_string}"},"query-input":{"@type":"PropertyValueSpecification","valueRequired":true,"valueName":"search_term_string"}}],"inLanguage":"fr-FR"}]}},"_links":{"self":[{"href":"https:\/\/www.llproducts.com\/fr-fr\/wp-json\/wp\/v2\/pages\/9883","targetHints":{"allow":["GET"]}}],"collection":[{"href":"https:\/\/www.llproducts.com\/fr-fr\/wp-json\/wp\/v2\/pages"}],"about":[{"href":"https:\/\/www.llproducts.com\/fr-fr\/wp-json\/wp\/v2\/types\/page"}],"author":[{"embeddable":true,"href":"https:\/\/www.llproducts.com\/fr-fr\/wp-json\/wp\/v2\/users\/1"}],"replies":[{"embeddable":true,"href":"https:\/\/www.llproducts.com\/fr-fr\/wp-json\/wp\/v2\/comments?post=9883"}],"version-history":[{"count":0,"href":"https:\/\/www.llproducts.com\/fr-fr\/wp-json\/wp\/v2\/pages\/9883\/revisions"}],"wp:attachment":[{"href":"https:\/\/www.llproducts.com\/fr-fr\/wp-json\/wp\/v2\/media?parent=9883"}],"curies":[{"name":"wp","href":"https:\/\/api.w.org\/{rel}","templated":true}]}}