{"id":10112,"date":"2024-10-24T20:45:21","date_gmt":"2024-10-24T20:45:21","guid":{"rendered":"https:\/\/llproducts1.wpenginepowered.com\/pt-br\/?page_id=10112"},"modified":"2026-04-16T18:26:27","modified_gmt":"2026-04-16T18:26:27","slug":"ll-bond","status":"publish","type":"page","link":"https:\/\/www.llproducts.com\/pt-br\/produtos-solucoes\/ll-products-solutions-offerings\/ll-bond\/","title":{"rendered":"L&amp;L Bond"},"content":{"rendered":"<div class=\"et_pb_section_0 et_pb_section et_section_regular et_block_section\"><div class=\"et_pb_row_0 et_pb_row et_pb_gutters1 et_block_row inner-title-row\"><div class=\"et_pb_column_0 et_pb_column et_pb_column_2_3 et_block_column et_pb_css_mix_blend_mode_passthrough\"><div class=\"et_pb_image_0 et_pb_image et_pb_module et_block_module\"><span class=\"et_pb_image_wrap\"><img decoding=\"async\" data-src=\"https:\/\/www.llproducts.com\/pt-br\/wp-content\/smush-webp\/sites\/20\/2025\/05\/LL-Bond-Header-Photo.png.webp\" width=\"1920\" height=\"1080\" data-srcset=\"https:\/\/www.llproducts.com\/pt-br\/wp-content\/smush-webp\/sites\/20\/2025\/05\/LL-Bond-Header-Photo.png.webp 1920w, https:\/\/www.llproducts.com\/pt-br\/wp-content\/smush-webp\/sites\/20\/2025\/05\/LL-Bond-Header-Photo-1280x720.png.webp 1280w, https:\/\/www.llproducts.com\/pt-br\/wp-content\/smush-webp\/sites\/20\/2025\/05\/LL-Bond-Header-Photo-980x551.png.webp 980w, https:\/\/www.llproducts.com\/pt-br\/wp-content\/smush-webp\/sites\/20\/2025\/05\/LL-Bond-Header-Photo-480x270.png.webp 480w\" data-sizes=\"auto\" class=\"wp-image-13012 lazyload\" title=\"LL Bond Header Photo\" src=\"data:image\/svg+xml;base64,PHN2ZyB3aWR0aD0iMSIgaGVpZ2h0PSIxIiB4bWxucz0iaHR0cDovL3d3dy53My5vcmcvMjAwMC9zdmciPjwvc3ZnPg==\" style=\"--smush-placeholder-width: 1920px; --smush-placeholder-aspect-ratio: 1920\/1080;\" data-original-sizes=\"(min-width: 0px) and (max-width: 480px) 480px, (min-width: 481px) and (max-width: 980px) 980px, (min-width: 981px) and (max-width: 1280px) 1280px, (min-width: 1281px) 1920px, 100vw\" \/><\/span><\/div><\/div><div class=\"et_pb_column_1 et_pb_column et_pb_column_1_3 et-last-child et_block_column et_pb_css_mix_blend_mode_passthrough et_animated inner-title-col alt-title-col\"><div class=\"et_pb_text_0 et_pb_text et_pb_bg_layout_dark et_pb_module et_block_module\"><div class=\"et_pb_text_inner\"><p>L&amp;L BOND<\/p>\n<\/div><\/div><div class=\"et_pb_text_1 et_pb_text et_pb_bg_layout_dark et_pb_module et_block_module inner-title-2\"><div class=\"et_pb_text_inner\"><h1>Liga\u00e7\u00e3o mais forte,<br \/>\nsolu\u00e7\u00f5es comprovadas<\/h1>\n<\/div><\/div><div class=\"et_pb_text_2 et_pb_text et_pb_bg_layout_dark et_pb_module et_block_module\"><div class=\"et_pb_text_inner\"><p>A L&amp;L Products desenvolve uma ampla gama de tecnologias adesivas projetadas para criar liga\u00e7\u00f5es de alta resist\u00eancia e melhorar o desempenho geral, ao mesmo tempo em que ajudam a prevenir a corros\u00e3o galv\u00e2nica, aumentar a durabilidade e aprimorar a seguran\u00e7a e a efici\u00eancia dos trabalhadores.<\/p>\n<\/div><\/div><\/div><\/div><div class=\"et_pb_row_1 et_pb_row et_block_row\"><div class=\"et_pb_column_2 et_pb_column et_pb_column_4_4 et-last-child et_block_column et_pb_css_mix_blend_mode_passthrough\"><div class=\"et_pb_sidebar_0 et_pb_widget_area clearfix et_pb_widget_area_left et_pb_bg_layout_light et_pb_sidebar_no_border et_pb_module et_block_module breadcrumbs\"><div id=\"block-10\" class=\"et_pb_widget widget_block\"><div class=\"yoast-breadcrumbs\"><span><span><a href=\"https:\/\/www.llproducts.com\/pt-br\/\">Home<\/a><\/span> <span aria-hidden=\"true\" data-icon=\"\ue93c\" class=\"icomoon icon-chevron-right\"><\/span> <span><a href=\"https:\/\/www.llproducts.com\/pt-br\/produtos-solucoes\/\">Produtos &#038; Solu\u00e7\u00f5es<\/a><\/span> <span aria-hidden=\"true\" data-icon=\"\ue93c\" class=\"icomoon icon-chevron-right\"><\/span> <span><a href=\"https:\/\/www.llproducts.com\/pt-br\/produtos-solucoes\/ll-products-solutions-offerings\/\">L&#038;L Products Solutions<\/a><\/span> <span aria-hidden=\"true\" data-icon=\"\ue93c\" class=\"icomoon icon-chevron-right\"><\/span> <span class=\"breadcrumb_last\" aria-current=\"page\">L&amp;L Bond<\/span><\/span><\/div><\/div><\/div><\/div><\/div><div class=\"et_pb_row_2 et_pb_row et_pb_equal_columns et_pb_gutters2 et_block_row\"><div class=\"et_pb_column_3 et_pb_column et_pb_column_1_2 et_block_column et_pb_css_mix_blend_mode_passthrough\"><div class=\"et_pb_text_3 et_pb_text et_pb_bg_layout_light et_pb_module et_block_module\"><div class=\"et_pb_text_inner\"><h1>L&amp;L Bond<\/h1>\n<h3><span>Adesivos inovadores que tornam as estruturas mais leves e resistentes<\/span><\/h3>\n<\/div><\/div><div class=\"et_pb_text_4 et_pb_text et_pb_bg_layout_light et_pb_module et_block_module\"><div class=\"et_pb_text_inner\"><p>Desde a d\u00e9cada de 90, a L&amp;L fornece adesivos ativados por calor para substituir e aprimorar m\u00e9todos de soldagem, brasagem e uni\u00e3o mec\u00e2nica na ind\u00fastria automobil\u00edstica. Desde ent\u00e3o, utilizamos nossa expertise em tecnologia de ades\u00e3o para expandir nossa gama de solu\u00e7\u00f5es, incluindo adesivos comp\u00f3sitos avan\u00e7ados e de cura ambiente para atender a ind\u00fastrias al\u00e9m da automotiva.<\/p>\n<\/div><\/div><\/div><div class=\"et_pb_column_4 et_pb_column et_pb_column_1_2 et-last-child et_block_column et_pb_css_mix_blend_mode_passthrough et_animated\"><div class=\"et_pb_code_0 et_pb_code et_pb_text_align_center et_pb_module\"><div class=\"et_pb_code_inner\"><span style=\"font-size: 36px; color: #ffffff;\" aria-hidden=\"true\" data-icon=\"\ue7d7\" class=\"iconmoon icon-bubbles\"><\/span><\/div><\/div><div class=\"et_pb_text_5 et_pb_text et_pb_bg_layout_dark et_pb_module et_block_module et_pb_text_align_center\"><div class=\"et_pb_text_inner\"><h2 class=\"no-dot\">Entre em contato!<\/h2>\n<\/div><\/div><div class=\"et_pb_text_6 et_pb_text et_pb_bg_layout_dark et_pb_module et_block_module et_pb_text_align_center\"><div class=\"et_pb_text_inner\"><p>Interessado em nossas Solu\u00e7\u00f5es de Veda\u00e7\u00e3o? Aguardamos ansiosamente uma conversa!<\/p>\n<\/div><\/div><div class=\"et_pb_module et_pb_button_module_wrapper et_pb_button_0_wrapper\"><a class=\"et_pb_button_0 et_pb_button et_pb_bg_layout_light et_pb_module et_block_module wht-btn popmake-9878\" href=\"#\">Contato<\/a><\/div><\/div><\/div><\/div><div class=\"et_pb_section_1 et_pb_section et_section_regular et_block_section\"><div class=\"et_pb_row_3 et_pb_row et_block_row\"><div class=\"et_pb_column_5 et_pb_column et_pb_column_4_4 et-last-child et_block_column et_pb_css_mix_blend_mode_passthrough reveal-text\"><div class=\"et_pb_blurb_0 et_pb_blurb et_pb_bg_layout_dark et_pb_blurb_position_left et_pb_module et_block_module\"><div class=\"et_pb_blurb_content\"><div class=\"et_pb_main_blurb_image\"><span class=\"et_pb_image_wrap\"><span class=\"et-pb-icon\">=<\/span><\/span><\/div><div class=\"et_pb_blurb_container\"><h3 class=\"et_pb_module_header\">Adesivos Comp\u00f3sitos Avan\u00e7ados L&L Bond<\/h3><div class=\"et_pb_blurb_description\"><p>Os Adesivos Comp\u00f3sitos Avan\u00e7ados L&amp;L Bond apresentam uma s\u00e9rie de adesivos leves, compat\u00edveis com FST, que permitem a colagem e o refor\u00e7o de n\u00facleos alveolares em \u00e1reas estrat\u00e9gicas.<\/p>\n<p><a href=\"https:\/\/www.llproducts.com\/pt-br\/produtos-solucoes\/ll-products-solutions-offerings\/adesivos-compostos-avancados\" class=\"et_pb_button et_pb_button_0 et_pb_bg_layout_light\" target=\"_blank\" rel=\"noopener\">Saiba mais<\/a><\/p>\n<\/div><\/div><\/div><\/div><\/div><\/div><div class=\"et_pb_row_4 et_pb_row et_block_row\"><div class=\"et_pb_column_6 et_pb_column et_pb_column_4_4 et-last-child et_block_column et_pb_css_mix_blend_mode_passthrough reveal-text\"><div class=\"et_pb_blurb_1 et_pb_blurb et_pb_bg_layout_dark et_pb_blurb_position_left et_pb_module et_block_module\"><div class=\"et_pb_blurb_content\"><div class=\"et_pb_main_blurb_image\"><span class=\"et_pb_image_wrap\"><span class=\"et-pb-icon\">=<\/span><\/span><\/div><div class=\"et_pb_blurb_container\"><h3 class=\"et_pb_module_header\">L&L PHASTER\u00ae<\/h3><div class=\"et_pb_blurb_description\"><p>Os adesivos espumantes e n\u00e3o espumantes PHASTER<sup>\u00ae<\/sup> s\u00e3o capazes de preencher lacunas e gerar liga\u00e7\u00f5es estruturais ou semiestruturais.<\/p>\n<p><a href=\"hhttps:\/\/phaster.llproducts.com\/pt-br\/phaster-solucao-de-colagem\/\" class=\"et_pb_button et_pb_button_0 et_pb_bg_layout_light\" target=\"_blank\" rel=\"noopener\">Saiba mais<\/a><\/p>\n<\/div><\/div><\/div><\/div><\/div><\/div><div class=\"et_pb_row_5 et_pb_row et_block_row\"><div class=\"et_pb_column_7 et_pb_column et_pb_column_4_4 et-last-child et_block_column et_pb_css_mix_blend_mode_passthrough reveal-text\"><div class=\"et_pb_blurb_2 et_pb_blurb et_pb_bg_layout_dark et_pb_blurb_position_left et_pb_module et_block_module\"><div class=\"et_pb_blurb_content\"><div class=\"et_pb_main_blurb_image\"><span class=\"et_pb_image_wrap\"><span class=\"et-pb-icon\">=<\/span><\/span><\/div><div class=\"et_pb_blurb_container\"><h3 class=\"et_pb_module_header\">L&L T-Link\u00ae<\/h3><div class=\"et_pb_blurb_description\"><p><span>T-Link\u00ae, nosso adesivo termopl\u00e1stico de engenharia avan\u00e7ada, combina ades\u00e3o superior com as caracter\u00edsticas de processamento de um termopl\u00e1stico.<\/span><\/p>\n<p><a class=\"et_pb_button et_pb_button_0 et_pb_bg_layout_light\" href=\"https:\/\/tlink.llproducts.com\/pt-br\/\" target=\"_blank\" rel=\"noopener\">Saiba mais<\/a><\/p>\n<\/div><\/div><\/div><\/div><\/div><\/div><div class=\"et_pb_row_6 et_pb_row et_block_row\"><div class=\"et_pb_column_8 et_pb_column et_pb_column_4_4 et-last-child et_block_column et_pb_css_mix_blend_mode_passthrough reveal-text\"><div class=\"et_pb_blurb_3 et_pb_blurb et_pb_bg_layout_dark et_pb_blurb_position_left et_pb_module et_block_module\"><div class=\"et_pb_blurb_content\"><div class=\"et_pb_main_blurb_image\"><span class=\"et_pb_image_wrap\"><span class=\"et-pb-icon\">=<\/span><\/span><\/div><div class=\"et_pb_blurb_container\"><h3 class=\"et_pb_module_header\">Adesivos Estruturais Ativados por Calor L&L<\/h3><div class=\"et_pb_blurb_description\"><p>As Fitas Adesivas Estruturais L&amp;L Bond s\u00e3o adesivos estruturais de alto desempenho, ativados por calor, que s\u00e3o aplicados antes do processo de cozimento por e-coat e curam no forno de e-coat para proporcionar ades\u00e3o estrutural.<\/p>\n<p><a href=\"https:\/\/www.llproducts.com\/pt-br\/produtos-solucoes\/ll-products-solutions-offerings\/adesivos-estruturais-ativados-por-calor\" class=\"et_pb_button et_pb_button_0 et_pb_bg_layout_light\" target=\"_blank\" rel=\"noopener\">Saiba mais<\/a><\/p>\n<\/div><\/div><\/div><\/div><\/div><\/div><\/div><div class=\"et_pb_section_2 et_pb_section et_section_regular et_block_section\"><div class=\"et_pb_row_7 et_pb_row et_block_row\"><div class=\"et_pb_column_9 et_pb_column et_pb_column_4_4 et-last-child et_block_column et_pb_css_mix_blend_mode_passthrough\"><div class=\"et_pb_text_7 et_pb_text et_pb_bg_layout_light et_pb_module et_block_module\"><div class=\"et_pb_text_inner\"><h1>Tend\u00eancias<\/h1>\n<\/div><\/div><\/div><\/div><div class=\"et_pb_row_8 et_pb_row et_block_row\"><div class=\"et_pb_column_10 et_pb_column et_pb_column_4_4 et-last-child et_block_column et_pb_css_mix_blend_mode_passthrough\"><div class=\"et_pb_code_1 et_pb_code et_pb_module\"><div class=\"et_pb_code_inner\"><script src=\"https:\/\/static.elfsight.com\/platform\/platform.js\" async><\/script>\n<div class=\"elfsight-app-72e28d3a-cb29-47b9-b42c-d9b80ca2705a\" data-elfsight-app-lazy><\/div><\/div><\/div><\/div><\/div><\/div>","protected":false},"excerpt":{"rendered":"","protected":false},"author":4,"featured_media":10114,"parent":118,"menu_order":0,"comment_status":"closed","ping_status":"closed","template":"","meta":{"_acf_changed":false,"inline_featured_image":false,"footnotes":""},"class_list":["post-10112","page","type-page","status-publish","has-post-thumbnail","hentry"],"acf":[],"dsm_author":{"name":"lafata","avatar_url":"https:\/\/secure.gravatar.com\/avatar\/66f6e75e3378137d9b1a20f7ad6c54aa6acecd8466704fadf5641de9af89b844?s=96&d=mm&r=g","archive_link":"https:\/\/www.llproducts.com\/pt-br\/news-events\/author\/lafata\/","biodata":""},"dsm_categories":[],"dsm_attachment_categories":[],"dsm_featured_image":{"thumbnail":"https:\/\/www.llproducts.com\/pt-br\/wp-content\/uploads\/sites\/20\/2024\/10\/csm_llp_solutions_header_bond_6ab3c2aa1f-150x150.jpg","medium":"https:\/\/www.llproducts.com\/pt-br\/wp-content\/uploads\/sites\/20\/2024\/10\/csm_llp_solutions_header_bond_6ab3c2aa1f-300x95.jpg","medium_large":"https:\/\/www.llproducts.com\/pt-br\/wp-content\/uploads\/sites\/20\/2024\/10\/csm_llp_solutions_header_bond_6ab3c2aa1f-768x242.jpg","large":"https:\/\/www.llproducts.com\/pt-br\/wp-content\/uploads\/sites\/20\/2024\/10\/csm_llp_solutions_header_bond_6ab3c2aa1f-1024x323.jpg","1536x1536":"https:\/\/www.llproducts.com\/pt-br\/wp-content\/uploads\/sites\/20\/2024\/10\/csm_llp_solutions_header_bond_6ab3c2aa1f-1536x484.jpg","2048x2048":"https:\/\/www.llproducts.com\/pt-br\/wp-content\/uploads\/sites\/20\/2024\/10\/csm_llp_solutions_header_bond_6ab3c2aa1f.jpg","et-pb-post-main-image":"https:\/\/www.llproducts.com\/pt-br\/wp-content\/uploads\/sites\/20\/2024\/10\/csm_llp_solutions_header_bond_6ab3c2aa1f-400x250.jpg","et-pb-post-main-image-fullwidth":"https:\/\/www.llproducts.com\/pt-br\/wp-content\/uploads\/sites\/20\/2024\/10\/csm_llp_solutions_header_bond_6ab3c2aa1f-1080x567.jpg","et-pb-portfolio-image":"https:\/\/www.llproducts.com\/pt-br\/wp-content\/uploads\/sites\/20\/2024\/10\/csm_llp_solutions_header_bond_6ab3c2aa1f-400x284.jpg","et-pb-portfolio-module-image":"https:\/\/www.llproducts.com\/pt-br\/wp-content\/uploads\/sites\/20\/2024\/10\/csm_llp_solutions_header_bond_6ab3c2aa1f-510x382.jpg","et-pb-portfolio-image-single":"https:\/\/www.llproducts.com\/pt-br\/wp-content\/uploads\/sites\/20\/2024\/10\/csm_llp_solutions_header_bond_6ab3c2aa1f-1080x340.jpg","et-pb-gallery-module-image-portrait":"https:\/\/www.llproducts.com\/pt-br\/wp-content\/uploads\/sites\/20\/2024\/10\/csm_llp_solutions_header_bond_6ab3c2aa1f-400x516.jpg","et-pb-post-main-image-fullwidth-large":"https:\/\/www.llproducts.com\/pt-br\/wp-content\/uploads\/sites\/20\/2024\/10\/csm_llp_solutions_header_bond_6ab3c2aa1f.jpg","et-pb-image--responsive--desktop":"https:\/\/www.llproducts.com\/pt-br\/wp-content\/uploads\/sites\/20\/2024\/10\/csm_llp_solutions_header_bond_6ab3c2aa1f-1280x403.jpg","et-pb-image--responsive--tablet":"https:\/\/www.llproducts.com\/pt-br\/wp-content\/uploads\/sites\/20\/2024\/10\/csm_llp_solutions_header_bond_6ab3c2aa1f-980x309.jpg","et-pb-image--responsive--phone":"https:\/\/www.llproducts.com\/pt-br\/wp-content\/uploads\/sites\/20\/2024\/10\/csm_llp_solutions_header_bond_6ab3c2aa1f-480x151.jpg","gform-image-choice-sm":"https:\/\/www.llproducts.com\/pt-br\/wp-content\/uploads\/sites\/20\/2024\/10\/csm_llp_solutions_header_bond_6ab3c2aa1f.jpg","gform-image-choice-md":"https:\/\/www.llproducts.com\/pt-br\/wp-content\/uploads\/sites\/20\/2024\/10\/csm_llp_solutions_header_bond_6ab3c2aa1f.jpg","gform-image-choice-lg":"https:\/\/www.llproducts.com\/pt-br\/wp-content\/uploads\/sites\/20\/2024\/10\/csm_llp_solutions_header_bond_6ab3c2aa1f.jpg","full":"https:\/\/www.llproducts.com\/pt-br\/wp-content\/uploads\/sites\/20\/2024\/10\/csm_llp_solutions_header_bond_6ab3c2aa1f.jpg"},"yoast_head":"<!-- This site is optimized with the Yoast SEO Premium plugin v27.3 (Yoast SEO v27.4) - https:\/\/yoast.com\/product\/yoast-seo-premium-wordpress\/ -->\n<title>L&amp;L Bond - L&amp;L Products - Engenharia Aplicada e Ci\u00eancia dos Materiais<\/title>\n<meta name=\"robots\" content=\"index, follow, max-snippet:-1, max-image-preview:large, max-video-preview:-1\" \/>\n<link rel=\"canonical\" href=\"https:\/\/www.llproducts.com\/pt-br\/produtos-solucoes\/ll-products-solutions-offerings\/ll-bond\/\" \/>\n<meta property=\"og:locale\" content=\"pt_PT\" \/>\n<meta property=\"og:type\" content=\"article\" \/>\n<meta property=\"og:title\" content=\"L&amp;L Bond\" \/>\n<meta property=\"og:url\" content=\"https:\/\/www.llproducts.com\/pt-br\/produtos-solucoes\/ll-products-solutions-offerings\/ll-bond\/\" \/>\n<meta property=\"og:site_name\" content=\"L&amp;L Products - Engenharia Aplicada e Ci\u00eancia dos Materiais\" \/>\n<meta property=\"article:modified_time\" content=\"2026-04-16T18:26:27+00:00\" \/>\n<meta property=\"og:image\" content=\"https:\/\/www.llproducts.com\/pt-br\/wp-content\/uploads\/sites\/20\/2024\/10\/csm_llp_solutions_header_bond_6ab3c2aa1f.jpg\" \/>\n\t<meta property=\"og:image:width\" content=\"1800\" \/>\n\t<meta property=\"og:image:height\" content=\"567\" \/>\n\t<meta property=\"og:image:type\" content=\"image\/jpeg\" \/>\n<meta name=\"twitter:card\" content=\"summary_large_image\" \/>\n<meta name=\"twitter:label1\" content=\"Est. reading time\" \/>\n\t<meta name=\"twitter:data1\" content=\"11 minutos\" \/>\n<script type=\"application\/ld+json\" class=\"yoast-schema-graph\">{\"@context\":\"https:\\\/\\\/schema.org\",\"@graph\":[{\"@type\":\"WebPage\",\"@id\":\"https:\\\/\\\/www.llproducts.com\\\/pt-br\\\/produtos-solucoes\\\/ll-products-solutions-offerings\\\/ll-bond\\\/\",\"url\":\"https:\\\/\\\/www.llproducts.com\\\/pt-br\\\/produtos-solucoes\\\/ll-products-solutions-offerings\\\/ll-bond\\\/\",\"name\":\"L&amp;L Bond - L&amp;L Products - Engenharia Aplicada e Ci\u00eancia dos Materiais\",\"isPartOf\":{\"@id\":\"https:\\\/\\\/www.llproducts.com\\\/pt-br\\\/#website\"},\"primaryImageOfPage\":{\"@id\":\"https:\\\/\\\/www.llproducts.com\\\/pt-br\\\/produtos-solucoes\\\/ll-products-solutions-offerings\\\/ll-bond\\\/#primaryimage\"},\"image\":{\"@id\":\"https:\\\/\\\/www.llproducts.com\\\/pt-br\\\/produtos-solucoes\\\/ll-products-solutions-offerings\\\/ll-bond\\\/#primaryimage\"},\"thumbnailUrl\":\"https:\\\/\\\/www.llproducts.com\\\/pt-br\\\/wp-content\\\/uploads\\\/sites\\\/20\\\/2024\\\/10\\\/csm_llp_solutions_header_bond_6ab3c2aa1f.jpg\",\"datePublished\":\"2024-10-24T20:45:21+00:00\",\"dateModified\":\"2026-04-16T18:26:27+00:00\",\"breadcrumb\":{\"@id\":\"https:\\\/\\\/www.llproducts.com\\\/pt-br\\\/produtos-solucoes\\\/ll-products-solutions-offerings\\\/ll-bond\\\/#breadcrumb\"},\"inLanguage\":\"pt-PT\",\"potentialAction\":[{\"@type\":\"ReadAction\",\"target\":[\"https:\\\/\\\/www.llproducts.com\\\/pt-br\\\/produtos-solucoes\\\/ll-products-solutions-offerings\\\/ll-bond\\\/\"]}]},{\"@type\":\"ImageObject\",\"inLanguage\":\"pt-PT\",\"@id\":\"https:\\\/\\\/www.llproducts.com\\\/pt-br\\\/produtos-solucoes\\\/ll-products-solutions-offerings\\\/ll-bond\\\/#primaryimage\",\"url\":\"https:\\\/\\\/www.llproducts.com\\\/pt-br\\\/wp-content\\\/uploads\\\/sites\\\/20\\\/2024\\\/10\\\/csm_llp_solutions_header_bond_6ab3c2aa1f.jpg\",\"contentUrl\":\"https:\\\/\\\/www.llproducts.com\\\/pt-br\\\/wp-content\\\/uploads\\\/sites\\\/20\\\/2024\\\/10\\\/csm_llp_solutions_header_bond_6ab3c2aa1f.jpg\",\"width\":1800,\"height\":567,\"caption\":\"L&L Bond\"},{\"@type\":\"BreadcrumbList\",\"@id\":\"https:\\\/\\\/www.llproducts.com\\\/pt-br\\\/produtos-solucoes\\\/ll-products-solutions-offerings\\\/ll-bond\\\/#breadcrumb\",\"itemListElement\":[{\"@type\":\"ListItem\",\"position\":1,\"name\":\"Home\",\"item\":\"https:\\\/\\\/www.llproducts.com\\\/pt-br\\\/\"},{\"@type\":\"ListItem\",\"position\":2,\"name\":\"Produtos &#038; Solu\u00e7\u00f5es\",\"item\":\"https:\\\/\\\/www.llproducts.com\\\/pt-br\\\/produtos-solucoes\\\/\"},{\"@type\":\"ListItem\",\"position\":3,\"name\":\"L&#038;L Products Solutions\",\"item\":\"https:\\\/\\\/www.llproducts.com\\\/pt-br\\\/produtos-solucoes\\\/ll-products-solutions-offerings\\\/\"},{\"@type\":\"ListItem\",\"position\":4,\"name\":\"L&amp;L Bond\"}]},{\"@type\":\"WebSite\",\"@id\":\"https:\\\/\\\/www.llproducts.com\\\/pt-br\\\/#website\",\"url\":\"https:\\\/\\\/www.llproducts.com\\\/pt-br\\\/\",\"name\":\"L&amp;L Products - Engenharia Aplicada e Ci\u00eancia dos Materiais\",\"description\":\"\",\"potentialAction\":[{\"@type\":\"SearchAction\",\"target\":{\"@type\":\"EntryPoint\",\"urlTemplate\":\"https:\\\/\\\/www.llproducts.com\\\/pt-br\\\/?s={search_term_string}\"},\"query-input\":{\"@type\":\"PropertyValueSpecification\",\"valueRequired\":true,\"valueName\":\"search_term_string\"}}],\"inLanguage\":\"pt-PT\"}]}<\/script>\n<!-- \/ Yoast SEO Premium plugin. -->","yoast_head_json":{"title":"L&amp;L Bond - L&amp;L Products - Engenharia Aplicada e Ci\u00eancia dos Materiais","robots":{"index":"index","follow":"follow","max-snippet":"max-snippet:-1","max-image-preview":"max-image-preview:large","max-video-preview":"max-video-preview:-1"},"canonical":"https:\/\/www.llproducts.com\/pt-br\/produtos-solucoes\/ll-products-solutions-offerings\/ll-bond\/","og_locale":"pt_PT","og_type":"article","og_title":"L&amp;L Bond","og_url":"https:\/\/www.llproducts.com\/pt-br\/produtos-solucoes\/ll-products-solutions-offerings\/ll-bond\/","og_site_name":"L&amp;L Products - Engenharia Aplicada e Ci\u00eancia dos Materiais","article_modified_time":"2026-04-16T18:26:27+00:00","og_image":[{"width":1800,"height":567,"url":"https:\/\/www.llproducts.com\/pt-br\/wp-content\/uploads\/sites\/20\/2024\/10\/csm_llp_solutions_header_bond_6ab3c2aa1f.jpg","type":"image\/jpeg"}],"twitter_card":"summary_large_image","twitter_misc":{"Est. reading time":"11 minutos"},"schema":{"@context":"https:\/\/schema.org","@graph":[{"@type":"WebPage","@id":"https:\/\/www.llproducts.com\/pt-br\/produtos-solucoes\/ll-products-solutions-offerings\/ll-bond\/","url":"https:\/\/www.llproducts.com\/pt-br\/produtos-solucoes\/ll-products-solutions-offerings\/ll-bond\/","name":"L&amp;L Bond - L&amp;L Products - Engenharia Aplicada e Ci\u00eancia dos Materiais","isPartOf":{"@id":"https:\/\/www.llproducts.com\/pt-br\/#website"},"primaryImageOfPage":{"@id":"https:\/\/www.llproducts.com\/pt-br\/produtos-solucoes\/ll-products-solutions-offerings\/ll-bond\/#primaryimage"},"image":{"@id":"https:\/\/www.llproducts.com\/pt-br\/produtos-solucoes\/ll-products-solutions-offerings\/ll-bond\/#primaryimage"},"thumbnailUrl":"https:\/\/www.llproducts.com\/pt-br\/wp-content\/uploads\/sites\/20\/2024\/10\/csm_llp_solutions_header_bond_6ab3c2aa1f.jpg","datePublished":"2024-10-24T20:45:21+00:00","dateModified":"2026-04-16T18:26:27+00:00","breadcrumb":{"@id":"https:\/\/www.llproducts.com\/pt-br\/produtos-solucoes\/ll-products-solutions-offerings\/ll-bond\/#breadcrumb"},"inLanguage":"pt-PT","potentialAction":[{"@type":"ReadAction","target":["https:\/\/www.llproducts.com\/pt-br\/produtos-solucoes\/ll-products-solutions-offerings\/ll-bond\/"]}]},{"@type":"ImageObject","inLanguage":"pt-PT","@id":"https:\/\/www.llproducts.com\/pt-br\/produtos-solucoes\/ll-products-solutions-offerings\/ll-bond\/#primaryimage","url":"https:\/\/www.llproducts.com\/pt-br\/wp-content\/uploads\/sites\/20\/2024\/10\/csm_llp_solutions_header_bond_6ab3c2aa1f.jpg","contentUrl":"https:\/\/www.llproducts.com\/pt-br\/wp-content\/uploads\/sites\/20\/2024\/10\/csm_llp_solutions_header_bond_6ab3c2aa1f.jpg","width":1800,"height":567,"caption":"L&L Bond"},{"@type":"BreadcrumbList","@id":"https:\/\/www.llproducts.com\/pt-br\/produtos-solucoes\/ll-products-solutions-offerings\/ll-bond\/#breadcrumb","itemListElement":[{"@type":"ListItem","position":1,"name":"Home","item":"https:\/\/www.llproducts.com\/pt-br\/"},{"@type":"ListItem","position":2,"name":"Produtos &#038; Solu\u00e7\u00f5es","item":"https:\/\/www.llproducts.com\/pt-br\/produtos-solucoes\/"},{"@type":"ListItem","position":3,"name":"L&#038;L Products Solutions","item":"https:\/\/www.llproducts.com\/pt-br\/produtos-solucoes\/ll-products-solutions-offerings\/"},{"@type":"ListItem","position":4,"name":"L&amp;L Bond"}]},{"@type":"WebSite","@id":"https:\/\/www.llproducts.com\/pt-br\/#website","url":"https:\/\/www.llproducts.com\/pt-br\/","name":"L&amp;L Products - Engenharia Aplicada e Ci\u00eancia dos Materiais","description":"","potentialAction":[{"@type":"SearchAction","target":{"@type":"EntryPoint","urlTemplate":"https:\/\/www.llproducts.com\/pt-br\/?s={search_term_string}"},"query-input":{"@type":"PropertyValueSpecification","valueRequired":true,"valueName":"search_term_string"}}],"inLanguage":"pt-PT"}]}},"_links":{"self":[{"href":"https:\/\/www.llproducts.com\/pt-br\/wp-json\/wp\/v2\/pages\/10112","targetHints":{"allow":["GET"]}}],"collection":[{"href":"https:\/\/www.llproducts.com\/pt-br\/wp-json\/wp\/v2\/pages"}],"about":[{"href":"https:\/\/www.llproducts.com\/pt-br\/wp-json\/wp\/v2\/types\/page"}],"author":[{"embeddable":true,"href":"https:\/\/www.llproducts.com\/pt-br\/wp-json\/wp\/v2\/users\/4"}],"replies":[{"embeddable":true,"href":"https:\/\/www.llproducts.com\/pt-br\/wp-json\/wp\/v2\/comments?post=10112"}],"version-history":[{"count":0,"href":"https:\/\/www.llproducts.com\/pt-br\/wp-json\/wp\/v2\/pages\/10112\/revisions"}],"up":[{"embeddable":true,"href":"https:\/\/www.llproducts.com\/pt-br\/wp-json\/wp\/v2\/pages\/118"}],"wp:featuredmedia":[{"embeddable":true,"href":"https:\/\/www.llproducts.com\/pt-br\/wp-json\/wp\/v2\/media\/10114"}],"wp:attachment":[{"href":"https:\/\/www.llproducts.com\/pt-br\/wp-json\/wp\/v2\/media?parent=10112"}],"curies":[{"name":"wp","href":"https:\/\/api.w.org\/{rel}","templated":true}]}}