{"id":1022,"date":"2024-10-02T19:34:12","date_gmt":"2024-10-02T19:34:12","guid":{"rendered":"https:\/\/llproducts1.wpenginepowered.com\/pt-br\/?page_id=1022"},"modified":"2026-04-16T18:26:47","modified_gmt":"2026-04-16T18:26:47","slug":"ll-acoustic","status":"publish","type":"page","link":"https:\/\/www.llproducts.com\/pt-br\/produtos-solucoes\/ll-products-solutions-offerings\/ll-acoustic\/","title":{"rendered":"L&#038;L Acoustic"},"content":{"rendered":"<div class=\"et_pb_section_0 et_pb_section et_section_regular et_block_section\"><div class=\"et_pb_row_0 et_pb_row et_pb_gutters1 et_block_row inner-title-row\"><div class=\"et_pb_column_0 et_pb_column et_pb_column_2_3 et_block_column et_pb_css_mix_blend_mode_passthrough\"><div class=\"et_pb_image_0 et_pb_image et_pb_module et_block_module\"><span class=\"et_pb_image_wrap\"><img decoding=\"async\" data-src=\"https:\/\/www.llproducts.com\/pt-br\/wp-content\/smush-webp\/sites\/20\/2025\/05\/LL-Acoustic-Header.png.webp\" width=\"1920\" height=\"1080\" data-srcset=\"https:\/\/www.llproducts.com\/pt-br\/wp-content\/smush-webp\/sites\/20\/2025\/05\/LL-Acoustic-Header.png.webp 1920w, https:\/\/www.llproducts.com\/pt-br\/wp-content\/smush-webp\/sites\/20\/2025\/05\/LL-Acoustic-Header-1280x720.png.webp 1280w, https:\/\/www.llproducts.com\/pt-br\/wp-content\/smush-webp\/sites\/20\/2025\/05\/LL-Acoustic-Header-980x551.png.webp 980w, https:\/\/www.llproducts.com\/pt-br\/wp-content\/smush-webp\/sites\/20\/2025\/05\/LL-Acoustic-Header-480x270.png.webp 480w\" data-sizes=\"auto\" class=\"wp-image-13008 lazyload\" title=\"LL Acoustic Header\" src=\"data:image\/svg+xml;base64,PHN2ZyB3aWR0aD0iMSIgaGVpZ2h0PSIxIiB4bWxucz0iaHR0cDovL3d3dy53My5vcmcvMjAwMC9zdmciPjwvc3ZnPg==\" style=\"--smush-placeholder-width: 1920px; --smush-placeholder-aspect-ratio: 1920\/1080;\" data-original-sizes=\"(min-width: 0px) and (max-width: 480px) 480px, (min-width: 481px) and (max-width: 980px) 980px, (min-width: 981px) and (max-width: 1280px) 1280px, (min-width: 1281px) 1920px, 100vw\" \/><\/span><\/div><\/div><div class=\"et_pb_column_1 et_pb_column et_pb_column_1_3 et-last-child et_block_column et_pb_css_mix_blend_mode_passthrough et_animated inner-title-col alt-title-col\"><div class=\"et_pb_text_0 et_pb_text et_pb_bg_layout_dark et_pb_module et_block_module\"><div class=\"et_pb_text_inner\"><p>L&amp;L ACOUSTIC<\/p>\n<\/div><\/div><div class=\"et_pb_text_1 et_pb_text et_pb_bg_layout_dark et_pb_module et_block_module inner-title-2\"><div class=\"et_pb_text_inner\"><h1><span>Produtos Inovadores para Aprimoramento Ac\u00fastico<\/span><\/h1>\n<\/div><\/div><div class=\"et_pb_text_2 et_pb_text et_pb_bg_layout_dark et_pb_module et_block_module\"><div class=\"et_pb_text_inner\"><div class=\"ewa-rteLine\">Nossa linha de solu\u00e7\u00f5es ac\u00fasticas ajust\u00e1veis \u200b\u200bfoi projetada para melhorar o desempenho das aplica\u00e7\u00f5es dos clientes, atendendo a frequ\u00eancias e amplitudes sonoras espec\u00edficas.<\/div>\n<div class=\"ewa-rteLine\"><\/div>\n<\/div><\/div><\/div><\/div><div class=\"et_pb_row_1 et_pb_row et_block_row\"><div class=\"et_pb_column_2 et_pb_column et_pb_column_4_4 et-last-child et_block_column et_pb_css_mix_blend_mode_passthrough\"><div class=\"et_pb_sidebar_0 et_pb_widget_area clearfix et_pb_widget_area_left et_pb_bg_layout_light et_pb_sidebar_no_border et_pb_module et_block_module breadcrumbs\"><div id=\"block-10\" class=\"et_pb_widget widget_block\"><div class=\"yoast-breadcrumbs\"><span><span><a href=\"https:\/\/www.llproducts.com\/pt-br\/\">Home<\/a><\/span> <span aria-hidden=\"true\" data-icon=\"\ue93c\" class=\"icomoon icon-chevron-right\"><\/span> <span><a href=\"https:\/\/www.llproducts.com\/pt-br\/produtos-solucoes\/\">Produtos &#038; Solu\u00e7\u00f5es<\/a><\/span> <span aria-hidden=\"true\" data-icon=\"\ue93c\" class=\"icomoon icon-chevron-right\"><\/span> <span><a href=\"https:\/\/www.llproducts.com\/pt-br\/produtos-solucoes\/ll-products-solutions-offerings\/\">L&#038;L Products Solutions<\/a><\/span> <span aria-hidden=\"true\" data-icon=\"\ue93c\" class=\"icomoon icon-chevron-right\"><\/span> <span class=\"breadcrumb_last\" aria-current=\"page\">L&#038;L Acoustic<\/span><\/span><\/div><\/div><\/div><\/div><\/div><div class=\"et_pb_row_2 et_pb_row et_pb_equal_columns et_pb_gutters2 et_block_row\"><div class=\"et_pb_column_3 et_pb_column et_pb_column_1_2 et_block_column et_pb_css_mix_blend_mode_passthrough\"><div class=\"et_pb_text_3 et_pb_text et_pb_bg_layout_light et_pb_module et_block_module\"><div class=\"et_pb_text_inner\"><h1>L&amp;L Acoustic<\/h1>\n<h3><span>Produtos Inovadores para Aprimoramento Ac\u00fastico<\/span><\/h3>\n<\/div><\/div><div class=\"et_pb_text_4 et_pb_text et_pb_bg_layout_light et_pb_module et_block_module\"><div class=\"et_pb_text_inner\"><div class=\"ewa-rteLine\">Desde a veda\u00e7\u00e3o de cavidades complexas, a minimiza\u00e7\u00e3o de vibra\u00e7\u00f5es, o aumento da rigidez estrutural ou o fornecimento de isolamento leve, todos t\u00eam um prop\u00f3sito em comum: aprimorar o desempenho ac\u00fastico. Com nossos amplos recursos de valida\u00e7\u00e3o, podemos fornecer uma solu\u00e7\u00e3o otimizada, possibilitando produtos mais silenciosos.<\/div>\n<\/div><\/div><\/div><div class=\"et_pb_column_4 et_pb_column et_pb_column_1_2 et-last-child et_block_column et_pb_css_mix_blend_mode_passthrough et_animated\"><div class=\"et_pb_code_0 et_pb_code et_pb_text_align_center et_pb_module\"><div class=\"et_pb_code_inner\"><span style=\"font-size: 36px; color: #ffffff;\" aria-hidden=\"true\" data-icon=\"\ue7d7\" class=\"iconmoon icon-bubbles\"><\/span><\/div><\/div><div class=\"et_pb_text_5 et_pb_text et_pb_bg_layout_dark et_pb_module et_block_module et_pb_text_align_center\"><div class=\"et_pb_text_inner\"><h2 class=\"no-dot\">Entre em contato!<\/h2>\n<\/div><\/div><div class=\"et_pb_text_6 et_pb_text et_pb_bg_layout_dark et_pb_module et_block_module et_pb_text_align_center\"><div class=\"et_pb_text_inner\"><p>Interessado em nossas Solu\u00e7\u00f5es de Veda\u00e7\u00e3o? Aguardamos ansiosamente uma conversa!<\/p>\n<\/div><\/div><div class=\"et_pb_module et_pb_button_module_wrapper et_pb_button_0_wrapper\"><a class=\"et_pb_button_0 et_pb_button et_pb_bg_layout_light et_pb_module et_block_module wht-btn popmake-9878\" href=\"#\">Contact<\/a><\/div><\/div><\/div><\/div><div class=\"et_pb_section_1 et_pb_section et_section_regular et_block_section\"><div class=\"et_pb_row_3 et_pb_row et_block_row\"><div class=\"et_pb_column_5 et_pb_column et_pb_column_4_4 et-last-child et_block_column et_pb_css_mix_blend_mode_passthrough reveal-text\"><div class=\"et_pb_blurb_0 et_pb_blurb et_pb_bg_layout_dark et_pb_blurb_position_left et_pb_module et_block_module\"><div class=\"et_pb_blurb_content\"><div class=\"et_pb_main_blurb_image\"><span class=\"et_pb_image_wrap\"><span class=\"et-pb-icon\">=<\/span><\/span><\/div><div class=\"et_pb_blurb_container\"><h3 class=\"et_pb_module_header\">Selantes Ac\u00fasticos Ativados por Calor L&L Acoustic<\/h3><div class=\"et_pb_blurb_description\"><p>Os Selantes Ativados por Calor L&amp;L Seal s\u00e3o utilizados para preenchimento e selagem de cavidades complexas, melhorando o desempenho ac\u00fastico e de ru\u00eddo, vibra\u00e7\u00e3o e aspereza (NVH).<\/p>\n<p><a href=\"https:\/\/www.llproducts.com\/pt-br\/produtos-solucoes\/ll-products-solutions-offerings\/selantes-ativados-por-calor\" class=\"et_pb_button et_pb_button_0 et_pb_bg_layout_light\" target=\"_blank\" rel=\"noopener\">Saiba mais<\/a><\/p>\n<\/div><\/div><\/div><\/div><\/div><\/div><div class=\"et_pb_row_4 et_pb_row et_block_row\"><div class=\"et_pb_column_6 et_pb_column et_pb_column_4_4 et-last-child et_block_column et_pb_css_mix_blend_mode_passthrough reveal-text\"><div class=\"et_pb_blurb_1 et_pb_blurb et_pb_bg_layout_dark et_pb_blurb_position_left et_pb_module et_block_module\"><div class=\"et_pb_blurb_content\"><div class=\"et_pb_main_blurb_image\"><span class=\"et_pb_image_wrap\"><span class=\"et-pb-icon\">=<\/span><\/span><\/div><div class=\"et_pb_blurb_container\"><h3 class=\"et_pb_module_header\">L&L DECI-TEX\u00ae<\/h3><div class=\"et_pb_blurb_description\"><p><span>O DECI-TEX\u00ae da L&L oferece desempenho ac\u00fastico e t\u00e9rmico premium com pesos e espessuras menores. Os materiais DECI-TEX\u00ae proporcionam alta resili\u00eancia e alcan\u00e7am integridade mec\u00e2nica superior a outras formas de isolamento n\u00e3o tecido.<\/span><\/p>\n<p><a href=\"https:\/\/decitex.llproducts.com\/pt-br\/\" class=\"et_pb_button et_pb_button_0 et_pb_bg_layout_light\" target=\"_blank\" rel=\"noopener\">Saiba mais<\/a><\/p>\n<\/div><\/div><\/div><\/div><\/div><\/div><div class=\"et_pb_row_5 et_pb_row et_block_row\"><div class=\"et_pb_column_7 et_pb_column et_pb_column_4_4 et-last-child et_block_column et_pb_css_mix_blend_mode_passthrough reveal-text\"><div class=\"et_pb_blurb_2 et_pb_blurb et_pb_bg_layout_dark et_pb_blurb_position_left et_pb_module et_block_module\"><div class=\"et_pb_blurb_content\"><div class=\"et_pb_main_blurb_image\"><span class=\"et_pb_image_wrap\"><span class=\"et-pb-icon\">=<\/span><\/span><\/div><div class=\"et_pb_blurb_container\"><h3 class=\"et_pb_module_header\">L&L Engineered Fiber Solutions\u2122 (EFS\u2122)<\/h3><div class=\"et_pb_blurb_description\"><p><span>As solu\u00e7\u00f5es ac\u00fasticas L&L EFS\u2122 s\u00e3o pe\u00e7as ac\u00fasticas de alto desempenho \u00e0 base de fibra, projetadas em pe\u00e7as de camada \u00fanica ou multicamadas, cortadas planas ou termoformadas, para atender a uma ampla gama de aplica\u00e7\u00f5es de absor\u00e7\u00e3o sonora.<\/span><\/p>\n<p><a class=\"et_pb_button et_pb_button_0 et_pb_bg_layout_light\" href=\"https:\/\/efs.llproducts.com\/pt-br\/\" target=\"_blank\" rel=\"noopener\">Saiba mais<\/a><\/p>\n<\/div><\/div><\/div><\/div><\/div><\/div><div class=\"et_pb_row_6 et_pb_row et_block_row\"><div class=\"et_pb_column_8 et_pb_column et_pb_column_4_4 et-last-child et_block_column et_pb_css_mix_blend_mode_passthrough reveal-text\"><div class=\"et_pb_blurb_3 et_pb_blurb et_pb_bg_layout_dark et_pb_blurb_position_left et_pb_module et_block_module\"><div class=\"et_pb_blurb_content\"><div class=\"et_pb_main_blurb_image\"><span class=\"et_pb_image_wrap\"><span class=\"et-pb-icon\">=<\/span><\/span><\/div><div class=\"et_pb_blurb_container\"><h3 class=\"et_pb_module_header\">L&L InsituCore\u00ae<\/h3><div class=\"et_pb_blurb_description\"><p><span>A Tecnologia de N\u00facleo Espumante InsituCore\u00ae da L&L \u00e9 uma fam\u00edlia de materiais espumantes monocomponentes, ativados por calor, que podem ser usados para criar comp\u00f3sitos com desempenho ac\u00fastico aprimorado.<\/span><\/p>\n<p><a href=\"https:\/\/insitucore.llproducts.com\/pt-br\/\" class=\"et_pb_button et_pb_button_0 et_pb_bg_layout_light\" target=\"_blank\" rel=\"noopener\">Saiba mais<\/a><\/p>\n<\/div><\/div><\/div><\/div><\/div><\/div><div class=\"et_pb_row_7 et_pb_row et_block_row\"><div class=\"et_pb_column_9 et_pb_column et_pb_column_4_4 et-last-child et_block_column et_pb_css_mix_blend_mode_passthrough reveal-text\"><div class=\"et_pb_blurb_4 et_pb_blurb et_pb_bg_layout_dark et_pb_blurb_position_left et_pb_module et_block_module\"><div class=\"et_pb_blurb_content\"><div class=\"et_pb_main_blurb_image\"><span class=\"et_pb_image_wrap\"><span class=\"et-pb-icon\">=<\/span><\/span><\/div><div class=\"et_pb_blurb_container\"><h3 class=\"et_pb_module_header\">L&L Composite Body Solutions\u2122 (CBS\u2122)<\/h3><div class=\"et_pb_blurb_description\"><p><span>As tecnologias L&L CBS\u2122 combinam adesivos estruturais ativados por calor de alta tecnologia com suportes personalizados para maior rigidez e melhor desempenho ac\u00fastico.<\/span><\/p>\n<p><a href=\"https:\/\/cbs.llproducts.com\/pt-br\/\" class=\"et_pb_button et_pb_button_0 et_pb_bg_layout_light\" target=\"_blank\" rel=\"noopener\">Saiba mais<\/a><\/p>\n<\/div><\/div><\/div><\/div><\/div><\/div><\/div><div class=\"et_pb_section_2 et_pb_section et_section_regular et_block_section\"><div class=\"et_pb_row_8 et_pb_row et_block_row\"><div class=\"et_pb_column_10 et_pb_column et_pb_column_4_4 et-last-child et_block_column et_pb_css_mix_blend_mode_passthrough\"><div class=\"et_pb_text_7 et_pb_text et_pb_bg_layout_light et_pb_module et_block_module\"><div class=\"et_pb_text_inner\"><h1>Tend\u00eancias<\/h1>\n<\/div><\/div><\/div><\/div><div class=\"et_pb_row_9 et_pb_row et_block_row\"><div class=\"et_pb_column_11 et_pb_column et_pb_column_4_4 et-last-child et_block_column et_pb_css_mix_blend_mode_passthrough\"><div class=\"et_pb_code_1 et_pb_code et_pb_module\"><div class=\"et_pb_code_inner\"><script src=\"https:\/\/static.elfsight.com\/platform\/platform.js\" async><\/script>\n<div class=\"elfsight-app-72e28d3a-cb29-47b9-b42c-d9b80ca2705a\" data-elfsight-app-lazy><\/div><\/div><\/div><\/div><\/div><\/div>","protected":false},"excerpt":{"rendered":"","protected":false},"author":4,"featured_media":1024,"parent":118,"menu_order":0,"comment_status":"closed","ping_status":"closed","template":"","meta":{"_acf_changed":false,"inline_featured_image":false,"footnotes":""},"class_list":["post-1022","page","type-page","status-publish","has-post-thumbnail","hentry"],"acf":[],"dsm_author":{"name":"lafata","avatar_url":"https:\/\/secure.gravatar.com\/avatar\/66f6e75e3378137d9b1a20f7ad6c54aa6acecd8466704fadf5641de9af89b844?s=96&d=mm&r=g","archive_link":"https:\/\/www.llproducts.com\/pt-br\/news-events\/author\/lafata\/","biodata":""},"dsm_categories":[],"dsm_attachment_categories":[],"dsm_featured_image":{"thumbnail":"https:\/\/www.llproducts.com\/pt-br\/wp-content\/uploads\/sites\/20\/2024\/10\/acoustic-flipped-cropped-150x150.jpg","medium":"https:\/\/www.llproducts.com\/pt-br\/wp-content\/uploads\/sites\/20\/2024\/10\/acoustic-flipped-cropped-300x112.jpg","medium_large":"https:\/\/www.llproducts.com\/pt-br\/wp-content\/uploads\/sites\/20\/2024\/10\/acoustic-flipped-cropped-768x288.jpg","large":"https:\/\/www.llproducts.com\/pt-br\/wp-content\/uploads\/sites\/20\/2024\/10\/acoustic-flipped-cropped-1024x383.jpg","1536x1536":"https:\/\/www.llproducts.com\/pt-br\/wp-content\/uploads\/sites\/20\/2024\/10\/acoustic-flipped-cropped-1536x575.jpg","2048x2048":"https:\/\/www.llproducts.com\/pt-br\/wp-content\/uploads\/sites\/20\/2024\/10\/acoustic-flipped-cropped.jpg","et-pb-post-main-image":"https:\/\/www.llproducts.com\/pt-br\/wp-content\/uploads\/sites\/20\/2024\/10\/acoustic-flipped-cropped-400x250.jpg","et-pb-post-main-image-fullwidth":"https:\/\/www.llproducts.com\/pt-br\/wp-content\/uploads\/sites\/20\/2024\/10\/acoustic-flipped-cropped-1080x649.jpg","et-pb-portfolio-image":"https:\/\/www.llproducts.com\/pt-br\/wp-content\/uploads\/sites\/20\/2024\/10\/acoustic-flipped-cropped-400x284.jpg","et-pb-portfolio-module-image":"https:\/\/www.llproducts.com\/pt-br\/wp-content\/uploads\/sites\/20\/2024\/10\/acoustic-flipped-cropped-510x382.jpg","et-pb-portfolio-image-single":"https:\/\/www.llproducts.com\/pt-br\/wp-content\/uploads\/sites\/20\/2024\/10\/acoustic-flipped-cropped-1080x404.jpg","et-pb-gallery-module-image-portrait":"https:\/\/www.llproducts.com\/pt-br\/wp-content\/uploads\/sites\/20\/2024\/10\/acoustic-flipped-cropped-400x516.jpg","et-pb-post-main-image-fullwidth-large":"https:\/\/www.llproducts.com\/pt-br\/wp-content\/uploads\/sites\/20\/2024\/10\/acoustic-flipped-cropped.jpg","et-pb-image--responsive--desktop":"https:\/\/www.llproducts.com\/pt-br\/wp-content\/uploads\/sites\/20\/2024\/10\/acoustic-flipped-cropped-1280x479.jpg","et-pb-image--responsive--tablet":"https:\/\/www.llproducts.com\/pt-br\/wp-content\/uploads\/sites\/20\/2024\/10\/acoustic-flipped-cropped-980x367.jpg","et-pb-image--responsive--phone":"https:\/\/www.llproducts.com\/pt-br\/wp-content\/uploads\/sites\/20\/2024\/10\/acoustic-flipped-cropped-480x180.jpg","gform-image-choice-sm":"https:\/\/www.llproducts.com\/pt-br\/wp-content\/uploads\/sites\/20\/2024\/10\/acoustic-flipped-cropped.jpg","gform-image-choice-md":"https:\/\/www.llproducts.com\/pt-br\/wp-content\/uploads\/sites\/20\/2024\/10\/acoustic-flipped-cropped.jpg","gform-image-choice-lg":"https:\/\/www.llproducts.com\/pt-br\/wp-content\/uploads\/sites\/20\/2024\/10\/acoustic-flipped-cropped.jpg","full":"https:\/\/www.llproducts.com\/pt-br\/wp-content\/uploads\/sites\/20\/2024\/10\/acoustic-flipped-cropped.jpg"},"yoast_head":"<!-- This site is optimized with the Yoast SEO Premium plugin v27.3 (Yoast SEO v27.4) - https:\/\/yoast.com\/product\/yoast-seo-premium-wordpress\/ -->\n<title>L&amp;L Acoustic - L&amp;L Products - Engenharia Aplicada e Ci\u00eancia dos Materiais<\/title>\n<meta name=\"robots\" content=\"index, follow, max-snippet:-1, max-image-preview:large, max-video-preview:-1\" \/>\n<link rel=\"canonical\" href=\"https:\/\/www.llproducts.com\/pt-br\/produtos-solucoes\/ll-products-solutions-offerings\/ll-acoustic\/\" \/>\n<meta property=\"og:locale\" content=\"pt_PT\" \/>\n<meta property=\"og:type\" content=\"article\" \/>\n<meta property=\"og:title\" content=\"L&amp;L Acoustic\" \/>\n<meta property=\"og:url\" content=\"https:\/\/www.llproducts.com\/pt-br\/produtos-solucoes\/ll-products-solutions-offerings\/ll-acoustic\/\" \/>\n<meta property=\"og:site_name\" content=\"L&amp;L Products - Engenharia Aplicada e Ci\u00eancia dos Materiais\" \/>\n<meta property=\"article:modified_time\" content=\"2026-04-16T18:26:47+00:00\" \/>\n<meta property=\"og:image\" content=\"https:\/\/www.llproducts.com\/pt-br\/wp-content\/uploads\/sites\/20\/2024\/10\/acoustic-flipped-cropped.jpg\" \/>\n\t<meta property=\"og:image:width\" content=\"1733\" \/>\n\t<meta property=\"og:image:height\" content=\"649\" \/>\n\t<meta property=\"og:image:type\" content=\"image\/jpeg\" \/>\n<meta name=\"twitter:card\" content=\"summary_large_image\" \/>\n<meta name=\"twitter:label1\" content=\"Est. reading time\" \/>\n\t<meta name=\"twitter:data1\" content=\"4 minutos\" \/>\n<script type=\"application\/ld+json\" class=\"yoast-schema-graph\">{\"@context\":\"https:\\\/\\\/schema.org\",\"@graph\":[{\"@type\":\"WebPage\",\"@id\":\"https:\\\/\\\/www.llproducts.com\\\/pt-br\\\/produtos-solucoes\\\/ll-products-solutions-offerings\\\/ll-acoustic\\\/\",\"url\":\"https:\\\/\\\/www.llproducts.com\\\/pt-br\\\/produtos-solucoes\\\/ll-products-solutions-offerings\\\/ll-acoustic\\\/\",\"name\":\"L&L Acoustic - L&amp;L Products - Engenharia Aplicada e Ci\u00eancia dos Materiais\",\"isPartOf\":{\"@id\":\"https:\\\/\\\/www.llproducts.com\\\/pt-br\\\/#website\"},\"primaryImageOfPage\":{\"@id\":\"https:\\\/\\\/www.llproducts.com\\\/pt-br\\\/produtos-solucoes\\\/ll-products-solutions-offerings\\\/ll-acoustic\\\/#primaryimage\"},\"image\":{\"@id\":\"https:\\\/\\\/www.llproducts.com\\\/pt-br\\\/produtos-solucoes\\\/ll-products-solutions-offerings\\\/ll-acoustic\\\/#primaryimage\"},\"thumbnailUrl\":\"https:\\\/\\\/www.llproducts.com\\\/pt-br\\\/wp-content\\\/uploads\\\/sites\\\/20\\\/2024\\\/10\\\/acoustic-flipped-cropped.jpg\",\"datePublished\":\"2024-10-02T19:34:12+00:00\",\"dateModified\":\"2026-04-16T18:26:47+00:00\",\"breadcrumb\":{\"@id\":\"https:\\\/\\\/www.llproducts.com\\\/pt-br\\\/produtos-solucoes\\\/ll-products-solutions-offerings\\\/ll-acoustic\\\/#breadcrumb\"},\"inLanguage\":\"pt-PT\",\"potentialAction\":[{\"@type\":\"ReadAction\",\"target\":[\"https:\\\/\\\/www.llproducts.com\\\/pt-br\\\/produtos-solucoes\\\/ll-products-solutions-offerings\\\/ll-acoustic\\\/\"]}]},{\"@type\":\"ImageObject\",\"inLanguage\":\"pt-PT\",\"@id\":\"https:\\\/\\\/www.llproducts.com\\\/pt-br\\\/produtos-solucoes\\\/ll-products-solutions-offerings\\\/ll-acoustic\\\/#primaryimage\",\"url\":\"https:\\\/\\\/www.llproducts.com\\\/pt-br\\\/wp-content\\\/uploads\\\/sites\\\/20\\\/2024\\\/10\\\/acoustic-flipped-cropped.jpg\",\"contentUrl\":\"https:\\\/\\\/www.llproducts.com\\\/pt-br\\\/wp-content\\\/uploads\\\/sites\\\/20\\\/2024\\\/10\\\/acoustic-flipped-cropped.jpg\",\"width\":1733,\"height\":649,\"caption\":\"A man is running acoustic tests on his tablet\"},{\"@type\":\"BreadcrumbList\",\"@id\":\"https:\\\/\\\/www.llproducts.com\\\/pt-br\\\/produtos-solucoes\\\/ll-products-solutions-offerings\\\/ll-acoustic\\\/#breadcrumb\",\"itemListElement\":[{\"@type\":\"ListItem\",\"position\":1,\"name\":\"Home\",\"item\":\"https:\\\/\\\/www.llproducts.com\\\/pt-br\\\/\"},{\"@type\":\"ListItem\",\"position\":2,\"name\":\"Produtos &#038; Solu\u00e7\u00f5es\",\"item\":\"https:\\\/\\\/www.llproducts.com\\\/pt-br\\\/produtos-solucoes\\\/\"},{\"@type\":\"ListItem\",\"position\":3,\"name\":\"L&#038;L Products Solutions\",\"item\":\"https:\\\/\\\/www.llproducts.com\\\/pt-br\\\/produtos-solucoes\\\/ll-products-solutions-offerings\\\/\"},{\"@type\":\"ListItem\",\"position\":4,\"name\":\"L&#038;L Acoustic\"}]},{\"@type\":\"WebSite\",\"@id\":\"https:\\\/\\\/www.llproducts.com\\\/pt-br\\\/#website\",\"url\":\"https:\\\/\\\/www.llproducts.com\\\/pt-br\\\/\",\"name\":\"L&amp;L Products - Engenharia Aplicada e Ci\u00eancia dos Materiais\",\"description\":\"\",\"potentialAction\":[{\"@type\":\"SearchAction\",\"target\":{\"@type\":\"EntryPoint\",\"urlTemplate\":\"https:\\\/\\\/www.llproducts.com\\\/pt-br\\\/?s={search_term_string}\"},\"query-input\":{\"@type\":\"PropertyValueSpecification\",\"valueRequired\":true,\"valueName\":\"search_term_string\"}}],\"inLanguage\":\"pt-PT\"}]}<\/script>\n<!-- \/ Yoast SEO Premium plugin. -->","yoast_head_json":{"title":"L&L Acoustic - L&amp;L Products - Engenharia Aplicada e Ci\u00eancia dos Materiais","robots":{"index":"index","follow":"follow","max-snippet":"max-snippet:-1","max-image-preview":"max-image-preview:large","max-video-preview":"max-video-preview:-1"},"canonical":"https:\/\/www.llproducts.com\/pt-br\/produtos-solucoes\/ll-products-solutions-offerings\/ll-acoustic\/","og_locale":"pt_PT","og_type":"article","og_title":"L&L Acoustic","og_url":"https:\/\/www.llproducts.com\/pt-br\/produtos-solucoes\/ll-products-solutions-offerings\/ll-acoustic\/","og_site_name":"L&amp;L Products - Engenharia Aplicada e Ci\u00eancia dos Materiais","article_modified_time":"2026-04-16T18:26:47+00:00","og_image":[{"width":1733,"height":649,"url":"https:\/\/www.llproducts.com\/pt-br\/wp-content\/uploads\/sites\/20\/2024\/10\/acoustic-flipped-cropped.jpg","type":"image\/jpeg"}],"twitter_card":"summary_large_image","twitter_misc":{"Est. reading time":"4 minutos"},"schema":{"@context":"https:\/\/schema.org","@graph":[{"@type":"WebPage","@id":"https:\/\/www.llproducts.com\/pt-br\/produtos-solucoes\/ll-products-solutions-offerings\/ll-acoustic\/","url":"https:\/\/www.llproducts.com\/pt-br\/produtos-solucoes\/ll-products-solutions-offerings\/ll-acoustic\/","name":"L&L Acoustic - L&amp;L Products - Engenharia Aplicada e Ci\u00eancia dos Materiais","isPartOf":{"@id":"https:\/\/www.llproducts.com\/pt-br\/#website"},"primaryImageOfPage":{"@id":"https:\/\/www.llproducts.com\/pt-br\/produtos-solucoes\/ll-products-solutions-offerings\/ll-acoustic\/#primaryimage"},"image":{"@id":"https:\/\/www.llproducts.com\/pt-br\/produtos-solucoes\/ll-products-solutions-offerings\/ll-acoustic\/#primaryimage"},"thumbnailUrl":"https:\/\/www.llproducts.com\/pt-br\/wp-content\/uploads\/sites\/20\/2024\/10\/acoustic-flipped-cropped.jpg","datePublished":"2024-10-02T19:34:12+00:00","dateModified":"2026-04-16T18:26:47+00:00","breadcrumb":{"@id":"https:\/\/www.llproducts.com\/pt-br\/produtos-solucoes\/ll-products-solutions-offerings\/ll-acoustic\/#breadcrumb"},"inLanguage":"pt-PT","potentialAction":[{"@type":"ReadAction","target":["https:\/\/www.llproducts.com\/pt-br\/produtos-solucoes\/ll-products-solutions-offerings\/ll-acoustic\/"]}]},{"@type":"ImageObject","inLanguage":"pt-PT","@id":"https:\/\/www.llproducts.com\/pt-br\/produtos-solucoes\/ll-products-solutions-offerings\/ll-acoustic\/#primaryimage","url":"https:\/\/www.llproducts.com\/pt-br\/wp-content\/uploads\/sites\/20\/2024\/10\/acoustic-flipped-cropped.jpg","contentUrl":"https:\/\/www.llproducts.com\/pt-br\/wp-content\/uploads\/sites\/20\/2024\/10\/acoustic-flipped-cropped.jpg","width":1733,"height":649,"caption":"A man is running acoustic tests on his tablet"},{"@type":"BreadcrumbList","@id":"https:\/\/www.llproducts.com\/pt-br\/produtos-solucoes\/ll-products-solutions-offerings\/ll-acoustic\/#breadcrumb","itemListElement":[{"@type":"ListItem","position":1,"name":"Home","item":"https:\/\/www.llproducts.com\/pt-br\/"},{"@type":"ListItem","position":2,"name":"Produtos &#038; Solu\u00e7\u00f5es","item":"https:\/\/www.llproducts.com\/pt-br\/produtos-solucoes\/"},{"@type":"ListItem","position":3,"name":"L&#038;L Products Solutions","item":"https:\/\/www.llproducts.com\/pt-br\/produtos-solucoes\/ll-products-solutions-offerings\/"},{"@type":"ListItem","position":4,"name":"L&#038;L Acoustic"}]},{"@type":"WebSite","@id":"https:\/\/www.llproducts.com\/pt-br\/#website","url":"https:\/\/www.llproducts.com\/pt-br\/","name":"L&amp;L Products - Engenharia Aplicada e Ci\u00eancia dos Materiais","description":"","potentialAction":[{"@type":"SearchAction","target":{"@type":"EntryPoint","urlTemplate":"https:\/\/www.llproducts.com\/pt-br\/?s={search_term_string}"},"query-input":{"@type":"PropertyValueSpecification","valueRequired":true,"valueName":"search_term_string"}}],"inLanguage":"pt-PT"}]}},"_links":{"self":[{"href":"https:\/\/www.llproducts.com\/pt-br\/wp-json\/wp\/v2\/pages\/1022","targetHints":{"allow":["GET"]}}],"collection":[{"href":"https:\/\/www.llproducts.com\/pt-br\/wp-json\/wp\/v2\/pages"}],"about":[{"href":"https:\/\/www.llproducts.com\/pt-br\/wp-json\/wp\/v2\/types\/page"}],"author":[{"embeddable":true,"href":"https:\/\/www.llproducts.com\/pt-br\/wp-json\/wp\/v2\/users\/4"}],"replies":[{"embeddable":true,"href":"https:\/\/www.llproducts.com\/pt-br\/wp-json\/wp\/v2\/comments?post=1022"}],"version-history":[{"count":0,"href":"https:\/\/www.llproducts.com\/pt-br\/wp-json\/wp\/v2\/pages\/1022\/revisions"}],"up":[{"embeddable":true,"href":"https:\/\/www.llproducts.com\/pt-br\/wp-json\/wp\/v2\/pages\/118"}],"wp:featuredmedia":[{"embeddable":true,"href":"https:\/\/www.llproducts.com\/pt-br\/wp-json\/wp\/v2\/media\/1024"}],"wp:attachment":[{"href":"https:\/\/www.llproducts.com\/pt-br\/wp-json\/wp\/v2\/media?parent=1022"}],"curies":[{"name":"wp","href":"https:\/\/api.w.org\/{rel}","templated":true}]}}