{"id":119,"date":"2024-08-05T14:35:42","date_gmt":"2024-08-05T14:35:42","guid":{"rendered":"https:\/\/llproducts1.wpenginepowered.com\/pt-br\/?page_id=119"},"modified":"2026-04-16T18:27:09","modified_gmt":"2026-04-16T18:27:09","slug":"ll-seal","status":"publish","type":"page","link":"https:\/\/www.llproducts.com\/pt-br\/produtos-solucoes\/ll-products-solutions-offerings\/ll-seal\/","title":{"rendered":"L&#038;L Seal"},"content":{"rendered":"<div class=\"et_pb_section_0 et_pb_section et_section_regular et_block_section\"><div class=\"et_pb_row_0 et_pb_row et_pb_gutters1 et_block_row inner-title-row\"><div class=\"et_pb_column_0 et_pb_column et_pb_column_2_3 et_block_column et_pb_css_mix_blend_mode_passthrough\"><div class=\"et_pb_image_0 et_pb_image et_pb_module et_block_module\"><span class=\"et_pb_image_wrap\"><img decoding=\"async\" data-src=\"https:\/\/www.llproducts.com\/pt-br\/wp-content\/smush-webp\/sites\/20\/2025\/04\/LL-Seal-Header-1.png.webp\" width=\"1920\" height=\"1080\" data-srcset=\"https:\/\/www.llproducts.com\/pt-br\/wp-content\/smush-webp\/sites\/20\/2025\/04\/LL-Seal-Header-1.png.webp 1920w, https:\/\/www.llproducts.com\/pt-br\/wp-content\/smush-webp\/sites\/20\/2025\/04\/LL-Seal-Header-1-1280x720.png.webp 1280w, https:\/\/www.llproducts.com\/pt-br\/wp-content\/smush-webp\/sites\/20\/2025\/04\/LL-Seal-Header-1-980x551.png.webp 980w, https:\/\/www.llproducts.com\/pt-br\/wp-content\/smush-webp\/sites\/20\/2025\/04\/LL-Seal-Header-1-480x270.png.webp 480w\" data-sizes=\"auto\" class=\"wp-image-12896 lazyload\" title=\"LL Seal Header\" src=\"data:image\/svg+xml;base64,PHN2ZyB3aWR0aD0iMSIgaGVpZ2h0PSIxIiB4bWxucz0iaHR0cDovL3d3dy53My5vcmcvMjAwMC9zdmciPjwvc3ZnPg==\" style=\"--smush-placeholder-width: 1920px; --smush-placeholder-aspect-ratio: 1920\/1080;\" data-original-sizes=\"(min-width: 0px) and (max-width: 480px) 480px, (min-width: 481px) and (max-width: 980px) 980px, (min-width: 981px) and (max-width: 1280px) 1280px, (min-width: 1281px) 1920px, 100vw\" \/><\/span><\/div><\/div><div class=\"et_pb_column_1 et_pb_column et_pb_column_1_3 et-last-child et_block_column et_pb_css_mix_blend_mode_passthrough et_animated inner-title-col alt-title-col\"><div class=\"et_pb_text_0 et_pb_text et_pb_bg_layout_dark et_pb_module et_block_module\"><div class=\"et_pb_text_inner\"><p>L&amp;L SEAL<\/p>\n<\/div><\/div><div class=\"et_pb_text_1 et_pb_text et_pb_bg_layout_dark et_pb_module et_block_module inner-title-2\"><div class=\"et_pb_text_inner\"><h1>Veda\u00e7\u00e3o sem concess\u00f5es<\/h1>\n<\/div><\/div><div class=\"et_pb_text_2 et_pb_text et_pb_bg_layout_dark et_pb_module et_block_module\"><div class=\"et_pb_text_inner\"><p>A L&amp;L Products desenvolve materiais de veda\u00e7\u00e3o que bloqueiam a entrada de poeira, poluentes e odores e aumentam a durabilidade dos componentes met\u00e1licos, impedindo a entrada de \u00e1gua.<\/p>\n<\/div><\/div><\/div><\/div><div class=\"et_pb_row_1 et_pb_row et_block_row\"><div class=\"et_pb_column_2 et_pb_column et_pb_column_4_4 et-last-child et_block_column et_pb_css_mix_blend_mode_passthrough\"><div class=\"et_pb_sidebar_0 et_pb_widget_area clearfix et_pb_widget_area_left et_pb_bg_layout_light et_pb_sidebar_no_border et_pb_module et_block_module breadcrumbs\"><div id=\"block-10\" class=\"et_pb_widget widget_block\"><div class=\"yoast-breadcrumbs\"><span><span><a href=\"https:\/\/www.llproducts.com\/pt-br\/\">Home<\/a><\/span> <span aria-hidden=\"true\" data-icon=\"\ue93c\" class=\"icomoon icon-chevron-right\"><\/span> <span><a href=\"https:\/\/www.llproducts.com\/pt-br\/produtos-solucoes\/\">Produtos &#038; Solu\u00e7\u00f5es<\/a><\/span> <span aria-hidden=\"true\" data-icon=\"\ue93c\" class=\"icomoon icon-chevron-right\"><\/span> <span><a href=\"https:\/\/www.llproducts.com\/pt-br\/produtos-solucoes\/ll-products-solutions-offerings\/\">L&#038;L Products Solutions<\/a><\/span> <span aria-hidden=\"true\" data-icon=\"\ue93c\" class=\"icomoon icon-chevron-right\"><\/span> <span class=\"breadcrumb_last\" aria-current=\"page\">L&#038;L Seal<\/span><\/span><\/div><\/div><\/div><\/div><\/div><div class=\"et_pb_row_2 et_pb_row et_pb_equal_columns et_pb_gutters2 et_block_row\"><div class=\"et_pb_column_3 et_pb_column et_pb_column_1_2 et_block_column et_pb_css_mix_blend_mode_passthrough\"><div class=\"et_pb_text_3 et_pb_text et_pb_bg_layout_light et_pb_module et_block_module\"><div class=\"et_pb_text_inner\"><h1>L&amp;L Seal<\/h1>\n<h3>Oferecendo Solu\u00e7\u00f5es Robustas em Veda\u00e7\u00e3o H\u00e1 Mais de 50 Anos.<\/h3>\n<\/div><\/div><div class=\"et_pb_text_4 et_pb_text et_pb_bg_layout_light et_pb_module et_block_module\"><div class=\"et_pb_text_inner\"><p>Na d\u00e9cada de 1970, desenvolvemos materiais de veda\u00e7\u00e3o polim\u00e9ricos ativados por temperatura. Desde ent\u00e3o, temos trabalhado consistentemente na otimiza\u00e7\u00e3o de nossa tecnologia de veda\u00e7\u00e3o, alavancando nossa expertise em ci\u00eancia de pol\u00edmeros e tecnologia de ades\u00e3o. Hoje, nosso diversificado portf\u00f3lio de selantes expandiu-se para incluir novos materiais de cura em temperatura ambiente, solu\u00e7\u00f5es para baixa temperatura e processos automatizados de aplica\u00e7\u00e3o.<\/p>\n<\/div><\/div><\/div><div class=\"et_pb_column_4 et_pb_column et_pb_column_1_2 et-last-child et_block_column et_pb_css_mix_blend_mode_passthrough et_animated\"><div class=\"et_pb_code_0 et_pb_code et_pb_text_align_center et_pb_module\"><div class=\"et_pb_code_inner\"><span style=\"font-size: 36px; color: #ffffff;\" aria-hidden=\"true\" data-icon=\"\ue7d7\" class=\"iconmoon icon-bubbles\"><\/span><\/div><\/div><div class=\"et_pb_text_5 et_pb_text et_pb_bg_layout_dark et_pb_module et_block_module et_pb_text_align_center\"><div class=\"et_pb_text_inner\"><h2 class=\"no-dot\">Entre em contato!<\/h2>\n<\/div><\/div><div class=\"et_pb_text_6 et_pb_text et_pb_bg_layout_dark et_pb_module et_block_module et_pb_text_align_center\"><div class=\"et_pb_text_inner\"><p>Interessado em nossas Solu\u00e7\u00f5es de Veda\u00e7\u00e3o? Aguardamos ansiosamente uma conversa!<\/p>\n<\/div><\/div><div class=\"et_pb_module et_pb_button_module_wrapper et_pb_button_0_wrapper\"><a class=\"et_pb_button_0 et_pb_button et_pb_bg_layout_light et_pb_module et_block_module wht-btn popmake-9878\" href=\"#\">Contato<\/a><\/div><\/div><\/div><\/div><div class=\"et_pb_section_1 et_pb_section et_section_regular et_block_section\"><div class=\"et_pb_row_3 et_pb_row et_block_row\"><div class=\"et_pb_column_5 et_pb_column et_pb_column_4_4 et-last-child et_block_column et_pb_css_mix_blend_mode_passthrough reveal-text\"><div class=\"et_pb_blurb_0 et_pb_blurb et_pb_bg_layout_dark et_pb_blurb_position_left et_pb_module et_block_module\"><div class=\"et_pb_blurb_content\"><div class=\"et_pb_main_blurb_image\"><span class=\"et_pb_image_wrap\"><span class=\"et-pb-icon\">=<\/span><\/span><\/div><div class=\"et_pb_blurb_container\"><h3 class=\"et_pb_module_header\">Selantes Termoativados L&L Seal<\/h3><div class=\"et_pb_blurb_description\"><p>Ativados no forno de e-coat, os selantes termicamente ativados L&amp;L Seal preenchem e selam cavidades complexas para evitar a intrus\u00e3o de \u00e1gua, ar, poeira e vapores, ajudando a reduzir a corros\u00e3o do corpo met\u00e1lico associada a vazamentos de \u00e1gua e a melhorar o desempenho em termos de ru\u00eddo, vibra\u00e7\u00e3o e aspereza (NVH).<\/p>\n<p><a href=\"https:\/\/www.llproducts.com\/pt-br\/produtos-solucoes\/ll-products-solutions-offerings\/selantes-ativados-por-calor\" class=\"et_pb_button et_pb_button_0 et_pb_bg_layout_light\" target=\"_blank\" rel=\"noopener\">Saiba mais<\/a><\/p>\n<\/div><\/div><\/div><\/div><\/div><\/div><div class=\"et_pb_row_4 et_pb_row et_block_row\"><div class=\"et_pb_column_6 et_pb_column et_pb_column_4_4 et-last-child et_block_column et_pb_css_mix_blend_mode_passthrough reveal-text\"><div class=\"et_pb_blurb_1 et_pb_blurb et_pb_bg_layout_dark et_pb_blurb_position_left et_pb_module et_block_module\"><div class=\"et_pb_blurb_content\"><div class=\"et_pb_main_blurb_image\"><span class=\"et_pb_image_wrap\"><span class=\"et-pb-icon\">=<\/span><\/span><\/div><div class=\"et_pb_blurb_container\"><h3 class=\"et_pb_module_header\">Selantes de Cura Ambiente<\/h3><div class=\"et_pb_blurb_description\"><p>Os materiais em pasta de cura ambiente da L&amp;L proporcionam liga\u00e7\u00f5es de veda\u00e7\u00e3o dur\u00e1veis \u200b\u200be flex\u00edveis, normalmente sem primer ou pr\u00e9-tratamento.<\/p>\n<p><a href=\"https:\/\/www.llproducts.com\/pt-br\/produtos-solucoes\/ll-products-solutions-offerings\/adesivos-e-selantes-elastomericos-de-cura-ambiente\" class=\"et_pb_button et_pb_button_0 et_pb_bg_layout_light\" target=\"_blank\" rel=\"noopener\">Saiba mais<\/a><\/p>\n<\/div><\/div><\/div><\/div><\/div><\/div><div class=\"et_pb_row_5 et_pb_row et_block_row\"><div class=\"et_pb_column_7 et_pb_column et_pb_column_4_4 et-last-child et_block_column et_pb_css_mix_blend_mode_passthrough reveal-text\"><div class=\"et_pb_blurb_2 et_pb_blurb et_pb_bg_layout_dark et_pb_blurb_position_left et_pb_module et_block_module\"><div class=\"et_pb_blurb_content\"><div class=\"et_pb_main_blurb_image\"><span class=\"et_pb_image_wrap\"><span class=\"et-pb-icon\">=<\/span><\/span><\/div><div class=\"et_pb_blurb_container\"><h3 class=\"et_pb_module_header\">L&L XiP\u00ae (eXtrude-in-Place\u2122) Technology<\/h3><div class=\"et_pb_blurb_description\"><p>A tecnologia L&amp;L XiP\u00ae (eXtrude-in-Place\u2122) combina qu\u00edmica formulada sob medida com a capacidade de um processo de aplica\u00e7\u00e3o totalmente automatizado para extrudar o material selante diretamente sobre um substrato por meio de aplica\u00e7\u00e3o rob\u00f3tica ou sistema CNC.<\/p>\n<p><a class=\"et_pb_button et_pb_button_0 et_pb_bg_layout_light\" href=\"https:\/\/www.llproducts.com\/pt-br\/produtos-solucoes\/ll-products-solutions-offerings\/xip-extrude-in-place\" target=\"_blank\" rel=\"noopener\">Saiba mais<\/a><\/p>\n<\/div><\/div><\/div><\/div><\/div><\/div><div class=\"et_pb_row_6 et_pb_row et_block_row\"><div class=\"et_pb_column_8 et_pb_column et_pb_column_4_4 et-last-child et_block_column et_pb_css_mix_blend_mode_passthrough reveal-text\"><div class=\"et_pb_blurb_3 et_pb_blurb et_pb_bg_layout_dark et_pb_blurb_position_left et_pb_module et_block_module\"><div class=\"et_pb_blurb_content\"><div class=\"et_pb_main_blurb_image\"><span class=\"et_pb_image_wrap\"><span class=\"et-pb-icon\">=<\/span><\/span><\/div><div class=\"et_pb_blurb_container\"><h3 class=\"et_pb_module_header\">L&L TRI-Seal\u00ae (Torque Retention Isolation Sealing Solutions)<\/h3><div class=\"et_pb_blurb_description\"><p>Dispon\u00edvel em formas termoativadas, aderentes e secas ao toque, o TRI-Seal\u00ae foi projetado para proporcionar reten\u00e7\u00e3o de torque e isolamento em interfaces onde a reten\u00e7\u00e3o de carga e\/ou a separa\u00e7\u00e3o de materiais diferentes \u00e9 importante, incorporando esferas r\u00edgidas de alumina ao material.<\/p>\n<p><a href=\"https:\/\/triseal.llproducts.com\/pt-br\/\" class=\"et_pb_button et_pb_button_0 et_pb_bg_layout_light\" target=\"_blank\" rel=\"noopener\">Saiba mais<\/a><\/p>\n<\/div><\/div><\/div><\/div><\/div><\/div><div class=\"et_pb_row_7 et_pb_row et_block_row\"><div class=\"et_pb_column_9 et_pb_column et_pb_column_4_4 et-last-child et_block_column et_pb_css_mix_blend_mode_passthrough reveal-text\"><div class=\"et_pb_blurb_4 et_pb_blurb et_pb_bg_layout_dark et_pb_blurb_position_left et_pb_module et_block_module\"><div class=\"et_pb_blurb_content\"><div class=\"et_pb_main_blurb_image\"><span class=\"et_pb_image_wrap\"><span class=\"et-pb-icon\">=<\/span><\/span><\/div><div class=\"et_pb_blurb_container\"><h3 class=\"et_pb_module_header\">PHASTER\u00ae Sealants<\/h3><div class=\"et_pb_blurb_description\"><p><span>Selantes espumantes e n\u00e3o espumantes que proporcionam desempenho de ades\u00e3o superior e facilidade de processamento, sem muitos dos riscos associados aos sistemas tradicionais de ep\u00f3xi e poliuretano.<\/span><\/p>\n<p><a href=\"https:\/\/phaster.llproducts.com\/pt-br\/phaster-solucao-de-vedacao\/\" class=\"et_pb_button et_pb_button_0 et_pb_bg_layout_light\" target=\"_blank\" rel=\"noopener\">Saiba mais<\/a><\/p>\n<\/div><\/div><\/div><\/div><\/div><\/div><\/div><div class=\"et_pb_section_2 et_pb_section et_section_regular et_block_section\"><div class=\"et_pb_row_8 et_pb_row et_block_row\"><div class=\"et_pb_column_10 et_pb_column et_pb_column_4_4 et-last-child et_block_column et_pb_css_mix_blend_mode_passthrough\"><div class=\"et_pb_text_7 et_pb_text et_pb_bg_layout_light et_pb_module et_block_module\"><div class=\"et_pb_text_inner\"><h1>Tend\u00eancias<\/h1>\n<\/div><\/div><\/div><\/div><div class=\"et_pb_row_9 et_pb_row et_block_row\"><div class=\"et_pb_column_11 et_pb_column et_pb_column_4_4 et-last-child et_block_column et_pb_css_mix_blend_mode_passthrough\"><div class=\"et_pb_code_1 et_pb_code et_pb_module\"><div class=\"et_pb_code_inner\"><script src=\"https:\/\/static.elfsight.com\/platform\/platform.js\" async><\/script>\n<div class=\"elfsight-app-72e28d3a-cb29-47b9-b42c-d9b80ca2705a\" data-elfsight-app-lazy><\/div><\/div><\/div><\/div><\/div><\/div>","protected":false},"excerpt":{"rendered":"","protected":false},"author":8,"featured_media":10094,"parent":118,"menu_order":0,"comment_status":"closed","ping_status":"closed","template":"","meta":{"_acf_changed":false,"inline_featured_image":false,"footnotes":""},"class_list":["post-119","page","type-page","status-publish","has-post-thumbnail","hentry"],"acf":[],"dsm_author":{"name":"andrea","avatar_url":"https:\/\/secure.gravatar.com\/avatar\/e377c5d686a09608cda29ca74c532b4b8819eeede430b849164dc4500665dbd6?s=96&d=mm&r=g","archive_link":"https:\/\/www.llproducts.com\/pt-br\/news-events\/author\/andrea\/","biodata":""},"dsm_categories":[],"dsm_attachment_categories":[],"dsm_featured_image":{"thumbnail":"https:\/\/www.llproducts.com\/pt-br\/wp-content\/uploads\/sites\/20\/2024\/10\/csm_ll_seal_header_e8722f1566-150x150.jpg","medium":"https:\/\/www.llproducts.com\/pt-br\/wp-content\/uploads\/sites\/20\/2024\/10\/csm_ll_seal_header_e8722f1566-300x121.jpg","medium_large":"https:\/\/www.llproducts.com\/pt-br\/wp-content\/uploads\/sites\/20\/2024\/10\/csm_ll_seal_header_e8722f1566-768x311.jpg","large":"https:\/\/www.llproducts.com\/pt-br\/wp-content\/uploads\/sites\/20\/2024\/10\/csm_ll_seal_header_e8722f1566-1024x414.jpg","1536x1536":"https:\/\/www.llproducts.com\/pt-br\/wp-content\/uploads\/sites\/20\/2024\/10\/csm_ll_seal_header_e8722f1566-1536x621.jpg","2048x2048":"https:\/\/www.llproducts.com\/pt-br\/wp-content\/uploads\/sites\/20\/2024\/10\/csm_ll_seal_header_e8722f1566.jpg","et-pb-post-main-image":"https:\/\/www.llproducts.com\/pt-br\/wp-content\/uploads\/sites\/20\/2024\/10\/csm_ll_seal_header_e8722f1566-400x250.jpg","et-pb-post-main-image-fullwidth":"https:\/\/www.llproducts.com\/pt-br\/wp-content\/uploads\/sites\/20\/2024\/10\/csm_ll_seal_header_e8722f1566-1080x675.jpg","et-pb-portfolio-image":"https:\/\/www.llproducts.com\/pt-br\/wp-content\/uploads\/sites\/20\/2024\/10\/csm_ll_seal_header_e8722f1566-400x284.jpg","et-pb-portfolio-module-image":"https:\/\/www.llproducts.com\/pt-br\/wp-content\/uploads\/sites\/20\/2024\/10\/csm_ll_seal_header_e8722f1566-510x382.jpg","et-pb-portfolio-image-single":"https:\/\/www.llproducts.com\/pt-br\/wp-content\/uploads\/sites\/20\/2024\/10\/csm_ll_seal_header_e8722f1566-1080x437.jpg","et-pb-gallery-module-image-portrait":"https:\/\/www.llproducts.com\/pt-br\/wp-content\/uploads\/sites\/20\/2024\/10\/csm_ll_seal_header_e8722f1566-400x516.jpg","et-pb-post-main-image-fullwidth-large":"https:\/\/www.llproducts.com\/pt-br\/wp-content\/uploads\/sites\/20\/2024\/10\/csm_ll_seal_header_e8722f1566.jpg","et-pb-image--responsive--desktop":"https:\/\/www.llproducts.com\/pt-br\/wp-content\/uploads\/sites\/20\/2024\/10\/csm_ll_seal_header_e8722f1566-1280x518.jpg","et-pb-image--responsive--tablet":"https:\/\/www.llproducts.com\/pt-br\/wp-content\/uploads\/sites\/20\/2024\/10\/csm_ll_seal_header_e8722f1566-980x396.jpg","et-pb-image--responsive--phone":"https:\/\/www.llproducts.com\/pt-br\/wp-content\/uploads\/sites\/20\/2024\/10\/csm_ll_seal_header_e8722f1566-480x194.jpg","gform-image-choice-sm":"https:\/\/www.llproducts.com\/pt-br\/wp-content\/uploads\/sites\/20\/2024\/10\/csm_ll_seal_header_e8722f1566.jpg","gform-image-choice-md":"https:\/\/www.llproducts.com\/pt-br\/wp-content\/uploads\/sites\/20\/2024\/10\/csm_ll_seal_header_e8722f1566.jpg","gform-image-choice-lg":"https:\/\/www.llproducts.com\/pt-br\/wp-content\/uploads\/sites\/20\/2024\/10\/csm_ll_seal_header_e8722f1566.jpg","full":"https:\/\/www.llproducts.com\/pt-br\/wp-content\/uploads\/sites\/20\/2024\/10\/csm_ll_seal_header_e8722f1566.jpg"},"yoast_head":"<!-- This site is optimized with the Yoast SEO Premium plugin v27.3 (Yoast SEO v27.4) - https:\/\/yoast.com\/product\/yoast-seo-premium-wordpress\/ -->\n<title>L&amp;L Seal - L&amp;L Products - Engenharia Aplicada e Ci\u00eancia dos Materiais<\/title>\n<meta name=\"robots\" content=\"index, follow, max-snippet:-1, max-image-preview:large, max-video-preview:-1\" \/>\n<link rel=\"canonical\" href=\"https:\/\/www.llproducts.com\/pt-br\/produtos-solucoes\/ll-products-solutions-offerings\/ll-seal\/\" \/>\n<meta property=\"og:locale\" content=\"pt_PT\" \/>\n<meta property=\"og:type\" content=\"article\" \/>\n<meta property=\"og:title\" content=\"L&amp;L Seal\" \/>\n<meta property=\"og:url\" content=\"https:\/\/www.llproducts.com\/pt-br\/produtos-solucoes\/ll-products-solutions-offerings\/ll-seal\/\" \/>\n<meta property=\"og:site_name\" content=\"L&amp;L Products - Engenharia Aplicada e Ci\u00eancia dos Materiais\" \/>\n<meta property=\"article:modified_time\" content=\"2026-04-16T18:27:09+00:00\" \/>\n<meta property=\"og:image\" content=\"https:\/\/www.llproducts.com\/pt-br\/wp-content\/uploads\/sites\/20\/2024\/10\/csm_ll_seal_header_e8722f1566.jpg\" \/>\n\t<meta property=\"og:image:width\" content=\"1800\" \/>\n\t<meta property=\"og:image:height\" content=\"728\" \/>\n\t<meta property=\"og:image:type\" content=\"image\/jpeg\" \/>\n<meta name=\"twitter:card\" content=\"summary_large_image\" \/>\n<meta name=\"twitter:label1\" content=\"Est. reading time\" \/>\n\t<meta name=\"twitter:data1\" content=\"6 minutos\" \/>\n<script type=\"application\/ld+json\" class=\"yoast-schema-graph\">{\"@context\":\"https:\\\/\\\/schema.org\",\"@graph\":[{\"@type\":\"WebPage\",\"@id\":\"https:\\\/\\\/www.llproducts.com\\\/pt-br\\\/produtos-solucoes\\\/ll-products-solutions-offerings\\\/ll-seal\\\/\",\"url\":\"https:\\\/\\\/www.llproducts.com\\\/pt-br\\\/produtos-solucoes\\\/ll-products-solutions-offerings\\\/ll-seal\\\/\",\"name\":\"L&L Seal - L&amp;L Products - Engenharia Aplicada e Ci\u00eancia dos Materiais\",\"isPartOf\":{\"@id\":\"https:\\\/\\\/www.llproducts.com\\\/pt-br\\\/#website\"},\"primaryImageOfPage\":{\"@id\":\"https:\\\/\\\/www.llproducts.com\\\/pt-br\\\/produtos-solucoes\\\/ll-products-solutions-offerings\\\/ll-seal\\\/#primaryimage\"},\"image\":{\"@id\":\"https:\\\/\\\/www.llproducts.com\\\/pt-br\\\/produtos-solucoes\\\/ll-products-solutions-offerings\\\/ll-seal\\\/#primaryimage\"},\"thumbnailUrl\":\"https:\\\/\\\/www.llproducts.com\\\/pt-br\\\/wp-content\\\/uploads\\\/sites\\\/20\\\/2024\\\/10\\\/csm_ll_seal_header_e8722f1566.jpg\",\"datePublished\":\"2024-08-05T14:35:42+00:00\",\"dateModified\":\"2026-04-16T18:27:09+00:00\",\"breadcrumb\":{\"@id\":\"https:\\\/\\\/www.llproducts.com\\\/pt-br\\\/produtos-solucoes\\\/ll-products-solutions-offerings\\\/ll-seal\\\/#breadcrumb\"},\"inLanguage\":\"pt-PT\",\"potentialAction\":[{\"@type\":\"ReadAction\",\"target\":[\"https:\\\/\\\/www.llproducts.com\\\/pt-br\\\/produtos-solucoes\\\/ll-products-solutions-offerings\\\/ll-seal\\\/\"]}]},{\"@type\":\"ImageObject\",\"inLanguage\":\"pt-PT\",\"@id\":\"https:\\\/\\\/www.llproducts.com\\\/pt-br\\\/produtos-solucoes\\\/ll-products-solutions-offerings\\\/ll-seal\\\/#primaryimage\",\"url\":\"https:\\\/\\\/www.llproducts.com\\\/pt-br\\\/wp-content\\\/uploads\\\/sites\\\/20\\\/2024\\\/10\\\/csm_ll_seal_header_e8722f1566.jpg\",\"contentUrl\":\"https:\\\/\\\/www.llproducts.com\\\/pt-br\\\/wp-content\\\/uploads\\\/sites\\\/20\\\/2024\\\/10\\\/csm_ll_seal_header_e8722f1566.jpg\",\"width\":1800,\"height\":728,\"caption\":\"A woman smiling using her phone\"},{\"@type\":\"BreadcrumbList\",\"@id\":\"https:\\\/\\\/www.llproducts.com\\\/pt-br\\\/produtos-solucoes\\\/ll-products-solutions-offerings\\\/ll-seal\\\/#breadcrumb\",\"itemListElement\":[{\"@type\":\"ListItem\",\"position\":1,\"name\":\"Home\",\"item\":\"https:\\\/\\\/www.llproducts.com\\\/pt-br\\\/\"},{\"@type\":\"ListItem\",\"position\":2,\"name\":\"Produtos &#038; Solu\u00e7\u00f5es\",\"item\":\"https:\\\/\\\/www.llproducts.com\\\/pt-br\\\/produtos-solucoes\\\/\"},{\"@type\":\"ListItem\",\"position\":3,\"name\":\"L&#038;L Products Solutions\",\"item\":\"https:\\\/\\\/www.llproducts.com\\\/pt-br\\\/produtos-solucoes\\\/ll-products-solutions-offerings\\\/\"},{\"@type\":\"ListItem\",\"position\":4,\"name\":\"L&#038;L Seal\"}]},{\"@type\":\"WebSite\",\"@id\":\"https:\\\/\\\/www.llproducts.com\\\/pt-br\\\/#website\",\"url\":\"https:\\\/\\\/www.llproducts.com\\\/pt-br\\\/\",\"name\":\"L&amp;L Products - Engenharia Aplicada e Ci\u00eancia dos Materiais\",\"description\":\"\",\"potentialAction\":[{\"@type\":\"SearchAction\",\"target\":{\"@type\":\"EntryPoint\",\"urlTemplate\":\"https:\\\/\\\/www.llproducts.com\\\/pt-br\\\/?s={search_term_string}\"},\"query-input\":{\"@type\":\"PropertyValueSpecification\",\"valueRequired\":true,\"valueName\":\"search_term_string\"}}],\"inLanguage\":\"pt-PT\"}]}<\/script>\n<!-- \/ Yoast SEO Premium plugin. -->","yoast_head_json":{"title":"L&L Seal - L&amp;L Products - Engenharia Aplicada e Ci\u00eancia dos Materiais","robots":{"index":"index","follow":"follow","max-snippet":"max-snippet:-1","max-image-preview":"max-image-preview:large","max-video-preview":"max-video-preview:-1"},"canonical":"https:\/\/www.llproducts.com\/pt-br\/produtos-solucoes\/ll-products-solutions-offerings\/ll-seal\/","og_locale":"pt_PT","og_type":"article","og_title":"L&L Seal","og_url":"https:\/\/www.llproducts.com\/pt-br\/produtos-solucoes\/ll-products-solutions-offerings\/ll-seal\/","og_site_name":"L&amp;L Products - Engenharia Aplicada e Ci\u00eancia dos Materiais","article_modified_time":"2026-04-16T18:27:09+00:00","og_image":[{"width":1800,"height":728,"url":"https:\/\/www.llproducts.com\/pt-br\/wp-content\/uploads\/sites\/20\/2024\/10\/csm_ll_seal_header_e8722f1566.jpg","type":"image\/jpeg"}],"twitter_card":"summary_large_image","twitter_misc":{"Est. reading time":"6 minutos"},"schema":{"@context":"https:\/\/schema.org","@graph":[{"@type":"WebPage","@id":"https:\/\/www.llproducts.com\/pt-br\/produtos-solucoes\/ll-products-solutions-offerings\/ll-seal\/","url":"https:\/\/www.llproducts.com\/pt-br\/produtos-solucoes\/ll-products-solutions-offerings\/ll-seal\/","name":"L&L Seal - L&amp;L Products - Engenharia Aplicada e Ci\u00eancia dos Materiais","isPartOf":{"@id":"https:\/\/www.llproducts.com\/pt-br\/#website"},"primaryImageOfPage":{"@id":"https:\/\/www.llproducts.com\/pt-br\/produtos-solucoes\/ll-products-solutions-offerings\/ll-seal\/#primaryimage"},"image":{"@id":"https:\/\/www.llproducts.com\/pt-br\/produtos-solucoes\/ll-products-solutions-offerings\/ll-seal\/#primaryimage"},"thumbnailUrl":"https:\/\/www.llproducts.com\/pt-br\/wp-content\/uploads\/sites\/20\/2024\/10\/csm_ll_seal_header_e8722f1566.jpg","datePublished":"2024-08-05T14:35:42+00:00","dateModified":"2026-04-16T18:27:09+00:00","breadcrumb":{"@id":"https:\/\/www.llproducts.com\/pt-br\/produtos-solucoes\/ll-products-solutions-offerings\/ll-seal\/#breadcrumb"},"inLanguage":"pt-PT","potentialAction":[{"@type":"ReadAction","target":["https:\/\/www.llproducts.com\/pt-br\/produtos-solucoes\/ll-products-solutions-offerings\/ll-seal\/"]}]},{"@type":"ImageObject","inLanguage":"pt-PT","@id":"https:\/\/www.llproducts.com\/pt-br\/produtos-solucoes\/ll-products-solutions-offerings\/ll-seal\/#primaryimage","url":"https:\/\/www.llproducts.com\/pt-br\/wp-content\/uploads\/sites\/20\/2024\/10\/csm_ll_seal_header_e8722f1566.jpg","contentUrl":"https:\/\/www.llproducts.com\/pt-br\/wp-content\/uploads\/sites\/20\/2024\/10\/csm_ll_seal_header_e8722f1566.jpg","width":1800,"height":728,"caption":"A woman smiling using her phone"},{"@type":"BreadcrumbList","@id":"https:\/\/www.llproducts.com\/pt-br\/produtos-solucoes\/ll-products-solutions-offerings\/ll-seal\/#breadcrumb","itemListElement":[{"@type":"ListItem","position":1,"name":"Home","item":"https:\/\/www.llproducts.com\/pt-br\/"},{"@type":"ListItem","position":2,"name":"Produtos &#038; Solu\u00e7\u00f5es","item":"https:\/\/www.llproducts.com\/pt-br\/produtos-solucoes\/"},{"@type":"ListItem","position":3,"name":"L&#038;L Products Solutions","item":"https:\/\/www.llproducts.com\/pt-br\/produtos-solucoes\/ll-products-solutions-offerings\/"},{"@type":"ListItem","position":4,"name":"L&#038;L Seal"}]},{"@type":"WebSite","@id":"https:\/\/www.llproducts.com\/pt-br\/#website","url":"https:\/\/www.llproducts.com\/pt-br\/","name":"L&amp;L Products - Engenharia Aplicada e Ci\u00eancia dos Materiais","description":"","potentialAction":[{"@type":"SearchAction","target":{"@type":"EntryPoint","urlTemplate":"https:\/\/www.llproducts.com\/pt-br\/?s={search_term_string}"},"query-input":{"@type":"PropertyValueSpecification","valueRequired":true,"valueName":"search_term_string"}}],"inLanguage":"pt-PT"}]}},"_links":{"self":[{"href":"https:\/\/www.llproducts.com\/pt-br\/wp-json\/wp\/v2\/pages\/119","targetHints":{"allow":["GET"]}}],"collection":[{"href":"https:\/\/www.llproducts.com\/pt-br\/wp-json\/wp\/v2\/pages"}],"about":[{"href":"https:\/\/www.llproducts.com\/pt-br\/wp-json\/wp\/v2\/types\/page"}],"author":[{"embeddable":true,"href":"https:\/\/www.llproducts.com\/pt-br\/wp-json\/wp\/v2\/users\/8"}],"replies":[{"embeddable":true,"href":"https:\/\/www.llproducts.com\/pt-br\/wp-json\/wp\/v2\/comments?post=119"}],"version-history":[{"count":0,"href":"https:\/\/www.llproducts.com\/pt-br\/wp-json\/wp\/v2\/pages\/119\/revisions"}],"up":[{"embeddable":true,"href":"https:\/\/www.llproducts.com\/pt-br\/wp-json\/wp\/v2\/pages\/118"}],"wp:featuredmedia":[{"embeddable":true,"href":"https:\/\/www.llproducts.com\/pt-br\/wp-json\/wp\/v2\/media\/10094"}],"wp:attachment":[{"href":"https:\/\/www.llproducts.com\/pt-br\/wp-json\/wp\/v2\/media?parent=119"}],"curies":[{"name":"wp","href":"https:\/\/api.w.org\/{rel}","templated":true}]}}