{"id":451,"date":"2024-09-06T18:27:20","date_gmt":"2024-09-06T18:27:20","guid":{"rendered":"https:\/\/llproducts1.wpenginepowered.com\/pt-br\/?page_id=451"},"modified":"2026-04-16T18:27:05","modified_gmt":"2026-04-16T18:27:05","slug":"empresa","status":"publish","type":"page","link":"https:\/\/www.llproducts.com\/pt-br\/empresa\/","title":{"rendered":"Empresa"},"content":{"rendered":"\n<div class=\"et_pb_section_0 et_pb_section et_section_regular et_block_section\"><div class=\"et_pb_row_0 et_pb_row et_pb_gutters1 et_block_row inner-title-row\"><div class=\"et_pb_column_0 et_pb_column et_pb_column_2_3 et_block_column et_pb_css_mix_blend_mode_passthrough\"><div class=\"et_pb_image_0 et_pb_image et_pb_module et_block_module\"><span class=\"et_pb_image_wrap\"><img decoding=\"async\" src=\"https:\/\/www.llproducts.com\/pt-br\/wp-content\/smush-webp\/sites\/20\/2024\/09\/llp_company_overview_header_img.jpg.webp\" alt=\"A man using a VR headset\" title=\"A man using a VR headset\" width=\"1480\" height=\"645\" srcset=\"https:\/\/www.llproducts.com\/pt-br\/wp-content\/smush-webp\/sites\/20\/2024\/09\/llp_company_overview_header_img.jpg.webp 1480w, https:\/\/www.llproducts.com\/pt-br\/wp-content\/smush-webp\/sites\/20\/2024\/09\/llp_company_overview_header_img-1280x558.jpg.webp 1280w, https:\/\/www.llproducts.com\/pt-br\/wp-content\/smush-webp\/sites\/20\/2024\/09\/llp_company_overview_header_img-980x427.jpg.webp 980w, https:\/\/www.llproducts.com\/pt-br\/wp-content\/smush-webp\/sites\/20\/2024\/09\/llp_company_overview_header_img-480x209.jpg.webp 480w\" sizes=\"(min-width: 0px) and (max-width: 480px) 480px, (min-width: 481px) and (max-width: 980px) 980px, (min-width: 981px) and (max-width: 1280px) 1280px, (min-width: 1281px) 1480px, 100vw\" class=\"wp-image-454\" \/><\/span><\/div><\/div><div class=\"et_pb_column_1 et_pb_column et_pb_column_1_3 et-last-child et_block_column et_pb_css_mix_blend_mode_passthrough et_animated inner-title-col\"><div class=\"et_pb_text_0 et_pb_text et_pb_bg_layout_dark et_pb_module et_block_module inner-title-2\"><div class=\"et_pb_text_inner\"><h1>Impulsionado pela<br \/>Tecnologia<\/h1>\n<\/div><\/div><\/div><\/div><div class=\"et_pb_row_1 et_pb_row et_block_row\"><div class=\"et_pb_column_2 et_pb_column et_pb_column_4_4 et-last-child et_block_column et_pb_css_mix_blend_mode_passthrough\"><div class=\"et_pb_sidebar_0 et_pb_widget_area clearfix et_pb_widget_area_left et_pb_bg_layout_light et_pb_sidebar_no_border et_pb_module et_block_module breadcrumbs\"><div id=\"block-10\" class=\"et_pb_widget widget_block\"><div class=\"yoast-breadcrumbs\"><span><span><a href=\"https:\/\/www.llproducts.com\/pt-br\/\">Home<\/a><\/span> <span aria-hidden=\"true\" data-icon=\"\ue93c\" class=\"icomoon icon-chevron-right\"><\/span> <span class=\"breadcrumb_last\" aria-current=\"page\">Empresa<\/span><\/span><\/div><\/div><\/div><\/div><\/div><\/div><div class=\"et_pb_section_1 et_pb_section et_section_specialty et_pb_gutters3 et_block_section\" id=\"page-content\"><div class=\"et_pb_row et_pb_row-1-4_3-4 et_block_row\"><div class=\"et_pb_column_3 et_pb_column et_pb_column_single et_pb_column_1_4 et_block_column et_pb_css_mix_blend_mode_passthrough\"><div class=\"et_pb_sidebar_1 et_pb_widget_area clearfix et_pb_widget_area_left et_pb_bg_layout_light et_pb_sidebar_no_border et_pb_module et_block_module\"><div id=\"nav_menu-10\" class=\"et_pb_widget widget_nav_menu\"><div class=\"menu-company-menu-container\"><ul id=\"menu-company-menu\" class=\"menu\"><li id=\"menu-item-841\" class=\"menu-item menu-item-type-post_type menu-item-object-page menu-item-841\"><a href=\"https:\/\/www.llproducts.com\/pt-br\/empresa\/\">Empresa<\/a><\/li>\n<li id=\"menu-item-839\" class=\"menu-item menu-item-type-post_type menu-item-object-page menu-item-839\"><a href=\"https:\/\/www.llproducts.com\/pt-br\/empresa\/inovacao\/\">Inova\u00e7\u00e3o<\/a><\/li>\n<li id=\"menu-item-840\" class=\"menu-item menu-item-type-post_type menu-item-object-page menu-item-840\"><a href=\"https:\/\/www.llproducts.com\/pt-br\/empresa\/valores-e-cultura\/\">Valores e Cultura<\/a><\/li>\n<li id=\"menu-item-908\" class=\"menu-item menu-item-type-post_type menu-item-object-page menu-item-908\"><a href=\"https:\/\/www.llproducts.com\/pt-br\/empresa\/historia\/\">Hist\u00f3ria<\/a><\/li>\n<li id=\"menu-item-1071\" class=\"menu-item menu-item-type-post_type menu-item-object-page menu-item-1071\"><a href=\"https:\/\/www.llproducts.com\/pt-br\/empresa\/carreiras\/\">Carreiras<\/a><\/li>\n<li id=\"menu-item-10779\" class=\"menu-item menu-item-type-post_type menu-item-object-page menu-item-10779\"><a href=\"https:\/\/www.llproducts.com\/pt-br\/empresa\/locais\/\">Locais<\/a><\/li>\n<li id=\"menu-item-1070\" class=\"menu-item menu-item-type-post_type menu-item-object-page menu-item-1070\"><a href=\"https:\/\/www.llproducts.com\/pt-br\/empresa\/fundacoes\/\">Funda\u00e7\u00f5es<\/a><\/li>\n<li id=\"menu-item-1069\" class=\"menu-item menu-item-type-post_type menu-item-object-page menu-item-1069\"><a href=\"https:\/\/www.llproducts.com\/pt-br\/empresa\/responsabilidade-social-das-empresas\/\">Responsabilidade Social das Empresas<\/a><\/li>\n<li id=\"menu-item-10780\" class=\"menu-item menu-item-type-post_type menu-item-object-page menu-item-10780\"><a href=\"https:\/\/www.llproducts.com\/pt-br\/empresa\/centro-de-recursos\/\">Centro de Recursos<\/a><\/li>\n<\/ul><\/div><\/div><\/div><\/div><div class=\"et_pb_column_4 et_pb_column et_pb_specialty_column et_pb_column_3_4 et-last-child et_block_column et_pb_css_mix_blend_mode_passthrough\"><div class=\"et_pb_row_inner_0 et_pb_row_inner et_block_row\"><div class=\"et_pb_column_inner_0 et_pb_column_inner et_pb_column et_pb_column_4_4 et-last-child et_block_column et_pb_css_mix_blend_mode_passthrough\"><div class=\"et_pb_text_1 et_pb_text et_pb_bg_layout_light et_animated et_pb_module et_block_module inner-title\"><div class=\"et_pb_text_inner\"><h1>Quem somos<\/h1>\n<\/div><\/div><div class=\"et_pb_text_2 et_pb_text et_pb_bg_layout_light et_animated et_pb_module et_block_module\"><div class=\"et_pb_text_inner\"><p class=\"in-view\">Somos uma empresa familiar de tecnologia. A L&amp;L Products cria solu\u00e7\u00f5es para v\u00e1rias aplica\u00e7\u00f5es que requerem veda\u00e7\u00e3o est\u00e1tica, melhoria ac\u00fastica, redu\u00e7\u00e3o de vibra\u00e7\u00e3o, refor\u00e7o estrutural, e componentes compostos. A L&amp;L Products percorreu um longo caminho desde os fundadores, Bob Ligon e Gene Lane, fabricando os seus primeiros produtos em seu forno dom\u00e9stico na cozinha em 1958, at\u00e9 \u00e0s instala\u00e7\u00f5es de produ\u00e7\u00e3o atualmente em funcionamento em todo o mundo.<\/p>\n<p class=\"in-view\">Reunimos experi\u00eancias \u00fanicas para criar solu\u00e7\u00f5es personalizadas e fornecer valor para as ind\u00fastrias automotiva, aeroespacial, de ve\u00edculos comerciais e ferrovi\u00e1ria, bem como para outras aplica\u00e7\u00f5es industriais. Prezamos pela nossa equipe pois nos permitem focar no que \u00e9 importante para satisfazer as necessidades dos clientes: valores empresariais, ci\u00eancia dos materiais, engenharia avan\u00e7ada, servi\u00e7o ao cliente, e expertise.<\/p>\n<p class=\"in-view\">Com instala\u00e7\u00f5es de produ\u00e7\u00e3o nos EUA, Europa, China, \u00cdndia, Turquia, e Brasil, al\u00e9m de subsidi\u00e1rias operacionais estrategicamente localizadas, estamos bem posicionados para fornecer apoio \u00e0 nossa base global de clientes. Atualmente, enviamos produtos para mais de 30 pa\u00edses e temos mais de 1200 colaboradores em todo o mundo.<\/p>\n<\/div><\/div><\/div><\/div><div class=\"et_pb_row_inner_1 et_pb_row_inner et_pb_gutters1 et_block_row\"><div class=\"et_pb_column_inner_1 et_pb_column_inner et_pb_column et_pb_column_3_8 et_block_column et_pb_css_mix_blend_mode_passthrough\"><div class=\"et_pb_code_0 et_pb_code et_pb_module\"><\/div><\/div><div class=\"et_pb_column_inner_2 et_pb_column_inner et_pb_column et_pb_column_3_8 et-last-child et_block_column et_pb_css_mix_blend_mode_passthrough\"><div class=\"et_pb_text_3 et_pb_text et_pb_bg_layout_dark et_pb_module et_block_module\"><div class=\"et_pb_text_inner\"><p>L&amp;L Products - Sendo um bom lugar para todos.<\/p>\n<\/div><\/div><\/div><\/div><div class=\"et_pb_row_inner_2 et_pb_row_inner et_block_row\"><div class=\"et_pb_column_inner_3 et_pb_column_inner et_pb_column et_pb_column_4_4 et-last-child et_block_column et_pb_css_mix_blend_mode_passthrough\"><div class=\"et_pb_text_4 et_pb_text et_pb_bg_layout_light et_animated et_pb_module et_block_module\"><div class=\"et_pb_text_inner\"><h2 class=\"in-view\">O que fazemos<\/h2>\n<\/div><\/div><div class=\"et_pb_text_5 et_pb_text et_pb_bg_layout_light et_animated et_pb_module et_block_module\"><div class=\"et_pb_text_inner\"><p class=\"in-view\">N\u00e3o subscrevemos o mantra \"tamanho \u00fanico\", pois acreditamos que cada projeto merece uma solu\u00e7\u00e3o personalizada e individual.<\/p>\n<p class=\"in-view\">Come\u00e7amos sempre por compreender as necessidades e requisitos espec\u00edficos de um cliente e depois aplicamos a nossa experi\u00eancia e amor pela resolu\u00e7\u00e3o de problemas para desenvolver a solu\u00e7\u00e3o mais apropriada.<\/p>\n<p class=\"in-view\">Investimos continuamente em esfor\u00e7os de Pesquisa e Desenvolvimento que abrangem a ci\u00eancia dos materiais, concep\u00e7\u00e3o assistida por computador CAD, an\u00e1lise de elementos finitos CAE, prototipagem, testes e tecnologia de processos fabris para fornecer produtos personalizados e standard \u00e0 nossa base de clientes.<\/p>\n<\/div><\/div><\/div><\/div><\/div><\/div><\/div><div class=\"et_pb_section_2 et_pb_section et_section_regular et_block_section\"><div class=\"et_pb_row_2 et_pb_row et_block_row\"><div class=\"et_pb_column_5 et_pb_column et_pb_column_4_4 et-last-child et_block_column et_pb_css_mix_blend_mode_passthrough\"><div class=\"et_pb_text_6 et_pb_text et_pb_bg_layout_light et_animated et_pb_module et_block_module inner-title-sm gry-line-divider\"><div class=\"et_pb_text_inner\"><h2>Mais sobre a L&amp;L<\/h2>\n<\/div><\/div><\/div><\/div><div class=\"et_pb_row_3 et_pb_row et_block_row\"><div class=\"et_pb_column_6 et_pb_column et_pb_column_1_2 et_block_column et_pb_css_mix_blend_mode_passthrough et_animated\"><div class=\"et_pb_text_7 et_pb_text et_pb_bg_layout_light et_pb_module et_block_module\"><div class=\"et_pb_text_inner\"><h3>Valores e Cultura<\/h3>\n<\/div><\/div><div class=\"et_pb_text_8 et_pb_text et_pb_bg_layout_light et_pb_module et_block_module\"><div class=\"et_pb_text_inner\"><p>Para permanecer um bom lugar para todos que lhe tocam, damos o maior valor \u00e0 integridade moral e interpessoal. Uma s\u00e9rie de diretrizes nos ajuda a nos mantermos fi\u00e9is a estes padr\u00f5es.<\/p>\n<\/div><\/div><div class=\"et_pb_module et_pb_button_module_wrapper et_pb_button_1_wrapper\"><a class=\"et_pb_button_1 et_pb_button et_pb_bg_layout_light et_pb_module et_block_module secondary\" href=\"https:\/\/www.llproducts.com\/pt-br\/empresa\/valores-e-cultura\/\">Leia mais<\/a><\/div><\/div><div class=\"et_pb_column_7 et_pb_column et_pb_column_1_2 et-last-child et_block_column et_pb_css_mix_blend_mode_passthrough et_animated\"><div class=\"et_pb_text_9 et_pb_text et_pb_bg_layout_light et_pb_module et_block_module\"><div class=\"et_pb_text_inner\"><h3>Hist\u00f3ria<\/h3>\n<\/div><\/div><div class=\"et_pb_text_10 et_pb_text et_pb_bg_layout_light et_pb_module et_block_module\"><div class=\"et_pb_text_inner\"><p>Recordamos mais de 60 anos de engenharia e inova\u00e7\u00e3o \u2013 e continuamos a escrever a nossa hist\u00f3ria.<\/p>\n<\/div><\/div><div class=\"et_pb_module et_pb_button_module_wrapper et_pb_button_2_wrapper\"><a class=\"et_pb_button_2 et_pb_button et_pb_bg_layout_light et_pb_module et_block_module secondary\" href=\"https:\/\/www.llproducts.com\/pt-br\/empresa\/historia\/\">explorar aqui<\/a><\/div><\/div><\/div><div class=\"et_pb_row_4 et_pb_row et_block_row\"><div class=\"et_pb_column_8 et_pb_column et_pb_column_1_2 et_block_column et_pb_css_mix_blend_mode_passthrough et_animated\"><div class=\"et_pb_text_11 et_pb_text et_pb_bg_layout_light et_pb_module et_block_module\"><div class=\"et_pb_text_inner\"><h3>Locais<\/h3>\n<\/div><\/div><div class=\"et_pb_text_12 et_pb_text et_pb_bg_layout_light et_pb_module et_block_module\"><div class=\"et_pb_text_inner\"><p>Oferecemos servi\u00e7o personalizado e fabrica\u00e7\u00e3o de classe mundial para clientes em todo o mundo.<\/p>\n<\/div><\/div><div class=\"et_pb_module et_pb_button_module_wrapper et_pb_button_3_wrapper\"><a class=\"et_pb_button_3 et_pb_button et_pb_bg_layout_light et_pb_module et_block_module secondary\" href=\"https:\/\/www.llproducts.com\/pt-br\/empresa\/locais\/\">Onde nos encontrar<\/a><\/div><\/div><div class=\"et_pb_column_9 et_pb_column et_pb_column_1_2 et-last-child et_block_column et_pb_css_mix_blend_mode_passthrough et_animated\"><div class=\"et_pb_text_13 et_pb_text et_pb_bg_layout_light et_pb_module et_block_module\"><div class=\"et_pb_text_inner\"><h3>Responsabilidade Social das Empresas<\/h3>\n<\/div><\/div><div class=\"et_pb_text_14 et_pb_text et_pb_bg_layout_light et_pb_module et_block_module\"><div class=\"et_pb_text_inner\"><p>A L&amp;L\u2122 se esfor\u00e7a para ser uma empresa consciente onde a sustentabilidade, a seguran\u00e7a e o apoio da comunidade s\u00e3o componentes integrais de nosso dia-a-dia empresarial.<\/p>\n<\/div><\/div><div class=\"et_pb_module et_pb_button_module_wrapper et_pb_button_4_wrapper\"><a class=\"et_pb_button_4 et_pb_button et_pb_bg_layout_light et_pb_module et_block_module secondary\" href=\"https:\/\/www.llproducts.com\/pt-br\/empresa\/responsabilidade-social-das-empresas\/\">Como buscamos isso<\/a><\/div><\/div><\/div><\/div>\n","protected":false},"excerpt":{"rendered":"","protected":false},"author":4,"featured_media":454,"parent":0,"menu_order":0,"comment_status":"closed","ping_status":"closed","template":"","meta":{"_acf_changed":false,"inline_featured_image":false,"footnotes":""},"class_list":["post-451","page","type-page","status-publish","has-post-thumbnail","hentry"],"acf":[],"dsm_author":{"name":"lafata","avatar_url":"https:\/\/secure.gravatar.com\/avatar\/66f6e75e3378137d9b1a20f7ad6c54aa6acecd8466704fadf5641de9af89b844?s=96&d=mm&r=g","archive_link":"https:\/\/www.llproducts.com\/pt-br\/news-events\/author\/lafata\/","biodata":""},"dsm_categories":[],"dsm_attachment_categories":[],"dsm_featured_image":{"thumbnail":"https:\/\/www.llproducts.com\/pt-br\/wp-content\/uploads\/sites\/20\/2024\/09\/llp_company_overview_header_img-150x150.jpg","medium":"https:\/\/www.llproducts.com\/pt-br\/wp-content\/uploads\/sites\/20\/2024\/09\/llp_company_overview_header_img-300x131.jpg","medium_large":"https:\/\/www.llproducts.com\/pt-br\/wp-content\/uploads\/sites\/20\/2024\/09\/llp_company_overview_header_img-768x335.jpg","large":"https:\/\/www.llproducts.com\/pt-br\/wp-content\/uploads\/sites\/20\/2024\/09\/llp_company_overview_header_img-1024x446.jpg","1536x1536":"https:\/\/www.llproducts.com\/pt-br\/wp-content\/uploads\/sites\/20\/2024\/09\/llp_company_overview_header_img.jpg","2048x2048":"https:\/\/www.llproducts.com\/pt-br\/wp-content\/uploads\/sites\/20\/2024\/09\/llp_company_overview_header_img.jpg","et-pb-post-main-image":"https:\/\/www.llproducts.com\/pt-br\/wp-content\/uploads\/sites\/20\/2024\/09\/llp_company_overview_header_img-400x250.jpg","et-pb-post-main-image-fullwidth":"https:\/\/www.llproducts.com\/pt-br\/wp-content\/uploads\/sites\/20\/2024\/09\/llp_company_overview_header_img-1080x645.jpg","et-pb-portfolio-image":"https:\/\/www.llproducts.com\/pt-br\/wp-content\/uploads\/sites\/20\/2024\/09\/llp_company_overview_header_img-400x284.jpg","et-pb-portfolio-module-image":"https:\/\/www.llproducts.com\/pt-br\/wp-content\/uploads\/sites\/20\/2024\/09\/llp_company_overview_header_img-510x382.jpg","et-pb-portfolio-image-single":"https:\/\/www.llproducts.com\/pt-br\/wp-content\/uploads\/sites\/20\/2024\/09\/llp_company_overview_header_img-1080x471.jpg","et-pb-gallery-module-image-portrait":"https:\/\/www.llproducts.com\/pt-br\/wp-content\/uploads\/sites\/20\/2024\/09\/llp_company_overview_header_img-400x516.jpg","et-pb-post-main-image-fullwidth-large":"https:\/\/www.llproducts.com\/pt-br\/wp-content\/uploads\/sites\/20\/2024\/09\/llp_company_overview_header_img.jpg","et-pb-image--responsive--desktop":"https:\/\/www.llproducts.com\/pt-br\/wp-content\/uploads\/sites\/20\/2024\/09\/llp_company_overview_header_img-1280x558.jpg","et-pb-image--responsive--tablet":"https:\/\/www.llproducts.com\/pt-br\/wp-content\/uploads\/sites\/20\/2024\/09\/llp_company_overview_header_img-980x427.jpg","et-pb-image--responsive--phone":"https:\/\/www.llproducts.com\/pt-br\/wp-content\/uploads\/sites\/20\/2024\/09\/llp_company_overview_header_img-480x209.jpg","gform-image-choice-sm":"https:\/\/www.llproducts.com\/pt-br\/wp-content\/uploads\/sites\/20\/2024\/09\/llp_company_overview_header_img.jpg","gform-image-choice-md":"https:\/\/www.llproducts.com\/pt-br\/wp-content\/uploads\/sites\/20\/2024\/09\/llp_company_overview_header_img.jpg","gform-image-choice-lg":"https:\/\/www.llproducts.com\/pt-br\/wp-content\/uploads\/sites\/20\/2024\/09\/llp_company_overview_header_img.jpg","full":"https:\/\/www.llproducts.com\/pt-br\/wp-content\/uploads\/sites\/20\/2024\/09\/llp_company_overview_header_img.jpg"},"yoast_head":"<!-- This site is optimized with the Yoast SEO Premium plugin v27.3 (Yoast SEO v27.4) - https:\/\/yoast.com\/product\/yoast-seo-premium-wordpress\/ -->\n<title>Empresa - L&amp;L Products - Engenharia Aplicada e Ci\u00eancia dos Materiais<\/title>\n<meta name=\"robots\" content=\"index, follow, max-snippet:-1, max-image-preview:large, max-video-preview:-1\" \/>\n<link rel=\"canonical\" href=\"https:\/\/www.llproducts.com\/pt-br\/empresa\/\" \/>\n<meta property=\"og:locale\" content=\"pt_PT\" \/>\n<meta property=\"og:type\" content=\"article\" \/>\n<meta property=\"og:title\" content=\"Empresa\" \/>\n<meta property=\"og:url\" content=\"https:\/\/www.llproducts.com\/pt-br\/empresa\/\" \/>\n<meta property=\"og:site_name\" content=\"L&amp;L Products - Engenharia Aplicada e Ci\u00eancia dos Materiais\" \/>\n<meta property=\"article:modified_time\" content=\"2026-04-16T18:27:05+00:00\" \/>\n<meta property=\"og:image\" content=\"https:\/\/www.llproducts.com\/pt-br\/wp-content\/uploads\/sites\/20\/2024\/09\/llp_company_overview_header_img.jpg\" \/>\n\t<meta property=\"og:image:width\" content=\"1480\" \/>\n\t<meta property=\"og:image:height\" content=\"645\" \/>\n\t<meta property=\"og:image:type\" content=\"image\/jpeg\" \/>\n<meta name=\"twitter:card\" content=\"summary_large_image\" \/>\n<meta name=\"twitter:label1\" content=\"Est. reading time\" \/>\n\t<meta name=\"twitter:data1\" content=\"3 minutos\" \/>\n<script type=\"application\/ld+json\" class=\"yoast-schema-graph\">{\"@context\":\"https:\\\/\\\/schema.org\",\"@graph\":[{\"@type\":\"WebPage\",\"@id\":\"https:\\\/\\\/www.llproducts.com\\\/pt-br\\\/empresa\\\/\",\"url\":\"https:\\\/\\\/www.llproducts.com\\\/pt-br\\\/empresa\\\/\",\"name\":\"Empresa - L&amp;L Products - Engenharia Aplicada e Ci\u00eancia dos Materiais\",\"isPartOf\":{\"@id\":\"https:\\\/\\\/www.llproducts.com\\\/pt-br\\\/#website\"},\"primaryImageOfPage\":{\"@id\":\"https:\\\/\\\/www.llproducts.com\\\/pt-br\\\/empresa\\\/#primaryimage\"},\"image\":{\"@id\":\"https:\\\/\\\/www.llproducts.com\\\/pt-br\\\/empresa\\\/#primaryimage\"},\"thumbnailUrl\":\"https:\\\/\\\/www.llproducts.com\\\/pt-br\\\/wp-content\\\/uploads\\\/sites\\\/20\\\/2024\\\/09\\\/llp_company_overview_header_img.jpg\",\"datePublished\":\"2024-09-06T18:27:20+00:00\",\"dateModified\":\"2026-04-16T18:27:05+00:00\",\"breadcrumb\":{\"@id\":\"https:\\\/\\\/www.llproducts.com\\\/pt-br\\\/empresa\\\/#breadcrumb\"},\"inLanguage\":\"pt-PT\",\"potentialAction\":[{\"@type\":\"ReadAction\",\"target\":[\"https:\\\/\\\/www.llproducts.com\\\/pt-br\\\/empresa\\\/\"]}]},{\"@type\":\"ImageObject\",\"inLanguage\":\"pt-PT\",\"@id\":\"https:\\\/\\\/www.llproducts.com\\\/pt-br\\\/empresa\\\/#primaryimage\",\"url\":\"https:\\\/\\\/www.llproducts.com\\\/pt-br\\\/wp-content\\\/uploads\\\/sites\\\/20\\\/2024\\\/09\\\/llp_company_overview_header_img.jpg\",\"contentUrl\":\"https:\\\/\\\/www.llproducts.com\\\/pt-br\\\/wp-content\\\/uploads\\\/sites\\\/20\\\/2024\\\/09\\\/llp_company_overview_header_img.jpg\",\"width\":1480,\"height\":645,\"caption\":\"A man using a VR headset\"},{\"@type\":\"BreadcrumbList\",\"@id\":\"https:\\\/\\\/www.llproducts.com\\\/pt-br\\\/empresa\\\/#breadcrumb\",\"itemListElement\":[{\"@type\":\"ListItem\",\"position\":1,\"name\":\"Home\",\"item\":\"https:\\\/\\\/www.llproducts.com\\\/pt-br\\\/\"},{\"@type\":\"ListItem\",\"position\":2,\"name\":\"Empresa\"}]},{\"@type\":\"WebSite\",\"@id\":\"https:\\\/\\\/www.llproducts.com\\\/pt-br\\\/#website\",\"url\":\"https:\\\/\\\/www.llproducts.com\\\/pt-br\\\/\",\"name\":\"L&amp;L Products - Engenharia Aplicada e Ci\u00eancia dos Materiais\",\"description\":\"\",\"potentialAction\":[{\"@type\":\"SearchAction\",\"target\":{\"@type\":\"EntryPoint\",\"urlTemplate\":\"https:\\\/\\\/www.llproducts.com\\\/pt-br\\\/?s={search_term_string}\"},\"query-input\":{\"@type\":\"PropertyValueSpecification\",\"valueRequired\":true,\"valueName\":\"search_term_string\"}}],\"inLanguage\":\"pt-PT\"}]}<\/script>\n<!-- \/ Yoast SEO Premium plugin. -->","yoast_head_json":{"title":"Empresa - L&amp;L Products - Engenharia Aplicada e Ci\u00eancia dos Materiais","robots":{"index":"index","follow":"follow","max-snippet":"max-snippet:-1","max-image-preview":"max-image-preview:large","max-video-preview":"max-video-preview:-1"},"canonical":"https:\/\/www.llproducts.com\/pt-br\/empresa\/","og_locale":"pt_PT","og_type":"article","og_title":"Empresa","og_url":"https:\/\/www.llproducts.com\/pt-br\/empresa\/","og_site_name":"L&amp;L Products - Engenharia Aplicada e Ci\u00eancia dos Materiais","article_modified_time":"2026-04-16T18:27:05+00:00","og_image":[{"width":1480,"height":645,"url":"https:\/\/www.llproducts.com\/pt-br\/wp-content\/uploads\/sites\/20\/2024\/09\/llp_company_overview_header_img.jpg","type":"image\/jpeg"}],"twitter_card":"summary_large_image","twitter_misc":{"Est. reading time":"3 minutos"},"schema":{"@context":"https:\/\/schema.org","@graph":[{"@type":"WebPage","@id":"https:\/\/www.llproducts.com\/pt-br\/empresa\/","url":"https:\/\/www.llproducts.com\/pt-br\/empresa\/","name":"Empresa - L&amp;L Products - Engenharia Aplicada e Ci\u00eancia dos Materiais","isPartOf":{"@id":"https:\/\/www.llproducts.com\/pt-br\/#website"},"primaryImageOfPage":{"@id":"https:\/\/www.llproducts.com\/pt-br\/empresa\/#primaryimage"},"image":{"@id":"https:\/\/www.llproducts.com\/pt-br\/empresa\/#primaryimage"},"thumbnailUrl":"https:\/\/www.llproducts.com\/pt-br\/wp-content\/uploads\/sites\/20\/2024\/09\/llp_company_overview_header_img.jpg","datePublished":"2024-09-06T18:27:20+00:00","dateModified":"2026-04-16T18:27:05+00:00","breadcrumb":{"@id":"https:\/\/www.llproducts.com\/pt-br\/empresa\/#breadcrumb"},"inLanguage":"pt-PT","potentialAction":[{"@type":"ReadAction","target":["https:\/\/www.llproducts.com\/pt-br\/empresa\/"]}]},{"@type":"ImageObject","inLanguage":"pt-PT","@id":"https:\/\/www.llproducts.com\/pt-br\/empresa\/#primaryimage","url":"https:\/\/www.llproducts.com\/pt-br\/wp-content\/uploads\/sites\/20\/2024\/09\/llp_company_overview_header_img.jpg","contentUrl":"https:\/\/www.llproducts.com\/pt-br\/wp-content\/uploads\/sites\/20\/2024\/09\/llp_company_overview_header_img.jpg","width":1480,"height":645,"caption":"A man using a VR headset"},{"@type":"BreadcrumbList","@id":"https:\/\/www.llproducts.com\/pt-br\/empresa\/#breadcrumb","itemListElement":[{"@type":"ListItem","position":1,"name":"Home","item":"https:\/\/www.llproducts.com\/pt-br\/"},{"@type":"ListItem","position":2,"name":"Empresa"}]},{"@type":"WebSite","@id":"https:\/\/www.llproducts.com\/pt-br\/#website","url":"https:\/\/www.llproducts.com\/pt-br\/","name":"L&amp;L Products - Engenharia Aplicada e Ci\u00eancia dos Materiais","description":"","potentialAction":[{"@type":"SearchAction","target":{"@type":"EntryPoint","urlTemplate":"https:\/\/www.llproducts.com\/pt-br\/?s={search_term_string}"},"query-input":{"@type":"PropertyValueSpecification","valueRequired":true,"valueName":"search_term_string"}}],"inLanguage":"pt-PT"}]}},"_links":{"self":[{"href":"https:\/\/www.llproducts.com\/pt-br\/wp-json\/wp\/v2\/pages\/451","targetHints":{"allow":["GET"]}}],"collection":[{"href":"https:\/\/www.llproducts.com\/pt-br\/wp-json\/wp\/v2\/pages"}],"about":[{"href":"https:\/\/www.llproducts.com\/pt-br\/wp-json\/wp\/v2\/types\/page"}],"author":[{"embeddable":true,"href":"https:\/\/www.llproducts.com\/pt-br\/wp-json\/wp\/v2\/users\/4"}],"replies":[{"embeddable":true,"href":"https:\/\/www.llproducts.com\/pt-br\/wp-json\/wp\/v2\/comments?post=451"}],"version-history":[{"count":0,"href":"https:\/\/www.llproducts.com\/pt-br\/wp-json\/wp\/v2\/pages\/451\/revisions"}],"wp:featuredmedia":[{"embeddable":true,"href":"https:\/\/www.llproducts.com\/pt-br\/wp-json\/wp\/v2\/media\/454"}],"wp:attachment":[{"href":"https:\/\/www.llproducts.com\/pt-br\/wp-json\/wp\/v2\/media?parent=451"}],"curies":[{"name":"wp","href":"https:\/\/api.w.org\/{rel}","templated":true}]}}