{"id":846,"date":"2024-09-26T20:18:54","date_gmt":"2024-09-26T20:18:54","guid":{"rendered":"https:\/\/llproducts1.wpenginepowered.com\/pt-br\/?page_id=846"},"modified":"2026-04-16T18:26:56","modified_gmt":"2026-04-16T18:26:56","slug":"fundacoes","status":"publish","type":"page","link":"https:\/\/www.llproducts.com\/pt-br\/empresa\/fundacoes\/","title":{"rendered":"Funda\u00e7\u00f5es"},"content":{"rendered":"\n<div class=\"et_pb_section_0 et_pb_section et_section_regular et_block_section\"><div class=\"et_pb_row_0 et_pb_row et_pb_gutters1 et_block_row inner-title-row\"><div class=\"et_pb_column_0 et_pb_column et_pb_column_2_3 et_block_column et_pb_css_mix_blend_mode_passthrough\"><div class=\"et_pb_image_0 et_pb_image et_pb_module et_block_module\"><span class=\"et_pb_image_wrap\"><img decoding=\"async\" src=\"https:\/\/www.llproducts.com\/wp-content\/uploads\/2025\/12\/Foundations.png\" \/><\/span><\/div><\/div><div class=\"et_pb_column_1 et_pb_column et_pb_column_1_3 et-last-child et_block_column et_pb_css_mix_blend_mode_passthrough et_animated inner-title-col alt-title-col\"><div class=\"et_pb_text_0 et_pb_text et_pb_bg_layout_dark et_pb_module et_block_module inner-title-2\"><div class=\"et_pb_text_inner\"><h1>Retribuindo<\/h1>\n<\/div><\/div><div class=\"et_pb_text_1 et_pb_text et_pb_bg_layout_dark et_pb_module et_block_module\"><div class=\"et_pb_text_inner\"><p>Como apoiadoras das comunidades onde estamos sediados, as Funda\u00e7\u00f5es L&amp;L t\u00eam prestado apoio financeiro \u00e0 educa\u00e7\u00e3o atrav\u00e9s de bolsas de estudo e subs\u00eddios ao longo dos anos.<\/p>\n<\/div><\/div><div class=\"et_pb_module et_pb_button_module_wrapper et_pb_button_0_wrapper\"><a class=\"et_pb_button_0 et_pb_button et_pb_bg_layout_light et_pb_module et_block_module wht-btn\" href=\"#apply\">Inscreva-se<\/a><\/div><\/div><\/div><div class=\"et_pb_row_1 et_pb_row et_block_row\"><div class=\"et_pb_column_2 et_pb_column et_pb_column_4_4 et-last-child et_block_column et_pb_css_mix_blend_mode_passthrough\"><div class=\"et_pb_sidebar_0 et_pb_widget_area clearfix et_pb_widget_area_left et_pb_bg_layout_light et_pb_sidebar_no_border et_pb_module et_block_module breadcrumbs\"><div id=\"block-10\" class=\"et_pb_widget widget_block\"><div class=\"yoast-breadcrumbs\"><span><span><a href=\"https:\/\/www.llproducts.com\/pt-br\/\">Home<\/a><\/span> <span aria-hidden=\"true\" data-icon=\"\ue93c\" class=\"icomoon icon-chevron-right\"><\/span> <span><a href=\"https:\/\/www.llproducts.com\/pt-br\/empresa\/\">Empresa<\/a><\/span> <span aria-hidden=\"true\" data-icon=\"\ue93c\" class=\"icomoon icon-chevron-right\"><\/span> <span class=\"breadcrumb_last\" aria-current=\"page\">Funda\u00e7\u00f5es<\/span><\/span><\/div><\/div><\/div><\/div><\/div><\/div><div class=\"et_pb_section_1 et_pb_section et_section_specialty et_pb_gutters3 et_block_section\" id=\"page-content\"><div class=\"et_pb_row et_pb_row-1-4_3-4 et_block_row\"><div class=\"et_pb_column_3 et_pb_column et_pb_column_single et_pb_column_1_4 et_block_column et_pb_css_mix_blend_mode_passthrough\"><div class=\"et_pb_sidebar_1 et_pb_widget_area clearfix et_pb_widget_area_left et_pb_bg_layout_light et_pb_sidebar_no_border et_pb_module et_block_module\"><div id=\"nav_menu-10\" class=\"et_pb_widget widget_nav_menu\"><div class=\"menu-company-menu-container\"><ul id=\"menu-company-menu\" class=\"menu\"><li id=\"menu-item-841\" class=\"menu-item menu-item-type-post_type menu-item-object-page menu-item-841\"><a href=\"https:\/\/www.llproducts.com\/pt-br\/empresa\/\">Empresa<\/a><\/li>\n<li id=\"menu-item-839\" class=\"menu-item menu-item-type-post_type menu-item-object-page menu-item-839\"><a href=\"https:\/\/www.llproducts.com\/pt-br\/empresa\/inovacao\/\">Inova\u00e7\u00e3o<\/a><\/li>\n<li id=\"menu-item-840\" class=\"menu-item menu-item-type-post_type menu-item-object-page menu-item-840\"><a href=\"https:\/\/www.llproducts.com\/pt-br\/empresa\/valores-e-cultura\/\">Valores e Cultura<\/a><\/li>\n<li id=\"menu-item-908\" class=\"menu-item menu-item-type-post_type menu-item-object-page menu-item-908\"><a href=\"https:\/\/www.llproducts.com\/pt-br\/empresa\/historia\/\">Hist\u00f3ria<\/a><\/li>\n<li id=\"menu-item-1071\" class=\"menu-item menu-item-type-post_type menu-item-object-page menu-item-1071\"><a href=\"https:\/\/www.llproducts.com\/pt-br\/empresa\/carreiras\/\">Carreiras<\/a><\/li>\n<li id=\"menu-item-10779\" class=\"menu-item menu-item-type-post_type menu-item-object-page menu-item-10779\"><a href=\"https:\/\/www.llproducts.com\/pt-br\/empresa\/locais\/\">Locais<\/a><\/li>\n<li id=\"menu-item-1070\" class=\"menu-item menu-item-type-post_type menu-item-object-page menu-item-1070\"><a href=\"https:\/\/www.llproducts.com\/pt-br\/empresa\/fundacoes\/\">Funda\u00e7\u00f5es<\/a><\/li>\n<li id=\"menu-item-1069\" class=\"menu-item menu-item-type-post_type menu-item-object-page menu-item-1069\"><a href=\"https:\/\/www.llproducts.com\/pt-br\/empresa\/responsabilidade-social-das-empresas\/\">Responsabilidade Social das Empresas<\/a><\/li>\n<li id=\"menu-item-10780\" class=\"menu-item menu-item-type-post_type menu-item-object-page menu-item-10780\"><a href=\"https:\/\/www.llproducts.com\/pt-br\/empresa\/centro-de-recursos\/\">Centro de Recursos<\/a><\/li>\n<\/ul><\/div><\/div><\/div><\/div><div class=\"et_pb_column_4 et_pb_column et_pb_specialty_column et_pb_column_3_4 et-last-child et_block_column et_pb_css_mix_blend_mode_passthrough\"><div class=\"et_pb_row_inner_0 et_pb_row_inner et_block_row\"><div class=\"et_pb_column_inner_0 et_pb_column_inner et_pb_column et_pb_column_4_4 et-last-child et_block_column et_pb_css_mix_blend_mode_passthrough\"><div class=\"et_pb_text_2 et_pb_text et_pb_bg_layout_light et_animated et_pb_module et_block_module inner-title\"><div class=\"et_pb_text_inner\"><h1>Apoio \u00e0s nossas <br \/>Comunidades<\/h1>\n<\/div><\/div><\/div><\/div><div class=\"et_pb_row_inner_1 et_pb_row_inner et_block_row\"><div class=\"et_pb_column_inner_1 et_pb_column_inner et_pb_column et_pb_column_3_8 et_block_column et_pb_css_mix_blend_mode_passthrough\"><div class=\"et_pb_text_3 et_pb_text et_pb_bg_layout_light et_pb_module et_block_module\"><div class=\"et_pb_text_inner\"><p>Como apoiadoras das comunidades onde estamos sediados, a Funda\u00e7\u00e3o L&amp;L t\u00eam prestado apoio financeiro \u00e0 educa\u00e7\u00e3o atrav\u00e9s de bolsas de estudo e subs\u00eddios ao longo dos anos.<\/p>\n<p>Tudo come\u00e7ou com a Funda\u00e7\u00e3o Educacional L&amp;L em 1987. Robert M. Ligon e W. Eugene Lane, os Fundadores da L&amp;L Products, criaram uma funda\u00e7\u00e3o de caridade para ajudar os Membros da Fam\u00edlia L&amp;L com os custos de educa\u00e7\u00e3o para adultos.<\/p>\n<p>Em 2018, a Funda\u00e7\u00e3o L&amp;L Products foi criada pelos filhos e netos do Sr. Ligon e do Sr. Lane para apoiar os Membros da Fam\u00edlia L&amp;L fora dos EUA.<\/p>\n<\/div><\/div><\/div><div class=\"et_pb_column_inner_2 et_pb_column_inner et_pb_column et_pb_column_3_8 et-last-child et_block_column et_pb_css_mix_blend_mode_passthrough\"><div class=\"et_pb_image_1 et_pb_image et_pb_module et_block_module\"><span class=\"et_pb_image_wrap\"><img decoding=\"async\" src=\"https:\/\/llproducts.com\/pt-br\/wp-content\/uploads\/sites\/20\/2024\/09\/picture__5.jpg\" title=\"A young girl smiling\" alt=\"A collage of images with kids smiling\" \/><\/span><\/div><\/div><\/div><div class=\"et_pb_row_inner_2 et_pb_row_inner et_block_row\" id=\"apply\"><div class=\"et_pb_column_inner_3 et_pb_column_inner et_pb_column et_pb_column_4_4 et-last-child et_block_column et_pb_css_mix_blend_mode_passthrough\"><div class=\"et_pb_text_4 et_pb_text et_pb_bg_layout_dark et_animated et_pb_module et_block_module et_pb_text_align_center\"><div class=\"et_pb_text_inner\"><h2 class=\"text-center no-dot\">Onde nos encontrar?<\/h2>\n<\/div><\/div><div class=\"et_pb_module et_pb_button_module_wrapper et_pb_button_1_wrapper\"><a class=\"et_pb_button_1 et_pb_button et_pb_bg_layout_light et_pb_module et_block_module wht-btn\" href=\"https:\/\/www.llproducts.com\/pt-br\/empresa\/fundacoes\/ll-educational-foundation\/\">North America<\/a><\/div><div class=\"et_pb_module et_pb_button_module_wrapper et_pb_button_2_wrapper\"><a class=\"et_pb_button_2 et_pb_button et_pb_bg_layout_light et_pb_module et_block_module wht-btn\" href=\"https:\/\/www.llproducts.com\/pt-br\/empresa\/fundacoes\/ll-products-foundation\/\">International<\/a><\/div><\/div><\/div><div class=\"et_pb_row_inner_3 et_pb_row_inner et_block_row\"><div class=\"et_pb_column_inner_4 et_pb_column_inner et_pb_column et_pb_column_3_8 et_block_column et_pb_css_mix_blend_mode_passthrough\"><div class=\"et_pb_image_2 et_pb_image et_pb_module et_block_module\"><span class=\"et_pb_image_wrap\"><img decoding=\"async\" src=\"https:\/\/llproducts.com\/pt-br\/wp-content\/uploads\/sites\/20\/2024\/09\/picture__2.jpg\" title=\"A young girl smiling\" alt=\"A young girl smiling\" \/><\/span><\/div><\/div><div class=\"et_pb_column_inner_5 et_pb_column_inner et_pb_column et_pb_column_3_8 et-last-child et_block_column et_pb_css_mix_blend_mode_passthrough\"><div class=\"et_pb_text_5 et_pb_text et_pb_bg_layout_light et_pb_module et_block_module\"><div class=\"et_pb_text_inner\"><div>\n<div class=\"illustration-item__text in-view\">\n<p>O objetivo da Funda\u00e7\u00e3o \u00e9 fornecer bolsas de estudo ao maior n\u00famero poss\u00edvel de candidatos em cada ano. O programa ajuda a dar suporte aos custos de frequentar uma faculdade, universidade, escola t\u00e9cnica, comercial, ou profissional para se preparar ou para melhorar carreira atual.<\/p>\n<p>Sempre que poss\u00edvel, a Funda\u00e7\u00e3o tamb\u00e9m se esfor\u00e7a para apoiar programas STEM (Ci\u00eancia, Tecnologia, Engenharia, Matem\u00e1tica) e outras ferramentas educacionais nas escolas locais atrav\u00e9s de um programa de bolsas de estudo.<\/p>\n<p><a href=\"https:\/\/thecountypress.mihomepaper.com\/articles\/imlay-city-middle-school-receives-grant-for-makerspace\/\" target=\"_blank\" rel=\"noopener noreferrer\">Leia mais<\/a>\u00a0sobre um benefici\u00e1rio da bolsa da L&amp;L Products Educational Foundation e como os esfor\u00e7os ajudam os estudantes locais a desenvolver compet\u00eancias de pensamento cr\u00edtico, a expressar criatividade e a aumentar o envolvimento.<\/p>\n<\/div>\n<\/div>\n<\/div><\/div><\/div><\/div><\/div><\/div><\/div>\n","protected":false},"excerpt":{"rendered":"","protected":false},"author":4,"featured_media":11605,"parent":451,"menu_order":0,"comment_status":"closed","ping_status":"closed","template":"","meta":{"_acf_changed":false,"inline_featured_image":false,"footnotes":""},"class_list":["post-846","page","type-page","status-publish","has-post-thumbnail","hentry"],"acf":[],"dsm_author":{"name":"lafata","avatar_url":"https:\/\/secure.gravatar.com\/avatar\/66f6e75e3378137d9b1a20f7ad6c54aa6acecd8466704fadf5641de9af89b844?s=96&d=mm&r=g","archive_link":"https:\/\/www.llproducts.com\/pt-br\/news-events\/author\/lafata\/","biodata":""},"dsm_categories":[],"dsm_attachment_categories":[],"dsm_featured_image":{"thumbnail":"https:\/\/www.llproducts.com\/pt-br\/wp-content\/uploads\/sites\/20\/2024\/11\/Foundations-Header-Image-3-150x150.jpg","medium":"https:\/\/www.llproducts.com\/pt-br\/wp-content\/uploads\/sites\/20\/2024\/11\/Foundations-Header-Image-3-300x169.jpg","medium_large":"https:\/\/www.llproducts.com\/pt-br\/wp-content\/uploads\/sites\/20\/2024\/11\/Foundations-Header-Image-3-768x432.jpg","large":"https:\/\/www.llproducts.com\/pt-br\/wp-content\/uploads\/sites\/20\/2024\/11\/Foundations-Header-Image-3-1024x576.jpg","1536x1536":"https:\/\/www.llproducts.com\/pt-br\/wp-content\/uploads\/sites\/20\/2024\/11\/Foundations-Header-Image-3-1536x864.jpg","2048x2048":"https:\/\/www.llproducts.com\/pt-br\/wp-content\/uploads\/sites\/20\/2024\/11\/Foundations-Header-Image-3.jpg","et-pb-post-main-image":"https:\/\/www.llproducts.com\/pt-br\/wp-content\/uploads\/sites\/20\/2024\/11\/Foundations-Header-Image-3-400x250.jpg","et-pb-post-main-image-fullwidth":"https:\/\/www.llproducts.com\/pt-br\/wp-content\/uploads\/sites\/20\/2024\/11\/Foundations-Header-Image-3-1080x675.jpg","et-pb-portfolio-image":"https:\/\/www.llproducts.com\/pt-br\/wp-content\/uploads\/sites\/20\/2024\/11\/Foundations-Header-Image-3-400x284.jpg","et-pb-portfolio-module-image":"https:\/\/www.llproducts.com\/pt-br\/wp-content\/uploads\/sites\/20\/2024\/11\/Foundations-Header-Image-3-510x382.jpg","et-pb-portfolio-image-single":"https:\/\/www.llproducts.com\/pt-br\/wp-content\/uploads\/sites\/20\/2024\/11\/Foundations-Header-Image-3-1080x608.jpg","et-pb-gallery-module-image-portrait":"https:\/\/www.llproducts.com\/pt-br\/wp-content\/uploads\/sites\/20\/2024\/11\/Foundations-Header-Image-3-400x516.jpg","et-pb-post-main-image-fullwidth-large":"https:\/\/www.llproducts.com\/pt-br\/wp-content\/uploads\/sites\/20\/2024\/11\/Foundations-Header-Image-3.jpg","et-pb-image--responsive--desktop":"https:\/\/www.llproducts.com\/pt-br\/wp-content\/uploads\/sites\/20\/2024\/11\/Foundations-Header-Image-3-1280x720.jpg","et-pb-image--responsive--tablet":"https:\/\/www.llproducts.com\/pt-br\/wp-content\/uploads\/sites\/20\/2024\/11\/Foundations-Header-Image-3-980x551.jpg","et-pb-image--responsive--phone":"https:\/\/www.llproducts.com\/pt-br\/wp-content\/uploads\/sites\/20\/2024\/11\/Foundations-Header-Image-3-480x270.jpg","gform-image-choice-sm":"https:\/\/www.llproducts.com\/pt-br\/wp-content\/uploads\/sites\/20\/2024\/11\/Foundations-Header-Image-3.jpg","gform-image-choice-md":"https:\/\/www.llproducts.com\/pt-br\/wp-content\/uploads\/sites\/20\/2024\/11\/Foundations-Header-Image-3.jpg","gform-image-choice-lg":"https:\/\/www.llproducts.com\/pt-br\/wp-content\/uploads\/sites\/20\/2024\/11\/Foundations-Header-Image-3.jpg","full":"https:\/\/www.llproducts.com\/pt-br\/wp-content\/uploads\/sites\/20\/2024\/11\/Foundations-Header-Image-3.jpg"},"yoast_head":"<!-- This site is optimized with the Yoast SEO Premium plugin v27.5 (Yoast SEO v27.6) - https:\/\/yoast.com\/product\/yoast-seo-premium-wordpress\/ -->\n<title>Funda\u00e7\u00f5es - L&amp;L Products - Engenharia Aplicada e Ci\u00eancia dos Materiais<\/title>\n<meta name=\"robots\" content=\"index, follow, max-snippet:-1, max-image-preview:large, max-video-preview:-1\" \/>\n<link rel=\"canonical\" href=\"https:\/\/www.llproducts.com\/pt-br\/empresa\/fundacoes\/\" \/>\n<meta property=\"og:locale\" content=\"pt_PT\" \/>\n<meta property=\"og:type\" content=\"article\" \/>\n<meta property=\"og:title\" content=\"Funda\u00e7\u00f5es\" \/>\n<meta property=\"og:url\" content=\"https:\/\/www.llproducts.com\/pt-br\/empresa\/fundacoes\/\" \/>\n<meta property=\"og:site_name\" content=\"L&amp;L Products - Engenharia Aplicada e Ci\u00eancia dos Materiais\" \/>\n<meta property=\"article:modified_time\" content=\"2026-04-16T18:26:56+00:00\" \/>\n<meta property=\"og:image\" content=\"https:\/\/www.llproducts.com\/pt-br\/wp-content\/uploads\/sites\/20\/2024\/11\/Foundations-Header-Image-3.jpg\" \/>\n\t<meta property=\"og:image:width\" content=\"1920\" \/>\n\t<meta property=\"og:image:height\" content=\"1080\" \/>\n\t<meta property=\"og:image:type\" content=\"image\/jpeg\" \/>\n<meta name=\"twitter:card\" content=\"summary_large_image\" \/>\n<meta name=\"twitter:label1\" content=\"Est. reading time\" \/>\n\t<meta name=\"twitter:data1\" content=\"2 minutos\" \/>\n<script type=\"application\/ld+json\" class=\"yoast-schema-graph\">{\"@context\":\"https:\\\/\\\/schema.org\",\"@graph\":[{\"@type\":\"WebPage\",\"@id\":\"https:\\\/\\\/www.llproducts.com\\\/pt-br\\\/empresa\\\/fundacoes\\\/\",\"url\":\"https:\\\/\\\/www.llproducts.com\\\/pt-br\\\/empresa\\\/fundacoes\\\/\",\"name\":\"Funda\u00e7\u00f5es - L&amp;L Products - Engenharia Aplicada e Ci\u00eancia dos Materiais\",\"isPartOf\":{\"@id\":\"https:\\\/\\\/www.llproducts.com\\\/pt-br\\\/#website\"},\"primaryImageOfPage\":{\"@id\":\"https:\\\/\\\/www.llproducts.com\\\/pt-br\\\/empresa\\\/fundacoes\\\/#primaryimage\"},\"image\":{\"@id\":\"https:\\\/\\\/www.llproducts.com\\\/pt-br\\\/empresa\\\/fundacoes\\\/#primaryimage\"},\"thumbnailUrl\":\"https:\\\/\\\/www.llproducts.com\\\/pt-br\\\/wp-content\\\/uploads\\\/sites\\\/20\\\/2024\\\/11\\\/Foundations-Header-Image-3.jpg\",\"datePublished\":\"2024-09-26T20:18:54+00:00\",\"dateModified\":\"2026-04-16T18:26:56+00:00\",\"breadcrumb\":{\"@id\":\"https:\\\/\\\/www.llproducts.com\\\/pt-br\\\/empresa\\\/fundacoes\\\/#breadcrumb\"},\"inLanguage\":\"pt-PT\",\"potentialAction\":[{\"@type\":\"ReadAction\",\"target\":[\"https:\\\/\\\/www.llproducts.com\\\/pt-br\\\/empresa\\\/fundacoes\\\/\"]}]},{\"@type\":\"ImageObject\",\"inLanguage\":\"pt-PT\",\"@id\":\"https:\\\/\\\/www.llproducts.com\\\/pt-br\\\/empresa\\\/fundacoes\\\/#primaryimage\",\"url\":\"https:\\\/\\\/www.llproducts.com\\\/pt-br\\\/wp-content\\\/uploads\\\/sites\\\/20\\\/2024\\\/11\\\/Foundations-Header-Image-3.jpg\",\"contentUrl\":\"https:\\\/\\\/www.llproducts.com\\\/pt-br\\\/wp-content\\\/uploads\\\/sites\\\/20\\\/2024\\\/11\\\/Foundations-Header-Image-3.jpg\",\"width\":1920,\"height\":1080,\"caption\":\"A woman holding a microphone is speaking to a group of people\"},{\"@type\":\"BreadcrumbList\",\"@id\":\"https:\\\/\\\/www.llproducts.com\\\/pt-br\\\/empresa\\\/fundacoes\\\/#breadcrumb\",\"itemListElement\":[{\"@type\":\"ListItem\",\"position\":1,\"name\":\"Home\",\"item\":\"https:\\\/\\\/www.llproducts.com\\\/pt-br\\\/\"},{\"@type\":\"ListItem\",\"position\":2,\"name\":\"Empresa\",\"item\":\"https:\\\/\\\/www.llproducts.com\\\/pt-br\\\/empresa\\\/\"},{\"@type\":\"ListItem\",\"position\":3,\"name\":\"Funda\u00e7\u00f5es\"}]},{\"@type\":\"WebSite\",\"@id\":\"https:\\\/\\\/www.llproducts.com\\\/pt-br\\\/#website\",\"url\":\"https:\\\/\\\/www.llproducts.com\\\/pt-br\\\/\",\"name\":\"L&amp;L Products - Engenharia Aplicada e Ci\u00eancia dos Materiais\",\"description\":\"\",\"potentialAction\":[{\"@type\":\"SearchAction\",\"target\":{\"@type\":\"EntryPoint\",\"urlTemplate\":\"https:\\\/\\\/www.llproducts.com\\\/pt-br\\\/?s={search_term_string}\"},\"query-input\":{\"@type\":\"PropertyValueSpecification\",\"valueRequired\":true,\"valueName\":\"search_term_string\"}}],\"inLanguage\":\"pt-PT\"}]}<\/script>\n<!-- \/ Yoast SEO Premium plugin. -->","yoast_head_json":{"title":"Funda\u00e7\u00f5es - L&amp;L Products - Engenharia Aplicada e Ci\u00eancia dos Materiais","robots":{"index":"index","follow":"follow","max-snippet":"max-snippet:-1","max-image-preview":"max-image-preview:large","max-video-preview":"max-video-preview:-1"},"canonical":"https:\/\/www.llproducts.com\/pt-br\/empresa\/fundacoes\/","og_locale":"pt_PT","og_type":"article","og_title":"Funda\u00e7\u00f5es","og_url":"https:\/\/www.llproducts.com\/pt-br\/empresa\/fundacoes\/","og_site_name":"L&amp;L Products - Engenharia Aplicada e Ci\u00eancia dos Materiais","article_modified_time":"2026-04-16T18:26:56+00:00","og_image":[{"width":1920,"height":1080,"url":"https:\/\/www.llproducts.com\/pt-br\/wp-content\/uploads\/sites\/20\/2024\/11\/Foundations-Header-Image-3.jpg","type":"image\/jpeg"}],"twitter_card":"summary_large_image","twitter_misc":{"Est. reading time":"2 minutos"},"schema":{"@context":"https:\/\/schema.org","@graph":[{"@type":"WebPage","@id":"https:\/\/www.llproducts.com\/pt-br\/empresa\/fundacoes\/","url":"https:\/\/www.llproducts.com\/pt-br\/empresa\/fundacoes\/","name":"Funda\u00e7\u00f5es - L&amp;L Products - Engenharia Aplicada e Ci\u00eancia dos Materiais","isPartOf":{"@id":"https:\/\/www.llproducts.com\/pt-br\/#website"},"primaryImageOfPage":{"@id":"https:\/\/www.llproducts.com\/pt-br\/empresa\/fundacoes\/#primaryimage"},"image":{"@id":"https:\/\/www.llproducts.com\/pt-br\/empresa\/fundacoes\/#primaryimage"},"thumbnailUrl":"https:\/\/www.llproducts.com\/pt-br\/wp-content\/uploads\/sites\/20\/2024\/11\/Foundations-Header-Image-3.jpg","datePublished":"2024-09-26T20:18:54+00:00","dateModified":"2026-04-16T18:26:56+00:00","breadcrumb":{"@id":"https:\/\/www.llproducts.com\/pt-br\/empresa\/fundacoes\/#breadcrumb"},"inLanguage":"pt-PT","potentialAction":[{"@type":"ReadAction","target":["https:\/\/www.llproducts.com\/pt-br\/empresa\/fundacoes\/"]}]},{"@type":"ImageObject","inLanguage":"pt-PT","@id":"https:\/\/www.llproducts.com\/pt-br\/empresa\/fundacoes\/#primaryimage","url":"https:\/\/www.llproducts.com\/pt-br\/wp-content\/uploads\/sites\/20\/2024\/11\/Foundations-Header-Image-3.jpg","contentUrl":"https:\/\/www.llproducts.com\/pt-br\/wp-content\/uploads\/sites\/20\/2024\/11\/Foundations-Header-Image-3.jpg","width":1920,"height":1080,"caption":"A woman holding a microphone is speaking to a group of people"},{"@type":"BreadcrumbList","@id":"https:\/\/www.llproducts.com\/pt-br\/empresa\/fundacoes\/#breadcrumb","itemListElement":[{"@type":"ListItem","position":1,"name":"Home","item":"https:\/\/www.llproducts.com\/pt-br\/"},{"@type":"ListItem","position":2,"name":"Empresa","item":"https:\/\/www.llproducts.com\/pt-br\/empresa\/"},{"@type":"ListItem","position":3,"name":"Funda\u00e7\u00f5es"}]},{"@type":"WebSite","@id":"https:\/\/www.llproducts.com\/pt-br\/#website","url":"https:\/\/www.llproducts.com\/pt-br\/","name":"L&amp;L Products - Engenharia Aplicada e Ci\u00eancia dos Materiais","description":"","potentialAction":[{"@type":"SearchAction","target":{"@type":"EntryPoint","urlTemplate":"https:\/\/www.llproducts.com\/pt-br\/?s={search_term_string}"},"query-input":{"@type":"PropertyValueSpecification","valueRequired":true,"valueName":"search_term_string"}}],"inLanguage":"pt-PT"}]}},"_links":{"self":[{"href":"https:\/\/www.llproducts.com\/pt-br\/wp-json\/wp\/v2\/pages\/846","targetHints":{"allow":["GET"]}}],"collection":[{"href":"https:\/\/www.llproducts.com\/pt-br\/wp-json\/wp\/v2\/pages"}],"about":[{"href":"https:\/\/www.llproducts.com\/pt-br\/wp-json\/wp\/v2\/types\/page"}],"author":[{"embeddable":true,"href":"https:\/\/www.llproducts.com\/pt-br\/wp-json\/wp\/v2\/users\/4"}],"replies":[{"embeddable":true,"href":"https:\/\/www.llproducts.com\/pt-br\/wp-json\/wp\/v2\/comments?post=846"}],"version-history":[{"count":0,"href":"https:\/\/www.llproducts.com\/pt-br\/wp-json\/wp\/v2\/pages\/846\/revisions"}],"up":[{"embeddable":true,"href":"https:\/\/www.llproducts.com\/pt-br\/wp-json\/wp\/v2\/pages\/451"}],"wp:featuredmedia":[{"embeddable":true,"href":"https:\/\/www.llproducts.com\/pt-br\/wp-json\/wp\/v2\/media\/11605"}],"wp:attachment":[{"href":"https:\/\/www.llproducts.com\/pt-br\/wp-json\/wp\/v2\/media?parent=846"}],"curies":[{"name":"wp","href":"https:\/\/api.w.org\/{rel}","templated":true}]}}