{"id":9882,"date":"2024-10-21T14:46:39","date_gmt":"2024-10-21T14:46:39","guid":{"rendered":"https:\/\/llproducts1.wpenginepowered.com\/pt-br\/?page_id=9882"},"modified":"2026-04-16T18:26:30","modified_gmt":"2026-04-16T18:26:30","slug":"aviso-legal","status":"publish","type":"page","link":"https:\/\/www.llproducts.com\/pt-br\/aviso-legal\/","title":{"rendered":"Aviso legal"},"content":{"rendered":"\n<div class=\"et_pb_section_0 et_pb_section et_section_regular et_block_section\"><div class=\"et_pb_row_0 et_pb_row et_block_row\"><div class=\"et_pb_column_0 et_pb_column et_pb_column_4_4 et-last-child et_block_column et_pb_css_mix_blend_mode_passthrough\"><div class=\"et_pb_sidebar_0 et_pb_widget_area clearfix et_pb_widget_area_left et_pb_bg_layout_light et_pb_sidebar_no_border et_pb_module et_block_module breadcrumbs\"><div id=\"block-10\" class=\"et_pb_widget widget_block\"><div class=\"yoast-breadcrumbs\"><span><span><a href=\"https:\/\/www.llproducts.com\/pt-br\/\">Home<\/a><\/span> <span aria-hidden=\"true\" data-icon=\"\ue93c\" class=\"icomoon icon-chevron-right\"><\/span> <span class=\"breadcrumb_last\" aria-current=\"page\">Aviso legal<\/span><\/span><\/div><\/div><\/div><\/div><\/div><\/div><div class=\"et_pb_section_1 et_pb_section et_section_regular et_block_section\"><div class=\"et_pb_row_1 et_pb_row et_block_row\"><div class=\"et_pb_column_1 et_pb_column et_pb_column_4_4 et-last-child et_block_column et_pb_css_mix_blend_mode_passthrough\"><div class=\"et_pb_text_0 et_pb_text et_pb_bg_layout_light et_animated et_pb_module et_block_module inner-title\"><div class=\"et_pb_text_inner\"><h1>Aviso legal<\/h1>\n<\/div><\/div><div class=\"et_pb_text_1 et_pb_text et_pb_bg_layout_light et_animated et_pb_module et_block_module\"><div class=\"et_pb_text_inner\"><div class=\"content-container content-container--indented\">\n<div class=\"ce default ce-text\" id=\"c5621\">\n<p class=\"in-view\"><strong>Editor:<\/strong><br \/>Produtos L&amp;L, Inc.<br \/>160 McLean Drive<br \/>Romeo, MI 48065<br \/>EUA<\/p>\n<p class=\"in-view\"><strong>Telefone: <\/strong>\u00a0+1\u202f586\u202f336 1700<br \/><strong>Fax:<\/strong> +1\u202f586\u202f336 1699<br \/><a href=\"webmaster@llproducts.com\">webmaster@llproducts.com<\/a><br \/><strong>Presidente: <\/strong>\u00a0John Babi<\/p>\n<p class=\"in-view\">Incorporado no Michigan com o n\u00famero de identifica\u00e7\u00e3o: 800123505<\/p>\n<p class=\"in-view\"><strong>Diretor de Publica\u00e7\u00e3o:<\/strong>Andrea Smith, Diretora de Comunica\u00e7\u00e3o de Mercado Global<\/p>\n<p class=\"in-view\"><strong>Webhosting:\u00a0<\/strong>: Este website \u00e9 alojado por Basso Marketing Agency<\/p>\n<p class=\"in-view\"><strong>Termos de utiliza\u00e7\u00e3o: <\/strong><\/p>\n<p class=\"in-view\">Todas as informa\u00e7\u00f5es contidas neste s\u00edtio web s\u00e3o consideradas precisas e atualizadas \u00e0 data de carregamento do conte\u00fado para o s\u00edtio web. O conte\u00fado pode ser alterado em qualquer momento sem aviso pr\u00e9vio. A informa\u00e7\u00e3o dispon\u00edvel neste website \u00e9 fornecida \"tal como est\u00e1\" e, na medida do permitido por lei, \u00e9 fornecida SEM GARANTIA DE QUALQUER TIPO, EXPRESSA OU IMPL\u00cdCITA, INCLUINDO, MAS N\u00c3O LIMITADA A QUALQUER GARANTIA IMPL\u00cdCITA DE COMERCIALIZA\u00c7\u00c3O, ADEQUA\u00c7\u00c3O A UM FIM PARTICULAR, OU N\u00c3O INFRA\u00c7\u00c3O DE PROPRIEDADES INTELECTUAIS. Recomenda-se que teste e avalie independentemente os produtos e solu\u00e7\u00f5es para o seu uso pretendido.\u00a0 OPERTY.\u00a0It is recommended that you independently test and evaluate products and solutions for their intended use.<\/p>\n<p class=\"in-view\">O conte\u00fado das nossas p\u00e1ginas web foi criado com o maior cuidado. Contudo, n\u00e3o podemos garantir a sua exatid\u00e3o, completude ou atualidade. Todo o conte\u00fado deste website est\u00e1 protegido por direitos de autor. Qualquer forma de utiliza\u00e7\u00e3o, reprodu\u00e7\u00e3o, e\/ou modifica\u00e7\u00e3o de qualquer conte\u00fado do nosso s\u00edtio web requer o nosso consentimento pr\u00e9vio. No entanto, pode carregar ou imprimir quaisquer p\u00e1ginas deste s\u00edtio web para seu uso pessoal.<\/p>\n<p class=\"in-view\">Todos os nomes de produtos s\u00e3o marcas registadas da L&amp;L Products ou das suas afiliadas. Salvo autoriza\u00e7\u00e3o em contr\u00e1rio, a utiliza\u00e7\u00e3o ou m\u00e1 utiliza\u00e7\u00e3o destas marcas registadas ou qualquer outro conte\u00fado deste website pode infringir os nossos direitos de propriedade intelectual.<\/p>\n<p class=\"in-view\">Este website pode conter liga\u00e7\u00f5es externas a p\u00e1ginas web de terceiros. Estes websites n\u00e3o est\u00e3o sob o controlo da L&amp;L Products, Inc. e renunciamos a toda e qualquer responsabilidade no que diz respeito ao seu conte\u00fado. As liga\u00e7\u00f5es a s\u00edtios Web externos n\u00e3o implicam a aprova\u00e7\u00e3o de tais s\u00edtios pela L&amp;L Products, Inc.. Terceiros n\u00e3o est\u00e3o autorizados a criar qualquer liga\u00e7\u00e3o com o nosso website a menos que obtenham a nossa aprova\u00e7\u00e3o pr\u00e9via por escrito.<\/p>\n<p class=\"in-view\">Este website est\u00e1 sujeito \u00e0 lei de Michigan, EUA. Qualquer lit\u00edgio relacionado com o mesmo ou com o seu conte\u00fado deve ser levado aos tribunais do condado de Macomb, Michigan, EUA.<\/p>\n<p class=\"in-view\"><strong>Aviso sobre marcas registradas<\/strong><\/p>\n<p class=\"in-view\"><span>As seguintes marcas registradas s\u00e3o de propriedade da L&amp;L Products: Assert\u2122, Composite Body Solutions\u00ae, CBS\u2122, Continuous Composite Solutions\u00ae, CCS\u2122, L&amp;L CCS\u00ae, CCubed\u00ae, DECI-TEX\u00ae, Engineered Fiber Solutions\u2122, EFS\u2122, InsituCore\u00ae, L&amp;L Products\u00ae, PHASTER\u00ae, T-Link\u00ae, TRI-Seal\u00ae, eXtrude-In-Place\u2122, XIP\u00ae. Todos os direitos reservados. Todas as outras marcas s\u00e3o de propriedade de seus respectivos donos.<\/span><\/p>\n<\/div>\n<\/div>\n<\/div><\/div><div class=\"et_pb_text_2 et_pb_text et_pb_bg_layout_light et_animated et_pb_module et_block_module\"><div class=\"et_pb_text_inner\"><div class=\"content-container content-container--indented\">\n<div class=\"ce default ce-text\" id=\"c5621\">\n<p class=\"in-view\"><strong>Conceito, Concep\u00e7\u00e3o e Desenvolvimento<\/strong><\/p>\n<p><a href=\"https:\/\/www.bassomarketingagency.com\/\">Basso Marketing Agency<\/a><\/p>\n<p>251 Diversion Street<\/p>\n<p>Suite 202<\/p>\n<p>Rochester, MI 48307<\/p>\n<\/div>\n<\/div>\n<\/div><\/div><\/div><\/div><\/div>\n","protected":false},"excerpt":{"rendered":"","protected":false},"author":1,"featured_media":0,"parent":0,"menu_order":0,"comment_status":"closed","ping_status":"closed","template":"","meta":{"_acf_changed":false,"inline_featured_image":false,"footnotes":""},"class_list":["post-9882","page","type-page","status-publish","hentry"],"acf":[],"dsm_author":{"name":"llproducts1","avatar_url":"https:\/\/secure.gravatar.com\/avatar\/ff57a35214af8006652516432de5c162bed67b3636aa17b621bef09a36f1268d?s=96&d=mm&r=g","archive_link":"https:\/\/www.llproducts.com\/pt-br\/news-events\/author\/llproducts1\/","biodata":""},"dsm_categories":[],"dsm_attachment_categories":[],"dsm_featured_image":null,"yoast_head":"<!-- This site is optimized with the Yoast SEO Premium plugin v27.3 (Yoast SEO v27.4) - https:\/\/yoast.com\/product\/yoast-seo-premium-wordpress\/ -->\n<title>Aviso legal - L&amp;L Products - Engenharia Aplicada e Ci\u00eancia dos Materiais<\/title>\n<meta name=\"robots\" content=\"index, follow, max-snippet:-1, max-image-preview:large, max-video-preview:-1\" \/>\n<link rel=\"canonical\" href=\"https:\/\/www.llproducts.com\/pt-br\/aviso-legal\/\" \/>\n<meta property=\"og:locale\" content=\"pt_PT\" \/>\n<meta property=\"og:type\" content=\"article\" \/>\n<meta property=\"og:title\" content=\"Aviso legal\" \/>\n<meta property=\"og:url\" content=\"https:\/\/www.llproducts.com\/pt-br\/aviso-legal\/\" \/>\n<meta property=\"og:site_name\" content=\"L&amp;L Products - Engenharia Aplicada e Ci\u00eancia dos Materiais\" \/>\n<meta property=\"article:modified_time\" content=\"2026-04-16T18:26:30+00:00\" \/>\n<meta name=\"twitter:card\" content=\"summary_large_image\" \/>\n<meta name=\"twitter:label1\" content=\"Est. reading time\" \/>\n\t<meta name=\"twitter:data1\" content=\"2 minutos\" \/>\n<script type=\"application\/ld+json\" class=\"yoast-schema-graph\">{\"@context\":\"https:\\\/\\\/schema.org\",\"@graph\":[{\"@type\":\"WebPage\",\"@id\":\"https:\\\/\\\/www.llproducts.com\\\/pt-br\\\/aviso-legal\\\/\",\"url\":\"https:\\\/\\\/www.llproducts.com\\\/pt-br\\\/aviso-legal\\\/\",\"name\":\"Aviso legal - L&amp;L Products - Engenharia Aplicada e Ci\u00eancia dos Materiais\",\"isPartOf\":{\"@id\":\"https:\\\/\\\/www.llproducts.com\\\/pt-br\\\/#website\"},\"datePublished\":\"2024-10-21T14:46:39+00:00\",\"dateModified\":\"2026-04-16T18:26:30+00:00\",\"breadcrumb\":{\"@id\":\"https:\\\/\\\/www.llproducts.com\\\/pt-br\\\/aviso-legal\\\/#breadcrumb\"},\"inLanguage\":\"pt-PT\",\"potentialAction\":[{\"@type\":\"ReadAction\",\"target\":[\"https:\\\/\\\/www.llproducts.com\\\/pt-br\\\/aviso-legal\\\/\"]}]},{\"@type\":\"BreadcrumbList\",\"@id\":\"https:\\\/\\\/www.llproducts.com\\\/pt-br\\\/aviso-legal\\\/#breadcrumb\",\"itemListElement\":[{\"@type\":\"ListItem\",\"position\":1,\"name\":\"Home\",\"item\":\"https:\\\/\\\/www.llproducts.com\\\/pt-br\\\/\"},{\"@type\":\"ListItem\",\"position\":2,\"name\":\"Aviso legal\"}]},{\"@type\":\"WebSite\",\"@id\":\"https:\\\/\\\/www.llproducts.com\\\/pt-br\\\/#website\",\"url\":\"https:\\\/\\\/www.llproducts.com\\\/pt-br\\\/\",\"name\":\"L&amp;L Products - Engenharia Aplicada e Ci\u00eancia dos Materiais\",\"description\":\"\",\"potentialAction\":[{\"@type\":\"SearchAction\",\"target\":{\"@type\":\"EntryPoint\",\"urlTemplate\":\"https:\\\/\\\/www.llproducts.com\\\/pt-br\\\/?s={search_term_string}\"},\"query-input\":{\"@type\":\"PropertyValueSpecification\",\"valueRequired\":true,\"valueName\":\"search_term_string\"}}],\"inLanguage\":\"pt-PT\"}]}<\/script>\n<!-- \/ Yoast SEO Premium plugin. -->","yoast_head_json":{"title":"Aviso legal - L&amp;L Products - Engenharia Aplicada e Ci\u00eancia dos Materiais","robots":{"index":"index","follow":"follow","max-snippet":"max-snippet:-1","max-image-preview":"max-image-preview:large","max-video-preview":"max-video-preview:-1"},"canonical":"https:\/\/www.llproducts.com\/pt-br\/aviso-legal\/","og_locale":"pt_PT","og_type":"article","og_title":"Aviso legal","og_url":"https:\/\/www.llproducts.com\/pt-br\/aviso-legal\/","og_site_name":"L&amp;L Products - Engenharia Aplicada e Ci\u00eancia dos Materiais","article_modified_time":"2026-04-16T18:26:30+00:00","twitter_card":"summary_large_image","twitter_misc":{"Est. reading time":"2 minutos"},"schema":{"@context":"https:\/\/schema.org","@graph":[{"@type":"WebPage","@id":"https:\/\/www.llproducts.com\/pt-br\/aviso-legal\/","url":"https:\/\/www.llproducts.com\/pt-br\/aviso-legal\/","name":"Aviso legal - L&amp;L Products - Engenharia Aplicada e Ci\u00eancia dos Materiais","isPartOf":{"@id":"https:\/\/www.llproducts.com\/pt-br\/#website"},"datePublished":"2024-10-21T14:46:39+00:00","dateModified":"2026-04-16T18:26:30+00:00","breadcrumb":{"@id":"https:\/\/www.llproducts.com\/pt-br\/aviso-legal\/#breadcrumb"},"inLanguage":"pt-PT","potentialAction":[{"@type":"ReadAction","target":["https:\/\/www.llproducts.com\/pt-br\/aviso-legal\/"]}]},{"@type":"BreadcrumbList","@id":"https:\/\/www.llproducts.com\/pt-br\/aviso-legal\/#breadcrumb","itemListElement":[{"@type":"ListItem","position":1,"name":"Home","item":"https:\/\/www.llproducts.com\/pt-br\/"},{"@type":"ListItem","position":2,"name":"Aviso legal"}]},{"@type":"WebSite","@id":"https:\/\/www.llproducts.com\/pt-br\/#website","url":"https:\/\/www.llproducts.com\/pt-br\/","name":"L&amp;L Products - Engenharia Aplicada e Ci\u00eancia dos Materiais","description":"","potentialAction":[{"@type":"SearchAction","target":{"@type":"EntryPoint","urlTemplate":"https:\/\/www.llproducts.com\/pt-br\/?s={search_term_string}"},"query-input":{"@type":"PropertyValueSpecification","valueRequired":true,"valueName":"search_term_string"}}],"inLanguage":"pt-PT"}]}},"_links":{"self":[{"href":"https:\/\/www.llproducts.com\/pt-br\/wp-json\/wp\/v2\/pages\/9882","targetHints":{"allow":["GET"]}}],"collection":[{"href":"https:\/\/www.llproducts.com\/pt-br\/wp-json\/wp\/v2\/pages"}],"about":[{"href":"https:\/\/www.llproducts.com\/pt-br\/wp-json\/wp\/v2\/types\/page"}],"author":[{"embeddable":true,"href":"https:\/\/www.llproducts.com\/pt-br\/wp-json\/wp\/v2\/users\/1"}],"replies":[{"embeddable":true,"href":"https:\/\/www.llproducts.com\/pt-br\/wp-json\/wp\/v2\/comments?post=9882"}],"version-history":[{"count":0,"href":"https:\/\/www.llproducts.com\/pt-br\/wp-json\/wp\/v2\/pages\/9882\/revisions"}],"wp:attachment":[{"href":"https:\/\/www.llproducts.com\/pt-br\/wp-json\/wp\/v2\/media?parent=9882"}],"curies":[{"name":"wp","href":"https:\/\/api.w.org\/{rel}","templated":true}]}}