{"id":9883,"date":"2024-10-21T14:52:23","date_gmt":"2024-10-21T14:52:23","guid":{"rendered":"https:\/\/llproducts1.wpenginepowered.com\/pt-br\/?page_id=9883"},"modified":"2026-04-16T18:26:29","modified_gmt":"2026-04-16T18:26:29","slug":"certificados","status":"publish","type":"page","link":"https:\/\/www.llproducts.com\/pt-br\/certificados\/","title":{"rendered":"Certificados"},"content":{"rendered":"\n<div class=\"et_pb_section_0 et_pb_section et_section_regular et_block_section\"><div class=\"et_pb_row_0 et_pb_row et_block_row\"><div class=\"et_pb_column_0 et_pb_column et_pb_column_4_4 et-last-child et_block_column et_pb_css_mix_blend_mode_passthrough\"><div class=\"et_pb_sidebar_0 et_pb_widget_area clearfix et_pb_widget_area_left et_pb_bg_layout_light et_pb_sidebar_no_border et_pb_module et_block_module breadcrumbs\"><div id=\"block-10\" class=\"et_pb_widget widget_block\"><div class=\"yoast-breadcrumbs\"><span><span><a href=\"https:\/\/www.llproducts.com\/pt-br\/\">Home<\/a><\/span> <span aria-hidden=\"true\" data-icon=\"\ue93c\" class=\"icomoon icon-chevron-right\"><\/span> <span class=\"breadcrumb_last\" aria-current=\"page\">Certificados<\/span><\/span><\/div><\/div><\/div><\/div><\/div><\/div><div class=\"et_pb_section_1 et_pb_section et_section_regular et_block_section\"><div class=\"et_pb_row_1 et_pb_row et_block_row\"><div class=\"et_pb_column_1 et_pb_column et_pb_column_4_4 et-last-child et_block_column et_pb_css_mix_blend_mode_passthrough\"><div class=\"et_pb_text_0 et_pb_text et_pb_bg_layout_light et_animated et_pb_module et_block_module inner-title\"><div class=\"et_pb_text_inner\"><h1>Certificados<\/h1>\n<\/div><\/div><div class=\"et_pb_text_1 et_pb_text et_pb_bg_layout_light et_animated et_pb_module et_block_module\"><div class=\"et_pb_text_inner\"><div class=\"content-container content-container--indented\">\n<div id=\"c5621\" class=\"ce default ce-text\">\n<h3 class=\"h4 in-view\">Global<\/h3>\n<ul>\n<li style=\"list-style-type: none;\">\n<ul>\n<li><a href=\"\/wp-content\/uploads\/sites\/20\/2024\/10\/information_security_policy_v3_2024.pdf\" target=\"_blank\" rel=\"noopener\">Pol\u00edtica de seguran\u00e7a da informa\u00e7\u00e3o<\/a><\/li>\n<\/ul>\n<\/li>\n<\/ul>\n<h3 class=\"h4 in-view\">Americas<\/h3>\n<p class=\"in-view\"><strong>Certificados dos Estados Unidos: Planta Romeo<\/strong><\/p>\n<ul>\n<li style=\"list-style-type: none;\">\n<ul class=\"in-view\">\n<li><a href=\"https:\/\/www.llproducts.com\/wp-content\/uploads\/2025\/04\/ISO-9001-2015-March-2027.pdf\">ISO 9001: 2015 - March 2027<\/a><\/li>\n<li><a href=\"\/wp-content\/uploads\/sites\/20\/2024\/10\/llp_romeo_iatf16949_march_2027.pdf\" target=\"_blank\" rel=\"noopener\">IATF 16949 \u2013\u00a0March 2027<\/a><\/li>\n<li><a href=\"\/wp-content\/uploads\/sites\/20\/2024\/10\/iso_14001_2015_march_2027.pdf\" target=\"_blank\" rel=\"noopener\">ISO 14001 \u2013 Mar\u00e7o 2027<\/a><\/li>\n<li><a href=\"\/wp-content\/uploads\/sites\/20\/2024\/10\/romeo_iso_45001_cert_exp_2026.pdf\" target=\"_blank\" rel=\"noopener\">ISO 45001 \u2013 Novembro de 2023<\/a><\/li>\n<li><a href=\"\/wp-content\/uploads\/2024\/12\/tisax_r__assessment_scope_s49k8w.pdf\" target=\"_blank\" rel=\"noopener\">TISAX\u00ae Assessment Scope S49K8W<\/a><\/li>\n<\/ul>\n<\/li>\n<\/ul>\n<p class=\"in-view\"><strong>Certificados dos Estados Unidos: Planta Columbia<\/strong><\/p>\n<ul>\n<li style=\"list-style-type: none;\">\n<ul class=\"in-view\">\n<li><a href=\"\/wp-content\/uploads\/sites\/20\/2024\/10\/iatf_16949_llp_south_carolina_april_2027.pdf\" target=\"_blank\" rel=\"noopener\">IATF 16949 \u2013 Abril 2027<\/a><\/li>\n<li><a href=\"\/wp-content\/uploads\/sites\/20\/2024\/11\/iso_45001_certification_llproducts_inc.pdf\" target=\"_blank\" rel=\"noopener\">ISO 45001 - Dezembro2027<\/a><\/li>\n<\/ul>\n<\/li>\n<\/ul>\n<p class=\"in-view\"><strong>Certificados Brasil: F\u00e1brica de S\u00e3o Paulo<\/strong><\/p>\n<ul>\n<li style=\"list-style-type: none;\">\n<ul class=\"in-view\">\n<li><a href=\"\/wp-content\/uploads\/2024\/12\/iatf16949_august_2027_v2.pdf\" target=\"_blank\" rel=\"noopener\">IATF 16949 \u2013 Agosto 2027<\/a><\/li>\n<li><a href=\"\/wp-content\/uploads\/2024\/12\/iso9001_august_2027_v2.pdf\" target=\"_blank\" rel=\"noopener\">ISO 9001 \u2013 Agosto 2027<\/a><\/li>\n<li><a href=\"\/wp-content\/uploads\/2024\/12\/iso_14001_may_2027_v2.pdf\" target=\"_blank\" rel=\"noopener\">ISO 14001:2015 - Maio 2027<\/a><\/li>\n<li><a href=\"https:\/\/www.llproducts.com\/wp-content\/uploads\/2025\/04\/TISAX\u00ae-Assessment-Scope-S3FYRZ.pdf\">TISAX\u00ae Assessment Scope S3FYRZ<\/a><\/li>\n<\/ul>\n<\/li>\n<\/ul>\n<h3 class=\"h4 in-view\">APAC<\/h3>\n<p class=\"in-view\"><strong>Certificados China: F\u00e1brica de Xangai<\/strong><\/p>\n<ul>\n<li style=\"list-style-type: none;\">\n<ul class=\"in-view\">\n<li><a href=\"\/wp-content\/uploads\/sites\/20\/2024\/10\/china_iatf_16949_june_2027.pdf\" target=\"_blank\" rel=\"noopener\">IATF 16949 \u2013 Junho 2027<\/a><\/li>\n<li><a href=\"\/wp-content\/uploads\/sites\/20\/2024\/10\/china_iso14001_may_2027.pdf\" target=\"_blank\" rel=\"noopener\">ISO 14001 \u2013 Maio 2027<\/a><\/li>\n<li><a href=\"https:\/\/www.llproducts.com\/wp-content\/uploads\/2026\/01\/China-ISO-45001-Certificate_May-2028.pdf\" target=\"_blank\" rel=\"noopener\">ISO 45001 - Maio 2028<\/a><\/li>\n<li><a href=\"\/wp-content\/uploads\/sites\/20\/2024\/10\/china_as9100_may_2027.pdf\" target=\"_blank\" rel=\"noopener\">ISO 9001 - EN\/AS9100 \u00a0- May 2027<\/a><\/li>\n<li>\n<p class=\"p1\"><a href=\"https:\/\/www.llproducts.com\/wp-content\/uploads\/2025\/04\/TISAX\u00ae-Assessment-Scope-China.pdf\">TISAX\u00ae Assessment Scope SWF45W<\/a><\/p>\n<\/li>\n<\/ul>\n<\/li>\n<\/ul>\n<h3 class=\"h4 in-view\">IMEA<\/h3>\n<p class=\"in-view\"><strong>Certificados \u00cdndia: Pune Plant<\/strong><\/p>\n<ul>\n<li style=\"list-style-type: none;\">\n<ul class=\"in-view\">\n<li><a href=\"\/wp-content\/uploads\/sites\/20\/2024\/10\/india_iso_45001_may_2027.pdf\" target=\"_blank\" rel=\"noopener\">ISO 45001: 2018 - Maio 2027<\/a><\/li>\n<li><a href=\"\/wp-content\/uploads\/sites\/20\/2024\/10\/llp_india_iatf_16949_nov_2026.pdf\" target=\"_blank\" rel=\"noopener\">IATF 16949 - November 2026<\/a><\/li>\n<li><a href=\"\/wp-content\/uploads\/sites\/20\/2024\/10\/india_iso_14001_may_2027.pdf\" target=\"_blank\" rel=\"noopener\">ISO 14001 - Maio 2027<\/a><\/li>\n<li><a href=\"\/wp-content\/uploads\/sites\/20\/2024\/10\/intertek_certificate_january_2025.pdf\" target=\"_blank\" rel=\"noopener\">Certificado Intertek<\/a><\/li>\n<li><a title=\"Social Commitment Policy\" href=\"\/wp-content\/uploads\/sites\/20\/2024\/10\/social_commitment_policy__l_l_india_private_limited.pdf\">Social Commitment Policy<\/a><\/li>\n<li><a href=\"\/wp-content\/uploads\/sites\/20\/2024\/10\/2022_india_annual_return.pdf\" target=\"_blank\" rel=\"noopener\">Retorno Anual \u00cdndia<\/a><\/li>\n<li><a href=\"\/wp-content\/uploads\/sites\/20\/2024\/10\/annual_return_2021-22.pdf\" target=\"_blank\" rel=\"noopener\">Retorno Anual \u00cdndia 2021-22<\/a><\/li>\n<li><a href=\"\/wp-content\/uploads\/sites\/20\/2024\/10\/annual_return_india_2022-23.pdf\" target=\"_blank\" rel=\"noopener\">Retorno Anual \u00cdndia 2022-23<\/a><\/li>\n<li><a href=\"https:\/\/www.llproducts.com\/wp-content\/uploads\/2025\/01\/Annual-Return-India_2023-24.pdf\" target=\"_blank\" rel=\"noopener\">Retorno Anual \u00cdndia 2023-24<\/a><\/li>\n<li><a href=\"https:\/\/www.llproducts.com\/wp-content\/uploads\/2026\/02\/Annual-Return-India_2024-25.pdf\" target=\"_blank\" rel=\"noopener\">Retorno Anual \u00cdndia 2024-25<\/a><\/li>\n<li style=\"list-style-type: none;\">\n<ul class=\"in-view\"><\/ul>\n<\/li>\n<\/ul>\n<\/li>\n<\/ul>\n<h3 class=\"h4 in-view\">Europe<\/h3>\n<ul>\n<li style=\"list-style-type: none;\">\n<ul class=\"in-view\">\n<li><a href=\"\/wp-content\/uploads\/sites\/20\/2024\/10\/europe_quality_of_products_policy_2024_en.pdf\" target=\"_blank\" rel=\"noopener\">Pol\u00edtica Europeia de Qualidade e Seguran\u00e7a de Produtos<\/a><\/li>\n<\/ul>\n<\/li>\n<\/ul>\n<p class=\"in-view\"><strong>Certificados Fran\u00e7a: Planta Altorf<\/strong><\/p>\n<ul>\n<li style=\"list-style-type: none;\">\n<ul class=\"in-view\">\n<li><a href=\"\/wp-content\/uploads\/sites\/20\/2024\/10\/eu_iso9001_august_2027.pdf\" target=\"_blank\" rel=\"noopener\">ISO 9001 \u2013 Agosto 2027<\/a><\/li>\n<li><a href=\"\/wp-content\/uploads\/sites\/20\/2024\/10\/eu_iatf_16949_august_2027.pdf\" target=\"_blank\" rel=\"noopener\">IATF 16949 \u2013 Agosto\u00a02027<\/a><\/li>\n<li><a href=\"\/wp-content\/uploads\/sites\/20\/2024\/10\/iso_14001_2015_llp_france_decemeber_2026.pdf\" target=\"_blank\" rel=\"noopener\">ISO 14001 \u2013 Dezembro 2026<\/a><\/li>\n<li><a href=\"\/wp-content\/uploads\/sites\/20\/2024\/10\/llp_france_as9100d_expires_feb_2027.pdf\" target=\"_blank\" rel=\"noopener\">AS\/EN 9100 \u2013 February 2027<\/a><\/li>\n<li><a href=\"\/wp-content\/uploads\/sites\/20\/2024\/10\/iso_45001_2018_llp_france_december_2026.pdf\" target=\"_blank\" rel=\"noopener\">ISO 45001:2018 - Dezembro 2026<\/a><\/li>\n<li><a href=\"https:\/\/www.excellence.alsace\/\" target=\"_blank\" rel=\"noopener noreferrer\">Pr\u00e9mio de Excel\u00eancia da Als\u00e1cia<\/a><\/li>\n<li>\n<p class=\"p1\"><a href=\"https:\/\/www.llproducts.com\/wp-content\/uploads\/2025\/04\/TISAX-Certificate-LL-Products-Europe-SAS-20270503.pdf\">TISAX\u00ae Assessment Scope SYN0FT<\/a><\/p>\n<\/li>\n<\/ul>\n<\/li>\n<\/ul>\n<p class=\"in-view\"><strong>Certificados Alemanha: Escrit\u00f3rio de Vendas de Munique<\/strong><\/p>\n<ul>\n<li style=\"list-style-type: none;\">\n<ul class=\"in-view\">\n<li><a href=\"\/wp-content\/uploads\/sites\/20\/2024\/10\/eu_iso9001_august_2027-1.pdf\" target=\"_blank\" rel=\"noopener\">ISO 9001 \u2013\u00a0Agosto 2027<\/a><\/li>\n<li><a href=\"\/wp-content\/uploads\/sites\/20\/2024\/10\/eu_iatf_16949_august_2027.pdf\/policies_certificates\/eu_iatf_16949_august_2027.pdf\" target=\"_blank\" rel=\"noopener\">IATF 16949 \u2013\u00a0Agosto 2027<\/a><\/li>\n<li>\n<p class=\"p1\"><a href=\"https:\/\/www.llproducts.com\/wp-content\/uploads\/2025\/04\/TISAX-Certificate-LL-Products-Europe-GmbH-20270503.pdf\">TISAX\u00ae Assessment Scope SYN0FT<\/a><\/p>\n<\/li>\n<\/ul>\n<\/li>\n<\/ul>\n<p class=\"in-view\"><strong>Certificados Rep\u00fablica Checa: Planta de Rudna<\/strong><\/p>\n<ul>\n<li style=\"list-style-type: none;\">\n<ul class=\"in-view\">\n<li><a href=\"\/wp-content\/uploads\/sites\/20\/2024\/10\/llp_czech_iatf16949_jan_2027.pdf\" target=\"_blank\" rel=\"noopener\">IATF 16949 \u2013 January 2027<\/a><\/li>\n<li><a href=\"\/wp-content\/uploads\/sites\/20\/2024\/10\/czech_iso_14001_october_2027.pdf\" target=\"_blank\" rel=\"noopener\">ISO 14001 \u2013 Outubro 2027<\/a><\/li>\n<li><a href=\"\/wp-content\/uploads\/sites\/20\/2024\/10\/llp_czech_is0_9001_jan_2027.pdf\" target=\"_blank\" rel=\"noopener\">ISO 9001 - January 2027<\/a><\/li>\n<li><a href=\"\/wp-content\/uploads\/sites\/20\/2024\/10\/czech_iso_45001_october_2027.pdf\" target=\"_blank\" rel=\"noopener\">ISO 45001 - Outubro 2027<\/a><\/li>\n<li><a href=\"https:\/\/www.llproducts.com\/wp-content\/uploads\/2025\/09\/OEKO-TEX-Standard-100_Czech-Republic_August-2026.pdf\" target=\"_blank\" rel=\"noopener\">OEKO-TEX<span>\u00ae<\/span> Standard 100 - August 2026<\/a><\/li>\n<\/ul>\n<\/li>\n<\/ul>\n<p class=\"in-view\"><strong>Certificados da Turquia: Planta Bursa<\/strong><\/p>\n<ul>\n<li style=\"list-style-type: none;\">\n<ul class=\"in-view\">\n<li><a href=\"https:\/\/www.llproducts.com\/wp-content\/uploads\/2024\/10\/ll_tuerkiye_iatf_16949_april_2027.pdf\" target=\"_blank\" rel=\"noopener\">IATF 16949 \u2013 Abril 2027<\/a><\/li>\n<li><a href=\"https:\/\/www.llproducts.com\/wp-content\/uploads\/2026\/01\/LL-TURKIYE-ISO-45001_January-2029.pdf\" target=\"_blank\" rel=\"noopener\">ISO 45001 - Janeiro 2029<\/a><\/li>\n<li><a href=\"https:\/\/www.llproducts.com\/wp-content\/uploads\/2026\/01\/LL-TURKIYE-ISO-14001_January-2029.pdf\" target=\"_blank\" rel=\"noopener\">ISO 14001 - Janeiro 2029<\/a><\/li>\n<li><a href=\"\/wp-content\/uploads\/sites\/20\/2024\/10\/ll_tuerkiye_iso_9001_april_2027.pdf\" target=\"_blank\" rel=\"noopener\">ISO 9001 \u2013 April 2027<\/a><\/li>\n<li><a href=\"\/wp-content\/uploads\/sites\/20\/2024\/10\/quality_policy_turkish.pdf\" target=\"_blank\" rel=\"noopener\">Pol\u00edtica de Qualidade<\/a><\/li>\n<li><a href=\"https:\/\/llproducts.com\/wp-content\/uploads\/2025\/01\/hse_policy_turkish_2024.pdf\" target=\"_blank\" rel=\"noopener\">Pol\u00edtica de HSE<\/a><\/li>\n<li><a href=\"\/wp-content\/uploads\/sites\/20\/2024\/10\/green_energy_certificate_l_l_products_otomotiv.pdf\" target=\"_blank\" rel=\"noopener\">Certificado de Energia Verde<\/a><\/li>\n<li><a href=\"https:\/\/www.llproducts.com\/wp-content\/uploads\/2025\/07\/LLP-Sustainable-Purchasing-Policy_2025_TR_Kurumsal-Surdurulebilir-Satin-Alma-Politikasi.pdf\">Sustainable Purchasing Policy<\/a><\/li>\n<\/ul>\n<\/li>\n<\/ul>\n<\/div>\n<\/div>\n<\/div><\/div><\/div><\/div><\/div>\n","protected":false},"excerpt":{"rendered":"","protected":false},"author":1,"featured_media":0,"parent":0,"menu_order":0,"comment_status":"closed","ping_status":"closed","template":"","meta":{"_acf_changed":false,"inline_featured_image":false,"footnotes":""},"class_list":["post-9883","page","type-page","status-publish","hentry"],"acf":[],"dsm_author":{"name":"llproducts1","avatar_url":"https:\/\/secure.gravatar.com\/avatar\/ff57a35214af8006652516432de5c162bed67b3636aa17b621bef09a36f1268d?s=96&d=mm&r=g","archive_link":"https:\/\/www.llproducts.com\/pt-br\/news-events\/author\/llproducts1\/","biodata":""},"dsm_categories":[],"dsm_attachment_categories":[],"dsm_featured_image":null,"yoast_head":"<!-- This site is optimized with the Yoast SEO Premium plugin v27.3 (Yoast SEO v27.5) - https:\/\/yoast.com\/product\/yoast-seo-premium-wordpress\/ -->\n<title>Certificados - L&amp;L Products - Engenharia Aplicada e Ci\u00eancia dos Materiais<\/title>\n<meta name=\"robots\" content=\"index, follow, max-snippet:-1, max-image-preview:large, max-video-preview:-1\" \/>\n<link rel=\"canonical\" href=\"https:\/\/www.llproducts.com\/pt-br\/certificados\/\" \/>\n<meta property=\"og:locale\" content=\"pt_PT\" \/>\n<meta property=\"og:type\" content=\"article\" \/>\n<meta property=\"og:title\" content=\"Certificados\" \/>\n<meta property=\"og:url\" content=\"https:\/\/www.llproducts.com\/pt-br\/certificados\/\" \/>\n<meta property=\"og:site_name\" content=\"L&amp;L Products - Engenharia Aplicada e Ci\u00eancia dos Materiais\" \/>\n<meta property=\"article:modified_time\" content=\"2026-04-16T18:26:29+00:00\" \/>\n<meta name=\"twitter:card\" content=\"summary_large_image\" \/>\n<meta name=\"twitter:label1\" content=\"Est. reading time\" \/>\n\t<meta name=\"twitter:data1\" content=\"2 minutos\" \/>\n<script type=\"application\/ld+json\" class=\"yoast-schema-graph\">{\"@context\":\"https:\\\/\\\/schema.org\",\"@graph\":[{\"@type\":\"WebPage\",\"@id\":\"https:\\\/\\\/www.llproducts.com\\\/pt-br\\\/certificados\\\/\",\"url\":\"https:\\\/\\\/www.llproducts.com\\\/pt-br\\\/certificados\\\/\",\"name\":\"Certificados - L&amp;L Products - Engenharia Aplicada e Ci\u00eancia dos Materiais\",\"isPartOf\":{\"@id\":\"https:\\\/\\\/www.llproducts.com\\\/pt-br\\\/#website\"},\"datePublished\":\"2024-10-21T14:52:23+00:00\",\"dateModified\":\"2026-04-16T18:26:29+00:00\",\"breadcrumb\":{\"@id\":\"https:\\\/\\\/www.llproducts.com\\\/pt-br\\\/certificados\\\/#breadcrumb\"},\"inLanguage\":\"pt-PT\",\"potentialAction\":[{\"@type\":\"ReadAction\",\"target\":[\"https:\\\/\\\/www.llproducts.com\\\/pt-br\\\/certificados\\\/\"]}]},{\"@type\":\"BreadcrumbList\",\"@id\":\"https:\\\/\\\/www.llproducts.com\\\/pt-br\\\/certificados\\\/#breadcrumb\",\"itemListElement\":[{\"@type\":\"ListItem\",\"position\":1,\"name\":\"Home\",\"item\":\"https:\\\/\\\/www.llproducts.com\\\/pt-br\\\/\"},{\"@type\":\"ListItem\",\"position\":2,\"name\":\"Certificados\"}]},{\"@type\":\"WebSite\",\"@id\":\"https:\\\/\\\/www.llproducts.com\\\/pt-br\\\/#website\",\"url\":\"https:\\\/\\\/www.llproducts.com\\\/pt-br\\\/\",\"name\":\"L&amp;L Products - Engenharia Aplicada e Ci\u00eancia dos Materiais\",\"description\":\"\",\"potentialAction\":[{\"@type\":\"SearchAction\",\"target\":{\"@type\":\"EntryPoint\",\"urlTemplate\":\"https:\\\/\\\/www.llproducts.com\\\/pt-br\\\/?s={search_term_string}\"},\"query-input\":{\"@type\":\"PropertyValueSpecification\",\"valueRequired\":true,\"valueName\":\"search_term_string\"}}],\"inLanguage\":\"pt-PT\"}]}<\/script>\n<!-- \/ Yoast SEO Premium plugin. -->","yoast_head_json":{"title":"Certificados - L&amp;L Products - Engenharia Aplicada e Ci\u00eancia dos Materiais","robots":{"index":"index","follow":"follow","max-snippet":"max-snippet:-1","max-image-preview":"max-image-preview:large","max-video-preview":"max-video-preview:-1"},"canonical":"https:\/\/www.llproducts.com\/pt-br\/certificados\/","og_locale":"pt_PT","og_type":"article","og_title":"Certificados","og_url":"https:\/\/www.llproducts.com\/pt-br\/certificados\/","og_site_name":"L&amp;L Products - Engenharia Aplicada e Ci\u00eancia dos Materiais","article_modified_time":"2026-04-16T18:26:29+00:00","twitter_card":"summary_large_image","twitter_misc":{"Est. reading time":"2 minutos"},"schema":{"@context":"https:\/\/schema.org","@graph":[{"@type":"WebPage","@id":"https:\/\/www.llproducts.com\/pt-br\/certificados\/","url":"https:\/\/www.llproducts.com\/pt-br\/certificados\/","name":"Certificados - L&amp;L Products - Engenharia Aplicada e Ci\u00eancia dos Materiais","isPartOf":{"@id":"https:\/\/www.llproducts.com\/pt-br\/#website"},"datePublished":"2024-10-21T14:52:23+00:00","dateModified":"2026-04-16T18:26:29+00:00","breadcrumb":{"@id":"https:\/\/www.llproducts.com\/pt-br\/certificados\/#breadcrumb"},"inLanguage":"pt-PT","potentialAction":[{"@type":"ReadAction","target":["https:\/\/www.llproducts.com\/pt-br\/certificados\/"]}]},{"@type":"BreadcrumbList","@id":"https:\/\/www.llproducts.com\/pt-br\/certificados\/#breadcrumb","itemListElement":[{"@type":"ListItem","position":1,"name":"Home","item":"https:\/\/www.llproducts.com\/pt-br\/"},{"@type":"ListItem","position":2,"name":"Certificados"}]},{"@type":"WebSite","@id":"https:\/\/www.llproducts.com\/pt-br\/#website","url":"https:\/\/www.llproducts.com\/pt-br\/","name":"L&amp;L Products - Engenharia Aplicada e Ci\u00eancia dos Materiais","description":"","potentialAction":[{"@type":"SearchAction","target":{"@type":"EntryPoint","urlTemplate":"https:\/\/www.llproducts.com\/pt-br\/?s={search_term_string}"},"query-input":{"@type":"PropertyValueSpecification","valueRequired":true,"valueName":"search_term_string"}}],"inLanguage":"pt-PT"}]}},"_links":{"self":[{"href":"https:\/\/www.llproducts.com\/pt-br\/wp-json\/wp\/v2\/pages\/9883","targetHints":{"allow":["GET"]}}],"collection":[{"href":"https:\/\/www.llproducts.com\/pt-br\/wp-json\/wp\/v2\/pages"}],"about":[{"href":"https:\/\/www.llproducts.com\/pt-br\/wp-json\/wp\/v2\/types\/page"}],"author":[{"embeddable":true,"href":"https:\/\/www.llproducts.com\/pt-br\/wp-json\/wp\/v2\/users\/1"}],"replies":[{"embeddable":true,"href":"https:\/\/www.llproducts.com\/pt-br\/wp-json\/wp\/v2\/comments?post=9883"}],"version-history":[{"count":0,"href":"https:\/\/www.llproducts.com\/pt-br\/wp-json\/wp\/v2\/pages\/9883\/revisions"}],"wp:attachment":[{"href":"https:\/\/www.llproducts.com\/pt-br\/wp-json\/wp\/v2\/media?parent=9883"}],"curies":[{"name":"wp","href":"https:\/\/api.w.org\/{rel}","templated":true}]}}