{"id":10196,"date":"2024-10-25T20:29:57","date_gmt":"2024-10-25T20:29:57","guid":{"rendered":"https:\/\/llproducts1.wpenginepowered.com\/tr-tr\/?page_id=10196"},"modified":"2026-04-30T14:35:34","modified_gmt":"2026-04-30T14:35:34","slug":"ll-thermal","status":"publish","type":"page","link":"https:\/\/www.llproducts.com\/tr-tr\/ueruenler-ve-coezuemler\/ll-products-solutions-offerings\/ll-thermal\/","title":{"rendered":"L&#038;L Thermal"},"content":{"rendered":"<div class=\"et_pb_section_0 et_pb_section et_section_regular et_block_section\">\n<div class=\"et_pb_row_0 et_pb_row et_pb_gutters1 et_block_row inner-title-row\">\n<div class=\"et_pb_column_0 et_pb_column et_pb_column_2_3 et_block_column et_pb_css_mix_blend_mode_passthrough\">\n<div class=\"et_pb_image_0 et_pb_image et_pb_module et_block_module\"><span class=\"et_pb_image_wrap\"><img decoding=\"async\" data-src=\"https:\/\/www.llproducts.com\/tr-tr\/wp-content\/uploads\/sites\/19\/2025\/05\/LL-Thermal-Header.png\" width=\"1920\" height=\"1080\" data-srcset=\"https:\/\/www.llproducts.com\/tr-tr\/wp-content\/uploads\/sites\/19\/2025\/05\/LL-Thermal-Header.png 1920w, https:\/\/www.llproducts.com\/tr-tr\/wp-content\/uploads\/sites\/19\/2025\/05\/LL-Thermal-Header-1280x720.png 1280w, https:\/\/www.llproducts.com\/tr-tr\/wp-content\/uploads\/sites\/19\/2025\/05\/LL-Thermal-Header-980x551.png 980w, https:\/\/www.llproducts.com\/tr-tr\/wp-content\/uploads\/sites\/19\/2025\/05\/LL-Thermal-Header-480x270.png 480w\" data-sizes=\"auto\" class=\"wp-image-12990 lazyload\" title=\"LL Thermal Header\" src=\"data:image\/svg+xml;base64,PHN2ZyB3aWR0aD0iMSIgaGVpZ2h0PSIxIiB4bWxucz0iaHR0cDovL3d3dy53My5vcmcvMjAwMC9zdmciPjwvc3ZnPg==\" style=\"--smush-placeholder-width: 1920px; --smush-placeholder-aspect-ratio: 1920\/1080;\" data-original-sizes=\"(min-width: 0px) and (max-width: 480px) 480px, (min-width: 481px) and (max-width: 980px) 980px, (min-width: 981px) and (max-width: 1280px) 1280px, (min-width: 1281px) 1920px, 100vw\" \/><\/span><\/div>\n<\/div>\n\n<div class=\"et_pb_column_1 et_pb_column et_pb_column_1_3 et-last-child et_block_column et_pb_css_mix_blend_mode_passthrough et_animated inner-title-col alt-title-col\">\n<div class=\"et_pb_text_0 et_pb_text et_pb_bg_layout_dark et_pb_module et_block_module\"><div class=\"et_pb_text_inner\"><p>L&amp;L THERMAL<\/p>\n<\/div><\/div>\n\n<div class=\"et_pb_text_1 et_pb_text et_pb_bg_layout_dark et_pb_module et_block_module inner-title-2\"><div class=\"et_pb_text_inner\"><h1>Is\u0131ya \u00d6zel Tasar\u0131m<\/h1>\n<\/div><\/div>\n\n<div class=\"et_pb_text_2 et_pb_text et_pb_bg_layout_dark et_pb_module et_block_module\"><div class=\"et_pb_text_inner\"><p>L&amp;L\u2019in \u0131s\u0131 y\u00f6netimi \u00e7\u00f6z\u00fcmleri, bile\u015fenlerin optimum performansla ve uzun \u00f6m\u00fcrl\u00fc \u00e7al\u0131\u015fmas\u0131n\u0131 sa\u011flamak amac\u0131yla \u0131s\u0131y\u0131 da\u011f\u0131tarak, yal\u0131tarak veya y\u00f6nlendirerek s\u0131cakl\u0131\u011f\u0131 d\u00fczenlemek \u00fczere tasarlanm\u0131\u015ft\u0131r.<\/p>\n<\/div><\/div>\n<\/div>\n<\/div>\n\n<div class=\"et_pb_row_1 et_pb_row et_block_row\">\n<div class=\"et_pb_column_2 et_pb_column et_pb_column_4_4 et-last-child et_block_column et_pb_css_mix_blend_mode_passthrough\">\n<div class=\"et_pb_sidebar_0 et_pb_widget_area clearfix et_pb_widget_area_left et_pb_bg_layout_light et_pb_sidebar_no_border et_pb_module et_block_module breadcrumbs\"><div id=\"block-10\" class=\"et_pb_widget widget_block\"><div class=\"yoast-breadcrumbs\"><span><span><a href=\"https:\/\/www.llproducts.com\/tr-tr\/\">Home<\/a><\/span> <span aria-hidden=\"true\" data-icon=\"\ue93c\" class=\"icomoon icon-chevron-right\"><\/span> <span><a href=\"https:\/\/www.llproducts.com\/tr-tr\/ueruenler-ve-coezuemler\/\">\u00dcr\u00fcnler ve \u00c7\u00f6z\u00fcmler<\/a><\/span> <span aria-hidden=\"true\" data-icon=\"\ue93c\" class=\"icomoon icon-chevron-right\"><\/span> <span><a href=\"https:\/\/www.llproducts.com\/tr-tr\/ueruenler-ve-coezuemler\/ll-products-solutions-offerings\/\">L&#038;L Products Solutions<\/a><\/span> <span aria-hidden=\"true\" data-icon=\"\ue93c\" class=\"icomoon icon-chevron-right\"><\/span> <span class=\"breadcrumb_last\" aria-current=\"page\">L&#038;L Thermal<\/span><\/span><\/div><\/div><\/div>\n<\/div>\n<\/div>\n\n<div class=\"et_pb_row_2 et_pb_row et_pb_equal_columns et_pb_gutters2 et_block_row\">\n<div class=\"et_pb_column_3 et_pb_column et_pb_column_1_2 et_block_column et_pb_css_mix_blend_mode_passthrough\">\n<div class=\"et_pb_text_3 et_pb_text et_pb_bg_layout_light et_pb_module et_block_module\"><div class=\"et_pb_text_inner\"><h1>L&amp;L Thermal<\/h1>\n<h3><span>\u00d6zel \u00dcretim \u00dcr\u00fcnlerle Optimize Edilmi\u015f Is\u0131 Yal\u0131t\u0131m\u0131.<\/span><\/h3>\n<\/div><\/div>\n\n<div class=\"et_pb_text_4 et_pb_text et_pb_bg_layout_light et_pb_module et_block_module\"><div class=\"et_pb_text_inner\"><div class=\"ewa-rteLine\">\n<p>L&amp;L\u2019in \u0131s\u0131 \u00e7\u00f6z\u00fcmleri, hassas malzemeleri a\u015f\u0131r\u0131 s\u0131cakl\u0131klardan korur, bile\u015fenlerin \u0131s\u0131 kaynakl\u0131 bozulmas\u0131n\u0131 \u00f6nler ve \u0131s\u0131 transferini dengeleyerek hem verimlili\u011fi hem de konforu korur.<\/p>\n<p>Kat\u0131 devlet d\u00fczenlemeleri ile standartlar, \u00e7evreye olan etkiyi azaltan ve termal olaylara kar\u015f\u0131 koruma sa\u011flayan \u0131s\u0131 y\u00f6netimi \u00e7\u00f6z\u00fcmlerini zorunlu k\u0131lmaktad\u0131r.<\/p>\n<p>L&amp;L\u2019in termal \u00e7\u00f6z\u00fcmleri, hem i\u00e7ten yanmal\u0131 motorlar hem de batarya elektrikli ara\u00e7lar gibi ula\u015f\u0131m sekt\u00f6r\u00fcne y\u00f6nelik uygulamalarda s\u00f6z konusu d\u00fczenlemelere uyum sa\u011flamak a\u00e7\u0131s\u0131ndan \u00f6nemli bir destek sunar. Ayr\u0131ca, y\u00fcksek s\u0131cakl\u0131\u011fa sahip b\u00f6lgelerin kontrol\u00fcn\u00fc gerekli k\u0131lan durumlarda da L&amp;L \u00e7\u00f6z\u00fcmleri sistemlerin ideal s\u0131cakl\u0131k aral\u0131klar\u0131nda \u00e7al\u0131\u015fmas\u0131n\u0131 sa\u011flar.<\/p>\n<\/div>\n<\/div><\/div>\n<\/div>\n\n<div class=\"et_pb_column_4 et_pb_column et_pb_column_1_2 et-last-child et_block_column et_pb_css_mix_blend_mode_passthrough et_animated\">\n<div class=\"et_pb_code_0 et_pb_code et_pb_text_align_center et_pb_module\"><div class=\"et_pb_code_inner\"><span style=\"font-size: 36px; color: #ffffff;\" aria-hidden=\"true\" data-icon=\"\ue7d7\" class=\"iconmoon icon-bubbles\"><\/span><\/div><\/div>\n\n<div class=\"et_pb_text_5 et_pb_text et_pb_bg_layout_dark et_pb_module et_block_module et_pb_text_align_center\"><div class=\"et_pb_text_inner\"><h2 class=\"no-dot\">Bizimle \u0130leti\u015fime Ge\u00e7in!<\/h2>\n<\/div><\/div>\n\n<div class=\"et_pb_text_6 et_pb_text et_pb_bg_layout_dark et_pb_module et_block_module et_pb_text_align_center\"><div class=\"et_pb_text_inner\"><p>Akustik \u00e7\u00f6z\u00fcmlerimizle ilgileniyor musunuz? Sizlerle g\u00f6r\u00fc\u015fmeyi d\u00f6rt g\u00f6zle bekliyoruz!<\/p>\n<\/div><\/div>\n\n<div class=\"et_pb_module et_pb_button_module_wrapper et_pb_button_0_wrapper\"><a class=\"et_pb_button_0 et_pb_button et_pb_bg_layout_light et_pb_module et_block_module wht-btn popmake-9878\" href=\"#\">\u0130leti\u015fim<\/a><\/div>\n<\/div>\n<\/div>\n<\/div>\n\n<div class=\"et_pb_section_1 et_pb_section et_section_regular et_block_section\">\n<div class=\"et_pb_row_3 et_pb_row et_block_row\">\n<div class=\"et_pb_column_5 et_pb_column et_pb_column_4_4 et-last-child et_block_column et_pb_css_mix_blend_mode_passthrough reveal-text\">\n<div class=\"et_pb_blurb_0 et_pb_blurb et_pb_bg_layout_dark et_pb_blurb_position_left et_pb_module et_block_module\"><div class=\"et_pb_blurb_content\"><div class=\"et_pb_main_blurb_image\"><span class=\"et_pb_image_wrap\"><span class=\"et-pb-icon\">=<\/span><\/span><\/div><div class=\"et_pb_blurb_container\"><h3 class=\"et_pb_module_header\">L&L EFS\u2122 Thermal<\/h3><div class=\"et_pb_blurb_description\"><p>EFS\u2122 Thermal \u00e7\u00f6z\u00fcmleri, m\u00fc\u015fterilerin ihtiya\u00e7lar\u0131na g\u00f6re \u015fekillendirilmi\u015f elyaf bazl\u0131 termal veya termo-akustik platformlar olarak en iyi termal performans\u0131 sa\u011flamak \u00fczere \u00f6zel olarak tasarlanm\u0131\u015ft\u0131r.<\/p>\n<p><a class=\"et_pb_button et_pb_button_0 et_pb_bg_layout_light\" href=\"https:\/\/efs.llproducts.com\/tr-tr\/\" target=\"_blank\" rel=\"noopener\">Ayr\u0131nt\u0131l\u0131 bilgi<\/a><\/p>\n<\/div><\/div><\/div><\/div>\n<\/div>\n<\/div>\n\n<div class=\"et_pb_row_4 et_pb_row et_block_row\">\n<div class=\"et_pb_column_6 et_pb_column et_pb_column_4_4 et-last-child et_block_column et_pb_css_mix_blend_mode_passthrough reveal-text\">\n<div class=\"et_pb_blurb_1 et_pb_blurb et_pb_bg_layout_dark et_pb_blurb_position_left et_pb_module et_block_module\"><div class=\"et_pb_blurb_content\"><div class=\"et_pb_main_blurb_image\"><span class=\"et_pb_image_wrap\"><span class=\"et-pb-icon\">=<\/span><\/span><\/div><div class=\"et_pb_blurb_container\"><h3 class=\"et_pb_module_header\">L&L DECI-TEX\u00ae<\/h3><div class=\"et_pb_blurb_description\"><p>DECI-TEX\u00ae platformu, elyaf bazl\u0131 bir termal ve termo-akustik teknoloji olup geni\u015f bir \u00fcr\u00fcn yelpazesi sunmaktad\u0131r. Rulo ve levha formunda temin edilebilen s\u00f6z konusu bu malzeme, d\u00fc\u015f\u00fck a\u011f\u0131rl\u0131k ve kal\u0131nl\u0131klarda \u00fcst\u00fcn termal yal\u0131t\u0131m ve ses emilimi sa\u011flamak \u00fczere tasarlanm\u0131\u015ft\u0131r.<\/p>\n<p><a class=\"et_pb_button et_pb_button_0 et_pb_bg_layout_light\" href=\"https:\/\/decitex.llproducts.com\/tr-tr\/\" target=\"_blank\" rel=\"noopener\">Ayr\u0131nt\u0131l\u0131 bilgi<\/a><\/p>\n<\/div><\/div><\/div><\/div>\n<\/div>\n<\/div>\n\n<div class=\"et_pb_row_5 et_pb_row et_block_row\">\n<div class=\"et_pb_column_7 et_pb_column et_pb_column_4_4 et-last-child et_block_column et_pb_css_mix_blend_mode_passthrough reveal-text\">\n<div class=\"et_pb_blurb_2 et_pb_blurb et_pb_bg_layout_dark et_pb_blurb_position_left et_pb_module et_block_module\"><div class=\"et_pb_blurb_content\"><div class=\"et_pb_main_blurb_image\"><span class=\"et_pb_image_wrap\"><span class=\"et-pb-icon\">=<\/span><\/span><\/div><div class=\"et_pb_blurb_container\"><h3 class=\"et_pb_module_header\">L&L InsituCore\u00ae<\/h3><div class=\"et_pb_blurb_description\"><p><span>L&L InsituCore\u00ae K\u00f6p\u00fck \u00c7ekirdek Teknolojisi, k\u00f6p\u00fck \u00e7ekirdekli kompozitler olu\u015fturmak \u00fczere kullan\u0131labilen, tek bile\u015fenli ve \u0131s\u0131yla aktive olan k\u00f6p\u00fck malzemelerden olu\u015fan bir \u00fcr\u00fcn ailesidir. L&L InsituCore\u00ae, hafif termal y\u00f6netim \u00e7\u00f6z\u00fcmleri ve \u0131s\u0131 kalkanlar\u0131 sunan sistemlerin geli\u015ftirilmesini sa\u011flar.<\/span><\/p>\n<p><a class=\"et_pb_button et_pb_button_0 et_pb_bg_layout_light\" href=\"https:\/\/insitucore.llproducts.com\/tr-tr\/\" target=\"_blank\" rel=\"noopener\">Ayr\u0131nt\u0131l\u0131 bilgi<\/a><\/p>\n<\/div><\/div><\/div><\/div>\n<\/div>\n<\/div>\n\n<div class=\"et_pb_row_6 et_pb_row et_block_row\">\n<div class=\"et_pb_column_8 et_pb_column et_pb_column_4_4 et-last-child et_block_column et_pb_css_mix_blend_mode_passthrough reveal-text\">\n<div class=\"et_pb_blurb_3 et_pb_blurb et_pb_bg_layout_dark et_pb_blurb_position_left et_pb_module et_block_module\"><div class=\"et_pb_blurb_content\"><div class=\"et_pb_main_blurb_image\"><span class=\"et_pb_image_wrap\"><span class=\"et-pb-icon\">=<\/span><\/span><\/div><div class=\"et_pb_blurb_container\"><h3 class=\"et_pb_module_header\">CCubed\u00ae<\/h3><div class=\"et_pb_blurb_description\"><p><span>Y\u00fcksek performans sunan yenilik\u00e7i bir malzeme olan L&L CCubed\u00ae, yenilik\u00e7i ve \u00fcst\u00fcn ter y\u00f6netimi ile kullan\u0131c\u0131 konforunu en \u00fcst d\u00fczeye \u00e7\u0131karmak \u00fczere geli\u015ftirilmi\u015ftir. Nefes alabilir 3 boyutlu yap\u0131s\u0131 sayesinde hem yumu\u015fak bir destek sa\u011flar, hem de \u0131s\u0131y\u0131 d\u0131\u015far\u0131 atarak teri ciltten uzakla\u015ft\u0131r\u0131r ve bu sayede buharla\u015fma yoluyla bir t\u00fcr serinletme etkisi yarat\u0131r.<\/span><\/p>\n<p><a href=\"https:\/\/ccubed.llproducts.com\/tr-tr\/\" class=\"et_pb_button et_pb_button_0 et_pb_bg_layout_light\" target=\"_blank\" rel=\"noopener\">Ayr\u0131nt\u0131l\u0131 bilgi<\/a><\/p>\n<\/div><\/div><\/div><\/div>\n<\/div>\n<\/div>\n<\/div>\n\n<div class=\"et_pb_section_2 et_pb_section et_section_regular et_block_section\">\n<div class=\"et_pb_row_7 et_pb_row et_block_row\">\n<div class=\"et_pb_column_9 et_pb_column et_pb_column_4_4 et-last-child et_block_column et_pb_css_mix_blend_mode_passthrough\">\n<div class=\"et_pb_text_7 et_pb_text et_pb_bg_layout_light et_pb_module et_block_module\"><div class=\"et_pb_text_inner\"><h1>Pop\u00fcler Konular<\/h1>\n<\/div><\/div>\n<\/div>\n<\/div>\n\n<div class=\"et_pb_row_8 et_pb_row et_block_row\">\n<div class=\"et_pb_column_10 et_pb_column et_pb_column_4_4 et-last-child et_block_column et_pb_css_mix_blend_mode_passthrough\">\n<div class=\"et_pb_code_1 et_pb_code et_pb_module\"><div class=\"et_pb_code_inner\"><!-- Elfsight Social Feed | Homepage Social Feed -->\n<script src=\"https:\/\/elfsightcdn.com\/platform.js\" async><\/script>\n<div class=\"elfsight-app-72e28d3a-cb29-47b9-b42c-d9b80ca2705a\" data-elfsight-app-lazy><\/div><\/div><\/div>\n<\/div>\n<\/div>\n<\/div>","protected":false},"excerpt":{"rendered":"","protected":false},"author":4,"featured_media":10198,"parent":118,"menu_order":0,"comment_status":"closed","ping_status":"closed","template":"","meta":{"_acf_changed":false,"inline_featured_image":false,"footnotes":""},"class_list":["post-10196","page","type-page","status-publish","has-post-thumbnail","hentry"],"acf":[],"dsm_author":{"name":"lafata","avatar_url":"https:\/\/secure.gravatar.com\/avatar\/66f6e75e3378137d9b1a20f7ad6c54aa6acecd8466704fadf5641de9af89b844?s=96&d=mm&r=g","archive_link":"https:\/\/www.llproducts.com\/tr-tr\/news-events\/author\/lafata\/","biodata":""},"dsm_categories":[],"dsm_attachment_categories":[],"dsm_featured_image":{"thumbnail":"https:\/\/www.llproducts.com\/tr-tr\/wp-content\/uploads\/sites\/19\/2024\/10\/thermal_shutterstock_1455249980_small-150x150.jpg","medium":"https:\/\/www.llproducts.com\/tr-tr\/wp-content\/uploads\/sites\/19\/2024\/10\/thermal_shutterstock_1455249980_small-300x169.jpg","medium_large":"https:\/\/www.llproducts.com\/tr-tr\/wp-content\/uploads\/sites\/19\/2024\/10\/thermal_shutterstock_1455249980_small-768x432.jpg","large":"https:\/\/www.llproducts.com\/tr-tr\/wp-content\/uploads\/sites\/19\/2024\/10\/thermal_shutterstock_1455249980_small-1024x576.jpg","1536x1536":"https:\/\/www.llproducts.com\/tr-tr\/wp-content\/uploads\/sites\/19\/2024\/10\/thermal_shutterstock_1455249980_small-1536x864.jpg","2048x2048":"https:\/\/www.llproducts.com\/tr-tr\/wp-content\/uploads\/sites\/19\/2024\/10\/thermal_shutterstock_1455249980_small.jpg","et-pb-post-main-image":"https:\/\/www.llproducts.com\/tr-tr\/wp-content\/uploads\/sites\/19\/2024\/10\/thermal_shutterstock_1455249980_small-400x250.jpg","et-pb-post-main-image-fullwidth":"https:\/\/www.llproducts.com\/tr-tr\/wp-content\/uploads\/sites\/19\/2024\/10\/thermal_shutterstock_1455249980_small-1080x675.jpg","et-pb-portfolio-image":"https:\/\/www.llproducts.com\/tr-tr\/wp-content\/uploads\/sites\/19\/2024\/10\/thermal_shutterstock_1455249980_small-400x284.jpg","et-pb-portfolio-module-image":"https:\/\/www.llproducts.com\/tr-tr\/wp-content\/uploads\/sites\/19\/2024\/10\/thermal_shutterstock_1455249980_small-510x382.jpg","et-pb-portfolio-image-single":"https:\/\/www.llproducts.com\/tr-tr\/wp-content\/uploads\/sites\/19\/2024\/10\/thermal_shutterstock_1455249980_small-1080x608.jpg","et-pb-gallery-module-image-portrait":"https:\/\/www.llproducts.com\/tr-tr\/wp-content\/uploads\/sites\/19\/2024\/10\/thermal_shutterstock_1455249980_small-400x516.jpg","et-pb-post-main-image-fullwidth-large":"https:\/\/www.llproducts.com\/tr-tr\/wp-content\/uploads\/sites\/19\/2024\/10\/thermal_shutterstock_1455249980_small.jpg","et-pb-image--responsive--desktop":"https:\/\/www.llproducts.com\/tr-tr\/wp-content\/uploads\/sites\/19\/2024\/10\/thermal_shutterstock_1455249980_small-1280x720.jpg","et-pb-image--responsive--tablet":"https:\/\/www.llproducts.com\/tr-tr\/wp-content\/uploads\/sites\/19\/2024\/10\/thermal_shutterstock_1455249980_small-980x552.jpg","et-pb-image--responsive--phone":"https:\/\/www.llproducts.com\/tr-tr\/wp-content\/uploads\/sites\/19\/2024\/10\/thermal_shutterstock_1455249980_small-480x270.jpg","gform-image-choice-sm":"https:\/\/www.llproducts.com\/tr-tr\/wp-content\/uploads\/sites\/19\/2024\/10\/thermal_shutterstock_1455249980_small.jpg","gform-image-choice-md":"https:\/\/www.llproducts.com\/tr-tr\/wp-content\/uploads\/sites\/19\/2024\/10\/thermal_shutterstock_1455249980_small.jpg","gform-image-choice-lg":"https:\/\/www.llproducts.com\/tr-tr\/wp-content\/uploads\/sites\/19\/2024\/10\/thermal_shutterstock_1455249980_small.jpg","full":"https:\/\/www.llproducts.com\/tr-tr\/wp-content\/uploads\/sites\/19\/2024\/10\/thermal_shutterstock_1455249980_small.jpg"},"yoast_head":"<!-- This site is optimized with the Yoast SEO Premium plugin v27.5 (Yoast SEO v27.5) - https:\/\/yoast.com\/product\/yoast-seo-premium-wordpress\/ -->\n<title>L&amp;L Thermal - L&amp;L Products - Uygulama tekni\u011fi &amp; Malzeme bilimi<\/title>\n<meta name=\"robots\" content=\"index, follow, max-snippet:-1, max-image-preview:large, max-video-preview:-1\" \/>\n<link rel=\"canonical\" href=\"https:\/\/www.llproducts.com\/tr-tr\/ueruenler-ve-coezuemler\/ll-products-solutions-offerings\/ll-thermal\/\" \/>\n<meta property=\"og:locale\" content=\"tr_TR\" \/>\n<meta property=\"og:type\" content=\"article\" \/>\n<meta property=\"og:title\" content=\"L&amp;L Thermal\" \/>\n<meta property=\"og:url\" content=\"https:\/\/www.llproducts.com\/tr-tr\/ueruenler-ve-coezuemler\/ll-products-solutions-offerings\/ll-thermal\/\" \/>\n<meta property=\"og:site_name\" content=\"L&amp;L Products - Uygulama tekni\u011fi &amp; Malzeme bilimi\" \/>\n<meta property=\"article:modified_time\" content=\"2026-04-30T14:35:34+00:00\" \/>\n<meta property=\"og:image\" content=\"https:\/\/www.llproducts.com\/tr-tr\/wp-content\/uploads\/sites\/19\/2024\/10\/thermal_shutterstock_1455249980_small.jpg\" \/>\n\t<meta property=\"og:image:width\" content=\"1800\" \/>\n\t<meta property=\"og:image:height\" content=\"1013\" \/>\n\t<meta property=\"og:image:type\" content=\"image\/jpeg\" \/>\n<meta name=\"twitter:card\" content=\"summary_large_image\" \/>\n<meta name=\"twitter:label1\" content=\"Est. reading time\" \/>\n\t<meta name=\"twitter:data1\" content=\"9 dakika\" \/>\n<script type=\"application\/ld+json\" class=\"yoast-schema-graph\">{\"@context\":\"https:\\\/\\\/schema.org\",\"@graph\":[{\"@type\":\"WebPage\",\"@id\":\"https:\\\/\\\/www.llproducts.com\\\/tr-tr\\\/ueruenler-ve-coezuemler\\\/ll-products-solutions-offerings\\\/ll-thermal\\\/\",\"url\":\"https:\\\/\\\/www.llproducts.com\\\/tr-tr\\\/ueruenler-ve-coezuemler\\\/ll-products-solutions-offerings\\\/ll-thermal\\\/\",\"name\":\"L&L Thermal - L&amp;L Products - Uygulama tekni\u011fi &amp; Malzeme bilimi\",\"isPartOf\":{\"@id\":\"https:\\\/\\\/www.llproducts.com\\\/tr-tr\\\/#website\"},\"primaryImageOfPage\":{\"@id\":\"https:\\\/\\\/www.llproducts.com\\\/tr-tr\\\/ueruenler-ve-coezuemler\\\/ll-products-solutions-offerings\\\/ll-thermal\\\/#primaryimage\"},\"image\":{\"@id\":\"https:\\\/\\\/www.llproducts.com\\\/tr-tr\\\/ueruenler-ve-coezuemler\\\/ll-products-solutions-offerings\\\/ll-thermal\\\/#primaryimage\"},\"thumbnailUrl\":\"https:\\\/\\\/www.llproducts.com\\\/tr-tr\\\/wp-content\\\/uploads\\\/sites\\\/19\\\/2024\\\/10\\\/thermal_shutterstock_1455249980_small.jpg\",\"datePublished\":\"2024-10-25T20:29:57+00:00\",\"dateModified\":\"2026-04-30T14:35:34+00:00\",\"breadcrumb\":{\"@id\":\"https:\\\/\\\/www.llproducts.com\\\/tr-tr\\\/ueruenler-ve-coezuemler\\\/ll-products-solutions-offerings\\\/ll-thermal\\\/#breadcrumb\"},\"inLanguage\":\"tr\",\"potentialAction\":[{\"@type\":\"ReadAction\",\"target\":[\"https:\\\/\\\/www.llproducts.com\\\/tr-tr\\\/ueruenler-ve-coezuemler\\\/ll-products-solutions-offerings\\\/ll-thermal\\\/\"]}]},{\"@type\":\"ImageObject\",\"inLanguage\":\"tr\",\"@id\":\"https:\\\/\\\/www.llproducts.com\\\/tr-tr\\\/ueruenler-ve-coezuemler\\\/ll-products-solutions-offerings\\\/ll-thermal\\\/#primaryimage\",\"url\":\"https:\\\/\\\/www.llproducts.com\\\/tr-tr\\\/wp-content\\\/uploads\\\/sites\\\/19\\\/2024\\\/10\\\/thermal_shutterstock_1455249980_small.jpg\",\"contentUrl\":\"https:\\\/\\\/www.llproducts.com\\\/tr-tr\\\/wp-content\\\/uploads\\\/sites\\\/19\\\/2024\\\/10\\\/thermal_shutterstock_1455249980_small.jpg\",\"width\":1800,\"height\":1013,\"caption\":\"Two men taking measurements of a car frame\"},{\"@type\":\"BreadcrumbList\",\"@id\":\"https:\\\/\\\/www.llproducts.com\\\/tr-tr\\\/ueruenler-ve-coezuemler\\\/ll-products-solutions-offerings\\\/ll-thermal\\\/#breadcrumb\",\"itemListElement\":[{\"@type\":\"ListItem\",\"position\":1,\"name\":\"Home\",\"item\":\"https:\\\/\\\/www.llproducts.com\\\/tr-tr\\\/\"},{\"@type\":\"ListItem\",\"position\":2,\"name\":\"\u00dcr\u00fcnler ve \u00c7\u00f6z\u00fcmler\",\"item\":\"https:\\\/\\\/www.llproducts.com\\\/tr-tr\\\/ueruenler-ve-coezuemler\\\/\"},{\"@type\":\"ListItem\",\"position\":3,\"name\":\"L&#038;L Products Solutions\",\"item\":\"https:\\\/\\\/www.llproducts.com\\\/tr-tr\\\/ueruenler-ve-coezuemler\\\/ll-products-solutions-offerings\\\/\"},{\"@type\":\"ListItem\",\"position\":4,\"name\":\"L&#038;L Thermal\"}]},{\"@type\":\"WebSite\",\"@id\":\"https:\\\/\\\/www.llproducts.com\\\/tr-tr\\\/#website\",\"url\":\"https:\\\/\\\/www.llproducts.com\\\/tr-tr\\\/\",\"name\":\"L&amp;L Products - Uygulama tekni\u011fi &amp; Malzeme bilimi\",\"description\":\"\",\"potentialAction\":[{\"@type\":\"SearchAction\",\"target\":{\"@type\":\"EntryPoint\",\"urlTemplate\":\"https:\\\/\\\/www.llproducts.com\\\/tr-tr\\\/?s={search_term_string}\"},\"query-input\":{\"@type\":\"PropertyValueSpecification\",\"valueRequired\":true,\"valueName\":\"search_term_string\"}}],\"inLanguage\":\"tr\"}]}<\/script>\n<!-- \/ Yoast SEO Premium plugin. -->","yoast_head_json":{"title":"L&L Thermal - L&amp;L Products - Uygulama tekni\u011fi &amp; Malzeme bilimi","robots":{"index":"index","follow":"follow","max-snippet":"max-snippet:-1","max-image-preview":"max-image-preview:large","max-video-preview":"max-video-preview:-1"},"canonical":"https:\/\/www.llproducts.com\/tr-tr\/ueruenler-ve-coezuemler\/ll-products-solutions-offerings\/ll-thermal\/","og_locale":"tr_TR","og_type":"article","og_title":"L&L Thermal","og_url":"https:\/\/www.llproducts.com\/tr-tr\/ueruenler-ve-coezuemler\/ll-products-solutions-offerings\/ll-thermal\/","og_site_name":"L&amp;L Products - Uygulama tekni\u011fi &amp; Malzeme bilimi","article_modified_time":"2026-04-30T14:35:34+00:00","og_image":[{"width":1800,"height":1013,"url":"https:\/\/www.llproducts.com\/tr-tr\/wp-content\/uploads\/sites\/19\/2024\/10\/thermal_shutterstock_1455249980_small.jpg","type":"image\/jpeg"}],"twitter_card":"summary_large_image","twitter_misc":{"Est. reading time":"9 dakika"},"schema":{"@context":"https:\/\/schema.org","@graph":[{"@type":"WebPage","@id":"https:\/\/www.llproducts.com\/tr-tr\/ueruenler-ve-coezuemler\/ll-products-solutions-offerings\/ll-thermal\/","url":"https:\/\/www.llproducts.com\/tr-tr\/ueruenler-ve-coezuemler\/ll-products-solutions-offerings\/ll-thermal\/","name":"L&L Thermal - L&amp;L Products - Uygulama tekni\u011fi &amp; Malzeme bilimi","isPartOf":{"@id":"https:\/\/www.llproducts.com\/tr-tr\/#website"},"primaryImageOfPage":{"@id":"https:\/\/www.llproducts.com\/tr-tr\/ueruenler-ve-coezuemler\/ll-products-solutions-offerings\/ll-thermal\/#primaryimage"},"image":{"@id":"https:\/\/www.llproducts.com\/tr-tr\/ueruenler-ve-coezuemler\/ll-products-solutions-offerings\/ll-thermal\/#primaryimage"},"thumbnailUrl":"https:\/\/www.llproducts.com\/tr-tr\/wp-content\/uploads\/sites\/19\/2024\/10\/thermal_shutterstock_1455249980_small.jpg","datePublished":"2024-10-25T20:29:57+00:00","dateModified":"2026-04-30T14:35:34+00:00","breadcrumb":{"@id":"https:\/\/www.llproducts.com\/tr-tr\/ueruenler-ve-coezuemler\/ll-products-solutions-offerings\/ll-thermal\/#breadcrumb"},"inLanguage":"tr","potentialAction":[{"@type":"ReadAction","target":["https:\/\/www.llproducts.com\/tr-tr\/ueruenler-ve-coezuemler\/ll-products-solutions-offerings\/ll-thermal\/"]}]},{"@type":"ImageObject","inLanguage":"tr","@id":"https:\/\/www.llproducts.com\/tr-tr\/ueruenler-ve-coezuemler\/ll-products-solutions-offerings\/ll-thermal\/#primaryimage","url":"https:\/\/www.llproducts.com\/tr-tr\/wp-content\/uploads\/sites\/19\/2024\/10\/thermal_shutterstock_1455249980_small.jpg","contentUrl":"https:\/\/www.llproducts.com\/tr-tr\/wp-content\/uploads\/sites\/19\/2024\/10\/thermal_shutterstock_1455249980_small.jpg","width":1800,"height":1013,"caption":"Two men taking measurements of a car frame"},{"@type":"BreadcrumbList","@id":"https:\/\/www.llproducts.com\/tr-tr\/ueruenler-ve-coezuemler\/ll-products-solutions-offerings\/ll-thermal\/#breadcrumb","itemListElement":[{"@type":"ListItem","position":1,"name":"Home","item":"https:\/\/www.llproducts.com\/tr-tr\/"},{"@type":"ListItem","position":2,"name":"\u00dcr\u00fcnler ve \u00c7\u00f6z\u00fcmler","item":"https:\/\/www.llproducts.com\/tr-tr\/ueruenler-ve-coezuemler\/"},{"@type":"ListItem","position":3,"name":"L&#038;L Products Solutions","item":"https:\/\/www.llproducts.com\/tr-tr\/ueruenler-ve-coezuemler\/ll-products-solutions-offerings\/"},{"@type":"ListItem","position":4,"name":"L&#038;L Thermal"}]},{"@type":"WebSite","@id":"https:\/\/www.llproducts.com\/tr-tr\/#website","url":"https:\/\/www.llproducts.com\/tr-tr\/","name":"L&amp;L Products - Uygulama tekni\u011fi &amp; Malzeme bilimi","description":"","potentialAction":[{"@type":"SearchAction","target":{"@type":"EntryPoint","urlTemplate":"https:\/\/www.llproducts.com\/tr-tr\/?s={search_term_string}"},"query-input":{"@type":"PropertyValueSpecification","valueRequired":true,"valueName":"search_term_string"}}],"inLanguage":"tr"}]}},"_links":{"self":[{"href":"https:\/\/www.llproducts.com\/tr-tr\/wp-json\/wp\/v2\/pages\/10196","targetHints":{"allow":["GET"]}}],"collection":[{"href":"https:\/\/www.llproducts.com\/tr-tr\/wp-json\/wp\/v2\/pages"}],"about":[{"href":"https:\/\/www.llproducts.com\/tr-tr\/wp-json\/wp\/v2\/types\/page"}],"author":[{"embeddable":true,"href":"https:\/\/www.llproducts.com\/tr-tr\/wp-json\/wp\/v2\/users\/4"}],"replies":[{"embeddable":true,"href":"https:\/\/www.llproducts.com\/tr-tr\/wp-json\/wp\/v2\/comments?post=10196"}],"version-history":[{"count":0,"href":"https:\/\/www.llproducts.com\/tr-tr\/wp-json\/wp\/v2\/pages\/10196\/revisions"}],"up":[{"embeddable":true,"href":"https:\/\/www.llproducts.com\/tr-tr\/wp-json\/wp\/v2\/pages\/118"}],"wp:featuredmedia":[{"embeddable":true,"href":"https:\/\/www.llproducts.com\/tr-tr\/wp-json\/wp\/v2\/media\/10198"}],"wp:attachment":[{"href":"https:\/\/www.llproducts.com\/tr-tr\/wp-json\/wp\/v2\/media?parent=10196"}],"curies":[{"name":"wp","href":"https:\/\/api.w.org\/{rel}","templated":true}]}}