{"id":119,"date":"2024-08-05T14:35:42","date_gmt":"2024-08-05T14:35:42","guid":{"rendered":"https:\/\/llproducts1.wpenginepowered.com\/tr-tr\/?page_id=119"},"modified":"2026-04-16T18:11:53","modified_gmt":"2026-04-16T18:11:53","slug":"ll-seal","status":"publish","type":"page","link":"https:\/\/www.llproducts.com\/tr-tr\/ueruenler-ve-coezuemler\/ll-products-solutions-offerings\/ll-seal\/","title":{"rendered":"L&#038;L Seal"},"content":{"rendered":"<div class=\"et_pb_section_0 et_pb_section et_section_regular et_block_section\"><div class=\"et_pb_row_0 et_pb_row et_pb_gutters1 et_block_row inner-title-row\"><div class=\"et_pb_column_0 et_pb_column et_pb_column_2_3 et_block_column et_pb_css_mix_blend_mode_passthrough\"><div class=\"et_pb_image_0 et_pb_image et_pb_module et_block_module\"><span class=\"et_pb_image_wrap\"><img decoding=\"async\" data-src=\"https:\/\/www.llproducts.com\/tr-tr\/wp-content\/uploads\/sites\/19\/2025\/04\/LL-Seal-Header.png\" width=\"1920\" height=\"1080\" data-srcset=\"https:\/\/www.llproducts.com\/tr-tr\/wp-content\/uploads\/sites\/19\/2025\/04\/LL-Seal-Header.png 1920w, https:\/\/www.llproducts.com\/tr-tr\/wp-content\/uploads\/sites\/19\/2025\/04\/LL-Seal-Header-1280x720.png 1280w, https:\/\/www.llproducts.com\/tr-tr\/wp-content\/uploads\/sites\/19\/2025\/04\/LL-Seal-Header-980x551.png 980w, https:\/\/www.llproducts.com\/tr-tr\/wp-content\/uploads\/sites\/19\/2025\/04\/LL-Seal-Header-480x270.png 480w\" data-sizes=\"auto\" class=\"wp-image-12879 lazyload\" title=\"LL Seal Header\" src=\"data:image\/svg+xml;base64,PHN2ZyB3aWR0aD0iMSIgaGVpZ2h0PSIxIiB4bWxucz0iaHR0cDovL3d3dy53My5vcmcvMjAwMC9zdmciPjwvc3ZnPg==\" style=\"--smush-placeholder-width: 1920px; --smush-placeholder-aspect-ratio: 1920\/1080;\" data-original-sizes=\"(min-width: 0px) and (max-width: 480px) 480px, (min-width: 481px) and (max-width: 980px) 980px, (min-width: 981px) and (max-width: 1280px) 1280px, (min-width: 1281px) 1920px, 100vw\" \/><\/span><\/div><\/div><div class=\"et_pb_column_1 et_pb_column et_pb_column_1_3 et-last-child et_block_column et_pb_css_mix_blend_mode_passthrough et_animated inner-title-col alt-title-col\"><div class=\"et_pb_text_0 et_pb_text et_pb_bg_layout_dark et_pb_module et_block_module\"><div class=\"et_pb_text_inner\"><p>L&amp;L SEAL<\/p>\n<\/div><\/div><div class=\"et_pb_text_1 et_pb_text et_pb_bg_layout_dark et_pb_module et_block_module inner-title-2\"><div class=\"et_pb_text_inner\"><h1>Taviz Vermeyen S\u0131zd\u0131rmazl\u0131k<\/h1>\n<\/div><\/div><div class=\"et_pb_text_2 et_pb_text et_pb_bg_layout_dark et_pb_module et_block_module\"><div class=\"et_pb_text_inner\"><p>L&amp;L Products, toz, kirletici maddeler ve k\u00f6t\u00fc kokular\u0131n giri\u015fini \u00f6nleyen, ayn\u0131 zamanda su ge\u00e7i\u015fine kar\u015f\u0131 koruma sa\u011flayarak bile\u015fenlerin \u00f6mr\u00fcn\u00fc art\u0131ran s\u0131zd\u0131rmazl\u0131k \u00e7\u00f6z\u00fcmleri geli\u015ftirir.<\/p>\n<\/div><\/div><\/div><\/div><div class=\"et_pb_row_1 et_pb_row et_block_row\"><div class=\"et_pb_column_2 et_pb_column et_pb_column_4_4 et-last-child et_block_column et_pb_css_mix_blend_mode_passthrough\"><div class=\"et_pb_sidebar_0 et_pb_widget_area clearfix et_pb_widget_area_left et_pb_bg_layout_light et_pb_sidebar_no_border et_pb_module et_block_module breadcrumbs\"><div id=\"block-10\" class=\"et_pb_widget widget_block\"><div class=\"yoast-breadcrumbs\"><span><span><a href=\"https:\/\/www.llproducts.com\/tr-tr\/\">Home<\/a><\/span> <span aria-hidden=\"true\" data-icon=\"\ue93c\" class=\"icomoon icon-chevron-right\"><\/span> <span><a href=\"https:\/\/www.llproducts.com\/tr-tr\/ueruenler-ve-coezuemler\/\">\u00dcr\u00fcnler ve \u00c7\u00f6z\u00fcmler<\/a><\/span> <span aria-hidden=\"true\" data-icon=\"\ue93c\" class=\"icomoon icon-chevron-right\"><\/span> <span><a href=\"https:\/\/www.llproducts.com\/tr-tr\/ueruenler-ve-coezuemler\/ll-products-solutions-offerings\/\">L&#038;L Products Solutions<\/a><\/span> <span aria-hidden=\"true\" data-icon=\"\ue93c\" class=\"icomoon icon-chevron-right\"><\/span> <span class=\"breadcrumb_last\" aria-current=\"page\">L&#038;L Seal<\/span><\/span><\/div><\/div><\/div><\/div><\/div><div class=\"et_pb_row_2 et_pb_row et_pb_equal_columns et_pb_gutters2 et_block_row\"><div class=\"et_pb_column_3 et_pb_column et_pb_column_1_2 et_block_column et_pb_css_mix_blend_mode_passthrough\"><div class=\"et_pb_text_3 et_pb_text et_pb_bg_layout_light et_pb_module et_block_module\"><div class=\"et_pb_text_inner\"><h1>L&amp;L Seal<\/h1>\n<h3>50 Y\u0131l\u0131 A\u015fk\u0131n Deneyimle G\u00fc\u00e7l\u00fc S\u0131zd\u0131rmazl\u0131k Sistemleri<\/h3>\n<\/div><\/div><div class=\"et_pb_text_4 et_pb_text et_pb_bg_layout_light et_pb_module et_block_module\"><div class=\"et_pb_text_inner\"><p>1970\u2019li y\u0131llarda, \u0131s\u0131yla aktive olan polimer bazl\u0131 ilk s\u0131zd\u0131rmazl\u0131k \u00e7\u00f6z\u00fcmlerimizi geli\u015ftirdik. O tarihten bu yana, polimer bilimi ve yap\u0131\u015ft\u0131rma teknolojisindeki uzmanl\u0131\u011f\u0131m\u0131zla s\u0131zd\u0131rmazl\u0131k sistemlerimizi s\u00fcrekli geli\u015ftirerek bug\u00fcnk\u00fc noktaya ta\u015f\u0131d\u0131k. Bug\u00fcn itibar\u0131yla, \u00fcr\u00fcn portf\u00f6y\u00fcm\u00fczde ortam s\u0131cakl\u0131\u011f\u0131nda k\u00fcrlenen yeni nesil malzemeler, d\u00fc\u015f\u00fck s\u0131cakl\u0131klarda uygulanabilen \u00e7\u00f6z\u00fcmler ve tam otomasyonlu uygulama teknolojileri de yer almaktad\u0131r.<\/p>\n<\/div><\/div><\/div><div class=\"et_pb_column_4 et_pb_column et_pb_column_1_2 et-last-child et_block_column et_pb_css_mix_blend_mode_passthrough et_animated\"><div class=\"et_pb_code_0 et_pb_code et_pb_text_align_center et_pb_module\"><div class=\"et_pb_code_inner\"><span style=\"font-size: 36px; color: #ffffff;\" aria-hidden=\"true\" data-icon=\"\ue7d7\" class=\"iconmoon icon-bubbles\"><\/span><\/div><\/div><div class=\"et_pb_text_5 et_pb_text et_pb_bg_layout_dark et_pb_module et_block_module et_pb_text_align_center\"><div class=\"et_pb_text_inner\"><h2 class=\"no-dot\">Bizimle \u0130leti\u015fime Ge\u00e7in!<\/h2>\n<\/div><\/div><div class=\"et_pb_text_6 et_pb_text et_pb_bg_layout_dark et_pb_module et_block_module et_pb_text_align_center\"><div class=\"et_pb_text_inner\"><p>S\u0131zd\u0131rmazl\u0131k \u00c7\u00f6z\u00fcmlerimiz \u0130lginizi \u00c7ekiyor mu? Sizlerle g\u00f6r\u00fc\u015fmeyi d\u00f6rt g\u00f6zle bekliyoruz!<\/p>\n<\/div><\/div><div class=\"et_pb_module et_pb_button_module_wrapper et_pb_button_0_wrapper\"><a class=\"et_pb_button_0 et_pb_button et_pb_bg_layout_light et_pb_module et_block_module wht-btn popmake-9878\" href=\"#\">\u0130leti\u015fim<\/a><\/div><\/div><\/div><\/div><div class=\"et_pb_section_1 et_pb_section et_section_regular et_block_section\"><div class=\"et_pb_row_3 et_pb_row et_block_row\"><div class=\"et_pb_column_5 et_pb_column et_pb_column_4_4 et-last-child et_block_column et_pb_css_mix_blend_mode_passthrough reveal-text\"><div class=\"et_pb_blurb_0 et_pb_blurb et_pb_bg_layout_dark et_pb_blurb_position_left et_pb_module et_block_module\"><div class=\"et_pb_blurb_content\"><div class=\"et_pb_main_blurb_image\"><span class=\"et_pb_image_wrap\"><span class=\"et-pb-icon\">=<\/span><\/span><\/div><div class=\"et_pb_blurb_container\"><h3 class=\"et_pb_module_header\">L&L Seal Is\u0131 ile Aktive Olan S\u0131zd\u0131rmazl\u0131k Malzemeleri<\/h3><div class=\"et_pb_blurb_description\"><p>E-coat f\u0131r\u0131n\u0131nda aktive edilen L&amp;L Seal \u00fcr\u00fcnleri, karma\u015f\u0131k bo\u015fluklar\u0131 doldurarak su, hava, toz ve gaz giri\u015fini engeller. Bu \u00e7\u00f6z\u00fcmler, su s\u0131z\u0131nt\u0131s\u0131na ba\u011fl\u0131 olarak geli\u015fen g\u00f6vde korozyonunu \u00f6nlemeye ve NVH (ses, titre\u015fim, sertlik) performans\u0131n\u0131 iyile\u015ftirmeye yard\u0131mc\u0131 olur.<\/p>\n<p><a href=\"https:\/\/www.llproducts.com\/tr-tr\/ueruenler-ve-coezuemler\/ll-products-solutions-offerings\/isiyla-aktive-olan-sizdirmazlik-malzemeleri\/\" class=\"et_pb_button et_pb_button_0 et_pb_bg_layout_light\" target=\"_blank\" rel=\"noopener\">Ayr\u0131nt\u0131l\u0131 bilgi<\/a><\/p>\n<\/div><\/div><\/div><\/div><\/div><\/div><div class=\"et_pb_row_4 et_pb_row et_block_row\"><div class=\"et_pb_column_6 et_pb_column et_pb_column_4_4 et-last-child et_block_column et_pb_css_mix_blend_mode_passthrough reveal-text\"><div class=\"et_pb_blurb_1 et_pb_blurb et_pb_bg_layout_dark et_pb_blurb_position_left et_pb_module et_block_module\"><div class=\"et_pb_blurb_content\"><div class=\"et_pb_main_blurb_image\"><span class=\"et_pb_image_wrap\"><span class=\"et-pb-icon\">=<\/span><\/span><\/div><div class=\"et_pb_blurb_container\"><h3 class=\"et_pb_module_header\">Ortamda K\u00fcrlenen S\u0131zd\u0131rmazl\u0131k \u00dcr\u00fcnleri<\/h3><div class=\"et_pb_blurb_description\"><p>L&amp;L\u2019in ortam s\u0131cakl\u0131\u011f\u0131nda k\u00fcrlenen macun formundaki malzemeleri, astar veya \u00f6n i\u015flem gerektirmeden dayan\u0131kl\u0131 ve esnek bir s\u0131zd\u0131rmazl\u0131k sa\u011flar.<\/p>\n<p><a href=\"https:\/\/www.llproducts.com\/tr-tr\/ueruenler-ve-coezuemler\/ll-products-solutions-offerings\/ortamda-kurlenen-elastomerik-yapistiricilar-ve-sizdirmazlik-malzemeleri\" class=\"et_pb_button et_pb_button_0 et_pb_bg_layout_light\" target=\"_blank\" rel=\"noopener\">Ayr\u0131nt\u0131l\u0131 bilgi<\/a><\/p>\n<\/div><\/div><\/div><\/div><\/div><\/div><div class=\"et_pb_row_5 et_pb_row et_block_row\"><div class=\"et_pb_column_7 et_pb_column et_pb_column_4_4 et-last-child et_block_column et_pb_css_mix_blend_mode_passthrough reveal-text\"><div class=\"et_pb_blurb_2 et_pb_blurb et_pb_bg_layout_dark et_pb_blurb_position_left et_pb_module et_block_module\"><div class=\"et_pb_blurb_content\"><div class=\"et_pb_main_blurb_image\"><span class=\"et_pb_image_wrap\"><span class=\"et-pb-icon\">=<\/span><\/span><\/div><div class=\"et_pb_blurb_container\"><h3 class=\"et_pb_module_header\">L&L XiP\u00ae Teknolojisi (eXtrude-in-Place\u2122)<\/h3><div class=\"et_pb_blurb_description\"><p>L&amp;L XiP\u00ae (eXtrude-in-Place\u2122) teknolojisi, \u00f6zel olarak form\u00fcle edilmi\u015f kimyasal bile\u015fim ile tamamen otomatik bir uygulama s\u00fcrecini bir araya getirir. Bu sayede s\u0131zd\u0131rmazl\u0131k malzemesi robotik uygulama veya CNC sistemi arac\u0131l\u0131\u011f\u0131yla do\u011frudan y\u00fczeye ekstr\u00fcde edilir.<\/p>\n<p><a class=\"et_pb_button et_pb_button_0 et_pb_bg_layout_light\" href=\"https:\/\/www.llproducts.com\/tr-tr\/ueruenler-ve-coezuemler\/ll-products-solutions-offerings\/xip-extrude-in-place\/\" target=\"_blank\" rel=\"noopener\">Ayr\u0131nt\u0131l\u0131 bilgi<\/a><\/p>\n<\/div><\/div><\/div><\/div><\/div><\/div><div class=\"et_pb_row_6 et_pb_row et_block_row\"><div class=\"et_pb_column_8 et_pb_column et_pb_column_4_4 et-last-child et_block_column et_pb_css_mix_blend_mode_passthrough reveal-text\"><div class=\"et_pb_blurb_3 et_pb_blurb et_pb_bg_layout_dark et_pb_blurb_position_left et_pb_module et_block_module\"><div class=\"et_pb_blurb_content\"><div class=\"et_pb_main_blurb_image\"><span class=\"et_pb_image_wrap\"><span class=\"et-pb-icon\">=<\/span><\/span><\/div><div class=\"et_pb_blurb_container\"><h3 class=\"et_pb_module_header\">L&L TRI-Seal\u00ae (Tork Koruma ve Yal\u0131t\u0131m S\u0131zd\u0131rmazl\u0131k \u00c7\u00f6z\u00fcmleri)<\/h3><div class=\"et_pb_blurb_description\"><p>Yap\u0131\u015fkan ve kuru dokunu\u015f hissi veren \u0131s\u0131yla aktive olan form se\u00e7enekleriyle sunulan TRI-Seal\u00ae, y\u00fck koruma ve\/veya farkl\u0131 malzemelerin ayr\u0131lmas\u0131 gereken y\u00fczeylerde tork tutunmas\u0131 ve yal\u0131t\u0131m sa\u011flamak amac\u0131yla geli\u015ftirilmi\u015ftir. Malzeme i\u00e7inde yer alan sert Alumina k\u00fcrecikler bu performans\u0131 destekler.<\/p>\n<p><a href=\"https:\/\/triseal.llproducts.com\/tr-tr\/\" class=\"et_pb_button et_pb_button_0 et_pb_bg_layout_light\" target=\"_blank\" rel=\"noopener\">Ayr\u0131nt\u0131l\u0131 bilgi<\/a><\/p>\n<\/div><\/div><\/div><\/div><\/div><\/div><div class=\"et_pb_row_7 et_pb_row et_block_row\"><div class=\"et_pb_column_9 et_pb_column et_pb_column_4_4 et-last-child et_block_column et_pb_css_mix_blend_mode_passthrough reveal-text\"><div class=\"et_pb_blurb_4 et_pb_blurb et_pb_bg_layout_dark et_pb_blurb_position_left et_pb_module et_block_module\"><div class=\"et_pb_blurb_content\"><div class=\"et_pb_main_blurb_image\"><span class=\"et_pb_image_wrap\"><span class=\"et-pb-icon\">=<\/span><\/span><\/div><div class=\"et_pb_blurb_container\"><h3 class=\"et_pb_module_header\">PHASTER\u00ae S\u0131zd\u0131rmazl\u0131k Malzemeleri<\/h3><div class=\"et_pb_blurb_description\"><p>PHASTER<sup>\u00ae<\/sup>, k\u00f6p\u00fcklenen ve k\u00f6p\u00fcklenmeyen formlarda sunulan ve geleneksel epoksi veya poli\u00fcretan sistemlerde rastlanan riskleri i\u00e7ermeyen, y\u00fcksek yap\u0131\u015fma performans\u0131na ve kolay i\u015flenebilirli\u011fe sahip yenilik\u00e7i bir s\u0131zd\u0131rmazl\u0131k \u00e7\u00f6z\u00fcm\u00fcd\u00fcr.<\/p>\n<p><a href=\"https:\/\/phaster.llproducts.com\/tr-tr\/\" class=\"et_pb_button et_pb_button_0 et_pb_bg_layout_light\" target=\"_blank\" rel=\"noopener\">Ayr\u0131nt\u0131l\u0131 bilgi<\/a><\/p>\n<\/div><\/div><\/div><\/div><\/div><\/div><\/div><div class=\"et_pb_section_2 et_pb_section et_section_regular et_block_section\"><div class=\"et_pb_row_8 et_pb_row et_block_row\"><div class=\"et_pb_column_10 et_pb_column et_pb_column_4_4 et-last-child et_block_column et_pb_css_mix_blend_mode_passthrough\"><div class=\"et_pb_text_7 et_pb_text et_pb_bg_layout_light et_pb_module et_block_module\"><div class=\"et_pb_text_inner\"><h1>Pop\u00fcler Konular<\/h1>\n<\/div><\/div><\/div><\/div><div class=\"et_pb_row_9 et_pb_row et_block_row\"><div class=\"et_pb_column_11 et_pb_column et_pb_column_4_4 et-last-child et_block_column et_pb_css_mix_blend_mode_passthrough\"><div class=\"et_pb_code_1 et_pb_code et_pb_module\"><div class=\"et_pb_code_inner\"><script src=\"https:\/\/static.elfsight.com\/platform\/platform.js\" async><\/script>\n<div class=\"elfsight-app-72e28d3a-cb29-47b9-b42c-d9b80ca2705a\" data-elfsight-app-lazy><\/div><\/div><\/div><\/div><\/div><\/div>","protected":false},"excerpt":{"rendered":"","protected":false},"author":8,"featured_media":10094,"parent":118,"menu_order":0,"comment_status":"closed","ping_status":"closed","template":"","meta":{"_acf_changed":false,"inline_featured_image":false,"footnotes":""},"class_list":["post-119","page","type-page","status-publish","has-post-thumbnail","hentry"],"acf":[],"dsm_author":{"name":"andrea","avatar_url":"https:\/\/secure.gravatar.com\/avatar\/e377c5d686a09608cda29ca74c532b4b8819eeede430b849164dc4500665dbd6?s=96&d=mm&r=g","archive_link":"https:\/\/www.llproducts.com\/tr-tr\/news-events\/author\/andrea\/","biodata":""},"dsm_categories":[],"dsm_attachment_categories":[],"dsm_featured_image":{"thumbnail":"https:\/\/www.llproducts.com\/tr-tr\/wp-content\/uploads\/sites\/19\/2024\/10\/csm_ll_seal_header_e8722f1566-150x150.jpg","medium":"https:\/\/www.llproducts.com\/tr-tr\/wp-content\/uploads\/sites\/19\/2024\/10\/csm_ll_seal_header_e8722f1566-300x121.jpg","medium_large":"https:\/\/www.llproducts.com\/tr-tr\/wp-content\/uploads\/sites\/19\/2024\/10\/csm_ll_seal_header_e8722f1566-768x311.jpg","large":"https:\/\/www.llproducts.com\/tr-tr\/wp-content\/uploads\/sites\/19\/2024\/10\/csm_ll_seal_header_e8722f1566-1024x414.jpg","1536x1536":"https:\/\/www.llproducts.com\/tr-tr\/wp-content\/uploads\/sites\/19\/2024\/10\/csm_ll_seal_header_e8722f1566-1536x621.jpg","2048x2048":"https:\/\/www.llproducts.com\/tr-tr\/wp-content\/uploads\/sites\/19\/2024\/10\/csm_ll_seal_header_e8722f1566.jpg","et-pb-post-main-image":"https:\/\/www.llproducts.com\/tr-tr\/wp-content\/uploads\/sites\/19\/2024\/10\/csm_ll_seal_header_e8722f1566-400x250.jpg","et-pb-post-main-image-fullwidth":"https:\/\/www.llproducts.com\/tr-tr\/wp-content\/uploads\/sites\/19\/2024\/10\/csm_ll_seal_header_e8722f1566-1080x675.jpg","et-pb-portfolio-image":"https:\/\/www.llproducts.com\/tr-tr\/wp-content\/uploads\/sites\/19\/2024\/10\/csm_ll_seal_header_e8722f1566-400x284.jpg","et-pb-portfolio-module-image":"https:\/\/www.llproducts.com\/tr-tr\/wp-content\/uploads\/sites\/19\/2024\/10\/csm_ll_seal_header_e8722f1566-510x382.jpg","et-pb-portfolio-image-single":"https:\/\/www.llproducts.com\/tr-tr\/wp-content\/uploads\/sites\/19\/2024\/10\/csm_ll_seal_header_e8722f1566-1080x437.jpg","et-pb-gallery-module-image-portrait":"https:\/\/www.llproducts.com\/tr-tr\/wp-content\/uploads\/sites\/19\/2024\/10\/csm_ll_seal_header_e8722f1566-400x516.jpg","et-pb-post-main-image-fullwidth-large":"https:\/\/www.llproducts.com\/tr-tr\/wp-content\/uploads\/sites\/19\/2024\/10\/csm_ll_seal_header_e8722f1566.jpg","et-pb-image--responsive--desktop":"https:\/\/www.llproducts.com\/tr-tr\/wp-content\/uploads\/sites\/19\/2024\/10\/csm_ll_seal_header_e8722f1566-1280x518.jpg","et-pb-image--responsive--tablet":"https:\/\/www.llproducts.com\/tr-tr\/wp-content\/uploads\/sites\/19\/2024\/10\/csm_ll_seal_header_e8722f1566-980x396.jpg","et-pb-image--responsive--phone":"https:\/\/www.llproducts.com\/tr-tr\/wp-content\/uploads\/sites\/19\/2024\/10\/csm_ll_seal_header_e8722f1566-480x194.jpg","gform-image-choice-sm":"https:\/\/www.llproducts.com\/tr-tr\/wp-content\/uploads\/sites\/19\/2024\/10\/csm_ll_seal_header_e8722f1566.jpg","gform-image-choice-md":"https:\/\/www.llproducts.com\/tr-tr\/wp-content\/uploads\/sites\/19\/2024\/10\/csm_ll_seal_header_e8722f1566.jpg","gform-image-choice-lg":"https:\/\/www.llproducts.com\/tr-tr\/wp-content\/uploads\/sites\/19\/2024\/10\/csm_ll_seal_header_e8722f1566.jpg","full":"https:\/\/www.llproducts.com\/tr-tr\/wp-content\/uploads\/sites\/19\/2024\/10\/csm_ll_seal_header_e8722f1566.jpg"},"yoast_head":"<!-- This site is optimized with the Yoast SEO Premium plugin v27.3 (Yoast SEO v27.4) - https:\/\/yoast.com\/product\/yoast-seo-premium-wordpress\/ -->\n<title>L&amp;L Seal - L&amp;L Products - Uygulama tekni\u011fi &amp; Malzeme bilimi<\/title>\n<meta name=\"robots\" content=\"index, follow, max-snippet:-1, max-image-preview:large, max-video-preview:-1\" \/>\n<link rel=\"canonical\" href=\"https:\/\/www.llproducts.com\/tr-tr\/ueruenler-ve-coezuemler\/ll-products-solutions-offerings\/ll-seal\/\" \/>\n<meta property=\"og:locale\" content=\"tr_TR\" \/>\n<meta property=\"og:type\" content=\"article\" \/>\n<meta property=\"og:title\" content=\"L&amp;L Seal\" \/>\n<meta property=\"og:url\" content=\"https:\/\/www.llproducts.com\/tr-tr\/ueruenler-ve-coezuemler\/ll-products-solutions-offerings\/ll-seal\/\" \/>\n<meta property=\"og:site_name\" content=\"L&amp;L Products - Uygulama tekni\u011fi &amp; Malzeme bilimi\" \/>\n<meta property=\"article:modified_time\" content=\"2026-04-16T18:11:53+00:00\" \/>\n<meta property=\"og:image\" content=\"https:\/\/www.llproducts.com\/tr-tr\/wp-content\/uploads\/sites\/19\/2024\/10\/csm_ll_seal_header_e8722f1566.jpg\" \/>\n\t<meta property=\"og:image:width\" content=\"1800\" \/>\n\t<meta property=\"og:image:height\" content=\"728\" \/>\n\t<meta property=\"og:image:type\" content=\"image\/jpeg\" \/>\n<meta name=\"twitter:card\" content=\"summary_large_image\" \/>\n<meta name=\"twitter:label1\" content=\"Est. reading time\" \/>\n\t<meta name=\"twitter:data1\" content=\"6 dakika\" \/>\n<script type=\"application\/ld+json\" class=\"yoast-schema-graph\">{\"@context\":\"https:\\\/\\\/schema.org\",\"@graph\":[{\"@type\":\"WebPage\",\"@id\":\"https:\\\/\\\/www.llproducts.com\\\/tr-tr\\\/ueruenler-ve-coezuemler\\\/ll-products-solutions-offerings\\\/ll-seal\\\/\",\"url\":\"https:\\\/\\\/www.llproducts.com\\\/tr-tr\\\/ueruenler-ve-coezuemler\\\/ll-products-solutions-offerings\\\/ll-seal\\\/\",\"name\":\"L&L Seal - L&amp;L Products - Uygulama tekni\u011fi &amp; Malzeme bilimi\",\"isPartOf\":{\"@id\":\"https:\\\/\\\/www.llproducts.com\\\/tr-tr\\\/#website\"},\"primaryImageOfPage\":{\"@id\":\"https:\\\/\\\/www.llproducts.com\\\/tr-tr\\\/ueruenler-ve-coezuemler\\\/ll-products-solutions-offerings\\\/ll-seal\\\/#primaryimage\"},\"image\":{\"@id\":\"https:\\\/\\\/www.llproducts.com\\\/tr-tr\\\/ueruenler-ve-coezuemler\\\/ll-products-solutions-offerings\\\/ll-seal\\\/#primaryimage\"},\"thumbnailUrl\":\"https:\\\/\\\/www.llproducts.com\\\/tr-tr\\\/wp-content\\\/uploads\\\/sites\\\/19\\\/2024\\\/10\\\/csm_ll_seal_header_e8722f1566.jpg\",\"datePublished\":\"2024-08-05T14:35:42+00:00\",\"dateModified\":\"2026-04-16T18:11:53+00:00\",\"breadcrumb\":{\"@id\":\"https:\\\/\\\/www.llproducts.com\\\/tr-tr\\\/ueruenler-ve-coezuemler\\\/ll-products-solutions-offerings\\\/ll-seal\\\/#breadcrumb\"},\"inLanguage\":\"tr\",\"potentialAction\":[{\"@type\":\"ReadAction\",\"target\":[\"https:\\\/\\\/www.llproducts.com\\\/tr-tr\\\/ueruenler-ve-coezuemler\\\/ll-products-solutions-offerings\\\/ll-seal\\\/\"]}]},{\"@type\":\"ImageObject\",\"inLanguage\":\"tr\",\"@id\":\"https:\\\/\\\/www.llproducts.com\\\/tr-tr\\\/ueruenler-ve-coezuemler\\\/ll-products-solutions-offerings\\\/ll-seal\\\/#primaryimage\",\"url\":\"https:\\\/\\\/www.llproducts.com\\\/tr-tr\\\/wp-content\\\/uploads\\\/sites\\\/19\\\/2024\\\/10\\\/csm_ll_seal_header_e8722f1566.jpg\",\"contentUrl\":\"https:\\\/\\\/www.llproducts.com\\\/tr-tr\\\/wp-content\\\/uploads\\\/sites\\\/19\\\/2024\\\/10\\\/csm_ll_seal_header_e8722f1566.jpg\",\"width\":1800,\"height\":728,\"caption\":\"A woman smiling using her phone\"},{\"@type\":\"BreadcrumbList\",\"@id\":\"https:\\\/\\\/www.llproducts.com\\\/tr-tr\\\/ueruenler-ve-coezuemler\\\/ll-products-solutions-offerings\\\/ll-seal\\\/#breadcrumb\",\"itemListElement\":[{\"@type\":\"ListItem\",\"position\":1,\"name\":\"Home\",\"item\":\"https:\\\/\\\/www.llproducts.com\\\/tr-tr\\\/\"},{\"@type\":\"ListItem\",\"position\":2,\"name\":\"\u00dcr\u00fcnler ve \u00c7\u00f6z\u00fcmler\",\"item\":\"https:\\\/\\\/www.llproducts.com\\\/tr-tr\\\/ueruenler-ve-coezuemler\\\/\"},{\"@type\":\"ListItem\",\"position\":3,\"name\":\"L&#038;L Products Solutions\",\"item\":\"https:\\\/\\\/www.llproducts.com\\\/tr-tr\\\/ueruenler-ve-coezuemler\\\/ll-products-solutions-offerings\\\/\"},{\"@type\":\"ListItem\",\"position\":4,\"name\":\"L&#038;L Seal\"}]},{\"@type\":\"WebSite\",\"@id\":\"https:\\\/\\\/www.llproducts.com\\\/tr-tr\\\/#website\",\"url\":\"https:\\\/\\\/www.llproducts.com\\\/tr-tr\\\/\",\"name\":\"L&amp;L Products - Uygulama tekni\u011fi &amp; Malzeme bilimi\",\"description\":\"\",\"potentialAction\":[{\"@type\":\"SearchAction\",\"target\":{\"@type\":\"EntryPoint\",\"urlTemplate\":\"https:\\\/\\\/www.llproducts.com\\\/tr-tr\\\/?s={search_term_string}\"},\"query-input\":{\"@type\":\"PropertyValueSpecification\",\"valueRequired\":true,\"valueName\":\"search_term_string\"}}],\"inLanguage\":\"tr\"}]}<\/script>\n<!-- \/ Yoast SEO Premium plugin. -->","yoast_head_json":{"title":"L&L Seal - L&amp;L Products - Uygulama tekni\u011fi &amp; Malzeme bilimi","robots":{"index":"index","follow":"follow","max-snippet":"max-snippet:-1","max-image-preview":"max-image-preview:large","max-video-preview":"max-video-preview:-1"},"canonical":"https:\/\/www.llproducts.com\/tr-tr\/ueruenler-ve-coezuemler\/ll-products-solutions-offerings\/ll-seal\/","og_locale":"tr_TR","og_type":"article","og_title":"L&L Seal","og_url":"https:\/\/www.llproducts.com\/tr-tr\/ueruenler-ve-coezuemler\/ll-products-solutions-offerings\/ll-seal\/","og_site_name":"L&amp;L Products - Uygulama tekni\u011fi &amp; Malzeme bilimi","article_modified_time":"2026-04-16T18:11:53+00:00","og_image":[{"width":1800,"height":728,"url":"https:\/\/www.llproducts.com\/tr-tr\/wp-content\/uploads\/sites\/19\/2024\/10\/csm_ll_seal_header_e8722f1566.jpg","type":"image\/jpeg"}],"twitter_card":"summary_large_image","twitter_misc":{"Est. reading time":"6 dakika"},"schema":{"@context":"https:\/\/schema.org","@graph":[{"@type":"WebPage","@id":"https:\/\/www.llproducts.com\/tr-tr\/ueruenler-ve-coezuemler\/ll-products-solutions-offerings\/ll-seal\/","url":"https:\/\/www.llproducts.com\/tr-tr\/ueruenler-ve-coezuemler\/ll-products-solutions-offerings\/ll-seal\/","name":"L&L Seal - L&amp;L Products - Uygulama tekni\u011fi &amp; Malzeme bilimi","isPartOf":{"@id":"https:\/\/www.llproducts.com\/tr-tr\/#website"},"primaryImageOfPage":{"@id":"https:\/\/www.llproducts.com\/tr-tr\/ueruenler-ve-coezuemler\/ll-products-solutions-offerings\/ll-seal\/#primaryimage"},"image":{"@id":"https:\/\/www.llproducts.com\/tr-tr\/ueruenler-ve-coezuemler\/ll-products-solutions-offerings\/ll-seal\/#primaryimage"},"thumbnailUrl":"https:\/\/www.llproducts.com\/tr-tr\/wp-content\/uploads\/sites\/19\/2024\/10\/csm_ll_seal_header_e8722f1566.jpg","datePublished":"2024-08-05T14:35:42+00:00","dateModified":"2026-04-16T18:11:53+00:00","breadcrumb":{"@id":"https:\/\/www.llproducts.com\/tr-tr\/ueruenler-ve-coezuemler\/ll-products-solutions-offerings\/ll-seal\/#breadcrumb"},"inLanguage":"tr","potentialAction":[{"@type":"ReadAction","target":["https:\/\/www.llproducts.com\/tr-tr\/ueruenler-ve-coezuemler\/ll-products-solutions-offerings\/ll-seal\/"]}]},{"@type":"ImageObject","inLanguage":"tr","@id":"https:\/\/www.llproducts.com\/tr-tr\/ueruenler-ve-coezuemler\/ll-products-solutions-offerings\/ll-seal\/#primaryimage","url":"https:\/\/www.llproducts.com\/tr-tr\/wp-content\/uploads\/sites\/19\/2024\/10\/csm_ll_seal_header_e8722f1566.jpg","contentUrl":"https:\/\/www.llproducts.com\/tr-tr\/wp-content\/uploads\/sites\/19\/2024\/10\/csm_ll_seal_header_e8722f1566.jpg","width":1800,"height":728,"caption":"A woman smiling using her phone"},{"@type":"BreadcrumbList","@id":"https:\/\/www.llproducts.com\/tr-tr\/ueruenler-ve-coezuemler\/ll-products-solutions-offerings\/ll-seal\/#breadcrumb","itemListElement":[{"@type":"ListItem","position":1,"name":"Home","item":"https:\/\/www.llproducts.com\/tr-tr\/"},{"@type":"ListItem","position":2,"name":"\u00dcr\u00fcnler ve \u00c7\u00f6z\u00fcmler","item":"https:\/\/www.llproducts.com\/tr-tr\/ueruenler-ve-coezuemler\/"},{"@type":"ListItem","position":3,"name":"L&#038;L Products Solutions","item":"https:\/\/www.llproducts.com\/tr-tr\/ueruenler-ve-coezuemler\/ll-products-solutions-offerings\/"},{"@type":"ListItem","position":4,"name":"L&#038;L Seal"}]},{"@type":"WebSite","@id":"https:\/\/www.llproducts.com\/tr-tr\/#website","url":"https:\/\/www.llproducts.com\/tr-tr\/","name":"L&amp;L Products - Uygulama tekni\u011fi &amp; Malzeme bilimi","description":"","potentialAction":[{"@type":"SearchAction","target":{"@type":"EntryPoint","urlTemplate":"https:\/\/www.llproducts.com\/tr-tr\/?s={search_term_string}"},"query-input":{"@type":"PropertyValueSpecification","valueRequired":true,"valueName":"search_term_string"}}],"inLanguage":"tr"}]}},"_links":{"self":[{"href":"https:\/\/www.llproducts.com\/tr-tr\/wp-json\/wp\/v2\/pages\/119","targetHints":{"allow":["GET"]}}],"collection":[{"href":"https:\/\/www.llproducts.com\/tr-tr\/wp-json\/wp\/v2\/pages"}],"about":[{"href":"https:\/\/www.llproducts.com\/tr-tr\/wp-json\/wp\/v2\/types\/page"}],"author":[{"embeddable":true,"href":"https:\/\/www.llproducts.com\/tr-tr\/wp-json\/wp\/v2\/users\/8"}],"replies":[{"embeddable":true,"href":"https:\/\/www.llproducts.com\/tr-tr\/wp-json\/wp\/v2\/comments?post=119"}],"version-history":[{"count":0,"href":"https:\/\/www.llproducts.com\/tr-tr\/wp-json\/wp\/v2\/pages\/119\/revisions"}],"up":[{"embeddable":true,"href":"https:\/\/www.llproducts.com\/tr-tr\/wp-json\/wp\/v2\/pages\/118"}],"wp:featuredmedia":[{"embeddable":true,"href":"https:\/\/www.llproducts.com\/tr-tr\/wp-json\/wp\/v2\/media\/10094"}],"wp:attachment":[{"href":"https:\/\/www.llproducts.com\/tr-tr\/wp-json\/wp\/v2\/media?parent=119"}],"curies":[{"name":"wp","href":"https:\/\/api.w.org\/{rel}","templated":true}]}}