{"id":451,"date":"2024-09-06T18:27:20","date_gmt":"2024-09-06T18:27:20","guid":{"rendered":"https:\/\/llproducts1.wpenginepowered.com\/tr-tr\/?page_id=451"},"modified":"2026-04-16T18:11:49","modified_gmt":"2026-04-16T18:11:49","slug":"sirket","status":"publish","type":"page","link":"https:\/\/www.llproducts.com\/tr-tr\/sirket\/","title":{"rendered":"\u015eirket"},"content":{"rendered":"\n<div class=\"et_pb_section_0 et_pb_section et_section_regular et_block_section\"><div class=\"et_pb_row_0 et_pb_row et_pb_gutters1 et_block_row inner-title-row\"><div class=\"et_pb_column_0 et_pb_column et_pb_column_2_3 et_block_column et_pb_css_mix_blend_mode_passthrough\"><div class=\"et_pb_image_0 et_pb_image et_pb_module et_block_module\"><span class=\"et_pb_image_wrap\"><img loading=\"lazy\" decoding=\"async\" src=\"https:\/\/www.llproducts.com\/tr-tr\/wp-content\/uploads\/sites\/19\/2024\/09\/llp_company_overview_header_img.jpg\" alt=\"A man using a VR headset\" title=\"A man using a VR headset\" width=\"1480\" height=\"645\" srcset=\"https:\/\/www.llproducts.com\/tr-tr\/wp-content\/uploads\/sites\/19\/2024\/09\/llp_company_overview_header_img.jpg 1480w, https:\/\/www.llproducts.com\/tr-tr\/wp-content\/uploads\/sites\/19\/2024\/09\/llp_company_overview_header_img-1280x558.jpg 1280w, https:\/\/www.llproducts.com\/tr-tr\/wp-content\/uploads\/sites\/19\/2024\/09\/llp_company_overview_header_img-980x427.jpg 980w, https:\/\/www.llproducts.com\/tr-tr\/wp-content\/uploads\/sites\/19\/2024\/09\/llp_company_overview_header_img-480x209.jpg 480w\" sizes=\"(min-width: 0px) and (max-width: 480px) 480px, (min-width: 481px) and (max-width: 980px) 980px, (min-width: 981px) and (max-width: 1280px) 1280px, (min-width: 1281px) 1480px, 100vw\" class=\"wp-image-454\" \/><\/span><\/div><\/div><div class=\"et_pb_column_1 et_pb_column et_pb_column_1_3 et-last-child et_block_column et_pb_css_mix_blend_mode_passthrough et_animated inner-title-col\"><div class=\"et_pb_text_0 et_pb_text et_pb_bg_layout_dark et_pb_module et_block_module inner-title-2\"><div class=\"et_pb_text_inner\"><h1>Driven by Technology<\/h1>\n<\/div><\/div><\/div><\/div><div class=\"et_pb_row_1 et_pb_row et_block_row\"><div class=\"et_pb_column_2 et_pb_column et_pb_column_4_4 et-last-child et_block_column et_pb_css_mix_blend_mode_passthrough\"><div class=\"et_pb_sidebar_0 et_pb_widget_area clearfix et_pb_widget_area_left et_pb_bg_layout_light et_pb_sidebar_no_border et_pb_module et_block_module breadcrumbs\"><div id=\"block-10\" class=\"et_pb_widget widget_block\"><div class=\"yoast-breadcrumbs\"><span><span><a href=\"https:\/\/www.llproducts.com\/tr-tr\/\">Home<\/a><\/span> <span aria-hidden=\"true\" data-icon=\"\ue93c\" class=\"icomoon icon-chevron-right\"><\/span> <span class=\"breadcrumb_last\" aria-current=\"page\">\u015eirket<\/span><\/span><\/div><\/div><\/div><\/div><\/div><\/div><div class=\"et_pb_section_1 et_pb_section et_section_specialty et_pb_gutters3 et_block_section\" id=\"page-content\"><div class=\"et_pb_row et_pb_row-1-4_3-4 et_block_row\"><div class=\"et_pb_column_3 et_pb_column et_pb_column_single et_pb_column_1_4 et_block_column et_pb_css_mix_blend_mode_passthrough\"><div class=\"et_pb_sidebar_1 et_pb_widget_area clearfix et_pb_widget_area_left et_pb_bg_layout_light et_pb_sidebar_no_border et_pb_module et_block_module\"><div id=\"nav_menu-10\" class=\"et_pb_widget widget_nav_menu\"><div class=\"menu-company-menu-container\"><ul id=\"menu-company-menu\" class=\"menu\"><li id=\"menu-item-841\" class=\"menu-item menu-item-type-post_type menu-item-object-page menu-item-841\"><a href=\"https:\/\/www.llproducts.com\/tr-tr\/sirket\/\">\u015eirket<\/a><\/li>\n<li id=\"menu-item-839\" class=\"menu-item menu-item-type-post_type menu-item-object-page menu-item-839\"><a href=\"https:\/\/www.llproducts.com\/tr-tr\/sirket\/i%cc%87novasyon\/\">\u0130novasyon<\/a><\/li>\n<li id=\"menu-item-840\" class=\"menu-item menu-item-type-post_type menu-item-object-page menu-item-840\"><a href=\"https:\/\/www.llproducts.com\/tr-tr\/sirket\/degerler-kueltuer\/\">De\u011ferler &#038; K\u00fclt\u00fcr<\/a><\/li>\n<li id=\"menu-item-908\" class=\"menu-item menu-item-type-post_type menu-item-object-page menu-item-908\"><a href=\"https:\/\/www.llproducts.com\/tr-tr\/sirket\/tarihce\/\">Tarih\u00e7e<\/a><\/li>\n<li id=\"menu-item-1071\" class=\"menu-item menu-item-type-post_type menu-item-object-page menu-item-1071\"><a href=\"https:\/\/www.llproducts.com\/tr-tr\/sirket\/kariyer\/\">Kariyer<\/a><\/li>\n<li id=\"menu-item-10779\" class=\"menu-item menu-item-type-post_type menu-item-object-page menu-item-10779\"><a href=\"https:\/\/www.llproducts.com\/tr-tr\/sirket\/lokasyonlar\/\">Lokasyonlar<\/a><\/li>\n<li id=\"menu-item-1070\" class=\"menu-item menu-item-type-post_type menu-item-object-page menu-item-1070\"><a href=\"https:\/\/www.llproducts.com\/tr-tr\/sirket\/vakiflari\/\">Vak\u0131flar\u0131<\/a><\/li>\n<li id=\"menu-item-1069\" class=\"menu-item menu-item-type-post_type menu-item-object-page menu-item-1069\"><a href=\"https:\/\/www.llproducts.com\/tr-tr\/sirket\/kurumsal-sosyal-sorumluluk\/\">Kurumsal Sosyal Sorumluluk<\/a><\/li>\n<li id=\"menu-item-10780\" class=\"menu-item menu-item-type-post_type menu-item-object-page menu-item-10780\"><a href=\"https:\/\/www.llproducts.com\/tr-tr\/sirket\/kaynak-merkezi\/\">Kaynak merkezi<\/a><\/li>\n<\/ul><\/div><\/div><\/div><\/div><div class=\"et_pb_column_4 et_pb_column et_pb_specialty_column et_pb_column_3_4 et-last-child et_block_column et_pb_css_mix_blend_mode_passthrough\"><div class=\"et_pb_row_inner_0 et_pb_row_inner et_block_row\"><div class=\"et_pb_column_inner_0 et_pb_column_inner et_pb_column et_pb_column_4_4 et-last-child et_block_column et_pb_css_mix_blend_mode_passthrough\"><div class=\"et_pb_text_1 et_pb_text et_pb_bg_layout_light et_animated et_pb_module et_block_module inner-title\"><div class=\"et_pb_text_inner\"><h1>Biz kimiz<\/h1>\n<\/div><\/div><div class=\"et_pb_text_2 et_pb_text et_pb_bg_layout_light et_animated et_pb_module et_block_module\"><div class=\"et_pb_text_inner\"><p class=\"in-view\">Teknoloji odakl\u0131 bir aile \u015firketi olan L&amp;L Products, statik s\u0131zd\u0131rmazl\u0131k, daha iyi akustik, azalt\u0131lm\u0131\u015f titre\u015fim, yap\u0131sal g\u00fc\u00e7lendirme ve kompozit bile\u015fenler gerektiren \u00e7e\u015fitli uygulamalar i\u00e7in \u00e7\u00f6z\u00fcmler \u00fcretmektedir. L&amp;L Products, ilk \u00fcr\u00fcnlerini 1958'de kendi ev mutfaklar\u0131ndaki f\u0131r\u0131nlar\u0131nda haz\u0131rlayan kurucular\u0131 Bob Ligon ve Gene Lane'den g\u00fcn\u00fcm\u00fcze kadar uzun bir yol kat ederek \u015fu anda t\u00fcm d\u00fcnyada \u00fcretim tesisleri i\u015fletmektedir.\u00a0<\/p>\n<p class=\"in-view\">Otomotiv, havac\u0131l\u0131k, ticari ara\u00e7 ve demiryolu end\u00fcstrilerinin yan\u0131 s\u0131ra end\u00fcstriyel uygulamalara \u00f6zel \u00e7\u00f6z\u00fcmler olu\u015fturmak ve de\u011fer sa\u011flamak i\u00e7in benzersiz deneyimler edindik. \u00c7al\u0131\u015fanlar\u0131m\u0131za de\u011fer veriyoruz \u00e7\u00fcnk\u00fc m\u00fc\u015fterilerin ihtiya\u00e7lar\u0131n\u0131 kar\u015f\u0131larken \u00f6nemli olan \u015feylere odaklanmam\u0131z\u0131 sa\u011fl\u0131yorlar: kurumsal de\u011ferler, malzeme bilimi, \u00fcst\u00fcn m\u00fchendislik, m\u00fc\u015fteri hizmetleri ve \u00fcretim uzmanl\u0131\u011f\u0131.\u00a0<\/p>\n<p class=\"in-view\">ABD, Avrupa, \u00c7in, Hindistan, T\u00fcrkiye ve Brezilya'daki \u00fcretim tesislerinin yan\u0131 s\u0131ra stratejik olarak konumland\u0131r\u0131lm\u0131\u015f faaliyet g\u00f6steren yan kurulu\u015flar\u0131m\u0131zla, k\u00fcresel m\u00fc\u015fteri taban\u0131m\u0131za yerel destek sa\u011flamak i\u00e7in iyi bir konumday\u0131z. \u015eu anda 30'dan fazla \u00fclkeye \u00fcr\u00fcn g\u00f6nderiyoruz ve d\u00fcnya \u00e7ap\u0131nda 1200'den fazla \u00e7al\u0131\u015fan\u0131m\u0131z bulunmaktad\u0131r.\u00a0<\/p>\n<\/div><\/div><\/div><\/div><div class=\"et_pb_row_inner_1 et_pb_row_inner et_pb_gutters1 et_block_row\"><div class=\"et_pb_column_inner_1 et_pb_column_inner et_pb_column et_pb_column_3_8 et_block_column et_pb_css_mix_blend_mode_passthrough\"><div class=\"et_pb_code_0 et_pb_code et_pb_module\"><\/div><\/div><div class=\"et_pb_column_inner_2 et_pb_column_inner et_pb_column et_pb_column_3_8 et-last-child et_block_column et_pb_css_mix_blend_mode_passthrough\"><div class=\"et_pb_text_3 et_pb_text et_pb_bg_layout_dark et_pb_module et_block_module\"><div class=\"et_pb_text_inner\"><p>L&amp;L Products - Bizimle ve bizim i\u00e7in \u00e7al\u0131\u015fan herkes i\u00e7in iyi bir yer<\/p>\n<\/div><\/div><\/div><\/div><div class=\"et_pb_row_inner_2 et_pb_row_inner et_block_row\"><div class=\"et_pb_column_inner_3 et_pb_column_inner et_pb_column et_pb_column_4_4 et-last-child et_block_column et_pb_css_mix_blend_mode_passthrough\"><div class=\"et_pb_text_4 et_pb_text et_pb_bg_layout_light et_animated et_pb_module et_block_module\"><div class=\"et_pb_text_inner\"><h2 class=\"in-view\">Ne yap\u0131yoruz<\/h2>\n<\/div><\/div><div class=\"et_pb_text_5 et_pb_text et_pb_bg_layout_light et_animated et_pb_module et_block_module\"><div class=\"et_pb_text_inner\"><p class=\"in-view\">Her projenin ki\u015fiye \u00f6zel, bireysel bir \u00e7\u00f6z\u00fcm\u00fc hak etti\u011fine inand\u0131\u011f\u0131m\u0131z i\u00e7in, \"tek beden herkese uyar\" nakarat\u0131na kat\u0131lm\u0131yoruz.\u00a0<\/p>\n<p class=\"in-view\">Her zaman bir m\u00fc\u015fterinin \u00f6zel ihtiya\u00e7lar\u0131n\u0131 ve gereksinimlerini anlayarak ba\u015flay\u0131p ard\u0131ndan en uygun \u00e7\u00f6z\u00fcm\u00fc geli\u015ftirmek i\u00e7in uzmanl\u0131\u011f\u0131m\u0131z\u0131 ve problem \u00e7\u00f6zme sevdam\u0131z\u0131 uyguluyoruz.\u00a0<\/p>\n<p class=\"in-view\">M\u00fc\u015fteri taban\u0131m\u0131za hem \u00f6zel hem de standart \u00fcr\u00fcn teklifleri sunmak i\u00e7in malzeme bilimi, bilgisayar destekli tasar\u0131m, sonlu \u00f6\u011feli \u00e7\u00f6z\u00fcmlemeler, prototip olu\u015fturma, test ve \u00fcretim teknolojisini kapsayan Ara\u015ft\u0131rma ve Geli\u015ftirme \u00e7abalar\u0131na s\u00fcrekli olarak yat\u0131r\u0131m yapmaktay\u0131z.\u00a0<\/p>\n<\/div><\/div><\/div><\/div><\/div><\/div><\/div><div class=\"et_pb_section_2 et_pb_section et_section_regular et_block_section\"><div class=\"et_pb_row_2 et_pb_row et_block_row\"><div class=\"et_pb_column_5 et_pb_column et_pb_column_4_4 et-last-child et_block_column et_pb_css_mix_blend_mode_passthrough\"><div class=\"et_pb_text_6 et_pb_text et_pb_bg_layout_light et_animated et_pb_module et_block_module inner-title-sm gry-line-divider\"><div class=\"et_pb_text_inner\"><h2>L&amp;L hakk\u0131nda daha fazlas\u0131<\/h2>\n<\/div><\/div><\/div><\/div><div class=\"et_pb_row_3 et_pb_row et_block_row\"><div class=\"et_pb_column_6 et_pb_column et_pb_column_1_2 et_block_column et_pb_css_mix_blend_mode_passthrough et_animated\"><div class=\"et_pb_text_7 et_pb_text et_pb_bg_layout_light et_pb_module et_block_module\"><div class=\"et_pb_text_inner\"><h3>De\u011ferler &amp; K\u00fclt\u00fcr<\/h3>\n<\/div><\/div><div class=\"et_pb_text_8 et_pb_text et_pb_bg_layout_light et_pb_module et_block_module\"><div class=\"et_pb_text_inner\"><p>Ona dokunan herkes i\u00e7in iyi bir yer olarak kalmak ad\u0131na ahlaki ve ki\u015fileraras\u0131 d\u00fcr\u00fcstl\u00fc\u011fe en y\u00fcksek de\u011feri veriyoruz. Bir dizi kural, bu standartlara sad\u0131k kalmam\u0131za yard\u0131mc\u0131 oluyor.<\/p>\n<\/div><\/div><div class=\"et_pb_module et_pb_button_module_wrapper et_pb_button_1_wrapper\"><a class=\"et_pb_button_1 et_pb_button et_pb_bg_layout_light et_pb_module et_block_module secondary\" href=\"\/tr-tr\/company\/values\/\">Daha fazla okuyunuz <\/a><\/div><\/div><div class=\"et_pb_column_7 et_pb_column et_pb_column_1_2 et-last-child et_block_column et_pb_css_mix_blend_mode_passthrough et_animated\"><div class=\"et_pb_text_9 et_pb_text et_pb_bg_layout_light et_pb_module et_block_module\"><div class=\"et_pb_text_inner\"><h3>Tarih\u00e7e<\/h3>\n<\/div><\/div><div class=\"et_pb_text_10 et_pb_text et_pb_bg_layout_light et_pb_module et_block_module\"><div class=\"et_pb_text_inner\"><p>60 y\u0131l\u0131 a\u015fk\u0131n m\u00fchendislik ve yenilik\u00e7ilik bir ge\u00e7mi\u015fi arkam\u0131zda b\u0131rakt\u0131k ve tarihimizi yazmaya devam ediyoruz.<\/p>\n<\/div><\/div><div class=\"et_pb_module et_pb_button_module_wrapper et_pb_button_2_wrapper\"><a class=\"et_pb_button_2 et_pb_button et_pb_bg_layout_light et_pb_module et_block_module secondary\" href=\"\/tr-tr\/company\/history\">Burada ke\u015ffedin<\/a><\/div><\/div><\/div><div class=\"et_pb_row_4 et_pb_row et_block_row\"><div class=\"et_pb_column_8 et_pb_column et_pb_column_1_2 et_block_column et_pb_css_mix_blend_mode_passthrough et_animated\"><div class=\"et_pb_text_11 et_pb_text et_pb_bg_layout_light et_pb_module et_block_module\"><div class=\"et_pb_text_inner\"><h3>Lokasyonlar<\/h3>\n<\/div><\/div><div class=\"et_pb_text_12 et_pb_text et_pb_bg_layout_light et_pb_module et_block_module\"><div class=\"et_pb_text_inner\"><p>D\u00fcnyan\u0131n her yerindeki m\u00fc\u015fterilere \u00f6zel hizmet ve birinci s\u0131n\u0131f \u00fcretim sunuyoruz.<\/p>\n<\/div><\/div><div class=\"et_pb_module et_pb_button_module_wrapper et_pb_button_3_wrapper\"><a class=\"et_pb_button_3 et_pb_button et_pb_bg_layout_light et_pb_module et_block_module secondary\" href=\"\/tr-tr\/company\/locations\">Bizi nerede bulabilirsiniz<\/a><\/div><\/div><div class=\"et_pb_column_9 et_pb_column et_pb_column_1_2 et-last-child et_block_column et_pb_css_mix_blend_mode_passthrough et_animated\"><div class=\"et_pb_text_13 et_pb_text et_pb_bg_layout_light et_pb_module et_block_module\"><div class=\"et_pb_text_inner\"><h3>Kurumsal Sosyal Sorumluluk<\/h3>\n<\/div><\/div><div class=\"et_pb_text_14 et_pb_text et_pb_bg_layout_light et_pb_module et_block_module\"><div class=\"et_pb_text_inner\"><p>L&amp;L\u2122, s\u00fcrd\u00fcr\u00fclebilirlik, g\u00fcvenlik ve toplum deste\u011finin g\u00fcnl\u00fck i\u015flerimizin ayr\u0131lmaz bile\u015fenleri oldu\u011fu vicdanl\u0131 bir \u015firket olmak i\u00e7in \u00e7aba g\u00f6stermektedir.<\/p>\n<\/div><\/div><div class=\"et_pb_module et_pb_button_module_wrapper et_pb_button_4_wrapper\"><a class=\"et_pb_button_4 et_pb_button et_pb_bg_layout_light et_pb_module et_block_module secondary\" href=\"\/tr-tr\/company\/corporate-social-responsibility\">Bunu nas\u0131l takip ediyoruz<\/a><\/div><\/div><\/div><\/div>\n","protected":false},"excerpt":{"rendered":"","protected":false},"author":4,"featured_media":454,"parent":0,"menu_order":0,"comment_status":"closed","ping_status":"closed","template":"","meta":{"_acf_changed":false,"inline_featured_image":false,"footnotes":""},"class_list":["post-451","page","type-page","status-publish","has-post-thumbnail","hentry"],"acf":[],"dsm_author":{"name":"lafata","avatar_url":"https:\/\/secure.gravatar.com\/avatar\/66f6e75e3378137d9b1a20f7ad6c54aa6acecd8466704fadf5641de9af89b844?s=96&d=mm&r=g","archive_link":"https:\/\/www.llproducts.com\/tr-tr\/news-events\/author\/lafata\/","biodata":""},"dsm_categories":[],"dsm_attachment_categories":[],"dsm_featured_image":{"thumbnail":"https:\/\/www.llproducts.com\/tr-tr\/wp-content\/uploads\/sites\/19\/2024\/09\/llp_company_overview_header_img-150x150.jpg","medium":"https:\/\/www.llproducts.com\/tr-tr\/wp-content\/uploads\/sites\/19\/2024\/09\/llp_company_overview_header_img-300x131.jpg","medium_large":"https:\/\/www.llproducts.com\/tr-tr\/wp-content\/uploads\/sites\/19\/2024\/09\/llp_company_overview_header_img-768x335.jpg","large":"https:\/\/www.llproducts.com\/tr-tr\/wp-content\/uploads\/sites\/19\/2024\/09\/llp_company_overview_header_img-1024x446.jpg","1536x1536":"https:\/\/www.llproducts.com\/tr-tr\/wp-content\/uploads\/sites\/19\/2024\/09\/llp_company_overview_header_img.jpg","2048x2048":"https:\/\/www.llproducts.com\/tr-tr\/wp-content\/uploads\/sites\/19\/2024\/09\/llp_company_overview_header_img.jpg","et-pb-post-main-image":"https:\/\/www.llproducts.com\/tr-tr\/wp-content\/uploads\/sites\/19\/2024\/09\/llp_company_overview_header_img-400x250.jpg","et-pb-post-main-image-fullwidth":"https:\/\/www.llproducts.com\/tr-tr\/wp-content\/uploads\/sites\/19\/2024\/09\/llp_company_overview_header_img-1080x645.jpg","et-pb-portfolio-image":"https:\/\/www.llproducts.com\/tr-tr\/wp-content\/uploads\/sites\/19\/2024\/09\/llp_company_overview_header_img-400x284.jpg","et-pb-portfolio-module-image":"https:\/\/www.llproducts.com\/tr-tr\/wp-content\/uploads\/sites\/19\/2024\/09\/llp_company_overview_header_img-510x382.jpg","et-pb-portfolio-image-single":"https:\/\/www.llproducts.com\/tr-tr\/wp-content\/uploads\/sites\/19\/2024\/09\/llp_company_overview_header_img-1080x471.jpg","et-pb-gallery-module-image-portrait":"https:\/\/www.llproducts.com\/tr-tr\/wp-content\/uploads\/sites\/19\/2024\/09\/llp_company_overview_header_img-400x516.jpg","et-pb-post-main-image-fullwidth-large":"https:\/\/www.llproducts.com\/tr-tr\/wp-content\/uploads\/sites\/19\/2024\/09\/llp_company_overview_header_img.jpg","et-pb-image--responsive--desktop":"https:\/\/www.llproducts.com\/tr-tr\/wp-content\/uploads\/sites\/19\/2024\/09\/llp_company_overview_header_img-1280x558.jpg","et-pb-image--responsive--tablet":"https:\/\/www.llproducts.com\/tr-tr\/wp-content\/uploads\/sites\/19\/2024\/09\/llp_company_overview_header_img-980x427.jpg","et-pb-image--responsive--phone":"https:\/\/www.llproducts.com\/tr-tr\/wp-content\/uploads\/sites\/19\/2024\/09\/llp_company_overview_header_img-480x209.jpg","gform-image-choice-sm":"https:\/\/www.llproducts.com\/tr-tr\/wp-content\/uploads\/sites\/19\/2024\/09\/llp_company_overview_header_img.jpg","gform-image-choice-md":"https:\/\/www.llproducts.com\/tr-tr\/wp-content\/uploads\/sites\/19\/2024\/09\/llp_company_overview_header_img.jpg","gform-image-choice-lg":"https:\/\/www.llproducts.com\/tr-tr\/wp-content\/uploads\/sites\/19\/2024\/09\/llp_company_overview_header_img.jpg","full":"https:\/\/www.llproducts.com\/tr-tr\/wp-content\/uploads\/sites\/19\/2024\/09\/llp_company_overview_header_img.jpg"},"yoast_head":"<!-- This site is optimized with the Yoast SEO Premium plugin v27.5 (Yoast SEO v27.6) - https:\/\/yoast.com\/product\/yoast-seo-premium-wordpress\/ -->\n<title>\u015eirket - L&amp;L Products - Uygulama tekni\u011fi &amp; Malzeme bilimi<\/title>\n<meta name=\"robots\" content=\"index, follow, max-snippet:-1, max-image-preview:large, max-video-preview:-1\" \/>\n<link rel=\"canonical\" href=\"https:\/\/www.llproducts.com\/tr-tr\/sirket\/\" \/>\n<meta property=\"og:locale\" content=\"tr_TR\" \/>\n<meta property=\"og:type\" content=\"article\" \/>\n<meta property=\"og:title\" content=\"\u015eirket\" \/>\n<meta property=\"og:url\" content=\"https:\/\/www.llproducts.com\/tr-tr\/sirket\/\" \/>\n<meta property=\"og:site_name\" content=\"L&amp;L Products - Uygulama tekni\u011fi &amp; Malzeme bilimi\" \/>\n<meta property=\"article:modified_time\" content=\"2026-04-16T18:11:49+00:00\" \/>\n<meta property=\"og:image\" content=\"https:\/\/www.llproducts.com\/tr-tr\/wp-content\/uploads\/sites\/19\/2024\/09\/llp_company_overview_header_img.jpg\" \/>\n\t<meta property=\"og:image:width\" content=\"1480\" \/>\n\t<meta property=\"og:image:height\" content=\"645\" \/>\n\t<meta property=\"og:image:type\" content=\"image\/jpeg\" \/>\n<meta name=\"twitter:card\" content=\"summary_large_image\" \/>\n<meta name=\"twitter:label1\" content=\"Est. reading time\" \/>\n\t<meta name=\"twitter:data1\" content=\"3 dakika\" \/>\n<script type=\"application\/ld+json\" class=\"yoast-schema-graph\">{\"@context\":\"https:\\\/\\\/schema.org\",\"@graph\":[{\"@type\":\"WebPage\",\"@id\":\"https:\\\/\\\/www.llproducts.com\\\/tr-tr\\\/sirket\\\/\",\"url\":\"https:\\\/\\\/www.llproducts.com\\\/tr-tr\\\/sirket\\\/\",\"name\":\"\u015eirket - L&amp;L Products - Uygulama tekni\u011fi &amp; Malzeme bilimi\",\"isPartOf\":{\"@id\":\"https:\\\/\\\/www.llproducts.com\\\/tr-tr\\\/#website\"},\"primaryImageOfPage\":{\"@id\":\"https:\\\/\\\/www.llproducts.com\\\/tr-tr\\\/sirket\\\/#primaryimage\"},\"image\":{\"@id\":\"https:\\\/\\\/www.llproducts.com\\\/tr-tr\\\/sirket\\\/#primaryimage\"},\"thumbnailUrl\":\"https:\\\/\\\/www.llproducts.com\\\/tr-tr\\\/wp-content\\\/uploads\\\/sites\\\/19\\\/2024\\\/09\\\/llp_company_overview_header_img.jpg\",\"datePublished\":\"2024-09-06T18:27:20+00:00\",\"dateModified\":\"2026-04-16T18:11:49+00:00\",\"breadcrumb\":{\"@id\":\"https:\\\/\\\/www.llproducts.com\\\/tr-tr\\\/sirket\\\/#breadcrumb\"},\"inLanguage\":\"tr\",\"potentialAction\":[{\"@type\":\"ReadAction\",\"target\":[\"https:\\\/\\\/www.llproducts.com\\\/tr-tr\\\/sirket\\\/\"]}]},{\"@type\":\"ImageObject\",\"inLanguage\":\"tr\",\"@id\":\"https:\\\/\\\/www.llproducts.com\\\/tr-tr\\\/sirket\\\/#primaryimage\",\"url\":\"https:\\\/\\\/www.llproducts.com\\\/tr-tr\\\/wp-content\\\/uploads\\\/sites\\\/19\\\/2024\\\/09\\\/llp_company_overview_header_img.jpg\",\"contentUrl\":\"https:\\\/\\\/www.llproducts.com\\\/tr-tr\\\/wp-content\\\/uploads\\\/sites\\\/19\\\/2024\\\/09\\\/llp_company_overview_header_img.jpg\",\"width\":1480,\"height\":645,\"caption\":\"A man using a VR headset\"},{\"@type\":\"BreadcrumbList\",\"@id\":\"https:\\\/\\\/www.llproducts.com\\\/tr-tr\\\/sirket\\\/#breadcrumb\",\"itemListElement\":[{\"@type\":\"ListItem\",\"position\":1,\"name\":\"Home\",\"item\":\"https:\\\/\\\/www.llproducts.com\\\/tr-tr\\\/\"},{\"@type\":\"ListItem\",\"position\":2,\"name\":\"\u015eirket\"}]},{\"@type\":\"WebSite\",\"@id\":\"https:\\\/\\\/www.llproducts.com\\\/tr-tr\\\/#website\",\"url\":\"https:\\\/\\\/www.llproducts.com\\\/tr-tr\\\/\",\"name\":\"L&amp;L Products - Uygulama tekni\u011fi &amp; Malzeme bilimi\",\"description\":\"\",\"potentialAction\":[{\"@type\":\"SearchAction\",\"target\":{\"@type\":\"EntryPoint\",\"urlTemplate\":\"https:\\\/\\\/www.llproducts.com\\\/tr-tr\\\/?s={search_term_string}\"},\"query-input\":{\"@type\":\"PropertyValueSpecification\",\"valueRequired\":true,\"valueName\":\"search_term_string\"}}],\"inLanguage\":\"tr\"}]}<\/script>\n<!-- \/ Yoast SEO Premium plugin. -->","yoast_head_json":{"title":"\u015eirket - L&amp;L Products - Uygulama tekni\u011fi &amp; Malzeme bilimi","robots":{"index":"index","follow":"follow","max-snippet":"max-snippet:-1","max-image-preview":"max-image-preview:large","max-video-preview":"max-video-preview:-1"},"canonical":"https:\/\/www.llproducts.com\/tr-tr\/sirket\/","og_locale":"tr_TR","og_type":"article","og_title":"\u015eirket","og_url":"https:\/\/www.llproducts.com\/tr-tr\/sirket\/","og_site_name":"L&amp;L Products - Uygulama tekni\u011fi &amp; Malzeme bilimi","article_modified_time":"2026-04-16T18:11:49+00:00","og_image":[{"width":1480,"height":645,"url":"https:\/\/www.llproducts.com\/tr-tr\/wp-content\/uploads\/sites\/19\/2024\/09\/llp_company_overview_header_img.jpg","type":"image\/jpeg"}],"twitter_card":"summary_large_image","twitter_misc":{"Est. reading time":"3 dakika"},"schema":{"@context":"https:\/\/schema.org","@graph":[{"@type":"WebPage","@id":"https:\/\/www.llproducts.com\/tr-tr\/sirket\/","url":"https:\/\/www.llproducts.com\/tr-tr\/sirket\/","name":"\u015eirket - L&amp;L Products - Uygulama tekni\u011fi &amp; Malzeme bilimi","isPartOf":{"@id":"https:\/\/www.llproducts.com\/tr-tr\/#website"},"primaryImageOfPage":{"@id":"https:\/\/www.llproducts.com\/tr-tr\/sirket\/#primaryimage"},"image":{"@id":"https:\/\/www.llproducts.com\/tr-tr\/sirket\/#primaryimage"},"thumbnailUrl":"https:\/\/www.llproducts.com\/tr-tr\/wp-content\/uploads\/sites\/19\/2024\/09\/llp_company_overview_header_img.jpg","datePublished":"2024-09-06T18:27:20+00:00","dateModified":"2026-04-16T18:11:49+00:00","breadcrumb":{"@id":"https:\/\/www.llproducts.com\/tr-tr\/sirket\/#breadcrumb"},"inLanguage":"tr","potentialAction":[{"@type":"ReadAction","target":["https:\/\/www.llproducts.com\/tr-tr\/sirket\/"]}]},{"@type":"ImageObject","inLanguage":"tr","@id":"https:\/\/www.llproducts.com\/tr-tr\/sirket\/#primaryimage","url":"https:\/\/www.llproducts.com\/tr-tr\/wp-content\/uploads\/sites\/19\/2024\/09\/llp_company_overview_header_img.jpg","contentUrl":"https:\/\/www.llproducts.com\/tr-tr\/wp-content\/uploads\/sites\/19\/2024\/09\/llp_company_overview_header_img.jpg","width":1480,"height":645,"caption":"A man using a VR headset"},{"@type":"BreadcrumbList","@id":"https:\/\/www.llproducts.com\/tr-tr\/sirket\/#breadcrumb","itemListElement":[{"@type":"ListItem","position":1,"name":"Home","item":"https:\/\/www.llproducts.com\/tr-tr\/"},{"@type":"ListItem","position":2,"name":"\u015eirket"}]},{"@type":"WebSite","@id":"https:\/\/www.llproducts.com\/tr-tr\/#website","url":"https:\/\/www.llproducts.com\/tr-tr\/","name":"L&amp;L Products - Uygulama tekni\u011fi &amp; Malzeme bilimi","description":"","potentialAction":[{"@type":"SearchAction","target":{"@type":"EntryPoint","urlTemplate":"https:\/\/www.llproducts.com\/tr-tr\/?s={search_term_string}"},"query-input":{"@type":"PropertyValueSpecification","valueRequired":true,"valueName":"search_term_string"}}],"inLanguage":"tr"}]}},"_links":{"self":[{"href":"https:\/\/www.llproducts.com\/tr-tr\/wp-json\/wp\/v2\/pages\/451","targetHints":{"allow":["GET"]}}],"collection":[{"href":"https:\/\/www.llproducts.com\/tr-tr\/wp-json\/wp\/v2\/pages"}],"about":[{"href":"https:\/\/www.llproducts.com\/tr-tr\/wp-json\/wp\/v2\/types\/page"}],"author":[{"embeddable":true,"href":"https:\/\/www.llproducts.com\/tr-tr\/wp-json\/wp\/v2\/users\/4"}],"replies":[{"embeddable":true,"href":"https:\/\/www.llproducts.com\/tr-tr\/wp-json\/wp\/v2\/comments?post=451"}],"version-history":[{"count":0,"href":"https:\/\/www.llproducts.com\/tr-tr\/wp-json\/wp\/v2\/pages\/451\/revisions"}],"wp:featuredmedia":[{"embeddable":true,"href":"https:\/\/www.llproducts.com\/tr-tr\/wp-json\/wp\/v2\/media\/454"}],"wp:attachment":[{"href":"https:\/\/www.llproducts.com\/tr-tr\/wp-json\/wp\/v2\/media?parent=451"}],"curies":[{"name":"wp","href":"https:\/\/api.w.org\/{rel}","templated":true}]}}