{"id":846,"date":"2024-09-26T20:18:54","date_gmt":"2024-09-26T20:18:54","guid":{"rendered":"https:\/\/llproducts1.wpenginepowered.com\/tr-tr\/?page_id=846"},"modified":"2026-04-16T18:11:40","modified_gmt":"2026-04-16T18:11:40","slug":"vakiflari","status":"publish","type":"page","link":"https:\/\/www.llproducts.com\/tr-tr\/sirket\/vakiflari\/","title":{"rendered":"Vak\u0131flar\u0131"},"content":{"rendered":"\n<div class=\"et_pb_section_0 et_pb_section et_section_regular et_block_section\"><div class=\"et_pb_row_0 et_pb_row et_pb_gutters1 et_block_row inner-title-row\"><div class=\"et_pb_column_0 et_pb_column et_pb_column_2_3 et_block_column et_pb_css_mix_blend_mode_passthrough\"><div class=\"et_pb_image_0 et_pb_image et_pb_module et_block_module\"><span class=\"et_pb_image_wrap\"><img decoding=\"async\" src=\"https:\/\/www.llproducts.com\/wp-content\/uploads\/2025\/12\/Foundations.png\" \/><\/span><\/div><\/div><div class=\"et_pb_column_1 et_pb_column et_pb_column_1_3 et-last-child et_block_column et_pb_css_mix_blend_mode_passthrough et_animated inner-title-col alt-title-col\"><div class=\"et_pb_text_0 et_pb_text et_pb_bg_layout_dark et_pb_module et_block_module inner-title-2\"><div class=\"et_pb_text_inner\"><h1>Geri Verme<\/h1>\n<\/div><\/div><div class=\"et_pb_text_1 et_pb_text et_pb_bg_layout_dark et_pb_module et_block_module\"><div class=\"et_pb_text_inner\"><p>Bulundu\u011fumuz topluluklar\u0131n gururlu bir destek\u00e7isi olarak L&amp;L Vak\u0131flar\u0131, e\u011fitime uzun y\u0131llard\u0131r burs ve hibe \u015feklinde mali destek sa\u011flam\u0131\u015ft\u0131r.<\/p>\n<\/div><\/div><div class=\"et_pb_module et_pb_button_module_wrapper et_pb_button_0_wrapper\"><a class=\"et_pb_button_0 et_pb_button et_pb_bg_layout_light et_pb_module et_block_module wht-btn\" href=\"#apply\">\u015eimdi Uygula<\/a><\/div><\/div><\/div><div class=\"et_pb_row_1 et_pb_row et_block_row\"><div class=\"et_pb_column_2 et_pb_column et_pb_column_4_4 et-last-child et_block_column et_pb_css_mix_blend_mode_passthrough\"><div class=\"et_pb_sidebar_0 et_pb_widget_area clearfix et_pb_widget_area_left et_pb_bg_layout_light et_pb_sidebar_no_border et_pb_module et_block_module breadcrumbs\"><div id=\"block-10\" class=\"et_pb_widget widget_block\"><div class=\"yoast-breadcrumbs\"><span><span><a href=\"https:\/\/www.llproducts.com\/tr-tr\/\">Home<\/a><\/span> <span aria-hidden=\"true\" data-icon=\"\ue93c\" class=\"icomoon icon-chevron-right\"><\/span> <span><a href=\"https:\/\/www.llproducts.com\/tr-tr\/sirket\/\">\u015eirket<\/a><\/span> <span aria-hidden=\"true\" data-icon=\"\ue93c\" class=\"icomoon icon-chevron-right\"><\/span> <span class=\"breadcrumb_last\" aria-current=\"page\">Vak\u0131flar\u0131<\/span><\/span><\/div><\/div><\/div><\/div><\/div><\/div><div class=\"et_pb_section_1 et_pb_section et_section_specialty et_pb_gutters3 et_block_section\" id=\"page-content\"><div class=\"et_pb_row et_pb_row-1-4_3-4 et_block_row\"><div class=\"et_pb_column_3 et_pb_column et_pb_column_single et_pb_column_1_4 et_block_column et_pb_css_mix_blend_mode_passthrough\"><div class=\"et_pb_sidebar_1 et_pb_widget_area clearfix et_pb_widget_area_left et_pb_bg_layout_light et_pb_sidebar_no_border et_pb_module et_block_module\"><div id=\"nav_menu-10\" class=\"et_pb_widget widget_nav_menu\"><div class=\"menu-company-menu-container\"><ul id=\"menu-company-menu\" class=\"menu\"><li id=\"menu-item-841\" class=\"menu-item menu-item-type-post_type menu-item-object-page menu-item-841\"><a href=\"https:\/\/www.llproducts.com\/tr-tr\/sirket\/\">\u015eirket<\/a><\/li>\n<li id=\"menu-item-839\" class=\"menu-item menu-item-type-post_type menu-item-object-page menu-item-839\"><a href=\"https:\/\/www.llproducts.com\/tr-tr\/sirket\/i%cc%87novasyon\/\">\u0130novasyon<\/a><\/li>\n<li id=\"menu-item-840\" class=\"menu-item menu-item-type-post_type menu-item-object-page menu-item-840\"><a href=\"https:\/\/www.llproducts.com\/tr-tr\/sirket\/degerler-kueltuer\/\">De\u011ferler &#038; K\u00fclt\u00fcr<\/a><\/li>\n<li id=\"menu-item-908\" class=\"menu-item menu-item-type-post_type menu-item-object-page menu-item-908\"><a href=\"https:\/\/www.llproducts.com\/tr-tr\/sirket\/tarihce\/\">Tarih\u00e7e<\/a><\/li>\n<li id=\"menu-item-1071\" class=\"menu-item menu-item-type-post_type menu-item-object-page menu-item-1071\"><a href=\"https:\/\/www.llproducts.com\/tr-tr\/sirket\/kariyer\/\">Kariyer<\/a><\/li>\n<li id=\"menu-item-10779\" class=\"menu-item menu-item-type-post_type menu-item-object-page menu-item-10779\"><a href=\"https:\/\/www.llproducts.com\/tr-tr\/sirket\/lokasyonlar\/\">Lokasyonlar<\/a><\/li>\n<li id=\"menu-item-1070\" class=\"menu-item menu-item-type-post_type menu-item-object-page menu-item-1070\"><a href=\"https:\/\/www.llproducts.com\/tr-tr\/sirket\/vakiflari\/\">Vak\u0131flar\u0131<\/a><\/li>\n<li id=\"menu-item-1069\" class=\"menu-item menu-item-type-post_type menu-item-object-page menu-item-1069\"><a href=\"https:\/\/www.llproducts.com\/tr-tr\/sirket\/kurumsal-sosyal-sorumluluk\/\">Kurumsal Sosyal Sorumluluk<\/a><\/li>\n<li id=\"menu-item-10780\" class=\"menu-item menu-item-type-post_type menu-item-object-page menu-item-10780\"><a href=\"https:\/\/www.llproducts.com\/tr-tr\/sirket\/kaynak-merkezi\/\">Kaynak merkezi<\/a><\/li>\n<\/ul><\/div><\/div><\/div><\/div><div class=\"et_pb_column_4 et_pb_column et_pb_specialty_column et_pb_column_3_4 et-last-child et_block_column et_pb_css_mix_blend_mode_passthrough\"><div class=\"et_pb_row_inner_0 et_pb_row_inner et_block_row\"><div class=\"et_pb_column_inner_0 et_pb_column_inner et_pb_column et_pb_column_4_4 et-last-child et_block_column et_pb_css_mix_blend_mode_passthrough\"><div class=\"et_pb_text_2 et_pb_text et_pb_bg_layout_light et_animated et_pb_module et_block_module inner-title\"><div class=\"et_pb_text_inner\"><h1>Camiam\u0131z\u0131<br \/>Desteklemek<\/h1>\n<\/div><\/div><\/div><\/div><div class=\"et_pb_row_inner_1 et_pb_row_inner et_block_row\"><div class=\"et_pb_column_inner_1 et_pb_column_inner et_pb_column et_pb_column_3_8 et_block_column et_pb_css_mix_blend_mode_passthrough\"><div class=\"et_pb_text_3 et_pb_text et_pb_bg_layout_light et_pb_module et_block_module\"><div class=\"et_pb_text_inner\"><p>\u015eirketimizin bulundu\u011fu yerlerde camiam\u0131z\u0131n gururlu bir destek\u00e7isi olarak L&amp;L Vak\u0131flar\u0131, uzun y\u0131llard\u0131r ba\u011f\u0131\u015f ve burs \u015feklinde e\u011fitim i\u00e7in mali destek sa\u011flamaktad\u0131r.<\/p>\n<p>Her \u015fey 1987'de L&amp;L E\u011fitim Vakf\u0131 ile ba\u015flad\u0131. L&amp;L Products\u2019\u0131n Kurucular\u0131 Robert M. Ligon ve W. Eugene Lane, L&amp;L Aile \u00dcyelerine yeti\u015fkin e\u011fitiminin maliyeti konusunda yard\u0131mc\u0131 olmak i\u00e7in bir hay\u0131r kurumu olu\u015fturdu.<\/p>\n<p>2018 y\u0131l\u0131nda L&amp;L Products Vakf\u0131, ABD d\u0131\u015f\u0131nda bulunan L&amp;L Aile \u00dcyelerini desteklemek i\u00e7in Bay Ligon ve Bay Lane'in \u00e7ocuk ve torunlar\u0131 taraf\u0131ndan kurulmu\u015ftur.<\/p>\n<\/div><\/div><\/div><div class=\"et_pb_column_inner_2 et_pb_column_inner et_pb_column et_pb_column_3_8 et-last-child et_block_column et_pb_css_mix_blend_mode_passthrough\"><div class=\"et_pb_image_1 et_pb_image et_pb_module et_block_module\"><span class=\"et_pb_image_wrap\"><img loading=\"lazy\" decoding=\"async\" src=\"https:\/\/www.llproducts.com\/tr-tr\/wp-content\/uploads\/sites\/19\/2024\/09\/picture__5.jpg\" width=\"1513\" height=\"1910\" srcset=\"https:\/\/www.llproducts.com\/tr-tr\/wp-content\/uploads\/sites\/19\/2024\/09\/picture__5.jpg 1513w, https:\/\/www.llproducts.com\/tr-tr\/wp-content\/uploads\/sites\/19\/2024\/09\/picture__5-1280x1616.jpg 1280w, https:\/\/www.llproducts.com\/tr-tr\/wp-content\/uploads\/sites\/19\/2024\/09\/picture__5-980x1237.jpg 980w, https:\/\/www.llproducts.com\/tr-tr\/wp-content\/uploads\/sites\/19\/2024\/09\/picture__5-480x606.jpg 480w\" sizes=\"(min-width: 0px) and (max-width: 480px) 480px, (min-width: 481px) and (max-width: 980px) 980px, (min-width: 981px) and (max-width: 1280px) 1280px, (min-width: 1281px) 1513px, 100vw\" class=\"wp-image-943\" title=\"A young girl smiling\" alt=\"A collage of images with kids smiling\" \/><\/span><\/div><\/div><\/div><div class=\"et_pb_row_inner_2 et_pb_row_inner et_block_row\" id=\"apply\"><div class=\"et_pb_column_inner_3 et_pb_column_inner et_pb_column et_pb_column_4_4 et-last-child et_block_column et_pb_css_mix_blend_mode_passthrough\"><div class=\"et_pb_text_4 et_pb_text et_pb_bg_layout_dark et_animated et_pb_module et_block_module et_pb_text_align_center\"><div class=\"et_pb_text_inner\"><h2 class=\"no-dot\">Neredesin?<\/h2>\n<\/div><\/div><div class=\"et_pb_module et_pb_button_module_wrapper et_pb_button_1_wrapper\"><a class=\"et_pb_button_1 et_pb_button et_pb_bg_layout_light et_pb_module et_block_module wht-btn\" href=\"\/tr-tr\/sirket\/vakiflari\/ll-educational-foundation\/\">North America<\/a><\/div><div class=\"et_pb_module et_pb_button_module_wrapper et_pb_button_2_wrapper\"><a class=\"et_pb_button_2 et_pb_button et_pb_bg_layout_light et_pb_module et_block_module wht-btn\" href=\"\/tr-tr\/sirket\/vakiflari\/ll-products-foundation\/\">International<\/a><\/div><\/div><\/div><div class=\"et_pb_row_inner_3 et_pb_row_inner et_block_row\"><div class=\"et_pb_column_inner_4 et_pb_column_inner et_pb_column et_pb_column_3_8 et_block_column et_pb_css_mix_blend_mode_passthrough\"><div class=\"et_pb_image_2 et_pb_image et_pb_module et_block_module\"><span class=\"et_pb_image_wrap\"><img loading=\"lazy\" decoding=\"async\" src=\"https:\/\/www.llproducts.com\/tr-tr\/wp-content\/uploads\/sites\/19\/2024\/09\/picture__2.jpg\" width=\"691\" height=\"605\" srcset=\"https:\/\/www.llproducts.com\/tr-tr\/wp-content\/uploads\/sites\/19\/2024\/09\/picture__2.jpg 691w, https:\/\/www.llproducts.com\/tr-tr\/wp-content\/uploads\/sites\/19\/2024\/09\/picture__2-480x420.jpg 480w\" sizes=\"(min-width: 0px) and (max-width: 480px) 480px, (min-width: 481px) 691px, 100vw\" class=\"wp-image-942\" title=\"A young girl smiling\" alt=\"A young girl smiling\" \/><\/span><\/div><\/div><div class=\"et_pb_column_inner_5 et_pb_column_inner et_pb_column et_pb_column_3_8 et-last-child et_block_column et_pb_css_mix_blend_mode_passthrough\"><div class=\"et_pb_text_5 et_pb_text et_pb_bg_layout_light et_pb_module et_block_module\"><div class=\"et_pb_text_inner\"><div>\n<div class=\"illustration-item__text in-view\">\n<p>Vak\u0131flar\u0131n amac\u0131, her y\u0131l olabildi\u011fince \u00e7ok say\u0131da de\u011ferli ba\u015fvuru sahibine e\u011fitim bursu sa\u011flamakt\u0131r. Program, bir kariyere haz\u0131rlanmak veya geli\u015ftirmek i\u00e7in bir kolej, \u00fcniversite, ticaret okulu, teknik kolej, meslek okulu veya benzeri e\u011fitim kurumuna kat\u0131l\u0131m maliyetini desteklemeye yard\u0131mc\u0131 olur.\u00a0<\/p>\n<p>Vak\u0131flar m\u00fcmk\u00fcn olan her yerde, bir ba\u011f\u0131\u015f program\u0131 arac\u0131l\u0131\u011f\u0131yla yerel okullarda STEM (Bilim, Teknoloji, M\u00fchendislik, Matematik) programlar\u0131n\u0131 ve di\u011fer e\u011fitim ara\u00e7lar\u0131n\u0131 desteklemeye de \u00e7al\u0131\u015fmaktad\u0131r.\u00a0<\/p>\n<p><a href=\"https:\/\/thecountypress.mihomepaper.com\/articles\/imlay-city-middle-school-receives-grant-for-makerspace\/\" target=\"_blank\" rel=\"noopener noreferrer\">L&amp;L Products E\u011fitim Vakf\u0131<\/a> hibesinin bir al\u0131c\u0131s\u0131 ve \u00e7abalar\u0131n yerel \u00f6\u011frencilerin ele\u015ftirel d\u00fc\u015f\u00fcnme becerilerini geli\u015ftirmelerine, yarat\u0131c\u0131l\u0131klar\u0131n\u0131 ifade etmelerine ve kat\u0131l\u0131mlar\u0131n\u0131 art\u0131rmalar\u0131na nas\u0131l yard\u0131mc\u0131 oldu\u011fu hakk\u0131nda daha fazla bilgi edinin.<\/p>\n<\/div>\n<\/div>\n<\/div><\/div><\/div><\/div><\/div><\/div><\/div>\n","protected":false},"excerpt":{"rendered":"","protected":false},"author":4,"featured_media":11605,"parent":451,"menu_order":0,"comment_status":"closed","ping_status":"closed","template":"","meta":{"_acf_changed":false,"inline_featured_image":false,"footnotes":""},"class_list":["post-846","page","type-page","status-publish","has-post-thumbnail","hentry"],"acf":[],"dsm_author":{"name":"lafata","avatar_url":"https:\/\/secure.gravatar.com\/avatar\/66f6e75e3378137d9b1a20f7ad6c54aa6acecd8466704fadf5641de9af89b844?s=96&d=mm&r=g","archive_link":"https:\/\/www.llproducts.com\/tr-tr\/news-events\/author\/lafata\/","biodata":""},"dsm_categories":[],"dsm_attachment_categories":[],"dsm_featured_image":{"thumbnail":"https:\/\/www.llproducts.com\/tr-tr\/wp-content\/uploads\/sites\/19\/2024\/11\/Foundations-Header-Image-3-150x150.jpg","medium":"https:\/\/www.llproducts.com\/tr-tr\/wp-content\/uploads\/sites\/19\/2024\/11\/Foundations-Header-Image-3-300x169.jpg","medium_large":"https:\/\/www.llproducts.com\/tr-tr\/wp-content\/uploads\/sites\/19\/2024\/11\/Foundations-Header-Image-3-768x432.jpg","large":"https:\/\/www.llproducts.com\/tr-tr\/wp-content\/uploads\/sites\/19\/2024\/11\/Foundations-Header-Image-3-1024x576.jpg","1536x1536":"https:\/\/www.llproducts.com\/tr-tr\/wp-content\/uploads\/sites\/19\/2024\/11\/Foundations-Header-Image-3-1536x864.jpg","2048x2048":"https:\/\/www.llproducts.com\/tr-tr\/wp-content\/uploads\/sites\/19\/2024\/11\/Foundations-Header-Image-3.jpg","et-pb-post-main-image":"https:\/\/www.llproducts.com\/tr-tr\/wp-content\/uploads\/sites\/19\/2024\/11\/Foundations-Header-Image-3-400x250.jpg","et-pb-post-main-image-fullwidth":"https:\/\/www.llproducts.com\/tr-tr\/wp-content\/uploads\/sites\/19\/2024\/11\/Foundations-Header-Image-3-1080x675.jpg","et-pb-portfolio-image":"https:\/\/www.llproducts.com\/tr-tr\/wp-content\/uploads\/sites\/19\/2024\/11\/Foundations-Header-Image-3-400x284.jpg","et-pb-portfolio-module-image":"https:\/\/www.llproducts.com\/tr-tr\/wp-content\/uploads\/sites\/19\/2024\/11\/Foundations-Header-Image-3-510x382.jpg","et-pb-portfolio-image-single":"https:\/\/www.llproducts.com\/tr-tr\/wp-content\/uploads\/sites\/19\/2024\/11\/Foundations-Header-Image-3-1080x608.jpg","et-pb-gallery-module-image-portrait":"https:\/\/www.llproducts.com\/tr-tr\/wp-content\/uploads\/sites\/19\/2024\/11\/Foundations-Header-Image-3-400x516.jpg","et-pb-post-main-image-fullwidth-large":"https:\/\/www.llproducts.com\/tr-tr\/wp-content\/uploads\/sites\/19\/2024\/11\/Foundations-Header-Image-3.jpg","et-pb-image--responsive--desktop":"https:\/\/www.llproducts.com\/tr-tr\/wp-content\/uploads\/sites\/19\/2024\/11\/Foundations-Header-Image-3-1280x720.jpg","et-pb-image--responsive--tablet":"https:\/\/www.llproducts.com\/tr-tr\/wp-content\/uploads\/sites\/19\/2024\/11\/Foundations-Header-Image-3-980x551.jpg","et-pb-image--responsive--phone":"https:\/\/www.llproducts.com\/tr-tr\/wp-content\/uploads\/sites\/19\/2024\/11\/Foundations-Header-Image-3-480x270.jpg","gform-image-choice-sm":"https:\/\/www.llproducts.com\/tr-tr\/wp-content\/uploads\/sites\/19\/2024\/11\/Foundations-Header-Image-3.jpg","gform-image-choice-md":"https:\/\/www.llproducts.com\/tr-tr\/wp-content\/uploads\/sites\/19\/2024\/11\/Foundations-Header-Image-3.jpg","gform-image-choice-lg":"https:\/\/www.llproducts.com\/tr-tr\/wp-content\/uploads\/sites\/19\/2024\/11\/Foundations-Header-Image-3.jpg","full":"https:\/\/www.llproducts.com\/tr-tr\/wp-content\/uploads\/sites\/19\/2024\/11\/Foundations-Header-Image-3.jpg"},"yoast_head":"<!-- This site is optimized with the Yoast SEO Premium plugin v27.5 (Yoast SEO v27.6) - https:\/\/yoast.com\/product\/yoast-seo-premium-wordpress\/ -->\n<title>Vak\u0131flar\u0131 - L&amp;L Products - Uygulama tekni\u011fi &amp; Malzeme bilimi<\/title>\n<meta name=\"robots\" content=\"index, follow, max-snippet:-1, max-image-preview:large, max-video-preview:-1\" \/>\n<link rel=\"canonical\" href=\"https:\/\/www.llproducts.com\/tr-tr\/sirket\/vakiflari\/\" \/>\n<meta property=\"og:locale\" content=\"tr_TR\" \/>\n<meta property=\"og:type\" content=\"article\" \/>\n<meta property=\"og:title\" content=\"Vak\u0131flar\u0131\" \/>\n<meta property=\"og:url\" content=\"https:\/\/www.llproducts.com\/tr-tr\/sirket\/vakiflari\/\" \/>\n<meta property=\"og:site_name\" content=\"L&amp;L Products - Uygulama tekni\u011fi &amp; Malzeme bilimi\" \/>\n<meta property=\"article:modified_time\" content=\"2026-04-16T18:11:40+00:00\" \/>\n<meta property=\"og:image\" content=\"https:\/\/www.llproducts.com\/tr-tr\/wp-content\/uploads\/sites\/19\/2024\/11\/Foundations-Header-Image-3.jpg\" \/>\n\t<meta property=\"og:image:width\" content=\"1920\" \/>\n\t<meta property=\"og:image:height\" content=\"1080\" \/>\n\t<meta property=\"og:image:type\" content=\"image\/jpeg\" \/>\n<meta name=\"twitter:card\" content=\"summary_large_image\" \/>\n<meta name=\"twitter:label1\" content=\"Est. reading time\" \/>\n\t<meta name=\"twitter:data1\" content=\"2 dakika\" \/>\n<script type=\"application\/ld+json\" class=\"yoast-schema-graph\">{\"@context\":\"https:\\\/\\\/schema.org\",\"@graph\":[{\"@type\":\"WebPage\",\"@id\":\"https:\\\/\\\/www.llproducts.com\\\/tr-tr\\\/sirket\\\/vakiflari\\\/\",\"url\":\"https:\\\/\\\/www.llproducts.com\\\/tr-tr\\\/sirket\\\/vakiflari\\\/\",\"name\":\"Vak\u0131flar\u0131 - L&amp;L Products - Uygulama tekni\u011fi &amp; Malzeme bilimi\",\"isPartOf\":{\"@id\":\"https:\\\/\\\/www.llproducts.com\\\/tr-tr\\\/#website\"},\"primaryImageOfPage\":{\"@id\":\"https:\\\/\\\/www.llproducts.com\\\/tr-tr\\\/sirket\\\/vakiflari\\\/#primaryimage\"},\"image\":{\"@id\":\"https:\\\/\\\/www.llproducts.com\\\/tr-tr\\\/sirket\\\/vakiflari\\\/#primaryimage\"},\"thumbnailUrl\":\"https:\\\/\\\/www.llproducts.com\\\/tr-tr\\\/wp-content\\\/uploads\\\/sites\\\/19\\\/2024\\\/11\\\/Foundations-Header-Image-3.jpg\",\"datePublished\":\"2024-09-26T20:18:54+00:00\",\"dateModified\":\"2026-04-16T18:11:40+00:00\",\"breadcrumb\":{\"@id\":\"https:\\\/\\\/www.llproducts.com\\\/tr-tr\\\/sirket\\\/vakiflari\\\/#breadcrumb\"},\"inLanguage\":\"tr\",\"potentialAction\":[{\"@type\":\"ReadAction\",\"target\":[\"https:\\\/\\\/www.llproducts.com\\\/tr-tr\\\/sirket\\\/vakiflari\\\/\"]}]},{\"@type\":\"ImageObject\",\"inLanguage\":\"tr\",\"@id\":\"https:\\\/\\\/www.llproducts.com\\\/tr-tr\\\/sirket\\\/vakiflari\\\/#primaryimage\",\"url\":\"https:\\\/\\\/www.llproducts.com\\\/tr-tr\\\/wp-content\\\/uploads\\\/sites\\\/19\\\/2024\\\/11\\\/Foundations-Header-Image-3.jpg\",\"contentUrl\":\"https:\\\/\\\/www.llproducts.com\\\/tr-tr\\\/wp-content\\\/uploads\\\/sites\\\/19\\\/2024\\\/11\\\/Foundations-Header-Image-3.jpg\",\"width\":1920,\"height\":1080,\"caption\":\"A woman holding a microphone is speaking to a group of people\"},{\"@type\":\"BreadcrumbList\",\"@id\":\"https:\\\/\\\/www.llproducts.com\\\/tr-tr\\\/sirket\\\/vakiflari\\\/#breadcrumb\",\"itemListElement\":[{\"@type\":\"ListItem\",\"position\":1,\"name\":\"Home\",\"item\":\"https:\\\/\\\/www.llproducts.com\\\/tr-tr\\\/\"},{\"@type\":\"ListItem\",\"position\":2,\"name\":\"\u015eirket\",\"item\":\"https:\\\/\\\/www.llproducts.com\\\/tr-tr\\\/sirket\\\/\"},{\"@type\":\"ListItem\",\"position\":3,\"name\":\"Vak\u0131flar\u0131\"}]},{\"@type\":\"WebSite\",\"@id\":\"https:\\\/\\\/www.llproducts.com\\\/tr-tr\\\/#website\",\"url\":\"https:\\\/\\\/www.llproducts.com\\\/tr-tr\\\/\",\"name\":\"L&amp;L Products - Uygulama tekni\u011fi &amp; Malzeme bilimi\",\"description\":\"\",\"potentialAction\":[{\"@type\":\"SearchAction\",\"target\":{\"@type\":\"EntryPoint\",\"urlTemplate\":\"https:\\\/\\\/www.llproducts.com\\\/tr-tr\\\/?s={search_term_string}\"},\"query-input\":{\"@type\":\"PropertyValueSpecification\",\"valueRequired\":true,\"valueName\":\"search_term_string\"}}],\"inLanguage\":\"tr\"}]}<\/script>\n<!-- \/ Yoast SEO Premium plugin. -->","yoast_head_json":{"title":"Vak\u0131flar\u0131 - L&amp;L Products - Uygulama tekni\u011fi &amp; Malzeme bilimi","robots":{"index":"index","follow":"follow","max-snippet":"max-snippet:-1","max-image-preview":"max-image-preview:large","max-video-preview":"max-video-preview:-1"},"canonical":"https:\/\/www.llproducts.com\/tr-tr\/sirket\/vakiflari\/","og_locale":"tr_TR","og_type":"article","og_title":"Vak\u0131flar\u0131","og_url":"https:\/\/www.llproducts.com\/tr-tr\/sirket\/vakiflari\/","og_site_name":"L&amp;L Products - Uygulama tekni\u011fi &amp; Malzeme bilimi","article_modified_time":"2026-04-16T18:11:40+00:00","og_image":[{"width":1920,"height":1080,"url":"https:\/\/www.llproducts.com\/tr-tr\/wp-content\/uploads\/sites\/19\/2024\/11\/Foundations-Header-Image-3.jpg","type":"image\/jpeg"}],"twitter_card":"summary_large_image","twitter_misc":{"Est. reading time":"2 dakika"},"schema":{"@context":"https:\/\/schema.org","@graph":[{"@type":"WebPage","@id":"https:\/\/www.llproducts.com\/tr-tr\/sirket\/vakiflari\/","url":"https:\/\/www.llproducts.com\/tr-tr\/sirket\/vakiflari\/","name":"Vak\u0131flar\u0131 - L&amp;L Products - Uygulama tekni\u011fi &amp; Malzeme bilimi","isPartOf":{"@id":"https:\/\/www.llproducts.com\/tr-tr\/#website"},"primaryImageOfPage":{"@id":"https:\/\/www.llproducts.com\/tr-tr\/sirket\/vakiflari\/#primaryimage"},"image":{"@id":"https:\/\/www.llproducts.com\/tr-tr\/sirket\/vakiflari\/#primaryimage"},"thumbnailUrl":"https:\/\/www.llproducts.com\/tr-tr\/wp-content\/uploads\/sites\/19\/2024\/11\/Foundations-Header-Image-3.jpg","datePublished":"2024-09-26T20:18:54+00:00","dateModified":"2026-04-16T18:11:40+00:00","breadcrumb":{"@id":"https:\/\/www.llproducts.com\/tr-tr\/sirket\/vakiflari\/#breadcrumb"},"inLanguage":"tr","potentialAction":[{"@type":"ReadAction","target":["https:\/\/www.llproducts.com\/tr-tr\/sirket\/vakiflari\/"]}]},{"@type":"ImageObject","inLanguage":"tr","@id":"https:\/\/www.llproducts.com\/tr-tr\/sirket\/vakiflari\/#primaryimage","url":"https:\/\/www.llproducts.com\/tr-tr\/wp-content\/uploads\/sites\/19\/2024\/11\/Foundations-Header-Image-3.jpg","contentUrl":"https:\/\/www.llproducts.com\/tr-tr\/wp-content\/uploads\/sites\/19\/2024\/11\/Foundations-Header-Image-3.jpg","width":1920,"height":1080,"caption":"A woman holding a microphone is speaking to a group of people"},{"@type":"BreadcrumbList","@id":"https:\/\/www.llproducts.com\/tr-tr\/sirket\/vakiflari\/#breadcrumb","itemListElement":[{"@type":"ListItem","position":1,"name":"Home","item":"https:\/\/www.llproducts.com\/tr-tr\/"},{"@type":"ListItem","position":2,"name":"\u015eirket","item":"https:\/\/www.llproducts.com\/tr-tr\/sirket\/"},{"@type":"ListItem","position":3,"name":"Vak\u0131flar\u0131"}]},{"@type":"WebSite","@id":"https:\/\/www.llproducts.com\/tr-tr\/#website","url":"https:\/\/www.llproducts.com\/tr-tr\/","name":"L&amp;L Products - Uygulama tekni\u011fi &amp; Malzeme bilimi","description":"","potentialAction":[{"@type":"SearchAction","target":{"@type":"EntryPoint","urlTemplate":"https:\/\/www.llproducts.com\/tr-tr\/?s={search_term_string}"},"query-input":{"@type":"PropertyValueSpecification","valueRequired":true,"valueName":"search_term_string"}}],"inLanguage":"tr"}]}},"_links":{"self":[{"href":"https:\/\/www.llproducts.com\/tr-tr\/wp-json\/wp\/v2\/pages\/846","targetHints":{"allow":["GET"]}}],"collection":[{"href":"https:\/\/www.llproducts.com\/tr-tr\/wp-json\/wp\/v2\/pages"}],"about":[{"href":"https:\/\/www.llproducts.com\/tr-tr\/wp-json\/wp\/v2\/types\/page"}],"author":[{"embeddable":true,"href":"https:\/\/www.llproducts.com\/tr-tr\/wp-json\/wp\/v2\/users\/4"}],"replies":[{"embeddable":true,"href":"https:\/\/www.llproducts.com\/tr-tr\/wp-json\/wp\/v2\/comments?post=846"}],"version-history":[{"count":0,"href":"https:\/\/www.llproducts.com\/tr-tr\/wp-json\/wp\/v2\/pages\/846\/revisions"}],"up":[{"embeddable":true,"href":"https:\/\/www.llproducts.com\/tr-tr\/wp-json\/wp\/v2\/pages\/451"}],"wp:featuredmedia":[{"embeddable":true,"href":"https:\/\/www.llproducts.com\/tr-tr\/wp-json\/wp\/v2\/media\/11605"}],"wp:attachment":[{"href":"https:\/\/www.llproducts.com\/tr-tr\/wp-json\/wp\/v2\/media?parent=846"}],"curies":[{"name":"wp","href":"https:\/\/api.w.org\/{rel}","templated":true}]}}