{"id":9882,"date":"2024-10-21T14:46:39","date_gmt":"2024-10-21T14:46:39","guid":{"rendered":"https:\/\/llproducts1.wpenginepowered.com\/tr-tr\/?page_id=9882"},"modified":"2025-09-30T17:42:20","modified_gmt":"2025-09-30T17:42:20","slug":"yasal-uyari","status":"publish","type":"page","link":"https:\/\/www.llproducts.com\/tr-tr\/yasal-uyari\/","title":{"rendered":"Yasal Uyar\u0131"},"content":{"rendered":"<p>[et_pb_section fb_built=&#8221;1&#8243; _builder_version=&#8221;4.27.0&#8243; _module_preset=&#8221;default&#8221; custom_padding=&#8221;0px||0px||false|false&#8221; global_colors_info=&#8221;{}&#8221;][et_pb_row _builder_version=&#8221;4.27.0&#8243; _module_preset=&#8221;default&#8221; width=&#8221;90%&#8221; global_colors_info=&#8221;{}&#8221;][et_pb_column type=&#8221;4_4&#8243; _builder_version=&#8221;4.27.0&#8243; _module_preset=&#8221;default&#8221; global_colors_info=&#8221;{}&#8221;][et_pb_sidebar area=&#8221;et_pb_widget_area_2&#8243; show_border=&#8221;off&#8221; module_class=&#8221;breadcrumbs&#8221; _builder_version=&#8221;4.27.0&#8243; _module_preset=&#8221;default&#8221; global_colors_info=&#8221;{}&#8221;][\/et_pb_sidebar][\/et_pb_column][\/et_pb_row][\/et_pb_section][et_pb_section fb_built=&#8221;1&#8243; _builder_version=&#8221;4.27.2&#8243; _module_preset=&#8221;default&#8221; custom_padding=&#8221;0px||||false|false&#8221; global_colors_info=&#8221;{}&#8221;][et_pb_row _builder_version=&#8221;4.27.2&#8243; _module_preset=&#8221;default&#8221; width=&#8221;90%&#8221; global_colors_info=&#8221;{}&#8221;][et_pb_column type=&#8221;4_4&#8243; _builder_version=&#8221;4.27.0&#8243; _module_preset=&#8221;default&#8221; global_colors_info=&#8221;{}&#8221;][et_pb_text module_class=&#8221;inner-title&#8221; _builder_version=&#8221;4.27.3&#8243; _module_preset=&#8221;default&#8221; text_font=&#8221;|700|||||||&#8221; text_text_color=&#8221;#005DAA&#8221; header_2_font_size=&#8221;36px&#8221; header_2_line_height=&#8221;1.2em&#8221; background_color=&#8221;#FFFFFF&#8221; custom_margin=&#8221;||6em||false|false&#8221; animation_style=&#8221;slide&#8221; animation_direction=&#8221;right&#8221; animation_intensity_slide=&#8221;5%&#8221; global_colors_info=&#8221;{}&#8221;]<\/p>\n<h1>Yasal Uyar\u0131<\/h1>\n<p>[\/et_pb_text][et_pb_text _builder_version=&#8221;4.27.3&#8243; _module_preset=&#8221;default&#8221; header_3_text_color=&#8221;#000000&#8243; custom_padding=&#8221;||0px|||&#8221; custom_padding_tablet=&#8221;|0em||0em|false|false&#8221; custom_padding_phone=&#8221;|0em||0em|false|false&#8221; custom_padding_last_edited=&#8221;off|desktop&#8221; animation_style=&#8221;fade&#8221; hover_enabled=&#8221;0&#8243; global_colors_info=&#8221;{}&#8221; sticky_enabled=&#8221;0&#8243;]<\/p>\n<div class=\"content-container content-container--indented\">\n<div class=\"ce default ce-text\" id=\"c5621\">\n<p class=\"in-view\"><strong>D\u00fczenleyicisi:\u00a0\u00a0<\/strong><br \/>L&amp;L Products, Inc.<br \/>160 McLean Drive<br \/>Romeo, MI 48065<br \/>Abd<\/p>\n<p class=\"in-view\"><strong>Telefon:\u00a0<\/strong>+1 586 336 1700<br \/><strong>Faks: <\/strong>+1 586 336 1699<br \/><a href=\"mailto:webmaster@llproducts.com\" rel=\"noreferrer noopener\" target=\"_blank\">webmaster@llproducts.com<\/a><br \/><strong>Ba\u015fkan:<\/strong> John Babi<br \/>Michigan&#8217;da\u00a0kimlik\u00a0numaras\u0131\u00a0ile\u00a0anonim\u00a0\u015firket: 800123505<br \/><strong>Yay\u0131n\u00a0Y\u00f6netmeni:\u00a0<\/strong>Andrea Smith, Global Market Communication Manager<\/p>\n<p class=\"in-view\"><strong>Webhosting:\u00a0<\/strong>Bu web sitesi Basso Marketing Agency taraf\u0131ndan bar\u0131nd\u0131r\u0131lan<\/p>\n<p class=\"in-view\"><strong>Kullan\u0131m\u00a0ko\u015fullar\u0131:<\/strong>\u00a0<strong>\u00a0 \u00a0<\/strong><\/p>\n<p class=\"in-view\">Bu web sitesinde yer alan t\u00fcm bilgilerin, i\u00e7eri\u011fin web sitesine y\u00fcklendi\u011fi tarihte do\u011fru ve g\u00fcncel oldu\u011funa inan\u0131lmaktad\u0131r. \u0130\u00e7erik herhangi bir zamanda haber verilmeden de\u011fi\u015ftirilebilir. Bu web sitesinde bulunan bilgiler &#8220;oldu\u011fu gibi&#8221; sa\u011flan\u0131r ve yasalar\u0131n izin verdi\u011fi \u00f6l\u00e7\u00fcde, herhangi bir garanti olmaks\u0131z\u0131n sa\u011flan\u0131r, a\u00e7\u0131k veya z\u0131mni, ancak herhangi bir z\u0131mni garanti ler de dahil ancak bunlarla s\u0131n\u0131rl\u0131 olmamak \u00fczere herhangi bir tasnif, belirli bir amaca uygunluk veya fikri m\u00fclkiyetihlali olmayan. \u00dcr\u00fcnleri ve \u00e7\u00f6z\u00fcmleri kullan\u0131m ama\u00e7lar\u0131na g\u00f6re ba\u011f\u0131ms\u0131z olarak test etmeniz ve de\u011ferlendirmeniz \u00f6nerilir.<\/p>\n<p class=\"in-view\">Web sayfalar\u0131m\u0131z\u0131n i\u00e7eri\u011fi son derece \u00f6zenle olu\u015fturulmu\u015ftur. Ancak, do\u011frulu\u011fu, b\u00fct\u00fcnl\u00fc\u011f\u00fc veya g\u00fcncelli\u011fini garanti edemeyiz. Bu web sitesinin t\u00fcm i\u00e7eri\u011finin telif hakk\u0131 sakl\u0131d\u0131r. Web sitemizin herhangi bir i\u00e7eri\u011finin her t\u00fcrl\u00fc kullan\u0131m\u0131, \u00e7o\u011falt\u0131lmas\u0131 ve\/veya de\u011fi\u015ftirilmesi \u00f6nceden onay\u0131m\u0131z\u0131 gerektirir. Ancak, ki\u015fisel kullan\u0131m\u0131n\u0131z i\u00e7in bu web sitesinin herhangi bir web sayfas\u0131n\u0131 y\u00fckleyebilir veya yazd\u0131rabilirsiniz.<\/p>\n<p class=\"in-view\">T\u00fcm\u00a0\u00fcr\u00fcn\u00a0adlar\u0131\u00a0L&amp;L\u00a0\u00dcr\u00fcnlerinin\u00a0veya\u00a0ba\u011fl\u0131\u00a0kurulu\u015flar\u0131n\u0131n\u00a0ticari\u00a0markalar\u0131d\u0131r. Aksi\u00a0belirtilmedik\u00e7e,\u00a0bu\u00a0ticari\u00a0markalar\u0131n\u00a0veya\u00a0bu\u00a0web\u00a0sitesinin\u00a0di\u011fer\u00a0i\u00e7eriklerinin\u00a0kullan\u0131m\u0131\u00a0veya\u00a0k\u00f6t\u00fcye\u00a0kullan\u0131m\u0131\u00a0fikri\u00a0m\u00fclkiyet\u00a0haklar\u0131m\u0131z\u0131\u00a0ihlal\u00a0edebilir.<\/p>\n<p class=\"in-view\">Bu web sitesi, \u00fc\u00e7\u00fcnc\u00fc taraflar\u0131n web sayfalar\u0131na harici ba\u011flant\u0131lar i\u00e7erebilir. Bu web siteleri L&amp;L Products, Inc.&#8217;in kontrol\u00fc alt\u0131nda de\u011fildir ve i\u00e7erikleriyle ilgili her t\u00fcrl\u00fc sorumluluktan feragat ediyoruz. Harici web sitelerine yap\u0131lan ba\u011flant\u0131lar, L&amp;L Products, Inc. taraf\u0131ndan bu t\u00fcr web sitelerinin onayland\u0131\u011f\u0131 anlam\u0131na gelmez. \u00dc\u00e7\u00fcnc\u00fc \u015fah\u0131slar, \u00f6nceden yaz\u0131l\u0131 onay\u0131m\u0131z\u0131 almad\u0131klar\u0131 s\u00fcrece web sitemizle herhangi bir ba\u011flant\u0131 olu\u015fturma yetkisine sahip de\u011fildir.<\/p>\n<p class=\"in-view\">Bu web sitesi Michigan, ABD yasalar\u0131na tabidir. Bununla veya i\u00e7eri\u011fiyle ilgili her t\u00fcrl\u00fc dava Macomb County, Michigan, ABD mahkemelerine getirilecektir.<\/p>\n<p class=\"in-view\"><strong>Ticari Marka Bildirimi<\/strong><\/p>\n<p class=\"in-view\"><span>A\u015fa\u011f\u0131daki ticari markalar L&amp;L Products&#8217;\u0131n m\u00fclkiyetindedir: Assert\u2122, Composite Body Solutions\u00ae, CBS\u2122, Continuous Composite Solutions\u00ae, CCS\u2122, L&amp;L CCS\u00ae, CCubed\u00ae, DECI-TEX\u00ae, Engineered Fiber Solutions\u2122, EFS\u2122, InsituCore\u00ae, L&amp;L Products\u00ae, PHASTER\u00ae, T-Link\u00ae, TRI-Seal\u00ae, eXtrude-In-Place\u2122, XIP\u00ae. T\u00fcm haklar\u0131 sakl\u0131d\u0131r. Di\u011fer t\u00fcm markalar ilgili sahiplerinin m\u00fclkiyetindedir.<\/span><\/p>\n<\/div>\n<\/div>\n<p>[\/et_pb_text][et_pb_text _builder_version=&#8221;4.27.3&#8243; _module_preset=&#8221;default&#8221; header_3_text_color=&#8221;#000000&#8243; custom_padding=&#8221;50px||||false|false&#8221; custom_padding_tablet=&#8221;|0em||0em|false|false&#8221; custom_padding_phone=&#8221;|0em||0em|false|false&#8221; custom_padding_last_edited=&#8221;off|desktop&#8221; animation_style=&#8221;fade&#8221; global_colors_info=&#8221;{}&#8221;]<\/p>\n<div class=\"content-container content-container--indented\">\n<div class=\"ce default ce-text\" id=\"c5621\">\n<p class=\"in-view\"><strong>Concept, Design &amp; Development <\/strong><\/p>\n<p><a href=\"https:\/\/www.bassomarketingagency.com\/\">Basso Marketing Agency<\/a><\/p>\n<p>251 Diversion Street<\/p>\n<p>Suite 202<\/p>\n<p>Rochester, MI 48307<\/p>\n<\/div>\n<\/div>\n<p>[\/et_pb_text][\/et_pb_column][\/et_pb_row][\/et_pb_section]<\/p>\n","protected":false},"excerpt":{"rendered":"<p>Yasal Uyar\u0131 D\u00fczenleyicisi:\u00a0\u00a0L&amp;L Products, Inc.160 McLean DriveRomeo, MI 48065Abd Telefon:\u00a0+1 586 336 1700Faks: +1 586 336 1699webmaster@llproducts.comBa\u015fkan: John BabiMichigan&#8217;da\u00a0kimlik\u00a0numaras\u0131\u00a0ile\u00a0anonim\u00a0\u015firket: 800123505Yay\u0131n\u00a0Y\u00f6netmeni:\u00a0Andrea Smith, Global Market Communication Manager Webhosting:\u00a0Bu web sitesi Basso Marketing Agency taraf\u0131ndan bar\u0131nd\u0131r\u0131lan Kullan\u0131m\u00a0ko\u015fullar\u0131:\u00a0\u00a0 \u00a0 Bu web sitesinde yer alan t\u00fcm bilgilerin, i\u00e7eri\u011fin web sitesine y\u00fcklendi\u011fi tarihte do\u011fru ve g\u00fcncel oldu\u011funa inan\u0131lmaktad\u0131r. \u0130\u00e7erik herhangi bir zamanda haber verilmeden de\u011fi\u015ftirilebilir. Bu web sitesinde bulunan bilgiler &#8220;oldu\u011fu gibi&#8221; sa\u011flan\u0131r ve yasalar\u0131n izin verdi\u011fi \u00f6l\u00e7\u00fcde, herhangi bir garanti olmaks\u0131z\u0131n sa\u011flan\u0131r, a\u00e7\u0131k veya z\u0131mni, ancak herhangi bir z\u0131mni garanti ler de dahil ancak bunlarla s\u0131n\u0131rl\u0131 olmamak \u00fczere herhangi bir tasnif, belirli bir amaca uygunluk veya fikri m\u00fclkiyetihlali olmayan. \u00dcr\u00fcnleri ve \u00e7\u00f6z\u00fcmleri kullan\u0131m ama\u00e7lar\u0131na g\u00f6re ba\u011f\u0131ms\u0131z olarak test etmeniz ve de\u011ferlendirmeniz \u00f6nerilir. Web sayfalar\u0131m\u0131z\u0131n i\u00e7eri\u011fi son derece \u00f6zenle olu\u015fturulmu\u015ftur. Ancak, do\u011frulu\u011fu, b\u00fct\u00fcnl\u00fc\u011f\u00fc veya g\u00fcncelli\u011fini garanti edemeyiz. Bu web sitesinin t\u00fcm i\u00e7eri\u011finin telif hakk\u0131 sakl\u0131d\u0131r. Web sitemizin herhangi bir i\u00e7eri\u011finin her t\u00fcrl\u00fc kullan\u0131m\u0131, \u00e7o\u011falt\u0131lmas\u0131 ve\/veya de\u011fi\u015ftirilmesi \u00f6nceden onay\u0131m\u0131z\u0131 gerektirir. Ancak, ki\u015fisel kullan\u0131m\u0131n\u0131z i\u00e7in bu web sitesinin herhangi bir web sayfas\u0131n\u0131 y\u00fckleyebilir veya yazd\u0131rabilirsiniz. T\u00fcm\u00a0\u00fcr\u00fcn\u00a0adlar\u0131\u00a0L&amp;L\u00a0\u00dcr\u00fcnlerinin\u00a0veya\u00a0ba\u011fl\u0131\u00a0kurulu\u015flar\u0131n\u0131n\u00a0ticari\u00a0markalar\u0131d\u0131r. Aksi\u00a0belirtilmedik\u00e7e,\u00a0bu\u00a0ticari\u00a0markalar\u0131n\u00a0veya\u00a0bu\u00a0web\u00a0sitesinin\u00a0di\u011fer\u00a0i\u00e7eriklerinin\u00a0kullan\u0131m\u0131\u00a0veya\u00a0k\u00f6t\u00fcye\u00a0kullan\u0131m\u0131\u00a0fikri\u00a0m\u00fclkiyet\u00a0haklar\u0131m\u0131z\u0131\u00a0ihlal\u00a0edebilir. Bu web sitesi, \u00fc\u00e7\u00fcnc\u00fc taraflar\u0131n web sayfalar\u0131na harici ba\u011flant\u0131lar i\u00e7erebilir. Bu web siteleri L&amp;L Products, Inc.&#8217;in kontrol\u00fc alt\u0131nda de\u011fildir ve i\u00e7erikleriyle ilgili her t\u00fcrl\u00fc sorumluluktan feragat ediyoruz. Harici web sitelerine yap\u0131lan [&hellip;]<\/p>\n","protected":false},"author":1,"featured_media":0,"parent":0,"menu_order":0,"comment_status":"closed","ping_status":"closed","template":"","meta":{"_acf_changed":false,"_et_pb_use_builder":"on","_et_pb_old_content":"","_et_gb_content_width":"","inline_featured_image":false,"footnotes":""},"class_list":["post-9882","page","type-page","status-publish","hentry"],"acf":[],"yoast_head":"<!-- This site is optimized with the Yoast SEO Premium plugin v27.4 (Yoast SEO v27.4) - https:\/\/yoast.com\/product\/yoast-seo-premium-wordpress\/ -->\n<title>Yasal Uyar\u0131 - L&amp;L Products - Uygulama tekni\u011fi &amp; Malzeme bilimi<\/title>\n<meta name=\"robots\" content=\"index, follow, max-snippet:-1, max-image-preview:large, max-video-preview:-1\" \/>\n<link rel=\"canonical\" href=\"https:\/\/www.llproducts.com\/tr-tr\/yasal-uyari\/\" \/>\n<meta property=\"og:locale\" content=\"tr_TR\" \/>\n<meta property=\"og:type\" content=\"article\" \/>\n<meta property=\"og:title\" content=\"Yasal Uyar\u0131\" \/>\n<meta property=\"og:description\" content=\"Yasal Uyar\u0131 D\u00fczenleyicisi:\u00a0\u00a0L&amp;L Products, Inc.160 McLean DriveRomeo, MI 48065Abd Telefon:\u00a0+1 586 336 1700Faks: +1 586 336 1699webmaster@llproducts.comBa\u015fkan: John BabiMichigan&#039;da\u00a0kimlik\u00a0numaras\u0131\u00a0ile\u00a0anonim\u00a0\u015firket: 800123505Yay\u0131n\u00a0Y\u00f6netmeni:\u00a0Andrea Smith, Global Market Communication Manager Webhosting:\u00a0Bu web sitesi Basso Marketing Agency taraf\u0131ndan bar\u0131nd\u0131r\u0131lan Kullan\u0131m\u00a0ko\u015fullar\u0131:\u00a0\u00a0 \u00a0 Bu web sitesinde yer alan t\u00fcm bilgilerin, i\u00e7eri\u011fin web sitesine y\u00fcklendi\u011fi tarihte do\u011fru ve g\u00fcncel oldu\u011funa inan\u0131lmaktad\u0131r. \u0130\u00e7erik herhangi bir zamanda haber verilmeden de\u011fi\u015ftirilebilir. Bu web sitesinde bulunan bilgiler &quot;oldu\u011fu gibi&quot; sa\u011flan\u0131r ve yasalar\u0131n izin verdi\u011fi \u00f6l\u00e7\u00fcde, herhangi bir garanti olmaks\u0131z\u0131n sa\u011flan\u0131r, a\u00e7\u0131k veya z\u0131mni, ancak herhangi bir z\u0131mni garanti ler de dahil ancak bunlarla s\u0131n\u0131rl\u0131 olmamak \u00fczere herhangi bir tasnif, belirli bir amaca uygunluk veya fikri m\u00fclkiyetihlali olmayan. \u00dcr\u00fcnleri ve \u00e7\u00f6z\u00fcmleri kullan\u0131m ama\u00e7lar\u0131na g\u00f6re ba\u011f\u0131ms\u0131z olarak test etmeniz ve de\u011ferlendirmeniz \u00f6nerilir. Web sayfalar\u0131m\u0131z\u0131n i\u00e7eri\u011fi son derece \u00f6zenle olu\u015fturulmu\u015ftur. Ancak, do\u011frulu\u011fu, b\u00fct\u00fcnl\u00fc\u011f\u00fc veya g\u00fcncelli\u011fini garanti edemeyiz. Bu web sitesinin t\u00fcm i\u00e7eri\u011finin telif hakk\u0131 sakl\u0131d\u0131r. Web sitemizin herhangi bir i\u00e7eri\u011finin her t\u00fcrl\u00fc kullan\u0131m\u0131, \u00e7o\u011falt\u0131lmas\u0131 ve\/veya de\u011fi\u015ftirilmesi \u00f6nceden onay\u0131m\u0131z\u0131 gerektirir. Ancak, ki\u015fisel kullan\u0131m\u0131n\u0131z i\u00e7in bu web sitesinin herhangi bir web sayfas\u0131n\u0131 y\u00fckleyebilir veya yazd\u0131rabilirsiniz. T\u00fcm\u00a0\u00fcr\u00fcn\u00a0adlar\u0131\u00a0L&amp;L\u00a0\u00dcr\u00fcnlerinin\u00a0veya\u00a0ba\u011fl\u0131\u00a0kurulu\u015flar\u0131n\u0131n\u00a0ticari\u00a0markalar\u0131d\u0131r. Aksi\u00a0belirtilmedik\u00e7e,\u00a0bu\u00a0ticari\u00a0markalar\u0131n\u00a0veya\u00a0bu\u00a0web\u00a0sitesinin\u00a0di\u011fer\u00a0i\u00e7eriklerinin\u00a0kullan\u0131m\u0131\u00a0veya\u00a0k\u00f6t\u00fcye\u00a0kullan\u0131m\u0131\u00a0fikri\u00a0m\u00fclkiyet\u00a0haklar\u0131m\u0131z\u0131\u00a0ihlal\u00a0edebilir. Bu web sitesi, \u00fc\u00e7\u00fcnc\u00fc taraflar\u0131n web sayfalar\u0131na harici ba\u011flant\u0131lar i\u00e7erebilir. Bu web siteleri L&amp;L Products, Inc.&#039;in kontrol\u00fc alt\u0131nda de\u011fildir ve i\u00e7erikleriyle ilgili her t\u00fcrl\u00fc sorumluluktan feragat ediyoruz. Harici web sitelerine yap\u0131lan [&hellip;]\" \/>\n<meta property=\"og:url\" content=\"https:\/\/www.llproducts.com\/tr-tr\/yasal-uyari\/\" \/>\n<meta property=\"og:site_name\" content=\"L&amp;L Products - Uygulama tekni\u011fi &amp; Malzeme bilimi\" \/>\n<meta property=\"article:modified_time\" content=\"2025-09-30T17:42:20+00:00\" \/>\n<meta name=\"twitter:card\" content=\"summary_large_image\" \/>\n<meta name=\"twitter:label1\" content=\"Est. reading time\" \/>\n\t<meta name=\"twitter:data1\" content=\"2 dakika\" \/>\n<script type=\"application\/ld+json\" class=\"yoast-schema-graph\">{\"@context\":\"https:\\\/\\\/schema.org\",\"@graph\":[{\"@type\":\"WebPage\",\"@id\":\"https:\\\/\\\/www.llproducts.com\\\/tr-tr\\\/yasal-uyari\\\/\",\"url\":\"https:\\\/\\\/www.llproducts.com\\\/tr-tr\\\/yasal-uyari\\\/\",\"name\":\"Yasal Uyar\u0131 - L&amp;L Products - Uygulama tekni\u011fi &amp; Malzeme bilimi\",\"isPartOf\":{\"@id\":\"https:\\\/\\\/www.llproducts.com\\\/tr-tr\\\/#website\"},\"datePublished\":\"2024-10-21T14:46:39+00:00\",\"dateModified\":\"2025-09-30T17:42:20+00:00\",\"breadcrumb\":{\"@id\":\"https:\\\/\\\/www.llproducts.com\\\/tr-tr\\\/yasal-uyari\\\/#breadcrumb\"},\"inLanguage\":\"tr\",\"potentialAction\":[{\"@type\":\"ReadAction\",\"target\":[\"https:\\\/\\\/www.llproducts.com\\\/tr-tr\\\/yasal-uyari\\\/\"]}]},{\"@type\":\"BreadcrumbList\",\"@id\":\"https:\\\/\\\/www.llproducts.com\\\/tr-tr\\\/yasal-uyari\\\/#breadcrumb\",\"itemListElement\":[{\"@type\":\"ListItem\",\"position\":1,\"name\":\"Home\",\"item\":\"https:\\\/\\\/www.llproducts.com\\\/tr-tr\\\/\"},{\"@type\":\"ListItem\",\"position\":2,\"name\":\"Yasal Uyar\u0131\"}]},{\"@type\":\"WebSite\",\"@id\":\"https:\\\/\\\/www.llproducts.com\\\/tr-tr\\\/#website\",\"url\":\"https:\\\/\\\/www.llproducts.com\\\/tr-tr\\\/\",\"name\":\"L&amp;L Products - Uygulama tekni\u011fi &amp; Malzeme bilimi\",\"description\":\"\",\"potentialAction\":[{\"@type\":\"SearchAction\",\"target\":{\"@type\":\"EntryPoint\",\"urlTemplate\":\"https:\\\/\\\/www.llproducts.com\\\/tr-tr\\\/?s={search_term_string}\"},\"query-input\":{\"@type\":\"PropertyValueSpecification\",\"valueRequired\":true,\"valueName\":\"search_term_string\"}}],\"inLanguage\":\"tr\"}]}<\/script>\n<!-- \/ Yoast SEO Premium plugin. -->","yoast_head_json":{"title":"Yasal Uyar\u0131 - L&amp;L Products - Uygulama tekni\u011fi &amp; Malzeme bilimi","robots":{"index":"index","follow":"follow","max-snippet":"max-snippet:-1","max-image-preview":"max-image-preview:large","max-video-preview":"max-video-preview:-1"},"canonical":"https:\/\/www.llproducts.com\/tr-tr\/yasal-uyari\/","og_locale":"tr_TR","og_type":"article","og_title":"Yasal Uyar\u0131","og_description":"Yasal Uyar\u0131 D\u00fczenleyicisi:\u00a0\u00a0L&amp;L Products, Inc.160 McLean DriveRomeo, MI 48065Abd Telefon:\u00a0+1 586 336 1700Faks: +1 586 336 1699webmaster@llproducts.comBa\u015fkan: John BabiMichigan'da\u00a0kimlik\u00a0numaras\u0131\u00a0ile\u00a0anonim\u00a0\u015firket: 800123505Yay\u0131n\u00a0Y\u00f6netmeni:\u00a0Andrea Smith, Global Market Communication Manager Webhosting:\u00a0Bu web sitesi Basso Marketing Agency taraf\u0131ndan bar\u0131nd\u0131r\u0131lan Kullan\u0131m\u00a0ko\u015fullar\u0131:\u00a0\u00a0 \u00a0 Bu web sitesinde yer alan t\u00fcm bilgilerin, i\u00e7eri\u011fin web sitesine y\u00fcklendi\u011fi tarihte do\u011fru ve g\u00fcncel oldu\u011funa inan\u0131lmaktad\u0131r. \u0130\u00e7erik herhangi bir zamanda haber verilmeden de\u011fi\u015ftirilebilir. Bu web sitesinde bulunan bilgiler \"oldu\u011fu gibi\" sa\u011flan\u0131r ve yasalar\u0131n izin verdi\u011fi \u00f6l\u00e7\u00fcde, herhangi bir garanti olmaks\u0131z\u0131n sa\u011flan\u0131r, a\u00e7\u0131k veya z\u0131mni, ancak herhangi bir z\u0131mni garanti ler de dahil ancak bunlarla s\u0131n\u0131rl\u0131 olmamak \u00fczere herhangi bir tasnif, belirli bir amaca uygunluk veya fikri m\u00fclkiyetihlali olmayan. \u00dcr\u00fcnleri ve \u00e7\u00f6z\u00fcmleri kullan\u0131m ama\u00e7lar\u0131na g\u00f6re ba\u011f\u0131ms\u0131z olarak test etmeniz ve de\u011ferlendirmeniz \u00f6nerilir. Web sayfalar\u0131m\u0131z\u0131n i\u00e7eri\u011fi son derece \u00f6zenle olu\u015fturulmu\u015ftur. Ancak, do\u011frulu\u011fu, b\u00fct\u00fcnl\u00fc\u011f\u00fc veya g\u00fcncelli\u011fini garanti edemeyiz. Bu web sitesinin t\u00fcm i\u00e7eri\u011finin telif hakk\u0131 sakl\u0131d\u0131r. Web sitemizin herhangi bir i\u00e7eri\u011finin her t\u00fcrl\u00fc kullan\u0131m\u0131, \u00e7o\u011falt\u0131lmas\u0131 ve\/veya de\u011fi\u015ftirilmesi \u00f6nceden onay\u0131m\u0131z\u0131 gerektirir. Ancak, ki\u015fisel kullan\u0131m\u0131n\u0131z i\u00e7in bu web sitesinin herhangi bir web sayfas\u0131n\u0131 y\u00fckleyebilir veya yazd\u0131rabilirsiniz. T\u00fcm\u00a0\u00fcr\u00fcn\u00a0adlar\u0131\u00a0L&amp;L\u00a0\u00dcr\u00fcnlerinin\u00a0veya\u00a0ba\u011fl\u0131\u00a0kurulu\u015flar\u0131n\u0131n\u00a0ticari\u00a0markalar\u0131d\u0131r. Aksi\u00a0belirtilmedik\u00e7e,\u00a0bu\u00a0ticari\u00a0markalar\u0131n\u00a0veya\u00a0bu\u00a0web\u00a0sitesinin\u00a0di\u011fer\u00a0i\u00e7eriklerinin\u00a0kullan\u0131m\u0131\u00a0veya\u00a0k\u00f6t\u00fcye\u00a0kullan\u0131m\u0131\u00a0fikri\u00a0m\u00fclkiyet\u00a0haklar\u0131m\u0131z\u0131\u00a0ihlal\u00a0edebilir. Bu web sitesi, \u00fc\u00e7\u00fcnc\u00fc taraflar\u0131n web sayfalar\u0131na harici ba\u011flant\u0131lar i\u00e7erebilir. Bu web siteleri L&amp;L Products, Inc.'in kontrol\u00fc alt\u0131nda de\u011fildir ve i\u00e7erikleriyle ilgili her t\u00fcrl\u00fc sorumluluktan feragat ediyoruz. Harici web sitelerine yap\u0131lan [&hellip;]","og_url":"https:\/\/www.llproducts.com\/tr-tr\/yasal-uyari\/","og_site_name":"L&amp;L Products - Uygulama tekni\u011fi &amp; Malzeme bilimi","article_modified_time":"2025-09-30T17:42:20+00:00","twitter_card":"summary_large_image","twitter_misc":{"Est. reading time":"2 dakika"},"schema":{"@context":"https:\/\/schema.org","@graph":[{"@type":"WebPage","@id":"https:\/\/www.llproducts.com\/tr-tr\/yasal-uyari\/","url":"https:\/\/www.llproducts.com\/tr-tr\/yasal-uyari\/","name":"Yasal Uyar\u0131 - L&amp;L Products - Uygulama tekni\u011fi &amp; Malzeme bilimi","isPartOf":{"@id":"https:\/\/www.llproducts.com\/tr-tr\/#website"},"datePublished":"2024-10-21T14:46:39+00:00","dateModified":"2025-09-30T17:42:20+00:00","breadcrumb":{"@id":"https:\/\/www.llproducts.com\/tr-tr\/yasal-uyari\/#breadcrumb"},"inLanguage":"tr","potentialAction":[{"@type":"ReadAction","target":["https:\/\/www.llproducts.com\/tr-tr\/yasal-uyari\/"]}]},{"@type":"BreadcrumbList","@id":"https:\/\/www.llproducts.com\/tr-tr\/yasal-uyari\/#breadcrumb","itemListElement":[{"@type":"ListItem","position":1,"name":"Home","item":"https:\/\/www.llproducts.com\/tr-tr\/"},{"@type":"ListItem","position":2,"name":"Yasal Uyar\u0131"}]},{"@type":"WebSite","@id":"https:\/\/www.llproducts.com\/tr-tr\/#website","url":"https:\/\/www.llproducts.com\/tr-tr\/","name":"L&amp;L Products - Uygulama tekni\u011fi &amp; Malzeme bilimi","description":"","potentialAction":[{"@type":"SearchAction","target":{"@type":"EntryPoint","urlTemplate":"https:\/\/www.llproducts.com\/tr-tr\/?s={search_term_string}"},"query-input":{"@type":"PropertyValueSpecification","valueRequired":true,"valueName":"search_term_string"}}],"inLanguage":"tr"}]}},"_links":{"self":[{"href":"https:\/\/www.llproducts.com\/tr-tr\/wp-json\/wp\/v2\/pages\/9882","targetHints":{"allow":["GET"]}}],"collection":[{"href":"https:\/\/www.llproducts.com\/tr-tr\/wp-json\/wp\/v2\/pages"}],"about":[{"href":"https:\/\/www.llproducts.com\/tr-tr\/wp-json\/wp\/v2\/types\/page"}],"author":[{"embeddable":true,"href":"https:\/\/www.llproducts.com\/tr-tr\/wp-json\/wp\/v2\/users\/1"}],"replies":[{"embeddable":true,"href":"https:\/\/www.llproducts.com\/tr-tr\/wp-json\/wp\/v2\/comments?post=9882"}],"version-history":[{"count":0,"href":"https:\/\/www.llproducts.com\/tr-tr\/wp-json\/wp\/v2\/pages\/9882\/revisions"}],"wp:attachment":[{"href":"https:\/\/www.llproducts.com\/tr-tr\/wp-json\/wp\/v2\/media?parent=9882"}],"curies":[{"name":"wp","href":"https:\/\/api.w.org\/{rel}","templated":true}]}}