{"id":9883,"date":"2024-10-21T14:52:23","date_gmt":"2024-10-21T14:52:23","guid":{"rendered":"https:\/\/llproducts1.wpenginepowered.com\/tr-tr\/?page_id=9883"},"modified":"2026-02-17T19:01:41","modified_gmt":"2026-02-17T19:01:41","slug":"sertifikalar","status":"publish","type":"page","link":"https:\/\/www.llproducts.com\/tr-tr\/sertifikalar\/","title":{"rendered":"Sertifikalar"},"content":{"rendered":"<p>[et_pb_section fb_built=&#8221;1&#8243; _builder_version=&#8221;4.27.0&#8243; _module_preset=&#8221;default&#8221; custom_padding=&#8221;0px||0px||false|false&#8221; global_colors_info=&#8221;{}&#8221;][et_pb_row _builder_version=&#8221;4.27.0&#8243; _module_preset=&#8221;default&#8221; width=&#8221;90%&#8221; global_colors_info=&#8221;{}&#8221;][et_pb_column type=&#8221;4_4&#8243; _builder_version=&#8221;4.27.0&#8243; _module_preset=&#8221;default&#8221; global_colors_info=&#8221;{}&#8221;][et_pb_sidebar area=&#8221;et_pb_widget_area_2&#8243; show_border=&#8221;off&#8221; module_class=&#8221;breadcrumbs&#8221; _builder_version=&#8221;4.27.0&#8243; _module_preset=&#8221;default&#8221; global_colors_info=&#8221;{}&#8221;][\/et_pb_sidebar][\/et_pb_column][\/et_pb_row][\/et_pb_section][et_pb_section fb_built=&#8221;1&#8243; _builder_version=&#8221;4.27.0&#8243; _module_preset=&#8221;default&#8221; global_colors_info=&#8221;{}&#8221;][et_pb_row _builder_version=&#8221;4.27.0&#8243; _module_preset=&#8221;default&#8221; global_colors_info=&#8221;{}&#8221;][et_pb_column type=&#8221;4_4&#8243; _builder_version=&#8221;4.27.0&#8243; _module_preset=&#8221;default&#8221; global_colors_info=&#8221;{}&#8221;][et_pb_text module_class=&#8221;inner-title&#8221; _builder_version=&#8221;4.27.3&#8243; _module_preset=&#8221;default&#8221; text_font=&#8221;|700|||||||&#8221; text_text_color=&#8221;#005DAA&#8221; header_2_font_size=&#8221;36px&#8221; header_2_line_height=&#8221;1.2em&#8221; background_color=&#8221;#FFFFFF&#8221; custom_margin=&#8221;||6em||false|false&#8221; animation_style=&#8221;slide&#8221; animation_direction=&#8221;right&#8221; animation_intensity_slide=&#8221;5%&#8221; global_colors_info=&#8221;{}&#8221;]<\/p>\n<h1>Sertifikalar<\/h1>\n<p>[\/et_pb_text][et_pb_text _builder_version=&#8221;4.27.3&#8243; _module_preset=&#8221;default&#8221; header_3_text_color=&#8221;#000000&#8243; custom_padding=&#8221;|2em||2em|false|false&#8221; custom_padding_tablet=&#8221;|0em||0em|false|false&#8221; custom_padding_phone=&#8221;|0em||0em|false|false&#8221; custom_padding_last_edited=&#8221;on|tablet&#8221; animation_style=&#8221;fade&#8221; global_colors_info=&#8221;{}&#8221;]<\/p>\n<div class=\"content-container content-container--indented\">\n<div id=\"c5621\" class=\"ce default ce-text\">\n<h3 class=\"h4 in-view\">K\u00fcresel<\/h3>\n<ul>\n<li style=\"list-style-type: none;\">\n<ul>\n<li><a href=\"\/wp-content\/uploads\/sites\/19\/2024\/10\/information_security_policy_v3_2024.pdf\" target=\"_blank\" rel=\"noopener\">Bilgi G\u00fcvenli\u011fi Politikas\u0131<\/a><\/li>\n<\/ul>\n<\/li>\n<\/ul>\n<h3 class=\"h4 in-view\">Amerika<\/h3>\n<p class=\"in-view\"><strong>Birle\u015fik Devletler Sertifikaland\u0131r\u0131lmas\u0131: Romeo Fabrikas\u0131<\/strong><\/p>\n<ul>\n<li style=\"list-style-type: none;\">\n<ul class=\"in-view\">\n<li><a href=\"https:\/\/www.llproducts.com\/wp-content\/uploads\/2025\/04\/ISO-9001-2015-March-2027.pdf\">ISO 9001: 2015 &#8211; March 2027<\/a><\/li>\n<li><a href=\"\/wp-content\/uploads\/sites\/19\/2024\/10\/llp_romeo_iatf16949_march_2027.pdf\" target=\"_blank\" rel=\"noopener\">IATF 16949 \u2013 March 2027<\/a><\/li>\n<li><a href=\"\/wp-content\/uploads\/sites\/19\/2024\/10\/iso_14001_2015_march_2027.pdf\" target=\"_blank\" rel=\"noopener\">ISO 14001 \u2013 Mart 2027<\/a><\/li>\n<li><a href=\"\/wp-content\/uploads\/sites\/19\/2024\/10\/romeo_iso_45001_cert_exp_2026.pdf\" target=\"_blank\" rel=\"noopener\">ISO 45001 \u2013 Kasim 2026<\/a><\/li>\n<li><a href=\"\/wp-content\/uploads\/2024\/12\/tisax_r__assessment_scope_s49k8w.pdf\" target=\"_blank\" rel=\"noopener\">TISAX\u00ae Assessment Scope S49K8W<\/a><\/li>\n<\/ul>\n<\/li>\n<\/ul>\n<p class=\"in-view\"><strong>Birle\u015fik Devletler Sertifikaland\u0131r\u0131lmas\u0131: Columbia Fabrikas\u0131<\/strong><\/p>\n<ul>\n<li style=\"list-style-type: none;\">\n<ul class=\"in-view\">\n<li><a href=\"\/wp-content\/uploads\/sites\/19\/2024\/10\/iatf_16949_llp_south_carolina_april_2027.pdf\" target=\"_blank\" rel=\"noopener\">IATF 16949 \u2013 Nisan 2027<\/a><\/li>\n<li><a href=\"\/wp-content\/uploads\/sites\/19\/2024\/11\/iso_45001_certification_llproducts_inc.pdf\" target=\"_blank\" rel=\"noopener\">ISO 45001 &#8211; Aralik 2027<\/a><\/li>\n<\/ul>\n<\/li>\n<\/ul>\n<p class=\"in-view\"><strong>Brezilya Sertifikaland\u0131r\u0131lmas\u0131:\u00a0 S\u00e3o Paulo Fabrikas\u0131<\/strong><\/p>\n<ul>\n<li style=\"list-style-type: none;\">\n<ul class=\"in-view\">\n<li><a href=\"\/wp-content\/uploads\/2024\/12\/iatf16949_august_2027_v2.pdf\" target=\"_blank\" rel=\"noopener\">IATF 16949 \u2013 Agustos 2027<\/a><\/li>\n<li><a href=\"\/wp-content\/uploads\/2024\/12\/iso9001_august_2027_v2.pdf\" target=\"_blank\" rel=\"noopener\">ISO 9001 \u2013 Agostos 2027<\/a><\/li>\n<li><a href=\"\/wp-content\/uploads\/2024\/12\/iso_14001_may_2027_v2.pdf\" target=\"_blank\" rel=\"noopener\">ISO 14001:2015 &#8211; Mayis 2027<\/a><\/li>\n<li><a href=\"https:\/\/www.llproducts.com\/wp-content\/uploads\/2025\/04\/TISAX\u00ae-Assessment-Scope-S3FYRZ.pdf\">TISAX\u00ae Assessment Scope S3FYRZ<\/a><\/li>\n<\/ul>\n<\/li>\n<\/ul>\n<h3 class=\"h4 in-view\">APAC<\/h3>\n<p class=\"in-view\"><strong>\u00c7in Sertifikaland\u0131r\u0131lmas\u0131: \u015eanghay Fabrikas\u0131<\/strong><\/p>\n<ul>\n<li style=\"list-style-type: none;\">\n<ul class=\"in-view\">\n<li><a href=\"\/wp-content\/uploads\/sites\/19\/2024\/10\/china_iatf_16949_june_2027.pdf\" target=\"_blank\" rel=\"noopener\">IATF 16949 \u2013 Haziran 2027<\/a><\/li>\n<li><a href=\"\/wp-content\/uploads\/sites\/19\/2024\/10\/china_iso14001_may_2027.pdf\" target=\"_blank\" rel=\"noopener\">ISO 14001 \u2013 Mayis 2027<\/a><\/li>\n<li><a href=\"https:\/\/www.llproducts.com\/wp-content\/uploads\/2026\/01\/China-ISO-45001-Certificate_May-2028.pdf\" target=\"_blank\" rel=\"noopener\">ISO 45001 &#8211; Mayis 2028<\/a><\/li>\n<li><a href=\"\/wp-content\/uploads\/sites\/19\/2024\/10\/china_as9100_may_2027.pdf\" target=\"_blank\" rel=\"noopener\">ISO 9001 &#8211; EN\/AS9100 \u00a0&#8211; May 2027<\/a><\/li>\n<li>\n<p class=\"p1\"><a href=\"https:\/\/www.llproducts.com\/wp-content\/uploads\/2025\/04\/TISAX\u00ae-Assessment-Scope-China.pdf\">TISAX\u00ae Assessment Scope SWF45W<\/a><\/p>\n<\/li>\n<\/ul>\n<\/li>\n<\/ul>\n<h3 class=\"h4 in-view\">IMEA<\/h3>\n<p class=\"in-view\"><strong>Hindistan Sertifikaland\u0131r\u0131lmas\u0131: Pune Fabrikas\u0131<\/strong><\/p>\n<ul>\n<li style=\"list-style-type: none;\">\n<ul class=\"in-view\">\n<li><a href=\"\/wp-content\/uploads\/sites\/19\/2024\/10\/india_iso_45001_may_2027.pdf\" target=\"_blank\" rel=\"noopener\">ISO 45001: 2018 &#8211; Mayis 2027<\/a><\/li>\n<li><a href=\"\/wp-content\/uploads\/sites\/19\/2024\/10\/llp_india_iatf_16949_nov_2026.pdf\" target=\"_blank\" rel=\"noopener\">IATF 16949 &#8211; November 2026<\/a><\/li>\n<li><a href=\"\/wp-content\/uploads\/sites\/19\/2024\/10\/india_iso_14001_may_2027.pdf\" target=\"_blank\" rel=\"noopener\">ISO 14001 &#8211; Mayis 2027<\/a><\/li>\n<li><a href=\"https:\/\/www.llproducts.com\/fileadmin\/user_upload\/2022_india_annual_return.pdf\" target=\"_blank\" rel=\"noopener\">Y\u0131ll\u0131k Getiri Hindistan<\/a><\/li>\n<li><a href=\"\/wp-content\/uploads\/sites\/19\/2024\/10\/intertek_certificate_january_2025.pdf\" target=\"_blank\" rel=\"noopener\">Intertek Certificate<\/a><\/li>\n<li><a title=\"Social Commitment Policy\" href=\"\/wp-content\/uploads\/sites\/19\/2024\/10\/social_commitment_policy__l_l_india_private_limited.pdf\">Sosyal Ba\u011fl\u0131l\u0131k Politikas\u0131 <\/a><\/li>\n<li><a href=\"\/wp-content\/uploads\/sites\/19\/2024\/10\/annual_return_2021-22.pdf\" target=\"_blank\" rel=\"noopener\">Y\u0131ll\u0131k Getiri Hindistan 2021-22<\/a><\/li>\n<li><a href=\"\/wp-content\/uploads\/sites\/19\/2024\/10\/annual_return_india_2022-23.pdf\" target=\"_blank\" rel=\"noopener\">Y\u0131ll\u0131k Getiri Hindistan 2022-23<\/a><\/li>\n<li><a href=\"https:\/\/www.llproducts.com\/wp-content\/uploads\/2025\/01\/Annual-Return-India_2023-24.pdf\" target=\"_blank\" rel=\"noopener\">Y\u0131ll\u0131k Getiri Hindistan 2023-24<\/a><\/li>\n<li><a href=\"https:\/\/www.llproducts.com\/wp-content\/uploads\/2026\/02\/Annual-Return-India_2024-25.pdf\">Y\u0131ll\u0131k Getiri Hindistan 2024-25<\/a><\/li>\n<\/ul>\n<\/li>\n<\/ul>\n<h3 class=\"h4 in-view\">Europe<\/h3>\n<ul>\n<li style=\"list-style-type: none;\">\n<ul class=\"in-view\">\n<li><a href=\"\/wp-content\/uploads\/sites\/19\/2024\/10\/europe_quality_of_products_policy_2024_en.pdf\" target=\"_blank\" rel=\"noopener\">Avrupa Kalite ve \u00dcr\u00fcn G\u00fcvenli\u011fi Politikas\u0131<\/a><\/li>\n<\/ul>\n<\/li>\n<\/ul>\n<p class=\"in-view\"><strong>Fransa Sertifikaland\u0131r\u0131lmas\u0131: Altorf Fabrikas\u0131<\/strong><\/p>\n<ul>\n<li style=\"list-style-type: none;\">\n<ul class=\"in-view\">\n<li><a href=\"\/wp-content\/uploads\/sites\/19\/2024\/10\/eu_iso9001_august_2027.pdf\" target=\"_blank\" rel=\"noopener\">ISO 9001 \u2013 A\u011fustos 2027<\/a><\/li>\n<li><a href=\"\/wp-content\/uploads\/sites\/19\/2024\/10\/eu_iatf_16949_august_2027.pdf\" target=\"_blank\" rel=\"noopener\">IATF 16949 \u2013 A\u011fustos 2027<\/a><\/li>\n<li><a href=\"\/wp-content\/uploads\/sites\/19\/2024\/10\/iso_14001_2015_llp_france_decemeber_2026.pdf\" target=\"_blank\" rel=\"noopener\">ISO 14001 \u2013 December 2026<\/a><\/li>\n<li><a href=\"\/wp-content\/uploads\/sites\/19\/2024\/10\/llp_france_as9100d_expires_feb_2027.pdf\" target=\"_blank\" rel=\"noopener\">AS\/EN 9100 \u2013 February 2027<\/a><\/li>\n<li><a href=\"\/wp-content\/uploads\/sites\/19\/2024\/10\/iso_45001_2018_llp_france_december_2026.pdf\" target=\"_blank\" rel=\"noopener\">ISO 45001:2018 &#8211; December 2026<\/a><\/li>\n<li><a href=\"https:\/\/www.excellence.alsace\/\" target=\"_blank\" rel=\"noopener noreferrer\">Alsace M\u00fckemmellik \u00d6d\u00fcl\u00fc<\/a><\/li>\n<li>\n<p class=\"p1\"><a href=\"https:\/\/www.llproducts.com\/wp-content\/uploads\/2025\/04\/TISAX-Certificate-LL-Products-Europe-SAS-20270503.pdf\">TISAX\u00ae Assessment Scope SYN0FT<\/a><\/p>\n<\/li>\n<\/ul>\n<\/li>\n<\/ul>\n<p class=\"in-view\"><strong>Almanya Sertifikaland\u0131r\u0131lmas\u0131: M\u00fcnih Sat\u0131\u015f Ofisi<\/strong><\/p>\n<ul>\n<li style=\"list-style-type: none;\">\n<ul class=\"in-view\">\n<li><a href=\"\/wp-content\/uploads\/sites\/19\/2024\/10\/eu_iso9001_august_2027-1.pdf\" target=\"_blank\" rel=\"noopener\">ISO 9001 \u2013\u00a0August 2027<\/a><\/li>\n<li><a href=\"\/wp-content\/uploads\/sites\/19\/2024\/10\/eu_iatf_16949_august_2027.pdf\/policies_certificates\/eu_iatf_16949_august_2027.pdf\" target=\"_blank\" rel=\"noopener\">IATF 16949 \u2013\u00a0August 2027<\/a><\/li>\n<li>\n<p class=\"p1\"><a href=\"https:\/\/www.llproducts.com\/wp-content\/uploads\/2025\/04\/TISAX-Certificate-LL-Products-Europe-GmbH-20270503.pdf\">TISAX\u00ae Assessment Scope SYN0FT<\/a><\/p>\n<\/li>\n<\/ul>\n<\/li>\n<\/ul>\n<p class=\"in-view\"><strong>\u00c7ekya Cumhuriyeti Sertifikaland\u0131r\u0131lmas\u0131: Rudna Fabrikas\u0131<\/strong><\/p>\n<ul>\n<li style=\"list-style-type: none;\">\n<ul class=\"in-view\">\n<li><a href=\"\/wp-content\/uploads\/sites\/19\/2024\/10\/llp_czech_iatf16949_jan_2027.pdf\" target=\"_blank\" rel=\"noopener\">IATF 16949 \u2013 January 2027<\/a><\/li>\n<li><a href=\"\/wp-content\/uploads\/sites\/19\/2024\/10\/czech_iso_14001_october_2027.pdf\" target=\"_blank\" rel=\"noopener\">ISO 14001 \u2013 October 2027<\/a><\/li>\n<li><a href=\"\/wp-content\/uploads\/sites\/19\/2024\/10\/llp_czech_is0_9001_jan_2027.pdf\" target=\"_blank\" rel=\"noopener\">ISO 9001 &#8211; January 2027<\/a><\/li>\n<li><a href=\"\/wp-content\/uploads\/sites\/19\/2024\/10\/czech_iso_45001_october_2027.pdf\" target=\"_blank\" rel=\"noopener\">ISO 45001 &#8211; October 2027<\/a><\/li>\n<li><a href=\"https:\/\/www.llproducts.com\/wp-content\/uploads\/2025\/09\/OEKO-TEX-Standard-100_Czech-Republic_August-2026.pdf\" target=\"_blank\" rel=\"noopener\">OEKO-TEX<span>\u00ae<\/span> Standard 100 &#8211; August 2026<\/a><\/li>\n<\/ul>\n<\/li>\n<\/ul>\n<p class=\"in-view\"><strong>T\u00fcrkiye Sertifikas\u0131: Bursa Fabrikas\u0131<\/strong><\/p>\n<ul>\n<li style=\"list-style-type: none;\">\n<ul class=\"in-view\">\n<li><a href=\"https:\/\/www.llproducts.com\/wp-content\/uploads\/2024\/10\/ll_tuerkiye_iatf_16949_april_2027.pdf\" target=\"_blank\" rel=\"noopener\">IATF 16949 \u2013 April 2027<\/a><\/li>\n<li><a href=\"https:\/\/www.llproducts.com\/wp-content\/uploads\/2026\/01\/LL-TURKIYE-ISO-45001_January-2029.pdf\" target=\"_blank\" rel=\"noopener\">ISO 45001 &#8211; January 2029<\/a><\/li>\n<li><a href=\"https:\/\/www.llproducts.com\/wp-content\/uploads\/2026\/01\/LL-TURKIYE-ISO-14001_January-2029.pdf\" target=\"_blank\" rel=\"noopener\">ISO 14001 &#8211; January 2029<\/a><\/li>\n<li><a href=\"\/wp-content\/uploads\/sites\/19\/2024\/10\/ll_tuerkiye_iso_9001_april_2027.pdf\" target=\"_blank\" rel=\"noopener\">ISO 9001 \u2013 April 2027<\/a><\/li>\n<li><a href=\"\/wp-content\/uploads\/sites\/19\/2024\/10\/quality_policy_turkish.pdf\" target=\"_blank\" rel=\"noopener\">Kalite Politikas\u0131<\/a><\/li>\n<li><a href=\"https:\/\/llproducts1.wpenginepowered.com\/wp-content\/uploads\/2025\/01\/hse_policy_turkish_2024.pdf\" target=\"_blank\" rel=\"noopener\">\u00c7GS Politikas\u0131<\/a><\/li>\n<li><a href=\"\/wp-content\/uploads\/sites\/19\/2024\/10\/green_energy_certificate_l_l_products_otomotiv.pdf\" target=\"_blank\" rel=\"noopener\">Ye\u015fil Enerji Sertifikas\u0131<\/a><\/li>\n<li><a href=\"https:\/\/www.llproducts.com\/wp-content\/uploads\/2025\/07\/LLP-Sustainable-Purchasing-Policy_2025_TR_Kurumsal-Surdurulebilir-Satin-Alma-Politikasi.pdf\"><span>Kurumsal S\u00fcrd\u00fcr\u00fclebilir\u00a0Sat\u0131n Alma Politikas\u0131<\/span><\/a><\/li>\n<\/ul>\n<\/li>\n<\/ul>\n<\/div>\n<\/div>\n<p>[\/et_pb_text][\/et_pb_column][\/et_pb_row][\/et_pb_section]<\/p>\n","protected":false},"excerpt":{"rendered":"<p>Sertifikalar K\u00fcresel Bilgi G\u00fcvenli\u011fi Politikas\u0131 Amerika Birle\u015fik Devletler Sertifikaland\u0131r\u0131lmas\u0131: Romeo Fabrikas\u0131 ISO 9001: 2015 &#8211; March 2027 IATF 16949 \u2013 March 2027 ISO 14001 \u2013 Mart 2027 ISO 45001 \u2013 Kasim 2026 TISAX\u00ae Assessment Scope S49K8W Birle\u015fik Devletler Sertifikaland\u0131r\u0131lmas\u0131: Columbia Fabrikas\u0131 IATF 16949 \u2013 Nisan 2027 ISO 45001 &#8211; Aralik 2027 Brezilya Sertifikaland\u0131r\u0131lmas\u0131:\u00a0 S\u00e3o Paulo Fabrikas\u0131 IATF 16949 \u2013 Agustos 2027 ISO 9001 \u2013 Agostos 2027 ISO 14001:2015 &#8211; Mayis 2027 TISAX\u00ae Assessment Scope S3FYRZ APAC \u00c7in Sertifikaland\u0131r\u0131lmas\u0131: \u015eanghay Fabrikas\u0131 IATF 16949 \u2013 Haziran 2027 ISO 14001 \u2013 Mayis 2027 ISO 45001 &#8211; Mayis 2028 ISO 9001 &#8211; EN\/AS9100 \u00a0&#8211; May 2027 TISAX\u00ae Assessment Scope SWF45W IMEA Hindistan Sertifikaland\u0131r\u0131lmas\u0131: Pune Fabrikas\u0131 ISO 45001: 2018 &#8211; Mayis 2027 IATF 16949 &#8211; November 2026 ISO 14001 &#8211; Mayis 2027 Y\u0131ll\u0131k Getiri Hindistan Intertek Certificate Sosyal Ba\u011fl\u0131l\u0131k Politikas\u0131 Y\u0131ll\u0131k Getiri Hindistan 2021-22 Y\u0131ll\u0131k Getiri Hindistan 2022-23 Y\u0131ll\u0131k Getiri Hindistan 2023-24 Y\u0131ll\u0131k Getiri Hindistan 2024-25 Europe Avrupa Kalite ve \u00dcr\u00fcn G\u00fcvenli\u011fi Politikas\u0131 Fransa Sertifikaland\u0131r\u0131lmas\u0131: Altorf Fabrikas\u0131 ISO 9001 \u2013 A\u011fustos 2027 IATF 16949 \u2013 A\u011fustos 2027 ISO 14001 \u2013 December 2026 AS\/EN 9100 \u2013 February 2027 ISO 45001:2018 &#8211; December 2026 Alsace M\u00fckemmellik \u00d6d\u00fcl\u00fc TISAX\u00ae Assessment Scope SYN0FT Almanya Sertifikaland\u0131r\u0131lmas\u0131: M\u00fcnih Sat\u0131\u015f Ofisi ISO [&hellip;]<\/p>\n","protected":false},"author":1,"featured_media":0,"parent":0,"menu_order":0,"comment_status":"closed","ping_status":"closed","template":"","meta":{"_acf_changed":false,"_et_pb_use_builder":"on","_et_pb_old_content":"","_et_gb_content_width":"","inline_featured_image":false,"footnotes":""},"class_list":["post-9883","page","type-page","status-publish","hentry"],"acf":[],"yoast_head":"<!-- This site is optimized with the Yoast SEO Premium plugin v27.3 (Yoast SEO v27.3) - https:\/\/yoast.com\/product\/yoast-seo-premium-wordpress\/ -->\n<title>Sertifikalar - L&amp;L Products - Uygulama tekni\u011fi &amp; Malzeme bilimi<\/title>\n<meta name=\"robots\" content=\"index, follow, max-snippet:-1, max-image-preview:large, max-video-preview:-1\" \/>\n<link rel=\"canonical\" href=\"https:\/\/www.llproducts.com\/tr-tr\/sertifikalar\/\" \/>\n<meta property=\"og:locale\" content=\"tr_TR\" \/>\n<meta property=\"og:type\" content=\"article\" \/>\n<meta property=\"og:title\" content=\"Sertifikalar\" \/>\n<meta property=\"og:description\" content=\"Sertifikalar K\u00fcresel Bilgi G\u00fcvenli\u011fi Politikas\u0131 Amerika Birle\u015fik Devletler Sertifikaland\u0131r\u0131lmas\u0131: Romeo Fabrikas\u0131 ISO 9001: 2015 - March 2027 IATF 16949 \u2013 March 2027 ISO 14001 \u2013 Mart 2027 ISO 45001 \u2013 Kasim 2026 TISAX\u00ae Assessment Scope S49K8W Birle\u015fik Devletler Sertifikaland\u0131r\u0131lmas\u0131: Columbia Fabrikas\u0131 IATF 16949 \u2013 Nisan 2027 ISO 45001 - Aralik 2027 Brezilya Sertifikaland\u0131r\u0131lmas\u0131:\u00a0 S\u00e3o Paulo Fabrikas\u0131 IATF 16949 \u2013 Agustos 2027 ISO 9001 \u2013 Agostos 2027 ISO 14001:2015 - Mayis 2027 TISAX\u00ae Assessment Scope S3FYRZ APAC \u00c7in Sertifikaland\u0131r\u0131lmas\u0131: \u015eanghay Fabrikas\u0131 IATF 16949 \u2013 Haziran 2027 ISO 14001 \u2013 Mayis 2027 ISO 45001 - Mayis 2028 ISO 9001 - EN\/AS9100 \u00a0- May 2027 TISAX\u00ae Assessment Scope SWF45W IMEA Hindistan Sertifikaland\u0131r\u0131lmas\u0131: Pune Fabrikas\u0131 ISO 45001: 2018 - Mayis 2027 IATF 16949 - November 2026 ISO 14001 - Mayis 2027 Y\u0131ll\u0131k Getiri Hindistan Intertek Certificate Sosyal Ba\u011fl\u0131l\u0131k Politikas\u0131 Y\u0131ll\u0131k Getiri Hindistan 2021-22 Y\u0131ll\u0131k Getiri Hindistan 2022-23 Y\u0131ll\u0131k Getiri Hindistan 2023-24 Y\u0131ll\u0131k Getiri Hindistan 2024-25 Europe Avrupa Kalite ve \u00dcr\u00fcn G\u00fcvenli\u011fi Politikas\u0131 Fransa Sertifikaland\u0131r\u0131lmas\u0131: Altorf Fabrikas\u0131 ISO 9001 \u2013 A\u011fustos 2027 IATF 16949 \u2013 A\u011fustos 2027 ISO 14001 \u2013 December 2026 AS\/EN 9100 \u2013 February 2027 ISO 45001:2018 - December 2026 Alsace M\u00fckemmellik \u00d6d\u00fcl\u00fc TISAX\u00ae Assessment Scope SYN0FT Almanya Sertifikaland\u0131r\u0131lmas\u0131: M\u00fcnih Sat\u0131\u015f Ofisi ISO [&hellip;]\" \/>\n<meta property=\"og:url\" content=\"https:\/\/www.llproducts.com\/tr-tr\/sertifikalar\/\" \/>\n<meta property=\"og:site_name\" content=\"L&amp;L Products - Uygulama tekni\u011fi &amp; Malzeme bilimi\" \/>\n<meta property=\"article:modified_time\" content=\"2026-02-17T19:01:41+00:00\" \/>\n<meta name=\"twitter:card\" content=\"summary_large_image\" \/>\n<meta name=\"twitter:label1\" content=\"Est. reading time\" \/>\n\t<meta name=\"twitter:data1\" content=\"2 dakika\" \/>\n<script type=\"application\/ld+json\" class=\"yoast-schema-graph\">{\"@context\":\"https:\\\/\\\/schema.org\",\"@graph\":[{\"@type\":\"WebPage\",\"@id\":\"https:\\\/\\\/www.llproducts.com\\\/tr-tr\\\/sertifikalar\\\/\",\"url\":\"https:\\\/\\\/www.llproducts.com\\\/tr-tr\\\/sertifikalar\\\/\",\"name\":\"Sertifikalar - L&amp;L Products - Uygulama tekni\u011fi &amp; Malzeme bilimi\",\"isPartOf\":{\"@id\":\"https:\\\/\\\/www.llproducts.com\\\/tr-tr\\\/#website\"},\"datePublished\":\"2024-10-21T14:52:23+00:00\",\"dateModified\":\"2026-02-17T19:01:41+00:00\",\"breadcrumb\":{\"@id\":\"https:\\\/\\\/www.llproducts.com\\\/tr-tr\\\/sertifikalar\\\/#breadcrumb\"},\"inLanguage\":\"tr\",\"potentialAction\":[{\"@type\":\"ReadAction\",\"target\":[\"https:\\\/\\\/www.llproducts.com\\\/tr-tr\\\/sertifikalar\\\/\"]}]},{\"@type\":\"BreadcrumbList\",\"@id\":\"https:\\\/\\\/www.llproducts.com\\\/tr-tr\\\/sertifikalar\\\/#breadcrumb\",\"itemListElement\":[{\"@type\":\"ListItem\",\"position\":1,\"name\":\"Home\",\"item\":\"https:\\\/\\\/www.llproducts.com\\\/tr-tr\\\/\"},{\"@type\":\"ListItem\",\"position\":2,\"name\":\"Sertifikalar\"}]},{\"@type\":\"WebSite\",\"@id\":\"https:\\\/\\\/www.llproducts.com\\\/tr-tr\\\/#website\",\"url\":\"https:\\\/\\\/www.llproducts.com\\\/tr-tr\\\/\",\"name\":\"L&amp;L Products - Uygulama tekni\u011fi &amp; Malzeme bilimi\",\"description\":\"\",\"potentialAction\":[{\"@type\":\"SearchAction\",\"target\":{\"@type\":\"EntryPoint\",\"urlTemplate\":\"https:\\\/\\\/www.llproducts.com\\\/tr-tr\\\/?s={search_term_string}\"},\"query-input\":{\"@type\":\"PropertyValueSpecification\",\"valueRequired\":true,\"valueName\":\"search_term_string\"}}],\"inLanguage\":\"tr\"}]}<\/script>\n<!-- \/ Yoast SEO Premium plugin. -->","yoast_head_json":{"title":"Sertifikalar - L&amp;L Products - Uygulama tekni\u011fi &amp; Malzeme bilimi","robots":{"index":"index","follow":"follow","max-snippet":"max-snippet:-1","max-image-preview":"max-image-preview:large","max-video-preview":"max-video-preview:-1"},"canonical":"https:\/\/www.llproducts.com\/tr-tr\/sertifikalar\/","og_locale":"tr_TR","og_type":"article","og_title":"Sertifikalar","og_description":"Sertifikalar K\u00fcresel Bilgi G\u00fcvenli\u011fi Politikas\u0131 Amerika Birle\u015fik Devletler Sertifikaland\u0131r\u0131lmas\u0131: Romeo Fabrikas\u0131 ISO 9001: 2015 - March 2027 IATF 16949 \u2013 March 2027 ISO 14001 \u2013 Mart 2027 ISO 45001 \u2013 Kasim 2026 TISAX\u00ae Assessment Scope S49K8W Birle\u015fik Devletler Sertifikaland\u0131r\u0131lmas\u0131: Columbia Fabrikas\u0131 IATF 16949 \u2013 Nisan 2027 ISO 45001 - Aralik 2027 Brezilya Sertifikaland\u0131r\u0131lmas\u0131:\u00a0 S\u00e3o Paulo Fabrikas\u0131 IATF 16949 \u2013 Agustos 2027 ISO 9001 \u2013 Agostos 2027 ISO 14001:2015 - Mayis 2027 TISAX\u00ae Assessment Scope S3FYRZ APAC \u00c7in Sertifikaland\u0131r\u0131lmas\u0131: \u015eanghay Fabrikas\u0131 IATF 16949 \u2013 Haziran 2027 ISO 14001 \u2013 Mayis 2027 ISO 45001 - Mayis 2028 ISO 9001 - EN\/AS9100 \u00a0- May 2027 TISAX\u00ae Assessment Scope SWF45W IMEA Hindistan Sertifikaland\u0131r\u0131lmas\u0131: Pune Fabrikas\u0131 ISO 45001: 2018 - Mayis 2027 IATF 16949 - November 2026 ISO 14001 - Mayis 2027 Y\u0131ll\u0131k Getiri Hindistan Intertek Certificate Sosyal Ba\u011fl\u0131l\u0131k Politikas\u0131 Y\u0131ll\u0131k Getiri Hindistan 2021-22 Y\u0131ll\u0131k Getiri Hindistan 2022-23 Y\u0131ll\u0131k Getiri Hindistan 2023-24 Y\u0131ll\u0131k Getiri Hindistan 2024-25 Europe Avrupa Kalite ve \u00dcr\u00fcn G\u00fcvenli\u011fi Politikas\u0131 Fransa Sertifikaland\u0131r\u0131lmas\u0131: Altorf Fabrikas\u0131 ISO 9001 \u2013 A\u011fustos 2027 IATF 16949 \u2013 A\u011fustos 2027 ISO 14001 \u2013 December 2026 AS\/EN 9100 \u2013 February 2027 ISO 45001:2018 - December 2026 Alsace M\u00fckemmellik \u00d6d\u00fcl\u00fc TISAX\u00ae Assessment Scope SYN0FT Almanya Sertifikaland\u0131r\u0131lmas\u0131: M\u00fcnih Sat\u0131\u015f Ofisi ISO [&hellip;]","og_url":"https:\/\/www.llproducts.com\/tr-tr\/sertifikalar\/","og_site_name":"L&amp;L Products - Uygulama tekni\u011fi &amp; Malzeme bilimi","article_modified_time":"2026-02-17T19:01:41+00:00","twitter_card":"summary_large_image","twitter_misc":{"Est. reading time":"2 dakika"},"schema":{"@context":"https:\/\/schema.org","@graph":[{"@type":"WebPage","@id":"https:\/\/www.llproducts.com\/tr-tr\/sertifikalar\/","url":"https:\/\/www.llproducts.com\/tr-tr\/sertifikalar\/","name":"Sertifikalar - L&amp;L Products - Uygulama tekni\u011fi &amp; Malzeme bilimi","isPartOf":{"@id":"https:\/\/www.llproducts.com\/tr-tr\/#website"},"datePublished":"2024-10-21T14:52:23+00:00","dateModified":"2026-02-17T19:01:41+00:00","breadcrumb":{"@id":"https:\/\/www.llproducts.com\/tr-tr\/sertifikalar\/#breadcrumb"},"inLanguage":"tr","potentialAction":[{"@type":"ReadAction","target":["https:\/\/www.llproducts.com\/tr-tr\/sertifikalar\/"]}]},{"@type":"BreadcrumbList","@id":"https:\/\/www.llproducts.com\/tr-tr\/sertifikalar\/#breadcrumb","itemListElement":[{"@type":"ListItem","position":1,"name":"Home","item":"https:\/\/www.llproducts.com\/tr-tr\/"},{"@type":"ListItem","position":2,"name":"Sertifikalar"}]},{"@type":"WebSite","@id":"https:\/\/www.llproducts.com\/tr-tr\/#website","url":"https:\/\/www.llproducts.com\/tr-tr\/","name":"L&amp;L Products - Uygulama tekni\u011fi &amp; Malzeme bilimi","description":"","potentialAction":[{"@type":"SearchAction","target":{"@type":"EntryPoint","urlTemplate":"https:\/\/www.llproducts.com\/tr-tr\/?s={search_term_string}"},"query-input":{"@type":"PropertyValueSpecification","valueRequired":true,"valueName":"search_term_string"}}],"inLanguage":"tr"}]}},"_links":{"self":[{"href":"https:\/\/www.llproducts.com\/tr-tr\/wp-json\/wp\/v2\/pages\/9883","targetHints":{"allow":["GET"]}}],"collection":[{"href":"https:\/\/www.llproducts.com\/tr-tr\/wp-json\/wp\/v2\/pages"}],"about":[{"href":"https:\/\/www.llproducts.com\/tr-tr\/wp-json\/wp\/v2\/types\/page"}],"author":[{"embeddable":true,"href":"https:\/\/www.llproducts.com\/tr-tr\/wp-json\/wp\/v2\/users\/1"}],"replies":[{"embeddable":true,"href":"https:\/\/www.llproducts.com\/tr-tr\/wp-json\/wp\/v2\/comments?post=9883"}],"version-history":[{"count":0,"href":"https:\/\/www.llproducts.com\/tr-tr\/wp-json\/wp\/v2\/pages\/9883\/revisions"}],"wp:attachment":[{"href":"https:\/\/www.llproducts.com\/tr-tr\/wp-json\/wp\/v2\/media?parent=9883"}],"curies":[{"name":"wp","href":"https:\/\/api.w.org\/{rel}","templated":true}]}}